{"id":2527,"date":"2022-03-10T10:13:47","date_gmt":"2022-03-10T03:13:47","guid":{"rendered":"https:\/\/imrovietnam.com\/?post_type=product&#038;p=2527"},"modified":"2022-03-13T16:37:36","modified_gmt":"2022-03-13T09:37:36","slug":"bi-thep-stainless-steel-ball","status":"publish","type":"product","link":"https:\/\/imrovietnam.com\/en\/product\/bi-thep-stainless-steel-ball\/","title":{"rendered":"STAINLESS STEEL BALL"},"content":{"rendered":"<table style=\"width: 100%;\" width=\"100%\" cellspacing=\"1\" cellpadding=\"3\" bgcolor=\"#e8e8e8\">\n<tbody>\n<tr class=\"firstRow\" bgcolor=\"#ffffff\">\n<td style=\"width: 98.9584%;\" colspan=\"9\" align=\"center\" valign=\"middle\" bgcolor=\"#e8e8e8\" height=\"30px\"><strong>Stainless steel ball<\/strong><\/td>\n<\/tr>\n<tr bgcolor=\"#ffffff\">\n<td style=\"width: 14.7917%;\" colspan=\"2\" align=\"left\" valign=\"middle\">1.Material<\/td>\n<td style=\"width: 84.1667%;\" colspan=\"7\" align=\"left\" valign=\"middle\" height=\"30px\">AISI304\/SUS304\/Wks1.4301<\/td>\n<\/tr>\n<tr bgcolor=\"#ffffff\">\n<td style=\"width: 14.7917%;\" colspan=\"2\" align=\"left\" valign=\"middle\">2.Size Range<\/td>\n<td style=\"width: 84.1667%;\" colspan=\"7\" align=\"left\" valign=\"middle\">1mm-180mm<\/td>\n<\/tr>\n<tr bgcolor=\"#ffffff\">\n<td style=\"width: 14.7917%;\" colspan=\"2\" align=\"left\" valign=\"middle\">3.Grade<\/td>\n<td style=\"width: 84.1667%;\" colspan=\"7\" align=\"left\" valign=\"middle\" height=\"30px\">G100-1000<\/td>\n<\/tr>\n<tr bgcolor=\"#ffffff\">\n<td style=\"width: 14.7917%;\" colspan=\"2\" align=\"left\" valign=\"middle\">4.Hardness<\/td>\n<td style=\"width: 84.1667%;\" colspan=\"7\" align=\"left\" valign=\"middle\" height=\"30px\">25-39HRC<\/td>\n<\/tr>\n<tr bgcolor=\"#ffffff\">\n<td style=\"width: 14.7917%;\" colspan=\"2\" align=\"left\" valign=\"middle\" height=\"60px\">5.Characteristic<\/td>\n<td style=\"width: 84.1667%;\" colspan=\"7\" align=\"left\" valign=\"middle\" height=\"60px\">(a)Good resistance to corrosion<br \/>\n(b)Apply in where material toughness and resistance to corrosion are more important than hardness<br \/>\n(c)Good corrosion resistance in the food environment, oxidizing solutions and most organic chemicals<\/td>\n<\/tr>\n<tr bgcolor=\"#ffffff\">\n<td style=\"width: 14.7917%;\" colspan=\"2\" align=\"left\" valign=\"middle\">6.Magnetic<\/td>\n<td style=\"width: 84.1667%;\" colspan=\"7\" align=\"left\" valign=\"middle\" height=\"30px\">little<\/td>\n<\/tr>\n<tr bgcolor=\"#ffffff\">\n<td style=\"width: 14.7917%;\" colspan=\"2\" align=\"left\" valign=\"middle\">7.Application<\/td>\n<td style=\"width: 84.1667%;\" colspan=\"7\" align=\"left\" valign=\"middle\" height=\"50px\">Valves, finger pumps, locks, bikes, rails<br \/>\nAggressive applications without mechanical efforts<\/td>\n<\/tr>\n<tr bgcolor=\"#ffffff\">\n<td style=\"width: 98.9584%;\" colspan=\"9\" align=\"left\" valign=\"middle\" height=\"30px\">8.Chemical composition<\/td>\n<\/tr>\n<tr bgcolor=\"#ffffff\">\n<td style=\"width: 7.70833%;\" align=\"center\" valign=\"middle\"><\/td>\n<td style=\"width: 7.08333%;\" align=\"center\" valign=\"middle\">C%<\/td>\n<td style=\"width: 10.8333%;\" align=\"center\" valign=\"middle\">Si%<\/td>\n<td style=\"width: 12.2917%;\" align=\"center\" valign=\"middle\">Mn%<\/td>\n<td style=\"width: 10.8333%;\" align=\"center\" valign=\"middle\">Cr%<\/td>\n<td style=\"width: 10.8333%;\" align=\"center\" valign=\"middle\">Ni%<\/td>\n<td style=\"width: 13.2292%;\" align=\"center\" valign=\"middle\">P%<\/td>\n<td style=\"width: 13.2292%;\" align=\"center\" valign=\"middle\">S%<\/td>\n<td style=\"width: 12.9167%;\" align=\"center\" valign=\"middle\" width=\"116\">N%<\/td>\n<\/tr>\n<tr bgcolor=\"#ffffff\">\n<td style=\"width: 7.70833%;\" align=\"center\" valign=\"middle\">min.<\/td>\n<td style=\"width: 7.08333%;\" align=\"center\" valign=\"middle\">&#8212;<\/td>\n<td style=\"width: 10.8333%;\" align=\"center\" valign=\"middle\">&#8212;<\/td>\n<td style=\"width: 12.2917%;\" align=\"center\" valign=\"middle\">&#8212;<\/td>\n<td style=\"width: 10.8333%;\" align=\"center\" valign=\"middle\">17.0<\/td>\n<td style=\"width: 10.8333%;\" align=\"center\" valign=\"middle\">8.0<\/td>\n<td style=\"width: 13.2292%;\" align=\"center\" valign=\"middle\">&#8212;<\/td>\n<td style=\"width: 13.2292%;\" align=\"center\" valign=\"middle\">&#8212;<\/td>\n<td style=\"width: 12.9167%;\" align=\"center\" valign=\"middle\" width=\"116\">&#8212;<\/td>\n<\/tr>\n<tr bgcolor=\"#ffffff\">\n<td style=\"width: 7.70833%;\" align=\"center\" valign=\"middle\">max.<\/td>\n<td style=\"width: 7.08333%;\" align=\"center\" valign=\"middle\">0.07<\/td>\n<td style=\"width: 10.8333%;\" align=\"center\" valign=\"middle\">1.00<\/td>\n<td style=\"width: 12.2917%;\" align=\"center\" valign=\"middle\">2.00<\/td>\n<td style=\"width: 10.8333%;\" align=\"center\" valign=\"middle\">19.5<\/td>\n<td style=\"width: 10.8333%;\" align=\"center\" valign=\"middle\">10.5<\/td>\n<td style=\"width: 13.2292%;\" align=\"center\" valign=\"middle\">0.045<\/td>\n<td style=\"width: 13.2292%;\" align=\"center\" valign=\"middle\">0.015<\/td>\n<td style=\"width: 12.9167%;\" align=\"center\" valign=\"middle\" width=\"116\">0.11<\/td>\n<\/tr>\n<tr bgcolor=\"#ffffff\">\n<td style=\"width: 14.7917%;\" colspan=\"2\" align=\"left\" valign=\"middle\">9.Packing<\/td>\n<td style=\"width: 84.1667%;\" colspan=\"7\" align=\"left\" valign=\"middle\" height=\"30px\">Standard: 10kg or 20kg per carton,1 ton per pallet or as customer required<\/td>\n<\/tr>\n<tr bgcolor=\"#ffffff\">\n<td style=\"width: 14.7917%;\" colspan=\"2\" align=\"left\" valign=\"middle\">10.Conditioning<\/td>\n<td style=\"width: 84.1667%;\" colspan=\"7\" align=\"left\" valign=\"middle\" height=\"30px\">dry or oiled<\/td>\n<\/tr>\n<tr bgcolor=\"#ffffff\">\n<td style=\"width: 14.7917%;\" colspan=\"2\" align=\"left\" valign=\"middle\">11.Lead time<\/td>\n<td style=\"width: 84.1667%;\" colspan=\"7\" align=\"left\" valign=\"middle\" height=\"30px\">Based on q&#8217;ty. Cap 10Mpcs\/month<\/td>\n<\/tr>\n<\/tbody>\n<\/table>\n<div class=\"detailtitle\">Standard packing:<\/div>\n<div><\/div>\n<div><img loading=\"lazy\" decoding=\"async\" class=\"alignnone size-full wp-image-2530\" src=\"https:\/\/imrovietnam.com\/wp-content\/uploads\/2022\/03\/Standard-packing.jpg\" alt=\"\" width=\"711\" height=\"156\" srcset=\"https:\/\/imrovietnam.com\/wp-content\/uploads\/2022\/03\/Standard-packing.jpg 711w, https:\/\/imrovietnam.com\/wp-content\/uploads\/2022\/03\/Standard-packing-510x112.jpg 510w\" sizes=\"auto, (max-width: 711px) 100vw, 711px\" \/><\/div>","protected":false},"excerpt":{"rendered":"<p>Ball of material aisi304 is the most versatile of steel balls. It is used for applications where material toughness and resistance to corrosion are more important than hardness. AISI304L has a higher corrosion resistance than AISI304. It is easily to welds and has an excellent performance of polishing. Non-magnetic properties available according to your requirement<\/p>\n","protected":false},"featured_media":2528,"comment_status":"open","ping_status":"closed","template":"","meta":[],"product_brand":[],"product_cat":[44],"product_tag":[402,404,405,410,411,403,409,408,407,406,413,412],"class_list":{"0":"post-2527","1":"product","2":"type-product","3":"status-publish","4":"has-post-thumbnail","6":"product_cat-vat-tu-co-khi-gia-cong-co-khi-chinh-xac","7":"product_tag-bi","8":"product_tag-bi-sat","9":"product_tag-bi-thep","10":"product_tag-o-khoa","11":"product_tag-ray-truot","12":"product_tag-sat","13":"product_tag-stainless-steel-ball","14":"product_tag-steel-ball","15":"product_tag-suj2","16":"product_tag-sus","17":"product_tag-van","18":"product_tag-vong-bi","20":"first","21":"instock","22":"shipping-taxable","23":"product-type-simple"},"yoast_head":"<!-- This site is optimized with the Yoast SEO Premium plugin v25.0 (Yoast SEO v25.2) - https:\/\/yoast.com\/wordpress\/plugins\/seo\/ -->\n<title>STAINLESS STEEL BALL - IMRO Vietnam<\/title>\n<meta name=\"robots\" content=\"index, follow, max-snippet:-1, max-image-preview:large, max-video-preview:-1\" \/>\n<link rel=\"canonical\" href=\"https:\/\/imrovietnam.com\/product\/bi-thep-stainless-steel-ball\/\" \/>\n<meta property=\"og:locale\" content=\"en_US\" \/>\n<meta property=\"og:type\" content=\"article\" \/>\n<meta property=\"og:title\" content=\"[:vi]Bi th\u00e9p \/ STAINLESS STEEL BALL[:en]STAINLESS STEEL BALL[:]\" \/>\n<meta property=\"og:description\" content=\"[:vi]Bi l\u00e0m t\u1eeb AISI 304 l\u00e0 lo\u1ea1i th\u00e9p kh\u00f4ng g\u1ec9 c\u00f3 ch\u1ee9a 18% Crom v\u00e0 8% Niken. \u0110\u00e2y l\u00e0 lo\u1ea1i th\u00e9p Austenit linh ho\u1ea1t v\u00e0 ch\u1ec9 ph\u1ea3n \u1ee9ng nh\u1eb9 v\u1edbi t\u1eeb tr\u01b0\u1eddng, do \u0111\u00f3 n\u00f3 l\u00e0 lo\u1ea1i th\u00e9p \u0111\u01b0\u1ee3c s\u1eed d\u1ee5ng ph\u1ed5 bi\u1ebfn nh\u1ea5t. Kh\u1ea3 n\u0103ng ch\u1ed1ng \u0103n m\u00f2n t\u1ed1t.[:en]Ball of material aisi304 is the most versatile of steel balls. It is used for applications where material toughness and resistance to corrosion are more important than hardness. AISI304L has a higher corrosion resistance than AISI304. It is easily to welds and has an excellent performance of polishing. Non-magnetic properties available according to your requirement[:]\" \/>\n<meta property=\"og:url\" content=\"https:\/\/imrovietnam.com\/product\/bi-thep-stainless-steel-ball\/\" \/>\n<meta property=\"og:site_name\" content=\"IMRO Vietnam\" \/>\n<meta property=\"article:modified_time\" content=\"2022-03-13T09:37:36+00:00\" \/>\n<meta property=\"og:image\" content=\"https:\/\/imrovietnam.com\/wp-content\/uploads\/2022\/03\/bi-thep-steel-ball.jpg\" \/>\n\t<meta property=\"og:image:width\" content=\"660\" \/>\n\t<meta property=\"og:image:height\" content=\"450\" \/>\n\t<meta property=\"og:image:type\" content=\"image\/jpeg\" \/>\n<meta name=\"twitter:card\" content=\"summary_large_image\" \/>\n<meta name=\"twitter:label1\" content=\"Est. reading time\" \/>\n\t<meta name=\"twitter:data1\" content=\"1 minute\" \/>\n<script type=\"application\/ld+json\" class=\"yoast-schema-graph\">{\"@context\":\"https:\/\/schema.org\",\"@graph\":[{\"@type\":\"WebPage\",\"@id\":\"https:\/\/imrovietnam.com\/product\/bi-thep-stainless-steel-ball\/\",\"url\":\"https:\/\/imrovietnam.com\/product\/bi-thep-stainless-steel-ball\/\",\"name\":\"[:vi]Bi th\u00e9p \/ STAINLESS STEEL BALL[:en]STAINLESS STEEL BALL[:] - IMRO Vietnam\",\"isPartOf\":{\"@id\":\"https:\/\/imrovietnam.com\/en\/#website\"},\"primaryImageOfPage\":{\"@id\":\"https:\/\/imrovietnam.com\/product\/bi-thep-stainless-steel-ball\/#primaryimage\"},\"image\":{\"@id\":\"https:\/\/imrovietnam.com\/product\/bi-thep-stainless-steel-ball\/#primaryimage\"},\"thumbnailUrl\":\"https:\/\/imrovietnam.com\/wp-content\/uploads\/2022\/03\/bi-thep-steel-ball.jpg\",\"datePublished\":\"2022-03-10T03:13:47+00:00\",\"dateModified\":\"2022-03-13T09:37:36+00:00\",\"breadcrumb\":{\"@id\":\"https:\/\/imrovietnam.com\/product\/bi-thep-stainless-steel-ball\/#breadcrumb\"},\"inLanguage\":\"en-US\",\"potentialAction\":[{\"@type\":\"ReadAction\",\"target\":[\"https:\/\/imrovietnam.com\/product\/bi-thep-stainless-steel-ball\/\"]}]},{\"@type\":\"ImageObject\",\"inLanguage\":\"en-US\",\"@id\":\"https:\/\/imrovietnam.com\/product\/bi-thep-stainless-steel-ball\/#primaryimage\",\"url\":\"https:\/\/imrovietnam.com\/wp-content\/uploads\/2022\/03\/bi-thep-steel-ball.jpg\",\"contentUrl\":\"https:\/\/imrovietnam.com\/wp-content\/uploads\/2022\/03\/bi-thep-steel-ball.jpg\",\"width\":660,\"height\":450,\"caption\":\"bi thep - steel ball\"},{\"@type\":\"BreadcrumbList\",\"@id\":\"https:\/\/imrovietnam.com\/product\/bi-thep-stainless-steel-ball\/#breadcrumb\",\"itemListElement\":[{\"@type\":\"ListItem\",\"position\":1,\"name\":\"Home\",\"item\":\"https:\/\/imrovietnam.com\/en\/\"},{\"@type\":\"ListItem\",\"position\":2,\"name\":\"S\u1ea3n ph\u1ea9m\",\"item\":\"https:\/\/imrovietnam.com\/shop\/\"},{\"@type\":\"ListItem\",\"position\":3,\"name\":\"Bi th\u00e9p \/ STAINLESS STEEL BALL\"}]},{\"@type\":\"WebSite\",\"@id\":\"https:\/\/imrovietnam.com\/en\/#website\",\"url\":\"https:\/\/imrovietnam.com\/en\/\",\"name\":\"IMRO Vietnam\",\"description\":\"Your consumables and spare parts store\",\"potentialAction\":[{\"@type\":\"SearchAction\",\"target\":{\"@type\":\"EntryPoint\",\"urlTemplate\":\"https:\/\/imrovietnam.com\/en\/?s={search_term_string}\"},\"query-input\":{\"@type\":\"PropertyValueSpecification\",\"valueRequired\":true,\"valueName\":\"search_term_string\"}}],\"inLanguage\":\"en-US\"}]}<\/script>\n<!-- \/ Yoast SEO Premium plugin. -->","yoast_head_json":{"title":"[:vi]Bi th\u00e9p \/ STAINLESS STEEL BALL[:en]STAINLESS STEEL BALL[:] - IMRO Vietnam","robots":{"index":"index","follow":"follow","max-snippet":"max-snippet:-1","max-image-preview":"max-image-preview:large","max-video-preview":"max-video-preview:-1"},"canonical":"https:\/\/imrovietnam.com\/product\/bi-thep-stainless-steel-ball\/","og_locale":"en_US","og_type":"article","og_title":"[:vi]Bi th\u00e9p \/ STAINLESS STEEL BALL[:en]STAINLESS STEEL BALL[:]","og_description":"[:vi]Bi l\u00e0m t\u1eeb AISI 304 l\u00e0 lo\u1ea1i th\u00e9p kh\u00f4ng g\u1ec9 c\u00f3 ch\u1ee9a 18% Crom v\u00e0 8% Niken. \u0110\u00e2y l\u00e0 lo\u1ea1i th\u00e9p Austenit linh ho\u1ea1t v\u00e0 ch\u1ec9 ph\u1ea3n \u1ee9ng nh\u1eb9 v\u1edbi t\u1eeb tr\u01b0\u1eddng, do \u0111\u00f3 n\u00f3 l\u00e0 lo\u1ea1i th\u00e9p \u0111\u01b0\u1ee3c s\u1eed d\u1ee5ng ph\u1ed5 bi\u1ebfn nh\u1ea5t. Kh\u1ea3 n\u0103ng ch\u1ed1ng \u0103n m\u00f2n t\u1ed1t.[:en]Ball of material aisi304 is the most versatile of steel balls. It is used for applications where material toughness and resistance to corrosion are more important than hardness. AISI304L has a higher corrosion resistance than AISI304. It is easily to welds and has an excellent performance of polishing. Non-magnetic properties available according to your requirement[:]","og_url":"https:\/\/imrovietnam.com\/product\/bi-thep-stainless-steel-ball\/","og_site_name":"IMRO Vietnam","article_modified_time":"2022-03-13T09:37:36+00:00","og_image":[{"width":660,"height":450,"url":"https:\/\/imrovietnam.com\/wp-content\/uploads\/2022\/03\/bi-thep-steel-ball.jpg","type":"image\/jpeg"}],"twitter_card":"summary_large_image","twitter_misc":{"Est. reading time":"1 minute"},"schema":{"@context":"https:\/\/schema.org","@graph":[{"@type":"WebPage","@id":"https:\/\/imrovietnam.com\/product\/bi-thep-stainless-steel-ball\/","url":"https:\/\/imrovietnam.com\/product\/bi-thep-stainless-steel-ball\/","name":"[:vi]Bi th\u00e9p \/ STAINLESS STEEL BALL[:en]STAINLESS STEEL BALL[:] - IMRO Vietnam","isPartOf":{"@id":"https:\/\/imrovietnam.com\/en\/#website"},"primaryImageOfPage":{"@id":"https:\/\/imrovietnam.com\/product\/bi-thep-stainless-steel-ball\/#primaryimage"},"image":{"@id":"https:\/\/imrovietnam.com\/product\/bi-thep-stainless-steel-ball\/#primaryimage"},"thumbnailUrl":"https:\/\/imrovietnam.com\/wp-content\/uploads\/2022\/03\/bi-thep-steel-ball.jpg","datePublished":"2022-03-10T03:13:47+00:00","dateModified":"2022-03-13T09:37:36+00:00","breadcrumb":{"@id":"https:\/\/imrovietnam.com\/product\/bi-thep-stainless-steel-ball\/#breadcrumb"},"inLanguage":"en-US","potentialAction":[{"@type":"ReadAction","target":["https:\/\/imrovietnam.com\/product\/bi-thep-stainless-steel-ball\/"]}]},{"@type":"ImageObject","inLanguage":"en-US","@id":"https:\/\/imrovietnam.com\/product\/bi-thep-stainless-steel-ball\/#primaryimage","url":"https:\/\/imrovietnam.com\/wp-content\/uploads\/2022\/03\/bi-thep-steel-ball.jpg","contentUrl":"https:\/\/imrovietnam.com\/wp-content\/uploads\/2022\/03\/bi-thep-steel-ball.jpg","width":660,"height":450,"caption":"bi thep - steel ball"},{"@type":"BreadcrumbList","@id":"https:\/\/imrovietnam.com\/product\/bi-thep-stainless-steel-ball\/#breadcrumb","itemListElement":[{"@type":"ListItem","position":1,"name":"Home","item":"https:\/\/imrovietnam.com\/en\/"},{"@type":"ListItem","position":2,"name":"S\u1ea3n ph\u1ea9m","item":"https:\/\/imrovietnam.com\/shop\/"},{"@type":"ListItem","position":3,"name":"Bi th\u00e9p \/ STAINLESS STEEL BALL"}]},{"@type":"WebSite","@id":"https:\/\/imrovietnam.com\/en\/#website","url":"https:\/\/imrovietnam.com\/en\/","name":"IMRO Vietnam","description":"Your consumables and spare parts store","potentialAction":[{"@type":"SearchAction","target":{"@type":"EntryPoint","urlTemplate":"https:\/\/imrovietnam.com\/en\/?s={search_term_string}"},"query-input":{"@type":"PropertyValueSpecification","valueRequired":true,"valueName":"search_term_string"}}],"inLanguage":"en-US"}]}},"_links":{"self":[{"href":"https:\/\/imrovietnam.com\/en\/wp-json\/wp\/v2\/product\/2527","targetHints":{"allow":["GET"]}}],"collection":[{"href":"https:\/\/imrovietnam.com\/en\/wp-json\/wp\/v2\/product"}],"about":[{"href":"https:\/\/imrovietnam.com\/en\/wp-json\/wp\/v2\/types\/product"}],"replies":[{"embeddable":true,"href":"https:\/\/imrovietnam.com\/en\/wp-json\/wp\/v2\/comments?post=2527"}],"wp:featuredmedia":[{"embeddable":true,"href":"https:\/\/imrovietnam.com\/en\/wp-json\/wp\/v2\/media\/2528"}],"wp:attachment":[{"href":"https:\/\/imrovietnam.com\/en\/wp-json\/wp\/v2\/media?parent=2527"}],"wp:term":[{"taxonomy":"product_brand","embeddable":true,"href":"https:\/\/imrovietnam.com\/en\/wp-json\/wp\/v2\/product_brand?post=2527"},{"taxonomy":"product_cat","embeddable":true,"href":"https:\/\/imrovietnam.com\/en\/wp-json\/wp\/v2\/product_cat?post=2527"},{"taxonomy":"product_tag","embeddable":true,"href":"https:\/\/imrovietnam.com\/en\/wp-json\/wp\/v2\/product_tag?post=2527"}],"curies":[{"name":"wp","href":"https:\/\/api.w.org\/{rel}","templated":true}]}}