{"id":2514,"date":"2022-01-04T14:45:54","date_gmt":"2022-01-04T07:45:54","guid":{"rendered":"https:\/\/imrovietnam.com\/?post_type=product&#038;p=2514"},"modified":"2022-01-04T14:45:54","modified_gmt":"2022-01-04T07:45:54","slug":"day-do-nhiet-do-omega-dung-cho-thermocouple-k","status":"publish","type":"product","link":"https:\/\/imrovietnam.com\/en\/product\/day-do-nhiet-do-omega-dung-cho-thermocouple-k\/","title":{"rendered":"K Type Thermocouple Duplex Wire"},"content":{"rendered":"<p><strong>D\u00e2y c\u1eb7p nhi\u1ec7t c\u00e1ch \u0111i\u1ec7n Omega TT-K-30-SLE<\/strong>\u00a0v\u1edbi M\u00e0u \u0111\u01b0\u1ee3c m\u00e3 h\u00f3a PFA \u0111\u01b0\u1ee3c \u00e9p tr\u00ean m\u1ed7i d\u00e2y tr\u1ea7n.<\/p>\n<p>PFA \u0111\u01b0\u1ee3c b\u1ecdc tr\u00ean l\u1edbp v\u1ecf c\u00e1ch \u0111i\u1ec7n. Ch\u1ed1ng m\u00e0i m\u00f2n v\u00e0 ch\u1ecbu \u0111\u01b0\u1ee3c \u0111\u1ed9 \u1ea9m t\u1ed1t<\/p>\n<p><strong><u>C\u00e1c t\u00ednh n\u0103ng k\u1ef9 thu\u1eadt c\u1ee7a OMEGA TT-K-30-SLE:<\/u><\/strong><\/p>\n<ul>\n<li><strong>Ph\u1ea1m vi\u00a0nhi\u1ec7t \u0111\u1ed9 c\u00e1ch nhi\u1ec7t: -267 \u0111\u1ebfn 260 \u2103<\/strong>\u00a0(-450 \u0111\u1ebfn 500 \u2109)<\/li>\n<\/ul>\n<ul>\n<li>\u0110\u01b0\u1eddng k\u00ednh d\u00e2y: 0,0100Iches (0,254mm)<\/li>\n<\/ul>\n<ul>\n<li>ANSI : Lo\u1ea1i K<\/li>\n<\/ul>\n<ul>\n<li>D\u00e2y d\u01b0\u01a1ng: M\u00e0u v\u00e0ng<\/li>\n<\/ul>\n<ul>\n<li>D\u00e2y \u00e2m: \u0110\u1ecf<\/li>\n<\/ul>\n<ul>\n<li>Nh\u00ecn chung: M\u00e0u n\u00e2u<\/li>\n<\/ul>\n<ul>\n<li>Lo\u1ea1i d\u00e2y: R\u1eafn<\/li>\n<\/ul>\n<ul>\n<li>V\u1eadt li\u1ec7u c\u00e1ch nhi\u1ec7t t\u1ed5ng th\u1ec3: PFA<\/li>\n<\/ul>\n<ul>\n<li>V\u1eadt li\u1ec7u c\u00e1ch \u0111i\u1ec7n: PFA<\/li>\n<\/ul>\n<ul>\n<li>Gi\u1edbi h\u1ea1n \u0111\u1eb7c bi\u1ec7t c\u1ee7a d\u00e2y l\u1ed7i: gi\u00e1 tr\u1ecb dung sai nhi\u1ec7t \u0111\u1ed9: 1,1 \u00b0 C ho\u1eb7c 0,4% (2,0 \u00b0 F ho\u1eb7c 0,4%)<\/li>\n<\/ul>\n<ul>\n<li>Gi\u1edbi h\u1ea1n sai s\u1ed1 ti\u00eau chu\u1ea9n: gi\u00e1 tr\u1ecb dung sai nhi\u1ec7t \u0111\u1ed9: 2,2 \u00b0 C ho\u1eb7c 0,75% (4,0 \u00b0 F ho\u1eb7c 0,75%)<\/li>\n<\/ul>\n","protected":false},"excerpt":{"rendered":"<p>D\u00e2y c\u1eb7p nhi\u1ec7t c\u00e1ch \u0111i\u1ec7n Omega TT-K-30-SLE\u00a0v\u1edbi M\u00e0u \u0111\u01b0\u1ee3c m\u00e3 h\u00f3a PFA \u0111\u01b0\u1ee3c \u00e9p tr\u00ean m\u1ed7i d\u00e2y tr\u1ea7n. PFA \u0111\u01b0\u1ee3c b\u1ecdc tr\u00ean l\u1edbp v\u1ecf c\u00e1ch \u0111i\u1ec7n. Ch\u1ed1ng m\u00e0i m\u00f2n v\u00e0 ch\u1ecbu \u0111\u01b0\u1ee3c \u0111\u1ed9 \u1ea9m t\u1ed1t C\u00e1c t\u00ednh n\u0103ng k\u1ef9 thu\u1eadt c\u1ee7a OMEGA TT-K-30-SLE: Ph\u1ea1m vi\u00a0nhi\u1ec7t \u0111\u1ed9 c\u00e1ch nhi\u1ec7t: -267 \u0111\u1ebfn 260 \u2103\u00a0(-450 \u0111\u1ebfn 500 \u2109) [&#8230;]\n","protected":false},"featured_media":2517,"comment_status":"open","ping_status":"closed","template":"","meta":[],"product_brand":[],"product_cat":[43],"product_tag":[],"class_list":{"0":"post-2514","1":"product","2":"type-product","3":"status-publish","4":"has-post-thumbnail","6":"product_cat-smt-consumable","8":"first","9":"instock","10":"shipping-taxable","11":"product-type-simple"},"yoast_head":"<!-- This site is optimized with the Yoast SEO Premium plugin v25.0 (Yoast SEO v25.2) - https:\/\/yoast.com\/wordpress\/plugins\/seo\/ -->\n<title>K Type Thermocouple Duplex Wire - IMRO Vietnam<\/title>\n<meta name=\"robots\" content=\"index, follow, max-snippet:-1, max-image-preview:large, max-video-preview:-1\" \/>\n<link rel=\"canonical\" href=\"https:\/\/imrovietnam.com\/product\/day-do-nhiet-do-omega-dung-cho-thermocouple-k\/\" \/>\n<meta property=\"og:locale\" content=\"en_US\" \/>\n<meta property=\"og:type\" content=\"article\" \/>\n<meta property=\"og:title\" content=\"[:vi]D\u00e2y \u0111o nhi\u1ec7t \u0111\u1ed9 Omega d\u00f9ng cho Thermocouple K[:en]K Type Thermocouple Duplex Wire[:]\" \/>\n<meta property=\"og:description\" content=\"D\u00e2y c\u1eb7p nhi\u1ec7t c\u00e1ch \u0111i\u1ec7n Omega TT-K-30-SLE\u00a0v\u1edbi M\u00e0u \u0111\u01b0\u1ee3c m\u00e3 h\u00f3a PFA \u0111\u01b0\u1ee3c \u00e9p tr\u00ean m\u1ed7i d\u00e2y tr\u1ea7n. PFA \u0111\u01b0\u1ee3c b\u1ecdc tr\u00ean l\u1edbp v\u1ecf c\u00e1ch \u0111i\u1ec7n. Ch\u1ed1ng m\u00e0i m\u00f2n v\u00e0 ch\u1ecbu \u0111\u01b0\u1ee3c \u0111\u1ed9 \u1ea9m t\u1ed1t C\u00e1c t\u00ednh n\u0103ng k\u1ef9 thu\u1eadt c\u1ee7a OMEGA TT-K-30-SLE: Ph\u1ea1m vi\u00a0nhi\u1ec7t \u0111\u1ed9 c\u00e1ch nhi\u1ec7t: -267 \u0111\u1ebfn 260 \u2103\u00a0(-450 \u0111\u1ebfn 500 \u2109) [...]\" \/>\n<meta property=\"og:url\" content=\"https:\/\/imrovietnam.com\/product\/day-do-nhiet-do-omega-dung-cho-thermocouple-k\/\" \/>\n<meta property=\"og:site_name\" content=\"IMRO Vietnam\" \/>\n<meta property=\"og:image\" content=\"https:\/\/imrovietnam.com\/wp-content\/uploads\/2022\/01\/Omega-TT-K-30-1.jpg\" \/>\n\t<meta property=\"og:image:width\" content=\"499\" \/>\n\t<meta property=\"og:image:height\" content=\"442\" \/>\n\t<meta property=\"og:image:type\" content=\"image\/jpeg\" \/>\n<meta name=\"twitter:card\" content=\"summary_large_image\" \/>\n<meta name=\"twitter:label1\" content=\"Est. reading time\" \/>\n\t<meta name=\"twitter:data1\" content=\"1 minute\" \/>\n<script type=\"application\/ld+json\" class=\"yoast-schema-graph\">{\"@context\":\"https:\/\/schema.org\",\"@graph\":[{\"@type\":\"WebPage\",\"@id\":\"https:\/\/imrovietnam.com\/product\/day-do-nhiet-do-omega-dung-cho-thermocouple-k\/\",\"url\":\"https:\/\/imrovietnam.com\/product\/day-do-nhiet-do-omega-dung-cho-thermocouple-k\/\",\"name\":\"[:vi]D\u00e2y \u0111o nhi\u1ec7t \u0111\u1ed9 Omega d\u00f9ng cho Thermocouple K[:en]K Type Thermocouple Duplex Wire[:] - IMRO Vietnam\",\"isPartOf\":{\"@id\":\"https:\/\/imrovietnam.com\/en\/#website\"},\"primaryImageOfPage\":{\"@id\":\"https:\/\/imrovietnam.com\/product\/day-do-nhiet-do-omega-dung-cho-thermocouple-k\/#primaryimage\"},\"image\":{\"@id\":\"https:\/\/imrovietnam.com\/product\/day-do-nhiet-do-omega-dung-cho-thermocouple-k\/#primaryimage\"},\"thumbnailUrl\":\"https:\/\/imrovietnam.com\/wp-content\/uploads\/2022\/01\/Omega-TT-K-30-1.jpg\",\"datePublished\":\"2022-01-04T07:45:54+00:00\",\"breadcrumb\":{\"@id\":\"https:\/\/imrovietnam.com\/product\/day-do-nhiet-do-omega-dung-cho-thermocouple-k\/#breadcrumb\"},\"inLanguage\":\"en-US\",\"potentialAction\":[{\"@type\":\"ReadAction\",\"target\":[\"https:\/\/imrovietnam.com\/product\/day-do-nhiet-do-omega-dung-cho-thermocouple-k\/\"]}]},{\"@type\":\"ImageObject\",\"inLanguage\":\"en-US\",\"@id\":\"https:\/\/imrovietnam.com\/product\/day-do-nhiet-do-omega-dung-cho-thermocouple-k\/#primaryimage\",\"url\":\"https:\/\/imrovietnam.com\/wp-content\/uploads\/2022\/01\/Omega-TT-K-30-1.jpg\",\"contentUrl\":\"https:\/\/imrovietnam.com\/wp-content\/uploads\/2022\/01\/Omega-TT-K-30-1.jpg\",\"width\":499,\"height\":442,\"caption\":\"Omega K wire \/ d\u00e2y \u0111o nhi\u1ec7t\"},{\"@type\":\"BreadcrumbList\",\"@id\":\"https:\/\/imrovietnam.com\/product\/day-do-nhiet-do-omega-dung-cho-thermocouple-k\/#breadcrumb\",\"itemListElement\":[{\"@type\":\"ListItem\",\"position\":1,\"name\":\"Home\",\"item\":\"https:\/\/imrovietnam.com\/en\/\"},{\"@type\":\"ListItem\",\"position\":2,\"name\":\"S\u1ea3n ph\u1ea9m\",\"item\":\"https:\/\/imrovietnam.com\/shop\/\"},{\"@type\":\"ListItem\",\"position\":3,\"name\":\"D\u00e2y \u0111o nhi\u1ec7t \u0111\u1ed9 Omega d\u00f9ng cho Thermocouple K\"}]},{\"@type\":\"WebSite\",\"@id\":\"https:\/\/imrovietnam.com\/en\/#website\",\"url\":\"https:\/\/imrovietnam.com\/en\/\",\"name\":\"IMRO Vietnam\",\"description\":\"Your consumables and spare parts store\",\"potentialAction\":[{\"@type\":\"SearchAction\",\"target\":{\"@type\":\"EntryPoint\",\"urlTemplate\":\"https:\/\/imrovietnam.com\/en\/?s={search_term_string}\"},\"query-input\":{\"@type\":\"PropertyValueSpecification\",\"valueRequired\":true,\"valueName\":\"search_term_string\"}}],\"inLanguage\":\"en-US\"}]}<\/script>\n<!-- \/ Yoast SEO Premium plugin. -->","yoast_head_json":{"title":"[:vi]D\u00e2y \u0111o nhi\u1ec7t \u0111\u1ed9 Omega d\u00f9ng cho Thermocouple K[:en]K Type Thermocouple Duplex Wire[:] - IMRO Vietnam","robots":{"index":"index","follow":"follow","max-snippet":"max-snippet:-1","max-image-preview":"max-image-preview:large","max-video-preview":"max-video-preview:-1"},"canonical":"https:\/\/imrovietnam.com\/product\/day-do-nhiet-do-omega-dung-cho-thermocouple-k\/","og_locale":"en_US","og_type":"article","og_title":"[:vi]D\u00e2y \u0111o nhi\u1ec7t \u0111\u1ed9 Omega d\u00f9ng cho Thermocouple K[:en]K Type Thermocouple Duplex Wire[:]","og_description":"D\u00e2y c\u1eb7p nhi\u1ec7t c\u00e1ch \u0111i\u1ec7n Omega TT-K-30-SLE\u00a0v\u1edbi M\u00e0u \u0111\u01b0\u1ee3c m\u00e3 h\u00f3a PFA \u0111\u01b0\u1ee3c \u00e9p tr\u00ean m\u1ed7i d\u00e2y tr\u1ea7n. PFA \u0111\u01b0\u1ee3c b\u1ecdc tr\u00ean l\u1edbp v\u1ecf c\u00e1ch \u0111i\u1ec7n. Ch\u1ed1ng m\u00e0i m\u00f2n v\u00e0 ch\u1ecbu \u0111\u01b0\u1ee3c \u0111\u1ed9 \u1ea9m t\u1ed1t C\u00e1c t\u00ednh n\u0103ng k\u1ef9 thu\u1eadt c\u1ee7a OMEGA TT-K-30-SLE: Ph\u1ea1m vi\u00a0nhi\u1ec7t \u0111\u1ed9 c\u00e1ch nhi\u1ec7t: -267 \u0111\u1ebfn 260 \u2103\u00a0(-450 \u0111\u1ebfn 500 \u2109) [...]","og_url":"https:\/\/imrovietnam.com\/product\/day-do-nhiet-do-omega-dung-cho-thermocouple-k\/","og_site_name":"IMRO Vietnam","og_image":[{"width":499,"height":442,"url":"https:\/\/imrovietnam.com\/wp-content\/uploads\/2022\/01\/Omega-TT-K-30-1.jpg","type":"image\/jpeg"}],"twitter_card":"summary_large_image","twitter_misc":{"Est. reading time":"1 minute"},"schema":{"@context":"https:\/\/schema.org","@graph":[{"@type":"WebPage","@id":"https:\/\/imrovietnam.com\/product\/day-do-nhiet-do-omega-dung-cho-thermocouple-k\/","url":"https:\/\/imrovietnam.com\/product\/day-do-nhiet-do-omega-dung-cho-thermocouple-k\/","name":"[:vi]D\u00e2y \u0111o nhi\u1ec7t \u0111\u1ed9 Omega d\u00f9ng cho Thermocouple K[:en]K Type Thermocouple Duplex Wire[:] - IMRO Vietnam","isPartOf":{"@id":"https:\/\/imrovietnam.com\/en\/#website"},"primaryImageOfPage":{"@id":"https:\/\/imrovietnam.com\/product\/day-do-nhiet-do-omega-dung-cho-thermocouple-k\/#primaryimage"},"image":{"@id":"https:\/\/imrovietnam.com\/product\/day-do-nhiet-do-omega-dung-cho-thermocouple-k\/#primaryimage"},"thumbnailUrl":"https:\/\/imrovietnam.com\/wp-content\/uploads\/2022\/01\/Omega-TT-K-30-1.jpg","datePublished":"2022-01-04T07:45:54+00:00","breadcrumb":{"@id":"https:\/\/imrovietnam.com\/product\/day-do-nhiet-do-omega-dung-cho-thermocouple-k\/#breadcrumb"},"inLanguage":"en-US","potentialAction":[{"@type":"ReadAction","target":["https:\/\/imrovietnam.com\/product\/day-do-nhiet-do-omega-dung-cho-thermocouple-k\/"]}]},{"@type":"ImageObject","inLanguage":"en-US","@id":"https:\/\/imrovietnam.com\/product\/day-do-nhiet-do-omega-dung-cho-thermocouple-k\/#primaryimage","url":"https:\/\/imrovietnam.com\/wp-content\/uploads\/2022\/01\/Omega-TT-K-30-1.jpg","contentUrl":"https:\/\/imrovietnam.com\/wp-content\/uploads\/2022\/01\/Omega-TT-K-30-1.jpg","width":499,"height":442,"caption":"Omega K wire \/ d\u00e2y \u0111o nhi\u1ec7t"},{"@type":"BreadcrumbList","@id":"https:\/\/imrovietnam.com\/product\/day-do-nhiet-do-omega-dung-cho-thermocouple-k\/#breadcrumb","itemListElement":[{"@type":"ListItem","position":1,"name":"Home","item":"https:\/\/imrovietnam.com\/en\/"},{"@type":"ListItem","position":2,"name":"S\u1ea3n ph\u1ea9m","item":"https:\/\/imrovietnam.com\/shop\/"},{"@type":"ListItem","position":3,"name":"D\u00e2y \u0111o nhi\u1ec7t \u0111\u1ed9 Omega d\u00f9ng cho Thermocouple K"}]},{"@type":"WebSite","@id":"https:\/\/imrovietnam.com\/en\/#website","url":"https:\/\/imrovietnam.com\/en\/","name":"IMRO Vietnam","description":"Your consumables and spare parts store","potentialAction":[{"@type":"SearchAction","target":{"@type":"EntryPoint","urlTemplate":"https:\/\/imrovietnam.com\/en\/?s={search_term_string}"},"query-input":{"@type":"PropertyValueSpecification","valueRequired":true,"valueName":"search_term_string"}}],"inLanguage":"en-US"}]}},"_links":{"self":[{"href":"https:\/\/imrovietnam.com\/en\/wp-json\/wp\/v2\/product\/2514","targetHints":{"allow":["GET"]}}],"collection":[{"href":"https:\/\/imrovietnam.com\/en\/wp-json\/wp\/v2\/product"}],"about":[{"href":"https:\/\/imrovietnam.com\/en\/wp-json\/wp\/v2\/types\/product"}],"replies":[{"embeddable":true,"href":"https:\/\/imrovietnam.com\/en\/wp-json\/wp\/v2\/comments?post=2514"}],"wp:featuredmedia":[{"embeddable":true,"href":"https:\/\/imrovietnam.com\/en\/wp-json\/wp\/v2\/media\/2517"}],"wp:attachment":[{"href":"https:\/\/imrovietnam.com\/en\/wp-json\/wp\/v2\/media?parent=2514"}],"wp:term":[{"taxonomy":"product_brand","embeddable":true,"href":"https:\/\/imrovietnam.com\/en\/wp-json\/wp\/v2\/product_brand?post=2514"},{"taxonomy":"product_cat","embeddable":true,"href":"https:\/\/imrovietnam.com\/en\/wp-json\/wp\/v2\/product_cat?post=2514"},{"taxonomy":"product_tag","embeddable":true,"href":"https:\/\/imrovietnam.com\/en\/wp-json\/wp\/v2\/product_tag?post=2514"}],"curies":[{"name":"wp","href":"https:\/\/api.w.org\/{rel}","templated":true}]}}