{"id":2489,"date":"2021-09-05T10:55:50","date_gmt":"2021-09-05T03:55:50","guid":{"rendered":"https:\/\/imrovietnam.com\/?post_type=product&#038;p=2489"},"modified":"2021-09-05T11:52:06","modified_gmt":"2021-09-05T04:52:06","slug":"dau-ban-vit-luc-giac-ranh-cai-9mm-chuoi-tron-than-phi-6-355mm-1-4-hexagon-%e2%ac%a1","status":"publish","type":"product","link":"https:\/\/imrovietnam.com\/en\/product\/dau-ban-vit-luc-giac-ranh-cai-9mm-chuoi-tron-than-phi-6-355mm-1-4-hexagon-%e2%ac%a1\/","title":{"rendered":"\u0110\u1ea7u b\u1eafn v\u00edt l\u1ee5c gi\u00e1c &#8211; r\u00e3nh c\u00e0i 9mm &#8211; chu\u00f4i l\u1ee5c gi\u00e1c Hex 6.35mm 1\/4&#8243;, Hexagon (\u2b21)"},"content":{"rendered":"<p>\u0110\u1ea7u b\u1eafn v\u00edt l\u1ee5c gi\u00e1c Hexagon (\u2b21), r\u00e3nh c\u00e0i 9mm chu\u00f4i l\u1ee5c gi\u00e1c hex 5mm, d\u00f9ng cho s\u00fang b\u1eafn v\u00edt \u0111i\u1ec7n \/ t\u00f4 v\u00edt \u0111i\u1ec7n HIOS, KILEWS, Atlas Copco, Vessel, SEHAN.<\/p>\n<p>\u1ee8ng d\u1ee5ng trong d\u00e2y chuy\u1ec1n l\u1eafp r\u00e1p \u0111i\u1ec7n t\u1eed, \u0111\u1ed3 gia d\u1ee5ng, \u00f4 t\u00f4 &#8211; xe m\u00e1y<\/p>\n<p>\u0110\u1eb7c \u0111i\u1ec3m: \u0111\u1ed9 c\u1ee9ng cao \/ kh\u1ea3 n\u0103ng ch\u1ed1ng m\u00e0i m\u00f2n m\u1ea1nh. C\u00f3 t\u1eeb t\u00ednh \/ kh\u00f4ng c\u00f3 t\u1eeb t\u00ednh<\/p>\n<p>K\u00edch th\u01b0\u1edbc:<\/p>\n<p>&#8211; M\u0169i (tip point size): H0.71 ~ H8<\/p>\n<p>&#8211; Th\u00e2n (body): hex 6.35mm 1\/4&#8243;<\/p>\n<p>&#8211; Chu\u00f4i c\u00e0i l\u1ee5c gi\u00e1c r\u00e3nh 9mm<\/p>\n<p>&#8211; Chi\u1ec1u d\u00e0i: 50mm &#8211; 65mm &#8211; 75mm &#8211; 100mm<\/p>\n<p>V\u1eadt li\u1ec7u: th\u00e9p S2<br \/>\n\u0110\u1ed9 c\u1ee9ng: HRC58-62<\/p>\n<p>H\u01b0\u1edbng d\u1eabn ch\u1ecdn m\u0169i v\u00edt ph\u00f9 h\u1ee3p con v\u00edt, con \u1ed1c<\/p>\n<table style=\"border-collapse: collapse; width: 69.0551%; height: 172px;\">\n<tbody>\n<tr style=\"height: 26px;\">\n<td style=\"width: 12.5926%; height: 26px;\"><strong>Bit point size<\/strong><\/td>\n<td style=\"width: 11.5173%; height: 26px;\"><strong>Cap screw<\/strong><\/td>\n<td style=\"width: 10.2731%; height: 26px;\"><strong>Set screw<\/strong><\/td>\n<td style=\"width: 9.55987%; height: 26px;\"><strong>Bit point size<\/strong><\/td>\n<td style=\"width: 11.8588%; height: 26px;\"><strong>Cap screw<\/strong><\/td>\n<td style=\"width: 11.5173%; height: 26px;\"><strong>Set screw<\/strong><\/td>\n<\/tr>\n<tr style=\"height: 26px;\">\n<td style=\"width: 12.5926%; height: 26px;\">H0.71<\/td>\n<td style=\"width: 11.5173%; height: 26px;\"><\/td>\n<td style=\"width: 10.2731%; height: 26px;\">M1.4-M1.8<\/td>\n<td style=\"width: 9.55987%; height: 26px;\">H3<\/td>\n<td style=\"width: 11.8588%; height: 26px;\">M4<\/td>\n<td style=\"width: 11.5173%; height: 26px;\">M6<\/td>\n<\/tr>\n<tr style=\"height: 26px;\">\n<td style=\"width: 12.5926%; height: 26px;\">H0.89<\/td>\n<td style=\"width: 11.5173%; height: 26px;\"><\/td>\n<td style=\"width: 10.2731%; height: 26px;\">M1.2<\/td>\n<td style=\"width: 9.55987%; height: 26px;\">H4<\/td>\n<td style=\"width: 11.8588%; height: 26px;\">M5<\/td>\n<td style=\"width: 11.5173%; height: 26px;\">M8<\/td>\n<\/tr>\n<tr style=\"height: 26px;\">\n<td style=\"width: 12.5926%; height: 26px;\">H1.27<\/td>\n<td style=\"width: 11.5173%; height: 26px;\">M1.4<\/td>\n<td style=\"width: 10.2731%; height: 26px;\">M2.5 M2.6<\/td>\n<td style=\"width: 9.55987%; height: 26px;\">H5<\/td>\n<td style=\"width: 11.8588%; height: 26px;\">M6, 1\/4&#8243;<\/td>\n<td style=\"width: 11.5173%; height: 26px;\">M10<\/td>\n<\/tr>\n<tr style=\"height: 26px;\">\n<td style=\"width: 12.5926%; height: 26px;\">H1.5<\/td>\n<td style=\"width: 11.5173%; height: 26px;\">M1.6 M2<\/td>\n<td style=\"width: 10.2731%; height: 26px;\">M3<\/td>\n<td style=\"width: 9.55987%; height: 26px;\">H6<\/td>\n<td style=\"width: 11.8588%; height: 26px;\">M8, 5\/16&#8243;<\/td>\n<td style=\"width: 11.5173%; height: 26px;\">M12 M14<\/td>\n<\/tr>\n<tr style=\"height: 21px;\">\n<td style=\"width: 12.5926%; height: 21px;\">H2<\/td>\n<td style=\"width: 11.5173%; height: 21px;\">M2.5 M2.6<\/td>\n<td style=\"width: 10.2731%; height: 21px;\">M4<\/td>\n<td style=\"width: 9.55987%; height: 21px;\">H8<\/td>\n<td style=\"width: 11.8588%; height: 21px;\">M10, 3\/8&#8243;, 7\/16&#8243;<\/td>\n<td style=\"width: 11.5173%; height: 21px;\">M16<\/td>\n<\/tr>\n<tr style=\"height: 21px;\">\n<td style=\"width: 12.5926%; height: 21px;\">H2.5<\/td>\n<td style=\"width: 11.5173%; height: 21px;\">M3<\/td>\n<td style=\"width: 10.2731%; height: 21px;\">M5<\/td>\n<td style=\"width: 9.55987%; height: 21px;\">H10<\/td>\n<td style=\"width: 11.8588%; height: 21px;\">M12, 1\/2&#8243;<\/td>\n<td style=\"width: 11.5173%; height: 21px;\">M18, M20<\/td>\n<\/tr>\n<\/tbody>\n<\/table>\n<p><img loading=\"lazy\" decoding=\"async\" class=\"alignnone wp-image-2494\" src=\"https:\/\/imrovietnam.com\/wp-content\/uploads\/2021\/09\/Hex-6.35mm-drive-hexagon-1.jpg\" alt=\"Hex 6.35mm drive hexagon - 1\" width=\"582\" height=\"102\" srcset=\"https:\/\/imrovietnam.com\/wp-content\/uploads\/2021\/09\/Hex-6.35mm-drive-hexagon-1.jpg 1069w, https:\/\/imrovietnam.com\/wp-content\/uploads\/2021\/09\/Hex-6.35mm-drive-hexagon-1-800x141.jpg 800w, https:\/\/imrovietnam.com\/wp-content\/uploads\/2021\/09\/Hex-6.35mm-drive-hexagon-1-768x135.jpg 768w, https:\/\/imrovietnam.com\/wp-content\/uploads\/2021\/09\/Hex-6.35mm-drive-hexagon-1-510x90.jpg 510w\" sizes=\"auto, (max-width: 582px) 100vw, 582px\" \/><\/p>\n<p><img loading=\"lazy\" decoding=\"async\" class=\"alignnone wp-image-2496\" src=\"https:\/\/imrovietnam.com\/wp-content\/uploads\/2021\/09\/Hex-6.35mm-drive-hexagon-2.jpg\" alt=\"Hex 6.35mm drive hexagon - 2\" width=\"302\" height=\"234\" \/><\/p>\n","protected":false},"excerpt":{"rendered":"<p>K\u00edch th\u01b0\u1edbc:<\/p>\n<p>&#8211; M\u0169i (tip point size): H0.71 ~ H8<\/p>\n<p>&#8211; Th\u00e2n (body): hex 6.35mm 1\/4&#8243;<\/p>\n<p>&#8211; Chu\u00f4i c\u00e0i l\u1ee5c gi\u00e1c r\u00e3nh 9mm<\/p>\n<p>&#8211; Chi\u1ec1u d\u00e0i: 50mm &#8211; 65mm &#8211; 75mm &#8211; 100mm<\/p>\n<table style=\"border-collapse: collapse; width: 69.0551%; height: 172px;\">\n<tbody>\n<tr style=\"height: 26px;\">\n<td style=\"width: 12.5926%; height: 26px;\"><strong>Bit point size<\/strong><\/td>\n<td style=\"width: 11.5173%; height: 26px;\"><strong>Cap screw<\/strong><\/td>\n<td style=\"width: 10.2731%; height: 26px;\"><strong>Set screw<\/strong><\/td>\n<td style=\"width: 9.55987%; height: 26px;\"><strong>Bit point size<\/strong><\/td>\n<td style=\"width: 11.8588%; height: 26px;\"><strong>Cap screw<\/strong><\/td>\n<td style=\"width: 11.5173%; height: 26px;\"><strong>Set screw<\/strong><\/td>\n<\/tr>\n<tr style=\"height: 26px;\">\n<td style=\"width: 12.5926%; height: 26px;\">H0.71<\/td>\n<td style=\"width: 11.5173%; height: 26px;\"><\/td>\n<td style=\"width: 10.2731%; height: 26px;\">M1.4-M1.8<\/td>\n<td style=\"width: 9.55987%; height: 26px;\">H3<\/td>\n<td style=\"width: 11.8588%; height: 26px;\">M4<\/td>\n<td style=\"width: 11.5173%; height: 26px;\">M6<\/td>\n<\/tr>\n<tr style=\"height: 26px;\">\n<td style=\"width: 12.5926%; height: 26px;\">H0.89<\/td>\n<td style=\"width: 11.5173%; height: 26px;\"><\/td>\n<td style=\"width: 10.2731%; height: 26px;\">M1.2<\/td>\n<td style=\"width: 9.55987%; height: 26px;\">H4<\/td>\n<td style=\"width: 11.8588%; height: 26px;\">M5<\/td>\n<td style=\"width: 11.5173%; height: 26px;\">M8<\/td>\n<\/tr>\n<tr style=\"height: 26px;\">\n<td style=\"width: 12.5926%; height: 26px;\">H1.27<\/td>\n<td style=\"width: 11.5173%; height: 26px;\">M1.4<\/td>\n<td style=\"width: 10.2731%; height: 26px;\">M2.5 M2.6<\/td>\n<td style=\"width: 9.55987%; height: 26px;\">H5<\/td>\n<td style=\"width: 11.8588%; height: 26px;\">M6, 1\/4&#8243;<\/td>\n<td style=\"width: 11.5173%; height: 26px;\">M10<\/td>\n<\/tr>\n<tr style=\"height: 26px;\">\n<td style=\"width: 12.5926%; height: 26px;\">H1.5<\/td>\n<td style=\"width: 11.5173%; height: 26px;\">M1.6 M2<\/td>\n<td style=\"width: 10.2731%; height: 26px;\">M3<\/td>\n<td style=\"width: 9.55987%; height: 26px;\">H6<\/td>\n<td style=\"width: 11.8588%; height: 26px;\">M8, 5\/16&#8243;<\/td>\n<td style=\"width: 11.5173%; height: 26px;\">M12 M14<\/td>\n<\/tr>\n<tr style=\"height: 21px;\">\n<td style=\"width: 12.5926%; height: 21px;\">H2<\/td>\n<td style=\"width: 11.5173%; height: 21px;\">M2.5 M2.6<\/td>\n<td style=\"width: 10.2731%; height: 21px;\">M4<\/td>\n<td style=\"width: 9.55987%; height: 21px;\">H8<\/td>\n<td style=\"width: 11.8588%; height: 21px;\">M10, 3\/8&#8243;, 7\/16&#8243;<\/td>\n<td style=\"width: 11.5173%; height: 21px;\">M16<\/td>\n<\/tr>\n<tr style=\"height: 21px;\">\n<td style=\"width: 12.5926%; height: 21px;\">H2.5<\/td>\n<td style=\"width: 11.5173%; height: 21px;\">M3<\/td>\n<td style=\"width: 10.2731%; height: 21px;\">M5<\/td>\n<td style=\"width: 9.55987%; height: 21px;\">H10<\/td>\n<td style=\"width: 11.8588%; height: 21px;\">M12, 1\/2&#8243;<\/td>\n<td style=\"width: 11.5173%; height: 21px;\">M18, M20<\/td>\n<\/tr>\n<\/tbody>\n<\/table>\n","protected":false},"featured_media":2492,"comment_status":"open","ping_status":"closed","template":"","meta":[],"product_brand":[],"product_cat":[45],"product_tag":[280,288,239,277,299,273,289,242,238,276,126,240,301],"class_list":{"0":"post-2489","1":"product","2":"type-product","3":"status-publish","4":"has-post-thumbnail","6":"product_cat-screwdrive-bits-2","7":"product_tag-1-4","8":"product_tag-6-35mm","9":"product_tag-ban-vit","10":"product_tag-electric-screwdriver","11":"product_tag-hexagon","12":"product_tag-huong-dan-chonkich-thuoc","13":"product_tag-luc-giac","14":"product_tag-mui-ban-vit","15":"product_tag-mui-vit","16":"product_tag-screwdriver-bit","17":"product_tag-sung-ban-vit","18":"product_tag-tu-dong","19":"product_tag-wing","21":"first","22":"instock","23":"shipping-taxable","24":"product-type-simple"},"yoast_head":"<!-- This site is optimized with the Yoast SEO Premium plugin v25.0 (Yoast SEO v25.2) - https:\/\/yoast.com\/wordpress\/plugins\/seo\/ -->\n<title>\u0110\u1ea7u b\u1eafn v\u00edt l\u1ee5c gi\u00e1c - r\u00e3nh c\u00e0i 9mm - chu\u00f4i l\u1ee5c gi\u00e1c Hex 6.35mm 1\/4&quot;, Hexagon (\u2b21) - IMRO Vietnam<\/title>\n<meta name=\"robots\" content=\"index, follow, max-snippet:-1, max-image-preview:large, max-video-preview:-1\" \/>\n<link rel=\"canonical\" href=\"https:\/\/imrovietnam.com\/en\/product\/dau-ban-vit-luc-giac-ranh-cai-9mm-chuoi-tron-than-phi-6-355mm-1-4-hexagon-\u2b21\/\" \/>\n<meta property=\"og:locale\" content=\"en_US\" \/>\n<meta property=\"og:type\" content=\"article\" \/>\n<meta property=\"og:title\" content=\"\u0110\u1ea7u b\u1eafn v\u00edt l\u1ee5c gi\u00e1c - r\u00e3nh c\u00e0i 9mm - chu\u00f4i l\u1ee5c gi\u00e1c Hex 6.35mm 1\/4&quot;, Hexagon (\u2b21)\" \/>\n<meta property=\"og:description\" content=\"K\u00edch th\u01b0\u1edbc:  - M\u0169i (tip point size): H0.71 ~ H8  - Th\u00e2n (body): hex 6.35mm 1\/4&quot;  - Chu\u00f4i c\u00e0i l\u1ee5c gi\u00e1c r\u00e3nh 9mm  - Chi\u1ec1u d\u00e0i: 50mm - 65mm - 75mm - 100mm    Bit point size Cap screw Set screw Bit point size Cap screw Set screw   H0.71  M1.4-M1.8 H3 M4 M6   H0.89  M1.2 H4 M5 M8   H1.27 M1.4 M2.5 M2.6 H5 M6, 1\/4&quot; M10   H1.5 M1.6 M2 M3 H6 M8, 5\/16&quot; M12 M14   H2 M2.5 M2.6 M4 H8 M10, 3\/8&quot;, 7\/16&quot; M16   H2.5 M3 M5 H10 M12, 1\/2&quot; M18, M20\" \/>\n<meta property=\"og:url\" content=\"https:\/\/imrovietnam.com\/en\/product\/dau-ban-vit-luc-giac-ranh-cai-9mm-chuoi-tron-than-phi-6-355mm-1-4-hexagon-\u2b21\/\" \/>\n<meta property=\"og:site_name\" content=\"IMRO Vietnam\" \/>\n<meta property=\"article:modified_time\" content=\"2021-09-05T04:52:06+00:00\" \/>\n<meta property=\"og:image\" content=\"https:\/\/imrovietnam.com\/wp-content\/uploads\/2021\/08\/Hex-5mm-drive-hexagon-2.jpg\" \/>\n\t<meta property=\"og:image:width\" content=\"666\" \/>\n\t<meta property=\"og:image:height\" content=\"800\" \/>\n\t<meta property=\"og:image:type\" content=\"image\/jpeg\" \/>\n<meta name=\"twitter:card\" content=\"summary_large_image\" \/>\n<meta name=\"twitter:label1\" content=\"Est. reading time\" \/>\n\t<meta name=\"twitter:data1\" content=\"1 minute\" \/>\n<script type=\"application\/ld+json\" class=\"yoast-schema-graph\">{\"@context\":\"https:\/\/schema.org\",\"@graph\":[{\"@type\":\"WebPage\",\"@id\":\"https:\/\/imrovietnam.com\/en\/product\/dau-ban-vit-luc-giac-ranh-cai-9mm-chuoi-tron-than-phi-6-355mm-1-4-hexagon-%e2%ac%a1\/\",\"url\":\"https:\/\/imrovietnam.com\/en\/product\/dau-ban-vit-luc-giac-ranh-cai-9mm-chuoi-tron-than-phi-6-355mm-1-4-hexagon-%e2%ac%a1\/\",\"name\":\"\u0110\u1ea7u b\u1eafn v\u00edt l\u1ee5c gi\u00e1c - r\u00e3nh c\u00e0i 9mm - chu\u00f4i l\u1ee5c gi\u00e1c Hex 6.35mm 1\/4\\\", Hexagon (\u2b21) - IMRO Vietnam\",\"isPartOf\":{\"@id\":\"https:\/\/imrovietnam.com\/#website\"},\"primaryImageOfPage\":{\"@id\":\"https:\/\/imrovietnam.com\/en\/product\/dau-ban-vit-luc-giac-ranh-cai-9mm-chuoi-tron-than-phi-6-355mm-1-4-hexagon-%e2%ac%a1\/#primaryimage\"},\"image\":{\"@id\":\"https:\/\/imrovietnam.com\/en\/product\/dau-ban-vit-luc-giac-ranh-cai-9mm-chuoi-tron-than-phi-6-355mm-1-4-hexagon-%e2%ac%a1\/#primaryimage\"},\"thumbnailUrl\":\"https:\/\/imrovietnam.com\/wp-content\/uploads\/2021\/08\/Hex-5mm-drive-hexagon-2.jpg\",\"datePublished\":\"2021-09-05T03:55:50+00:00\",\"dateModified\":\"2021-09-05T04:52:06+00:00\",\"breadcrumb\":{\"@id\":\"https:\/\/imrovietnam.com\/en\/product\/dau-ban-vit-luc-giac-ranh-cai-9mm-chuoi-tron-than-phi-6-355mm-1-4-hexagon-%e2%ac%a1\/#breadcrumb\"},\"inLanguage\":\"en-US\",\"potentialAction\":[{\"@type\":\"ReadAction\",\"target\":[\"https:\/\/imrovietnam.com\/en\/product\/dau-ban-vit-luc-giac-ranh-cai-9mm-chuoi-tron-than-phi-6-355mm-1-4-hexagon-%e2%ac%a1\/\"]}]},{\"@type\":\"ImageObject\",\"inLanguage\":\"en-US\",\"@id\":\"https:\/\/imrovietnam.com\/en\/product\/dau-ban-vit-luc-giac-ranh-cai-9mm-chuoi-tron-than-phi-6-355mm-1-4-hexagon-%e2%ac%a1\/#primaryimage\",\"url\":\"https:\/\/imrovietnam.com\/wp-content\/uploads\/2021\/08\/Hex-5mm-drive-hexagon-2.jpg\",\"contentUrl\":\"https:\/\/imrovietnam.com\/wp-content\/uploads\/2021\/08\/Hex-5mm-drive-hexagon-2.jpg\",\"width\":666,\"height\":800,\"caption\":\"Hex 5mm drive hexagon - 2\"},{\"@type\":\"BreadcrumbList\",\"@id\":\"https:\/\/imrovietnam.com\/en\/product\/dau-ban-vit-luc-giac-ranh-cai-9mm-chuoi-tron-than-phi-6-355mm-1-4-hexagon-%e2%ac%a1\/#breadcrumb\",\"itemListElement\":[{\"@type\":\"ListItem\",\"position\":1,\"name\":\"Home\",\"item\":\"https:\/\/imrovietnam.com\/\"},{\"@type\":\"ListItem\",\"position\":2,\"name\":\"S\u1ea3n ph\u1ea9m\",\"item\":\"https:\/\/imrovietnam.com\/shop\/\"},{\"@type\":\"ListItem\",\"position\":3,\"name\":\"\u0110\u1ea7u b\u1eafn v\u00edt l\u1ee5c gi\u00e1c &#8211; r\u00e3nh c\u00e0i 9mm &#8211; chu\u00f4i l\u1ee5c gi\u00e1c Hex 6.35mm 1\/4&#8243;, Hexagon (\u2b21)\"}]},{\"@type\":\"WebSite\",\"@id\":\"https:\/\/imrovietnam.com\/#website\",\"url\":\"https:\/\/imrovietnam.com\/\",\"name\":\"IMRO Vietnam\",\"description\":\"Your consumables and spare parts store\",\"potentialAction\":[{\"@type\":\"SearchAction\",\"target\":{\"@type\":\"EntryPoint\",\"urlTemplate\":\"https:\/\/imrovietnam.com\/?s={search_term_string}\"},\"query-input\":{\"@type\":\"PropertyValueSpecification\",\"valueRequired\":true,\"valueName\":\"search_term_string\"}}],\"inLanguage\":\"en-US\"}]}<\/script>\n<!-- \/ Yoast SEO Premium plugin. -->","yoast_head_json":{"title":"\u0110\u1ea7u b\u1eafn v\u00edt l\u1ee5c gi\u00e1c - r\u00e3nh c\u00e0i 9mm - chu\u00f4i l\u1ee5c gi\u00e1c Hex 6.35mm 1\/4\", Hexagon (\u2b21) - IMRO Vietnam","robots":{"index":"index","follow":"follow","max-snippet":"max-snippet:-1","max-image-preview":"max-image-preview:large","max-video-preview":"max-video-preview:-1"},"canonical":"https:\/\/imrovietnam.com\/en\/product\/dau-ban-vit-luc-giac-ranh-cai-9mm-chuoi-tron-than-phi-6-355mm-1-4-hexagon-\u2b21\/","og_locale":"en_US","og_type":"article","og_title":"\u0110\u1ea7u b\u1eafn v\u00edt l\u1ee5c gi\u00e1c - r\u00e3nh c\u00e0i 9mm - chu\u00f4i l\u1ee5c gi\u00e1c Hex 6.35mm 1\/4\", Hexagon (\u2b21)","og_description":"K\u00edch th\u01b0\u1edbc:  - M\u0169i (tip point size): H0.71 ~ H8  - Th\u00e2n (body): hex 6.35mm 1\/4\"  - Chu\u00f4i c\u00e0i l\u1ee5c gi\u00e1c r\u00e3nh 9mm  - Chi\u1ec1u d\u00e0i: 50mm - 65mm - 75mm - 100mm    Bit point size Cap screw Set screw Bit point size Cap screw Set screw   H0.71  M1.4-M1.8 H3 M4 M6   H0.89  M1.2 H4 M5 M8   H1.27 M1.4 M2.5 M2.6 H5 M6, 1\/4\" M10   H1.5 M1.6 M2 M3 H6 M8, 5\/16\" M12 M14   H2 M2.5 M2.6 M4 H8 M10, 3\/8\", 7\/16\" M16   H2.5 M3 M5 H10 M12, 1\/2\" M18, M20","og_url":"https:\/\/imrovietnam.com\/en\/product\/dau-ban-vit-luc-giac-ranh-cai-9mm-chuoi-tron-than-phi-6-355mm-1-4-hexagon-\u2b21\/","og_site_name":"IMRO Vietnam","article_modified_time":"2021-09-05T04:52:06+00:00","og_image":[{"width":666,"height":800,"url":"https:\/\/imrovietnam.com\/wp-content\/uploads\/2021\/08\/Hex-5mm-drive-hexagon-2.jpg","type":"image\/jpeg"}],"twitter_card":"summary_large_image","twitter_misc":{"Est. reading time":"1 minute"},"schema":{"@context":"https:\/\/schema.org","@graph":[{"@type":"WebPage","@id":"https:\/\/imrovietnam.com\/en\/product\/dau-ban-vit-luc-giac-ranh-cai-9mm-chuoi-tron-than-phi-6-355mm-1-4-hexagon-%e2%ac%a1\/","url":"https:\/\/imrovietnam.com\/en\/product\/dau-ban-vit-luc-giac-ranh-cai-9mm-chuoi-tron-than-phi-6-355mm-1-4-hexagon-%e2%ac%a1\/","name":"\u0110\u1ea7u b\u1eafn v\u00edt l\u1ee5c gi\u00e1c - r\u00e3nh c\u00e0i 9mm - chu\u00f4i l\u1ee5c gi\u00e1c Hex 6.35mm 1\/4\", Hexagon (\u2b21) - IMRO Vietnam","isPartOf":{"@id":"https:\/\/imrovietnam.com\/#website"},"primaryImageOfPage":{"@id":"https:\/\/imrovietnam.com\/en\/product\/dau-ban-vit-luc-giac-ranh-cai-9mm-chuoi-tron-than-phi-6-355mm-1-4-hexagon-%e2%ac%a1\/#primaryimage"},"image":{"@id":"https:\/\/imrovietnam.com\/en\/product\/dau-ban-vit-luc-giac-ranh-cai-9mm-chuoi-tron-than-phi-6-355mm-1-4-hexagon-%e2%ac%a1\/#primaryimage"},"thumbnailUrl":"https:\/\/imrovietnam.com\/wp-content\/uploads\/2021\/08\/Hex-5mm-drive-hexagon-2.jpg","datePublished":"2021-09-05T03:55:50+00:00","dateModified":"2021-09-05T04:52:06+00:00","breadcrumb":{"@id":"https:\/\/imrovietnam.com\/en\/product\/dau-ban-vit-luc-giac-ranh-cai-9mm-chuoi-tron-than-phi-6-355mm-1-4-hexagon-%e2%ac%a1\/#breadcrumb"},"inLanguage":"en-US","potentialAction":[{"@type":"ReadAction","target":["https:\/\/imrovietnam.com\/en\/product\/dau-ban-vit-luc-giac-ranh-cai-9mm-chuoi-tron-than-phi-6-355mm-1-4-hexagon-%e2%ac%a1\/"]}]},{"@type":"ImageObject","inLanguage":"en-US","@id":"https:\/\/imrovietnam.com\/en\/product\/dau-ban-vit-luc-giac-ranh-cai-9mm-chuoi-tron-than-phi-6-355mm-1-4-hexagon-%e2%ac%a1\/#primaryimage","url":"https:\/\/imrovietnam.com\/wp-content\/uploads\/2021\/08\/Hex-5mm-drive-hexagon-2.jpg","contentUrl":"https:\/\/imrovietnam.com\/wp-content\/uploads\/2021\/08\/Hex-5mm-drive-hexagon-2.jpg","width":666,"height":800,"caption":"Hex 5mm drive hexagon - 2"},{"@type":"BreadcrumbList","@id":"https:\/\/imrovietnam.com\/en\/product\/dau-ban-vit-luc-giac-ranh-cai-9mm-chuoi-tron-than-phi-6-355mm-1-4-hexagon-%e2%ac%a1\/#breadcrumb","itemListElement":[{"@type":"ListItem","position":1,"name":"Home","item":"https:\/\/imrovietnam.com\/"},{"@type":"ListItem","position":2,"name":"S\u1ea3n ph\u1ea9m","item":"https:\/\/imrovietnam.com\/shop\/"},{"@type":"ListItem","position":3,"name":"\u0110\u1ea7u b\u1eafn v\u00edt l\u1ee5c gi\u00e1c &#8211; r\u00e3nh c\u00e0i 9mm &#8211; chu\u00f4i l\u1ee5c gi\u00e1c Hex 6.35mm 1\/4&#8243;, Hexagon (\u2b21)"}]},{"@type":"WebSite","@id":"https:\/\/imrovietnam.com\/#website","url":"https:\/\/imrovietnam.com\/","name":"IMRO Vietnam","description":"Your consumables and spare parts store","potentialAction":[{"@type":"SearchAction","target":{"@type":"EntryPoint","urlTemplate":"https:\/\/imrovietnam.com\/?s={search_term_string}"},"query-input":{"@type":"PropertyValueSpecification","valueRequired":true,"valueName":"search_term_string"}}],"inLanguage":"en-US"}]}},"_links":{"self":[{"href":"https:\/\/imrovietnam.com\/en\/wp-json\/wp\/v2\/product\/2489","targetHints":{"allow":["GET"]}}],"collection":[{"href":"https:\/\/imrovietnam.com\/en\/wp-json\/wp\/v2\/product"}],"about":[{"href":"https:\/\/imrovietnam.com\/en\/wp-json\/wp\/v2\/types\/product"}],"replies":[{"embeddable":true,"href":"https:\/\/imrovietnam.com\/en\/wp-json\/wp\/v2\/comments?post=2489"}],"wp:featuredmedia":[{"embeddable":true,"href":"https:\/\/imrovietnam.com\/en\/wp-json\/wp\/v2\/media\/2492"}],"wp:attachment":[{"href":"https:\/\/imrovietnam.com\/en\/wp-json\/wp\/v2\/media?parent=2489"}],"wp:term":[{"taxonomy":"product_brand","embeddable":true,"href":"https:\/\/imrovietnam.com\/en\/wp-json\/wp\/v2\/product_brand?post=2489"},{"taxonomy":"product_cat","embeddable":true,"href":"https:\/\/imrovietnam.com\/en\/wp-json\/wp\/v2\/product_cat?post=2489"},{"taxonomy":"product_tag","embeddable":true,"href":"https:\/\/imrovietnam.com\/en\/wp-json\/wp\/v2\/product_tag?post=2489"}],"curies":[{"name":"wp","href":"https:\/\/api.w.org\/{rel}","templated":true}]}}