{"id":2437,"date":"2021-09-03T16:25:12","date_gmt":"2021-09-03T09:25:12","guid":{"rendered":"https:\/\/imrovietnam.com\/?post_type=product&#038;p=2437"},"modified":"2021-09-03T16:31:09","modified_gmt":"2021-09-03T09:31:09","slug":"dau-ban-vit-hoa-khe-ranh-ngang-14-20mm-chuoi-tron-than-phi-5mm-torx-hexwave-sao-chep","status":"publish","type":"product","link":"https:\/\/imrovietnam.com\/en\/product\/dau-ban-vit-hoa-khe-ranh-ngang-14-20mm-chuoi-tron-than-phi-5mm-torx-hexwave-sao-chep\/","title":{"rendered":"\u0110\u1ea7u b\u1eafn v\u00edt hoa kh\u1ebf &#8211; r\u00e3nh c\u00e0i 14mm &#8211; chu\u00f4i l\u1ee5c gi\u00e1c Hex 5mm, Torx &#8211; Hexwave (*)"},"content":{"rendered":"<p>\u0110\u1ea7u b\u1eafn v\u00edt hoa kh\u1ebf (*) Torx \/ hex-wave, r\u00e3nh c\u00e0i 14mm &#8211; chu\u00f4i l\u1ee5c gi\u00e1c Hex 5mm, d\u00f9ng cho s\u00fang b\u1eafn v\u00edt \u0111i\u1ec7n \/ t\u00f4 v\u00edt \u0111i\u1ec7n HIOS, KILEWS, Atlas Copco, Vessel, SEHAN.<\/p>\n<p>\u1ee8ng d\u1ee5ng trong d\u00e2y chuy\u1ec1n l\u1eafp r\u00e1p \u0111i\u1ec7n t\u1eed, \u0111\u1ed3 gia d\u1ee5ng, \u00f4 t\u00f4 &#8211; xe m\u00e1y<\/p>\n<p>\u0110\u1eb7c \u0111i\u1ec3m: \u0111\u1ed9 c\u1ee9ng cao \/ kh\u1ea3 n\u0103ng ch\u1ed1ng m\u00e0i m\u00f2n m\u1ea1nh. C\u00f3 t\u1eeb t\u00ednh \/ kh\u00f4ng c\u00f3 t\u1eeb t\u00ednh<\/p>\n<p>K\u00edch th\u01b0\u1edbc:<\/p>\n<p>&#8211; M\u0169i (tip point size): T5 ~ T27<\/p>\n<p>&#8211; Th\u00e2n (body): Hex 5mm<\/p>\n<p>&#8211; Chu\u00f4i c\u00e0i r\u00e3nh ngang 14mm<\/p>\n<p>&#8211; Chi\u1ec1u d\u00e0i: 75mm &#8211; 100mm &#8211; 150mm<\/p>\n<p>V\u1eadt li\u1ec7u: th\u00e9p S2<br \/>\n\u0110\u1ed9 c\u1ee9ng: HRC58-62<\/p>\n<p>H\u01b0\u1edbng d\u1eabn ch\u1ecdn m\u0169i v\u00edt ph\u00f9 h\u1ee3p con v\u00edt, con \u1ed1c<\/p>\n<table style=\"border-collapse: collapse; width: 63.5431%; height: 172px;\">\n<tbody>\n<tr style=\"height: 26px;\">\n<td style=\"width: 12.5926%; height: 26px;\"><strong>Bit point size<\/strong><\/td>\n<td style=\"width: 11.5173%; height: 26px;\"><strong>Screw size<\/strong><\/td>\n<td style=\"width: 11.3979%; height: 26px;\"><strong>Bit point size<\/strong><\/td>\n<td style=\"width: 11.2783%; height: 26px;\"><strong>Screw size<\/strong><\/td>\n<td style=\"width: 11.3979%; height: 26px;\"><strong>Bit point size<\/strong><\/td>\n<td style=\"width: 11.2783%; height: 26px;\"><strong>Screw size<\/strong><\/td>\n<\/tr>\n<tr style=\"height: 26px;\">\n<td style=\"width: 12.5926%; height: 26px;\">T1<\/td>\n<td style=\"width: 11.5173%; height: 26px;\">M1.0<\/td>\n<td style=\"width: 11.3979%; height: 26px;\">T7<\/td>\n<td style=\"width: 11.2783%; height: 26px;\"><\/td>\n<td style=\"width: 11.3979%; height: 26px;\">T25<\/td>\n<td style=\"width: 11.2783%; height: 26px;\">M5<\/td>\n<\/tr>\n<tr style=\"height: 26px;\">\n<td style=\"width: 12.5926%; height: 26px;\">T2<\/td>\n<td style=\"width: 11.5173%; height: 26px;\">M1.2<\/td>\n<td style=\"width: 11.3979%; height: 26px;\">T8<\/td>\n<td style=\"width: 11.2783%; height: 26px;\">M2.5\/M2.6<\/td>\n<td style=\"width: 11.3979%; height: 26px;\">T27<\/td>\n<td style=\"width: 11.2783%; height: 26px;\">M6<\/td>\n<\/tr>\n<tr style=\"height: 26px;\">\n<td style=\"width: 12.5926%; height: 26px;\">T3<\/td>\n<td style=\"width: 11.5173%; height: 26px;\">M1.4<\/td>\n<td style=\"width: 11.3979%; height: 26px;\">T9<\/td>\n<td style=\"width: 11.2783%; height: 26px;\"><\/td>\n<td style=\"width: 11.3979%; height: 26px;\">T30<\/td>\n<td style=\"width: 11.2783%; height: 26px;\">M6<\/td>\n<\/tr>\n<tr style=\"height: 26px;\">\n<td style=\"width: 12.5926%; height: 26px;\">T4<\/td>\n<td style=\"width: 11.5173%; height: 26px;\">M1.6 \/ M1.7<\/td>\n<td style=\"width: 11.3979%; height: 26px;\">T10<\/td>\n<td style=\"width: 11.2783%; height: 26px;\">M3<\/td>\n<td style=\"width: 11.3979%; height: 26px;\">T40<\/td>\n<td style=\"width: 11.2783%; height: 26px;\">M8\/M10<\/td>\n<\/tr>\n<tr style=\"height: 21px;\">\n<td style=\"width: 12.5926%; height: 21px;\">T5<\/td>\n<td style=\"width: 11.5173%; height: 21px;\">M2<\/td>\n<td style=\"width: 11.3979%; height: 21px;\">T15<\/td>\n<td style=\"width: 11.2783%; height: 21px;\">M3.5<\/td>\n<td style=\"width: 11.3979%; height: 21px;\">T45<\/td>\n<td style=\"width: 11.2783%; height: 21px;\">M10\/M12<\/td>\n<\/tr>\n<tr style=\"height: 21px;\">\n<td style=\"width: 12.5926%; height: 21px;\">T6<\/td>\n<td style=\"width: 11.5173%; height: 21px;\">M2\/M3<\/td>\n<td style=\"width: 11.3979%; height: 21px;\">T20<\/td>\n<td style=\"width: 11.2783%; height: 21px;\">M4<\/td>\n<td style=\"width: 11.3979%; height: 21px;\">T50<\/td>\n<td style=\"width: 11.2783%; height: 21px;\">M12\/M14<\/td>\n<\/tr>\n<\/tbody>\n<\/table>\n<p><img loading=\"lazy\" decoding=\"async\" class=\"alignnone wp-image-2438\" src=\"https:\/\/imrovietnam.com\/wp-content\/uploads\/2021\/09\/hex-5mm-drive-torx-1.jpg\" alt=\"hex 5mm drive torx - 1\" width=\"711\" height=\"186\" srcset=\"https:\/\/imrovietnam.com\/wp-content\/uploads\/2021\/09\/hex-5mm-drive-torx-1.jpg 1070w, https:\/\/imrovietnam.com\/wp-content\/uploads\/2021\/09\/hex-5mm-drive-torx-1-800x209.jpg 800w, https:\/\/imrovietnam.com\/wp-content\/uploads\/2021\/09\/hex-5mm-drive-torx-1-768x201.jpg 768w, https:\/\/imrovietnam.com\/wp-content\/uploads\/2021\/09\/hex-5mm-drive-torx-1-510x133.jpg 510w\" sizes=\"auto, (max-width: 711px) 100vw, 711px\" \/><\/p>\n<p>&nbsp;<\/p>\n","protected":false},"excerpt":{"rendered":"<p>K\u00edch th\u01b0\u1edbc:<\/p>\n<p>&#8211; M\u0169i (tip point size): T5 ~ T27<\/p>\n<p>&#8211; Th\u00e2n (body): Hex 5mm<\/p>\n<p>&#8211; Chu\u00f4i c\u00e0i r\u00e3nh ngang 14mm<\/p>\n<p>&#8211; Chi\u1ec1u d\u00e0i: 75mm &#8211; 100mm &#8211; 150mm<\/p>\n<table style=\"border-collapse: collapse; width: 63.5431%; height: 172px;\">\n<tbody>\n<tr style=\"height: 26px;\">\n<td style=\"width: 12.5926%; height: 26px;\"><strong>Bit point size<\/strong><\/td>\n<td style=\"width: 11.5173%; height: 26px;\"><strong>Screw size<\/strong><\/td>\n<td style=\"width: 11.3979%; height: 26px;\"><strong>Bit point size<\/strong><\/td>\n<td style=\"width: 11.2783%; height: 26px;\"><strong>Screw size<\/strong><\/td>\n<td style=\"width: 11.3979%; height: 26px;\"><strong>Bit point size<\/strong><\/td>\n<td style=\"width: 11.2783%; height: 26px;\"><strong>Screw size<\/strong><\/td>\n<\/tr>\n<tr style=\"height: 26px;\">\n<td style=\"width: 12.5926%; height: 26px;\">T1<\/td>\n<td style=\"width: 11.5173%; height: 26px;\">M1.0<\/td>\n<td style=\"width: 11.3979%; height: 26px;\">T7<\/td>\n<td style=\"width: 11.2783%; height: 26px;\"><\/td>\n<td style=\"width: 11.3979%; height: 26px;\">T25<\/td>\n<td style=\"width: 11.2783%; height: 26px;\">M5<\/td>\n<\/tr>\n<tr style=\"height: 26px;\">\n<td style=\"width: 12.5926%; height: 26px;\">T2<\/td>\n<td style=\"width: 11.5173%; height: 26px;\">M1.2<\/td>\n<td style=\"width: 11.3979%; height: 26px;\">T8<\/td>\n<td style=\"width: 11.2783%; height: 26px;\">M2.5\/M2.6<\/td>\n<td style=\"width: 11.3979%; height: 26px;\">T27<\/td>\n<td style=\"width: 11.2783%; height: 26px;\">M6<\/td>\n<\/tr>\n<tr style=\"height: 26px;\">\n<td style=\"width: 12.5926%; height: 26px;\">T3<\/td>\n<td style=\"width: 11.5173%; height: 26px;\">M1.4<\/td>\n<td style=\"width: 11.3979%; height: 26px;\">T9<\/td>\n<td style=\"width: 11.2783%; height: 26px;\"><\/td>\n<td style=\"width: 11.3979%; height: 26px;\">T30<\/td>\n<td style=\"width: 11.2783%; height: 26px;\">M6<\/td>\n<\/tr>\n<tr style=\"height: 26px;\">\n<td style=\"width: 12.5926%; height: 26px;\">T4<\/td>\n<td style=\"width: 11.5173%; height: 26px;\">M1.6 \/ M1.7<\/td>\n<td style=\"width: 11.3979%; height: 26px;\">T10<\/td>\n<td style=\"width: 11.2783%; height: 26px;\">M3<\/td>\n<td style=\"width: 11.3979%; height: 26px;\">T40<\/td>\n<td style=\"width: 11.2783%; height: 26px;\">M8\/M10<\/td>\n<\/tr>\n<tr style=\"height: 21px;\">\n<td style=\"width: 12.5926%; height: 21px;\">T5<\/td>\n<td style=\"width: 11.5173%; height: 21px;\">M2<\/td>\n<td style=\"width: 11.3979%; height: 21px;\">T15<\/td>\n<td style=\"width: 11.2783%; height: 21px;\">M3.5<\/td>\n<td style=\"width: 11.3979%; height: 21px;\">T45<\/td>\n<td style=\"width: 11.2783%; height: 21px;\">M10\/M12<\/td>\n<\/tr>\n<tr style=\"height: 21px;\">\n<td style=\"width: 12.5926%; height: 21px;\">T6<\/td>\n<td style=\"width: 11.5173%; height: 21px;\">M2\/M3<\/td>\n<td style=\"width: 11.3979%; height: 21px;\">T20<\/td>\n<td style=\"width: 11.2783%; height: 21px;\">M4<\/td>\n<td style=\"width: 11.3979%; height: 21px;\">T50<\/td>\n<td style=\"width: 11.2783%; height: 21px;\">M12\/M14<\/td>\n<\/tr>\n<\/tbody>\n<\/table>\n","protected":false},"featured_media":2440,"comment_status":"open","ping_status":"closed","template":"","meta":[],"product_brand":[],"product_cat":[45],"product_tag":[239,277,282,293,292,273,289,242,238,276,126,252,291,240],"class_list":{"0":"post-2437","1":"product","2":"type-product","3":"status-publish","4":"has-post-thumbnail","6":"product_cat-screwdrive-bits-2","7":"product_tag-ban-vit","8":"product_tag-electric-screwdriver","9":"product_tag-hex-5mm","10":"product_tag-hex-wave","11":"product_tag-hoa-khe","12":"product_tag-huong-dan-chonkich-thuoc","13":"product_tag-luc-giac","14":"product_tag-mui-ban-vit","15":"product_tag-mui-vit","16":"product_tag-screwdriver-bit","17":"product_tag-sung-ban-vit","18":"product_tag-torx","19":"product_tag-torx-plus","20":"product_tag-tu-dong","22":"first","23":"instock","24":"shipping-taxable","25":"product-type-simple"},"yoast_head":"<!-- This site is optimized with the Yoast SEO Premium plugin v25.0 (Yoast SEO v25.2) - https:\/\/yoast.com\/wordpress\/plugins\/seo\/ -->\n<title>\u0110\u1ea7u b\u1eafn v\u00edt hoa kh\u1ebf - r\u00e3nh c\u00e0i 14mm - chu\u00f4i l\u1ee5c gi\u00e1c Hex 5mm, Torx - Hexwave (*) - IMRO Vietnam<\/title>\n<meta name=\"robots\" content=\"index, follow, max-snippet:-1, max-image-preview:large, max-video-preview:-1\" \/>\n<link rel=\"canonical\" href=\"https:\/\/imrovietnam.com\/product\/dau-ban-vit-hoa-khe-ranh-ngang-14-20mm-chuoi-tron-than-phi-5mm-torx-hexwave-sao-chep\/\" \/>\n<meta property=\"og:locale\" content=\"en_US\" \/>\n<meta property=\"og:type\" content=\"article\" \/>\n<meta property=\"og:title\" content=\"\u0110\u1ea7u b\u1eafn v\u00edt hoa kh\u1ebf - r\u00e3nh c\u00e0i 14mm - chu\u00f4i l\u1ee5c gi\u00e1c Hex 5mm, Torx - Hexwave (*)\" \/>\n<meta property=\"og:description\" content=\"K\u00edch th\u01b0\u1edbc:  - M\u0169i (tip point size): T5 ~ T27  - Th\u00e2n (body): Hex 5mm  - Chu\u00f4i c\u00e0i r\u00e3nh ngang 14mm  - Chi\u1ec1u d\u00e0i: 75mm - 100mm - 150mm    Bit point size Screw size Bit point size Screw size Bit point size Screw size   T1 M1.0 T7  T25 M5   T2 M1.2 T8 M2.5\/M2.6 T27 M6   T3 M1.4 T9  T30 M6   T4 M1.6 \/ M1.7 T10 M3 T40 M8\/M10   T5 M2 T15 M3.5 T45 M10\/M12   T6 M2\/M3 T20 M4 T50 M12\/M14\" \/>\n<meta property=\"og:url\" content=\"https:\/\/imrovietnam.com\/product\/dau-ban-vit-hoa-khe-ranh-ngang-14-20mm-chuoi-tron-than-phi-5mm-torx-hexwave-sao-chep\/\" \/>\n<meta property=\"og:site_name\" content=\"IMRO Vietnam\" \/>\n<meta property=\"article:modified_time\" content=\"2021-09-03T09:31:09+00:00\" \/>\n<meta property=\"og:image\" content=\"https:\/\/imrovietnam.com\/wp-content\/uploads\/2021\/09\/hex-5mm-drive-torx-2.jpg\" \/>\n\t<meta property=\"og:image:width\" content=\"676\" \/>\n\t<meta property=\"og:image:height\" content=\"466\" \/>\n\t<meta property=\"og:image:type\" content=\"image\/jpeg\" \/>\n<meta name=\"twitter:card\" content=\"summary_large_image\" \/>\n<meta name=\"twitter:label1\" content=\"Est. reading time\" \/>\n\t<meta name=\"twitter:data1\" content=\"1 minute\" \/>\n<script type=\"application\/ld+json\" class=\"yoast-schema-graph\">{\"@context\":\"https:\/\/schema.org\",\"@graph\":[{\"@type\":\"WebPage\",\"@id\":\"https:\/\/imrovietnam.com\/product\/dau-ban-vit-hoa-khe-ranh-ngang-14-20mm-chuoi-tron-than-phi-5mm-torx-hexwave-sao-chep\/\",\"url\":\"https:\/\/imrovietnam.com\/product\/dau-ban-vit-hoa-khe-ranh-ngang-14-20mm-chuoi-tron-than-phi-5mm-torx-hexwave-sao-chep\/\",\"name\":\"\u0110\u1ea7u b\u1eafn v\u00edt hoa kh\u1ebf - r\u00e3nh c\u00e0i 14mm - chu\u00f4i l\u1ee5c gi\u00e1c Hex 5mm, Torx - Hexwave (*) - IMRO Vietnam\",\"isPartOf\":{\"@id\":\"https:\/\/imrovietnam.com\/#website\"},\"primaryImageOfPage\":{\"@id\":\"https:\/\/imrovietnam.com\/product\/dau-ban-vit-hoa-khe-ranh-ngang-14-20mm-chuoi-tron-than-phi-5mm-torx-hexwave-sao-chep\/#primaryimage\"},\"image\":{\"@id\":\"https:\/\/imrovietnam.com\/product\/dau-ban-vit-hoa-khe-ranh-ngang-14-20mm-chuoi-tron-than-phi-5mm-torx-hexwave-sao-chep\/#primaryimage\"},\"thumbnailUrl\":\"https:\/\/imrovietnam.com\/wp-content\/uploads\/2021\/09\/hex-5mm-drive-torx-2.jpg\",\"datePublished\":\"2021-09-03T09:25:12+00:00\",\"dateModified\":\"2021-09-03T09:31:09+00:00\",\"breadcrumb\":{\"@id\":\"https:\/\/imrovietnam.com\/product\/dau-ban-vit-hoa-khe-ranh-ngang-14-20mm-chuoi-tron-than-phi-5mm-torx-hexwave-sao-chep\/#breadcrumb\"},\"inLanguage\":\"en-US\",\"potentialAction\":[{\"@type\":\"ReadAction\",\"target\":[\"https:\/\/imrovietnam.com\/product\/dau-ban-vit-hoa-khe-ranh-ngang-14-20mm-chuoi-tron-than-phi-5mm-torx-hexwave-sao-chep\/\"]}]},{\"@type\":\"ImageObject\",\"inLanguage\":\"en-US\",\"@id\":\"https:\/\/imrovietnam.com\/product\/dau-ban-vit-hoa-khe-ranh-ngang-14-20mm-chuoi-tron-than-phi-5mm-torx-hexwave-sao-chep\/#primaryimage\",\"url\":\"https:\/\/imrovietnam.com\/wp-content\/uploads\/2021\/09\/hex-5mm-drive-torx-2.jpg\",\"contentUrl\":\"https:\/\/imrovietnam.com\/wp-content\/uploads\/2021\/09\/hex-5mm-drive-torx-2.jpg\",\"width\":676,\"height\":466},{\"@type\":\"BreadcrumbList\",\"@id\":\"https:\/\/imrovietnam.com\/product\/dau-ban-vit-hoa-khe-ranh-ngang-14-20mm-chuoi-tron-than-phi-5mm-torx-hexwave-sao-chep\/#breadcrumb\",\"itemListElement\":[{\"@type\":\"ListItem\",\"position\":1,\"name\":\"Home\",\"item\":\"https:\/\/imrovietnam.com\/\"},{\"@type\":\"ListItem\",\"position\":2,\"name\":\"S\u1ea3n ph\u1ea9m\",\"item\":\"https:\/\/imrovietnam.com\/shop\/\"},{\"@type\":\"ListItem\",\"position\":3,\"name\":\"\u0110\u1ea7u b\u1eafn v\u00edt hoa kh\u1ebf &#8211; r\u00e3nh c\u00e0i 14mm &#8211; chu\u00f4i l\u1ee5c gi\u00e1c Hex 5mm, Torx &#8211; Hexwave (*)\"}]},{\"@type\":\"WebSite\",\"@id\":\"https:\/\/imrovietnam.com\/#website\",\"url\":\"https:\/\/imrovietnam.com\/\",\"name\":\"IMRO Vietnam\",\"description\":\"Your consumables and spare parts store\",\"potentialAction\":[{\"@type\":\"SearchAction\",\"target\":{\"@type\":\"EntryPoint\",\"urlTemplate\":\"https:\/\/imrovietnam.com\/?s={search_term_string}\"},\"query-input\":{\"@type\":\"PropertyValueSpecification\",\"valueRequired\":true,\"valueName\":\"search_term_string\"}}],\"inLanguage\":\"en-US\"}]}<\/script>\n<!-- \/ Yoast SEO Premium plugin. -->","yoast_head_json":{"title":"\u0110\u1ea7u b\u1eafn v\u00edt hoa kh\u1ebf - r\u00e3nh c\u00e0i 14mm - chu\u00f4i l\u1ee5c gi\u00e1c Hex 5mm, Torx - Hexwave (*) - IMRO Vietnam","robots":{"index":"index","follow":"follow","max-snippet":"max-snippet:-1","max-image-preview":"max-image-preview:large","max-video-preview":"max-video-preview:-1"},"canonical":"https:\/\/imrovietnam.com\/product\/dau-ban-vit-hoa-khe-ranh-ngang-14-20mm-chuoi-tron-than-phi-5mm-torx-hexwave-sao-chep\/","og_locale":"en_US","og_type":"article","og_title":"\u0110\u1ea7u b\u1eafn v\u00edt hoa kh\u1ebf - r\u00e3nh c\u00e0i 14mm - chu\u00f4i l\u1ee5c gi\u00e1c Hex 5mm, Torx - Hexwave (*)","og_description":"K\u00edch th\u01b0\u1edbc:  - M\u0169i (tip point size): T5 ~ T27  - Th\u00e2n (body): Hex 5mm  - Chu\u00f4i c\u00e0i r\u00e3nh ngang 14mm  - Chi\u1ec1u d\u00e0i: 75mm - 100mm - 150mm    Bit point size Screw size Bit point size Screw size Bit point size Screw size   T1 M1.0 T7  T25 M5   T2 M1.2 T8 M2.5\/M2.6 T27 M6   T3 M1.4 T9  T30 M6   T4 M1.6 \/ M1.7 T10 M3 T40 M8\/M10   T5 M2 T15 M3.5 T45 M10\/M12   T6 M2\/M3 T20 M4 T50 M12\/M14","og_url":"https:\/\/imrovietnam.com\/product\/dau-ban-vit-hoa-khe-ranh-ngang-14-20mm-chuoi-tron-than-phi-5mm-torx-hexwave-sao-chep\/","og_site_name":"IMRO Vietnam","article_modified_time":"2021-09-03T09:31:09+00:00","og_image":[{"width":676,"height":466,"url":"https:\/\/imrovietnam.com\/wp-content\/uploads\/2021\/09\/hex-5mm-drive-torx-2.jpg","type":"image\/jpeg"}],"twitter_card":"summary_large_image","twitter_misc":{"Est. reading time":"1 minute"},"schema":{"@context":"https:\/\/schema.org","@graph":[{"@type":"WebPage","@id":"https:\/\/imrovietnam.com\/product\/dau-ban-vit-hoa-khe-ranh-ngang-14-20mm-chuoi-tron-than-phi-5mm-torx-hexwave-sao-chep\/","url":"https:\/\/imrovietnam.com\/product\/dau-ban-vit-hoa-khe-ranh-ngang-14-20mm-chuoi-tron-than-phi-5mm-torx-hexwave-sao-chep\/","name":"\u0110\u1ea7u b\u1eafn v\u00edt hoa kh\u1ebf - r\u00e3nh c\u00e0i 14mm - chu\u00f4i l\u1ee5c gi\u00e1c Hex 5mm, Torx - Hexwave (*) - IMRO Vietnam","isPartOf":{"@id":"https:\/\/imrovietnam.com\/#website"},"primaryImageOfPage":{"@id":"https:\/\/imrovietnam.com\/product\/dau-ban-vit-hoa-khe-ranh-ngang-14-20mm-chuoi-tron-than-phi-5mm-torx-hexwave-sao-chep\/#primaryimage"},"image":{"@id":"https:\/\/imrovietnam.com\/product\/dau-ban-vit-hoa-khe-ranh-ngang-14-20mm-chuoi-tron-than-phi-5mm-torx-hexwave-sao-chep\/#primaryimage"},"thumbnailUrl":"https:\/\/imrovietnam.com\/wp-content\/uploads\/2021\/09\/hex-5mm-drive-torx-2.jpg","datePublished":"2021-09-03T09:25:12+00:00","dateModified":"2021-09-03T09:31:09+00:00","breadcrumb":{"@id":"https:\/\/imrovietnam.com\/product\/dau-ban-vit-hoa-khe-ranh-ngang-14-20mm-chuoi-tron-than-phi-5mm-torx-hexwave-sao-chep\/#breadcrumb"},"inLanguage":"en-US","potentialAction":[{"@type":"ReadAction","target":["https:\/\/imrovietnam.com\/product\/dau-ban-vit-hoa-khe-ranh-ngang-14-20mm-chuoi-tron-than-phi-5mm-torx-hexwave-sao-chep\/"]}]},{"@type":"ImageObject","inLanguage":"en-US","@id":"https:\/\/imrovietnam.com\/product\/dau-ban-vit-hoa-khe-ranh-ngang-14-20mm-chuoi-tron-than-phi-5mm-torx-hexwave-sao-chep\/#primaryimage","url":"https:\/\/imrovietnam.com\/wp-content\/uploads\/2021\/09\/hex-5mm-drive-torx-2.jpg","contentUrl":"https:\/\/imrovietnam.com\/wp-content\/uploads\/2021\/09\/hex-5mm-drive-torx-2.jpg","width":676,"height":466},{"@type":"BreadcrumbList","@id":"https:\/\/imrovietnam.com\/product\/dau-ban-vit-hoa-khe-ranh-ngang-14-20mm-chuoi-tron-than-phi-5mm-torx-hexwave-sao-chep\/#breadcrumb","itemListElement":[{"@type":"ListItem","position":1,"name":"Home","item":"https:\/\/imrovietnam.com\/"},{"@type":"ListItem","position":2,"name":"S\u1ea3n ph\u1ea9m","item":"https:\/\/imrovietnam.com\/shop\/"},{"@type":"ListItem","position":3,"name":"\u0110\u1ea7u b\u1eafn v\u00edt hoa kh\u1ebf &#8211; r\u00e3nh c\u00e0i 14mm &#8211; chu\u00f4i l\u1ee5c gi\u00e1c Hex 5mm, Torx &#8211; Hexwave (*)"}]},{"@type":"WebSite","@id":"https:\/\/imrovietnam.com\/#website","url":"https:\/\/imrovietnam.com\/","name":"IMRO Vietnam","description":"Your consumables and spare parts store","potentialAction":[{"@type":"SearchAction","target":{"@type":"EntryPoint","urlTemplate":"https:\/\/imrovietnam.com\/?s={search_term_string}"},"query-input":{"@type":"PropertyValueSpecification","valueRequired":true,"valueName":"search_term_string"}}],"inLanguage":"en-US"}]}},"_links":{"self":[{"href":"https:\/\/imrovietnam.com\/en\/wp-json\/wp\/v2\/product\/2437","targetHints":{"allow":["GET"]}}],"collection":[{"href":"https:\/\/imrovietnam.com\/en\/wp-json\/wp\/v2\/product"}],"about":[{"href":"https:\/\/imrovietnam.com\/en\/wp-json\/wp\/v2\/types\/product"}],"replies":[{"embeddable":true,"href":"https:\/\/imrovietnam.com\/en\/wp-json\/wp\/v2\/comments?post=2437"}],"wp:featuredmedia":[{"embeddable":true,"href":"https:\/\/imrovietnam.com\/en\/wp-json\/wp\/v2\/media\/2440"}],"wp:attachment":[{"href":"https:\/\/imrovietnam.com\/en\/wp-json\/wp\/v2\/media?parent=2437"}],"wp:term":[{"taxonomy":"product_brand","embeddable":true,"href":"https:\/\/imrovietnam.com\/en\/wp-json\/wp\/v2\/product_brand?post=2437"},{"taxonomy":"product_cat","embeddable":true,"href":"https:\/\/imrovietnam.com\/en\/wp-json\/wp\/v2\/product_cat?post=2437"},{"taxonomy":"product_tag","embeddable":true,"href":"https:\/\/imrovietnam.com\/en\/wp-json\/wp\/v2\/product_tag?post=2437"}],"curies":[{"name":"wp","href":"https:\/\/api.w.org\/{rel}","templated":true}]}}