{"id":2407,"date":"2021-09-02T16:34:41","date_gmt":"2021-09-02T09:34:41","guid":{"rendered":"https:\/\/imrovietnam.com\/?post_type=product&#038;p=2407"},"modified":"2021-09-03T14:38:35","modified_gmt":"2021-09-03T07:38:35","slug":"dau-ban-vit-dau-tru-ranh-ngang-chuoi-tron-than-phi-4mm-slotted-sao-chep","status":"publish","type":"product","link":"https:\/\/imrovietnam.com\/en\/product\/dau-ban-vit-dau-tru-ranh-ngang-chuoi-tron-than-phi-4mm-slotted-sao-chep\/","title":{"rendered":"\u0110\u1ea7u b\u1eafn v\u00edt d\u1ea5u tr\u1eeb &#8211; r\u00e3nh ngang 9mm &#8211; chu\u00f4i l\u1ee5c gi\u00e1c hex 6.35mm 1\/4&#8243;, Slotted (-)"},"content":{"rendered":"\u0110\u1ea7u b\u1eafn v\u00edt d\u1ea5u tr\u1eeb (-) slotted r\u00e3nh ngang 9mm chu\u00f4i l\u1ee5c gi\u00e1c hex 6.35mm 1\/4&#8243;, d\u00f9ng cho s\u00fang b\u1eafn v\u00edt \u0111i\u1ec7n \/ t\u00f4 v\u00edt \u0111i\u1ec7n HIOS, KILEWS, Atlas Copco, Vessel, SEHAN.<\/p>\n<p>B\u1eafn \u0111\u01b0\u1ee3c v\u00edt m\u00e1y, v\u00edt b\u1eaft nh\u1ef1a, v\u00edt b\u1eaft g\u1ed7, v\u00edt \u0111\u1ea7u n\u1ea5m, v\u00edt \u0111\u1ea7u ph\u1eb3ng.<\/p>\n<p>\u1ee8ng d\u1ee5ng trong d\u00e2y chuy\u1ec1n l\u1eafp r\u00e1p \u0111i\u1ec7n t\u1eed, \u0111\u1ed3 gia d\u1ee5ng, \u00f4 t\u00f4 &#8211; xe m\u00e1y<\/p>\n<p>\u0110\u1eb7c \u0111i\u1ec3m: \u0111\u1ed9 c\u1ee9ng cao \/ kh\u1ea3 n\u0103ng ch\u1ed1ng m\u00e0i m\u00f2n m\u1ea1nh. C\u00f3 t\u1eeb t\u00ednh \/ kh\u00f4ng c\u00f3 t\u1eeb t\u00ednh<\/p>\n<p>K\u00edch th\u01b0\u1edbc:<\/p>\n<p>\u2013 M\u0169i (tip point size): 0.4mm \u2013 0.5mm \u2013 0.6mm &#8211; 0.75mm &#8211; 0.9mm &#8211; 1.0mm<\/p>\n<p>\u2013 Th\u00e2n (body): 6.35mm \/ 1\/4&#8243;<\/p>\n<p>\u2013 R\u00e3nh c\u00e0i 9mm<\/p>\n<p>\u2013 Chi\u1ec1u d\u00e0i: 50mm &#8211; 75mm &#8211; 100mm &#8211; 120mm &#8211; 150mm &#8211; 200mm<\/p>\n<p>V\u1eadt li\u1ec7u: th\u00e9p S2<br \/>\n\u0110\u1ed9 c\u1ee9ng: HRC58-62<\/p>\n<p><img loading=\"lazy\" decoding=\"async\" class=\"alignnone wp-image-2412\" src=\"https:\/\/imrovietnam.com\/wp-content\/uploads\/2021\/09\/Hex-6.35mm-drive-slotted-2.jpg\" alt=\"Hex 6.35mm drive slotted - 2\" width=\"595\" height=\"170\" srcset=\"https:\/\/imrovietnam.com\/wp-content\/uploads\/2021\/09\/Hex-6.35mm-drive-slotted-2.jpg 1190w, https:\/\/imrovietnam.com\/wp-content\/uploads\/2021\/09\/Hex-6.35mm-drive-slotted-2-800x229.jpg 800w, https:\/\/imrovietnam.com\/wp-content\/uploads\/2021\/09\/Hex-6.35mm-drive-slotted-2-768x219.jpg 768w, https:\/\/imrovietnam.com\/wp-content\/uploads\/2021\/09\/Hex-6.35mm-drive-slotted-2-510x146.jpg 510w\" sizes=\"auto, (max-width: 595px) 100vw, 595px\" \/><\/p>\n<p>&nbsp;","protected":false},"excerpt":{"rendered":"<p>K\u00edch th\u01b0\u1edbc:<\/p>\n<p>\u2013 M\u0169i (tip point size): 0.4mm \u2013 0.5mm \u2013 0.6mm &#8211; 0.75mm &#8211; 0.9mm &#8211; 1.0mm<\/p>\n<p>\u2013 Th\u00e2n (body): 6.35mm \/ 1\/4&#8243;<\/p>\n<p>\u2013 R\u00e3nh c\u00e0i 9mm<\/p>\n<p>\u2013 Chi\u1ec1u d\u00e0i: 50mm &#8211; 75mm &#8211; 100mm &#8211; 120mm &#8211; 150mm &#8211; 200mm<\/p>\n","protected":false},"featured_media":2410,"comment_status":"open","ping_status":"closed","template":"","meta":[],"product_brand":[],"product_cat":[45],"product_tag":[288,239,277,248,273,289,242,238,276,285,126,284,240],"class_list":{"0":"post-2407","1":"product","2":"type-product","3":"status-publish","4":"has-post-thumbnail","6":"product_cat-screwdrive-bits-2","7":"product_tag-6-35mm","8":"product_tag-ban-vit","9":"product_tag-electric-screwdriver","10":"product_tag-hex-1-4","11":"product_tag-huong-dan-chonkich-thuoc","12":"product_tag-luc-giac","13":"product_tag-mui-ban-vit","14":"product_tag-mui-vit","15":"product_tag-screwdriver-bit","16":"product_tag-slotted","17":"product_tag-sung-ban-vit","18":"product_tag-tru","19":"product_tag-tu-dong","21":"first","22":"instock","23":"shipping-taxable","24":"product-type-simple"},"yoast_head":"<!-- This site is optimized with the Yoast SEO Premium plugin v25.0 (Yoast SEO v25.2) - https:\/\/yoast.com\/wordpress\/plugins\/seo\/ -->\n<title>\u0110\u1ea7u b\u1eafn v\u00edt d\u1ea5u tr\u1eeb - r\u00e3nh ngang 9mm - chu\u00f4i l\u1ee5c gi\u00e1c hex 6.35mm 1\/4&quot;, Slotted (-) - IMRO Vietnam<\/title>\n<meta name=\"robots\" content=\"index, follow, max-snippet:-1, max-image-preview:large, max-video-preview:-1\" \/>\n<link rel=\"canonical\" href=\"https:\/\/imrovietnam.com\/en\/product\/dau-ban-vit-dau-tru-ranh-ngang-chuoi-tron-than-phi-4mm-slotted-sao-chep\/\" \/>\n<meta property=\"og:locale\" content=\"en_US\" \/>\n<meta property=\"og:type\" content=\"article\" \/>\n<meta property=\"og:title\" content=\"\u0110\u1ea7u b\u1eafn v\u00edt d\u1ea5u tr\u1eeb - r\u00e3nh ngang 9mm - chu\u00f4i l\u1ee5c gi\u00e1c hex 6.35mm 1\/4&quot;, Slotted (-)\" \/>\n<meta property=\"og:description\" content=\"K\u00edch th\u01b0\u1edbc:  \u2013 M\u0169i (tip point size): 0.4mm \u2013 0.5mm \u2013 0.6mm - 0.75mm - 0.9mm - 1.0mm  \u2013 Th\u00e2n (body): 6.35mm \/ 1\/4&quot;  \u2013 R\u00e3nh c\u00e0i 9mm  \u2013 Chi\u1ec1u d\u00e0i: 50mm - 75mm - 100mm - 120mm - 150mm - 200mm\" \/>\n<meta property=\"og:url\" content=\"https:\/\/imrovietnam.com\/en\/product\/dau-ban-vit-dau-tru-ranh-ngang-chuoi-tron-than-phi-4mm-slotted-sao-chep\/\" \/>\n<meta property=\"og:site_name\" content=\"IMRO Vietnam\" \/>\n<meta property=\"article:modified_time\" content=\"2021-09-03T07:38:35+00:00\" \/>\n<meta property=\"og:image\" content=\"https:\/\/imrovietnam.com\/wp-content\/uploads\/2021\/09\/Hex-6.35mm-drive-slotted.jpg\" \/>\n\t<meta property=\"og:image:width\" content=\"600\" \/>\n\t<meta property=\"og:image:height\" content=\"506\" \/>\n\t<meta property=\"og:image:type\" content=\"image\/jpeg\" \/>\n<meta name=\"twitter:card\" content=\"summary_large_image\" \/>\n<meta name=\"twitter:label1\" content=\"Est. reading time\" \/>\n\t<meta name=\"twitter:data1\" content=\"2 minutes\" \/>\n<script type=\"application\/ld+json\" class=\"yoast-schema-graph\">{\"@context\":\"https:\/\/schema.org\",\"@graph\":[{\"@type\":\"WebPage\",\"@id\":\"https:\/\/imrovietnam.com\/en\/product\/dau-ban-vit-dau-tru-ranh-ngang-chuoi-tron-than-phi-4mm-slotted-sao-chep\/\",\"url\":\"https:\/\/imrovietnam.com\/en\/product\/dau-ban-vit-dau-tru-ranh-ngang-chuoi-tron-than-phi-4mm-slotted-sao-chep\/\",\"name\":\"\u0110\u1ea7u b\u1eafn v\u00edt d\u1ea5u tr\u1eeb - r\u00e3nh ngang 9mm - chu\u00f4i l\u1ee5c gi\u00e1c hex 6.35mm 1\/4\\\", Slotted (-) - IMRO Vietnam\",\"isPartOf\":{\"@id\":\"https:\/\/imrovietnam.com\/#website\"},\"primaryImageOfPage\":{\"@id\":\"https:\/\/imrovietnam.com\/en\/product\/dau-ban-vit-dau-tru-ranh-ngang-chuoi-tron-than-phi-4mm-slotted-sao-chep\/#primaryimage\"},\"image\":{\"@id\":\"https:\/\/imrovietnam.com\/en\/product\/dau-ban-vit-dau-tru-ranh-ngang-chuoi-tron-than-phi-4mm-slotted-sao-chep\/#primaryimage\"},\"thumbnailUrl\":\"https:\/\/imrovietnam.com\/wp-content\/uploads\/2021\/09\/Hex-6.35mm-drive-slotted.jpg\",\"datePublished\":\"2021-09-02T09:34:41+00:00\",\"dateModified\":\"2021-09-03T07:38:35+00:00\",\"breadcrumb\":{\"@id\":\"https:\/\/imrovietnam.com\/en\/product\/dau-ban-vit-dau-tru-ranh-ngang-chuoi-tron-than-phi-4mm-slotted-sao-chep\/#breadcrumb\"},\"inLanguage\":\"en-US\",\"potentialAction\":[{\"@type\":\"ReadAction\",\"target\":[\"https:\/\/imrovietnam.com\/en\/product\/dau-ban-vit-dau-tru-ranh-ngang-chuoi-tron-than-phi-4mm-slotted-sao-chep\/\"]}]},{\"@type\":\"ImageObject\",\"inLanguage\":\"en-US\",\"@id\":\"https:\/\/imrovietnam.com\/en\/product\/dau-ban-vit-dau-tru-ranh-ngang-chuoi-tron-than-phi-4mm-slotted-sao-chep\/#primaryimage\",\"url\":\"https:\/\/imrovietnam.com\/wp-content\/uploads\/2021\/09\/Hex-6.35mm-drive-slotted.jpg\",\"contentUrl\":\"https:\/\/imrovietnam.com\/wp-content\/uploads\/2021\/09\/Hex-6.35mm-drive-slotted.jpg\",\"width\":600,\"height\":506,\"caption\":\"Hex 6.35mm drive slotted\"},{\"@type\":\"BreadcrumbList\",\"@id\":\"https:\/\/imrovietnam.com\/en\/product\/dau-ban-vit-dau-tru-ranh-ngang-chuoi-tron-than-phi-4mm-slotted-sao-chep\/#breadcrumb\",\"itemListElement\":[{\"@type\":\"ListItem\",\"position\":1,\"name\":\"Home\",\"item\":\"https:\/\/imrovietnam.com\/\"},{\"@type\":\"ListItem\",\"position\":2,\"name\":\"S\u1ea3n ph\u1ea9m\",\"item\":\"https:\/\/imrovietnam.com\/shop\/\"},{\"@type\":\"ListItem\",\"position\":3,\"name\":\"\u0110\u1ea7u b\u1eafn v\u00edt d\u1ea5u tr\u1eeb &#8211; r\u00e3nh ngang 9mm &#8211; chu\u00f4i l\u1ee5c gi\u00e1c hex 6.35mm 1\/4&#8243;, Slotted (-)\"}]},{\"@type\":\"WebSite\",\"@id\":\"https:\/\/imrovietnam.com\/#website\",\"url\":\"https:\/\/imrovietnam.com\/\",\"name\":\"IMRO Vietnam\",\"description\":\"Your consumables and spare parts store\",\"potentialAction\":[{\"@type\":\"SearchAction\",\"target\":{\"@type\":\"EntryPoint\",\"urlTemplate\":\"https:\/\/imrovietnam.com\/?s={search_term_string}\"},\"query-input\":{\"@type\":\"PropertyValueSpecification\",\"valueRequired\":true,\"valueName\":\"search_term_string\"}}],\"inLanguage\":\"en-US\"}]}<\/script>\n<!-- \/ Yoast SEO Premium plugin. -->","yoast_head_json":{"title":"\u0110\u1ea7u b\u1eafn v\u00edt d\u1ea5u tr\u1eeb - r\u00e3nh ngang 9mm - chu\u00f4i l\u1ee5c gi\u00e1c hex 6.35mm 1\/4\", Slotted (-) - IMRO Vietnam","robots":{"index":"index","follow":"follow","max-snippet":"max-snippet:-1","max-image-preview":"max-image-preview:large","max-video-preview":"max-video-preview:-1"},"canonical":"https:\/\/imrovietnam.com\/en\/product\/dau-ban-vit-dau-tru-ranh-ngang-chuoi-tron-than-phi-4mm-slotted-sao-chep\/","og_locale":"en_US","og_type":"article","og_title":"\u0110\u1ea7u b\u1eafn v\u00edt d\u1ea5u tr\u1eeb - r\u00e3nh ngang 9mm - chu\u00f4i l\u1ee5c gi\u00e1c hex 6.35mm 1\/4\", Slotted (-)","og_description":"K\u00edch th\u01b0\u1edbc:  \u2013 M\u0169i (tip point size): 0.4mm \u2013 0.5mm \u2013 0.6mm - 0.75mm - 0.9mm - 1.0mm  \u2013 Th\u00e2n (body): 6.35mm \/ 1\/4\"  \u2013 R\u00e3nh c\u00e0i 9mm  \u2013 Chi\u1ec1u d\u00e0i: 50mm - 75mm - 100mm - 120mm - 150mm - 200mm","og_url":"https:\/\/imrovietnam.com\/en\/product\/dau-ban-vit-dau-tru-ranh-ngang-chuoi-tron-than-phi-4mm-slotted-sao-chep\/","og_site_name":"IMRO Vietnam","article_modified_time":"2021-09-03T07:38:35+00:00","og_image":[{"width":600,"height":506,"url":"https:\/\/imrovietnam.com\/wp-content\/uploads\/2021\/09\/Hex-6.35mm-drive-slotted.jpg","type":"image\/jpeg"}],"twitter_card":"summary_large_image","twitter_misc":{"Est. reading time":"2 minutes"},"schema":{"@context":"https:\/\/schema.org","@graph":[{"@type":"WebPage","@id":"https:\/\/imrovietnam.com\/en\/product\/dau-ban-vit-dau-tru-ranh-ngang-chuoi-tron-than-phi-4mm-slotted-sao-chep\/","url":"https:\/\/imrovietnam.com\/en\/product\/dau-ban-vit-dau-tru-ranh-ngang-chuoi-tron-than-phi-4mm-slotted-sao-chep\/","name":"\u0110\u1ea7u b\u1eafn v\u00edt d\u1ea5u tr\u1eeb - r\u00e3nh ngang 9mm - chu\u00f4i l\u1ee5c gi\u00e1c hex 6.35mm 1\/4\", Slotted (-) - IMRO Vietnam","isPartOf":{"@id":"https:\/\/imrovietnam.com\/#website"},"primaryImageOfPage":{"@id":"https:\/\/imrovietnam.com\/en\/product\/dau-ban-vit-dau-tru-ranh-ngang-chuoi-tron-than-phi-4mm-slotted-sao-chep\/#primaryimage"},"image":{"@id":"https:\/\/imrovietnam.com\/en\/product\/dau-ban-vit-dau-tru-ranh-ngang-chuoi-tron-than-phi-4mm-slotted-sao-chep\/#primaryimage"},"thumbnailUrl":"https:\/\/imrovietnam.com\/wp-content\/uploads\/2021\/09\/Hex-6.35mm-drive-slotted.jpg","datePublished":"2021-09-02T09:34:41+00:00","dateModified":"2021-09-03T07:38:35+00:00","breadcrumb":{"@id":"https:\/\/imrovietnam.com\/en\/product\/dau-ban-vit-dau-tru-ranh-ngang-chuoi-tron-than-phi-4mm-slotted-sao-chep\/#breadcrumb"},"inLanguage":"en-US","potentialAction":[{"@type":"ReadAction","target":["https:\/\/imrovietnam.com\/en\/product\/dau-ban-vit-dau-tru-ranh-ngang-chuoi-tron-than-phi-4mm-slotted-sao-chep\/"]}]},{"@type":"ImageObject","inLanguage":"en-US","@id":"https:\/\/imrovietnam.com\/en\/product\/dau-ban-vit-dau-tru-ranh-ngang-chuoi-tron-than-phi-4mm-slotted-sao-chep\/#primaryimage","url":"https:\/\/imrovietnam.com\/wp-content\/uploads\/2021\/09\/Hex-6.35mm-drive-slotted.jpg","contentUrl":"https:\/\/imrovietnam.com\/wp-content\/uploads\/2021\/09\/Hex-6.35mm-drive-slotted.jpg","width":600,"height":506,"caption":"Hex 6.35mm drive slotted"},{"@type":"BreadcrumbList","@id":"https:\/\/imrovietnam.com\/en\/product\/dau-ban-vit-dau-tru-ranh-ngang-chuoi-tron-than-phi-4mm-slotted-sao-chep\/#breadcrumb","itemListElement":[{"@type":"ListItem","position":1,"name":"Home","item":"https:\/\/imrovietnam.com\/"},{"@type":"ListItem","position":2,"name":"S\u1ea3n ph\u1ea9m","item":"https:\/\/imrovietnam.com\/shop\/"},{"@type":"ListItem","position":3,"name":"\u0110\u1ea7u b\u1eafn v\u00edt d\u1ea5u tr\u1eeb &#8211; r\u00e3nh ngang 9mm &#8211; chu\u00f4i l\u1ee5c gi\u00e1c hex 6.35mm 1\/4&#8243;, Slotted (-)"}]},{"@type":"WebSite","@id":"https:\/\/imrovietnam.com\/#website","url":"https:\/\/imrovietnam.com\/","name":"IMRO Vietnam","description":"Your consumables and spare parts store","potentialAction":[{"@type":"SearchAction","target":{"@type":"EntryPoint","urlTemplate":"https:\/\/imrovietnam.com\/?s={search_term_string}"},"query-input":{"@type":"PropertyValueSpecification","valueRequired":true,"valueName":"search_term_string"}}],"inLanguage":"en-US"}]}},"_links":{"self":[{"href":"https:\/\/imrovietnam.com\/en\/wp-json\/wp\/v2\/product\/2407","targetHints":{"allow":["GET"]}}],"collection":[{"href":"https:\/\/imrovietnam.com\/en\/wp-json\/wp\/v2\/product"}],"about":[{"href":"https:\/\/imrovietnam.com\/en\/wp-json\/wp\/v2\/types\/product"}],"replies":[{"embeddable":true,"href":"https:\/\/imrovietnam.com\/en\/wp-json\/wp\/v2\/comments?post=2407"}],"wp:featuredmedia":[{"embeddable":true,"href":"https:\/\/imrovietnam.com\/en\/wp-json\/wp\/v2\/media\/2410"}],"wp:attachment":[{"href":"https:\/\/imrovietnam.com\/en\/wp-json\/wp\/v2\/media?parent=2407"}],"wp:term":[{"taxonomy":"product_brand","embeddable":true,"href":"https:\/\/imrovietnam.com\/en\/wp-json\/wp\/v2\/product_brand?post=2407"},{"taxonomy":"product_cat","embeddable":true,"href":"https:\/\/imrovietnam.com\/en\/wp-json\/wp\/v2\/product_cat?post=2407"},{"taxonomy":"product_tag","embeddable":true,"href":"https:\/\/imrovietnam.com\/en\/wp-json\/wp\/v2\/product_tag?post=2407"}],"curies":[{"name":"wp","href":"https:\/\/api.w.org\/{rel}","templated":true}]}}