{"id":2393,"date":"2021-09-02T15:29:49","date_gmt":"2021-09-02T08:29:49","guid":{"rendered":"https:\/\/imrovietnam.com\/?post_type=product&#038;p=2393"},"modified":"2021-09-04T14:24:58","modified_gmt":"2021-09-04T07:24:58","slug":"dau-ban-vit-dau-tru-ranh-ngang-11mm-chuoi-ban-nguyet-than-phi-4mm-slotted","status":"publish","type":"product","link":"https:\/\/imrovietnam.com\/en\/product\/dau-ban-vit-dau-tru-ranh-ngang-11mm-chuoi-ban-nguyet-than-phi-4mm-slotted\/","title":{"rendered":"\u0110\u1ea7u b\u1eafn v\u00edt d\u1ea5u tr\u1eeb &#8211; r\u00e3nh ngang 11mm &#8211; chu\u00f4i b\u00e1n nguy\u1ec7t &#8211; th\u00e2n phi 4mm, Slotted &#8211; (-)"},"content":{"rendered":"<p>\u0110\u1ea7u b\u1eafn v\u00edt d\u1ea5u tr\u1eeb (-) slotted r\u00e3nh ngang 11mm chu\u00f4i b\u00e1n nguy\u1ec7t halfmoon phi 4mm, kh\u00f4ng c\u00f3 c\u00e1nh, d\u00f9ng cho s\u00fang b\u1eafn v\u00edt \u0111i\u1ec7n \/ t\u00f4 v\u00edt \u0111i\u1ec7n HIOS, KILEWS, Atlas Copco, Vessel, SEHAN.<\/p>\n<p>\u1ee8ng d\u1ee5ng trong d\u00e2y chuy\u1ec1n l\u1eafp r\u00e1p \u0111i\u1ec7n t\u1eed, \u0111\u1ed3 gia d\u1ee5ng, \u00f4 t\u00f4 &#8211; xe m\u00e1y<\/p>\n<p>\u0110\u1eb7c \u0111i\u1ec3m: \u0111\u1ed9 c\u1ee9ng cao \/ kh\u1ea3 n\u0103ng ch\u1ed1ng m\u00e0i m\u00f2n m\u1ea1nh. C\u00f3 t\u1eeb t\u00ednh \/ kh\u00f4ng c\u00f3 t\u1eeb t\u00ednh<\/p>\n<p>K\u00edch th\u01b0\u1edbc:<\/p>\n<p>&#8211; M\u0169i (tip point size): 0.3mm &#8211; 0.4mm &#8211; 0.5mm<\/p>\n<p>&#8211; Th\u00e2n (body): \u03c64mm \/ D4 \/ \u03a64mm<\/p>\n<p>&#8211; Chu\u00f4i c\u00e0i b\u00e1n nguy\u1ec7t halfmoon<\/p>\n<p>&#8211; Chi\u1ec1u d\u00e0i: 44mm<\/p>\n<p>V\u1eadt li\u1ec7u: th\u00e9p S2<br \/>\n\u0110\u1ed9 c\u1ee9ng: HRC58-62<\/p>\n<p><img loading=\"lazy\" decoding=\"async\" class=\"alignnone wp-image-2394\" src=\"https:\/\/imrovietnam.com\/wp-content\/uploads\/2021\/09\/4mm-half-moon-drive-slotted.jpg\" alt=\"4mm half moon drive slotted\" width=\"662\" height=\"262\" srcset=\"https:\/\/imrovietnam.com\/wp-content\/uploads\/2021\/09\/4mm-half-moon-drive-slotted.jpg 1191w, https:\/\/imrovietnam.com\/wp-content\/uploads\/2021\/09\/4mm-half-moon-drive-slotted-800x317.jpg 800w, https:\/\/imrovietnam.com\/wp-content\/uploads\/2021\/09\/4mm-half-moon-drive-slotted-768x304.jpg 768w, https:\/\/imrovietnam.com\/wp-content\/uploads\/2021\/09\/4mm-half-moon-drive-slotted-510x202.jpg 510w\" sizes=\"auto, (max-width: 662px) 100vw, 662px\" \/><\/p>\n","protected":false},"excerpt":{"rendered":"<p>K\u00edch th\u01b0\u1edbc:<\/p>\n<p>&#8211; M\u0169i (tip point size): 0.3mm &#8211; 0.4mm &#8211; 0.5mm<\/p>\n<p>&#8211; Th\u00e2n (body): \u03c64mm \/ D4 \/ \u03a64mm<\/p>\n<p>&#8211; Chu\u00f4i c\u00e0i b\u00e1n nguy\u1ec7t halfmoon<\/p>\n<p>&#8211; Chi\u1ec1u d\u00e0i: 44mm<\/p>\n","protected":false},"featured_media":2464,"comment_status":"open","ping_status":"closed","template":"","meta":[],"product_brand":[],"product_cat":[45],"product_tag":[286,278,239,277,279,273,242,238,241,274,275,276,126,240],"class_list":{"0":"post-2393","1":"product","2":"type-product","3":"status-publish","4":"has-post-thumbnail","6":"product_cat-screwdrive-bits-2","7":"product_tag-4mm","8":"product_tag-ban-nguyet","9":"product_tag-ban-vit","10":"product_tag-electric-screwdriver","11":"product_tag-halfmoon","12":"product_tag-huong-dan-chonkich-thuoc","13":"product_tag-mui-ban-vit","14":"product_tag-mui-vit","15":"product_tag-ph","16":"product_tag-phillp","17":"product_tag-plus","18":"product_tag-screwdriver-bit","19":"product_tag-sung-ban-vit","20":"product_tag-tu-dong","22":"first","23":"instock","24":"shipping-taxable","25":"product-type-simple"},"yoast_head":"<!-- This site is optimized with the Yoast SEO Premium plugin v25.0 (Yoast SEO v25.2) - https:\/\/yoast.com\/wordpress\/plugins\/seo\/ -->\n<title>\u0110\u1ea7u b\u1eafn v\u00edt d\u1ea5u tr\u1eeb - r\u00e3nh ngang 11mm - chu\u00f4i b\u00e1n nguy\u1ec7t - th\u00e2n phi 4mm, Slotted - (-) - IMRO Vietnam<\/title>\n<meta name=\"robots\" content=\"index, follow, max-snippet:-1, max-image-preview:large, max-video-preview:-1\" \/>\n<link rel=\"canonical\" href=\"https:\/\/imrovietnam.com\/product\/dau-ban-vit-dau-tru-ranh-ngang-11mm-chuoi-ban-nguyet-than-phi-4mm-slotted\/\" \/>\n<meta property=\"og:locale\" content=\"en_US\" \/>\n<meta property=\"og:type\" content=\"article\" \/>\n<meta property=\"og:title\" content=\"\u0110\u1ea7u b\u1eafn v\u00edt d\u1ea5u tr\u1eeb - r\u00e3nh ngang 11mm - chu\u00f4i b\u00e1n nguy\u1ec7t - th\u00e2n phi 4mm, Slotted - (-)\" \/>\n<meta property=\"og:description\" content=\"K\u00edch th\u01b0\u1edbc:  - M\u0169i (tip point size): 0.3mm - 0.4mm - 0.5mm  - Th\u00e2n (body): \u03c64mm \/ D4 \/ \u03a64mm  - Chu\u00f4i c\u00e0i b\u00e1n nguy\u1ec7t halfmoon  - Chi\u1ec1u d\u00e0i: 44mm\" \/>\n<meta property=\"og:url\" content=\"https:\/\/imrovietnam.com\/product\/dau-ban-vit-dau-tru-ranh-ngang-11mm-chuoi-ban-nguyet-than-phi-4mm-slotted\/\" \/>\n<meta property=\"og:site_name\" content=\"IMRO Vietnam\" \/>\n<meta property=\"article:modified_time\" content=\"2021-09-04T07:24:58+00:00\" \/>\n<meta property=\"og:image\" content=\"https:\/\/imrovietnam.com\/wp-content\/uploads\/2021\/09\/4mm-half-moon-drive-slotted-2-1.jpg\" \/>\n\t<meta property=\"og:image:width\" content=\"646\" \/>\n\t<meta property=\"og:image:height\" content=\"770\" \/>\n\t<meta property=\"og:image:type\" content=\"image\/jpeg\" \/>\n<meta name=\"twitter:card\" content=\"summary_large_image\" \/>\n<meta name=\"twitter:label1\" content=\"Est. reading time\" \/>\n\t<meta name=\"twitter:data1\" content=\"1 minute\" \/>\n<script type=\"application\/ld+json\" class=\"yoast-schema-graph\">{\"@context\":\"https:\/\/schema.org\",\"@graph\":[{\"@type\":\"WebPage\",\"@id\":\"https:\/\/imrovietnam.com\/product\/dau-ban-vit-dau-tru-ranh-ngang-11mm-chuoi-ban-nguyet-than-phi-4mm-slotted\/\",\"url\":\"https:\/\/imrovietnam.com\/product\/dau-ban-vit-dau-tru-ranh-ngang-11mm-chuoi-ban-nguyet-than-phi-4mm-slotted\/\",\"name\":\"\u0110\u1ea7u b\u1eafn v\u00edt d\u1ea5u tr\u1eeb - r\u00e3nh ngang 11mm - chu\u00f4i b\u00e1n nguy\u1ec7t - th\u00e2n phi 4mm, Slotted - (-) - IMRO Vietnam\",\"isPartOf\":{\"@id\":\"https:\/\/imrovietnam.com\/en\/#website\"},\"primaryImageOfPage\":{\"@id\":\"https:\/\/imrovietnam.com\/product\/dau-ban-vit-dau-tru-ranh-ngang-11mm-chuoi-ban-nguyet-than-phi-4mm-slotted\/#primaryimage\"},\"image\":{\"@id\":\"https:\/\/imrovietnam.com\/product\/dau-ban-vit-dau-tru-ranh-ngang-11mm-chuoi-ban-nguyet-than-phi-4mm-slotted\/#primaryimage\"},\"thumbnailUrl\":\"https:\/\/imrovietnam.com\/wp-content\/uploads\/2021\/09\/4mm-half-moon-drive-slotted-2-1.jpg\",\"datePublished\":\"2021-09-02T08:29:49+00:00\",\"dateModified\":\"2021-09-04T07:24:58+00:00\",\"breadcrumb\":{\"@id\":\"https:\/\/imrovietnam.com\/product\/dau-ban-vit-dau-tru-ranh-ngang-11mm-chuoi-ban-nguyet-than-phi-4mm-slotted\/#breadcrumb\"},\"inLanguage\":\"en-US\",\"potentialAction\":[{\"@type\":\"ReadAction\",\"target\":[\"https:\/\/imrovietnam.com\/product\/dau-ban-vit-dau-tru-ranh-ngang-11mm-chuoi-ban-nguyet-than-phi-4mm-slotted\/\"]}]},{\"@type\":\"ImageObject\",\"inLanguage\":\"en-US\",\"@id\":\"https:\/\/imrovietnam.com\/product\/dau-ban-vit-dau-tru-ranh-ngang-11mm-chuoi-ban-nguyet-than-phi-4mm-slotted\/#primaryimage\",\"url\":\"https:\/\/imrovietnam.com\/wp-content\/uploads\/2021\/09\/4mm-half-moon-drive-slotted-2-1.jpg\",\"contentUrl\":\"https:\/\/imrovietnam.com\/wp-content\/uploads\/2021\/09\/4mm-half-moon-drive-slotted-2-1.jpg\",\"width\":646,\"height\":770,\"caption\":\"4mm half moon drive slotted - 2\"},{\"@type\":\"BreadcrumbList\",\"@id\":\"https:\/\/imrovietnam.com\/product\/dau-ban-vit-dau-tru-ranh-ngang-11mm-chuoi-ban-nguyet-than-phi-4mm-slotted\/#breadcrumb\",\"itemListElement\":[{\"@type\":\"ListItem\",\"position\":1,\"name\":\"Home\",\"item\":\"https:\/\/imrovietnam.com\/en\/\"},{\"@type\":\"ListItem\",\"position\":2,\"name\":\"S\u1ea3n ph\u1ea9m\",\"item\":\"https:\/\/imrovietnam.com\/shop\/\"},{\"@type\":\"ListItem\",\"position\":3,\"name\":\"\u0110\u1ea7u b\u1eafn v\u00edt d\u1ea5u tr\u1eeb &#8211; r\u00e3nh ngang 11mm &#8211; chu\u00f4i b\u00e1n nguy\u1ec7t &#8211; th\u00e2n phi 4mm, Slotted &#8211; (-)\"}]},{\"@type\":\"WebSite\",\"@id\":\"https:\/\/imrovietnam.com\/en\/#website\",\"url\":\"https:\/\/imrovietnam.com\/en\/\",\"name\":\"IMRO Vietnam\",\"description\":\"Your consumables and spare parts store\",\"potentialAction\":[{\"@type\":\"SearchAction\",\"target\":{\"@type\":\"EntryPoint\",\"urlTemplate\":\"https:\/\/imrovietnam.com\/en\/?s={search_term_string}\"},\"query-input\":{\"@type\":\"PropertyValueSpecification\",\"valueRequired\":true,\"valueName\":\"search_term_string\"}}],\"inLanguage\":\"en-US\"}]}<\/script>\n<!-- \/ Yoast SEO Premium plugin. -->","yoast_head_json":{"title":"\u0110\u1ea7u b\u1eafn v\u00edt d\u1ea5u tr\u1eeb - r\u00e3nh ngang 11mm - chu\u00f4i b\u00e1n nguy\u1ec7t - th\u00e2n phi 4mm, Slotted - (-) - IMRO Vietnam","robots":{"index":"index","follow":"follow","max-snippet":"max-snippet:-1","max-image-preview":"max-image-preview:large","max-video-preview":"max-video-preview:-1"},"canonical":"https:\/\/imrovietnam.com\/product\/dau-ban-vit-dau-tru-ranh-ngang-11mm-chuoi-ban-nguyet-than-phi-4mm-slotted\/","og_locale":"en_US","og_type":"article","og_title":"\u0110\u1ea7u b\u1eafn v\u00edt d\u1ea5u tr\u1eeb - r\u00e3nh ngang 11mm - chu\u00f4i b\u00e1n nguy\u1ec7t - th\u00e2n phi 4mm, Slotted - (-)","og_description":"K\u00edch th\u01b0\u1edbc:  - M\u0169i (tip point size): 0.3mm - 0.4mm - 0.5mm  - Th\u00e2n (body): \u03c64mm \/ D4 \/ \u03a64mm  - Chu\u00f4i c\u00e0i b\u00e1n nguy\u1ec7t halfmoon  - Chi\u1ec1u d\u00e0i: 44mm","og_url":"https:\/\/imrovietnam.com\/product\/dau-ban-vit-dau-tru-ranh-ngang-11mm-chuoi-ban-nguyet-than-phi-4mm-slotted\/","og_site_name":"IMRO Vietnam","article_modified_time":"2021-09-04T07:24:58+00:00","og_image":[{"width":646,"height":770,"url":"https:\/\/imrovietnam.com\/wp-content\/uploads\/2021\/09\/4mm-half-moon-drive-slotted-2-1.jpg","type":"image\/jpeg"}],"twitter_card":"summary_large_image","twitter_misc":{"Est. reading time":"1 minute"},"schema":{"@context":"https:\/\/schema.org","@graph":[{"@type":"WebPage","@id":"https:\/\/imrovietnam.com\/product\/dau-ban-vit-dau-tru-ranh-ngang-11mm-chuoi-ban-nguyet-than-phi-4mm-slotted\/","url":"https:\/\/imrovietnam.com\/product\/dau-ban-vit-dau-tru-ranh-ngang-11mm-chuoi-ban-nguyet-than-phi-4mm-slotted\/","name":"\u0110\u1ea7u b\u1eafn v\u00edt d\u1ea5u tr\u1eeb - r\u00e3nh ngang 11mm - chu\u00f4i b\u00e1n nguy\u1ec7t - th\u00e2n phi 4mm, Slotted - (-) - IMRO Vietnam","isPartOf":{"@id":"https:\/\/imrovietnam.com\/en\/#website"},"primaryImageOfPage":{"@id":"https:\/\/imrovietnam.com\/product\/dau-ban-vit-dau-tru-ranh-ngang-11mm-chuoi-ban-nguyet-than-phi-4mm-slotted\/#primaryimage"},"image":{"@id":"https:\/\/imrovietnam.com\/product\/dau-ban-vit-dau-tru-ranh-ngang-11mm-chuoi-ban-nguyet-than-phi-4mm-slotted\/#primaryimage"},"thumbnailUrl":"https:\/\/imrovietnam.com\/wp-content\/uploads\/2021\/09\/4mm-half-moon-drive-slotted-2-1.jpg","datePublished":"2021-09-02T08:29:49+00:00","dateModified":"2021-09-04T07:24:58+00:00","breadcrumb":{"@id":"https:\/\/imrovietnam.com\/product\/dau-ban-vit-dau-tru-ranh-ngang-11mm-chuoi-ban-nguyet-than-phi-4mm-slotted\/#breadcrumb"},"inLanguage":"en-US","potentialAction":[{"@type":"ReadAction","target":["https:\/\/imrovietnam.com\/product\/dau-ban-vit-dau-tru-ranh-ngang-11mm-chuoi-ban-nguyet-than-phi-4mm-slotted\/"]}]},{"@type":"ImageObject","inLanguage":"en-US","@id":"https:\/\/imrovietnam.com\/product\/dau-ban-vit-dau-tru-ranh-ngang-11mm-chuoi-ban-nguyet-than-phi-4mm-slotted\/#primaryimage","url":"https:\/\/imrovietnam.com\/wp-content\/uploads\/2021\/09\/4mm-half-moon-drive-slotted-2-1.jpg","contentUrl":"https:\/\/imrovietnam.com\/wp-content\/uploads\/2021\/09\/4mm-half-moon-drive-slotted-2-1.jpg","width":646,"height":770,"caption":"4mm half moon drive slotted - 2"},{"@type":"BreadcrumbList","@id":"https:\/\/imrovietnam.com\/product\/dau-ban-vit-dau-tru-ranh-ngang-11mm-chuoi-ban-nguyet-than-phi-4mm-slotted\/#breadcrumb","itemListElement":[{"@type":"ListItem","position":1,"name":"Home","item":"https:\/\/imrovietnam.com\/en\/"},{"@type":"ListItem","position":2,"name":"S\u1ea3n ph\u1ea9m","item":"https:\/\/imrovietnam.com\/shop\/"},{"@type":"ListItem","position":3,"name":"\u0110\u1ea7u b\u1eafn v\u00edt d\u1ea5u tr\u1eeb &#8211; r\u00e3nh ngang 11mm &#8211; chu\u00f4i b\u00e1n nguy\u1ec7t &#8211; th\u00e2n phi 4mm, Slotted &#8211; (-)"}]},{"@type":"WebSite","@id":"https:\/\/imrovietnam.com\/en\/#website","url":"https:\/\/imrovietnam.com\/en\/","name":"IMRO Vietnam","description":"Your consumables and spare parts store","potentialAction":[{"@type":"SearchAction","target":{"@type":"EntryPoint","urlTemplate":"https:\/\/imrovietnam.com\/en\/?s={search_term_string}"},"query-input":{"@type":"PropertyValueSpecification","valueRequired":true,"valueName":"search_term_string"}}],"inLanguage":"en-US"}]}},"_links":{"self":[{"href":"https:\/\/imrovietnam.com\/en\/wp-json\/wp\/v2\/product\/2393","targetHints":{"allow":["GET"]}}],"collection":[{"href":"https:\/\/imrovietnam.com\/en\/wp-json\/wp\/v2\/product"}],"about":[{"href":"https:\/\/imrovietnam.com\/en\/wp-json\/wp\/v2\/types\/product"}],"replies":[{"embeddable":true,"href":"https:\/\/imrovietnam.com\/en\/wp-json\/wp\/v2\/comments?post=2393"}],"wp:featuredmedia":[{"embeddable":true,"href":"https:\/\/imrovietnam.com\/en\/wp-json\/wp\/v2\/media\/2464"}],"wp:attachment":[{"href":"https:\/\/imrovietnam.com\/en\/wp-json\/wp\/v2\/media?parent=2393"}],"wp:term":[{"taxonomy":"product_brand","embeddable":true,"href":"https:\/\/imrovietnam.com\/en\/wp-json\/wp\/v2\/product_brand?post=2393"},{"taxonomy":"product_cat","embeddable":true,"href":"https:\/\/imrovietnam.com\/en\/wp-json\/wp\/v2\/product_cat?post=2393"},{"taxonomy":"product_tag","embeddable":true,"href":"https:\/\/imrovietnam.com\/en\/wp-json\/wp\/v2\/product_tag?post=2393"}],"curies":[{"name":"wp","href":"https:\/\/api.w.org\/{rel}","templated":true}]}}