{"id":2318,"date":"2021-08-31T16:20:27","date_gmt":"2021-08-31T09:20:27","guid":{"rendered":"https:\/\/imrovietnam.com\/?post_type=product&#038;p=2318"},"modified":"2021-08-31T16:48:15","modified_gmt":"2021-08-31T09:48:15","slug":"ro-le-relay-ls-omron-schneider-siemens","status":"publish","type":"product","link":"https:\/\/imrovietnam.com\/en\/product\/ro-le-relay-ls-omron-schneider-siemens\/","title":{"rendered":"R\u01a1 le relay LS, omron, Schneider, siemens"},"content":{"rendered":"IRMO l\u00e0 \u0111\u1ea1i l\u00fd ph\u00e2n ph\u1ed1i ch\u00ednh h\u00e3ng c\u00e1c th\u1ecb b\u1ecb \u0111i\u1ec7n n\u1ed5i ti\u1ebfng th\u1ebf gi\u1edbi g\u1ed3m : R\u01a1 le relay LS, omron, Schneider, siemens, Bi\u1ebfn T\u1ea7n Inverter Scheneider, ranfoss, LS, Seimens, INVT. B\u1ed9 l\u1eadp tr\u00ecnh PLC, Kh\u1edfi \u0111\u1ed9ng t\u1eeb, kh\u1edfi \u0111\u1ed9ng m\u1ec1m, thi\u1ebft b\u1ecb chuy\u1ec3n ngu\u1ed3n, m\u00e0n h\u00ecnh HMI,bi\u1ebfn t\u1ea7n, r\u01a1 le ( relay ) timer, counter, UPS, \u0111\u1ed3ng h\u1ed3 \u0111o \u0111i\u1ec7n&#8230;.c\u00e1c h\u00e3ng Seimens, Omrons, Mitsubishi, Schneider&#8230;.<\/p>\n<p><img loading=\"lazy\" decoding=\"async\" class=\"alignnone size-full wp-image-2321\" src=\"https:\/\/imrovietnam.com\/wp-content\/uploads\/2021\/08\/Ro-le-Relay-Schneider.jpg\" alt=\"\" width=\"621\" height=\"614\" srcset=\"https:\/\/imrovietnam.com\/wp-content\/uploads\/2021\/08\/Ro-le-Relay-Schneider.jpg 621w, https:\/\/imrovietnam.com\/wp-content\/uploads\/2021\/08\/Ro-le-Relay-Schneider-405x400.jpg 405w, https:\/\/imrovietnam.com\/wp-content\/uploads\/2021\/08\/Ro-le-Relay-Schneider-510x504.jpg 510w, https:\/\/imrovietnam.com\/wp-content\/uploads\/2021\/08\/Ro-le-Relay-Schneider-100x100.jpg 100w\" sizes=\"auto, (max-width: 621px) 100vw, 621px\" \/><\/p>\n<p>&nbsp;<\/p>\n<p>V\u1edbi \u0111\u1ed9i ng\u0169 k\u00fd thu\u1eadt t\u1ed1t nghi\u1ec7p \u0111\u1ea1i h\u1ecdc b\u00e1ch khoa chuy\u00ean ng\u00e0nh t\u1ef1 \u0111\u1ed9ng h\u00f3a v\u1edbi nhi\u1ec1u n\u0103m kinh nghi\u1ec7m l\u00e0m vi\u1ec7c c\u00e1c d\u1ef1 \u00e1n l\u1edbn trong c\u00e1c nh\u00e0 m\u00e1y x\u00fd nghi\u1ec7p. Ch\u00fang t\u00f4i bi\u1ebft b\u1ea1n c\u1ea7n nh\u1eefng g\u00ec v\u00e0 ch\u00fang t\u00f4i lu\u00f4n chu\u1ea9n b\u1ecb ch\u00fang s\u1eb5n s\u00e0ng cho b\u1ea1n.<\/p>\n<p>IMRO kho spare part c\u1ee7a b\u1ea1n<\/p>\n<p><img loading=\"lazy\" decoding=\"async\" class=\"alignnone size-full wp-image-2325\" src=\"https:\/\/imrovietnam.com\/wp-content\/uploads\/2021\/08\/Ro-le-Relay-Siemens-1.jpg\" alt=\"\" width=\"520\" height=\"602\" srcset=\"https:\/\/imrovietnam.com\/wp-content\/uploads\/2021\/08\/Ro-le-Relay-Siemens-1.jpg 520w, https:\/\/imrovietnam.com\/wp-content\/uploads\/2021\/08\/Ro-le-Relay-Siemens-1-346x400.jpg 346w, https:\/\/imrovietnam.com\/wp-content\/uploads\/2021\/08\/Ro-le-Relay-Siemens-1-510x590.jpg 510w\" sizes=\"auto, (max-width: 520px) 100vw, 520px\" \/><\/p>\n<p>IRMO l\u00e0 \u0111\u1ea1i l\u00fd ph\u00e2n ph\u1ed1i ch\u00ednh h\u00e3ng c\u00e1c th\u1ecb b\u1ecb \u0111i\u1ec7n n\u1ed5i ti\u1ebfng th\u1ebf gi\u1edbi g\u1ed3m : R\u01a1 le relay LS, omron, Schneider, siemens, Bi\u1ebfn T\u1ea7n Inverter Scheneider, ranfoss, LS, Seimens, INVT. B\u1ed9 l\u1eadp tr\u00ecnh PLC, Kh\u1edfi \u0111\u1ed9ng t\u1eeb, kh\u1edfi \u0111\u1ed9ng m\u1ec1m, thi\u1ebft b\u1ecb chuy\u1ec3n ngu\u1ed3n, m\u00e0n h\u00ecnh HMI,bi\u1ebfn t\u1ea7n, r\u01a1 le ( relay ) timer, counter, UPS, \u0111\u1ed3ng h\u1ed3 \u0111o \u0111i\u1ec7n&#8230;.c\u00e1c h\u00e3ng Seimens, Omrons, Mitsubishi, Schneider&#8230;.<\/p>\n<p>V\u1edbi \u0111\u1ed9i ng\u0169 k\u00fd thu\u1eadt t\u1ed1t nghi\u1ec7p \u0111\u1ea1i h\u1ecdc b\u00e1ch khoa chuy\u00ean ng\u00e0nh t\u1ef1 \u0111\u1ed9ng h\u00f3a v\u1edbi nhi\u1ec1u n\u0103m kinh nghi\u1ec7m l\u00e0m vi\u1ec7c c\u00e1c d\u1ef1 \u00e1n l\u1edbn trong c\u00e1c nh\u00e0 m\u00e1y x\u00fd nghi\u1ec7p. Ch\u00fang t\u00f4i bi\u1ebft b\u1ea1n c\u1ea7n nh\u1eefng g\u00ec v\u00e0 ch\u00fang t\u00f4i lu\u00f4n chu\u1ea9n b\u1ecb ch\u00fang s\u1eb5n s\u00e0ng cho b\u1ea1n.<\/p>\n<p>IMRO kho spare part c\u1ee7a b\u1ea1n","protected":false},"excerpt":{"rendered":"<p>IRMO l\u00e0 \u0111\u1ea1i l\u00fd ph\u00e2n ph\u1ed1i ch\u00ednh h\u00e3ng c\u00e1c th\u1ecb b\u1ecb \u0111i\u1ec7n n\u1ed5i ti\u1ebfng th\u1ebf gi\u1edbi g\u1ed3m : R\u01a1 le relay LS, omron, Schneider, siemens, Bi\u1ebfn T\u1ea7n Inverter Scheneider, ranfoss, LS, Seimens, INVT. B\u1ed9 l\u1eadp tr\u00ecnh PLC, Kh\u1edfi \u0111\u1ed9ng t\u1eeb, kh\u1edfi \u0111\u1ed9ng m\u1ec1m, thi\u1ebft b\u1ecb chuy\u1ec3n ngu\u1ed3n, m\u00e0n h\u00ecnh HMI,bi\u1ebfn t\u1ea7n, r\u01a1 le ( relay [&#8230;]\n","protected":false},"featured_media":2325,"comment_status":"open","ping_status":"closed","template":"","meta":[],"product_brand":[],"product_cat":[18],"product_tag":[270,269,271,272],"class_list":{"0":"post-2318","1":"product","2":"type-product","3":"status-publish","4":"has-post-thumbnail","6":"product_cat-thiet-bi-dien-tu-dong-hoa","7":"product_tag-omron","8":"product_tag-ro-le-relay-ls","9":"product_tag-schneider","10":"product_tag-siemens","12":"first","13":"instock","14":"featured","15":"shipping-taxable","16":"product-type-simple"},"yoast_head":"<!-- This site is optimized with the Yoast SEO Premium plugin v25.0 (Yoast SEO v25.2) - https:\/\/yoast.com\/wordpress\/plugins\/seo\/ -->\n<title>R\u01a1 le relay LS, omron, Schneider, siemens - IMRO Vietnam<\/title>\n<meta name=\"robots\" content=\"index, follow, max-snippet:-1, max-image-preview:large, max-video-preview:-1\" \/>\n<link rel=\"canonical\" href=\"https:\/\/imrovietnam.com\/en\/product\/ro-le-relay-ls-omron-schneider-siemens\/\" \/>\n<meta property=\"og:locale\" content=\"en_US\" \/>\n<meta property=\"og:type\" content=\"article\" \/>\n<meta property=\"og:title\" content=\"R\u01a1 le relay LS, omron, Schneider, siemens\" \/>\n<meta property=\"og:description\" content=\"IRMO l\u00e0 \u0111\u1ea1i l\u00fd ph\u00e2n ph\u1ed1i ch\u00ednh h\u00e3ng c\u00e1c th\u1ecb b\u1ecb \u0111i\u1ec7n n\u1ed5i ti\u1ebfng th\u1ebf gi\u1edbi g\u1ed3m : R\u01a1 le relay LS, omron, Schneider, siemens, Bi\u1ebfn T\u1ea7n Inverter Scheneider, ranfoss, LS, Seimens, INVT. B\u1ed9 l\u1eadp tr\u00ecnh PLC, Kh\u1edfi \u0111\u1ed9ng t\u1eeb, kh\u1edfi \u0111\u1ed9ng m\u1ec1m, thi\u1ebft b\u1ecb chuy\u1ec3n ngu\u1ed3n, m\u00e0n h\u00ecnh HMI,bi\u1ebfn t\u1ea7n, r\u01a1 le ( relay [...]\" \/>\n<meta property=\"og:url\" content=\"https:\/\/imrovietnam.com\/en\/product\/ro-le-relay-ls-omron-schneider-siemens\/\" \/>\n<meta property=\"og:site_name\" content=\"IMRO Vietnam\" \/>\n<meta property=\"article:modified_time\" content=\"2021-08-31T09:48:15+00:00\" \/>\n<meta property=\"og:image\" content=\"https:\/\/imrovietnam.com\/wp-content\/uploads\/2021\/08\/Ro-le-Relay-Siemens-1.jpg\" \/>\n\t<meta property=\"og:image:width\" content=\"520\" \/>\n\t<meta property=\"og:image:height\" content=\"602\" \/>\n\t<meta property=\"og:image:type\" content=\"image\/jpeg\" \/>\n<meta name=\"twitter:card\" content=\"summary_large_image\" \/>\n<meta name=\"twitter:label1\" content=\"Est. reading time\" \/>\n\t<meta name=\"twitter:data1\" content=\"4 minutes\" \/>\n<script type=\"application\/ld+json\" class=\"yoast-schema-graph\">{\"@context\":\"https:\/\/schema.org\",\"@graph\":[{\"@type\":\"WebPage\",\"@id\":\"https:\/\/imrovietnam.com\/en\/product\/ro-le-relay-ls-omron-schneider-siemens\/\",\"url\":\"https:\/\/imrovietnam.com\/en\/product\/ro-le-relay-ls-omron-schneider-siemens\/\",\"name\":\"R\u01a1 le relay LS, omron, Schneider, siemens - IMRO Vietnam\",\"isPartOf\":{\"@id\":\"https:\/\/imrovietnam.com\/#website\"},\"primaryImageOfPage\":{\"@id\":\"https:\/\/imrovietnam.com\/en\/product\/ro-le-relay-ls-omron-schneider-siemens\/#primaryimage\"},\"image\":{\"@id\":\"https:\/\/imrovietnam.com\/en\/product\/ro-le-relay-ls-omron-schneider-siemens\/#primaryimage\"},\"thumbnailUrl\":\"https:\/\/imrovietnam.com\/wp-content\/uploads\/2021\/08\/Ro-le-Relay-Siemens-1.jpg\",\"datePublished\":\"2021-08-31T09:20:27+00:00\",\"dateModified\":\"2021-08-31T09:48:15+00:00\",\"breadcrumb\":{\"@id\":\"https:\/\/imrovietnam.com\/en\/product\/ro-le-relay-ls-omron-schneider-siemens\/#breadcrumb\"},\"inLanguage\":\"en-US\",\"potentialAction\":[{\"@type\":\"ReadAction\",\"target\":[\"https:\/\/imrovietnam.com\/en\/product\/ro-le-relay-ls-omron-schneider-siemens\/\"]}]},{\"@type\":\"ImageObject\",\"inLanguage\":\"en-US\",\"@id\":\"https:\/\/imrovietnam.com\/en\/product\/ro-le-relay-ls-omron-schneider-siemens\/#primaryimage\",\"url\":\"https:\/\/imrovietnam.com\/wp-content\/uploads\/2021\/08\/Ro-le-Relay-Siemens-1.jpg\",\"contentUrl\":\"https:\/\/imrovietnam.com\/wp-content\/uploads\/2021\/08\/Ro-le-Relay-Siemens-1.jpg\",\"width\":520,\"height\":602},{\"@type\":\"BreadcrumbList\",\"@id\":\"https:\/\/imrovietnam.com\/en\/product\/ro-le-relay-ls-omron-schneider-siemens\/#breadcrumb\",\"itemListElement\":[{\"@type\":\"ListItem\",\"position\":1,\"name\":\"Home\",\"item\":\"https:\/\/imrovietnam.com\/\"},{\"@type\":\"ListItem\",\"position\":2,\"name\":\"S\u1ea3n ph\u1ea9m\",\"item\":\"https:\/\/imrovietnam.com\/shop\/\"},{\"@type\":\"ListItem\",\"position\":3,\"name\":\"R\u01a1 le relay LS, omron, Schneider, siemens\"}]},{\"@type\":\"WebSite\",\"@id\":\"https:\/\/imrovietnam.com\/#website\",\"url\":\"https:\/\/imrovietnam.com\/\",\"name\":\"IMRO Vietnam\",\"description\":\"Your consumables and spare parts store\",\"potentialAction\":[{\"@type\":\"SearchAction\",\"target\":{\"@type\":\"EntryPoint\",\"urlTemplate\":\"https:\/\/imrovietnam.com\/?s={search_term_string}\"},\"query-input\":{\"@type\":\"PropertyValueSpecification\",\"valueRequired\":true,\"valueName\":\"search_term_string\"}}],\"inLanguage\":\"en-US\"}]}<\/script>\n<!-- \/ Yoast SEO Premium plugin. -->","yoast_head_json":{"title":"R\u01a1 le relay LS, omron, Schneider, siemens - IMRO Vietnam","robots":{"index":"index","follow":"follow","max-snippet":"max-snippet:-1","max-image-preview":"max-image-preview:large","max-video-preview":"max-video-preview:-1"},"canonical":"https:\/\/imrovietnam.com\/en\/product\/ro-le-relay-ls-omron-schneider-siemens\/","og_locale":"en_US","og_type":"article","og_title":"R\u01a1 le relay LS, omron, Schneider, siemens","og_description":"IRMO l\u00e0 \u0111\u1ea1i l\u00fd ph\u00e2n ph\u1ed1i ch\u00ednh h\u00e3ng c\u00e1c th\u1ecb b\u1ecb \u0111i\u1ec7n n\u1ed5i ti\u1ebfng th\u1ebf gi\u1edbi g\u1ed3m : R\u01a1 le relay LS, omron, Schneider, siemens, Bi\u1ebfn T\u1ea7n Inverter Scheneider, ranfoss, LS, Seimens, INVT. B\u1ed9 l\u1eadp tr\u00ecnh PLC, Kh\u1edfi \u0111\u1ed9ng t\u1eeb, kh\u1edfi \u0111\u1ed9ng m\u1ec1m, thi\u1ebft b\u1ecb chuy\u1ec3n ngu\u1ed3n, m\u00e0n h\u00ecnh HMI,bi\u1ebfn t\u1ea7n, r\u01a1 le ( relay [...]","og_url":"https:\/\/imrovietnam.com\/en\/product\/ro-le-relay-ls-omron-schneider-siemens\/","og_site_name":"IMRO Vietnam","article_modified_time":"2021-08-31T09:48:15+00:00","og_image":[{"width":520,"height":602,"url":"https:\/\/imrovietnam.com\/wp-content\/uploads\/2021\/08\/Ro-le-Relay-Siemens-1.jpg","type":"image\/jpeg"}],"twitter_card":"summary_large_image","twitter_misc":{"Est. reading time":"4 minutes"},"schema":{"@context":"https:\/\/schema.org","@graph":[{"@type":"WebPage","@id":"https:\/\/imrovietnam.com\/en\/product\/ro-le-relay-ls-omron-schneider-siemens\/","url":"https:\/\/imrovietnam.com\/en\/product\/ro-le-relay-ls-omron-schneider-siemens\/","name":"R\u01a1 le relay LS, omron, Schneider, siemens - IMRO Vietnam","isPartOf":{"@id":"https:\/\/imrovietnam.com\/#website"},"primaryImageOfPage":{"@id":"https:\/\/imrovietnam.com\/en\/product\/ro-le-relay-ls-omron-schneider-siemens\/#primaryimage"},"image":{"@id":"https:\/\/imrovietnam.com\/en\/product\/ro-le-relay-ls-omron-schneider-siemens\/#primaryimage"},"thumbnailUrl":"https:\/\/imrovietnam.com\/wp-content\/uploads\/2021\/08\/Ro-le-Relay-Siemens-1.jpg","datePublished":"2021-08-31T09:20:27+00:00","dateModified":"2021-08-31T09:48:15+00:00","breadcrumb":{"@id":"https:\/\/imrovietnam.com\/en\/product\/ro-le-relay-ls-omron-schneider-siemens\/#breadcrumb"},"inLanguage":"en-US","potentialAction":[{"@type":"ReadAction","target":["https:\/\/imrovietnam.com\/en\/product\/ro-le-relay-ls-omron-schneider-siemens\/"]}]},{"@type":"ImageObject","inLanguage":"en-US","@id":"https:\/\/imrovietnam.com\/en\/product\/ro-le-relay-ls-omron-schneider-siemens\/#primaryimage","url":"https:\/\/imrovietnam.com\/wp-content\/uploads\/2021\/08\/Ro-le-Relay-Siemens-1.jpg","contentUrl":"https:\/\/imrovietnam.com\/wp-content\/uploads\/2021\/08\/Ro-le-Relay-Siemens-1.jpg","width":520,"height":602},{"@type":"BreadcrumbList","@id":"https:\/\/imrovietnam.com\/en\/product\/ro-le-relay-ls-omron-schneider-siemens\/#breadcrumb","itemListElement":[{"@type":"ListItem","position":1,"name":"Home","item":"https:\/\/imrovietnam.com\/"},{"@type":"ListItem","position":2,"name":"S\u1ea3n ph\u1ea9m","item":"https:\/\/imrovietnam.com\/shop\/"},{"@type":"ListItem","position":3,"name":"R\u01a1 le relay LS, omron, Schneider, siemens"}]},{"@type":"WebSite","@id":"https:\/\/imrovietnam.com\/#website","url":"https:\/\/imrovietnam.com\/","name":"IMRO Vietnam","description":"Your consumables and spare parts store","potentialAction":[{"@type":"SearchAction","target":{"@type":"EntryPoint","urlTemplate":"https:\/\/imrovietnam.com\/?s={search_term_string}"},"query-input":{"@type":"PropertyValueSpecification","valueRequired":true,"valueName":"search_term_string"}}],"inLanguage":"en-US"}]}},"_links":{"self":[{"href":"https:\/\/imrovietnam.com\/en\/wp-json\/wp\/v2\/product\/2318","targetHints":{"allow":["GET"]}}],"collection":[{"href":"https:\/\/imrovietnam.com\/en\/wp-json\/wp\/v2\/product"}],"about":[{"href":"https:\/\/imrovietnam.com\/en\/wp-json\/wp\/v2\/types\/product"}],"replies":[{"embeddable":true,"href":"https:\/\/imrovietnam.com\/en\/wp-json\/wp\/v2\/comments?post=2318"}],"wp:featuredmedia":[{"embeddable":true,"href":"https:\/\/imrovietnam.com\/en\/wp-json\/wp\/v2\/media\/2325"}],"wp:attachment":[{"href":"https:\/\/imrovietnam.com\/en\/wp-json\/wp\/v2\/media?parent=2318"}],"wp:term":[{"taxonomy":"product_brand","embeddable":true,"href":"https:\/\/imrovietnam.com\/en\/wp-json\/wp\/v2\/product_brand?post=2318"},{"taxonomy":"product_cat","embeddable":true,"href":"https:\/\/imrovietnam.com\/en\/wp-json\/wp\/v2\/product_cat?post=2318"},{"taxonomy":"product_tag","embeddable":true,"href":"https:\/\/imrovietnam.com\/en\/wp-json\/wp\/v2\/product_tag?post=2318"}],"curies":[{"name":"wp","href":"https:\/\/api.w.org\/{rel}","templated":true}]}}