{"id":2293,"date":"2021-08-31T15:28:38","date_gmt":"2021-08-31T08:28:38","guid":{"rendered":"https:\/\/imrovietnam.com\/?post_type=product&#038;p=2293"},"modified":"2022-09-09T22:02:54","modified_gmt":"2022-09-09T15:02:54","slug":"bo-lap-trinh-plc","status":"publish","type":"product","link":"https:\/\/imrovietnam.com\/en\/product\/bo-lap-trinh-plc\/","title":{"rendered":"B\u1ed9 l\u1eadp tr\u00ecnh PLC"},"content":{"rendered":"IRMO l\u00e0 \u0111\u1ea1i l\u00fd ph\u00e2n ph\u1ed1i ch\u00ednh h\u00e3ng c\u00e1c th\u1ecb b\u1ecb \u0111i\u1ec7n n\u1ed5i ti\u1ebfng th\u1ebf gi\u1edbi g\u1ed3m : B\u1ed9 l\u1eadp tr\u00ecnh PLC, Kh\u1edfi \u0111\u1ed9ng t\u1eeb, kh\u1edfi \u0111\u1ed9ng m\u1ec1m, thi\u1ebft b\u1ecb chuy\u1ec3n ngu\u1ed3n, m\u00e0n h\u00ecnh HMI,bi\u1ebfn t\u1ea7n, r\u01a1 le ( relay ) timer, counter, UPS, \u0111\u1ed3ng h\u1ed3 \u0111o \u0111i\u1ec7n&#8230;.c\u00e1c h\u00e3ng.<\/p>\n<p><img loading=\"lazy\" decoding=\"async\" class=\"alignnone size-full wp-image-2294\" src=\"https:\/\/imrovietnam.com\/wp-content\/uploads\/2021\/08\/PLC-Bo-Lap-Trinh-Siemens.jpg\" alt=\"\" width=\"494\" height=\"519\" srcset=\"https:\/\/imrovietnam.com\/wp-content\/uploads\/2021\/08\/PLC-Bo-Lap-Trinh-Siemens.jpg 494w, https:\/\/imrovietnam.com\/wp-content\/uploads\/2021\/08\/PLC-Bo-Lap-Trinh-Siemens-381x400.jpg 381w\" sizes=\"auto, (max-width: 494px) 100vw, 494px\" \/><\/p>\n<p>Siemens, Omrons, Mitsubishi, Schneider<\/p>\n<p>V\u1edbi \u0111\u1ed9i ng\u0169 k\u00fd thu\u1eadt t\u1ed1t nghi\u1ec7p \u0111\u1ea1i h\u1ecdc b\u00e1ch khoa chuy\u00ean ng\u00e0nh t\u1ef1 \u0111\u1ed9ng h\u00f3a v\u1edbi nhi\u1ec1u n\u0103m kinh nghi\u1ec7m l\u00e0m vi\u1ec7c c\u00e1c d\u1ef1 \u00e1n l\u1edbn trong c\u00e1c nh\u00e0 m\u00e1y x\u00fd nghi\u1ec7p. Ch\u00fang t\u00f4i bi\u1ebft b\u1ea1n c\u1ea7n nh\u1eefng g\u00ec v\u00e0 ch\u00fang t\u00f4i lu\u00f4n chu\u1ea9n b\u1ecb ch\u00fang s\u1eb5n s\u00e0ng cho b\u1ea1n.<\/p>\n<p>IMRO kho spare part c\u1ee7a b\u1ea1n","protected":false},"excerpt":{"rendered":"<p>IRMO l\u00e0 \u0111\u1ea1i l\u00fd ph\u00e2n ph\u1ed1i ch\u00ednh h\u00e3ng c\u00e1c th\u1ecb b\u1ecb \u0111i\u1ec7n n\u1ed5i ti\u1ebfng th\u1ebf gi\u1edbi g\u1ed3m : B\u1ed9 l\u1eadp tr\u00ecnh PLC, Kh\u1edfi \u0111\u1ed9ng t\u1eeb, kh\u1edfi \u0111\u1ed9ng m\u1ec1m, thi\u1ebft b\u1ecb chuy\u1ec3n ngu\u1ed3n, m\u00e0n h\u00ecnh HMI,bi\u1ebfn t\u1ea7n, r\u01a1 le ( relay ) timer, counter, UPS, \u0111\u1ed3ng h\u1ed3 \u0111o \u0111i\u1ec7n&#8230;.c\u00e1c h\u00e3ng. Siemens, Omrons, Mitsubishi, Schneider V\u1edbi \u0111\u1ed9i [&#8230;]\n","protected":false},"featured_media":2294,"comment_status":"open","ping_status":"closed","template":"","meta":[],"product_brand":[],"product_cat":[18],"product_tag":[267],"class_list":{"0":"post-2293","1":"product","2":"type-product","3":"status-publish","4":"has-post-thumbnail","6":"product_cat-thiet-bi-dien-tu-dong-hoa","7":"product_tag-bo-lap-trinh-plc","9":"first","10":"instock","11":"shipping-taxable","12":"product-type-simple"},"yoast_head":"<!-- This site is optimized with the Yoast SEO Premium plugin v25.0 (Yoast SEO v25.2) - https:\/\/yoast.com\/wordpress\/plugins\/seo\/ -->\n<title>B\u1ed9 l\u1eadp tr\u00ecnh PLC - IMRO Vietnam<\/title>\n<meta name=\"robots\" content=\"index, follow, max-snippet:-1, max-image-preview:large, max-video-preview:-1\" \/>\n<link rel=\"canonical\" href=\"https:\/\/imrovietnam.com\/en\/product\/bo-lap-trinh-plc\/\" \/>\n<meta property=\"og:locale\" content=\"en_US\" \/>\n<meta property=\"og:type\" content=\"article\" \/>\n<meta property=\"og:title\" content=\"B\u1ed9 l\u1eadp tr\u00ecnh PLC\" \/>\n<meta property=\"og:description\" content=\"IRMO l\u00e0 \u0111\u1ea1i l\u00fd ph\u00e2n ph\u1ed1i ch\u00ednh h\u00e3ng c\u00e1c th\u1ecb b\u1ecb \u0111i\u1ec7n n\u1ed5i ti\u1ebfng th\u1ebf gi\u1edbi g\u1ed3m : B\u1ed9 l\u1eadp tr\u00ecnh PLC, Kh\u1edfi \u0111\u1ed9ng t\u1eeb, kh\u1edfi \u0111\u1ed9ng m\u1ec1m, thi\u1ebft b\u1ecb chuy\u1ec3n ngu\u1ed3n, m\u00e0n h\u00ecnh HMI,bi\u1ebfn t\u1ea7n, r\u01a1 le ( relay ) timer, counter, UPS, \u0111\u1ed3ng h\u1ed3 \u0111o \u0111i\u1ec7n&#8230;.c\u00e1c h\u00e3ng. Siemens, Omrons, Mitsubishi, Schneider V\u1edbi \u0111\u1ed9i [...]\" \/>\n<meta property=\"og:url\" content=\"https:\/\/imrovietnam.com\/en\/product\/bo-lap-trinh-plc\/\" \/>\n<meta property=\"og:site_name\" content=\"IMRO Vietnam\" \/>\n<meta property=\"article:modified_time\" content=\"2022-09-09T15:02:54+00:00\" \/>\n<meta property=\"og:image\" content=\"https:\/\/imrovietnam.com\/wp-content\/uploads\/2021\/08\/PLC-Bo-Lap-Trinh-Siemens.jpg\" \/>\n\t<meta property=\"og:image:width\" content=\"494\" \/>\n\t<meta property=\"og:image:height\" content=\"519\" \/>\n\t<meta property=\"og:image:type\" content=\"image\/jpeg\" \/>\n<meta name=\"twitter:card\" content=\"summary_large_image\" \/>\n<meta name=\"twitter:label1\" content=\"Est. reading time\" \/>\n\t<meta name=\"twitter:data1\" content=\"2 minutes\" \/>\n<script type=\"application\/ld+json\" class=\"yoast-schema-graph\">{\"@context\":\"https:\/\/schema.org\",\"@graph\":[{\"@type\":\"WebPage\",\"@id\":\"https:\/\/imrovietnam.com\/en\/product\/bo-lap-trinh-plc\/\",\"url\":\"https:\/\/imrovietnam.com\/en\/product\/bo-lap-trinh-plc\/\",\"name\":\"B\u1ed9 l\u1eadp tr\u00ecnh PLC - IMRO Vietnam\",\"isPartOf\":{\"@id\":\"https:\/\/imrovietnam.com\/#website\"},\"primaryImageOfPage\":{\"@id\":\"https:\/\/imrovietnam.com\/en\/product\/bo-lap-trinh-plc\/#primaryimage\"},\"image\":{\"@id\":\"https:\/\/imrovietnam.com\/en\/product\/bo-lap-trinh-plc\/#primaryimage\"},\"thumbnailUrl\":\"https:\/\/imrovietnam.com\/wp-content\/uploads\/2021\/08\/PLC-Bo-Lap-Trinh-Siemens.jpg\",\"datePublished\":\"2021-08-31T08:28:38+00:00\",\"dateModified\":\"2022-09-09T15:02:54+00:00\",\"breadcrumb\":{\"@id\":\"https:\/\/imrovietnam.com\/en\/product\/bo-lap-trinh-plc\/#breadcrumb\"},\"inLanguage\":\"en-US\",\"potentialAction\":[{\"@type\":\"ReadAction\",\"target\":[\"https:\/\/imrovietnam.com\/en\/product\/bo-lap-trinh-plc\/\"]}]},{\"@type\":\"ImageObject\",\"inLanguage\":\"en-US\",\"@id\":\"https:\/\/imrovietnam.com\/en\/product\/bo-lap-trinh-plc\/#primaryimage\",\"url\":\"https:\/\/imrovietnam.com\/wp-content\/uploads\/2021\/08\/PLC-Bo-Lap-Trinh-Siemens.jpg\",\"contentUrl\":\"https:\/\/imrovietnam.com\/wp-content\/uploads\/2021\/08\/PLC-Bo-Lap-Trinh-Siemens.jpg\",\"width\":494,\"height\":519},{\"@type\":\"BreadcrumbList\",\"@id\":\"https:\/\/imrovietnam.com\/en\/product\/bo-lap-trinh-plc\/#breadcrumb\",\"itemListElement\":[{\"@type\":\"ListItem\",\"position\":1,\"name\":\"Home\",\"item\":\"https:\/\/imrovietnam.com\/\"},{\"@type\":\"ListItem\",\"position\":2,\"name\":\"S\u1ea3n ph\u1ea9m\",\"item\":\"https:\/\/imrovietnam.com\/shop\/\"},{\"@type\":\"ListItem\",\"position\":3,\"name\":\"B\u1ed9 l\u1eadp tr\u00ecnh PLC\"}]},{\"@type\":\"WebSite\",\"@id\":\"https:\/\/imrovietnam.com\/#website\",\"url\":\"https:\/\/imrovietnam.com\/\",\"name\":\"IMRO Vietnam\",\"description\":\"Your consumables and spare parts store\",\"potentialAction\":[{\"@type\":\"SearchAction\",\"target\":{\"@type\":\"EntryPoint\",\"urlTemplate\":\"https:\/\/imrovietnam.com\/?s={search_term_string}\"},\"query-input\":{\"@type\":\"PropertyValueSpecification\",\"valueRequired\":true,\"valueName\":\"search_term_string\"}}],\"inLanguage\":\"en-US\"}]}<\/script>\n<!-- \/ Yoast SEO Premium plugin. -->","yoast_head_json":{"title":"B\u1ed9 l\u1eadp tr\u00ecnh PLC - IMRO Vietnam","robots":{"index":"index","follow":"follow","max-snippet":"max-snippet:-1","max-image-preview":"max-image-preview:large","max-video-preview":"max-video-preview:-1"},"canonical":"https:\/\/imrovietnam.com\/en\/product\/bo-lap-trinh-plc\/","og_locale":"en_US","og_type":"article","og_title":"B\u1ed9 l\u1eadp tr\u00ecnh PLC","og_description":"IRMO l\u00e0 \u0111\u1ea1i l\u00fd ph\u00e2n ph\u1ed1i ch\u00ednh h\u00e3ng c\u00e1c th\u1ecb b\u1ecb \u0111i\u1ec7n n\u1ed5i ti\u1ebfng th\u1ebf gi\u1edbi g\u1ed3m : B\u1ed9 l\u1eadp tr\u00ecnh PLC, Kh\u1edfi \u0111\u1ed9ng t\u1eeb, kh\u1edfi \u0111\u1ed9ng m\u1ec1m, thi\u1ebft b\u1ecb chuy\u1ec3n ngu\u1ed3n, m\u00e0n h\u00ecnh HMI,bi\u1ebfn t\u1ea7n, r\u01a1 le ( relay ) timer, counter, UPS, \u0111\u1ed3ng h\u1ed3 \u0111o \u0111i\u1ec7n&#8230;.c\u00e1c h\u00e3ng. Siemens, Omrons, Mitsubishi, Schneider V\u1edbi \u0111\u1ed9i [...]","og_url":"https:\/\/imrovietnam.com\/en\/product\/bo-lap-trinh-plc\/","og_site_name":"IMRO Vietnam","article_modified_time":"2022-09-09T15:02:54+00:00","og_image":[{"width":494,"height":519,"url":"https:\/\/imrovietnam.com\/wp-content\/uploads\/2021\/08\/PLC-Bo-Lap-Trinh-Siemens.jpg","type":"image\/jpeg"}],"twitter_card":"summary_large_image","twitter_misc":{"Est. reading time":"2 minutes"},"schema":{"@context":"https:\/\/schema.org","@graph":[{"@type":"WebPage","@id":"https:\/\/imrovietnam.com\/en\/product\/bo-lap-trinh-plc\/","url":"https:\/\/imrovietnam.com\/en\/product\/bo-lap-trinh-plc\/","name":"B\u1ed9 l\u1eadp tr\u00ecnh PLC - IMRO Vietnam","isPartOf":{"@id":"https:\/\/imrovietnam.com\/#website"},"primaryImageOfPage":{"@id":"https:\/\/imrovietnam.com\/en\/product\/bo-lap-trinh-plc\/#primaryimage"},"image":{"@id":"https:\/\/imrovietnam.com\/en\/product\/bo-lap-trinh-plc\/#primaryimage"},"thumbnailUrl":"https:\/\/imrovietnam.com\/wp-content\/uploads\/2021\/08\/PLC-Bo-Lap-Trinh-Siemens.jpg","datePublished":"2021-08-31T08:28:38+00:00","dateModified":"2022-09-09T15:02:54+00:00","breadcrumb":{"@id":"https:\/\/imrovietnam.com\/en\/product\/bo-lap-trinh-plc\/#breadcrumb"},"inLanguage":"en-US","potentialAction":[{"@type":"ReadAction","target":["https:\/\/imrovietnam.com\/en\/product\/bo-lap-trinh-plc\/"]}]},{"@type":"ImageObject","inLanguage":"en-US","@id":"https:\/\/imrovietnam.com\/en\/product\/bo-lap-trinh-plc\/#primaryimage","url":"https:\/\/imrovietnam.com\/wp-content\/uploads\/2021\/08\/PLC-Bo-Lap-Trinh-Siemens.jpg","contentUrl":"https:\/\/imrovietnam.com\/wp-content\/uploads\/2021\/08\/PLC-Bo-Lap-Trinh-Siemens.jpg","width":494,"height":519},{"@type":"BreadcrumbList","@id":"https:\/\/imrovietnam.com\/en\/product\/bo-lap-trinh-plc\/#breadcrumb","itemListElement":[{"@type":"ListItem","position":1,"name":"Home","item":"https:\/\/imrovietnam.com\/"},{"@type":"ListItem","position":2,"name":"S\u1ea3n ph\u1ea9m","item":"https:\/\/imrovietnam.com\/shop\/"},{"@type":"ListItem","position":3,"name":"B\u1ed9 l\u1eadp tr\u00ecnh PLC"}]},{"@type":"WebSite","@id":"https:\/\/imrovietnam.com\/#website","url":"https:\/\/imrovietnam.com\/","name":"IMRO Vietnam","description":"Your consumables and spare parts store","potentialAction":[{"@type":"SearchAction","target":{"@type":"EntryPoint","urlTemplate":"https:\/\/imrovietnam.com\/?s={search_term_string}"},"query-input":{"@type":"PropertyValueSpecification","valueRequired":true,"valueName":"search_term_string"}}],"inLanguage":"en-US"}]}},"_links":{"self":[{"href":"https:\/\/imrovietnam.com\/en\/wp-json\/wp\/v2\/product\/2293","targetHints":{"allow":["GET"]}}],"collection":[{"href":"https:\/\/imrovietnam.com\/en\/wp-json\/wp\/v2\/product"}],"about":[{"href":"https:\/\/imrovietnam.com\/en\/wp-json\/wp\/v2\/types\/product"}],"replies":[{"embeddable":true,"href":"https:\/\/imrovietnam.com\/en\/wp-json\/wp\/v2\/comments?post=2293"}],"wp:featuredmedia":[{"embeddable":true,"href":"https:\/\/imrovietnam.com\/en\/wp-json\/wp\/v2\/media\/2294"}],"wp:attachment":[{"href":"https:\/\/imrovietnam.com\/en\/wp-json\/wp\/v2\/media?parent=2293"}],"wp:term":[{"taxonomy":"product_brand","embeddable":true,"href":"https:\/\/imrovietnam.com\/en\/wp-json\/wp\/v2\/product_brand?post=2293"},{"taxonomy":"product_cat","embeddable":true,"href":"https:\/\/imrovietnam.com\/en\/wp-json\/wp\/v2\/product_cat?post=2293"},{"taxonomy":"product_tag","embeddable":true,"href":"https:\/\/imrovietnam.com\/en\/wp-json\/wp\/v2\/product_tag?post=2293"}],"curies":[{"name":"wp","href":"https:\/\/api.w.org\/{rel}","templated":true}]}}