{"id":2249,"date":"2021-08-22T17:04:41","date_gmt":"2021-08-22T10:04:41","guid":{"rendered":"https:\/\/imrovietnam.com\/?post_type=product&#038;p=2249"},"modified":"2022-11-22T21:27:42","modified_gmt":"2022-11-22T14:27:42","slug":"e-ring-retaining-ring-vong-chan","status":"publish","type":"product","link":"https:\/\/imrovietnam.com\/en\/product\/e-ring-retaining-ring-vong-chan\/","title":{"rendered":"E-ring, Retaining ring ( V\u00f2ng ch\u1eb7n)"},"content":{"rendered":"<p>V\u1eadt li\u1ec7u : th\u00e9p MN65, inox 304<\/p>\n<p>M\u00e0u s\u1eafc : \u0111en, s\u00e1ng<\/p>\n<p>\u0110\u1ed9 c\u1ee9ng : 35-50 HRC<\/p>\n<p>S\u1ea3n l\u01b0\u1ee3ng : Ch\u1ee5c v\u1ea1n \u0111\u1ebfn V\u00e0i ch\u1ee5c v\u1ea1n tr\u00ean th\u00e1ng.<\/p>\n<p><img loading=\"lazy\" decoding=\"async\" class=\"alignnone wp-image-2250 size-full\" src=\"https:\/\/imrovietnam.com\/wp-content\/uploads\/2021\/08\/E-ring-Retaining-ring.jpg\" alt=\"E-ring \/ V\u00f2ng ch\u1eb7n tr\u1ee5c ch\u1eef E\" width=\"318\" height=\"385\" \/><\/p>\n","protected":false},"excerpt":{"rendered":"<p>V\u1eadt li\u1ec7u : th\u00e9p MN65, inox 304 M\u00e0u s\u1eafc : \u0111en, s\u00e1ng \u0110\u1ed9 c\u1ee9ng : 35-50 HRC S\u1ea3n l\u01b0\u1ee3ng : Ch\u1ee5c v\u1ea1n \u0111\u1ebfn V\u00e0i ch\u1ee5c v\u1ea1n tr\u00ean th\u00e1ng.<\/p>\n","protected":false},"featured_media":2250,"comment_status":"open","ping_status":"closed","template":"","meta":[],"product_brand":[],"product_cat":[44],"product_tag":[400,401,232,399,233],"class_list":{"0":"post-2249","1":"product","2":"type-product","3":"status-publish","4":"has-post-thumbnail","6":"product_cat-vat-tu-co-khi-gia-cong-co-khi-chinh-xac","7":"product_tag-chan-truc","8":"product_tag-e-clip","9":"product_tag-e-ring","10":"product_tag-phanh","11":"product_tag-retaining-ring-vong-chan","13":"first","14":"instock","15":"shipping-taxable","16":"product-type-simple"},"yoast_head":"<!-- This site is optimized with the Yoast SEO Premium plugin v25.0 (Yoast SEO v25.2) - https:\/\/yoast.com\/wordpress\/plugins\/seo\/ -->\n<title>E-ring, Retaining ring ( V\u00f2ng ch\u1eb7n) - IMRO Vietnam<\/title>\n<meta name=\"robots\" content=\"index, follow, max-snippet:-1, max-image-preview:large, max-video-preview:-1\" \/>\n<link rel=\"canonical\" href=\"https:\/\/imrovietnam.com\/product\/e-ring-retaining-ring-vong-chan\/\" \/>\n<meta property=\"og:locale\" content=\"en_US\" \/>\n<meta property=\"og:type\" content=\"article\" \/>\n<meta property=\"og:title\" content=\"E-ring, Retaining ring ( V\u00f2ng ch\u1eb7n)\" \/>\n<meta property=\"og:description\" content=\"V\u1eadt li\u1ec7u : th\u00e9p MN65, inox 304 M\u00e0u s\u1eafc : \u0111en, s\u00e1ng \u0110\u1ed9 c\u1ee9ng : 35-50 HRC S\u1ea3n l\u01b0\u1ee3ng : Ch\u1ee5c v\u1ea1n \u0111\u1ebfn V\u00e0i ch\u1ee5c v\u1ea1n tr\u00ean th\u00e1ng.\" \/>\n<meta property=\"og:url\" content=\"https:\/\/imrovietnam.com\/product\/e-ring-retaining-ring-vong-chan\/\" \/>\n<meta property=\"og:site_name\" content=\"IMRO Vietnam\" \/>\n<meta property=\"article:modified_time\" content=\"2022-11-22T14:27:42+00:00\" \/>\n<meta property=\"og:image\" content=\"https:\/\/imrovietnam.com\/wp-content\/uploads\/2021\/08\/E-ring-Retaining-ring.jpg\" \/>\n\t<meta property=\"og:image:width\" content=\"318\" \/>\n\t<meta property=\"og:image:height\" content=\"385\" \/>\n\t<meta property=\"og:image:type\" content=\"image\/jpeg\" \/>\n<meta name=\"twitter:card\" content=\"summary_large_image\" \/>\n<script type=\"application\/ld+json\" class=\"yoast-schema-graph\">{\"@context\":\"https:\/\/schema.org\",\"@graph\":[{\"@type\":\"WebPage\",\"@id\":\"https:\/\/imrovietnam.com\/product\/e-ring-retaining-ring-vong-chan\/\",\"url\":\"https:\/\/imrovietnam.com\/product\/e-ring-retaining-ring-vong-chan\/\",\"name\":\"E-ring, Retaining ring ( V\u00f2ng ch\u1eb7n) - IMRO Vietnam\",\"isPartOf\":{\"@id\":\"https:\/\/imrovietnam.com\/en\/#website\"},\"primaryImageOfPage\":{\"@id\":\"https:\/\/imrovietnam.com\/product\/e-ring-retaining-ring-vong-chan\/#primaryimage\"},\"image\":{\"@id\":\"https:\/\/imrovietnam.com\/product\/e-ring-retaining-ring-vong-chan\/#primaryimage\"},\"thumbnailUrl\":\"https:\/\/imrovietnam.com\/wp-content\/uploads\/2021\/08\/E-ring-Retaining-ring.jpg\",\"datePublished\":\"2021-08-22T10:04:41+00:00\",\"dateModified\":\"2022-11-22T14:27:42+00:00\",\"breadcrumb\":{\"@id\":\"https:\/\/imrovietnam.com\/product\/e-ring-retaining-ring-vong-chan\/#breadcrumb\"},\"inLanguage\":\"en-US\",\"potentialAction\":[{\"@type\":\"ReadAction\",\"target\":[\"https:\/\/imrovietnam.com\/product\/e-ring-retaining-ring-vong-chan\/\"]}]},{\"@type\":\"ImageObject\",\"inLanguage\":\"en-US\",\"@id\":\"https:\/\/imrovietnam.com\/product\/e-ring-retaining-ring-vong-chan\/#primaryimage\",\"url\":\"https:\/\/imrovietnam.com\/wp-content\/uploads\/2021\/08\/E-ring-Retaining-ring.jpg\",\"contentUrl\":\"https:\/\/imrovietnam.com\/wp-content\/uploads\/2021\/08\/E-ring-Retaining-ring.jpg\",\"width\":318,\"height\":385},{\"@type\":\"BreadcrumbList\",\"@id\":\"https:\/\/imrovietnam.com\/product\/e-ring-retaining-ring-vong-chan\/#breadcrumb\",\"itemListElement\":[{\"@type\":\"ListItem\",\"position\":1,\"name\":\"Home\",\"item\":\"https:\/\/imrovietnam.com\/en\/\"},{\"@type\":\"ListItem\",\"position\":2,\"name\":\"S\u1ea3n ph\u1ea9m\",\"item\":\"https:\/\/imrovietnam.com\/shop\/\"},{\"@type\":\"ListItem\",\"position\":3,\"name\":\"E-ring, Retaining ring ( V\u00f2ng ch\u1eb7n)\"}]},{\"@type\":\"WebSite\",\"@id\":\"https:\/\/imrovietnam.com\/en\/#website\",\"url\":\"https:\/\/imrovietnam.com\/en\/\",\"name\":\"IMRO Vietnam\",\"description\":\"Your consumables and spare parts store\",\"potentialAction\":[{\"@type\":\"SearchAction\",\"target\":{\"@type\":\"EntryPoint\",\"urlTemplate\":\"https:\/\/imrovietnam.com\/en\/?s={search_term_string}\"},\"query-input\":{\"@type\":\"PropertyValueSpecification\",\"valueRequired\":true,\"valueName\":\"search_term_string\"}}],\"inLanguage\":\"en-US\"}]}<\/script>\n<!-- \/ Yoast SEO Premium plugin. -->","yoast_head_json":{"title":"E-ring, Retaining ring ( V\u00f2ng ch\u1eb7n) - IMRO Vietnam","robots":{"index":"index","follow":"follow","max-snippet":"max-snippet:-1","max-image-preview":"max-image-preview:large","max-video-preview":"max-video-preview:-1"},"canonical":"https:\/\/imrovietnam.com\/product\/e-ring-retaining-ring-vong-chan\/","og_locale":"en_US","og_type":"article","og_title":"E-ring, Retaining ring ( V\u00f2ng ch\u1eb7n)","og_description":"V\u1eadt li\u1ec7u : th\u00e9p MN65, inox 304 M\u00e0u s\u1eafc : \u0111en, s\u00e1ng \u0110\u1ed9 c\u1ee9ng : 35-50 HRC S\u1ea3n l\u01b0\u1ee3ng : Ch\u1ee5c v\u1ea1n \u0111\u1ebfn V\u00e0i ch\u1ee5c v\u1ea1n tr\u00ean th\u00e1ng.","og_url":"https:\/\/imrovietnam.com\/product\/e-ring-retaining-ring-vong-chan\/","og_site_name":"IMRO Vietnam","article_modified_time":"2022-11-22T14:27:42+00:00","og_image":[{"width":318,"height":385,"url":"https:\/\/imrovietnam.com\/wp-content\/uploads\/2021\/08\/E-ring-Retaining-ring.jpg","type":"image\/jpeg"}],"twitter_card":"summary_large_image","schema":{"@context":"https:\/\/schema.org","@graph":[{"@type":"WebPage","@id":"https:\/\/imrovietnam.com\/product\/e-ring-retaining-ring-vong-chan\/","url":"https:\/\/imrovietnam.com\/product\/e-ring-retaining-ring-vong-chan\/","name":"E-ring, Retaining ring ( V\u00f2ng ch\u1eb7n) - IMRO Vietnam","isPartOf":{"@id":"https:\/\/imrovietnam.com\/en\/#website"},"primaryImageOfPage":{"@id":"https:\/\/imrovietnam.com\/product\/e-ring-retaining-ring-vong-chan\/#primaryimage"},"image":{"@id":"https:\/\/imrovietnam.com\/product\/e-ring-retaining-ring-vong-chan\/#primaryimage"},"thumbnailUrl":"https:\/\/imrovietnam.com\/wp-content\/uploads\/2021\/08\/E-ring-Retaining-ring.jpg","datePublished":"2021-08-22T10:04:41+00:00","dateModified":"2022-11-22T14:27:42+00:00","breadcrumb":{"@id":"https:\/\/imrovietnam.com\/product\/e-ring-retaining-ring-vong-chan\/#breadcrumb"},"inLanguage":"en-US","potentialAction":[{"@type":"ReadAction","target":["https:\/\/imrovietnam.com\/product\/e-ring-retaining-ring-vong-chan\/"]}]},{"@type":"ImageObject","inLanguage":"en-US","@id":"https:\/\/imrovietnam.com\/product\/e-ring-retaining-ring-vong-chan\/#primaryimage","url":"https:\/\/imrovietnam.com\/wp-content\/uploads\/2021\/08\/E-ring-Retaining-ring.jpg","contentUrl":"https:\/\/imrovietnam.com\/wp-content\/uploads\/2021\/08\/E-ring-Retaining-ring.jpg","width":318,"height":385},{"@type":"BreadcrumbList","@id":"https:\/\/imrovietnam.com\/product\/e-ring-retaining-ring-vong-chan\/#breadcrumb","itemListElement":[{"@type":"ListItem","position":1,"name":"Home","item":"https:\/\/imrovietnam.com\/en\/"},{"@type":"ListItem","position":2,"name":"S\u1ea3n ph\u1ea9m","item":"https:\/\/imrovietnam.com\/shop\/"},{"@type":"ListItem","position":3,"name":"E-ring, Retaining ring ( V\u00f2ng ch\u1eb7n)"}]},{"@type":"WebSite","@id":"https:\/\/imrovietnam.com\/en\/#website","url":"https:\/\/imrovietnam.com\/en\/","name":"IMRO Vietnam","description":"Your consumables and spare parts store","potentialAction":[{"@type":"SearchAction","target":{"@type":"EntryPoint","urlTemplate":"https:\/\/imrovietnam.com\/en\/?s={search_term_string}"},"query-input":{"@type":"PropertyValueSpecification","valueRequired":true,"valueName":"search_term_string"}}],"inLanguage":"en-US"}]}},"_links":{"self":[{"href":"https:\/\/imrovietnam.com\/en\/wp-json\/wp\/v2\/product\/2249","targetHints":{"allow":["GET"]}}],"collection":[{"href":"https:\/\/imrovietnam.com\/en\/wp-json\/wp\/v2\/product"}],"about":[{"href":"https:\/\/imrovietnam.com\/en\/wp-json\/wp\/v2\/types\/product"}],"replies":[{"embeddable":true,"href":"https:\/\/imrovietnam.com\/en\/wp-json\/wp\/v2\/comments?post=2249"}],"wp:featuredmedia":[{"embeddable":true,"href":"https:\/\/imrovietnam.com\/en\/wp-json\/wp\/v2\/media\/2250"}],"wp:attachment":[{"href":"https:\/\/imrovietnam.com\/en\/wp-json\/wp\/v2\/media?parent=2249"}],"wp:term":[{"taxonomy":"product_brand","embeddable":true,"href":"https:\/\/imrovietnam.com\/en\/wp-json\/wp\/v2\/product_brand?post=2249"},{"taxonomy":"product_cat","embeddable":true,"href":"https:\/\/imrovietnam.com\/en\/wp-json\/wp\/v2\/product_cat?post=2249"},{"taxonomy":"product_tag","embeddable":true,"href":"https:\/\/imrovietnam.com\/en\/wp-json\/wp\/v2\/product_tag?post=2249"}],"curies":[{"name":"wp","href":"https:\/\/api.w.org\/{rel}","templated":true}]}}