{"id":2246,"date":"2021-08-22T16:55:46","date_gmt":"2021-08-22T09:55:46","guid":{"rendered":"https:\/\/imrovietnam.com\/?post_type=product&#038;p=2246"},"modified":"2021-08-22T16:55:46","modified_gmt":"2021-08-22T09:55:46","slug":"vong-phanh-snap-ring","status":"publish","type":"product","link":"https:\/\/imrovietnam.com\/en\/product\/vong-phanh-snap-ring\/","title":{"rendered":"V\u00f2ng phanh snap-ring"},"content":{"rendered":"<p>Ch\u00fang t\u00f4i cung c\u1ea5p c\u00e1c s\u1ea3n ph\u1ea9m v\u00f2ng phanh snap-ring theo ti\u00eau chu\u1ea9n DIN v\u00e0 ti\u00eau chu\u1ea9n GB.<\/p>\n<p>V\u1eadt li\u1ec7u l\u00e0 th\u00e9p MN ho\u1ea1c inox v\u1edbi \u0111\u1ed9 c\u1ee9ng v\u00e0 \u0111\u1ed9 ch\u00ednh x\u00e1c cao.<\/p>\n<p>\u0110\u1ed9 c\u1ee9ng :40-50 HRC<\/p>\n<p>S\u1ea3n l\u01b0\u1ee3ng ch\u00fang t\u00f4i c\u00f3 th\u1ec3 \u0111\u1ea1t h\u00e0ng v\u1ea1n c\u00e1i trong 1 th\u00e1ng.<\/p>\n<p><img loading=\"lazy\" decoding=\"async\" class=\"alignnone size-full wp-image-2247\" src=\"https:\/\/imrovietnam.com\/wp-content\/uploads\/2021\/08\/Vong-phanh-Snap-ring.jpg\" alt=\"\" width=\"272\" height=\"328\" \/><\/p>\n","protected":false},"excerpt":{"rendered":"<p>Ch\u00fang t\u00f4i cung c\u1ea5p c\u00e1c s\u1ea3n ph\u1ea9m v\u00f2ng phanh snap-ring theo ti\u00eau chu\u1ea9n DIN v\u00e0 ti\u00eau chu\u1ea9n GB. V\u1eadt li\u1ec7u l\u00e0 th\u00e9p MN ho\u1ea1c inox v\u1edbi \u0111\u1ed9 c\u1ee9ng v\u00e0 \u0111\u1ed9 ch\u00ednh x\u00e1c cao. \u0110\u1ed9 c\u1ee9ng :40-50 HRC S\u1ea3n l\u01b0\u1ee3ng ch\u00fang t\u00f4i c\u00f3 th\u1ec3 \u0111\u1ea1t h\u00e0ng v\u1ea1n c\u00e1i trong 1 th\u00e1ng.<\/p>\n","protected":false},"featured_media":2247,"comment_status":"open","ping_status":"closed","template":"","meta":[],"product_brand":[],"product_cat":[44],"product_tag":[231],"class_list":{"0":"post-2246","1":"product","2":"type-product","3":"status-publish","4":"has-post-thumbnail","6":"product_cat-vat-tu-co-khi-gia-cong-co-khi-chinh-xac","7":"product_tag-vong-phanh-snap-ring","9":"first","10":"instock","11":"shipping-taxable","12":"product-type-simple"},"yoast_head":"<!-- This site is optimized with the Yoast SEO Premium plugin v25.0 (Yoast SEO v25.2) - https:\/\/yoast.com\/wordpress\/plugins\/seo\/ -->\n<title>V\u00f2ng phanh snap-ring - IMRO Vietnam<\/title>\n<meta name=\"robots\" content=\"index, follow, max-snippet:-1, max-image-preview:large, max-video-preview:-1\" \/>\n<link rel=\"canonical\" href=\"https:\/\/imrovietnam.com\/en\/product\/vong-phanh-snap-ring\/\" \/>\n<meta property=\"og:locale\" content=\"en_US\" \/>\n<meta property=\"og:type\" content=\"article\" \/>\n<meta property=\"og:title\" content=\"V\u00f2ng phanh snap-ring\" \/>\n<meta property=\"og:description\" content=\"Ch\u00fang t\u00f4i cung c\u1ea5p c\u00e1c s\u1ea3n ph\u1ea9m v\u00f2ng phanh snap-ring theo ti\u00eau chu\u1ea9n DIN v\u00e0 ti\u00eau chu\u1ea9n GB. V\u1eadt li\u1ec7u l\u00e0 th\u00e9p MN ho\u1ea1c inox v\u1edbi \u0111\u1ed9 c\u1ee9ng v\u00e0 \u0111\u1ed9 ch\u00ednh x\u00e1c cao. \u0110\u1ed9 c\u1ee9ng :40-50 HRC S\u1ea3n l\u01b0\u1ee3ng ch\u00fang t\u00f4i c\u00f3 th\u1ec3 \u0111\u1ea1t h\u00e0ng v\u1ea1n c\u00e1i trong 1 th\u00e1ng.\" \/>\n<meta property=\"og:url\" content=\"https:\/\/imrovietnam.com\/en\/product\/vong-phanh-snap-ring\/\" \/>\n<meta property=\"og:site_name\" content=\"IMRO Vietnam\" \/>\n<meta property=\"og:image\" content=\"https:\/\/imrovietnam.com\/wp-content\/uploads\/2021\/08\/Vong-phanh-Snap-ring.jpg\" \/>\n\t<meta property=\"og:image:width\" content=\"272\" \/>\n\t<meta property=\"og:image:height\" content=\"328\" \/>\n\t<meta property=\"og:image:type\" content=\"image\/jpeg\" \/>\n<meta name=\"twitter:card\" content=\"summary_large_image\" \/>\n<script type=\"application\/ld+json\" class=\"yoast-schema-graph\">{\"@context\":\"https:\/\/schema.org\",\"@graph\":[{\"@type\":\"WebPage\",\"@id\":\"https:\/\/imrovietnam.com\/en\/product\/vong-phanh-snap-ring\/\",\"url\":\"https:\/\/imrovietnam.com\/en\/product\/vong-phanh-snap-ring\/\",\"name\":\"V\u00f2ng phanh snap-ring - IMRO Vietnam\",\"isPartOf\":{\"@id\":\"https:\/\/imrovietnam.com\/#website\"},\"primaryImageOfPage\":{\"@id\":\"https:\/\/imrovietnam.com\/en\/product\/vong-phanh-snap-ring\/#primaryimage\"},\"image\":{\"@id\":\"https:\/\/imrovietnam.com\/en\/product\/vong-phanh-snap-ring\/#primaryimage\"},\"thumbnailUrl\":\"https:\/\/imrovietnam.com\/wp-content\/uploads\/2021\/08\/Vong-phanh-Snap-ring.jpg\",\"datePublished\":\"2021-08-22T09:55:46+00:00\",\"breadcrumb\":{\"@id\":\"https:\/\/imrovietnam.com\/en\/product\/vong-phanh-snap-ring\/#breadcrumb\"},\"inLanguage\":\"en-US\",\"potentialAction\":[{\"@type\":\"ReadAction\",\"target\":[\"https:\/\/imrovietnam.com\/en\/product\/vong-phanh-snap-ring\/\"]}]},{\"@type\":\"ImageObject\",\"inLanguage\":\"en-US\",\"@id\":\"https:\/\/imrovietnam.com\/en\/product\/vong-phanh-snap-ring\/#primaryimage\",\"url\":\"https:\/\/imrovietnam.com\/wp-content\/uploads\/2021\/08\/Vong-phanh-Snap-ring.jpg\",\"contentUrl\":\"https:\/\/imrovietnam.com\/wp-content\/uploads\/2021\/08\/Vong-phanh-Snap-ring.jpg\",\"width\":272,\"height\":328},{\"@type\":\"BreadcrumbList\",\"@id\":\"https:\/\/imrovietnam.com\/en\/product\/vong-phanh-snap-ring\/#breadcrumb\",\"itemListElement\":[{\"@type\":\"ListItem\",\"position\":1,\"name\":\"Home\",\"item\":\"https:\/\/imrovietnam.com\/\"},{\"@type\":\"ListItem\",\"position\":2,\"name\":\"S\u1ea3n ph\u1ea9m\",\"item\":\"https:\/\/imrovietnam.com\/shop\/\"},{\"@type\":\"ListItem\",\"position\":3,\"name\":\"V\u00f2ng phanh snap-ring\"}]},{\"@type\":\"WebSite\",\"@id\":\"https:\/\/imrovietnam.com\/#website\",\"url\":\"https:\/\/imrovietnam.com\/\",\"name\":\"IMRO Vietnam\",\"description\":\"Your consumables and spare parts store\",\"potentialAction\":[{\"@type\":\"SearchAction\",\"target\":{\"@type\":\"EntryPoint\",\"urlTemplate\":\"https:\/\/imrovietnam.com\/?s={search_term_string}\"},\"query-input\":{\"@type\":\"PropertyValueSpecification\",\"valueRequired\":true,\"valueName\":\"search_term_string\"}}],\"inLanguage\":\"en-US\"}]}<\/script>\n<!-- \/ Yoast SEO Premium plugin. -->","yoast_head_json":{"title":"V\u00f2ng phanh snap-ring - IMRO Vietnam","robots":{"index":"index","follow":"follow","max-snippet":"max-snippet:-1","max-image-preview":"max-image-preview:large","max-video-preview":"max-video-preview:-1"},"canonical":"https:\/\/imrovietnam.com\/en\/product\/vong-phanh-snap-ring\/","og_locale":"en_US","og_type":"article","og_title":"V\u00f2ng phanh snap-ring","og_description":"Ch\u00fang t\u00f4i cung c\u1ea5p c\u00e1c s\u1ea3n ph\u1ea9m v\u00f2ng phanh snap-ring theo ti\u00eau chu\u1ea9n DIN v\u00e0 ti\u00eau chu\u1ea9n GB. V\u1eadt li\u1ec7u l\u00e0 th\u00e9p MN ho\u1ea1c inox v\u1edbi \u0111\u1ed9 c\u1ee9ng v\u00e0 \u0111\u1ed9 ch\u00ednh x\u00e1c cao. \u0110\u1ed9 c\u1ee9ng :40-50 HRC S\u1ea3n l\u01b0\u1ee3ng ch\u00fang t\u00f4i c\u00f3 th\u1ec3 \u0111\u1ea1t h\u00e0ng v\u1ea1n c\u00e1i trong 1 th\u00e1ng.","og_url":"https:\/\/imrovietnam.com\/en\/product\/vong-phanh-snap-ring\/","og_site_name":"IMRO Vietnam","og_image":[{"width":272,"height":328,"url":"https:\/\/imrovietnam.com\/wp-content\/uploads\/2021\/08\/Vong-phanh-Snap-ring.jpg","type":"image\/jpeg"}],"twitter_card":"summary_large_image","schema":{"@context":"https:\/\/schema.org","@graph":[{"@type":"WebPage","@id":"https:\/\/imrovietnam.com\/en\/product\/vong-phanh-snap-ring\/","url":"https:\/\/imrovietnam.com\/en\/product\/vong-phanh-snap-ring\/","name":"V\u00f2ng phanh snap-ring - IMRO Vietnam","isPartOf":{"@id":"https:\/\/imrovietnam.com\/#website"},"primaryImageOfPage":{"@id":"https:\/\/imrovietnam.com\/en\/product\/vong-phanh-snap-ring\/#primaryimage"},"image":{"@id":"https:\/\/imrovietnam.com\/en\/product\/vong-phanh-snap-ring\/#primaryimage"},"thumbnailUrl":"https:\/\/imrovietnam.com\/wp-content\/uploads\/2021\/08\/Vong-phanh-Snap-ring.jpg","datePublished":"2021-08-22T09:55:46+00:00","breadcrumb":{"@id":"https:\/\/imrovietnam.com\/en\/product\/vong-phanh-snap-ring\/#breadcrumb"},"inLanguage":"en-US","potentialAction":[{"@type":"ReadAction","target":["https:\/\/imrovietnam.com\/en\/product\/vong-phanh-snap-ring\/"]}]},{"@type":"ImageObject","inLanguage":"en-US","@id":"https:\/\/imrovietnam.com\/en\/product\/vong-phanh-snap-ring\/#primaryimage","url":"https:\/\/imrovietnam.com\/wp-content\/uploads\/2021\/08\/Vong-phanh-Snap-ring.jpg","contentUrl":"https:\/\/imrovietnam.com\/wp-content\/uploads\/2021\/08\/Vong-phanh-Snap-ring.jpg","width":272,"height":328},{"@type":"BreadcrumbList","@id":"https:\/\/imrovietnam.com\/en\/product\/vong-phanh-snap-ring\/#breadcrumb","itemListElement":[{"@type":"ListItem","position":1,"name":"Home","item":"https:\/\/imrovietnam.com\/"},{"@type":"ListItem","position":2,"name":"S\u1ea3n ph\u1ea9m","item":"https:\/\/imrovietnam.com\/shop\/"},{"@type":"ListItem","position":3,"name":"V\u00f2ng phanh snap-ring"}]},{"@type":"WebSite","@id":"https:\/\/imrovietnam.com\/#website","url":"https:\/\/imrovietnam.com\/","name":"IMRO Vietnam","description":"Your consumables and spare parts store","potentialAction":[{"@type":"SearchAction","target":{"@type":"EntryPoint","urlTemplate":"https:\/\/imrovietnam.com\/?s={search_term_string}"},"query-input":{"@type":"PropertyValueSpecification","valueRequired":true,"valueName":"search_term_string"}}],"inLanguage":"en-US"}]}},"_links":{"self":[{"href":"https:\/\/imrovietnam.com\/en\/wp-json\/wp\/v2\/product\/2246","targetHints":{"allow":["GET"]}}],"collection":[{"href":"https:\/\/imrovietnam.com\/en\/wp-json\/wp\/v2\/product"}],"about":[{"href":"https:\/\/imrovietnam.com\/en\/wp-json\/wp\/v2\/types\/product"}],"replies":[{"embeddable":true,"href":"https:\/\/imrovietnam.com\/en\/wp-json\/wp\/v2\/comments?post=2246"}],"wp:featuredmedia":[{"embeddable":true,"href":"https:\/\/imrovietnam.com\/en\/wp-json\/wp\/v2\/media\/2247"}],"wp:attachment":[{"href":"https:\/\/imrovietnam.com\/en\/wp-json\/wp\/v2\/media?parent=2246"}],"wp:term":[{"taxonomy":"product_brand","embeddable":true,"href":"https:\/\/imrovietnam.com\/en\/wp-json\/wp\/v2\/product_brand?post=2246"},{"taxonomy":"product_cat","embeddable":true,"href":"https:\/\/imrovietnam.com\/en\/wp-json\/wp\/v2\/product_cat?post=2246"},{"taxonomy":"product_tag","embeddable":true,"href":"https:\/\/imrovietnam.com\/en\/wp-json\/wp\/v2\/product_tag?post=2246"}],"curies":[{"name":"wp","href":"https:\/\/api.w.org\/{rel}","templated":true}]}}