{"id":2243,"date":"2021-08-22T16:45:47","date_gmt":"2021-08-22T09:45:47","guid":{"rendered":"https:\/\/imrovietnam.com\/?post_type=product&#038;p=2243"},"modified":"2021-08-30T11:03:21","modified_gmt":"2021-08-30T04:03:21","slug":"gia-cong-khuon-dot-dap","status":"publish","type":"product","link":"https:\/\/imrovietnam.com\/en\/product\/gia-cong-khuon-dot-dap\/","title":{"rendered":"Gia c\u00f4ng khu\u00f4n \u0111\u1ed9t d\u1eadp"},"content":{"rendered":"<p>Nh\u1eefng b\u1ed9 khu\u00f4n \u0111\u1ed9t d\u1eadp, nhi\u1ec1u chi ti\u1ebft \u0111\u1ed9 ch\u00ednh x\u00e1c v\u00e0 \u0111\u1ed9 c\u1ee9ng cao \u0111\u01b0\u1ee3c ch\u00fang t\u00f4i s\u1ea3n xu\u1ea5t cung c\u1ea5p cho r\u1ea5t nhi\u1ec1u nh\u00e0 m\u00e1y \u0111\u01a1n v\u1ecb s\u1ea3n xu\u1ea5t trong v\u00e0 ngo\u00e0i n\u01b0\u1edbc.<\/p>\n<p>V\u1edbi d\u00e2y chuy\u1ec1n m\u00e1y m\u00f3c CNC hi\u1ec7n \u0111\u1ea1i t\u1eeb Nh\u1eadt, \u0110\u1ee9c, \u0110\u00e0i Loan&#8230;.<\/p>\n<table width=\"1035\">\n<tbody>\n<tr>\n<td width=\"50\"><b>No<\/b><\/td>\n<td width=\"251\"><b>Machine name<\/b><\/td>\n<td width=\"398\"><b>Maker brand<\/b><\/td>\n<td width=\"224\"><b>\u00a0Country of origine<\/b><\/td>\n<td width=\"111\"><b>Quantity<\/b><\/td>\n<\/tr>\n<tr>\n<td width=\"50\">1<\/td>\n<td width=\"251\">\u00a0CNC Milling machine<\/td>\n<td width=\"398\">Mistubishi,\u00a0 moriseiki, hitachi seiki<\/td>\n<td width=\"224\">Japan<\/td>\n<td width=\"111\">4<\/td>\n<\/tr>\n<tr>\n<td width=\"50\">2<\/td>\n<td width=\"251\">CNC drilling center<\/td>\n<td width=\"398\">\u00a0Fanuc<\/td>\n<td width=\"224\">Japan<\/td>\n<td width=\"111\">2<\/td>\n<\/tr>\n<tr>\n<td width=\"50\">3<\/td>\n<td width=\"251\">CNC turning machine<\/td>\n<td width=\"398\">Takamaz, takisawa ,<\/td>\n<td width=\"224\">Japan<\/td>\n<td width=\"111\">2<\/td>\n<\/tr>\n<tr>\n<td width=\"50\">4<\/td>\n<td width=\"251\">\u00a0Grinding machine<\/td>\n<td width=\"398\">Toyoda<\/td>\n<td width=\"224\">Japan<\/td>\n<td width=\"111\">2<\/td>\n<\/tr>\n<tr>\n<td width=\"50\">5<\/td>\n<td width=\"251\">\u00a0Wire cut<\/td>\n<td width=\"398\">\u00a0sodick<\/td>\n<td width=\"224\">Japan<\/td>\n<td width=\"111\">1<\/td>\n<\/tr>\n<tr>\n<td width=\"50\">6<\/td>\n<td width=\"251\">Laser<\/td>\n<td width=\"398\">fiber<\/td>\n<td width=\"224\">China<\/td>\n<td width=\"111\">1<\/td>\n<\/tr>\n<tr>\n<td width=\"50\">7<\/td>\n<td width=\"251\">Bending<\/td>\n<td width=\"398\">Amada<\/td>\n<td width=\"224\">Japan<\/td>\n<td width=\"111\">2<\/td>\n<\/tr>\n<tr>\n<td width=\"50\">8<\/td>\n<td width=\"251\">Welding<\/td>\n<td width=\"398\">Jasic<\/td>\n<td width=\"224\">China<\/td>\n<td width=\"111\">4<\/td>\n<\/tr>\n<\/tbody>\n<\/table>\n<p>S\u1ea3n ph\u1ea9m khu\u00f4n \u0111\u1ed9t d\u1eadp ch\u1ee9ng t\u1ecf v\u1ecb th\u1ebf v\u00e0 n\u0103ng l\u1ef1c c\u1ee7a IRMO tr\u00ean tr\u01b0\u1eddng qu\u1ed1c t\u1ebf v\u00e0 Vi\u1ec7t Nam.<\/p>\n<p><img loading=\"lazy\" decoding=\"async\" class=\"alignnone size-full wp-image-2244\" src=\"https:\/\/imrovietnam.com\/wp-content\/uploads\/2021\/08\/Khuon-dot-dap.jpg\" alt=\"\" width=\"271\" height=\"326\" srcset=\"https:\/\/imrovietnam.com\/wp-content\/uploads\/2021\/08\/Khuon-dot-dap.jpg 271w, https:\/\/imrovietnam.com\/wp-content\/uploads\/2021\/08\/Khuon-dot-dap-247x296.jpg 247w\" sizes=\"auto, (max-width: 271px) 100vw, 271px\" \/><\/p>\n","protected":false},"excerpt":{"rendered":"<p>Nh\u1eefng b\u1ed9 khu\u00f4n \u0111\u1ed9t d\u1eadp, nhi\u1ec1u chi ti\u1ebft \u0111\u1ed9 ch\u00ednh x\u00e1c v\u00e0 \u0111\u1ed9 c\u1ee9ng cao \u0111\u01b0\u1ee3c ch\u00fang t\u00f4i s\u1ea3n xu\u1ea5t cung c\u1ea5p cho r\u1ea5t nhi\u1ec1u nh\u00e0 m\u00e1y \u0111\u01a1n v\u1ecb s\u1ea3n xu\u1ea5t trong v\u00e0 ngo\u00e0i n\u01b0\u1edbc. V\u1edbi d\u00e2y chuy\u1ec1n m\u00e1y m\u00f3c CNC hi\u1ec7n \u0111\u1ea1i t\u1eeb Nh\u1eadt, \u0110\u1ee9c, \u0110\u00e0i Loan&#8230;. No Machine name Maker brand \u00a0Country of [&#8230;]\n","protected":false},"featured_media":2244,"comment_status":"open","ping_status":"closed","template":"","meta":[],"product_brand":[],"product_cat":[44],"product_tag":[230],"class_list":{"0":"post-2243","1":"product","2":"type-product","3":"status-publish","4":"has-post-thumbnail","6":"product_cat-vat-tu-co-khi-gia-cong-co-khi-chinh-xac","7":"product_tag-gia-cong-khuon-dot-dap","9":"first","10":"instock","11":"shipping-taxable","12":"product-type-simple"},"yoast_head":"<!-- This site is optimized with the Yoast SEO Premium plugin v25.0 (Yoast SEO v25.2) - https:\/\/yoast.com\/wordpress\/plugins\/seo\/ -->\n<title>Gia c\u00f4ng khu\u00f4n \u0111\u1ed9t d\u1eadp - IMRO Vietnam<\/title>\n<meta name=\"robots\" content=\"index, follow, max-snippet:-1, max-image-preview:large, max-video-preview:-1\" \/>\n<link rel=\"canonical\" href=\"https:\/\/imrovietnam.com\/en\/product\/gia-cong-khuon-dot-dap\/\" \/>\n<meta property=\"og:locale\" content=\"en_US\" \/>\n<meta property=\"og:type\" content=\"article\" \/>\n<meta property=\"og:title\" content=\"Gia c\u00f4ng khu\u00f4n \u0111\u1ed9t d\u1eadp\" \/>\n<meta property=\"og:description\" content=\"Nh\u1eefng b\u1ed9 khu\u00f4n \u0111\u1ed9t d\u1eadp, nhi\u1ec1u chi ti\u1ebft \u0111\u1ed9 ch\u00ednh x\u00e1c v\u00e0 \u0111\u1ed9 c\u1ee9ng cao \u0111\u01b0\u1ee3c ch\u00fang t\u00f4i s\u1ea3n xu\u1ea5t cung c\u1ea5p cho r\u1ea5t nhi\u1ec1u nh\u00e0 m\u00e1y \u0111\u01a1n v\u1ecb s\u1ea3n xu\u1ea5t trong v\u00e0 ngo\u00e0i n\u01b0\u1edbc. V\u1edbi d\u00e2y chuy\u1ec1n m\u00e1y m\u00f3c CNC hi\u1ec7n \u0111\u1ea1i t\u1eeb Nh\u1eadt, \u0110\u1ee9c, \u0110\u00e0i Loan&#8230;. No Machine name Maker brand \u00a0Country of [...]\" \/>\n<meta property=\"og:url\" content=\"https:\/\/imrovietnam.com\/en\/product\/gia-cong-khuon-dot-dap\/\" \/>\n<meta property=\"og:site_name\" content=\"IMRO Vietnam\" \/>\n<meta property=\"article:modified_time\" content=\"2021-08-30T04:03:21+00:00\" \/>\n<meta property=\"og:image\" content=\"https:\/\/imrovietnam.com\/wp-content\/uploads\/2021\/08\/Khuon-dot-dap.jpg\" \/>\n\t<meta property=\"og:image:width\" content=\"271\" \/>\n\t<meta property=\"og:image:height\" content=\"326\" \/>\n\t<meta property=\"og:image:type\" content=\"image\/jpeg\" \/>\n<meta name=\"twitter:card\" content=\"summary_large_image\" \/>\n<meta name=\"twitter:label1\" content=\"Est. reading time\" \/>\n\t<meta name=\"twitter:data1\" content=\"1 minute\" \/>\n<script type=\"application\/ld+json\" class=\"yoast-schema-graph\">{\"@context\":\"https:\/\/schema.org\",\"@graph\":[{\"@type\":\"WebPage\",\"@id\":\"https:\/\/imrovietnam.com\/en\/product\/gia-cong-khuon-dot-dap\/\",\"url\":\"https:\/\/imrovietnam.com\/en\/product\/gia-cong-khuon-dot-dap\/\",\"name\":\"Gia c\u00f4ng khu\u00f4n \u0111\u1ed9t d\u1eadp - IMRO Vietnam\",\"isPartOf\":{\"@id\":\"https:\/\/imrovietnam.com\/#website\"},\"primaryImageOfPage\":{\"@id\":\"https:\/\/imrovietnam.com\/en\/product\/gia-cong-khuon-dot-dap\/#primaryimage\"},\"image\":{\"@id\":\"https:\/\/imrovietnam.com\/en\/product\/gia-cong-khuon-dot-dap\/#primaryimage\"},\"thumbnailUrl\":\"https:\/\/imrovietnam.com\/wp-content\/uploads\/2021\/08\/Khuon-dot-dap.jpg\",\"datePublished\":\"2021-08-22T09:45:47+00:00\",\"dateModified\":\"2021-08-30T04:03:21+00:00\",\"breadcrumb\":{\"@id\":\"https:\/\/imrovietnam.com\/en\/product\/gia-cong-khuon-dot-dap\/#breadcrumb\"},\"inLanguage\":\"en-US\",\"potentialAction\":[{\"@type\":\"ReadAction\",\"target\":[\"https:\/\/imrovietnam.com\/en\/product\/gia-cong-khuon-dot-dap\/\"]}]},{\"@type\":\"ImageObject\",\"inLanguage\":\"en-US\",\"@id\":\"https:\/\/imrovietnam.com\/en\/product\/gia-cong-khuon-dot-dap\/#primaryimage\",\"url\":\"https:\/\/imrovietnam.com\/wp-content\/uploads\/2021\/08\/Khuon-dot-dap.jpg\",\"contentUrl\":\"https:\/\/imrovietnam.com\/wp-content\/uploads\/2021\/08\/Khuon-dot-dap.jpg\",\"width\":271,\"height\":326},{\"@type\":\"BreadcrumbList\",\"@id\":\"https:\/\/imrovietnam.com\/en\/product\/gia-cong-khuon-dot-dap\/#breadcrumb\",\"itemListElement\":[{\"@type\":\"ListItem\",\"position\":1,\"name\":\"Home\",\"item\":\"https:\/\/imrovietnam.com\/\"},{\"@type\":\"ListItem\",\"position\":2,\"name\":\"S\u1ea3n ph\u1ea9m\",\"item\":\"https:\/\/imrovietnam.com\/shop\/\"},{\"@type\":\"ListItem\",\"position\":3,\"name\":\"Gia c\u00f4ng khu\u00f4n \u0111\u1ed9t d\u1eadp\"}]},{\"@type\":\"WebSite\",\"@id\":\"https:\/\/imrovietnam.com\/#website\",\"url\":\"https:\/\/imrovietnam.com\/\",\"name\":\"IMRO Vietnam\",\"description\":\"Your consumables and spare parts store\",\"potentialAction\":[{\"@type\":\"SearchAction\",\"target\":{\"@type\":\"EntryPoint\",\"urlTemplate\":\"https:\/\/imrovietnam.com\/?s={search_term_string}\"},\"query-input\":{\"@type\":\"PropertyValueSpecification\",\"valueRequired\":true,\"valueName\":\"search_term_string\"}}],\"inLanguage\":\"en-US\"}]}<\/script>\n<!-- \/ Yoast SEO Premium plugin. -->","yoast_head_json":{"title":"Gia c\u00f4ng khu\u00f4n \u0111\u1ed9t d\u1eadp - IMRO Vietnam","robots":{"index":"index","follow":"follow","max-snippet":"max-snippet:-1","max-image-preview":"max-image-preview:large","max-video-preview":"max-video-preview:-1"},"canonical":"https:\/\/imrovietnam.com\/en\/product\/gia-cong-khuon-dot-dap\/","og_locale":"en_US","og_type":"article","og_title":"Gia c\u00f4ng khu\u00f4n \u0111\u1ed9t d\u1eadp","og_description":"Nh\u1eefng b\u1ed9 khu\u00f4n \u0111\u1ed9t d\u1eadp, nhi\u1ec1u chi ti\u1ebft \u0111\u1ed9 ch\u00ednh x\u00e1c v\u00e0 \u0111\u1ed9 c\u1ee9ng cao \u0111\u01b0\u1ee3c ch\u00fang t\u00f4i s\u1ea3n xu\u1ea5t cung c\u1ea5p cho r\u1ea5t nhi\u1ec1u nh\u00e0 m\u00e1y \u0111\u01a1n v\u1ecb s\u1ea3n xu\u1ea5t trong v\u00e0 ngo\u00e0i n\u01b0\u1edbc. V\u1edbi d\u00e2y chuy\u1ec1n m\u00e1y m\u00f3c CNC hi\u1ec7n \u0111\u1ea1i t\u1eeb Nh\u1eadt, \u0110\u1ee9c, \u0110\u00e0i Loan&#8230;. No Machine name Maker brand \u00a0Country of [...]","og_url":"https:\/\/imrovietnam.com\/en\/product\/gia-cong-khuon-dot-dap\/","og_site_name":"IMRO Vietnam","article_modified_time":"2021-08-30T04:03:21+00:00","og_image":[{"width":271,"height":326,"url":"https:\/\/imrovietnam.com\/wp-content\/uploads\/2021\/08\/Khuon-dot-dap.jpg","type":"image\/jpeg"}],"twitter_card":"summary_large_image","twitter_misc":{"Est. reading time":"1 minute"},"schema":{"@context":"https:\/\/schema.org","@graph":[{"@type":"WebPage","@id":"https:\/\/imrovietnam.com\/en\/product\/gia-cong-khuon-dot-dap\/","url":"https:\/\/imrovietnam.com\/en\/product\/gia-cong-khuon-dot-dap\/","name":"Gia c\u00f4ng khu\u00f4n \u0111\u1ed9t d\u1eadp - IMRO Vietnam","isPartOf":{"@id":"https:\/\/imrovietnam.com\/#website"},"primaryImageOfPage":{"@id":"https:\/\/imrovietnam.com\/en\/product\/gia-cong-khuon-dot-dap\/#primaryimage"},"image":{"@id":"https:\/\/imrovietnam.com\/en\/product\/gia-cong-khuon-dot-dap\/#primaryimage"},"thumbnailUrl":"https:\/\/imrovietnam.com\/wp-content\/uploads\/2021\/08\/Khuon-dot-dap.jpg","datePublished":"2021-08-22T09:45:47+00:00","dateModified":"2021-08-30T04:03:21+00:00","breadcrumb":{"@id":"https:\/\/imrovietnam.com\/en\/product\/gia-cong-khuon-dot-dap\/#breadcrumb"},"inLanguage":"en-US","potentialAction":[{"@type":"ReadAction","target":["https:\/\/imrovietnam.com\/en\/product\/gia-cong-khuon-dot-dap\/"]}]},{"@type":"ImageObject","inLanguage":"en-US","@id":"https:\/\/imrovietnam.com\/en\/product\/gia-cong-khuon-dot-dap\/#primaryimage","url":"https:\/\/imrovietnam.com\/wp-content\/uploads\/2021\/08\/Khuon-dot-dap.jpg","contentUrl":"https:\/\/imrovietnam.com\/wp-content\/uploads\/2021\/08\/Khuon-dot-dap.jpg","width":271,"height":326},{"@type":"BreadcrumbList","@id":"https:\/\/imrovietnam.com\/en\/product\/gia-cong-khuon-dot-dap\/#breadcrumb","itemListElement":[{"@type":"ListItem","position":1,"name":"Home","item":"https:\/\/imrovietnam.com\/"},{"@type":"ListItem","position":2,"name":"S\u1ea3n ph\u1ea9m","item":"https:\/\/imrovietnam.com\/shop\/"},{"@type":"ListItem","position":3,"name":"Gia c\u00f4ng khu\u00f4n \u0111\u1ed9t d\u1eadp"}]},{"@type":"WebSite","@id":"https:\/\/imrovietnam.com\/#website","url":"https:\/\/imrovietnam.com\/","name":"IMRO Vietnam","description":"Your consumables and spare parts store","potentialAction":[{"@type":"SearchAction","target":{"@type":"EntryPoint","urlTemplate":"https:\/\/imrovietnam.com\/?s={search_term_string}"},"query-input":{"@type":"PropertyValueSpecification","valueRequired":true,"valueName":"search_term_string"}}],"inLanguage":"en-US"}]}},"_links":{"self":[{"href":"https:\/\/imrovietnam.com\/en\/wp-json\/wp\/v2\/product\/2243","targetHints":{"allow":["GET"]}}],"collection":[{"href":"https:\/\/imrovietnam.com\/en\/wp-json\/wp\/v2\/product"}],"about":[{"href":"https:\/\/imrovietnam.com\/en\/wp-json\/wp\/v2\/types\/product"}],"replies":[{"embeddable":true,"href":"https:\/\/imrovietnam.com\/en\/wp-json\/wp\/v2\/comments?post=2243"}],"wp:featuredmedia":[{"embeddable":true,"href":"https:\/\/imrovietnam.com\/en\/wp-json\/wp\/v2\/media\/2244"}],"wp:attachment":[{"href":"https:\/\/imrovietnam.com\/en\/wp-json\/wp\/v2\/media?parent=2243"}],"wp:term":[{"taxonomy":"product_brand","embeddable":true,"href":"https:\/\/imrovietnam.com\/en\/wp-json\/wp\/v2\/product_brand?post=2243"},{"taxonomy":"product_cat","embeddable":true,"href":"https:\/\/imrovietnam.com\/en\/wp-json\/wp\/v2\/product_cat?post=2243"},{"taxonomy":"product_tag","embeddable":true,"href":"https:\/\/imrovietnam.com\/en\/wp-json\/wp\/v2\/product_tag?post=2243"}],"curies":[{"name":"wp","href":"https:\/\/api.w.org\/{rel}","templated":true}]}}