{"id":2238,"date":"2021-08-22T16:37:45","date_gmt":"2021-08-22T09:37:45","guid":{"rendered":"https:\/\/imrovietnam.com\/?post_type=product&#038;p=2238"},"modified":"2021-08-22T16:37:46","modified_gmt":"2021-08-22T09:37:46","slug":"khuon-in-stencil-smt","status":"publish","type":"product","link":"https:\/\/imrovietnam.com\/en\/product\/khuon-in-stencil-smt\/","title":{"rendered":"Khu\u00f4n in stencil SMT"},"content":{"rendered":"<p>S\u1ea3n ph\u1ea9m khu\u00f4n in stencil smt c\u1ee7a ch\u00fang t\u00f4i \u0111\u1eb7t \u0111\u1ed9 ch\u00ednh x\u00e1c cao nh\u1edd ph\u01b0\u01a1ng ph\u00e1p gia c\u00f4ng tr\u00ean m\u00e1y phay t\u1ef1 \u0111\u1ed9ng CNC c\u1ee7a nh\u1eadt, t\u00e2y \u00e2u v\u00e0 m\u1ef9.<\/p>\n<p>C\u00f9ng v\u1edbi \u0111\u1ed9i ng\u0169 k\u1ef9 s\u01b0 l\u00e0nh ngh\u1ec1 v\u00e0 kinh nghi\u1ec7m nhi\u1ec1u n\u0103m trong ng\u00e0nh s\u1ea3n xu\u1ea5t SMT.<\/p>\n<p><img loading=\"lazy\" decoding=\"async\" class=\"alignnone size-full wp-image-2239\" src=\"https:\/\/imrovietnam.com\/wp-content\/uploads\/2021\/08\/Khuon-in-stencil-SMT.jpg\" alt=\"\" width=\"317\" height=\"382\" \/><\/p>\n<p>V\u1edbi d\u00e2y chuy\u1ec1n gia c\u00f4ng phay CNC hi\u1ec7n \u0111\u1ea1i ch\u00fang t\u00f4i tin t\u01b0\u1edfng ch\u1eafc ch\u1eafn s\u1ebd l\u00e0m h\u00e0i l\u00f2ng qu\u00fd kh\u00e1ch h\u00e0ng.<\/p>\n<p><img loading=\"lazy\" decoding=\"async\" class=\"alignnone size-full wp-image-2241\" src=\"https:\/\/imrovietnam.com\/wp-content\/uploads\/2021\/08\/Day-chuyen-gia-cong-CNC.jpg\" alt=\"\" width=\"404\" height=\"260\" \/><\/p>\n","protected":false},"excerpt":{"rendered":"<p>S\u1ea3n ph\u1ea9m khu\u00f4n in stencil smt c\u1ee7a ch\u00fang t\u00f4i \u0111\u1eb7t \u0111\u1ed9 ch\u00ednh x\u00e1c cao nh\u1edd ph\u01b0\u01a1ng ph\u00e1p gia c\u00f4ng tr\u00ean m\u00e1y phay t\u1ef1 \u0111\u1ed9ng CNC c\u1ee7a nh\u1eadt, t\u00e2y \u00e2u v\u00e0 m\u1ef9. C\u00f9ng v\u1edbi \u0111\u1ed9i ng\u0169 k\u1ef9 s\u01b0 l\u00e0nh ngh\u1ec1 v\u00e0 kinh nghi\u1ec7m nhi\u1ec1u n\u0103m trong ng\u00e0nh s\u1ea3n xu\u1ea5t SMT. V\u1edbi d\u00e2y chuy\u1ec1n gia c\u00f4ng phay [&#8230;]\n","protected":false},"featured_media":2239,"comment_status":"open","ping_status":"closed","template":"","meta":[],"product_brand":[],"product_cat":[44],"product_tag":[229],"class_list":{"0":"post-2238","1":"product","2":"type-product","3":"status-publish","4":"has-post-thumbnail","6":"product_cat-vat-tu-co-khi-gia-cong-co-khi-chinh-xac","7":"product_tag-khuon-in-stencil-smt","9":"first","10":"instock","11":"shipping-taxable","12":"product-type-simple"},"yoast_head":"<!-- This site is optimized with the Yoast SEO Premium plugin v25.0 (Yoast SEO v25.2) - https:\/\/yoast.com\/wordpress\/plugins\/seo\/ -->\n<title>Khu\u00f4n in stencil SMT - IMRO Vietnam<\/title>\n<meta name=\"robots\" content=\"index, follow, max-snippet:-1, max-image-preview:large, max-video-preview:-1\" \/>\n<link rel=\"canonical\" href=\"https:\/\/imrovietnam.com\/en\/product\/khuon-in-stencil-smt\/\" \/>\n<meta property=\"og:locale\" content=\"en_US\" \/>\n<meta property=\"og:type\" content=\"article\" \/>\n<meta property=\"og:title\" content=\"Khu\u00f4n in stencil SMT\" \/>\n<meta property=\"og:description\" content=\"S\u1ea3n ph\u1ea9m khu\u00f4n in stencil smt c\u1ee7a ch\u00fang t\u00f4i \u0111\u1eb7t \u0111\u1ed9 ch\u00ednh x\u00e1c cao nh\u1edd ph\u01b0\u01a1ng ph\u00e1p gia c\u00f4ng tr\u00ean m\u00e1y phay t\u1ef1 \u0111\u1ed9ng CNC c\u1ee7a nh\u1eadt, t\u00e2y \u00e2u v\u00e0 m\u1ef9. C\u00f9ng v\u1edbi \u0111\u1ed9i ng\u0169 k\u1ef9 s\u01b0 l\u00e0nh ngh\u1ec1 v\u00e0 kinh nghi\u1ec7m nhi\u1ec1u n\u0103m trong ng\u00e0nh s\u1ea3n xu\u1ea5t SMT. V\u1edbi d\u00e2y chuy\u1ec1n gia c\u00f4ng phay [...]\" \/>\n<meta property=\"og:url\" content=\"https:\/\/imrovietnam.com\/en\/product\/khuon-in-stencil-smt\/\" \/>\n<meta property=\"og:site_name\" content=\"IMRO Vietnam\" \/>\n<meta property=\"article:modified_time\" content=\"2021-08-22T09:37:46+00:00\" \/>\n<meta property=\"og:image\" content=\"https:\/\/imrovietnam.com\/wp-content\/uploads\/2021\/08\/Khuon-in-stencil-SMT.jpg\" \/>\n\t<meta property=\"og:image:width\" content=\"317\" \/>\n\t<meta property=\"og:image:height\" content=\"382\" \/>\n\t<meta property=\"og:image:type\" content=\"image\/jpeg\" \/>\n<meta name=\"twitter:card\" content=\"summary_large_image\" \/>\n<meta name=\"twitter:label1\" content=\"Est. reading time\" \/>\n\t<meta name=\"twitter:data1\" content=\"1 minute\" \/>\n<script type=\"application\/ld+json\" class=\"yoast-schema-graph\">{\"@context\":\"https:\/\/schema.org\",\"@graph\":[{\"@type\":\"WebPage\",\"@id\":\"https:\/\/imrovietnam.com\/en\/product\/khuon-in-stencil-smt\/\",\"url\":\"https:\/\/imrovietnam.com\/en\/product\/khuon-in-stencil-smt\/\",\"name\":\"Khu\u00f4n in stencil SMT - IMRO Vietnam\",\"isPartOf\":{\"@id\":\"https:\/\/imrovietnam.com\/#website\"},\"primaryImageOfPage\":{\"@id\":\"https:\/\/imrovietnam.com\/en\/product\/khuon-in-stencil-smt\/#primaryimage\"},\"image\":{\"@id\":\"https:\/\/imrovietnam.com\/en\/product\/khuon-in-stencil-smt\/#primaryimage\"},\"thumbnailUrl\":\"https:\/\/imrovietnam.com\/wp-content\/uploads\/2021\/08\/Khuon-in-stencil-SMT.jpg\",\"datePublished\":\"2021-08-22T09:37:45+00:00\",\"dateModified\":\"2021-08-22T09:37:46+00:00\",\"breadcrumb\":{\"@id\":\"https:\/\/imrovietnam.com\/en\/product\/khuon-in-stencil-smt\/#breadcrumb\"},\"inLanguage\":\"en-US\",\"potentialAction\":[{\"@type\":\"ReadAction\",\"target\":[\"https:\/\/imrovietnam.com\/en\/product\/khuon-in-stencil-smt\/\"]}]},{\"@type\":\"ImageObject\",\"inLanguage\":\"en-US\",\"@id\":\"https:\/\/imrovietnam.com\/en\/product\/khuon-in-stencil-smt\/#primaryimage\",\"url\":\"https:\/\/imrovietnam.com\/wp-content\/uploads\/2021\/08\/Khuon-in-stencil-SMT.jpg\",\"contentUrl\":\"https:\/\/imrovietnam.com\/wp-content\/uploads\/2021\/08\/Khuon-in-stencil-SMT.jpg\",\"width\":317,\"height\":382},{\"@type\":\"BreadcrumbList\",\"@id\":\"https:\/\/imrovietnam.com\/en\/product\/khuon-in-stencil-smt\/#breadcrumb\",\"itemListElement\":[{\"@type\":\"ListItem\",\"position\":1,\"name\":\"Home\",\"item\":\"https:\/\/imrovietnam.com\/\"},{\"@type\":\"ListItem\",\"position\":2,\"name\":\"S\u1ea3n ph\u1ea9m\",\"item\":\"https:\/\/imrovietnam.com\/shop\/\"},{\"@type\":\"ListItem\",\"position\":3,\"name\":\"Khu\u00f4n in stencil SMT\"}]},{\"@type\":\"WebSite\",\"@id\":\"https:\/\/imrovietnam.com\/#website\",\"url\":\"https:\/\/imrovietnam.com\/\",\"name\":\"IMRO Vietnam\",\"description\":\"Your consumables and spare parts store\",\"potentialAction\":[{\"@type\":\"SearchAction\",\"target\":{\"@type\":\"EntryPoint\",\"urlTemplate\":\"https:\/\/imrovietnam.com\/?s={search_term_string}\"},\"query-input\":{\"@type\":\"PropertyValueSpecification\",\"valueRequired\":true,\"valueName\":\"search_term_string\"}}],\"inLanguage\":\"en-US\"}]}<\/script>\n<!-- \/ Yoast SEO Premium plugin. -->","yoast_head_json":{"title":"Khu\u00f4n in stencil SMT - IMRO Vietnam","robots":{"index":"index","follow":"follow","max-snippet":"max-snippet:-1","max-image-preview":"max-image-preview:large","max-video-preview":"max-video-preview:-1"},"canonical":"https:\/\/imrovietnam.com\/en\/product\/khuon-in-stencil-smt\/","og_locale":"en_US","og_type":"article","og_title":"Khu\u00f4n in stencil SMT","og_description":"S\u1ea3n ph\u1ea9m khu\u00f4n in stencil smt c\u1ee7a ch\u00fang t\u00f4i \u0111\u1eb7t \u0111\u1ed9 ch\u00ednh x\u00e1c cao nh\u1edd ph\u01b0\u01a1ng ph\u00e1p gia c\u00f4ng tr\u00ean m\u00e1y phay t\u1ef1 \u0111\u1ed9ng CNC c\u1ee7a nh\u1eadt, t\u00e2y \u00e2u v\u00e0 m\u1ef9. C\u00f9ng v\u1edbi \u0111\u1ed9i ng\u0169 k\u1ef9 s\u01b0 l\u00e0nh ngh\u1ec1 v\u00e0 kinh nghi\u1ec7m nhi\u1ec1u n\u0103m trong ng\u00e0nh s\u1ea3n xu\u1ea5t SMT. V\u1edbi d\u00e2y chuy\u1ec1n gia c\u00f4ng phay [...]","og_url":"https:\/\/imrovietnam.com\/en\/product\/khuon-in-stencil-smt\/","og_site_name":"IMRO Vietnam","article_modified_time":"2021-08-22T09:37:46+00:00","og_image":[{"width":317,"height":382,"url":"https:\/\/imrovietnam.com\/wp-content\/uploads\/2021\/08\/Khuon-in-stencil-SMT.jpg","type":"image\/jpeg"}],"twitter_card":"summary_large_image","twitter_misc":{"Est. reading time":"1 minute"},"schema":{"@context":"https:\/\/schema.org","@graph":[{"@type":"WebPage","@id":"https:\/\/imrovietnam.com\/en\/product\/khuon-in-stencil-smt\/","url":"https:\/\/imrovietnam.com\/en\/product\/khuon-in-stencil-smt\/","name":"Khu\u00f4n in stencil SMT - IMRO Vietnam","isPartOf":{"@id":"https:\/\/imrovietnam.com\/#website"},"primaryImageOfPage":{"@id":"https:\/\/imrovietnam.com\/en\/product\/khuon-in-stencil-smt\/#primaryimage"},"image":{"@id":"https:\/\/imrovietnam.com\/en\/product\/khuon-in-stencil-smt\/#primaryimage"},"thumbnailUrl":"https:\/\/imrovietnam.com\/wp-content\/uploads\/2021\/08\/Khuon-in-stencil-SMT.jpg","datePublished":"2021-08-22T09:37:45+00:00","dateModified":"2021-08-22T09:37:46+00:00","breadcrumb":{"@id":"https:\/\/imrovietnam.com\/en\/product\/khuon-in-stencil-smt\/#breadcrumb"},"inLanguage":"en-US","potentialAction":[{"@type":"ReadAction","target":["https:\/\/imrovietnam.com\/en\/product\/khuon-in-stencil-smt\/"]}]},{"@type":"ImageObject","inLanguage":"en-US","@id":"https:\/\/imrovietnam.com\/en\/product\/khuon-in-stencil-smt\/#primaryimage","url":"https:\/\/imrovietnam.com\/wp-content\/uploads\/2021\/08\/Khuon-in-stencil-SMT.jpg","contentUrl":"https:\/\/imrovietnam.com\/wp-content\/uploads\/2021\/08\/Khuon-in-stencil-SMT.jpg","width":317,"height":382},{"@type":"BreadcrumbList","@id":"https:\/\/imrovietnam.com\/en\/product\/khuon-in-stencil-smt\/#breadcrumb","itemListElement":[{"@type":"ListItem","position":1,"name":"Home","item":"https:\/\/imrovietnam.com\/"},{"@type":"ListItem","position":2,"name":"S\u1ea3n ph\u1ea9m","item":"https:\/\/imrovietnam.com\/shop\/"},{"@type":"ListItem","position":3,"name":"Khu\u00f4n in stencil SMT"}]},{"@type":"WebSite","@id":"https:\/\/imrovietnam.com\/#website","url":"https:\/\/imrovietnam.com\/","name":"IMRO Vietnam","description":"Your consumables and spare parts store","potentialAction":[{"@type":"SearchAction","target":{"@type":"EntryPoint","urlTemplate":"https:\/\/imrovietnam.com\/?s={search_term_string}"},"query-input":{"@type":"PropertyValueSpecification","valueRequired":true,"valueName":"search_term_string"}}],"inLanguage":"en-US"}]}},"_links":{"self":[{"href":"https:\/\/imrovietnam.com\/en\/wp-json\/wp\/v2\/product\/2238","targetHints":{"allow":["GET"]}}],"collection":[{"href":"https:\/\/imrovietnam.com\/en\/wp-json\/wp\/v2\/product"}],"about":[{"href":"https:\/\/imrovietnam.com\/en\/wp-json\/wp\/v2\/types\/product"}],"replies":[{"embeddable":true,"href":"https:\/\/imrovietnam.com\/en\/wp-json\/wp\/v2\/comments?post=2238"}],"wp:featuredmedia":[{"embeddable":true,"href":"https:\/\/imrovietnam.com\/en\/wp-json\/wp\/v2\/media\/2239"}],"wp:attachment":[{"href":"https:\/\/imrovietnam.com\/en\/wp-json\/wp\/v2\/media?parent=2238"}],"wp:term":[{"taxonomy":"product_brand","embeddable":true,"href":"https:\/\/imrovietnam.com\/en\/wp-json\/wp\/v2\/product_brand?post=2238"},{"taxonomy":"product_cat","embeddable":true,"href":"https:\/\/imrovietnam.com\/en\/wp-json\/wp\/v2\/product_cat?post=2238"},{"taxonomy":"product_tag","embeddable":true,"href":"https:\/\/imrovietnam.com\/en\/wp-json\/wp\/v2\/product_tag?post=2238"}],"curies":[{"name":"wp","href":"https:\/\/api.w.org\/{rel}","templated":true}]}}