{"id":2224,"date":"2021-08-22T09:58:18","date_gmt":"2021-08-22T02:58:18","guid":{"rendered":"https:\/\/imrovietnam.com\/?post_type=product&#038;p=2224"},"modified":"2021-09-02T16:08:19","modified_gmt":"2021-09-02T09:08:19","slug":"dau-ban-vit-ranh-ngang-chuoi-tron-phi-5","status":"publish","type":"product","link":"https:\/\/imrovietnam.com\/en\/product\/dau-ban-vit-ranh-ngang-chuoi-tron-phi-5\/","title":{"rendered":"\u0110\u1ea7u b\u1eafn v\u00edt d\u1ea5u c\u1ed9ng &#8211; r\u00e3nh ngang &#8211; chu\u00f4i tr\u00f2n &#8211; th\u00e2n phi 5mm, Phillip &#8211; Plus &#8211; (+)"},"content":{"rendered":"\u0110\u1ea7u b\u1eafn v\u00edt d\u1ea5u c\u1ed9ng (+) (Plus) (Philips) r\u00e3nh ngang chu\u00f4i tr\u00f2n phi 5mm, c\u00f3 c\u00e1nh, d\u00f9ng cho s\u00fang b\u1eafn v\u00edt \u0111i\u1ec7n \/ t\u00f4 v\u00edt \u0111i\u1ec7n HIOS, KILEWS, Atlas Copco, Vessel, SEHAN.<\/p>\n<p>B\u1eafn \u0111\u01b0\u1ee3c v\u00edt m\u00e1y, v\u00edt b\u1eaft nh\u1ef1a, v\u00edt b\u1eaft g\u1ed7, v\u00edt \u0111\u1ea7u n\u1ea5m, v\u00edt \u0111\u1ea7u ph\u1eb3ng.<\/p>\n<p>\u1ee8ng d\u1ee5ng trong d\u00e2y chuy\u1ec1n l\u1eafp r\u00e1p \u0111i\u1ec7n t\u1eed, \u0111\u1ed3 gia d\u1ee5ng, \u00f4 t\u00f4 &#8211; xe m\u00e1y<\/p>\n<p>\u0110\u1eb7c \u0111i\u1ec3m: \u0111\u1ed9 c\u1ee9ng cao \/ kh\u1ea3 n\u0103ng ch\u1ed1ng m\u00e0i m\u00f2n m\u1ea1nh. C\u00f3 t\u1eeb t\u00ednh \/ kh\u00f4ng c\u00f3 t\u1eeb t\u00ednh<\/p>\n<p>K\u00edch th\u01b0\u1edbc:<\/p>\n<p>&#8211; M\u0169i (tip point size) No.00 &#8211; No.0 &#8211; No.1 &#8211; No.2 \/ PH00 &#8211; PH0 &#8211; PH1 &#8211; PH2<\/p>\n<p>&#8211; Th\u00e2n (body): \u03c65mm \/ D5 \/ \u03a65mm<\/p>\n<p>&#8211; Chi\u1ec1u d\u00e0i: 50mm &#8211; 60mm &#8211; 80mm &#8211; 100mm &#8211; 120mm &#8211; 150mm &#8211; 200mm<\/p>\n<p>V\u1eadt li\u1ec7u: th\u00e9p S2<br \/>\n\u0110\u1ed9 c\u1ee9ng: HRC58-62<\/p>\n<p>D\u00f9ng cho c\u00e1c lo\u1ea1i \u1ed1c v\u00edt: M1.0-M8.0.<br \/>\nH\u01b0\u1edbng d\u1eabn ch\u1ecdn c\u1ee1 v\u00edt (bit point size, bit tip) ph\u00f9 h\u1ee3p v\u1edbi c\u1ee1 \u1ed1c (screw, fastener):<\/p>\n<table style=\"border-collapse: collapse; width: 48.497%; height: 105px;\">\n<tbody>\n<tr style=\"height: 21px;\">\n<td style=\"width: 50%; height: 21px;\"><strong>Bit point size<\/strong><\/td>\n<td style=\"width: 50%; height: 21px;\"><strong>Screw size\u00a0 <\/strong><\/td>\n<\/tr>\n<tr style=\"height: 21px;\">\n<td style=\"width: 50%; height: 21px;\">No.0<\/td>\n<td style=\"width: 50%; height: 21px;\">M1.4-M2.6<\/td>\n<\/tr>\n<tr style=\"height: 21px;\">\n<td style=\"width: 50%; height: 21px;\">No.1<\/td>\n<td style=\"width: 50%; height: 21px;\">M2-M3<\/td>\n<\/tr>\n<tr style=\"height: 21px;\">\n<td style=\"width: 50%; height: 21px;\">No.2<\/td>\n<td style=\"width: 50%; height: 21px;\">M3-M5<\/td>\n<\/tr>\n<tr style=\"height: 21px;\">\n<td style=\"width: 50%; height: 21px;\">No.3<\/td>\n<td style=\"width: 50%; height: 21px;\">M6-M8<\/td>\n<\/tr>\n<\/tbody>\n<\/table>\n<p><img loading=\"lazy\" decoding=\"async\" class=\"alignnone wp-image-2345\" src=\"https:\/\/imrovietnam.com\/wp-content\/uploads\/2021\/08\/5mm-drive-Phillips-2.jpg\" alt=\"5mm drive Phillips - 2\" width=\"521\" height=\"151\" srcset=\"https:\/\/imrovietnam.com\/wp-content\/uploads\/2021\/08\/5mm-drive-Phillips-2.jpg 717w, https:\/\/imrovietnam.com\/wp-content\/uploads\/2021\/08\/5mm-drive-Phillips-2-510x148.jpg 510w\" sizes=\"auto, (max-width: 521px) 100vw, 521px\" \/><img loading=\"lazy\" decoding=\"async\" class=\"alignnone wp-image-2343\" style=\"color: #333333;\" src=\"https:\/\/imrovietnam.com\/wp-content\/uploads\/2021\/08\/5mm-drive-Phillips.jpg\" alt=\"5mm drive Phillips\" width=\"377\" height=\"158\" srcset=\"https:\/\/imrovietnam.com\/wp-content\/uploads\/2021\/08\/5mm-drive-Phillips.jpg 708w, https:\/\/imrovietnam.com\/wp-content\/uploads\/2021\/08\/5mm-drive-Phillips-510x215.jpg 510w\" sizes=\"auto, (max-width: 377px) 100vw, 377px\" \/> <img loading=\"lazy\" decoding=\"async\" class=\"alignnone wp-image-2347\" src=\"https:\/\/imrovietnam.com\/wp-content\/uploads\/2021\/08\/5mm-drive-Phillips-4.jpg\" alt=\"5mm drive Phillips - 4\" width=\"496\" height=\"150\" srcset=\"https:\/\/imrovietnam.com\/wp-content\/uploads\/2021\/08\/5mm-drive-Phillips-4.jpg 681w, https:\/\/imrovietnam.com\/wp-content\/uploads\/2021\/08\/5mm-drive-Phillips-4-510x154.jpg 510w\" sizes=\"auto, (max-width: 496px) 100vw, 496px\" \/><img loading=\"lazy\" decoding=\"async\" class=\"alignnone wp-image-2341\" src=\"https:\/\/imrovietnam.com\/wp-content\/uploads\/2021\/08\/5mm-drive-Phillips-3.jpg\" alt=\"5mm drive Phillips - 3\" width=\"392\" height=\"129\" srcset=\"https:\/\/imrovietnam.com\/wp-content\/uploads\/2021\/08\/5mm-drive-Phillips-3.jpg 710w, https:\/\/imrovietnam.com\/wp-content\/uploads\/2021\/08\/5mm-drive-Phillips-3-510x168.jpg 510w\" sizes=\"auto, (max-width: 392px) 100vw, 392px\" \/>","protected":false},"excerpt":{"rendered":"<p>K\u00edch th\u01b0\u1edbc:<\/p>\n<p>&#8211; M\u0169i (tip point size) No.00 &#8211; No.0 &#8211; No.1 &#8211; No.2 \/ PH00 &#8211; PH0 &#8211; PH1 &#8211; PH2<\/p>\n<p>&#8211; Th\u00e2n (body): \u03c65mm<\/p>\n<p>&#8211; Chi\u1ec1u d\u00e0i: 50mm &#8211; 60mm &#8211; 80mm &#8211; 100mm &#8211; 120mm &#8211; 150mm &#8211; 200mm<\/p>\n<table style=\"width: 47.2503%;\">\n<tbody>\n<tr>\n<td style=\"width: 50%;\"><strong>Bit point size<\/strong><\/td>\n<td style=\"width: 205.233%;\"><strong>Screw size\u00a0 <\/strong><\/td>\n<\/tr>\n<tr>\n<td style=\"width: 50%;\"><span style=\"font-size: 90%;\">No.0<\/span><\/td>\n<td style=\"width: 205.233%;\"><span style=\"font-size: 90%;\">M1.4-M2.6<\/span><\/td>\n<\/tr>\n<tr>\n<td style=\"width: 50%;\"><span style=\"font-size: 90%;\">No.1<\/span><\/td>\n<td style=\"width: 205.233%;\"><span style=\"font-size: 90%;\">M2-M3<\/span><\/td>\n<\/tr>\n<tr>\n<td style=\"width: 50%;\"><span style=\"font-size: 90%;\">No.2<\/span><\/td>\n<td style=\"width: 205.233%;\"><span style=\"font-size: 90%;\">M3-M5<\/span><\/td>\n<\/tr>\n<tr>\n<td style=\"width: 50%;\"><span style=\"font-size: 90%;\">No.3<\/span><\/td>\n<td style=\"width: 205.233%;\"><span style=\"font-size: 90%;\">M6-M8<\/span><\/td>\n<\/tr>\n<\/tbody>\n<\/table>\n<p>&nbsp;<\/p>\n","protected":false},"featured_media":2400,"comment_status":"open","ping_status":"closed","template":"","meta":[],"product_brand":[],"product_cat":[45],"product_tag":[239,227,277,283,273,242,238,241,274,275,276,126,240],"class_list":{"0":"post-2224","1":"product","2":"type-product","3":"status-publish","4":"has-post-thumbnail","6":"product_cat-screwdrive-bits-2","7":"product_tag-ban-vit","8":"product_tag-dau-ban-vit-ranh-ngang-chuoi-tron-phi-5","9":"product_tag-electric-screwdriver","10":"product_tag-hios","11":"product_tag-huong-dan-chonkich-thuoc","12":"product_tag-mui-ban-vit","13":"product_tag-mui-vit","14":"product_tag-ph","15":"product_tag-phillp","16":"product_tag-plus","17":"product_tag-screwdriver-bit","18":"product_tag-sung-ban-vit","19":"product_tag-tu-dong","21":"first","22":"instock","23":"shipping-taxable","24":"product-type-simple"},"yoast_head":"<!-- This site is optimized with the Yoast SEO Premium plugin v25.0 (Yoast SEO v25.2) - https:\/\/yoast.com\/wordpress\/plugins\/seo\/ -->\n<title>\u0110\u1ea7u b\u1eafn v\u00edt d\u1ea5u c\u1ed9ng - r\u00e3nh ngang - chu\u00f4i tr\u00f2n - th\u00e2n phi 5mm, Phillip - Plus - (+) - IMRO Vietnam<\/title>\n<meta name=\"robots\" content=\"index, follow, max-snippet:-1, max-image-preview:large, max-video-preview:-1\" \/>\n<link rel=\"canonical\" href=\"https:\/\/imrovietnam.com\/en\/product\/dau-ban-vit-ranh-ngang-chuoi-tron-phi-5\/\" \/>\n<meta property=\"og:locale\" content=\"en_US\" \/>\n<meta property=\"og:type\" content=\"article\" \/>\n<meta property=\"og:title\" content=\"\u0110\u1ea7u b\u1eafn v\u00edt d\u1ea5u c\u1ed9ng - r\u00e3nh ngang - chu\u00f4i tr\u00f2n - th\u00e2n phi 5mm, Phillip - Plus - (+)\" \/>\n<meta property=\"og:description\" content=\"K\u00edch th\u01b0\u1edbc:  - M\u0169i (tip point size) No.00 - No.0 - No.1 - No.2 \/ PH00 - PH0 - PH1 - PH2  - Th\u00e2n (body): \u03c65mm  - Chi\u1ec1u d\u00e0i: 50mm - 60mm - 80mm - 100mm - 120mm - 150mm - 200mm    Bit point size Screw size\u00a0    No.0 M1.4-M2.6   No.1 M2-M3   No.2 M3-M5   No.3 M6-M8    &nbsp;\" \/>\n<meta property=\"og:url\" content=\"https:\/\/imrovietnam.com\/en\/product\/dau-ban-vit-ranh-ngang-chuoi-tron-phi-5\/\" \/>\n<meta property=\"og:site_name\" content=\"IMRO Vietnam\" \/>\n<meta property=\"article:modified_time\" content=\"2021-09-02T09:08:19+00:00\" \/>\n<meta property=\"og:image\" content=\"https:\/\/imrovietnam.com\/wp-content\/uploads\/2021\/08\/4mm-drive-Phillips-3.jpg\" \/>\n\t<meta property=\"og:image:width\" content=\"450\" \/>\n\t<meta property=\"og:image:height\" content=\"450\" \/>\n\t<meta property=\"og:image:type\" content=\"image\/jpeg\" \/>\n<meta name=\"twitter:card\" content=\"summary_large_image\" \/>\n<meta name=\"twitter:label1\" content=\"Est. reading time\" \/>\n\t<meta name=\"twitter:data1\" content=\"2 minutes\" \/>\n<script type=\"application\/ld+json\" class=\"yoast-schema-graph\">{\"@context\":\"https:\/\/schema.org\",\"@graph\":[{\"@type\":\"WebPage\",\"@id\":\"https:\/\/imrovietnam.com\/en\/product\/dau-ban-vit-ranh-ngang-chuoi-tron-phi-5\/\",\"url\":\"https:\/\/imrovietnam.com\/en\/product\/dau-ban-vit-ranh-ngang-chuoi-tron-phi-5\/\",\"name\":\"\u0110\u1ea7u b\u1eafn v\u00edt d\u1ea5u c\u1ed9ng - r\u00e3nh ngang - chu\u00f4i tr\u00f2n - th\u00e2n phi 5mm, Phillip - Plus - (+) - IMRO Vietnam\",\"isPartOf\":{\"@id\":\"https:\/\/imrovietnam.com\/#website\"},\"primaryImageOfPage\":{\"@id\":\"https:\/\/imrovietnam.com\/en\/product\/dau-ban-vit-ranh-ngang-chuoi-tron-phi-5\/#primaryimage\"},\"image\":{\"@id\":\"https:\/\/imrovietnam.com\/en\/product\/dau-ban-vit-ranh-ngang-chuoi-tron-phi-5\/#primaryimage\"},\"thumbnailUrl\":\"https:\/\/imrovietnam.com\/wp-content\/uploads\/2021\/08\/4mm-drive-Phillips-3.jpg\",\"datePublished\":\"2021-08-22T02:58:18+00:00\",\"dateModified\":\"2021-09-02T09:08:19+00:00\",\"breadcrumb\":{\"@id\":\"https:\/\/imrovietnam.com\/en\/product\/dau-ban-vit-ranh-ngang-chuoi-tron-phi-5\/#breadcrumb\"},\"inLanguage\":\"en-US\",\"potentialAction\":[{\"@type\":\"ReadAction\",\"target\":[\"https:\/\/imrovietnam.com\/en\/product\/dau-ban-vit-ranh-ngang-chuoi-tron-phi-5\/\"]}]},{\"@type\":\"ImageObject\",\"inLanguage\":\"en-US\",\"@id\":\"https:\/\/imrovietnam.com\/en\/product\/dau-ban-vit-ranh-ngang-chuoi-tron-phi-5\/#primaryimage\",\"url\":\"https:\/\/imrovietnam.com\/wp-content\/uploads\/2021\/08\/4mm-drive-Phillips-3.jpg\",\"contentUrl\":\"https:\/\/imrovietnam.com\/wp-content\/uploads\/2021\/08\/4mm-drive-Phillips-3.jpg\",\"width\":450,\"height\":450,\"caption\":\"4mm drive Phillips - 3\"},{\"@type\":\"BreadcrumbList\",\"@id\":\"https:\/\/imrovietnam.com\/en\/product\/dau-ban-vit-ranh-ngang-chuoi-tron-phi-5\/#breadcrumb\",\"itemListElement\":[{\"@type\":\"ListItem\",\"position\":1,\"name\":\"Home\",\"item\":\"https:\/\/imrovietnam.com\/\"},{\"@type\":\"ListItem\",\"position\":2,\"name\":\"S\u1ea3n ph\u1ea9m\",\"item\":\"https:\/\/imrovietnam.com\/shop\/\"},{\"@type\":\"ListItem\",\"position\":3,\"name\":\"\u0110\u1ea7u b\u1eafn v\u00edt d\u1ea5u c\u1ed9ng &#8211; r\u00e3nh ngang &#8211; chu\u00f4i tr\u00f2n &#8211; th\u00e2n phi 5mm, Phillip &#8211; Plus &#8211; (+)\"}]},{\"@type\":\"WebSite\",\"@id\":\"https:\/\/imrovietnam.com\/#website\",\"url\":\"https:\/\/imrovietnam.com\/\",\"name\":\"IMRO Vietnam\",\"description\":\"Your consumables and spare parts store\",\"potentialAction\":[{\"@type\":\"SearchAction\",\"target\":{\"@type\":\"EntryPoint\",\"urlTemplate\":\"https:\/\/imrovietnam.com\/?s={search_term_string}\"},\"query-input\":{\"@type\":\"PropertyValueSpecification\",\"valueRequired\":true,\"valueName\":\"search_term_string\"}}],\"inLanguage\":\"en-US\"}]}<\/script>\n<!-- \/ Yoast SEO Premium plugin. -->","yoast_head_json":{"title":"\u0110\u1ea7u b\u1eafn v\u00edt d\u1ea5u c\u1ed9ng - r\u00e3nh ngang - chu\u00f4i tr\u00f2n - th\u00e2n phi 5mm, Phillip - Plus - (+) - IMRO Vietnam","robots":{"index":"index","follow":"follow","max-snippet":"max-snippet:-1","max-image-preview":"max-image-preview:large","max-video-preview":"max-video-preview:-1"},"canonical":"https:\/\/imrovietnam.com\/en\/product\/dau-ban-vit-ranh-ngang-chuoi-tron-phi-5\/","og_locale":"en_US","og_type":"article","og_title":"\u0110\u1ea7u b\u1eafn v\u00edt d\u1ea5u c\u1ed9ng - r\u00e3nh ngang - chu\u00f4i tr\u00f2n - th\u00e2n phi 5mm, Phillip - Plus - (+)","og_description":"K\u00edch th\u01b0\u1edbc:  - M\u0169i (tip point size) No.00 - No.0 - No.1 - No.2 \/ PH00 - PH0 - PH1 - PH2  - Th\u00e2n (body): \u03c65mm  - Chi\u1ec1u d\u00e0i: 50mm - 60mm - 80mm - 100mm - 120mm - 150mm - 200mm    Bit point size Screw size\u00a0    No.0 M1.4-M2.6   No.1 M2-M3   No.2 M3-M5   No.3 M6-M8    &nbsp;","og_url":"https:\/\/imrovietnam.com\/en\/product\/dau-ban-vit-ranh-ngang-chuoi-tron-phi-5\/","og_site_name":"IMRO Vietnam","article_modified_time":"2021-09-02T09:08:19+00:00","og_image":[{"width":450,"height":450,"url":"https:\/\/imrovietnam.com\/wp-content\/uploads\/2021\/08\/4mm-drive-Phillips-3.jpg","type":"image\/jpeg"}],"twitter_card":"summary_large_image","twitter_misc":{"Est. reading time":"2 minutes"},"schema":{"@context":"https:\/\/schema.org","@graph":[{"@type":"WebPage","@id":"https:\/\/imrovietnam.com\/en\/product\/dau-ban-vit-ranh-ngang-chuoi-tron-phi-5\/","url":"https:\/\/imrovietnam.com\/en\/product\/dau-ban-vit-ranh-ngang-chuoi-tron-phi-5\/","name":"\u0110\u1ea7u b\u1eafn v\u00edt d\u1ea5u c\u1ed9ng - r\u00e3nh ngang - chu\u00f4i tr\u00f2n - th\u00e2n phi 5mm, Phillip - Plus - (+) - IMRO Vietnam","isPartOf":{"@id":"https:\/\/imrovietnam.com\/#website"},"primaryImageOfPage":{"@id":"https:\/\/imrovietnam.com\/en\/product\/dau-ban-vit-ranh-ngang-chuoi-tron-phi-5\/#primaryimage"},"image":{"@id":"https:\/\/imrovietnam.com\/en\/product\/dau-ban-vit-ranh-ngang-chuoi-tron-phi-5\/#primaryimage"},"thumbnailUrl":"https:\/\/imrovietnam.com\/wp-content\/uploads\/2021\/08\/4mm-drive-Phillips-3.jpg","datePublished":"2021-08-22T02:58:18+00:00","dateModified":"2021-09-02T09:08:19+00:00","breadcrumb":{"@id":"https:\/\/imrovietnam.com\/en\/product\/dau-ban-vit-ranh-ngang-chuoi-tron-phi-5\/#breadcrumb"},"inLanguage":"en-US","potentialAction":[{"@type":"ReadAction","target":["https:\/\/imrovietnam.com\/en\/product\/dau-ban-vit-ranh-ngang-chuoi-tron-phi-5\/"]}]},{"@type":"ImageObject","inLanguage":"en-US","@id":"https:\/\/imrovietnam.com\/en\/product\/dau-ban-vit-ranh-ngang-chuoi-tron-phi-5\/#primaryimage","url":"https:\/\/imrovietnam.com\/wp-content\/uploads\/2021\/08\/4mm-drive-Phillips-3.jpg","contentUrl":"https:\/\/imrovietnam.com\/wp-content\/uploads\/2021\/08\/4mm-drive-Phillips-3.jpg","width":450,"height":450,"caption":"4mm drive Phillips - 3"},{"@type":"BreadcrumbList","@id":"https:\/\/imrovietnam.com\/en\/product\/dau-ban-vit-ranh-ngang-chuoi-tron-phi-5\/#breadcrumb","itemListElement":[{"@type":"ListItem","position":1,"name":"Home","item":"https:\/\/imrovietnam.com\/"},{"@type":"ListItem","position":2,"name":"S\u1ea3n ph\u1ea9m","item":"https:\/\/imrovietnam.com\/shop\/"},{"@type":"ListItem","position":3,"name":"\u0110\u1ea7u b\u1eafn v\u00edt d\u1ea5u c\u1ed9ng &#8211; r\u00e3nh ngang &#8211; chu\u00f4i tr\u00f2n &#8211; th\u00e2n phi 5mm, Phillip &#8211; Plus &#8211; (+)"}]},{"@type":"WebSite","@id":"https:\/\/imrovietnam.com\/#website","url":"https:\/\/imrovietnam.com\/","name":"IMRO Vietnam","description":"Your consumables and spare parts store","potentialAction":[{"@type":"SearchAction","target":{"@type":"EntryPoint","urlTemplate":"https:\/\/imrovietnam.com\/?s={search_term_string}"},"query-input":{"@type":"PropertyValueSpecification","valueRequired":true,"valueName":"search_term_string"}}],"inLanguage":"en-US"}]}},"_links":{"self":[{"href":"https:\/\/imrovietnam.com\/en\/wp-json\/wp\/v2\/product\/2224","targetHints":{"allow":["GET"]}}],"collection":[{"href":"https:\/\/imrovietnam.com\/en\/wp-json\/wp\/v2\/product"}],"about":[{"href":"https:\/\/imrovietnam.com\/en\/wp-json\/wp\/v2\/types\/product"}],"replies":[{"embeddable":true,"href":"https:\/\/imrovietnam.com\/en\/wp-json\/wp\/v2\/comments?post=2224"}],"wp:featuredmedia":[{"embeddable":true,"href":"https:\/\/imrovietnam.com\/en\/wp-json\/wp\/v2\/media\/2400"}],"wp:attachment":[{"href":"https:\/\/imrovietnam.com\/en\/wp-json\/wp\/v2\/media?parent=2224"}],"wp:term":[{"taxonomy":"product_brand","embeddable":true,"href":"https:\/\/imrovietnam.com\/en\/wp-json\/wp\/v2\/product_brand?post=2224"},{"taxonomy":"product_cat","embeddable":true,"href":"https:\/\/imrovietnam.com\/en\/wp-json\/wp\/v2\/product_cat?post=2224"},{"taxonomy":"product_tag","embeddable":true,"href":"https:\/\/imrovietnam.com\/en\/wp-json\/wp\/v2\/product_tag?post=2224"}],"curies":[{"name":"wp","href":"https:\/\/api.w.org\/{rel}","templated":true}]}}