{"id":2221,"date":"2021-08-22T09:48:42","date_gmt":"2021-08-22T02:48:42","guid":{"rendered":"https:\/\/imrovietnam.com\/?post_type=product&#038;p=2221"},"modified":"2021-09-05T11:28:22","modified_gmt":"2021-09-05T04:28:22","slug":"dau-ban-vit-luc-giac-chuoi-luc-5mm","status":"publish","type":"product","link":"https:\/\/imrovietnam.com\/en\/product\/dau-ban-vit-luc-giac-chuoi-luc-5mm\/","title":{"rendered":"\u0110\u1ea7u b\u1eafn v\u00edt l\u1ee5c gi\u00e1c \u2013 r\u00e3nh c\u00e0i 14mm \u2013 chu\u00f4i l\u1ee5c gi\u00e1c Hexagon 5mm (\u2b21)"},"content":{"rendered":"<p>\u0110\u1ea7u b\u1eafn v\u00edt l\u1ee5c gi\u00e1c Hexagon (\u2b21), r\u00e3nh c\u00e0i 14mm chu\u00f4i l\u1ee5c gi\u00e1c 5mm, d\u00f9ng cho s\u00fang b\u1eafn v\u00edt \u0111i\u1ec7n \/ t\u00f4 v\u00edt \u0111i\u1ec7n HIOS, KILEWS, Atlas Copco, Vessel, SEHAN.<\/p>\n<p>\u1ee8ng d\u1ee5ng trong d\u00e2y chuy\u1ec1n l\u1eafp r\u00e1p \u0111i\u1ec7n t\u1eed, \u0111\u1ed3 gia d\u1ee5ng, \u00f4 t\u00f4 \u2013 xe m\u00e1y<\/p>\n<p>\u0110\u1eb7c \u0111i\u1ec3m: \u0111\u1ed9 c\u1ee9ng cao \/ kh\u1ea3 n\u0103ng ch\u1ed1ng m\u00e0i m\u00f2n m\u1ea1nh. C\u00f3 t\u1eeb t\u00ednh \/ kh\u00f4ng c\u00f3 t\u1eeb t\u00ednh<\/p>\n<p>K\u00edch th\u01b0\u1edbc:<\/p>\n<p>\u2013 M\u0169i (tip point size): H1.5 ~ H6<\/p>\n<p>\u2013 Th\u00e2n (body): hex 5mm<\/p>\n<p>\u2013 Chu\u00f4i c\u00e0i l\u1ee5c gi\u00e1c r\u00e3nh 14mm<\/p>\n<p>\u2013 Chi\u1ec1u d\u00e0i: 70mm \u2013 100mm<\/p>\n<p>V\u1eadt li\u1ec7u: th\u00e9p S2<br \/>\n\u0110\u1ed9 c\u1ee9ng: HRC58-62<\/p>\n<p>H\u01b0\u1edbng d\u1eabn ch\u1ecdn m\u0169i v\u00edt ph\u00f9 h\u1ee3p con v\u00edt, con \u1ed1c<\/p>\n<table>\n<tbody>\n<tr>\n<td><strong>Bit point size<\/strong><\/td>\n<td><strong>Cap screw<\/strong><\/td>\n<td><strong>Set screw<\/strong><\/td>\n<td><strong>Bit point size<\/strong><\/td>\n<td><strong>Cap screw<\/strong><\/td>\n<td><strong>Set screw<\/strong><\/td>\n<\/tr>\n<tr>\n<td>H0.71<\/td>\n<td><\/td>\n<td>M1.4-M1.8<\/td>\n<td>H3<\/td>\n<td>M4<\/td>\n<td>M6<\/td>\n<\/tr>\n<tr>\n<td>H0.89<\/td>\n<td><\/td>\n<td>M1.2<\/td>\n<td>H4<\/td>\n<td>M5<\/td>\n<td>M8<\/td>\n<\/tr>\n<tr>\n<td>H1.27<\/td>\n<td>M1.4<\/td>\n<td>M2.5 M2.6<\/td>\n<td>H5<\/td>\n<td>M6, 1\/4\u2033<\/td>\n<td>M10<\/td>\n<\/tr>\n<tr>\n<td>H1.5<\/td>\n<td>M1.6 M2<\/td>\n<td>M3<\/td>\n<td>H6<\/td>\n<td>M8, 5\/16\u2033<\/td>\n<td>M12 M14<\/td>\n<\/tr>\n<tr>\n<td>H2<\/td>\n<td>M2.5 M2.6<\/td>\n<td>M4<\/td>\n<td>H8<\/td>\n<td>M10, 3\/8\u2033, 7\/16\u2033<\/td>\n<td>M16<\/td>\n<\/tr>\n<tr>\n<td>H2.5<\/td>\n<td>M3<\/td>\n<td>M5<\/td>\n<td>H10<\/td>\n<td>M12, 1\/2\u2033<\/td>\n<td>M18, M20<\/td>\n<\/tr>\n<\/tbody>\n<\/table>\n<p><img loading=\"lazy\" decoding=\"async\" class=\"alignnone wp-image-2490\" src=\"https:\/\/imrovietnam.com\/wp-content\/uploads\/2021\/08\/Hex-5mm-drive-hexagon-1.jpg\" alt=\"Hex 5mm drive hexagon - 1\" width=\"648\" height=\"226\" srcset=\"https:\/\/imrovietnam.com\/wp-content\/uploads\/2021\/08\/Hex-5mm-drive-hexagon-1.jpg 1079w, https:\/\/imrovietnam.com\/wp-content\/uploads\/2021\/08\/Hex-5mm-drive-hexagon-1-800x279.jpg 800w, https:\/\/imrovietnam.com\/wp-content\/uploads\/2021\/08\/Hex-5mm-drive-hexagon-1-768x268.jpg 768w, https:\/\/imrovietnam.com\/wp-content\/uploads\/2021\/08\/Hex-5mm-drive-hexagon-1-510x178.jpg 510w\" sizes=\"auto, (max-width: 648px) 100vw, 648px\" \/><\/p>\n","protected":false},"excerpt":{"rendered":"<p>K\u00edch th\u01b0\u1edbc:<\/p>\n<p>\u2013 M\u0169i (tip point size): H1.5 ~ H6<\/p>\n<p>\u2013 Th\u00e2n (body): hex 5mm<\/p>\n<p>\u2013 Chu\u00f4i c\u00e0i l\u1ee5c gi\u00e1c r\u00e3nh 14mm<\/p>\n<p>\u2013 Chi\u1ec1u d\u00e0i: 70mm \u2013 100mm<\/p>\n<p>H\u01b0\u1edbng d\u1eabn ch\u1ecdn m\u0169i v\u00edt ph\u00f9 h\u1ee3p con v\u00edt, con \u1ed1c<\/p>\n<table>\n<tbody>\n<tr>\n<td><strong>Bit point size<\/strong><\/td>\n<td><strong>Cap screw<\/strong><\/td>\n<td><strong>Set screw<\/strong><\/td>\n<td><strong>Bit point size<\/strong><\/td>\n<td><strong>Cap screw<\/strong><\/td>\n<td><strong>Set screw<\/strong><\/td>\n<\/tr>\n<tr>\n<td>H0.71<\/td>\n<td><\/td>\n<td>M1.4-M1.8<\/td>\n<td>H3<\/td>\n<td>M4<\/td>\n<td>M6<\/td>\n<\/tr>\n<tr>\n<td>H0.89<\/td>\n<td><\/td>\n<td>M1.2<\/td>\n<td>H4<\/td>\n<td>M5<\/td>\n<td>M8<\/td>\n<\/tr>\n<tr>\n<td>H1.27<\/td>\n<td>M1.4<\/td>\n<td>M2.5 M2.6<\/td>\n<td>H5<\/td>\n<td>M6, 1\/4\u2033<\/td>\n<td>M10<\/td>\n<\/tr>\n<tr>\n<td>H1.5<\/td>\n<td>M1.6 M2<\/td>\n<td>M3<\/td>\n<td>H6<\/td>\n<td>M8, 5\/16\u2033<\/td>\n<td>M12 M14<\/td>\n<\/tr>\n<tr>\n<td>H2<\/td>\n<td>M2.5 M2.6<\/td>\n<td>M4<\/td>\n<td>H8<\/td>\n<td>M10, 3\/8\u2033, 7\/16\u2033<\/td>\n<td>M16<\/td>\n<\/tr>\n<tr>\n<td>H2.5<\/td>\n<td>M3<\/td>\n<td>M5<\/td>\n<td>H10<\/td>\n<td>M12, 1\/2\u2033<\/td>\n<td>M18, M20<\/td>\n<\/tr>\n<\/tbody>\n<\/table>\n","protected":false},"featured_media":2492,"comment_status":"open","ping_status":"closed","template":"","meta":[],"product_brand":[],"product_cat":[45],"product_tag":[226],"class_list":{"0":"post-2221","1":"product","2":"type-product","3":"status-publish","4":"has-post-thumbnail","6":"product_cat-screwdrive-bits-2","7":"product_tag-dau-ban-vit-luc-giac-than-5mm","9":"first","10":"instock","11":"shipping-taxable","12":"product-type-simple"},"yoast_head":"<!-- This site is optimized with the Yoast SEO Premium plugin v25.0 (Yoast SEO v25.2) - https:\/\/yoast.com\/wordpress\/plugins\/seo\/ -->\n<title>\u0110\u1ea7u b\u1eafn v\u00edt l\u1ee5c gi\u00e1c \u2013 r\u00e3nh c\u00e0i 14mm \u2013 chu\u00f4i l\u1ee5c gi\u00e1c Hexagon 5mm (\u2b21) - IMRO Vietnam<\/title>\n<meta name=\"robots\" content=\"index, follow, max-snippet:-1, max-image-preview:large, max-video-preview:-1\" \/>\n<link rel=\"canonical\" href=\"https:\/\/imrovietnam.com\/en\/product\/dau-ban-vit-luc-giac-chuoi-luc-5mm\/\" \/>\n<meta property=\"og:locale\" content=\"en_US\" \/>\n<meta property=\"og:type\" content=\"article\" \/>\n<meta property=\"og:title\" content=\"\u0110\u1ea7u b\u1eafn v\u00edt l\u1ee5c gi\u00e1c \u2013 r\u00e3nh c\u00e0i 14mm \u2013 chu\u00f4i l\u1ee5c gi\u00e1c Hexagon 5mm (\u2b21)\" \/>\n<meta property=\"og:description\" content=\"K\u00edch th\u01b0\u1edbc:  \u2013 M\u0169i (tip point size): H1.5 ~ H6  \u2013 Th\u00e2n (body): hex 5mm  \u2013 Chu\u00f4i c\u00e0i l\u1ee5c gi\u00e1c r\u00e3nh 14mm  \u2013 Chi\u1ec1u d\u00e0i: 70mm \u2013 100mm  H\u01b0\u1edbng d\u1eabn ch\u1ecdn m\u0169i v\u00edt ph\u00f9 h\u1ee3p con v\u00edt, con \u1ed1c    Bit point size Cap screw Set screw Bit point size Cap screw Set screw   H0.71  M1.4-M1.8 H3 M4 M6   H0.89  M1.2 H4 M5 M8   H1.27 M1.4 M2.5 M2.6 H5 M6, 1\/4\u2033 M10   H1.5 M1.6 M2 M3 H6 M8, 5\/16\u2033 M12 M14   H2 M2.5 M2.6 M4 H8 M10, 3\/8\u2033, 7\/16\u2033 M16   H2.5 M3 M5 H10 M12, 1\/2\u2033 M18, M20\" \/>\n<meta property=\"og:url\" content=\"https:\/\/imrovietnam.com\/en\/product\/dau-ban-vit-luc-giac-chuoi-luc-5mm\/\" \/>\n<meta property=\"og:site_name\" content=\"IMRO Vietnam\" \/>\n<meta property=\"article:modified_time\" content=\"2021-09-05T04:28:22+00:00\" \/>\n<meta property=\"og:image\" content=\"https:\/\/imrovietnam.com\/wp-content\/uploads\/2021\/08\/Hex-5mm-drive-hexagon-2.jpg\" \/>\n\t<meta property=\"og:image:width\" content=\"666\" \/>\n\t<meta property=\"og:image:height\" content=\"800\" \/>\n\t<meta property=\"og:image:type\" content=\"image\/jpeg\" \/>\n<meta name=\"twitter:card\" content=\"summary_large_image\" \/>\n<meta name=\"twitter:label1\" content=\"Est. reading time\" \/>\n\t<meta name=\"twitter:data1\" content=\"1 minute\" \/>\n<script type=\"application\/ld+json\" class=\"yoast-schema-graph\">{\"@context\":\"https:\/\/schema.org\",\"@graph\":[{\"@type\":\"WebPage\",\"@id\":\"https:\/\/imrovietnam.com\/en\/product\/dau-ban-vit-luc-giac-chuoi-luc-5mm\/\",\"url\":\"https:\/\/imrovietnam.com\/en\/product\/dau-ban-vit-luc-giac-chuoi-luc-5mm\/\",\"name\":\"\u0110\u1ea7u b\u1eafn v\u00edt l\u1ee5c gi\u00e1c \u2013 r\u00e3nh c\u00e0i 14mm \u2013 chu\u00f4i l\u1ee5c gi\u00e1c Hexagon 5mm (\u2b21) - IMRO Vietnam\",\"isPartOf\":{\"@id\":\"https:\/\/imrovietnam.com\/#website\"},\"primaryImageOfPage\":{\"@id\":\"https:\/\/imrovietnam.com\/en\/product\/dau-ban-vit-luc-giac-chuoi-luc-5mm\/#primaryimage\"},\"image\":{\"@id\":\"https:\/\/imrovietnam.com\/en\/product\/dau-ban-vit-luc-giac-chuoi-luc-5mm\/#primaryimage\"},\"thumbnailUrl\":\"https:\/\/imrovietnam.com\/wp-content\/uploads\/2021\/08\/Hex-5mm-drive-hexagon-2.jpg\",\"datePublished\":\"2021-08-22T02:48:42+00:00\",\"dateModified\":\"2021-09-05T04:28:22+00:00\",\"breadcrumb\":{\"@id\":\"https:\/\/imrovietnam.com\/en\/product\/dau-ban-vit-luc-giac-chuoi-luc-5mm\/#breadcrumb\"},\"inLanguage\":\"en-US\",\"potentialAction\":[{\"@type\":\"ReadAction\",\"target\":[\"https:\/\/imrovietnam.com\/en\/product\/dau-ban-vit-luc-giac-chuoi-luc-5mm\/\"]}]},{\"@type\":\"ImageObject\",\"inLanguage\":\"en-US\",\"@id\":\"https:\/\/imrovietnam.com\/en\/product\/dau-ban-vit-luc-giac-chuoi-luc-5mm\/#primaryimage\",\"url\":\"https:\/\/imrovietnam.com\/wp-content\/uploads\/2021\/08\/Hex-5mm-drive-hexagon-2.jpg\",\"contentUrl\":\"https:\/\/imrovietnam.com\/wp-content\/uploads\/2021\/08\/Hex-5mm-drive-hexagon-2.jpg\",\"width\":666,\"height\":800,\"caption\":\"Hex 5mm drive hexagon - 2\"},{\"@type\":\"BreadcrumbList\",\"@id\":\"https:\/\/imrovietnam.com\/en\/product\/dau-ban-vit-luc-giac-chuoi-luc-5mm\/#breadcrumb\",\"itemListElement\":[{\"@type\":\"ListItem\",\"position\":1,\"name\":\"Home\",\"item\":\"https:\/\/imrovietnam.com\/\"},{\"@type\":\"ListItem\",\"position\":2,\"name\":\"S\u1ea3n ph\u1ea9m\",\"item\":\"https:\/\/imrovietnam.com\/shop\/\"},{\"@type\":\"ListItem\",\"position\":3,\"name\":\"\u0110\u1ea7u b\u1eafn v\u00edt l\u1ee5c gi\u00e1c \u2013 r\u00e3nh c\u00e0i 14mm \u2013 chu\u00f4i l\u1ee5c gi\u00e1c Hexagon 5mm (\u2b21)\"}]},{\"@type\":\"WebSite\",\"@id\":\"https:\/\/imrovietnam.com\/#website\",\"url\":\"https:\/\/imrovietnam.com\/\",\"name\":\"IMRO Vietnam\",\"description\":\"Your consumables and spare parts store\",\"potentialAction\":[{\"@type\":\"SearchAction\",\"target\":{\"@type\":\"EntryPoint\",\"urlTemplate\":\"https:\/\/imrovietnam.com\/?s={search_term_string}\"},\"query-input\":{\"@type\":\"PropertyValueSpecification\",\"valueRequired\":true,\"valueName\":\"search_term_string\"}}],\"inLanguage\":\"en-US\"}]}<\/script>\n<!-- \/ Yoast SEO Premium plugin. -->","yoast_head_json":{"title":"\u0110\u1ea7u b\u1eafn v\u00edt l\u1ee5c gi\u00e1c \u2013 r\u00e3nh c\u00e0i 14mm \u2013 chu\u00f4i l\u1ee5c gi\u00e1c Hexagon 5mm (\u2b21) - IMRO Vietnam","robots":{"index":"index","follow":"follow","max-snippet":"max-snippet:-1","max-image-preview":"max-image-preview:large","max-video-preview":"max-video-preview:-1"},"canonical":"https:\/\/imrovietnam.com\/en\/product\/dau-ban-vit-luc-giac-chuoi-luc-5mm\/","og_locale":"en_US","og_type":"article","og_title":"\u0110\u1ea7u b\u1eafn v\u00edt l\u1ee5c gi\u00e1c \u2013 r\u00e3nh c\u00e0i 14mm \u2013 chu\u00f4i l\u1ee5c gi\u00e1c Hexagon 5mm (\u2b21)","og_description":"K\u00edch th\u01b0\u1edbc:  \u2013 M\u0169i (tip point size): H1.5 ~ H6  \u2013 Th\u00e2n (body): hex 5mm  \u2013 Chu\u00f4i c\u00e0i l\u1ee5c gi\u00e1c r\u00e3nh 14mm  \u2013 Chi\u1ec1u d\u00e0i: 70mm \u2013 100mm  H\u01b0\u1edbng d\u1eabn ch\u1ecdn m\u0169i v\u00edt ph\u00f9 h\u1ee3p con v\u00edt, con \u1ed1c    Bit point size Cap screw Set screw Bit point size Cap screw Set screw   H0.71  M1.4-M1.8 H3 M4 M6   H0.89  M1.2 H4 M5 M8   H1.27 M1.4 M2.5 M2.6 H5 M6, 1\/4\u2033 M10   H1.5 M1.6 M2 M3 H6 M8, 5\/16\u2033 M12 M14   H2 M2.5 M2.6 M4 H8 M10, 3\/8\u2033, 7\/16\u2033 M16   H2.5 M3 M5 H10 M12, 1\/2\u2033 M18, M20","og_url":"https:\/\/imrovietnam.com\/en\/product\/dau-ban-vit-luc-giac-chuoi-luc-5mm\/","og_site_name":"IMRO Vietnam","article_modified_time":"2021-09-05T04:28:22+00:00","og_image":[{"width":666,"height":800,"url":"https:\/\/imrovietnam.com\/wp-content\/uploads\/2021\/08\/Hex-5mm-drive-hexagon-2.jpg","type":"image\/jpeg"}],"twitter_card":"summary_large_image","twitter_misc":{"Est. reading time":"1 minute"},"schema":{"@context":"https:\/\/schema.org","@graph":[{"@type":"WebPage","@id":"https:\/\/imrovietnam.com\/en\/product\/dau-ban-vit-luc-giac-chuoi-luc-5mm\/","url":"https:\/\/imrovietnam.com\/en\/product\/dau-ban-vit-luc-giac-chuoi-luc-5mm\/","name":"\u0110\u1ea7u b\u1eafn v\u00edt l\u1ee5c gi\u00e1c \u2013 r\u00e3nh c\u00e0i 14mm \u2013 chu\u00f4i l\u1ee5c gi\u00e1c Hexagon 5mm (\u2b21) - IMRO Vietnam","isPartOf":{"@id":"https:\/\/imrovietnam.com\/#website"},"primaryImageOfPage":{"@id":"https:\/\/imrovietnam.com\/en\/product\/dau-ban-vit-luc-giac-chuoi-luc-5mm\/#primaryimage"},"image":{"@id":"https:\/\/imrovietnam.com\/en\/product\/dau-ban-vit-luc-giac-chuoi-luc-5mm\/#primaryimage"},"thumbnailUrl":"https:\/\/imrovietnam.com\/wp-content\/uploads\/2021\/08\/Hex-5mm-drive-hexagon-2.jpg","datePublished":"2021-08-22T02:48:42+00:00","dateModified":"2021-09-05T04:28:22+00:00","breadcrumb":{"@id":"https:\/\/imrovietnam.com\/en\/product\/dau-ban-vit-luc-giac-chuoi-luc-5mm\/#breadcrumb"},"inLanguage":"en-US","potentialAction":[{"@type":"ReadAction","target":["https:\/\/imrovietnam.com\/en\/product\/dau-ban-vit-luc-giac-chuoi-luc-5mm\/"]}]},{"@type":"ImageObject","inLanguage":"en-US","@id":"https:\/\/imrovietnam.com\/en\/product\/dau-ban-vit-luc-giac-chuoi-luc-5mm\/#primaryimage","url":"https:\/\/imrovietnam.com\/wp-content\/uploads\/2021\/08\/Hex-5mm-drive-hexagon-2.jpg","contentUrl":"https:\/\/imrovietnam.com\/wp-content\/uploads\/2021\/08\/Hex-5mm-drive-hexagon-2.jpg","width":666,"height":800,"caption":"Hex 5mm drive hexagon - 2"},{"@type":"BreadcrumbList","@id":"https:\/\/imrovietnam.com\/en\/product\/dau-ban-vit-luc-giac-chuoi-luc-5mm\/#breadcrumb","itemListElement":[{"@type":"ListItem","position":1,"name":"Home","item":"https:\/\/imrovietnam.com\/"},{"@type":"ListItem","position":2,"name":"S\u1ea3n ph\u1ea9m","item":"https:\/\/imrovietnam.com\/shop\/"},{"@type":"ListItem","position":3,"name":"\u0110\u1ea7u b\u1eafn v\u00edt l\u1ee5c gi\u00e1c \u2013 r\u00e3nh c\u00e0i 14mm \u2013 chu\u00f4i l\u1ee5c gi\u00e1c Hexagon 5mm (\u2b21)"}]},{"@type":"WebSite","@id":"https:\/\/imrovietnam.com\/#website","url":"https:\/\/imrovietnam.com\/","name":"IMRO Vietnam","description":"Your consumables and spare parts store","potentialAction":[{"@type":"SearchAction","target":{"@type":"EntryPoint","urlTemplate":"https:\/\/imrovietnam.com\/?s={search_term_string}"},"query-input":{"@type":"PropertyValueSpecification","valueRequired":true,"valueName":"search_term_string"}}],"inLanguage":"en-US"}]}},"_links":{"self":[{"href":"https:\/\/imrovietnam.com\/en\/wp-json\/wp\/v2\/product\/2221","targetHints":{"allow":["GET"]}}],"collection":[{"href":"https:\/\/imrovietnam.com\/en\/wp-json\/wp\/v2\/product"}],"about":[{"href":"https:\/\/imrovietnam.com\/en\/wp-json\/wp\/v2\/types\/product"}],"replies":[{"embeddable":true,"href":"https:\/\/imrovietnam.com\/en\/wp-json\/wp\/v2\/comments?post=2221"}],"wp:featuredmedia":[{"embeddable":true,"href":"https:\/\/imrovietnam.com\/en\/wp-json\/wp\/v2\/media\/2492"}],"wp:attachment":[{"href":"https:\/\/imrovietnam.com\/en\/wp-json\/wp\/v2\/media?parent=2221"}],"wp:term":[{"taxonomy":"product_brand","embeddable":true,"href":"https:\/\/imrovietnam.com\/en\/wp-json\/wp\/v2\/product_brand?post=2221"},{"taxonomy":"product_cat","embeddable":true,"href":"https:\/\/imrovietnam.com\/en\/wp-json\/wp\/v2\/product_cat?post=2221"},{"taxonomy":"product_tag","embeddable":true,"href":"https:\/\/imrovietnam.com\/en\/wp-json\/wp\/v2\/product_tag?post=2221"}],"curies":[{"name":"wp","href":"https:\/\/api.w.org\/{rel}","templated":true}]}}