{"id":2211,"date":"2021-08-22T09:31:58","date_gmt":"2021-08-22T02:31:58","guid":{"rendered":"https:\/\/imrovietnam.com\/?post_type=product&#038;p=2211"},"modified":"2021-09-02T15:21:47","modified_gmt":"2021-09-02T08:21:47","slug":"dau-ban-vit-khong-theo-tieu-chuan","status":"publish","type":"product","link":"https:\/\/imrovietnam.com\/en\/product\/dau-ban-vit-khong-theo-tieu-chuan\/","title":{"rendered":"\u0110\u1ea7u b\u1eafn v\u00edt kh\u00f4ng theo ti\u00eau chu\u1ea9n \/ Non standard screwdriver bits"},"content":{"rendered":"<p>\u0110\u1ea7u b\u1eafn v\u00edt \/ m\u0169i b\u1eafn v\u00edt t\u00f9y ch\u1ec9nh kh\u00f4ng ti\u00eau chu\u1ea9n. Gia c\u00f4ng theo y\u00eau c\u1ea7u, thi\u1ebft k\u1ebf c\u1ee7a kh\u00e1ch h\u00e0ng<br \/>\nK\u00edch th\u01b0\u1edbc:<\/p>\n<p>&#8211; Chi\u1ec1u d\u00e0i: 40 &#8211; 350mm<\/p>\n<p>&#8211; Lo\u1ea1i bit \/ point type: Phillip, slotted, Torx, Hex, Triangle<\/p>\n<p>&#8211; Th\u00e2n \u03c64mm, \u03c65mm, \u03c66mm, Hex 5mm, Hex 6.35mm (1\/4&#8243;), screw thread<\/p>\n<p>&#8211; R\u00e3nh c\u00e0i, c\u00f3 c\u00e1nh, x\u1ebb r\u00e3nh<br \/>\nCh\u00fang t\u00f4i ch\u1ebf t\u1ea1o t\u1ea5t c\u1ea3 c\u00e1c lo\u1ea1i \u0111\u1ea7u b\u1eafn v\u00edt kh\u00f4ng theo ti\u00eau chu\u1ea9n c\u00f3 s\u1eb5n tr\u00ean th\u1ecb tr\u01b0\u1eddng m\u00e0 l\u00e0m theo y\u00eau c\u1ea7u c\u1ee7a b\u1ea1n.<br \/>\n<img loading=\"lazy\" decoding=\"async\" class=\"alignnone wp-image-2212\" src=\"https:\/\/imrovietnam.com\/wp-content\/uploads\/2021\/08\/Dau-ban-vit-theo-yeu-cau.jpg\" alt=\"\u0111\u1ea7u m\u0169i v\u00edt kh\u00f4ng theo ti\u00eau chu\u1ea9n\" width=\"803\" height=\"467\" srcset=\"https:\/\/imrovietnam.com\/wp-content\/uploads\/2021\/08\/Dau-ban-vit-theo-yeu-cau.jpg 990w, https:\/\/imrovietnam.com\/wp-content\/uploads\/2021\/08\/Dau-ban-vit-theo-yeu-cau-688x400.jpg 688w, https:\/\/imrovietnam.com\/wp-content\/uploads\/2021\/08\/Dau-ban-vit-theo-yeu-cau-768x447.jpg 768w, https:\/\/imrovietnam.com\/wp-content\/uploads\/2021\/08\/Dau-ban-vit-theo-yeu-cau-510x297.jpg 510w\" sizes=\"auto, (max-width: 803px) 100vw, 803px\" \/><\/p>\n<p>IMRO t\u1ef1 h\u00e0o l\u00e0 \u0111\u01a1n v\u1ecb duy nh\u1ea5t \u1edf Vi\u1ec7t Nam l\u00e0m \u0111\u01b0\u1ee3c \u0111i\u1ec1u n\u00e0y.<\/p>\n","protected":false},"excerpt":{"rendered":"<p>K\u00edch th\u01b0\u1edbc:<\/p>\n<p>&#8211; Chi\u1ec1u d\u00e0i: 40 &#8211; 350mm<\/p>\n<p>&#8211; Lo\u1ea1i bit \/ point type: Phillip, slotted, Torx, Hex<\/p>\n<p>&#8211; Th\u00e2n \u03c64mm, \u03c65mm, \u03c66mm, Hex 5mm, Hex 6.35mm (1\/4&#8243;), screw thread<\/p>\n<p>&#8211; R\u00e3nh c\u00e0i, c\u00f3 c\u00e1nh, x\u1ebb r\u00e3nh<\/p>\n","protected":false},"featured_media":2289,"comment_status":"open","ping_status":"closed","template":"","meta":[],"product_brand":[],"product_cat":[45],"product_tag":[239,225,263,251,238,264,241,244,265,252],"class_list":{"0":"post-2211","1":"product","2":"type-product","3":"status-publish","4":"has-post-thumbnail","6":"product_cat-screwdrive-bits-2","7":"product_tag-ban-vit","8":"product_tag-dau-ban-vit-theo-yeu-cau","9":"product_tag-dau-vit","10":"product_tag-gia-cong","11":"product_tag-mui-vit","12":"product_tag-non-standard-screwdriver-bits","13":"product_tag-ph","14":"product_tag-phillip","15":"product_tag-tieu-chuan","16":"product_tag-torx","18":"first","19":"instock","20":"shipping-taxable","21":"product-type-simple"},"yoast_head":"<!-- This site is optimized with the Yoast SEO Premium plugin v25.0 (Yoast SEO v25.2) - https:\/\/yoast.com\/wordpress\/plugins\/seo\/ -->\n<title>\u0110\u1ea7u b\u1eafn v\u00edt kh\u00f4ng theo ti\u00eau chu\u1ea9n \/ Non standard screwdriver bits - IMRO Vietnam<\/title>\n<meta name=\"robots\" content=\"index, follow, max-snippet:-1, max-image-preview:large, max-video-preview:-1\" \/>\n<link rel=\"canonical\" href=\"https:\/\/imrovietnam.com\/en\/product\/dau-ban-vit-khong-theo-tieu-chuan\/\" \/>\n<meta property=\"og:locale\" content=\"en_US\" \/>\n<meta property=\"og:type\" content=\"article\" \/>\n<meta property=\"og:title\" content=\"[:vi]\u0110\u1ea7u b\u1eafn v\u00edt kh\u00f4ng theo ti\u00eau chu\u1ea9n[:en]\u0110\u1ea7u b\u1eafn v\u00edt kh\u00f4ng theo ti\u00eau chu\u1ea9n \/ Non standard screwdriver bits[:]\" \/>\n<meta property=\"og:description\" content=\"[:vi]K\u00edch th\u01b0\u1edbc:  - Chi\u1ec1u d\u00e0i: 40 - 350mm  - Lo\u1ea1i bit \/ point type: Phillip, slotted, Torx, Hex, triangle  - Th\u00e2n \u03c64mm, \u03c65mm, \u03c66mm, Hex 5mm, Hex 6.35mm (1\/4&quot;), screw thread  - R\u00e3nh c\u00e0i, c\u00f3 c\u00e1nh, x\u1ebb r\u00e3nh[:en]K\u00edch th\u01b0\u1edbc:  - Chi\u1ec1u d\u00e0i: 40 - 350mm  - Lo\u1ea1i bit \/ point type: Phillip, slotted, Torx, Hex  - Th\u00e2n \u03c64mm, \u03c65mm, \u03c66mm, Hex 5mm, Hex 6.35mm (1\/4&quot;), screw thread  - R\u00e3nh c\u00e0i, c\u00f3 c\u00e1nh, x\u1ebb r\u00e3nh[:]\" \/>\n<meta property=\"og:url\" content=\"https:\/\/imrovietnam.com\/en\/product\/dau-ban-vit-khong-theo-tieu-chuan\/\" \/>\n<meta property=\"og:site_name\" content=\"IMRO Vietnam\" \/>\n<meta property=\"article:modified_time\" content=\"2021-09-02T08:21:47+00:00\" \/>\n<meta property=\"og:image\" content=\"https:\/\/imrovietnam.com\/wp-content\/uploads\/2021\/08\/mui-vit-phi-tieu-chuan.jpg\" \/>\n\t<meta property=\"og:image:width\" content=\"425\" \/>\n\t<meta property=\"og:image:height\" content=\"500\" \/>\n\t<meta property=\"og:image:type\" content=\"image\/jpeg\" \/>\n<meta name=\"twitter:card\" content=\"summary_large_image\" \/>\n<meta name=\"twitter:label1\" content=\"Est. reading time\" \/>\n\t<meta name=\"twitter:data1\" content=\"1 minute\" \/>\n<script type=\"application\/ld+json\" class=\"yoast-schema-graph\">{\"@context\":\"https:\/\/schema.org\",\"@graph\":[{\"@type\":\"WebPage\",\"@id\":\"https:\/\/imrovietnam.com\/en\/product\/dau-ban-vit-khong-theo-tieu-chuan\/\",\"url\":\"https:\/\/imrovietnam.com\/en\/product\/dau-ban-vit-khong-theo-tieu-chuan\/\",\"name\":\"[:vi]\u0110\u1ea7u b\u1eafn v\u00edt kh\u00f4ng theo ti\u00eau chu\u1ea9n[:en]\u0110\u1ea7u b\u1eafn v\u00edt kh\u00f4ng theo ti\u00eau chu\u1ea9n \/ Non standard screwdriver bits[:] - IMRO Vietnam\",\"isPartOf\":{\"@id\":\"https:\/\/imrovietnam.com\/#website\"},\"primaryImageOfPage\":{\"@id\":\"https:\/\/imrovietnam.com\/en\/product\/dau-ban-vit-khong-theo-tieu-chuan\/#primaryimage\"},\"image\":{\"@id\":\"https:\/\/imrovietnam.com\/en\/product\/dau-ban-vit-khong-theo-tieu-chuan\/#primaryimage\"},\"thumbnailUrl\":\"https:\/\/imrovietnam.com\/wp-content\/uploads\/2021\/08\/mui-vit-phi-tieu-chuan.jpg\",\"datePublished\":\"2021-08-22T02:31:58+00:00\",\"dateModified\":\"2021-09-02T08:21:47+00:00\",\"breadcrumb\":{\"@id\":\"https:\/\/imrovietnam.com\/en\/product\/dau-ban-vit-khong-theo-tieu-chuan\/#breadcrumb\"},\"inLanguage\":\"en-US\",\"potentialAction\":[{\"@type\":\"ReadAction\",\"target\":[\"https:\/\/imrovietnam.com\/en\/product\/dau-ban-vit-khong-theo-tieu-chuan\/\"]}]},{\"@type\":\"ImageObject\",\"inLanguage\":\"en-US\",\"@id\":\"https:\/\/imrovietnam.com\/en\/product\/dau-ban-vit-khong-theo-tieu-chuan\/#primaryimage\",\"url\":\"https:\/\/imrovietnam.com\/wp-content\/uploads\/2021\/08\/mui-vit-phi-tieu-chuan.jpg\",\"contentUrl\":\"https:\/\/imrovietnam.com\/wp-content\/uploads\/2021\/08\/mui-vit-phi-tieu-chuan.jpg\",\"width\":425,\"height\":500,\"caption\":\"\u0111\u1ea7u m\u0169i v\u00edt, screw driver bit\"},{\"@type\":\"BreadcrumbList\",\"@id\":\"https:\/\/imrovietnam.com\/en\/product\/dau-ban-vit-khong-theo-tieu-chuan\/#breadcrumb\",\"itemListElement\":[{\"@type\":\"ListItem\",\"position\":1,\"name\":\"Home\",\"item\":\"https:\/\/imrovietnam.com\/\"},{\"@type\":\"ListItem\",\"position\":2,\"name\":\"S\u1ea3n ph\u1ea9m\",\"item\":\"https:\/\/imrovietnam.com\/shop\/\"},{\"@type\":\"ListItem\",\"position\":3,\"name\":\"\u0110\u1ea7u b\u1eafn v\u00edt kh\u00f4ng theo ti\u00eau chu\u1ea9n \/ Non standard screwdriver bits\"}]},{\"@type\":\"WebSite\",\"@id\":\"https:\/\/imrovietnam.com\/#website\",\"url\":\"https:\/\/imrovietnam.com\/\",\"name\":\"IMRO Vietnam\",\"description\":\"Your consumables and spare parts store\",\"potentialAction\":[{\"@type\":\"SearchAction\",\"target\":{\"@type\":\"EntryPoint\",\"urlTemplate\":\"https:\/\/imrovietnam.com\/?s={search_term_string}\"},\"query-input\":{\"@type\":\"PropertyValueSpecification\",\"valueRequired\":true,\"valueName\":\"search_term_string\"}}],\"inLanguage\":\"en-US\"}]}<\/script>\n<!-- \/ Yoast SEO Premium plugin. -->","yoast_head_json":{"title":"[:vi]\u0110\u1ea7u b\u1eafn v\u00edt kh\u00f4ng theo ti\u00eau chu\u1ea9n[:en]\u0110\u1ea7u b\u1eafn v\u00edt kh\u00f4ng theo ti\u00eau chu\u1ea9n \/ Non standard screwdriver bits[:] - IMRO Vietnam","robots":{"index":"index","follow":"follow","max-snippet":"max-snippet:-1","max-image-preview":"max-image-preview:large","max-video-preview":"max-video-preview:-1"},"canonical":"https:\/\/imrovietnam.com\/en\/product\/dau-ban-vit-khong-theo-tieu-chuan\/","og_locale":"en_US","og_type":"article","og_title":"[:vi]\u0110\u1ea7u b\u1eafn v\u00edt kh\u00f4ng theo ti\u00eau chu\u1ea9n[:en]\u0110\u1ea7u b\u1eafn v\u00edt kh\u00f4ng theo ti\u00eau chu\u1ea9n \/ Non standard screwdriver bits[:]","og_description":"[:vi]K\u00edch th\u01b0\u1edbc:  - Chi\u1ec1u d\u00e0i: 40 - 350mm  - Lo\u1ea1i bit \/ point type: Phillip, slotted, Torx, Hex, triangle  - Th\u00e2n \u03c64mm, \u03c65mm, \u03c66mm, Hex 5mm, Hex 6.35mm (1\/4\"), screw thread  - R\u00e3nh c\u00e0i, c\u00f3 c\u00e1nh, x\u1ebb r\u00e3nh[:en]K\u00edch th\u01b0\u1edbc:  - Chi\u1ec1u d\u00e0i: 40 - 350mm  - Lo\u1ea1i bit \/ point type: Phillip, slotted, Torx, Hex  - Th\u00e2n \u03c64mm, \u03c65mm, \u03c66mm, Hex 5mm, Hex 6.35mm (1\/4\"), screw thread  - R\u00e3nh c\u00e0i, c\u00f3 c\u00e1nh, x\u1ebb r\u00e3nh[:]","og_url":"https:\/\/imrovietnam.com\/en\/product\/dau-ban-vit-khong-theo-tieu-chuan\/","og_site_name":"IMRO Vietnam","article_modified_time":"2021-09-02T08:21:47+00:00","og_image":[{"width":425,"height":500,"url":"https:\/\/imrovietnam.com\/wp-content\/uploads\/2021\/08\/mui-vit-phi-tieu-chuan.jpg","type":"image\/jpeg"}],"twitter_card":"summary_large_image","twitter_misc":{"Est. reading time":"1 minute"},"schema":{"@context":"https:\/\/schema.org","@graph":[{"@type":"WebPage","@id":"https:\/\/imrovietnam.com\/en\/product\/dau-ban-vit-khong-theo-tieu-chuan\/","url":"https:\/\/imrovietnam.com\/en\/product\/dau-ban-vit-khong-theo-tieu-chuan\/","name":"[:vi]\u0110\u1ea7u b\u1eafn v\u00edt kh\u00f4ng theo ti\u00eau chu\u1ea9n[:en]\u0110\u1ea7u b\u1eafn v\u00edt kh\u00f4ng theo ti\u00eau chu\u1ea9n \/ Non standard screwdriver bits[:] - IMRO Vietnam","isPartOf":{"@id":"https:\/\/imrovietnam.com\/#website"},"primaryImageOfPage":{"@id":"https:\/\/imrovietnam.com\/en\/product\/dau-ban-vit-khong-theo-tieu-chuan\/#primaryimage"},"image":{"@id":"https:\/\/imrovietnam.com\/en\/product\/dau-ban-vit-khong-theo-tieu-chuan\/#primaryimage"},"thumbnailUrl":"https:\/\/imrovietnam.com\/wp-content\/uploads\/2021\/08\/mui-vit-phi-tieu-chuan.jpg","datePublished":"2021-08-22T02:31:58+00:00","dateModified":"2021-09-02T08:21:47+00:00","breadcrumb":{"@id":"https:\/\/imrovietnam.com\/en\/product\/dau-ban-vit-khong-theo-tieu-chuan\/#breadcrumb"},"inLanguage":"en-US","potentialAction":[{"@type":"ReadAction","target":["https:\/\/imrovietnam.com\/en\/product\/dau-ban-vit-khong-theo-tieu-chuan\/"]}]},{"@type":"ImageObject","inLanguage":"en-US","@id":"https:\/\/imrovietnam.com\/en\/product\/dau-ban-vit-khong-theo-tieu-chuan\/#primaryimage","url":"https:\/\/imrovietnam.com\/wp-content\/uploads\/2021\/08\/mui-vit-phi-tieu-chuan.jpg","contentUrl":"https:\/\/imrovietnam.com\/wp-content\/uploads\/2021\/08\/mui-vit-phi-tieu-chuan.jpg","width":425,"height":500,"caption":"\u0111\u1ea7u m\u0169i v\u00edt, screw driver bit"},{"@type":"BreadcrumbList","@id":"https:\/\/imrovietnam.com\/en\/product\/dau-ban-vit-khong-theo-tieu-chuan\/#breadcrumb","itemListElement":[{"@type":"ListItem","position":1,"name":"Home","item":"https:\/\/imrovietnam.com\/"},{"@type":"ListItem","position":2,"name":"S\u1ea3n ph\u1ea9m","item":"https:\/\/imrovietnam.com\/shop\/"},{"@type":"ListItem","position":3,"name":"\u0110\u1ea7u b\u1eafn v\u00edt kh\u00f4ng theo ti\u00eau chu\u1ea9n \/ Non standard screwdriver bits"}]},{"@type":"WebSite","@id":"https:\/\/imrovietnam.com\/#website","url":"https:\/\/imrovietnam.com\/","name":"IMRO Vietnam","description":"Your consumables and spare parts store","potentialAction":[{"@type":"SearchAction","target":{"@type":"EntryPoint","urlTemplate":"https:\/\/imrovietnam.com\/?s={search_term_string}"},"query-input":{"@type":"PropertyValueSpecification","valueRequired":true,"valueName":"search_term_string"}}],"inLanguage":"en-US"}]}},"_links":{"self":[{"href":"https:\/\/imrovietnam.com\/en\/wp-json\/wp\/v2\/product\/2211","targetHints":{"allow":["GET"]}}],"collection":[{"href":"https:\/\/imrovietnam.com\/en\/wp-json\/wp\/v2\/product"}],"about":[{"href":"https:\/\/imrovietnam.com\/en\/wp-json\/wp\/v2\/types\/product"}],"replies":[{"embeddable":true,"href":"https:\/\/imrovietnam.com\/en\/wp-json\/wp\/v2\/comments?post=2211"}],"wp:featuredmedia":[{"embeddable":true,"href":"https:\/\/imrovietnam.com\/en\/wp-json\/wp\/v2\/media\/2289"}],"wp:attachment":[{"href":"https:\/\/imrovietnam.com\/en\/wp-json\/wp\/v2\/media?parent=2211"}],"wp:term":[{"taxonomy":"product_brand","embeddable":true,"href":"https:\/\/imrovietnam.com\/en\/wp-json\/wp\/v2\/product_brand?post=2211"},{"taxonomy":"product_cat","embeddable":true,"href":"https:\/\/imrovietnam.com\/en\/wp-json\/wp\/v2\/product_cat?post=2211"},{"taxonomy":"product_tag","embeddable":true,"href":"https:\/\/imrovietnam.com\/en\/wp-json\/wp\/v2\/product_tag?post=2211"}],"curies":[{"name":"wp","href":"https:\/\/api.w.org\/{rel}","templated":true}]}}