{"id":2200,"date":"2021-08-22T08:30:30","date_gmt":"2021-08-22T01:30:30","guid":{"rendered":"https:\/\/imrovietnam.com\/?post_type=product&#038;p=2200"},"modified":"2021-09-03T14:42:21","modified_gmt":"2021-09-03T07:42:21","slug":"dau-ban-vit-dau-cong-2-dau","status":"publish","type":"product","link":"https:\/\/imrovietnam.com\/en\/product\/dau-ban-vit-dau-cong-2-dau\/","title":{"rendered":"\u0110\u1ea7u b\u1eafn v\u00edt d\u1ea5u c\u1ed9ng- r\u00e3nh 16mm &#8211; th\u00e2n hex 5mm, 2 \u0111\u1ea7u d\u00e0i 70,100, 150, 200 mm (+)"},"content":{"rendered":"\u0110\u1ea7u b\u1eafn v\u00edt \/ m\u0169i b\u1eafn v\u00edt d\u1ea5u c\u1ed9ng (+) (Plus) (Philips) d\u00f9ng cho s\u00fang b\u1eafn v\u00edt \u0111i\u1ec7n \/ t\u00f4 v\u00edt \u0111i\u1ec7n HIOS, KILEWS, Atlas Copco, Vessel, SEHAN.<\/p>\n<p>B\u1eafn \u0111\u01b0\u1ee3c v\u00edt m\u00e1y, v\u00edt b\u1eaft nh\u1ef1a, v\u00edt b\u1eaft g\u1ed7, v\u00edt \u0111\u1ea7u n\u1ea5m, v\u00edt \u0111\u1ea7u ph\u1eb3ng.<\/p>\n<p>S\u1eed d\u1ee5ng trong d\u00e2y chuy\u1ec1n l\u1eafp r\u00e1p t\u1ea1i c\u00e1c nh\u00e0 m\u00e1y \u0111i\u1ec7n t\u1eed, \u0111\u1ed3 gia d\u1ee5ng.<\/p>\n<p>\u0110\u1eb7c \u0111i\u1ec3m: \u0111\u1ed9 c\u1ee9ng cao \/ kh\u1ea3 n\u0103ng ch\u1ed1ng m\u00e0i m\u00f2n m\u1ea1nh<br \/>\nK\u00edch th\u01b0\u1edbc:<\/p>\n<p>&#8211; Th\u00e2n l\u1ee5c gi\u00e1c Hex 5mm<\/p>\n<p>\u2013 M\u0169i (tip point size) No.00 \u2013 No.0 \u2013 No.1 \u2013 No.2 \/ PH00 \u2013 PH0 \u2013 PH1 \u2013 PH2<\/p>\n<p>&#8211; R\u00e3nh c\u00e0i 16mm<\/p>\n<p>&#8211; Chi\u1ec1u d\u00e0i 50, 70, 100, 150, 200 mm<\/p>\n<p>V\u1eadt Li\u1ec7u: th\u00e9p S2<br \/>\n\u0110\u1ed9 c\u1ee9ng: HRC58-62 \u0111\u1ed9<\/p>\n<p><img loading=\"lazy\" decoding=\"async\" class=\"alignnone wp-image-2383\" style=\"color: #333333;\" src=\"https:\/\/imrovietnam.com\/wp-content\/uploads\/2021\/08\/5mm-hex-drive-double-ended-phillip.jpg\" alt=\"5mm hex drive double ended phillip\" width=\"500\" height=\"153\" srcset=\"https:\/\/imrovietnam.com\/wp-content\/uploads\/2021\/08\/5mm-hex-drive-double-ended-phillip.jpg 572w, https:\/\/imrovietnam.com\/wp-content\/uploads\/2021\/08\/5mm-hex-drive-double-ended-phillip-510x156.jpg 510w\" sizes=\"auto, (max-width: 500px) 100vw, 500px\" \/><\/p>\n<p><img loading=\"lazy\" decoding=\"async\" class=\"alignnone size-full wp-image-2381\" src=\"https:\/\/imrovietnam.com\/wp-content\/uploads\/2021\/08\/5mm-hex-drive-double-ended-phillip-2.jpg\" alt=\"5mm hex drive double ended phillip - 2\" width=\"565\" height=\"150\" srcset=\"https:\/\/imrovietnam.com\/wp-content\/uploads\/2021\/08\/5mm-hex-drive-double-ended-phillip-2.jpg 565w, https:\/\/imrovietnam.com\/wp-content\/uploads\/2021\/08\/5mm-hex-drive-double-ended-phillip-2-510x135.jpg 510w\" sizes=\"auto, (max-width: 565px) 100vw, 565px\" \/><\/p>\n<p>&nbsp;","protected":false},"excerpt":{"rendered":"<p>K\u00edch th\u01b0\u1edbc:<\/p>\n<p>&#8211; Th\u00e2n l\u1ee5c gi\u00e1c Hex 5mm<\/p>\n<p>\u2013 M\u0169i (tip point size) No.00 \u2013 No.0 \u2013 No.1 \u2013 No.2 \/ PH00 \u2013 PH0 \u2013 PH1 \u2013 PH2<\/p>\n<p>&#8211; R\u00e3nh c\u00e0i 16mm<\/p>\n<p>&#8211; Chi\u1ec1u d\u00e0i 50, 70, 100, 150, 200 mm<\/p>\n<table style=\"width: 39.3116%; height: 127px;\">\n<tbody>\n<tr style=\"height: 43px;\">\n<td style=\"height: 43px; width: 51.3812%;\"><strong>Bit point size<\/strong><\/td>\n<td style=\"height: 43px; width: 135.076%;\"><strong>Screw size\u00a0<\/strong><\/td>\n<\/tr>\n<tr style=\"height: 21px;\">\n<td style=\"height: 21px; width: 51.3812%;\">No.0<\/td>\n<td style=\"height: 21px; width: 135.076%;\">M1.4-M2.6<\/td>\n<\/tr>\n<tr style=\"height: 21px;\">\n<td style=\"height: 21px; width: 51.3812%;\">No.1<\/td>\n<td style=\"height: 21px; width: 135.076%;\">M2-M3<\/td>\n<\/tr>\n<tr style=\"height: 21px;\">\n<td style=\"height: 21px; width: 51.3812%;\">No.2<\/td>\n<td style=\"height: 21px; width: 135.076%;\">M3-M5<\/td>\n<\/tr>\n<tr style=\"height: 21px;\">\n<td style=\"height: 21px; width: 51.3812%;\">No.3<\/td>\n<td style=\"height: 21px; width: 135.076%;\">M6-M8<\/td>\n<\/tr>\n<\/tbody>\n<\/table>\n","protected":false},"featured_media":2386,"comment_status":"open","ping_status":"closed","template":"","meta":[],"product_brand":[],"product_cat":[45],"product_tag":[246,243,248,247,250,238,241,244,249,245],"class_list":{"0":"post-2200","1":"product","2":"type-product","3":"status-publish","4":"has-post-thumbnail","6":"product_cat-screwdrive-bits-2","7":"product_tag-double-end-phillip","8":"product_tag-dau-ban-vit","9":"product_tag-hex-1-4","10":"product_tag-hex-6-35mm","11":"product_tag-may-ban-vit","12":"product_tag-mui-vit","13":"product_tag-ph","14":"product_tag-phillip","15":"product_tag-to-vit-dien","16":"product_tag-vit-hai-dau","18":"first","19":"instock","20":"shipping-taxable","21":"product-type-simple"},"yoast_head":"<!-- This site is optimized with the Yoast SEO Premium plugin v25.0 (Yoast SEO v25.2) - https:\/\/yoast.com\/wordpress\/plugins\/seo\/ -->\n<title>\u0110\u1ea7u b\u1eafn v\u00edt d\u1ea5u c\u1ed9ng- r\u00e3nh 16mm - th\u00e2n hex 5mm, 2 \u0111\u1ea7u d\u00e0i 70,100, 150, 200 mm (+) - IMRO Vietnam<\/title>\n<meta name=\"robots\" content=\"index, follow, max-snippet:-1, max-image-preview:large, max-video-preview:-1\" \/>\n<link rel=\"canonical\" href=\"https:\/\/imrovietnam.com\/en\/product\/dau-ban-vit-dau-cong-2-dau\/\" \/>\n<meta property=\"og:locale\" content=\"en_US\" \/>\n<meta property=\"og:type\" content=\"article\" \/>\n<meta property=\"og:title\" content=\"\u0110\u1ea7u b\u1eafn v\u00edt d\u1ea5u c\u1ed9ng- r\u00e3nh 16mm - th\u00e2n hex 5mm, 2 \u0111\u1ea7u d\u00e0i 70,100, 150, 200 mm (+)\" \/>\n<meta property=\"og:description\" content=\"K\u00edch th\u01b0\u1edbc:  - Th\u00e2n l\u1ee5c gi\u00e1c Hex 5mm  \u2013 M\u0169i (tip point size) No.00 \u2013 No.0 \u2013 No.1 \u2013 No.2 \/ PH00 \u2013 PH0 \u2013 PH1 \u2013 PH2  - R\u00e3nh c\u00e0i 16mm  - Chi\u1ec1u d\u00e0i 50, 70, 100, 150, 200 mm    Bit point size Screw size\u00a0   No.0 M1.4-M2.6   No.1 M2-M3   No.2 M3-M5   No.3 M6-M8\" \/>\n<meta property=\"og:url\" content=\"https:\/\/imrovietnam.com\/en\/product\/dau-ban-vit-dau-cong-2-dau\/\" \/>\n<meta property=\"og:site_name\" content=\"IMRO Vietnam\" \/>\n<meta property=\"article:modified_time\" content=\"2021-09-03T07:42:21+00:00\" \/>\n<meta property=\"og:image\" content=\"https:\/\/imrovietnam.com\/wp-content\/uploads\/2021\/08\/5mm-hex-drive-double-ended-phillip-3.jpg\" \/>\n\t<meta property=\"og:image:width\" content=\"361\" \/>\n\t<meta property=\"og:image:height\" content=\"355\" \/>\n\t<meta property=\"og:image:type\" content=\"image\/jpeg\" \/>\n<meta name=\"twitter:card\" content=\"summary_large_image\" \/>\n<meta name=\"twitter:label1\" content=\"Est. reading time\" \/>\n\t<meta name=\"twitter:data1\" content=\"2 minutes\" \/>\n<script type=\"application\/ld+json\" class=\"yoast-schema-graph\">{\"@context\":\"https:\/\/schema.org\",\"@graph\":[{\"@type\":\"WebPage\",\"@id\":\"https:\/\/imrovietnam.com\/en\/product\/dau-ban-vit-dau-cong-2-dau\/\",\"url\":\"https:\/\/imrovietnam.com\/en\/product\/dau-ban-vit-dau-cong-2-dau\/\",\"name\":\"\u0110\u1ea7u b\u1eafn v\u00edt d\u1ea5u c\u1ed9ng- r\u00e3nh 16mm - th\u00e2n hex 5mm, 2 \u0111\u1ea7u d\u00e0i 70,100, 150, 200 mm (+) - IMRO Vietnam\",\"isPartOf\":{\"@id\":\"https:\/\/imrovietnam.com\/#website\"},\"primaryImageOfPage\":{\"@id\":\"https:\/\/imrovietnam.com\/en\/product\/dau-ban-vit-dau-cong-2-dau\/#primaryimage\"},\"image\":{\"@id\":\"https:\/\/imrovietnam.com\/en\/product\/dau-ban-vit-dau-cong-2-dau\/#primaryimage\"},\"thumbnailUrl\":\"https:\/\/imrovietnam.com\/wp-content\/uploads\/2021\/08\/5mm-hex-drive-double-ended-phillip-3.jpg\",\"datePublished\":\"2021-08-22T01:30:30+00:00\",\"dateModified\":\"2021-09-03T07:42:21+00:00\",\"breadcrumb\":{\"@id\":\"https:\/\/imrovietnam.com\/en\/product\/dau-ban-vit-dau-cong-2-dau\/#breadcrumb\"},\"inLanguage\":\"en-US\",\"potentialAction\":[{\"@type\":\"ReadAction\",\"target\":[\"https:\/\/imrovietnam.com\/en\/product\/dau-ban-vit-dau-cong-2-dau\/\"]}]},{\"@type\":\"ImageObject\",\"inLanguage\":\"en-US\",\"@id\":\"https:\/\/imrovietnam.com\/en\/product\/dau-ban-vit-dau-cong-2-dau\/#primaryimage\",\"url\":\"https:\/\/imrovietnam.com\/wp-content\/uploads\/2021\/08\/5mm-hex-drive-double-ended-phillip-3.jpg\",\"contentUrl\":\"https:\/\/imrovietnam.com\/wp-content\/uploads\/2021\/08\/5mm-hex-drive-double-ended-phillip-3.jpg\",\"width\":361,\"height\":355,\"caption\":\"5mm hex drive double ended phillip - 3\"},{\"@type\":\"BreadcrumbList\",\"@id\":\"https:\/\/imrovietnam.com\/en\/product\/dau-ban-vit-dau-cong-2-dau\/#breadcrumb\",\"itemListElement\":[{\"@type\":\"ListItem\",\"position\":1,\"name\":\"Home\",\"item\":\"https:\/\/imrovietnam.com\/\"},{\"@type\":\"ListItem\",\"position\":2,\"name\":\"S\u1ea3n ph\u1ea9m\",\"item\":\"https:\/\/imrovietnam.com\/shop\/\"},{\"@type\":\"ListItem\",\"position\":3,\"name\":\"\u0110\u1ea7u b\u1eafn v\u00edt d\u1ea5u c\u1ed9ng- r\u00e3nh 16mm &#8211; th\u00e2n hex 5mm, 2 \u0111\u1ea7u d\u00e0i 70,100, 150, 200 mm (+)\"}]},{\"@type\":\"WebSite\",\"@id\":\"https:\/\/imrovietnam.com\/#website\",\"url\":\"https:\/\/imrovietnam.com\/\",\"name\":\"IMRO Vietnam\",\"description\":\"Your consumables and spare parts store\",\"potentialAction\":[{\"@type\":\"SearchAction\",\"target\":{\"@type\":\"EntryPoint\",\"urlTemplate\":\"https:\/\/imrovietnam.com\/?s={search_term_string}\"},\"query-input\":{\"@type\":\"PropertyValueSpecification\",\"valueRequired\":true,\"valueName\":\"search_term_string\"}}],\"inLanguage\":\"en-US\"}]}<\/script>\n<!-- \/ Yoast SEO Premium plugin. -->","yoast_head_json":{"title":"\u0110\u1ea7u b\u1eafn v\u00edt d\u1ea5u c\u1ed9ng- r\u00e3nh 16mm - th\u00e2n hex 5mm, 2 \u0111\u1ea7u d\u00e0i 70,100, 150, 200 mm (+) - IMRO Vietnam","robots":{"index":"index","follow":"follow","max-snippet":"max-snippet:-1","max-image-preview":"max-image-preview:large","max-video-preview":"max-video-preview:-1"},"canonical":"https:\/\/imrovietnam.com\/en\/product\/dau-ban-vit-dau-cong-2-dau\/","og_locale":"en_US","og_type":"article","og_title":"\u0110\u1ea7u b\u1eafn v\u00edt d\u1ea5u c\u1ed9ng- r\u00e3nh 16mm - th\u00e2n hex 5mm, 2 \u0111\u1ea7u d\u00e0i 70,100, 150, 200 mm (+)","og_description":"K\u00edch th\u01b0\u1edbc:  - Th\u00e2n l\u1ee5c gi\u00e1c Hex 5mm  \u2013 M\u0169i (tip point size) No.00 \u2013 No.0 \u2013 No.1 \u2013 No.2 \/ PH00 \u2013 PH0 \u2013 PH1 \u2013 PH2  - R\u00e3nh c\u00e0i 16mm  - Chi\u1ec1u d\u00e0i 50, 70, 100, 150, 200 mm    Bit point size Screw size\u00a0   No.0 M1.4-M2.6   No.1 M2-M3   No.2 M3-M5   No.3 M6-M8","og_url":"https:\/\/imrovietnam.com\/en\/product\/dau-ban-vit-dau-cong-2-dau\/","og_site_name":"IMRO Vietnam","article_modified_time":"2021-09-03T07:42:21+00:00","og_image":[{"width":361,"height":355,"url":"https:\/\/imrovietnam.com\/wp-content\/uploads\/2021\/08\/5mm-hex-drive-double-ended-phillip-3.jpg","type":"image\/jpeg"}],"twitter_card":"summary_large_image","twitter_misc":{"Est. reading time":"2 minutes"},"schema":{"@context":"https:\/\/schema.org","@graph":[{"@type":"WebPage","@id":"https:\/\/imrovietnam.com\/en\/product\/dau-ban-vit-dau-cong-2-dau\/","url":"https:\/\/imrovietnam.com\/en\/product\/dau-ban-vit-dau-cong-2-dau\/","name":"\u0110\u1ea7u b\u1eafn v\u00edt d\u1ea5u c\u1ed9ng- r\u00e3nh 16mm - th\u00e2n hex 5mm, 2 \u0111\u1ea7u d\u00e0i 70,100, 150, 200 mm (+) - IMRO Vietnam","isPartOf":{"@id":"https:\/\/imrovietnam.com\/#website"},"primaryImageOfPage":{"@id":"https:\/\/imrovietnam.com\/en\/product\/dau-ban-vit-dau-cong-2-dau\/#primaryimage"},"image":{"@id":"https:\/\/imrovietnam.com\/en\/product\/dau-ban-vit-dau-cong-2-dau\/#primaryimage"},"thumbnailUrl":"https:\/\/imrovietnam.com\/wp-content\/uploads\/2021\/08\/5mm-hex-drive-double-ended-phillip-3.jpg","datePublished":"2021-08-22T01:30:30+00:00","dateModified":"2021-09-03T07:42:21+00:00","breadcrumb":{"@id":"https:\/\/imrovietnam.com\/en\/product\/dau-ban-vit-dau-cong-2-dau\/#breadcrumb"},"inLanguage":"en-US","potentialAction":[{"@type":"ReadAction","target":["https:\/\/imrovietnam.com\/en\/product\/dau-ban-vit-dau-cong-2-dau\/"]}]},{"@type":"ImageObject","inLanguage":"en-US","@id":"https:\/\/imrovietnam.com\/en\/product\/dau-ban-vit-dau-cong-2-dau\/#primaryimage","url":"https:\/\/imrovietnam.com\/wp-content\/uploads\/2021\/08\/5mm-hex-drive-double-ended-phillip-3.jpg","contentUrl":"https:\/\/imrovietnam.com\/wp-content\/uploads\/2021\/08\/5mm-hex-drive-double-ended-phillip-3.jpg","width":361,"height":355,"caption":"5mm hex drive double ended phillip - 3"},{"@type":"BreadcrumbList","@id":"https:\/\/imrovietnam.com\/en\/product\/dau-ban-vit-dau-cong-2-dau\/#breadcrumb","itemListElement":[{"@type":"ListItem","position":1,"name":"Home","item":"https:\/\/imrovietnam.com\/"},{"@type":"ListItem","position":2,"name":"S\u1ea3n ph\u1ea9m","item":"https:\/\/imrovietnam.com\/shop\/"},{"@type":"ListItem","position":3,"name":"\u0110\u1ea7u b\u1eafn v\u00edt d\u1ea5u c\u1ed9ng- r\u00e3nh 16mm &#8211; th\u00e2n hex 5mm, 2 \u0111\u1ea7u d\u00e0i 70,100, 150, 200 mm (+)"}]},{"@type":"WebSite","@id":"https:\/\/imrovietnam.com\/#website","url":"https:\/\/imrovietnam.com\/","name":"IMRO Vietnam","description":"Your consumables and spare parts store","potentialAction":[{"@type":"SearchAction","target":{"@type":"EntryPoint","urlTemplate":"https:\/\/imrovietnam.com\/?s={search_term_string}"},"query-input":{"@type":"PropertyValueSpecification","valueRequired":true,"valueName":"search_term_string"}}],"inLanguage":"en-US"}]}},"_links":{"self":[{"href":"https:\/\/imrovietnam.com\/en\/wp-json\/wp\/v2\/product\/2200","targetHints":{"allow":["GET"]}}],"collection":[{"href":"https:\/\/imrovietnam.com\/en\/wp-json\/wp\/v2\/product"}],"about":[{"href":"https:\/\/imrovietnam.com\/en\/wp-json\/wp\/v2\/types\/product"}],"replies":[{"embeddable":true,"href":"https:\/\/imrovietnam.com\/en\/wp-json\/wp\/v2\/comments?post=2200"}],"wp:featuredmedia":[{"embeddable":true,"href":"https:\/\/imrovietnam.com\/en\/wp-json\/wp\/v2\/media\/2386"}],"wp:attachment":[{"href":"https:\/\/imrovietnam.com\/en\/wp-json\/wp\/v2\/media?parent=2200"}],"wp:term":[{"taxonomy":"product_brand","embeddable":true,"href":"https:\/\/imrovietnam.com\/en\/wp-json\/wp\/v2\/product_brand?post=2200"},{"taxonomy":"product_cat","embeddable":true,"href":"https:\/\/imrovietnam.com\/en\/wp-json\/wp\/v2\/product_cat?post=2200"},{"taxonomy":"product_tag","embeddable":true,"href":"https:\/\/imrovietnam.com\/en\/wp-json\/wp\/v2\/product_tag?post=2200"}],"curies":[{"name":"wp","href":"https:\/\/api.w.org\/{rel}","templated":true}]}}