{"id":2195,"date":"2021-08-21T18:19:23","date_gmt":"2021-08-21T11:19:23","guid":{"rendered":"https:\/\/imrovietnam.com\/?post_type=product&#038;p=2195"},"modified":"2021-09-07T15:49:14","modified_gmt":"2021-09-07T08:49:14","slug":"hop-linh-kien-chong-tinh-dien-co-nap-day","status":"publish","type":"product","link":"https:\/\/imrovietnam.com\/en\/product\/hop-linh-kien-chong-tinh-dien-co-nap-day\/","title":{"rendered":"H\u1ed9p linh ki\u1ec7n ch\u1ed1ng t\u0129nh \u0111i\u1ec7n c\u00f3 n\u1eafp \u0111\u1eady"},"content":{"rendered":"<p>&#8211; Ch\u1ea5t li\u1ec7u: PP<br \/>\n&#8211; K\u00edch th\u01b0\u1edbc b\u00ean ngo\u00e0i: 56 x 32 x 21mm<br \/>\n&#8211; K\u00edch th\u01b0\u1edbc b\u00ean trong: 40 x 26 x 16mm<br \/>\n&#8211; M\u00e0u s\u1eafc: \u0110en<br \/>\n&#8211; C\u1ea5u t\u1ea1o: C\u00f3 l\u1eafp \u0111\u1eady<br \/>\n&#8211; Th\u1eddi gian: T\u00f9y v\u00e0o \u0111\u01a1n h\u00e0ng<\/p>\n<p><img loading=\"lazy\" decoding=\"async\" class=\"aligncenter\" src=\"https:\/\/imrovietnam.com\/wp-content\/uploads\/2021\/08\/Ngan-keo-dung-linh-kien-co-nap-2.jpg\" alt=\"H\u1ed9p linh ki\u1ec7n ch\u1ed1ng t\u0129nh \u0111i\u1ec7n c\u00f3 n\u1eafp \u0111\u1eady\" width=\"434\" height=\"378\" \/><\/p>\n","protected":false},"excerpt":{"rendered":"<p>&#8211; Ch\u1ea5t li\u1ec7u: PP<br \/>\n&#8211; K\u00edch th\u01b0\u1edbc b\u00ean ngo\u00e0i: 56 x 32 x 21mm<br \/>\n&#8211; K\u00edch th\u01b0\u1edbc b\u00ean trong: 40 x 26 x 16mm<br \/>\n&#8211; M\u00e0u s\u1eafc: \u0110en<br \/>\n&#8211; C\u1ea5u t\u1ea1o: C\u00f3 l\u1eafp \u0111\u1eady<br \/>\n&#8211; Th\u1eddi gian: T\u00f9y v\u00e0o \u0111\u01a1n h\u00e0ng<\/p>\n","protected":false},"featured_media":2196,"comment_status":"open","ping_status":"closed","template":"","meta":[],"product_brand":[],"product_cat":[104],"product_tag":[314,307,305,344,223,343,325],"class_list":{"0":"post-2195","1":"product","2":"type-product","3":"status-publish","4":"has-post-thumbnail","6":"product_cat-thiet-bi-phong-sach","7":"product_tag-ban-dan","8":"product_tag-dien-tu","9":"product_tag-esd","10":"product_tag-hop-esd","11":"product_tag-hop-linh-kien-chong-tinh-dien-co-nap-day","12":"product_tag-linh-kien","13":"product_tag-nha-may","15":"first","16":"instock","17":"shipping-taxable","18":"product-type-simple"},"yoast_head":"<!-- This site is optimized with the Yoast SEO Premium plugin v25.0 (Yoast SEO v25.2) - https:\/\/yoast.com\/wordpress\/plugins\/seo\/ -->\n<title>H\u1ed9p linh ki\u1ec7n ch\u1ed1ng t\u0129nh \u0111i\u1ec7n c\u00f3 n\u1eafp \u0111\u1eady - IMRO Vietnam<\/title>\n<meta name=\"robots\" content=\"index, follow, max-snippet:-1, max-image-preview:large, max-video-preview:-1\" \/>\n<link rel=\"canonical\" href=\"https:\/\/imrovietnam.com\/product\/hop-linh-kien-chong-tinh-dien-co-nap-day\/\" \/>\n<meta property=\"og:locale\" content=\"en_US\" \/>\n<meta property=\"og:type\" content=\"article\" \/>\n<meta property=\"og:title\" content=\"H\u1ed9p linh ki\u1ec7n ch\u1ed1ng t\u0129nh \u0111i\u1ec7n c\u00f3 n\u1eafp \u0111\u1eady\" \/>\n<meta property=\"og:description\" content=\"- Ch\u1ea5t li\u1ec7u: PP - K\u00edch th\u01b0\u1edbc b\u00ean ngo\u00e0i: 56 x 32 x 21mm - K\u00edch th\u01b0\u1edbc b\u00ean trong: 40 x 26 x 16mm - M\u00e0u s\u1eafc: \u0110en - C\u1ea5u t\u1ea1o: C\u00f3 l\u1eafp \u0111\u1eady - Th\u1eddi gian: T\u00f9y v\u00e0o \u0111\u01a1n h\u00e0ng\" \/>\n<meta property=\"og:url\" content=\"https:\/\/imrovietnam.com\/product\/hop-linh-kien-chong-tinh-dien-co-nap-day\/\" \/>\n<meta property=\"og:site_name\" content=\"IMRO Vietnam\" \/>\n<meta property=\"article:modified_time\" content=\"2021-09-07T08:49:14+00:00\" \/>\n<meta property=\"og:image\" content=\"https:\/\/imrovietnam.com\/wp-content\/uploads\/2021\/08\/Ngan-keo-dung-linh-kien-co-nap-2.jpg\" \/>\n\t<meta property=\"og:image:width\" content=\"609\" \/>\n\t<meta property=\"og:image:height\" content=\"531\" \/>\n\t<meta property=\"og:image:type\" content=\"image\/jpeg\" \/>\n<meta name=\"twitter:card\" content=\"summary_large_image\" \/>\n<script type=\"application\/ld+json\" class=\"yoast-schema-graph\">{\"@context\":\"https:\/\/schema.org\",\"@graph\":[{\"@type\":\"WebPage\",\"@id\":\"https:\/\/imrovietnam.com\/product\/hop-linh-kien-chong-tinh-dien-co-nap-day\/\",\"url\":\"https:\/\/imrovietnam.com\/product\/hop-linh-kien-chong-tinh-dien-co-nap-day\/\",\"name\":\"H\u1ed9p linh ki\u1ec7n ch\u1ed1ng t\u0129nh \u0111i\u1ec7n c\u00f3 n\u1eafp \u0111\u1eady - IMRO Vietnam\",\"isPartOf\":{\"@id\":\"https:\/\/imrovietnam.com\/en\/#website\"},\"primaryImageOfPage\":{\"@id\":\"https:\/\/imrovietnam.com\/product\/hop-linh-kien-chong-tinh-dien-co-nap-day\/#primaryimage\"},\"image\":{\"@id\":\"https:\/\/imrovietnam.com\/product\/hop-linh-kien-chong-tinh-dien-co-nap-day\/#primaryimage\"},\"thumbnailUrl\":\"https:\/\/imrovietnam.com\/wp-content\/uploads\/2021\/08\/Ngan-keo-dung-linh-kien-co-nap-2.jpg\",\"datePublished\":\"2021-08-21T11:19:23+00:00\",\"dateModified\":\"2021-09-07T08:49:14+00:00\",\"breadcrumb\":{\"@id\":\"https:\/\/imrovietnam.com\/product\/hop-linh-kien-chong-tinh-dien-co-nap-day\/#breadcrumb\"},\"inLanguage\":\"en-US\",\"potentialAction\":[{\"@type\":\"ReadAction\",\"target\":[\"https:\/\/imrovietnam.com\/product\/hop-linh-kien-chong-tinh-dien-co-nap-day\/\"]}]},{\"@type\":\"ImageObject\",\"inLanguage\":\"en-US\",\"@id\":\"https:\/\/imrovietnam.com\/product\/hop-linh-kien-chong-tinh-dien-co-nap-day\/#primaryimage\",\"url\":\"https:\/\/imrovietnam.com\/wp-content\/uploads\/2021\/08\/Ngan-keo-dung-linh-kien-co-nap-2.jpg\",\"contentUrl\":\"https:\/\/imrovietnam.com\/wp-content\/uploads\/2021\/08\/Ngan-keo-dung-linh-kien-co-nap-2.jpg\",\"width\":609,\"height\":531},{\"@type\":\"BreadcrumbList\",\"@id\":\"https:\/\/imrovietnam.com\/product\/hop-linh-kien-chong-tinh-dien-co-nap-day\/#breadcrumb\",\"itemListElement\":[{\"@type\":\"ListItem\",\"position\":1,\"name\":\"Home\",\"item\":\"https:\/\/imrovietnam.com\/en\/\"},{\"@type\":\"ListItem\",\"position\":2,\"name\":\"S\u1ea3n ph\u1ea9m\",\"item\":\"https:\/\/imrovietnam.com\/shop\/\"},{\"@type\":\"ListItem\",\"position\":3,\"name\":\"H\u1ed9p linh ki\u1ec7n ch\u1ed1ng t\u0129nh \u0111i\u1ec7n c\u00f3 n\u1eafp \u0111\u1eady\"}]},{\"@type\":\"WebSite\",\"@id\":\"https:\/\/imrovietnam.com\/en\/#website\",\"url\":\"https:\/\/imrovietnam.com\/en\/\",\"name\":\"IMRO Vietnam\",\"description\":\"Your consumables and spare parts store\",\"potentialAction\":[{\"@type\":\"SearchAction\",\"target\":{\"@type\":\"EntryPoint\",\"urlTemplate\":\"https:\/\/imrovietnam.com\/en\/?s={search_term_string}\"},\"query-input\":{\"@type\":\"PropertyValueSpecification\",\"valueRequired\":true,\"valueName\":\"search_term_string\"}}],\"inLanguage\":\"en-US\"}]}<\/script>\n<!-- \/ Yoast SEO Premium plugin. -->","yoast_head_json":{"title":"H\u1ed9p linh ki\u1ec7n ch\u1ed1ng t\u0129nh \u0111i\u1ec7n c\u00f3 n\u1eafp \u0111\u1eady - IMRO Vietnam","robots":{"index":"index","follow":"follow","max-snippet":"max-snippet:-1","max-image-preview":"max-image-preview:large","max-video-preview":"max-video-preview:-1"},"canonical":"https:\/\/imrovietnam.com\/product\/hop-linh-kien-chong-tinh-dien-co-nap-day\/","og_locale":"en_US","og_type":"article","og_title":"H\u1ed9p linh ki\u1ec7n ch\u1ed1ng t\u0129nh \u0111i\u1ec7n c\u00f3 n\u1eafp \u0111\u1eady","og_description":"- Ch\u1ea5t li\u1ec7u: PP - K\u00edch th\u01b0\u1edbc b\u00ean ngo\u00e0i: 56 x 32 x 21mm - K\u00edch th\u01b0\u1edbc b\u00ean trong: 40 x 26 x 16mm - M\u00e0u s\u1eafc: \u0110en - C\u1ea5u t\u1ea1o: C\u00f3 l\u1eafp \u0111\u1eady - Th\u1eddi gian: T\u00f9y v\u00e0o \u0111\u01a1n h\u00e0ng","og_url":"https:\/\/imrovietnam.com\/product\/hop-linh-kien-chong-tinh-dien-co-nap-day\/","og_site_name":"IMRO Vietnam","article_modified_time":"2021-09-07T08:49:14+00:00","og_image":[{"width":609,"height":531,"url":"https:\/\/imrovietnam.com\/wp-content\/uploads\/2021\/08\/Ngan-keo-dung-linh-kien-co-nap-2.jpg","type":"image\/jpeg"}],"twitter_card":"summary_large_image","schema":{"@context":"https:\/\/schema.org","@graph":[{"@type":"WebPage","@id":"https:\/\/imrovietnam.com\/product\/hop-linh-kien-chong-tinh-dien-co-nap-day\/","url":"https:\/\/imrovietnam.com\/product\/hop-linh-kien-chong-tinh-dien-co-nap-day\/","name":"H\u1ed9p linh ki\u1ec7n ch\u1ed1ng t\u0129nh \u0111i\u1ec7n c\u00f3 n\u1eafp \u0111\u1eady - IMRO Vietnam","isPartOf":{"@id":"https:\/\/imrovietnam.com\/en\/#website"},"primaryImageOfPage":{"@id":"https:\/\/imrovietnam.com\/product\/hop-linh-kien-chong-tinh-dien-co-nap-day\/#primaryimage"},"image":{"@id":"https:\/\/imrovietnam.com\/product\/hop-linh-kien-chong-tinh-dien-co-nap-day\/#primaryimage"},"thumbnailUrl":"https:\/\/imrovietnam.com\/wp-content\/uploads\/2021\/08\/Ngan-keo-dung-linh-kien-co-nap-2.jpg","datePublished":"2021-08-21T11:19:23+00:00","dateModified":"2021-09-07T08:49:14+00:00","breadcrumb":{"@id":"https:\/\/imrovietnam.com\/product\/hop-linh-kien-chong-tinh-dien-co-nap-day\/#breadcrumb"},"inLanguage":"en-US","potentialAction":[{"@type":"ReadAction","target":["https:\/\/imrovietnam.com\/product\/hop-linh-kien-chong-tinh-dien-co-nap-day\/"]}]},{"@type":"ImageObject","inLanguage":"en-US","@id":"https:\/\/imrovietnam.com\/product\/hop-linh-kien-chong-tinh-dien-co-nap-day\/#primaryimage","url":"https:\/\/imrovietnam.com\/wp-content\/uploads\/2021\/08\/Ngan-keo-dung-linh-kien-co-nap-2.jpg","contentUrl":"https:\/\/imrovietnam.com\/wp-content\/uploads\/2021\/08\/Ngan-keo-dung-linh-kien-co-nap-2.jpg","width":609,"height":531},{"@type":"BreadcrumbList","@id":"https:\/\/imrovietnam.com\/product\/hop-linh-kien-chong-tinh-dien-co-nap-day\/#breadcrumb","itemListElement":[{"@type":"ListItem","position":1,"name":"Home","item":"https:\/\/imrovietnam.com\/en\/"},{"@type":"ListItem","position":2,"name":"S\u1ea3n ph\u1ea9m","item":"https:\/\/imrovietnam.com\/shop\/"},{"@type":"ListItem","position":3,"name":"H\u1ed9p linh ki\u1ec7n ch\u1ed1ng t\u0129nh \u0111i\u1ec7n c\u00f3 n\u1eafp \u0111\u1eady"}]},{"@type":"WebSite","@id":"https:\/\/imrovietnam.com\/en\/#website","url":"https:\/\/imrovietnam.com\/en\/","name":"IMRO Vietnam","description":"Your consumables and spare parts store","potentialAction":[{"@type":"SearchAction","target":{"@type":"EntryPoint","urlTemplate":"https:\/\/imrovietnam.com\/en\/?s={search_term_string}"},"query-input":{"@type":"PropertyValueSpecification","valueRequired":true,"valueName":"search_term_string"}}],"inLanguage":"en-US"}]}},"_links":{"self":[{"href":"https:\/\/imrovietnam.com\/en\/wp-json\/wp\/v2\/product\/2195","targetHints":{"allow":["GET"]}}],"collection":[{"href":"https:\/\/imrovietnam.com\/en\/wp-json\/wp\/v2\/product"}],"about":[{"href":"https:\/\/imrovietnam.com\/en\/wp-json\/wp\/v2\/types\/product"}],"replies":[{"embeddable":true,"href":"https:\/\/imrovietnam.com\/en\/wp-json\/wp\/v2\/comments?post=2195"}],"wp:featuredmedia":[{"embeddable":true,"href":"https:\/\/imrovietnam.com\/en\/wp-json\/wp\/v2\/media\/2196"}],"wp:attachment":[{"href":"https:\/\/imrovietnam.com\/en\/wp-json\/wp\/v2\/media?parent=2195"}],"wp:term":[{"taxonomy":"product_brand","embeddable":true,"href":"https:\/\/imrovietnam.com\/en\/wp-json\/wp\/v2\/product_brand?post=2195"},{"taxonomy":"product_cat","embeddable":true,"href":"https:\/\/imrovietnam.com\/en\/wp-json\/wp\/v2\/product_cat?post=2195"},{"taxonomy":"product_tag","embeddable":true,"href":"https:\/\/imrovietnam.com\/en\/wp-json\/wp\/v2\/product_tag?post=2195"}],"curies":[{"name":"wp","href":"https:\/\/api.w.org\/{rel}","templated":true}]}}