{"id":2192,"date":"2021-08-21T18:16:44","date_gmt":"2021-08-21T11:16:44","guid":{"rendered":"https:\/\/imrovietnam.com\/?post_type=product&#038;p=2192"},"modified":"2021-09-07T15:53:37","modified_gmt":"2021-09-07T08:53:37","slug":"hop-ngan-keo-chong-tinh-dien","status":"publish","type":"product","link":"https:\/\/imrovietnam.com\/en\/product\/hop-ngan-keo-chong-tinh-dien\/","title":{"rendered":"H\u1ed9p ng\u0103n k\u00e9o ch\u1ed1ng t\u0129nh \u0111i\u1ec7n"},"content":{"rendered":"<p><img loading=\"lazy\" decoding=\"async\" class=\"aligncenter wp-image-2193 \" src=\"https:\/\/imrovietnam.com\/wp-content\/uploads\/2021\/08\/Ngan-keo-dung-linh-kien-co-nap.jpg\" alt=\"H\u1ed9p ng\u0103n k\u00e9o ch\u1ed1ng t\u0129nh \u0111i\u1ec7n\" width=\"432\" height=\"377\" srcset=\"https:\/\/imrovietnam.com\/wp-content\/uploads\/2021\/08\/Ngan-keo-dung-linh-kien-co-nap.jpg 607w, https:\/\/imrovietnam.com\/wp-content\/uploads\/2021\/08\/Ngan-keo-dung-linh-kien-co-nap-458x400.jpg 458w, https:\/\/imrovietnam.com\/wp-content\/uploads\/2021\/08\/Ngan-keo-dung-linh-kien-co-nap-510x445.jpg 510w\" sizes=\"auto, (max-width: 432px) 100vw, 432px\" \/><\/p>\n<p>&#8211; Linh ho\u1ea1t. N\u00f3 c\u00f3 th\u1ec3 \u0111\u01b0\u1ee3c t\u0103ng l\u00ean ho\u1eb7c thay th\u1ebf trong b\u1ea5t c\u1ee9 b\u00ean n\u00e0o theo nhu c\u1ea7u v\u00e0 \u0111\u01b0\u1ee3c k\u1ebft h\u1ee3p th\u00e0nh c\u00e1c h\u00ecnh d\u1ea1ng kh\u00e1c nhau.<br \/>\n&#8211; Ti\u1ebft ki\u1ec7m chi ph\u00ed. Kh\u00f4ng c\u1ea7n l\u1ea5y k\u1ec7 khi l\u01b0u tr\u1eef trong kho.<br \/>\n&#8211; Ti\u1ebft ki\u1ec7m kh\u00f4ng gian. N\u00f3 c\u00f3 th\u1ec3 \u0111\u01b0\u1ee3c ch\u1ed3ng ch\u00e9o v\u00e0 m\u1ea5t \u0111i\u1ec1u thu\u1eadn ti\u1ec7n<\/p>\n","protected":false},"excerpt":{"rendered":"<p>&#8211; Ch\u1ea5t li\u1ec7u: PP<br \/>\n&#8211; K\u00edch th\u01b0\u1edbc b\u00ean ngo\u00e0i: 138 x 92 x 48mm<br \/>\n&#8211; K\u00edch th\u01b0\u1edbc b\u00ean trong: 128 x 88 x 40mm<br \/>\n&#8211; M\u00e0u s\u1eafc: \u0110en<br \/>\n&#8211; C\u1ea5u t\u1ea1o: C\u00f3 ng\u0103n k\u00e9o<br \/>\n&#8211; Th\u1eddi gian: T\u00f9y v\u00e0o \u0111\u01a1n h\u00e0ng<\/p>\n","protected":false},"featured_media":2193,"comment_status":"open","ping_status":"closed","template":"","meta":[],"product_brand":[],"product_cat":[104],"product_tag":[314,307,305,222,343,325,303],"class_list":{"0":"post-2192","1":"product","2":"type-product","3":"status-publish","4":"has-post-thumbnail","6":"product_cat-thiet-bi-phong-sach","7":"product_tag-ban-dan","8":"product_tag-dien-tu","9":"product_tag-esd","10":"product_tag-hop-ngan-keo-chong-tinh-dien","11":"product_tag-linh-kien","12":"product_tag-nha-may","13":"product_tag-tinh-dien","15":"first","16":"instock","17":"shipping-taxable","18":"product-type-simple"},"yoast_head":"<!-- This site is optimized with the Yoast SEO Premium plugin v25.0 (Yoast SEO v25.2) - https:\/\/yoast.com\/wordpress\/plugins\/seo\/ -->\n<title>H\u1ed9p ng\u0103n k\u00e9o ch\u1ed1ng t\u0129nh \u0111i\u1ec7n - IMRO Vietnam<\/title>\n<meta name=\"robots\" content=\"index, follow, max-snippet:-1, max-image-preview:large, max-video-preview:-1\" \/>\n<link rel=\"canonical\" href=\"https:\/\/imrovietnam.com\/en\/product\/hop-ngan-keo-chong-tinh-dien\/\" \/>\n<meta property=\"og:locale\" content=\"en_US\" \/>\n<meta property=\"og:type\" content=\"article\" \/>\n<meta property=\"og:title\" content=\"H\u1ed9p ng\u0103n k\u00e9o ch\u1ed1ng t\u0129nh \u0111i\u1ec7n\" \/>\n<meta property=\"og:description\" content=\"- Ch\u1ea5t li\u1ec7u: PP - K\u00edch th\u01b0\u1edbc b\u00ean ngo\u00e0i: 138 x 92 x 48mm - K\u00edch th\u01b0\u1edbc b\u00ean trong: 128 x 88 x 40mm - M\u00e0u s\u1eafc: \u0110en - C\u1ea5u t\u1ea1o: C\u00f3 ng\u0103n k\u00e9o - Th\u1eddi gian: T\u00f9y v\u00e0o \u0111\u01a1n h\u00e0ng\" \/>\n<meta property=\"og:url\" content=\"https:\/\/imrovietnam.com\/en\/product\/hop-ngan-keo-chong-tinh-dien\/\" \/>\n<meta property=\"og:site_name\" content=\"IMRO Vietnam\" \/>\n<meta property=\"article:modified_time\" content=\"2021-09-07T08:53:37+00:00\" \/>\n<meta property=\"og:image\" content=\"https:\/\/imrovietnam.com\/wp-content\/uploads\/2021\/08\/Ngan-keo-dung-linh-kien-co-nap.jpg\" \/>\n\t<meta property=\"og:image:width\" content=\"607\" \/>\n\t<meta property=\"og:image:height\" content=\"530\" \/>\n\t<meta property=\"og:image:type\" content=\"image\/jpeg\" \/>\n<meta name=\"twitter:card\" content=\"summary_large_image\" \/>\n<script type=\"application\/ld+json\" class=\"yoast-schema-graph\">{\"@context\":\"https:\/\/schema.org\",\"@graph\":[{\"@type\":\"WebPage\",\"@id\":\"https:\/\/imrovietnam.com\/en\/product\/hop-ngan-keo-chong-tinh-dien\/\",\"url\":\"https:\/\/imrovietnam.com\/en\/product\/hop-ngan-keo-chong-tinh-dien\/\",\"name\":\"H\u1ed9p ng\u0103n k\u00e9o ch\u1ed1ng t\u0129nh \u0111i\u1ec7n - IMRO Vietnam\",\"isPartOf\":{\"@id\":\"https:\/\/imrovietnam.com\/#website\"},\"primaryImageOfPage\":{\"@id\":\"https:\/\/imrovietnam.com\/en\/product\/hop-ngan-keo-chong-tinh-dien\/#primaryimage\"},\"image\":{\"@id\":\"https:\/\/imrovietnam.com\/en\/product\/hop-ngan-keo-chong-tinh-dien\/#primaryimage\"},\"thumbnailUrl\":\"https:\/\/imrovietnam.com\/wp-content\/uploads\/2021\/08\/Ngan-keo-dung-linh-kien-co-nap.jpg\",\"datePublished\":\"2021-08-21T11:16:44+00:00\",\"dateModified\":\"2021-09-07T08:53:37+00:00\",\"breadcrumb\":{\"@id\":\"https:\/\/imrovietnam.com\/en\/product\/hop-ngan-keo-chong-tinh-dien\/#breadcrumb\"},\"inLanguage\":\"en-US\",\"potentialAction\":[{\"@type\":\"ReadAction\",\"target\":[\"https:\/\/imrovietnam.com\/en\/product\/hop-ngan-keo-chong-tinh-dien\/\"]}]},{\"@type\":\"ImageObject\",\"inLanguage\":\"en-US\",\"@id\":\"https:\/\/imrovietnam.com\/en\/product\/hop-ngan-keo-chong-tinh-dien\/#primaryimage\",\"url\":\"https:\/\/imrovietnam.com\/wp-content\/uploads\/2021\/08\/Ngan-keo-dung-linh-kien-co-nap.jpg\",\"contentUrl\":\"https:\/\/imrovietnam.com\/wp-content\/uploads\/2021\/08\/Ngan-keo-dung-linh-kien-co-nap.jpg\",\"width\":607,\"height\":530},{\"@type\":\"BreadcrumbList\",\"@id\":\"https:\/\/imrovietnam.com\/en\/product\/hop-ngan-keo-chong-tinh-dien\/#breadcrumb\",\"itemListElement\":[{\"@type\":\"ListItem\",\"position\":1,\"name\":\"Home\",\"item\":\"https:\/\/imrovietnam.com\/\"},{\"@type\":\"ListItem\",\"position\":2,\"name\":\"S\u1ea3n ph\u1ea9m\",\"item\":\"https:\/\/imrovietnam.com\/shop\/\"},{\"@type\":\"ListItem\",\"position\":3,\"name\":\"H\u1ed9p ng\u0103n k\u00e9o ch\u1ed1ng t\u0129nh \u0111i\u1ec7n\"}]},{\"@type\":\"WebSite\",\"@id\":\"https:\/\/imrovietnam.com\/#website\",\"url\":\"https:\/\/imrovietnam.com\/\",\"name\":\"IMRO Vietnam\",\"description\":\"Your consumables and spare parts store\",\"potentialAction\":[{\"@type\":\"SearchAction\",\"target\":{\"@type\":\"EntryPoint\",\"urlTemplate\":\"https:\/\/imrovietnam.com\/?s={search_term_string}\"},\"query-input\":{\"@type\":\"PropertyValueSpecification\",\"valueRequired\":true,\"valueName\":\"search_term_string\"}}],\"inLanguage\":\"en-US\"}]}<\/script>\n<!-- \/ Yoast SEO Premium plugin. -->","yoast_head_json":{"title":"H\u1ed9p ng\u0103n k\u00e9o ch\u1ed1ng t\u0129nh \u0111i\u1ec7n - IMRO Vietnam","robots":{"index":"index","follow":"follow","max-snippet":"max-snippet:-1","max-image-preview":"max-image-preview:large","max-video-preview":"max-video-preview:-1"},"canonical":"https:\/\/imrovietnam.com\/en\/product\/hop-ngan-keo-chong-tinh-dien\/","og_locale":"en_US","og_type":"article","og_title":"H\u1ed9p ng\u0103n k\u00e9o ch\u1ed1ng t\u0129nh \u0111i\u1ec7n","og_description":"- Ch\u1ea5t li\u1ec7u: PP - K\u00edch th\u01b0\u1edbc b\u00ean ngo\u00e0i: 138 x 92 x 48mm - K\u00edch th\u01b0\u1edbc b\u00ean trong: 128 x 88 x 40mm - M\u00e0u s\u1eafc: \u0110en - C\u1ea5u t\u1ea1o: C\u00f3 ng\u0103n k\u00e9o - Th\u1eddi gian: T\u00f9y v\u00e0o \u0111\u01a1n h\u00e0ng","og_url":"https:\/\/imrovietnam.com\/en\/product\/hop-ngan-keo-chong-tinh-dien\/","og_site_name":"IMRO Vietnam","article_modified_time":"2021-09-07T08:53:37+00:00","og_image":[{"width":607,"height":530,"url":"https:\/\/imrovietnam.com\/wp-content\/uploads\/2021\/08\/Ngan-keo-dung-linh-kien-co-nap.jpg","type":"image\/jpeg"}],"twitter_card":"summary_large_image","schema":{"@context":"https:\/\/schema.org","@graph":[{"@type":"WebPage","@id":"https:\/\/imrovietnam.com\/en\/product\/hop-ngan-keo-chong-tinh-dien\/","url":"https:\/\/imrovietnam.com\/en\/product\/hop-ngan-keo-chong-tinh-dien\/","name":"H\u1ed9p ng\u0103n k\u00e9o ch\u1ed1ng t\u0129nh \u0111i\u1ec7n - IMRO Vietnam","isPartOf":{"@id":"https:\/\/imrovietnam.com\/#website"},"primaryImageOfPage":{"@id":"https:\/\/imrovietnam.com\/en\/product\/hop-ngan-keo-chong-tinh-dien\/#primaryimage"},"image":{"@id":"https:\/\/imrovietnam.com\/en\/product\/hop-ngan-keo-chong-tinh-dien\/#primaryimage"},"thumbnailUrl":"https:\/\/imrovietnam.com\/wp-content\/uploads\/2021\/08\/Ngan-keo-dung-linh-kien-co-nap.jpg","datePublished":"2021-08-21T11:16:44+00:00","dateModified":"2021-09-07T08:53:37+00:00","breadcrumb":{"@id":"https:\/\/imrovietnam.com\/en\/product\/hop-ngan-keo-chong-tinh-dien\/#breadcrumb"},"inLanguage":"en-US","potentialAction":[{"@type":"ReadAction","target":["https:\/\/imrovietnam.com\/en\/product\/hop-ngan-keo-chong-tinh-dien\/"]}]},{"@type":"ImageObject","inLanguage":"en-US","@id":"https:\/\/imrovietnam.com\/en\/product\/hop-ngan-keo-chong-tinh-dien\/#primaryimage","url":"https:\/\/imrovietnam.com\/wp-content\/uploads\/2021\/08\/Ngan-keo-dung-linh-kien-co-nap.jpg","contentUrl":"https:\/\/imrovietnam.com\/wp-content\/uploads\/2021\/08\/Ngan-keo-dung-linh-kien-co-nap.jpg","width":607,"height":530},{"@type":"BreadcrumbList","@id":"https:\/\/imrovietnam.com\/en\/product\/hop-ngan-keo-chong-tinh-dien\/#breadcrumb","itemListElement":[{"@type":"ListItem","position":1,"name":"Home","item":"https:\/\/imrovietnam.com\/"},{"@type":"ListItem","position":2,"name":"S\u1ea3n ph\u1ea9m","item":"https:\/\/imrovietnam.com\/shop\/"},{"@type":"ListItem","position":3,"name":"H\u1ed9p ng\u0103n k\u00e9o ch\u1ed1ng t\u0129nh \u0111i\u1ec7n"}]},{"@type":"WebSite","@id":"https:\/\/imrovietnam.com\/#website","url":"https:\/\/imrovietnam.com\/","name":"IMRO Vietnam","description":"Your consumables and spare parts store","potentialAction":[{"@type":"SearchAction","target":{"@type":"EntryPoint","urlTemplate":"https:\/\/imrovietnam.com\/?s={search_term_string}"},"query-input":{"@type":"PropertyValueSpecification","valueRequired":true,"valueName":"search_term_string"}}],"inLanguage":"en-US"}]}},"_links":{"self":[{"href":"https:\/\/imrovietnam.com\/en\/wp-json\/wp\/v2\/product\/2192","targetHints":{"allow":["GET"]}}],"collection":[{"href":"https:\/\/imrovietnam.com\/en\/wp-json\/wp\/v2\/product"}],"about":[{"href":"https:\/\/imrovietnam.com\/en\/wp-json\/wp\/v2\/types\/product"}],"replies":[{"embeddable":true,"href":"https:\/\/imrovietnam.com\/en\/wp-json\/wp\/v2\/comments?post=2192"}],"wp:featuredmedia":[{"embeddable":true,"href":"https:\/\/imrovietnam.com\/en\/wp-json\/wp\/v2\/media\/2193"}],"wp:attachment":[{"href":"https:\/\/imrovietnam.com\/en\/wp-json\/wp\/v2\/media?parent=2192"}],"wp:term":[{"taxonomy":"product_brand","embeddable":true,"href":"https:\/\/imrovietnam.com\/en\/wp-json\/wp\/v2\/product_brand?post=2192"},{"taxonomy":"product_cat","embeddable":true,"href":"https:\/\/imrovietnam.com\/en\/wp-json\/wp\/v2\/product_cat?post=2192"},{"taxonomy":"product_tag","embeddable":true,"href":"https:\/\/imrovietnam.com\/en\/wp-json\/wp\/v2\/product_tag?post=2192"}],"curies":[{"name":"wp","href":"https:\/\/api.w.org\/{rel}","templated":true}]}}