{"id":2187,"date":"2021-08-21T18:12:25","date_gmt":"2021-08-21T11:12:25","guid":{"rendered":"https:\/\/imrovietnam.com\/?post_type=product&#038;p=2187"},"modified":"2021-09-07T16:02:04","modified_gmt":"2021-09-07T09:02:04","slug":"khay-hop-chong-tinh-dien-nhieu-kich-thuoc","status":"publish","type":"product","link":"https:\/\/imrovietnam.com\/en\/product\/khay-hop-chong-tinh-dien-nhieu-kich-thuoc\/","title":{"rendered":"Khay H\u1ed9p ch\u1ed1ng t\u0129nh \u0111i\u1ec7n nhi\u1ec1u k\u00edch th\u01b0\u1edbc"},"content":{"rendered":"<p>H\u1ed9p nh\u1ef1a ch\u1ed1ng t\u0129nh \u0111i\u1ec7n<\/p>\n<p>H\u1ed9p nh\u1ef1a ch\u1ed1ng t\u0129nh \u0111i\u1ec7n l\u00e0 s\u1ea3n ph\u1ea9m v\u00f4 c\u00f9ng c\u1ea7n thi\u1ebft \u0111\u1ec3 l\u01b0u tr\u1eef v\u00e0 v\u1eadn chuy\u1ec3n PCB ho\u1eb7c c\u00e1c linh ki\u1ec7n b\u00e1n d\u1eabn hay s\u1ea3n ph\u1ea9m y\u00eau c\u1ea7u ch\u1ed1ng t\u0129nh \u0111i\u1ec7n.<\/p>\n<p>H\u1ed9p nh\u1ef1a ch\u1ed1ng t\u0129nh \u0111i\u1ec7n<\/p>\n<p>Th\u00f4ng s\u1ed1 k\u1ef9 thu\u1eadt<br \/>\n\u0110i\u1ec7n tr\u1edf b\u1ec1 m\u1eb7t: 10 ^ 3-10 ^ 5 Ohm ho\u1eb7c 10 ^ 6-10 ^ 9 Ohm<br \/>\nC\u00f3 th\u1ec3 x\u1ebfp ch\u1ed3ng l\u00ean nhau ho\u1eb7c kh\u00f4ng<br \/>\nC\u00f3 n\u1eafp ho\u1eb7c kh\u00f4ng (theo y\u00eau c\u1ea7u)<br \/>\nKhay H\u1ed9p ch\u1ed1ng t\u0129nh \u0111i\u1ec7n nhi\u1ec1u k\u00edch th\u01b0\u1edbc<\/p>\n<p>\u0110\u1eb7c t\u00ednh c\u1ee7a s\u1ea3n ph\u1ea9m<br \/>\nCh\u1ed1ng t\u0129nh \u0111i\u1ec7n, th\u00e2n thi\u1ec7n v\u1edbi m\u00f4i tr\u01b0\u1eddng, kh\u00f4ng \u0111\u1ed9c h\u1ea1i, kh\u00f4ng m\u00f9i, kh\u00f4ng b\u1ecb \u0103n m\u00f2n<br \/>\n\u0110\u1ed9 d\u00e0y v\u00e0 m\u00e0u s\u1eafc: Theo y\u00eau c\u1ea7u<br \/>\nNh\u1eb9, b\u1ec1n, ph\u00f9 h\u1ee3p nhi\u1ec1u ch\u1ea5t li\u1ec7u bao b\u00ec, d\u1ec5 d\u00e0ng gia c\u00f4ng theo c\u00e1c y\u00eau c\u1ea7u \u0111\u1ecbnh d\u1ea1ng, k\u00edch th\u01b0\u1edbc kh\u00e1c nhau.<br \/>\nC\u00e1c c\u1ea1nh \u0111\u01b0\u1ee3c gia c\u00f4ng nh\u1eb5n, kh\u00f4ng g\u00e2y nguy hi\u1ec3m khi s\u1eed d\u1ee5ng.<br \/>\nM\u1ed9t s\u1ed1 h\u00ecnh \u1ea3nh s\u1ea3n ph\u1ea9m v\u00e0 b\u1ea3ng k\u00edch th\u01b0\u1edbc<br \/>\nKhay H\u1ed9p ch\u1ed1ng t\u0129nh \u0111i\u1ec7n nhi\u1ec1u k\u00edch th\u01b0\u1edbc<img loading=\"lazy\" decoding=\"async\" class=\"aligncenter\" src=\"https:\/\/imrovietnam.com\/wp-content\/uploads\/2021\/08\/khay-dung-linh-kien123.jpg\" alt=\"H\u1ed9p nh\u1ef1a ch\u1ed1ng t\u0129nh \u0111i\u1ec7n\" width=\"440\" height=\"385\" \/><img loading=\"lazy\" decoding=\"async\" class=\"aligncenter wp-image-2190 size-full\" src=\"https:\/\/imrovietnam.com\/wp-content\/uploads\/2021\/08\/kt-khay-hop-dung-linh-kien-co-nap.jpg\" alt=\"K\u00edch th\u01b0\u1edbc h\u1ed9p nh\u1ef1a ch\u1ed1ng t\u0129nh \u0111i\u1ec7n\" width=\"969\" height=\"475\" srcset=\"https:\/\/imrovietnam.com\/wp-content\/uploads\/2021\/08\/kt-khay-hop-dung-linh-kien-co-nap.jpg 969w, https:\/\/imrovietnam.com\/wp-content\/uploads\/2021\/08\/kt-khay-hop-dung-linh-kien-co-nap-800x392.jpg 800w, https:\/\/imrovietnam.com\/wp-content\/uploads\/2021\/08\/kt-khay-hop-dung-linh-kien-co-nap-768x376.jpg 768w, https:\/\/imrovietnam.com\/wp-content\/uploads\/2021\/08\/kt-khay-hop-dung-linh-kien-co-nap-510x250.jpg 510w\" sizes=\"auto, (max-width: 969px) 100vw, 969px\" \/><br \/>\n\u1ee8ng d\u1ee5ng c\u1ee7a s\u1ea3n ph\u1ea9m<br \/>\nDo \u0111\u1eb7c t\u00ednh ch\u1ed1ng t\u0129nh \u0111i\u1ec7n n\u00ean c\u00e1c lo\u1ea1i khay ESD \u0111\u01b0\u1ee3c s\u1eed d\u1ee5ng r\u1ed9ng r\u00e3i trong v\u1eadn chuy\u1ec3n ho\u1eb7c l\u01b0u tr\u1eef nh\u1eb1m \u0111\u1ea3m b\u1ea3o an to\u00e0n cho c\u00e1c linh ki\u1ec7n \u0111i\u1ec7n t\u1eed kh\u1ecfi b\u1ecb h\u01b0 h\u1ecfng do \u1ea3nh h\u01b0\u1edfng c\u1ee7a vi\u1ec7c t\u0129nh \u0111i\u1ec7n. C\u00e1c khay ESD \u0111\u01b0\u1ee3c s\u1eed d\u1ee5ng cho c\u00e1c h\u1ea1ng m\u1ee5c nh\u01b0 b\u1ea3ng m\u1ea1ch ho\u1eb7c cho c\u00e1c \u1ee9ng d\u1ee5ng x\u1eed l\u00fd linh ki\u1ec7n \u0111i\u1ec7n t\u1eed v\u00e0 b\u00e1n d\u1eabn kh\u00e1c.<\/p>\n<p>Ch\u00ednh s\u00e1ch b\u00e1n h\u00e0ng<br \/>\nTr\u1ea3 l\u1eddi nhanh: Kh\u00e1ch h\u00e0ng li\u00ean h\u1ec7 v\u1edbi ch\u00fang t\u00f4i qua hotline, box chat tr\u00ean web ho\u1eb7c email, m\u1ecdi y\u00eau c\u1ea7u s\u1ebd \u0111\u01b0\u1ee3c tr\u1ea3 l\u1eddi nhanh nh\u1ea5t.<br \/>\nOEM &amp; ODM: V\u1edbi b\u1ea5t k\u1ef3 y\u00eau c\u1ea7u m\u1eabu m\u00e3, \u0111\u1ecbnh d\u1ea1ng n\u00e0o ch\u00fang t\u00f4i c\u0169ng c\u00f3 th\u1ec3 gi\u00fap b\u1ea1n thi\u1ebft k\u1ebf v\u00e0 cho ra s\u1ea3n ph\u1ea9m ph\u00f9 h\u1ee3p nh\u1ea5t v\u1edbi m\u1ee5c \u0111\u00edch s\u1eed d\u1ee5ng c\u1ee7a kh\u00e1ch h\u00e0ng.<br \/>\nD\u1ecbch v\u1ee5 b\u00e1n h\u00e0ng: hai b\u00ean c\u00f9ng nhau th\u1ecfa thu\u1eadn v\u00e0 \u0111i \u0111\u1ebfn th\u1ed1ng nh\u1ea5t trong v\u1ea5n \u0111\u1ec1 s\u1ea3n xu\u1ea5t v\u00e0 v\u1eadn chuy\u1ec3n s\u1ea3n ph\u1ea9m.<br \/>\nCh\u00fang t\u00f4i ch\u00e2n th\u00e0nh hy v\u1ecdng h\u1ee3p t\u00e1c v\u1edbi nhi\u1ec1u kh\u00e1ch h\u00e0ng h\u01a1n \u0111\u1ec3 c\u00f9ng ph\u00e1t tri\u1ec3n v\u00e0 c\u00f9ng c\u00f3 l\u1ee3i.<\/p>\n","protected":false},"excerpt":{"rendered":"<p>&#8211; Ch\u1ea5t li\u1ec7u: PE \/ PP \/ HDPE<br \/>\n&#8211; M\u00e0u s\u1eafc: \u0110en \/ Xanh<br \/>\n&#8211; Ch\u1ee9c n\u0103ng: \u0110\u1ef1ng<br \/>\n&#8211; K\u00edch th\u01b0\u1edbc: Nhi\u1ec1u k\u00edch th\u01b0\u1edbc<br \/>\n&#8211; \u1ee8ng d\u1ee5ng: C\u00f4ng nghi\u1ec7p \u0111i\u1ec7n t\u1eed<br \/>\n&#8211; Th\u1eddi gian: T\u00f9y v\u00e0o \u0111\u01a1n h\u00e0ng<\/p>\n","protected":false},"featured_media":2188,"comment_status":"open","ping_status":"closed","template":"","meta":[],"product_brand":[],"product_cat":[104],"product_tag":[307,305,342,221,345,343,325,303],"class_list":{"0":"post-2187","1":"product","2":"type-product","3":"status-publish","4":"has-post-thumbnail","6":"product_cat-thiet-bi-phong-sach","7":"product_tag-dien-tu","8":"product_tag-esd","9":"product_tag-hop","10":"product_tag-khay-hop-chong-tinh-dien-nhieu-kich-thuoc","11":"product_tag-kho","12":"product_tag-linh-kien","13":"product_tag-nha-may","14":"product_tag-tinh-dien","16":"first","17":"instock","18":"shipping-taxable","19":"product-type-simple"},"yoast_head":"<!-- This site is optimized with the Yoast SEO Premium plugin v25.0 (Yoast SEO v25.2) - https:\/\/yoast.com\/wordpress\/plugins\/seo\/ -->\n<title>Khay H\u1ed9p ch\u1ed1ng t\u0129nh \u0111i\u1ec7n nhi\u1ec1u k\u00edch th\u01b0\u1edbc - IMRO Vietnam<\/title>\n<meta name=\"robots\" content=\"index, follow, max-snippet:-1, max-image-preview:large, max-video-preview:-1\" \/>\n<link rel=\"canonical\" href=\"https:\/\/imrovietnam.com\/en\/product\/khay-hop-chong-tinh-dien-nhieu-kich-thuoc\/\" \/>\n<meta property=\"og:locale\" content=\"en_US\" \/>\n<meta property=\"og:type\" content=\"article\" \/>\n<meta property=\"og:title\" content=\"Khay H\u1ed9p ch\u1ed1ng t\u0129nh \u0111i\u1ec7n nhi\u1ec1u k\u00edch th\u01b0\u1edbc\" \/>\n<meta property=\"og:description\" content=\"- Ch\u1ea5t li\u1ec7u: PE \/ PP \/ HDPE - M\u00e0u s\u1eafc: \u0110en \/ Xanh - Ch\u1ee9c n\u0103ng: \u0110\u1ef1ng - K\u00edch th\u01b0\u1edbc: Nhi\u1ec1u k\u00edch th\u01b0\u1edbc - \u1ee8ng d\u1ee5ng: C\u00f4ng nghi\u1ec7p \u0111i\u1ec7n t\u1eed - Th\u1eddi gian: T\u00f9y v\u00e0o \u0111\u01a1n h\u00e0ng\" \/>\n<meta property=\"og:url\" content=\"https:\/\/imrovietnam.com\/en\/product\/khay-hop-chong-tinh-dien-nhieu-kich-thuoc\/\" \/>\n<meta property=\"og:site_name\" content=\"IMRO Vietnam\" \/>\n<meta property=\"article:modified_time\" content=\"2021-09-07T09:02:04+00:00\" \/>\n<meta property=\"og:image\" content=\"https:\/\/imrovietnam.com\/wp-content\/uploads\/2021\/08\/khay-dung-linh-kien123.jpg\" \/>\n\t<meta property=\"og:image:width\" content=\"604\" \/>\n\t<meta property=\"og:image:height\" content=\"528\" \/>\n\t<meta property=\"og:image:type\" content=\"image\/jpeg\" \/>\n<meta name=\"twitter:card\" content=\"summary_large_image\" \/>\n<meta name=\"twitter:label1\" content=\"Est. reading time\" \/>\n\t<meta name=\"twitter:data1\" content=\"3 minutes\" \/>\n<script type=\"application\/ld+json\" class=\"yoast-schema-graph\">{\"@context\":\"https:\/\/schema.org\",\"@graph\":[{\"@type\":\"WebPage\",\"@id\":\"https:\/\/imrovietnam.com\/en\/product\/khay-hop-chong-tinh-dien-nhieu-kich-thuoc\/\",\"url\":\"https:\/\/imrovietnam.com\/en\/product\/khay-hop-chong-tinh-dien-nhieu-kich-thuoc\/\",\"name\":\"Khay H\u1ed9p ch\u1ed1ng t\u0129nh \u0111i\u1ec7n nhi\u1ec1u k\u00edch th\u01b0\u1edbc - IMRO Vietnam\",\"isPartOf\":{\"@id\":\"https:\/\/imrovietnam.com\/#website\"},\"primaryImageOfPage\":{\"@id\":\"https:\/\/imrovietnam.com\/en\/product\/khay-hop-chong-tinh-dien-nhieu-kich-thuoc\/#primaryimage\"},\"image\":{\"@id\":\"https:\/\/imrovietnam.com\/en\/product\/khay-hop-chong-tinh-dien-nhieu-kich-thuoc\/#primaryimage\"},\"thumbnailUrl\":\"https:\/\/imrovietnam.com\/wp-content\/uploads\/2021\/08\/khay-dung-linh-kien123.jpg\",\"datePublished\":\"2021-08-21T11:12:25+00:00\",\"dateModified\":\"2021-09-07T09:02:04+00:00\",\"breadcrumb\":{\"@id\":\"https:\/\/imrovietnam.com\/en\/product\/khay-hop-chong-tinh-dien-nhieu-kich-thuoc\/#breadcrumb\"},\"inLanguage\":\"en-US\",\"potentialAction\":[{\"@type\":\"ReadAction\",\"target\":[\"https:\/\/imrovietnam.com\/en\/product\/khay-hop-chong-tinh-dien-nhieu-kich-thuoc\/\"]}]},{\"@type\":\"ImageObject\",\"inLanguage\":\"en-US\",\"@id\":\"https:\/\/imrovietnam.com\/en\/product\/khay-hop-chong-tinh-dien-nhieu-kich-thuoc\/#primaryimage\",\"url\":\"https:\/\/imrovietnam.com\/wp-content\/uploads\/2021\/08\/khay-dung-linh-kien123.jpg\",\"contentUrl\":\"https:\/\/imrovietnam.com\/wp-content\/uploads\/2021\/08\/khay-dung-linh-kien123.jpg\",\"width\":604,\"height\":528},{\"@type\":\"BreadcrumbList\",\"@id\":\"https:\/\/imrovietnam.com\/en\/product\/khay-hop-chong-tinh-dien-nhieu-kich-thuoc\/#breadcrumb\",\"itemListElement\":[{\"@type\":\"ListItem\",\"position\":1,\"name\":\"Home\",\"item\":\"https:\/\/imrovietnam.com\/\"},{\"@type\":\"ListItem\",\"position\":2,\"name\":\"S\u1ea3n ph\u1ea9m\",\"item\":\"https:\/\/imrovietnam.com\/shop\/\"},{\"@type\":\"ListItem\",\"position\":3,\"name\":\"Khay H\u1ed9p ch\u1ed1ng t\u0129nh \u0111i\u1ec7n nhi\u1ec1u k\u00edch th\u01b0\u1edbc\"}]},{\"@type\":\"WebSite\",\"@id\":\"https:\/\/imrovietnam.com\/#website\",\"url\":\"https:\/\/imrovietnam.com\/\",\"name\":\"IMRO Vietnam\",\"description\":\"Your consumables and spare parts store\",\"potentialAction\":[{\"@type\":\"SearchAction\",\"target\":{\"@type\":\"EntryPoint\",\"urlTemplate\":\"https:\/\/imrovietnam.com\/?s={search_term_string}\"},\"query-input\":{\"@type\":\"PropertyValueSpecification\",\"valueRequired\":true,\"valueName\":\"search_term_string\"}}],\"inLanguage\":\"en-US\"}]}<\/script>\n<!-- \/ Yoast SEO Premium plugin. -->","yoast_head_json":{"title":"Khay H\u1ed9p ch\u1ed1ng t\u0129nh \u0111i\u1ec7n nhi\u1ec1u k\u00edch th\u01b0\u1edbc - IMRO Vietnam","robots":{"index":"index","follow":"follow","max-snippet":"max-snippet:-1","max-image-preview":"max-image-preview:large","max-video-preview":"max-video-preview:-1"},"canonical":"https:\/\/imrovietnam.com\/en\/product\/khay-hop-chong-tinh-dien-nhieu-kich-thuoc\/","og_locale":"en_US","og_type":"article","og_title":"Khay H\u1ed9p ch\u1ed1ng t\u0129nh \u0111i\u1ec7n nhi\u1ec1u k\u00edch th\u01b0\u1edbc","og_description":"- Ch\u1ea5t li\u1ec7u: PE \/ PP \/ HDPE - M\u00e0u s\u1eafc: \u0110en \/ Xanh - Ch\u1ee9c n\u0103ng: \u0110\u1ef1ng - K\u00edch th\u01b0\u1edbc: Nhi\u1ec1u k\u00edch th\u01b0\u1edbc - \u1ee8ng d\u1ee5ng: C\u00f4ng nghi\u1ec7p \u0111i\u1ec7n t\u1eed - Th\u1eddi gian: T\u00f9y v\u00e0o \u0111\u01a1n h\u00e0ng","og_url":"https:\/\/imrovietnam.com\/en\/product\/khay-hop-chong-tinh-dien-nhieu-kich-thuoc\/","og_site_name":"IMRO Vietnam","article_modified_time":"2021-09-07T09:02:04+00:00","og_image":[{"width":604,"height":528,"url":"https:\/\/imrovietnam.com\/wp-content\/uploads\/2021\/08\/khay-dung-linh-kien123.jpg","type":"image\/jpeg"}],"twitter_card":"summary_large_image","twitter_misc":{"Est. reading time":"3 minutes"},"schema":{"@context":"https:\/\/schema.org","@graph":[{"@type":"WebPage","@id":"https:\/\/imrovietnam.com\/en\/product\/khay-hop-chong-tinh-dien-nhieu-kich-thuoc\/","url":"https:\/\/imrovietnam.com\/en\/product\/khay-hop-chong-tinh-dien-nhieu-kich-thuoc\/","name":"Khay H\u1ed9p ch\u1ed1ng t\u0129nh \u0111i\u1ec7n nhi\u1ec1u k\u00edch th\u01b0\u1edbc - IMRO Vietnam","isPartOf":{"@id":"https:\/\/imrovietnam.com\/#website"},"primaryImageOfPage":{"@id":"https:\/\/imrovietnam.com\/en\/product\/khay-hop-chong-tinh-dien-nhieu-kich-thuoc\/#primaryimage"},"image":{"@id":"https:\/\/imrovietnam.com\/en\/product\/khay-hop-chong-tinh-dien-nhieu-kich-thuoc\/#primaryimage"},"thumbnailUrl":"https:\/\/imrovietnam.com\/wp-content\/uploads\/2021\/08\/khay-dung-linh-kien123.jpg","datePublished":"2021-08-21T11:12:25+00:00","dateModified":"2021-09-07T09:02:04+00:00","breadcrumb":{"@id":"https:\/\/imrovietnam.com\/en\/product\/khay-hop-chong-tinh-dien-nhieu-kich-thuoc\/#breadcrumb"},"inLanguage":"en-US","potentialAction":[{"@type":"ReadAction","target":["https:\/\/imrovietnam.com\/en\/product\/khay-hop-chong-tinh-dien-nhieu-kich-thuoc\/"]}]},{"@type":"ImageObject","inLanguage":"en-US","@id":"https:\/\/imrovietnam.com\/en\/product\/khay-hop-chong-tinh-dien-nhieu-kich-thuoc\/#primaryimage","url":"https:\/\/imrovietnam.com\/wp-content\/uploads\/2021\/08\/khay-dung-linh-kien123.jpg","contentUrl":"https:\/\/imrovietnam.com\/wp-content\/uploads\/2021\/08\/khay-dung-linh-kien123.jpg","width":604,"height":528},{"@type":"BreadcrumbList","@id":"https:\/\/imrovietnam.com\/en\/product\/khay-hop-chong-tinh-dien-nhieu-kich-thuoc\/#breadcrumb","itemListElement":[{"@type":"ListItem","position":1,"name":"Home","item":"https:\/\/imrovietnam.com\/"},{"@type":"ListItem","position":2,"name":"S\u1ea3n ph\u1ea9m","item":"https:\/\/imrovietnam.com\/shop\/"},{"@type":"ListItem","position":3,"name":"Khay H\u1ed9p ch\u1ed1ng t\u0129nh \u0111i\u1ec7n nhi\u1ec1u k\u00edch th\u01b0\u1edbc"}]},{"@type":"WebSite","@id":"https:\/\/imrovietnam.com\/#website","url":"https:\/\/imrovietnam.com\/","name":"IMRO Vietnam","description":"Your consumables and spare parts store","potentialAction":[{"@type":"SearchAction","target":{"@type":"EntryPoint","urlTemplate":"https:\/\/imrovietnam.com\/?s={search_term_string}"},"query-input":{"@type":"PropertyValueSpecification","valueRequired":true,"valueName":"search_term_string"}}],"inLanguage":"en-US"}]}},"_links":{"self":[{"href":"https:\/\/imrovietnam.com\/en\/wp-json\/wp\/v2\/product\/2187","targetHints":{"allow":["GET"]}}],"collection":[{"href":"https:\/\/imrovietnam.com\/en\/wp-json\/wp\/v2\/product"}],"about":[{"href":"https:\/\/imrovietnam.com\/en\/wp-json\/wp\/v2\/types\/product"}],"replies":[{"embeddable":true,"href":"https:\/\/imrovietnam.com\/en\/wp-json\/wp\/v2\/comments?post=2187"}],"wp:featuredmedia":[{"embeddable":true,"href":"https:\/\/imrovietnam.com\/en\/wp-json\/wp\/v2\/media\/2188"}],"wp:attachment":[{"href":"https:\/\/imrovietnam.com\/en\/wp-json\/wp\/v2\/media?parent=2187"}],"wp:term":[{"taxonomy":"product_brand","embeddable":true,"href":"https:\/\/imrovietnam.com\/en\/wp-json\/wp\/v2\/product_brand?post=2187"},{"taxonomy":"product_cat","embeddable":true,"href":"https:\/\/imrovietnam.com\/en\/wp-json\/wp\/v2\/product_cat?post=2187"},{"taxonomy":"product_tag","embeddable":true,"href":"https:\/\/imrovietnam.com\/en\/wp-json\/wp\/v2\/product_tag?post=2187"}],"curies":[{"name":"wp","href":"https:\/\/api.w.org\/{rel}","templated":true}]}}