{"id":2179,"date":"2021-08-21T18:04:38","date_gmt":"2021-08-21T11:04:38","guid":{"rendered":"https:\/\/imrovietnam.com\/?post_type=product&#038;p=2179"},"modified":"2021-09-07T16:19:39","modified_gmt":"2021-09-07T09:19:39","slug":"khay-hop-dung-linh-kien-chong-tinh-dien","status":"publish","type":"product","link":"https:\/\/imrovietnam.com\/en\/product\/khay-hop-dung-linh-kien-chong-tinh-dien\/","title":{"rendered":"Khay h\u1ed9p \u0111\u1ef1ng linh ki\u1ec7n ch\u1ed1ng t\u0129nh \u0111i\u1ec7n"},"content":{"rendered":"<p>Th\u00f9ng nh\u1ef1a ESD \u0111\u1ef1ng linh ki\u00ean v\u00e0 Khay M\u00e2m: \u0110\u1ef1ng nh\u1eefng b\u1ea3ng m\u1ea1ch to ( nh\u1ea1y c\u1ea3m) \u0111\u01b0\u1ee3c s\u1ea3n xu\u1ea5t, l\u1eafp r\u00e1p, l\u01b0u tr\u1eef ch\u1ed1ng va \u0111\u1eadp, b\u00e1m b\u1ee5i v\u00e0 c\u1ea7n v\u1eadn chuy\u1ec3n \u0111\u1ebfn n\u01a1i an to\u00e0n v\u00e0 tr\u00e1nh b\u1ecb h\u01b0 h\u1ecfng.ho\u1eb7c c\u00f3 th\u1ec3 l\u00e0m them v\u00e1ch ng\u0103n b\u1eb1ng t\u1ea5m t\u0129nh \u0111i\u1ec7n Danpla \u0111\u1ec3 \u0111\u1ef1ng linh ki\u1ec7n m\u1ed9t c\u00e1ch tuy\u1ec7t \u0111\u1ed1i v\u00e0 an to\u00e0n h\u01a1n.<br \/>\nQu\u00ed Kh\u00e1ch c\u00f3 th\u1ec3 ch\u1ecdn nh\u1eefng th\u00f9ng \u0111\u1ef1ng b\u1ea3ng m\u1ea1ch to c\u00f3 n\u1eafp ho\u1eb7c kh\u00f4ng n\u1eafp :<img loading=\"lazy\" decoding=\"async\" class=\"aligncenter wp-image-2180\" src=\"https:\/\/imrovietnam.com\/wp-content\/uploads\/2021\/08\/khay-dung-linh-kien.jpg\" alt=\"Khay h\u1ed9p \u0111\u1ef1ng linh ki\u1ec7n ch\u1ed1ng t\u0129nh \u0111i\u1ec7n\" width=\"411\" height=\"365\" srcset=\"https:\/\/imrovietnam.com\/wp-content\/uploads\/2021\/08\/khay-dung-linh-kien.jpg 603w, https:\/\/imrovietnam.com\/wp-content\/uploads\/2021\/08\/khay-dung-linh-kien-452x400.jpg 452w, https:\/\/imrovietnam.com\/wp-content\/uploads\/2021\/08\/khay-dung-linh-kien-510x452.jpg 510w\" sizes=\"auto, (max-width: 411px) 100vw, 411px\" \/><img loading=\"lazy\" decoding=\"async\" class=\"aligncenter wp-image-2182\" src=\"https:\/\/imrovietnam.com\/wp-content\/uploads\/2021\/08\/khay-dung-linh-kien1.jpg\" alt=\"S\u1eed d\u1ee5ng khay h\u1ed9p \u0111\u1ef1ng linh ki\u1ec7n ch\u1ed1ng t\u0129nh \u0111i\u1ec7n trong nh\u00e0 m\u00e1y s\u1ea3n xu\u1ea5t\" width=\"672\" height=\"504\" srcset=\"https:\/\/imrovietnam.com\/wp-content\/uploads\/2021\/08\/khay-dung-linh-kien1.jpg 912w, https:\/\/imrovietnam.com\/wp-content\/uploads\/2021\/08\/khay-dung-linh-kien1-533x400.jpg 533w, https:\/\/imrovietnam.com\/wp-content\/uploads\/2021\/08\/khay-dung-linh-kien1-768x576.jpg 768w, https:\/\/imrovietnam.com\/wp-content\/uploads\/2021\/08\/khay-dung-linh-kien1-510x383.jpg 510w\" sizes=\"auto, (max-width: 672px) 100vw, 672px\" \/><\/p>\n<p>1. Khay \u0111\u1ef1ng d\u1ee5ng c\u1ee5 ch\u1ed1ng t\u0129nh \u0111i\u1ec7n n\u00f3 gi\u1ea3i ph\u00f3ng hi\u1ec7u qu\u1ea3 \u0111i\u1ec7n t\u00edch t\u0129nh t\u00edch l\u0169y tr\u00ean b\u1ec1 m\u1eb7t v\u1eadt th\u1ec3, do \u0111\u00f3 n\u00f3 s\u1ebd kh\u00f4ng t\u1ea1o ra s\u1ef1 t\u00edch l\u0169y \u0111i\u1ec7n t\u00edch v\u00e0 hi\u1ec7u \u0111i\u1ec7n th\u1ebf cao, n\u00f3 c\u00f3 nhi\u1ec1u \u01b0u \u0111i\u1ec3m nh\u01b0 \u0111\u1ed9 b\u1ec1n v\u00e0 ch\u1ed1ng m\u00e0i m\u00f2n, ch\u1ed1ng \u1ea9m v\u00e0 ch\u1ed1ng \u0103n m\u00f2n, c\u00e1ch nhi\u1ec7t v\u00e0 ch\u1ed1ng s\u1ed1c v\u00e0 \u0111\u1ed9 b\u1ec1n.<br \/>\n2.C\u00f3 th\u1ec3 l\u00e0m gi\u1ea3m \u0111\u00e1ng k\u1ec3 t\u1ef7 l\u1ec7 thi\u1ec7t h\u1ea1i c\u1ee7a c\u00e1c s\u1ea3n ph\u1ea9m \u0111i\u1ec7n t\u1eed trong qu\u00e1 tr\u00ecnh s\u1ea3n xu\u1ea5t, gi\u1ea3m chi ph\u00ed v\u00e0 c\u1ea3i thi\u1ec7n ch\u1ea5t l\u01b0\u1ee3ng v\u00e0 l\u1ee3i nhu\u1eadn c\u1ee7a s\u1ea3n ph\u1ea9m;<br \/>\n3.. M\u1ee5c \u0111\u00edch ch\u00ednh: Lo\u1ea1i b\u1ecf t\u0129nh \u0111i\u1ec7n, v\u00e0 \u0111\u01b0\u1ee3c s\u1eed d\u1ee5ng r\u1ed9ng r\u00e3i trong vi\u1ec7c \u0111\u00f3ng g\u00f3i, l\u01b0u tr\u1eef v\u00e0 v\u1eadn chuy\u1ec3n c\u00e1c thi\u1ebft b\u1ecb \u0111i\u1ec7n t\u1eed v\u00e0 quy tr\u00ecnh s\u1ea3n xu\u1ea5t s\u1ea3n ph\u1ea9m.<br \/>\n4. Ch\u1ea5t li\u1ec7u : Nh\u1ef1a PP nh\u1eb9 , nh\u1ecf g\u1ecdn , c\u00f3 th\u1ec3 x\u1ebfp ch\u1ed3ng l\u00ean nhau . ti\u1ebft ki\u1ec7m kh\u00f4ng gian trong khu v\u1eadt s\u1ea3n xu\u1ea5t.<br \/>\n5. C\u00f3 th\u1ec3 in l\u1ee5a logo ho\u1eb7c d\u00e1n tem l\u00ean b\u1ec1 m\u1eb7t s\u1ea3n ph\u1ea9m kh\u00f4ng s\u1ee3 b\u1ecb bong tr\u00f3c.<br \/>\n6. Nh\u1ef1a nguy\u00ean sinh th\u00e2n thi\u1ec7n v\u1edbi m\u00f4i tr\u01b0\u1eddng , kh\u00f4ng m\u00f9i , kh\u00f4ng \u0111\u1ed9c h\u1ea1i.<\/p>\n","protected":false},"excerpt":{"rendered":"<p>&#8211; Ch\u1ea5t li\u1ec7u: PP<br \/>\n&#8211; K\u00edch th\u01b0\u1edbc: Nhi\u1ec1u lo\u1ea1i<br \/>\n&#8211; M\u00e0u s\u1eafc: \u0110en \/ Xanh \/ \u0110\u1ecf<br \/>\n&#8211; Ch\u1ee9c n\u0103ng: \u0110\u1ef1ng linh ki\u1ec7n \u0111i\u1ec7n t\u1eed<br \/>\n&#8211; \u1ee8ng d\u1ee5ng: C\u00f4ng nghi\u1ec7p<br \/>\n&#8211; Th\u1eddi gian: T\u00f9y v\u00e0o \u0111\u01a1n h\u00e0ng<\/p>\n","protected":false},"featured_media":2180,"comment_status":"open","ping_status":"closed","template":"","meta":[],"product_brand":[],"product_cat":[38,104],"product_tag":[314,307,305,219,347,325,346,303],"class_list":{"0":"post-2179","1":"product","2":"type-product","3":"status-publish","4":"has-post-thumbnail","6":"product_cat-uncategorized","7":"product_cat-thiet-bi-phong-sach","8":"product_tag-ban-dan","9":"product_tag-dien-tu","10":"product_tag-esd","11":"product_tag-khay-hop-dung-linh-kien-chong-tinh-dien","12":"product_tag-khay-nhua","13":"product_tag-nha-may","14":"product_tag-san-xuat","15":"product_tag-tinh-dien","17":"first","18":"instock","19":"shipping-taxable","20":"product-type-simple"},"yoast_head":"<!-- This site is optimized with the Yoast SEO Premium plugin v25.0 (Yoast SEO v25.2) - https:\/\/yoast.com\/wordpress\/plugins\/seo\/ -->\n<title>Khay h\u1ed9p \u0111\u1ef1ng linh ki\u1ec7n ch\u1ed1ng t\u0129nh \u0111i\u1ec7n - IMRO Vietnam<\/title>\n<meta name=\"robots\" content=\"index, follow, max-snippet:-1, max-image-preview:large, max-video-preview:-1\" \/>\n<link rel=\"canonical\" href=\"https:\/\/imrovietnam.com\/en\/product\/khay-hop-dung-linh-kien-chong-tinh-dien\/\" \/>\n<meta property=\"og:locale\" content=\"en_US\" \/>\n<meta property=\"og:type\" content=\"article\" \/>\n<meta property=\"og:title\" content=\"Khay h\u1ed9p \u0111\u1ef1ng linh ki\u1ec7n ch\u1ed1ng t\u0129nh \u0111i\u1ec7n\" \/>\n<meta property=\"og:description\" content=\"- Ch\u1ea5t li\u1ec7u: PP - K\u00edch th\u01b0\u1edbc: Nhi\u1ec1u lo\u1ea1i - M\u00e0u s\u1eafc: \u0110en \/ Xanh \/ \u0110\u1ecf - Ch\u1ee9c n\u0103ng: \u0110\u1ef1ng linh ki\u1ec7n \u0111i\u1ec7n t\u1eed - \u1ee8ng d\u1ee5ng: C\u00f4ng nghi\u1ec7p - Th\u1eddi gian: T\u00f9y v\u00e0o \u0111\u01a1n h\u00e0ng\" \/>\n<meta property=\"og:url\" content=\"https:\/\/imrovietnam.com\/en\/product\/khay-hop-dung-linh-kien-chong-tinh-dien\/\" \/>\n<meta property=\"og:site_name\" content=\"IMRO Vietnam\" \/>\n<meta property=\"article:modified_time\" content=\"2021-09-07T09:19:39+00:00\" \/>\n<meta property=\"og:image\" content=\"https:\/\/imrovietnam.com\/wp-content\/uploads\/2021\/08\/khay-dung-linh-kien.jpg\" \/>\n\t<meta property=\"og:image:width\" content=\"603\" \/>\n\t<meta property=\"og:image:height\" content=\"534\" \/>\n\t<meta property=\"og:image:type\" content=\"image\/jpeg\" \/>\n<meta name=\"twitter:card\" content=\"summary_large_image\" \/>\n<meta name=\"twitter:label1\" content=\"Est. reading time\" \/>\n\t<meta name=\"twitter:data1\" content=\"2 minutes\" \/>\n<script type=\"application\/ld+json\" class=\"yoast-schema-graph\">{\"@context\":\"https:\/\/schema.org\",\"@graph\":[{\"@type\":\"WebPage\",\"@id\":\"https:\/\/imrovietnam.com\/en\/product\/khay-hop-dung-linh-kien-chong-tinh-dien\/\",\"url\":\"https:\/\/imrovietnam.com\/en\/product\/khay-hop-dung-linh-kien-chong-tinh-dien\/\",\"name\":\"Khay h\u1ed9p \u0111\u1ef1ng linh ki\u1ec7n ch\u1ed1ng t\u0129nh \u0111i\u1ec7n - IMRO Vietnam\",\"isPartOf\":{\"@id\":\"https:\/\/imrovietnam.com\/#website\"},\"primaryImageOfPage\":{\"@id\":\"https:\/\/imrovietnam.com\/en\/product\/khay-hop-dung-linh-kien-chong-tinh-dien\/#primaryimage\"},\"image\":{\"@id\":\"https:\/\/imrovietnam.com\/en\/product\/khay-hop-dung-linh-kien-chong-tinh-dien\/#primaryimage\"},\"thumbnailUrl\":\"https:\/\/imrovietnam.com\/wp-content\/uploads\/2021\/08\/khay-dung-linh-kien.jpg\",\"datePublished\":\"2021-08-21T11:04:38+00:00\",\"dateModified\":\"2021-09-07T09:19:39+00:00\",\"breadcrumb\":{\"@id\":\"https:\/\/imrovietnam.com\/en\/product\/khay-hop-dung-linh-kien-chong-tinh-dien\/#breadcrumb\"},\"inLanguage\":\"en-US\",\"potentialAction\":[{\"@type\":\"ReadAction\",\"target\":[\"https:\/\/imrovietnam.com\/en\/product\/khay-hop-dung-linh-kien-chong-tinh-dien\/\"]}]},{\"@type\":\"ImageObject\",\"inLanguage\":\"en-US\",\"@id\":\"https:\/\/imrovietnam.com\/en\/product\/khay-hop-dung-linh-kien-chong-tinh-dien\/#primaryimage\",\"url\":\"https:\/\/imrovietnam.com\/wp-content\/uploads\/2021\/08\/khay-dung-linh-kien.jpg\",\"contentUrl\":\"https:\/\/imrovietnam.com\/wp-content\/uploads\/2021\/08\/khay-dung-linh-kien.jpg\",\"width\":603,\"height\":534},{\"@type\":\"BreadcrumbList\",\"@id\":\"https:\/\/imrovietnam.com\/en\/product\/khay-hop-dung-linh-kien-chong-tinh-dien\/#breadcrumb\",\"itemListElement\":[{\"@type\":\"ListItem\",\"position\":1,\"name\":\"Home\",\"item\":\"https:\/\/imrovietnam.com\/\"},{\"@type\":\"ListItem\",\"position\":2,\"name\":\"S\u1ea3n ph\u1ea9m\",\"item\":\"https:\/\/imrovietnam.com\/shop\/\"},{\"@type\":\"ListItem\",\"position\":3,\"name\":\"Khay h\u1ed9p \u0111\u1ef1ng linh ki\u1ec7n ch\u1ed1ng t\u0129nh \u0111i\u1ec7n\"}]},{\"@type\":\"WebSite\",\"@id\":\"https:\/\/imrovietnam.com\/#website\",\"url\":\"https:\/\/imrovietnam.com\/\",\"name\":\"IMRO Vietnam\",\"description\":\"Your consumables and spare parts store\",\"potentialAction\":[{\"@type\":\"SearchAction\",\"target\":{\"@type\":\"EntryPoint\",\"urlTemplate\":\"https:\/\/imrovietnam.com\/?s={search_term_string}\"},\"query-input\":{\"@type\":\"PropertyValueSpecification\",\"valueRequired\":true,\"valueName\":\"search_term_string\"}}],\"inLanguage\":\"en-US\"}]}<\/script>\n<!-- \/ Yoast SEO Premium plugin. -->","yoast_head_json":{"title":"Khay h\u1ed9p \u0111\u1ef1ng linh ki\u1ec7n ch\u1ed1ng t\u0129nh \u0111i\u1ec7n - IMRO Vietnam","robots":{"index":"index","follow":"follow","max-snippet":"max-snippet:-1","max-image-preview":"max-image-preview:large","max-video-preview":"max-video-preview:-1"},"canonical":"https:\/\/imrovietnam.com\/en\/product\/khay-hop-dung-linh-kien-chong-tinh-dien\/","og_locale":"en_US","og_type":"article","og_title":"Khay h\u1ed9p \u0111\u1ef1ng linh ki\u1ec7n ch\u1ed1ng t\u0129nh \u0111i\u1ec7n","og_description":"- Ch\u1ea5t li\u1ec7u: PP - K\u00edch th\u01b0\u1edbc: Nhi\u1ec1u lo\u1ea1i - M\u00e0u s\u1eafc: \u0110en \/ Xanh \/ \u0110\u1ecf - Ch\u1ee9c n\u0103ng: \u0110\u1ef1ng linh ki\u1ec7n \u0111i\u1ec7n t\u1eed - \u1ee8ng d\u1ee5ng: C\u00f4ng nghi\u1ec7p - Th\u1eddi gian: T\u00f9y v\u00e0o \u0111\u01a1n h\u00e0ng","og_url":"https:\/\/imrovietnam.com\/en\/product\/khay-hop-dung-linh-kien-chong-tinh-dien\/","og_site_name":"IMRO Vietnam","article_modified_time":"2021-09-07T09:19:39+00:00","og_image":[{"width":603,"height":534,"url":"https:\/\/imrovietnam.com\/wp-content\/uploads\/2021\/08\/khay-dung-linh-kien.jpg","type":"image\/jpeg"}],"twitter_card":"summary_large_image","twitter_misc":{"Est. reading time":"2 minutes"},"schema":{"@context":"https:\/\/schema.org","@graph":[{"@type":"WebPage","@id":"https:\/\/imrovietnam.com\/en\/product\/khay-hop-dung-linh-kien-chong-tinh-dien\/","url":"https:\/\/imrovietnam.com\/en\/product\/khay-hop-dung-linh-kien-chong-tinh-dien\/","name":"Khay h\u1ed9p \u0111\u1ef1ng linh ki\u1ec7n ch\u1ed1ng t\u0129nh \u0111i\u1ec7n - IMRO Vietnam","isPartOf":{"@id":"https:\/\/imrovietnam.com\/#website"},"primaryImageOfPage":{"@id":"https:\/\/imrovietnam.com\/en\/product\/khay-hop-dung-linh-kien-chong-tinh-dien\/#primaryimage"},"image":{"@id":"https:\/\/imrovietnam.com\/en\/product\/khay-hop-dung-linh-kien-chong-tinh-dien\/#primaryimage"},"thumbnailUrl":"https:\/\/imrovietnam.com\/wp-content\/uploads\/2021\/08\/khay-dung-linh-kien.jpg","datePublished":"2021-08-21T11:04:38+00:00","dateModified":"2021-09-07T09:19:39+00:00","breadcrumb":{"@id":"https:\/\/imrovietnam.com\/en\/product\/khay-hop-dung-linh-kien-chong-tinh-dien\/#breadcrumb"},"inLanguage":"en-US","potentialAction":[{"@type":"ReadAction","target":["https:\/\/imrovietnam.com\/en\/product\/khay-hop-dung-linh-kien-chong-tinh-dien\/"]}]},{"@type":"ImageObject","inLanguage":"en-US","@id":"https:\/\/imrovietnam.com\/en\/product\/khay-hop-dung-linh-kien-chong-tinh-dien\/#primaryimage","url":"https:\/\/imrovietnam.com\/wp-content\/uploads\/2021\/08\/khay-dung-linh-kien.jpg","contentUrl":"https:\/\/imrovietnam.com\/wp-content\/uploads\/2021\/08\/khay-dung-linh-kien.jpg","width":603,"height":534},{"@type":"BreadcrumbList","@id":"https:\/\/imrovietnam.com\/en\/product\/khay-hop-dung-linh-kien-chong-tinh-dien\/#breadcrumb","itemListElement":[{"@type":"ListItem","position":1,"name":"Home","item":"https:\/\/imrovietnam.com\/"},{"@type":"ListItem","position":2,"name":"S\u1ea3n ph\u1ea9m","item":"https:\/\/imrovietnam.com\/shop\/"},{"@type":"ListItem","position":3,"name":"Khay h\u1ed9p \u0111\u1ef1ng linh ki\u1ec7n ch\u1ed1ng t\u0129nh \u0111i\u1ec7n"}]},{"@type":"WebSite","@id":"https:\/\/imrovietnam.com\/#website","url":"https:\/\/imrovietnam.com\/","name":"IMRO Vietnam","description":"Your consumables and spare parts store","potentialAction":[{"@type":"SearchAction","target":{"@type":"EntryPoint","urlTemplate":"https:\/\/imrovietnam.com\/?s={search_term_string}"},"query-input":{"@type":"PropertyValueSpecification","valueRequired":true,"valueName":"search_term_string"}}],"inLanguage":"en-US"}]}},"_links":{"self":[{"href":"https:\/\/imrovietnam.com\/en\/wp-json\/wp\/v2\/product\/2179","targetHints":{"allow":["GET"]}}],"collection":[{"href":"https:\/\/imrovietnam.com\/en\/wp-json\/wp\/v2\/product"}],"about":[{"href":"https:\/\/imrovietnam.com\/en\/wp-json\/wp\/v2\/types\/product"}],"replies":[{"embeddable":true,"href":"https:\/\/imrovietnam.com\/en\/wp-json\/wp\/v2\/comments?post=2179"}],"wp:featuredmedia":[{"embeddable":true,"href":"https:\/\/imrovietnam.com\/en\/wp-json\/wp\/v2\/media\/2180"}],"wp:attachment":[{"href":"https:\/\/imrovietnam.com\/en\/wp-json\/wp\/v2\/media?parent=2179"}],"wp:term":[{"taxonomy":"product_brand","embeddable":true,"href":"https:\/\/imrovietnam.com\/en\/wp-json\/wp\/v2\/product_brand?post=2179"},{"taxonomy":"product_cat","embeddable":true,"href":"https:\/\/imrovietnam.com\/en\/wp-json\/wp\/v2\/product_cat?post=2179"},{"taxonomy":"product_tag","embeddable":true,"href":"https:\/\/imrovietnam.com\/en\/wp-json\/wp\/v2\/product_tag?post=2179"}],"curies":[{"name":"wp","href":"https:\/\/api.w.org\/{rel}","templated":true}]}}