{"id":2174,"date":"2021-08-21T18:00:23","date_gmt":"2021-08-21T11:00:23","guid":{"rendered":"https:\/\/imrovietnam.com\/?post_type=product&#038;p=2174"},"modified":"2021-09-07T16:24:05","modified_gmt":"2021-09-07T09:24:05","slug":"khay-hop-dung-linh-kien-thanh-vat","status":"publish","type":"product","link":"https:\/\/imrovietnam.com\/en\/product\/khay-hop-dung-linh-kien-thanh-vat\/","title":{"rendered":"Khay h\u1ed9p \u0111\u1ee9ng linh ki\u1ec7n th\u00e0nh v\u00e1t"},"content":{"rendered":"IMRO l\u00e0 nh\u00e0 cung c\u1ea5p chuy\u00ean cung c\u1ea5p c\u00e1c s\u1ea3n ph\u1ea9m ESD, s\u1ea3n ph\u1ea9m ph\u00f2ng s\u1ea1ch, v\u00e0 thi\u1ebft b\u1ecb ki\u1ec3m tra ESD \u1edf Vi\u1ec7t Nam . V\u1edbi h\u01a1n 5 n\u0103m kinh nghi\u1ec7m trong ng\u00e0nh c\u00f4ng nghi\u1ec7p \u0111i\u1ec7n t\u1eed, c\u00f4ng ty \u0111ang ph\u1ea5n \u0111\u1ea5u tr\u1edf th\u00e0nh c\u00f4ng ty h\u00e0ng \u0111\u1ea7u v\u1ec1 c\u00e1c s\u1ea3n ph\u1ea9m m\u1edbi ngh\u00e0nh \u0111i\u1ec7n t\u1eed, c\u00f4ng ngh\u1ec7, v\u2026v\u2026<\/p>\n<p>Nhi\u1ec7m v\u1ee5 c\u1ee7a ch\u00fang t\u00f4i l\u00e0 tr\u1edf th\u00e0nh nh\u00e0 cung c\u1ea5p t\u1ed1t nh\u1ea5t c\u00e1c s\u1ea3n ph\u1ea9m v\u00e0 d\u1ecbch v\u1ee5 ch\u1ea5t l\u01b0\u1ee3ng trong ng\u00e0nh c\u00f4ng nghi\u1ec7p ESD. Ch\u00fang t\u00f4i cam k\u1ebft cung c\u1ea5p c\u00e1c s\u1ea3n ph\u1ea9m ch\u1ea5t l\u01b0\u1ee3ng v\u00e0 lu\u00f4n \u0111\u1ed5i m\u1edbi s\u1ea3n ph\u1ea9m \u0111\u1ec3 \u0111\u00e1p \u1ee9ng k\u1ecbp th\u1eddi nhu c\u1ea7u c\u1ee7a kh\u00e1ch h\u00e0ng. Ch\u1ea5t l\u01b0\u1ee3ng l\u00e0 tr\u00e1ch nhi\u1ec7m c\u1ee7a m\u1ed7i nh\u00e2n vi\u00ean c\u00f4ng ty ch\u00fang t\u00f4i<\/p>\n<p><img loading=\"lazy\" decoding=\"async\" class=\"aligncenter wp-image-2175\" style=\"color: #555555;\" src=\"https:\/\/imrovietnam.com\/wp-content\/uploads\/2021\/08\/Hop-dung-linh-kien.jpg\" alt=\"Khay h\u1ed9p \u0111\u1ee9ng linh ki\u1ec7n th\u00e0nh v\u00e1t\" width=\"516\" height=\"451\" srcset=\"https:\/\/imrovietnam.com\/wp-content\/uploads\/2021\/08\/Hop-dung-linh-kien.jpg 609w, https:\/\/imrovietnam.com\/wp-content\/uploads\/2021\/08\/Hop-dung-linh-kien-458x400.jpg 458w, https:\/\/imrovietnam.com\/wp-content\/uploads\/2021\/08\/Hop-dung-linh-kien-510x446.jpg 510w\" sizes=\"auto, (max-width: 516px) 100vw, 516px\" \/><\/p>\n<p>&nbsp;<\/p>\n<p>&#8211; Khay ch\u1ed1ng t\u0129nh \u0111i\u1ec7n l\u00e0 m\u1ed9t trong nh\u1eefng lo\u1ea1i khay ph\u1ed5 bi\u1ebfn v\u00e0 th\u00f4ng d\u1ee5ng nh\u1ea5t trong ng\u00e0nh \u0111i\u1ec7n t\u1eed v\u00e0 ph\u00f2ng s\u1ea1ch ch\u1ed1ng t\u0129nh \u0111i\u1ec7n.<\/p>\n<p>&#8211; C\u00f3 nhi\u1ec1u m\u1eabu m\u00e3 h\u00ecnh d\u00e1ng , c\u00f3 th\u1ec3 \u0111\u00e1p \u1ee9ng m\u1ecdi nhu c\u1ea7u , ph\u1ee5c v\u1ee5 trong s\u1ea3n xu\u1ea5t , l\u1eafp r\u00e1p linh ki\u1ec7n v\u00e0 PCB<\/p>\n<p>&#8211; \u0110\u1ed9 t\u0129nh \u0111i\u1ec7n : 10^4 \u0111\u1ebfn 10^6 ho\u1eb7c 10^6 \u0111\u1ebfn 10^9. \u0110\u1ea1t Chu\u1ea9n ESD. T\u00f9y \u1ee9ng d\u1ee5ng c\u1ee7a t\u1eebng lo\u1ea1i linh ki\u1ec7n v\u00e0 PCB.<\/p>\n<p>Khay \u0111\u1ef1ng d\u1ee5ng c\u1ee5 ch\u1ed1ng t\u0129nh \u0111i\u1ec7n : \u0110\u1ef1ng nh\u01b0ng linh ki\u1ec7n v\u00e0 ph\u1ee5 t\u00f9ng h\u1ecf ph\u1ee5c v\u1ee5 cho vi\u1ec7c l\u1eafp r\u00e1p v\u00e0 ph\u00e2n lo\u1ea1i d\u1ec5 d\u00e0ng h\u01a1n","protected":false},"excerpt":{"rendered":"<p>&#8211; Ch\u1ea5t li\u1ec7u: PP<br \/>\n&#8211; K\u00edch th\u01b0\u1edbc: 5 K\u00edch th\u01b0\u1edbc<br \/>\n&#8211; M\u00e0u s\u1eafc: \u0110en, xanh, \u0111\u1ecf<br \/>\n&#8211; Ch\u1ee9c n\u0103ng: \u0110\u1ef1ng linh ki\u1ec7n \u0111i\u1ec7n t\u1eed<br \/>\n&#8211; \u1ee8ng d\u1ee5ng: C\u00f4ng nghi\u1ec7p \u0111i\u1ec7n t\u1eed<br \/>\n&#8211; Th\u1eddi gian: T\u00f9y v\u00e0o \u0111\u01a1n h\u00e0ng<\/p>\n","protected":false},"featured_media":2175,"comment_status":"open","ping_status":"closed","template":"","meta":[],"product_brand":[],"product_cat":[104],"product_tag":[307,305,348,218,343,325,346],"class_list":{"0":"post-2174","1":"product","2":"type-product","3":"status-publish","4":"has-post-thumbnail","6":"product_cat-thiet-bi-phong-sach","7":"product_tag-dien-tu","8":"product_tag-esd","9":"product_tag-hop-dung","10":"product_tag-khay-hop-dung-linh-kien-thanh-vat","11":"product_tag-linh-kien","12":"product_tag-nha-may","13":"product_tag-san-xuat","15":"first","16":"instock","17":"shipping-taxable","18":"product-type-simple"},"yoast_head":"<!-- This site is optimized with the Yoast SEO Premium plugin v25.0 (Yoast SEO v25.2) - https:\/\/yoast.com\/wordpress\/plugins\/seo\/ -->\n<title>Khay h\u1ed9p \u0111\u1ee9ng linh ki\u1ec7n th\u00e0nh v\u00e1t - IMRO Vietnam<\/title>\n<meta name=\"robots\" content=\"index, follow, max-snippet:-1, max-image-preview:large, max-video-preview:-1\" \/>\n<link rel=\"canonical\" href=\"https:\/\/imrovietnam.com\/en\/product\/khay-hop-dung-linh-kien-thanh-vat\/\" \/>\n<meta property=\"og:locale\" content=\"en_US\" \/>\n<meta property=\"og:type\" content=\"article\" \/>\n<meta property=\"og:title\" content=\"Khay h\u1ed9p \u0111\u1ee9ng linh ki\u1ec7n th\u00e0nh v\u00e1t\" \/>\n<meta property=\"og:description\" content=\"- Ch\u1ea5t li\u1ec7u: PP - K\u00edch th\u01b0\u1edbc: 5 K\u00edch th\u01b0\u1edbc - M\u00e0u s\u1eafc: \u0110en, xanh, \u0111\u1ecf - Ch\u1ee9c n\u0103ng: \u0110\u1ef1ng linh ki\u1ec7n \u0111i\u1ec7n t\u1eed - \u1ee8ng d\u1ee5ng: C\u00f4ng nghi\u1ec7p \u0111i\u1ec7n t\u1eed - Th\u1eddi gian: T\u00f9y v\u00e0o \u0111\u01a1n h\u00e0ng\" \/>\n<meta property=\"og:url\" content=\"https:\/\/imrovietnam.com\/en\/product\/khay-hop-dung-linh-kien-thanh-vat\/\" \/>\n<meta property=\"og:site_name\" content=\"IMRO Vietnam\" \/>\n<meta property=\"article:modified_time\" content=\"2021-09-07T09:24:05+00:00\" \/>\n<meta property=\"og:image\" content=\"https:\/\/imrovietnam.com\/wp-content\/uploads\/2021\/08\/Hop-dung-linh-kien.jpg\" \/>\n\t<meta property=\"og:image:width\" content=\"609\" \/>\n\t<meta property=\"og:image:height\" content=\"532\" \/>\n\t<meta property=\"og:image:type\" content=\"image\/jpeg\" \/>\n<meta name=\"twitter:card\" content=\"summary_large_image\" \/>\n<meta name=\"twitter:label1\" content=\"Est. reading time\" \/>\n\t<meta name=\"twitter:data1\" content=\"4 minutes\" \/>\n<script type=\"application\/ld+json\" class=\"yoast-schema-graph\">{\"@context\":\"https:\/\/schema.org\",\"@graph\":[{\"@type\":\"WebPage\",\"@id\":\"https:\/\/imrovietnam.com\/en\/product\/khay-hop-dung-linh-kien-thanh-vat\/\",\"url\":\"https:\/\/imrovietnam.com\/en\/product\/khay-hop-dung-linh-kien-thanh-vat\/\",\"name\":\"Khay h\u1ed9p \u0111\u1ee9ng linh ki\u1ec7n th\u00e0nh v\u00e1t - IMRO Vietnam\",\"isPartOf\":{\"@id\":\"https:\/\/imrovietnam.com\/#website\"},\"primaryImageOfPage\":{\"@id\":\"https:\/\/imrovietnam.com\/en\/product\/khay-hop-dung-linh-kien-thanh-vat\/#primaryimage\"},\"image\":{\"@id\":\"https:\/\/imrovietnam.com\/en\/product\/khay-hop-dung-linh-kien-thanh-vat\/#primaryimage\"},\"thumbnailUrl\":\"https:\/\/imrovietnam.com\/wp-content\/uploads\/2021\/08\/Hop-dung-linh-kien.jpg\",\"datePublished\":\"2021-08-21T11:00:23+00:00\",\"dateModified\":\"2021-09-07T09:24:05+00:00\",\"breadcrumb\":{\"@id\":\"https:\/\/imrovietnam.com\/en\/product\/khay-hop-dung-linh-kien-thanh-vat\/#breadcrumb\"},\"inLanguage\":\"en-US\",\"potentialAction\":[{\"@type\":\"ReadAction\",\"target\":[\"https:\/\/imrovietnam.com\/en\/product\/khay-hop-dung-linh-kien-thanh-vat\/\"]}]},{\"@type\":\"ImageObject\",\"inLanguage\":\"en-US\",\"@id\":\"https:\/\/imrovietnam.com\/en\/product\/khay-hop-dung-linh-kien-thanh-vat\/#primaryimage\",\"url\":\"https:\/\/imrovietnam.com\/wp-content\/uploads\/2021\/08\/Hop-dung-linh-kien.jpg\",\"contentUrl\":\"https:\/\/imrovietnam.com\/wp-content\/uploads\/2021\/08\/Hop-dung-linh-kien.jpg\",\"width\":609,\"height\":532},{\"@type\":\"BreadcrumbList\",\"@id\":\"https:\/\/imrovietnam.com\/en\/product\/khay-hop-dung-linh-kien-thanh-vat\/#breadcrumb\",\"itemListElement\":[{\"@type\":\"ListItem\",\"position\":1,\"name\":\"Home\",\"item\":\"https:\/\/imrovietnam.com\/\"},{\"@type\":\"ListItem\",\"position\":2,\"name\":\"S\u1ea3n ph\u1ea9m\",\"item\":\"https:\/\/imrovietnam.com\/shop\/\"},{\"@type\":\"ListItem\",\"position\":3,\"name\":\"Khay h\u1ed9p \u0111\u1ee9ng linh ki\u1ec7n th\u00e0nh v\u00e1t\"}]},{\"@type\":\"WebSite\",\"@id\":\"https:\/\/imrovietnam.com\/#website\",\"url\":\"https:\/\/imrovietnam.com\/\",\"name\":\"IMRO Vietnam\",\"description\":\"Your consumables and spare parts store\",\"potentialAction\":[{\"@type\":\"SearchAction\",\"target\":{\"@type\":\"EntryPoint\",\"urlTemplate\":\"https:\/\/imrovietnam.com\/?s={search_term_string}\"},\"query-input\":{\"@type\":\"PropertyValueSpecification\",\"valueRequired\":true,\"valueName\":\"search_term_string\"}}],\"inLanguage\":\"en-US\"}]}<\/script>\n<!-- \/ Yoast SEO Premium plugin. -->","yoast_head_json":{"title":"Khay h\u1ed9p \u0111\u1ee9ng linh ki\u1ec7n th\u00e0nh v\u00e1t - IMRO Vietnam","robots":{"index":"index","follow":"follow","max-snippet":"max-snippet:-1","max-image-preview":"max-image-preview:large","max-video-preview":"max-video-preview:-1"},"canonical":"https:\/\/imrovietnam.com\/en\/product\/khay-hop-dung-linh-kien-thanh-vat\/","og_locale":"en_US","og_type":"article","og_title":"Khay h\u1ed9p \u0111\u1ee9ng linh ki\u1ec7n th\u00e0nh v\u00e1t","og_description":"- Ch\u1ea5t li\u1ec7u: PP - K\u00edch th\u01b0\u1edbc: 5 K\u00edch th\u01b0\u1edbc - M\u00e0u s\u1eafc: \u0110en, xanh, \u0111\u1ecf - Ch\u1ee9c n\u0103ng: \u0110\u1ef1ng linh ki\u1ec7n \u0111i\u1ec7n t\u1eed - \u1ee8ng d\u1ee5ng: C\u00f4ng nghi\u1ec7p \u0111i\u1ec7n t\u1eed - Th\u1eddi gian: T\u00f9y v\u00e0o \u0111\u01a1n h\u00e0ng","og_url":"https:\/\/imrovietnam.com\/en\/product\/khay-hop-dung-linh-kien-thanh-vat\/","og_site_name":"IMRO Vietnam","article_modified_time":"2021-09-07T09:24:05+00:00","og_image":[{"width":609,"height":532,"url":"https:\/\/imrovietnam.com\/wp-content\/uploads\/2021\/08\/Hop-dung-linh-kien.jpg","type":"image\/jpeg"}],"twitter_card":"summary_large_image","twitter_misc":{"Est. reading time":"4 minutes"},"schema":{"@context":"https:\/\/schema.org","@graph":[{"@type":"WebPage","@id":"https:\/\/imrovietnam.com\/en\/product\/khay-hop-dung-linh-kien-thanh-vat\/","url":"https:\/\/imrovietnam.com\/en\/product\/khay-hop-dung-linh-kien-thanh-vat\/","name":"Khay h\u1ed9p \u0111\u1ee9ng linh ki\u1ec7n th\u00e0nh v\u00e1t - IMRO Vietnam","isPartOf":{"@id":"https:\/\/imrovietnam.com\/#website"},"primaryImageOfPage":{"@id":"https:\/\/imrovietnam.com\/en\/product\/khay-hop-dung-linh-kien-thanh-vat\/#primaryimage"},"image":{"@id":"https:\/\/imrovietnam.com\/en\/product\/khay-hop-dung-linh-kien-thanh-vat\/#primaryimage"},"thumbnailUrl":"https:\/\/imrovietnam.com\/wp-content\/uploads\/2021\/08\/Hop-dung-linh-kien.jpg","datePublished":"2021-08-21T11:00:23+00:00","dateModified":"2021-09-07T09:24:05+00:00","breadcrumb":{"@id":"https:\/\/imrovietnam.com\/en\/product\/khay-hop-dung-linh-kien-thanh-vat\/#breadcrumb"},"inLanguage":"en-US","potentialAction":[{"@type":"ReadAction","target":["https:\/\/imrovietnam.com\/en\/product\/khay-hop-dung-linh-kien-thanh-vat\/"]}]},{"@type":"ImageObject","inLanguage":"en-US","@id":"https:\/\/imrovietnam.com\/en\/product\/khay-hop-dung-linh-kien-thanh-vat\/#primaryimage","url":"https:\/\/imrovietnam.com\/wp-content\/uploads\/2021\/08\/Hop-dung-linh-kien.jpg","contentUrl":"https:\/\/imrovietnam.com\/wp-content\/uploads\/2021\/08\/Hop-dung-linh-kien.jpg","width":609,"height":532},{"@type":"BreadcrumbList","@id":"https:\/\/imrovietnam.com\/en\/product\/khay-hop-dung-linh-kien-thanh-vat\/#breadcrumb","itemListElement":[{"@type":"ListItem","position":1,"name":"Home","item":"https:\/\/imrovietnam.com\/"},{"@type":"ListItem","position":2,"name":"S\u1ea3n ph\u1ea9m","item":"https:\/\/imrovietnam.com\/shop\/"},{"@type":"ListItem","position":3,"name":"Khay h\u1ed9p \u0111\u1ee9ng linh ki\u1ec7n th\u00e0nh v\u00e1t"}]},{"@type":"WebSite","@id":"https:\/\/imrovietnam.com\/#website","url":"https:\/\/imrovietnam.com\/","name":"IMRO Vietnam","description":"Your consumables and spare parts store","potentialAction":[{"@type":"SearchAction","target":{"@type":"EntryPoint","urlTemplate":"https:\/\/imrovietnam.com\/?s={search_term_string}"},"query-input":{"@type":"PropertyValueSpecification","valueRequired":true,"valueName":"search_term_string"}}],"inLanguage":"en-US"}]}},"_links":{"self":[{"href":"https:\/\/imrovietnam.com\/en\/wp-json\/wp\/v2\/product\/2174","targetHints":{"allow":["GET"]}}],"collection":[{"href":"https:\/\/imrovietnam.com\/en\/wp-json\/wp\/v2\/product"}],"about":[{"href":"https:\/\/imrovietnam.com\/en\/wp-json\/wp\/v2\/types\/product"}],"replies":[{"embeddable":true,"href":"https:\/\/imrovietnam.com\/en\/wp-json\/wp\/v2\/comments?post=2174"}],"wp:featuredmedia":[{"embeddable":true,"href":"https:\/\/imrovietnam.com\/en\/wp-json\/wp\/v2\/media\/2175"}],"wp:attachment":[{"href":"https:\/\/imrovietnam.com\/en\/wp-json\/wp\/v2\/media?parent=2174"}],"wp:term":[{"taxonomy":"product_brand","embeddable":true,"href":"https:\/\/imrovietnam.com\/en\/wp-json\/wp\/v2\/product_brand?post=2174"},{"taxonomy":"product_cat","embeddable":true,"href":"https:\/\/imrovietnam.com\/en\/wp-json\/wp\/v2\/product_cat?post=2174"},{"taxonomy":"product_tag","embeddable":true,"href":"https:\/\/imrovietnam.com\/en\/wp-json\/wp\/v2\/product_tag?post=2174"}],"curies":[{"name":"wp","href":"https:\/\/api.w.org\/{rel}","templated":true}]}}