{"id":2171,"date":"2021-08-21T17:57:29","date_gmt":"2021-08-21T10:57:29","guid":{"rendered":"https:\/\/imrovietnam.com\/?post_type=product&#038;p=2171"},"modified":"2021-09-07T17:03:55","modified_gmt":"2021-09-07T10:03:55","slug":"tui-chong-tinh-dien-esd","status":"publish","type":"product","link":"https:\/\/imrovietnam.com\/en\/product\/tui-chong-tinh-dien-esd\/","title":{"rendered":"T\u00fai ch\u1ed1ng t\u0129nh \u0111i\u1ec7n ESD"},"content":{"rendered":"\u0110\u1ed9 b\u1ec1n cao, d\u1ebbo dai, ch\u1ecbu l\u1ef1c t\u1ed1t.<br \/>\n\u0110\u01b0\u1ee3c ch\u1ebf t\u1ea1o t\u1eeb nh\u1eefng v\u1eadt li\u1ec7u kh\u00f4ng \u0111\u1ed9c h\u1ea1i n\u00ean an to\u00e0n khi s\u1eed d\u1ee5ng.<br \/>\nH\u00ecnh d\u00e1ng nh\u1ecf g\u1ecdn, d\u1ec5 s\u1eed d\u1ee5ng.<br \/>\nTh\u00edch h\u1ee3p v\u1edbi nhi\u1ec1u lo\u1ea1i h\u00e0ng.<br \/>\n\u0110\u1ed9 d\u00e0y ti\u00eau chu\u1ea9n: 3.1mil (~0.07936 mm)<br \/>\nM\u00e0u s\u1eafc: b\u00e1n trong su\u1ed1t.<br \/>\n<img loading=\"lazy\" decoding=\"async\" class=\"alignnone size-full wp-image-2172\" src=\"https:\/\/imrovietnam.com\/wp-content\/uploads\/2021\/08\/Tui-ESD.jpg\" alt=\"\" width=\"603\" height=\"524\" srcset=\"https:\/\/imrovietnam.com\/wp-content\/uploads\/2021\/08\/Tui-ESD.jpg 603w, https:\/\/imrovietnam.com\/wp-content\/uploads\/2021\/08\/Tui-ESD-460x400.jpg 460w, https:\/\/imrovietnam.com\/wp-content\/uploads\/2021\/08\/Tui-ESD-510x443.jpg 510w\" sizes=\"auto, (max-width: 603px) 100vw, 603px\" \/><br \/>\nT\u00fai ch\u1ed1ng t\u0129nh \u0111i\u1ec7n ESD l\u00e0 trong nh\u1eefng v\u1eadt t\u01b0 c\u00f4ng nghi\u1ec7p c\u1ea7n thi\u1ebft \u0111\u1ec3 b\u1ea3o v\u1ec7 c\u00e1c linh ki\u1ec7n \u0111i\u1ec7n t\u1eed, c\u00e1c bo m\u1ea1ch hay \u1ed5 c\u1ee9ng trong qu\u00e1 tr\u00ecnh s\u1ea3n xu\u1ea5t v\u00e0 s\u1eed d\u1ee5ng. T\u00fai ESD l\u00e0 gi\u1ea3i ph\u00e1p ho\u00e0n h\u1ea3o trong vi\u1ec7c b\u1ea3o v\u1ec7 c\u00e1c thi\u1ebft b\u1ecb \u0111i\u1ec7n t\u1eed tr\u00e1nh b\u1ecb \u1ea3nh h\u01b0\u1edfng tr\u1ef1c ti\u1ebfp t\u1eeb c\u00e1c t\u00e1c \u0111\u1ed9ng b\u00ean ngo\u00e0i, \u0111em l\u1ea1i ch\u1ea5t l\u01b0\u1ee3ng link ki\u1ec7n t\u1ed1t nh\u1ea5t.<\/p>\n<p>B\u1ea1n \u0111ang c\u1ea7n t\u00fai t\u0129nh \u0111i\u1ec7n ESD nh\u01b0 th\u1ebf n\u00e0o?<\/p>\n<p>B\u1ea3o v\u1ec7 thi\u1ebft b\u1ecb \u0111i\u1ec7n t\u1eed t\u1ed1i \u01b0u nh\u1ea5t.<\/p>\n<p>Gi\u00e1 c\u1ea3 ph\u00f9 h\u1ee3p v\u00e0 ch\u1ea5t l\u01b0\u1ee3ng h\u00e0ng t\u1ed1t nh\u1ea5t.<\/p>\n<p>Nh\u00e0 ph\u00e2n ph\u1ed1i t\u00fai ch\u1ed1ng t\u0129nh \u0111i\u1ec7n uy t\u00edn nhi\u1ec1u n\u0103m, \u0111\u1ea3m b\u1ea3o s\u1ee9c kh\u1ecfe t\u1ed1t cho ng\u01b0\u1eddi s\u1eed d\u1ee5ng.<\/p>\n<p>T\u00fai ch\u1ed1ng t\u0129nh \u0111i\u1ec7n ESD<\/p>\n<p>T\u00fai ch\u1ed1ng t\u0129nh \u0111i\u1ec7n c\u00f4ng nghi\u1ec7p<\/p>\n<p>\u0110\u1ebfn v\u1edbi IMRO l\u00e0 t\u00ecm \u0111\u01b0\u1ee3c t\u00fai ch\u1ed1ng t\u0129nh \u0111i\u1ec7n hi\u1ec7u qu\u1ea3 cao trong vi\u1ec7c b\u1ea3o v\u1ec7 c\u00e1c linh ki\u1ec7n \u0111i\u1ec7n t\u1eed, l\u1ea1i v\u1eeba an to\u00e0n cho s\u1ee9c kh\u1ecfe, th\u00ec s\u1ea3n ph\u1ea9m t\u00fai ch\u1ed1ng t\u0129nh \u0111i\u1ec7n ESD ch\u00ednh l\u00e0 s\u1ef1 l\u1ef1a ch\u1ecdn ho\u00e0n h\u1ea3o cho b\u1ea1n<\/p>\n<p>T\u00fai ch\u1ed1ng t\u0129nh \u0111i\u1ec7n ESD<\/p>\n<p>V\u1eadt li\u1ec7u: t\u00fai ch\u1ed1ng t\u0129nh \u0111i\u1ec7n ESD \u0111\u01b0\u1ee3c ph\u1ee7 m\u1ed9t l\u1edbp b\u1ea3o v\u1ec7 b\u1eb1ng kim lo\u1ea1i b\u00ean trong v\u1edbi \u0111\u1ed9 b\u1ec1n cao, n\u00f3 \u0111\u01b0\u1ee3c c\u1ea5u t\u1ea1o t\u1eeb m\u1ed9t l\u1edbp ch\u1eafn \u0111i\u1ec7n h\u1ee3p kim v\u1edbi m\u1ed9t l\u1edbp b\u1ea3o v\u1ec7 b\u1eb1ng nh\u1ef1a, t\u1ea1o n\u00ean kh\u1ea3 n\u0103ng m\u00e0i m\u00f2n v\u00e0 ch\u1ecbu l\u1ef1c t\u1ed1t.<\/p>\n<p>D\u1ea1ng s\u1ea3n ph\u1ea9m: d\u1ea1ng t\u00fai \u0111\u00f3ng g\u00f3i b\u00e1n t\u1ef1 \u0111\u1ed9ng.<\/p>\n<p>M\u00e0u s\u1eafc: b\u00e1n trong su\u1ed1t.<\/p>\n<p>\u0110\u1ed9 d\u00e0y ti\u00eau chu\u1ea9n: 3.1mil (~0.07936 mm).<\/p>\n<p>C\u00f4ng d\u1ee5ng:<\/p>\n<p>T\u00fai ch\u1ed1ng t\u0129nh \u0111i\u1ec7n ESD l\u00e0 gi\u1ea3i ph\u00e1p ch\u00ednh trong vi\u1ec7c \u0111\u00f3ng g\u00f3i c\u00e1c linh ki\u1ec7n, bo m\u1ea1ch, \u1ed5 c\u1ee9ng v\u00e0 c\u00e1c s\u1ea3n ph\u1ea9m \u0111i\u1ec7n t\u1eed k\u1ef9 thu\u1eadt cao kh\u00e1c \u0111\u1ec3 ch\u1ed1ng t\u0129nh \u0111i\u1ec7n (anti-static)<\/p>\n<p>B\u1ea3o qu\u1ea3n c\u00e1c linh ki\u1ec7n \u0111i\u1ec7n t\u1eed tr\u00e1nh b\u1ecb \u00f4 nhi\u1ec5m t\u1eeb m\u00f4i tr\u01b0\u1eddng.<\/p>\n<p>Ng\u0103n thi\u1ebft b\u1ecb b\u00ean trong ti\u1ebfp x\u00fac v\u1edbi kh\u00f4ng kh\u00ed b\u00ean ngo\u00e0i, ch\u1ed1ng t\u0129nh \u0111i\u1ec7n, ng\u0103n cho thi\u1ebft b\u1ecb kh\u00f4ng b\u1ecb oxy h\u00f3a, ch\u1ed1ng n\u01b0\u1edbc, ch\u1ed1ng \u1ea9m v\u00e0 tia UV.<\/p>\n<p>T\u00ednh n\u0103ng n\u1ed5i b\u1eadt:<\/p>\n<p>\u0110\u1ed9 b\u1ec1n cao, d\u1ebbo dai, ch\u1ecbu l\u1ef1c t\u1ed1t.<\/p>\n<p>\u0110\u01b0\u1ee3c ch\u1ebf t\u1ea1o t\u1eeb nh\u1eefng v\u1eadt li\u1ec7u kh\u00f4ng \u0111\u1ed9c h\u1ea1i n\u00ean an to\u00e0n khi s\u1eed d\u1ee5ng.<\/p>\n<p>H\u00ecnh d\u00e1ng nh\u1ecf g\u1ecdn, d\u1ec5 s\u1eed d\u1ee5ng.<\/p>\n<p>Th\u00edch h\u1ee3p v\u1edbi nhi\u1ec1u lo\u1ea1i h\u00e0ng.<\/p>\n<p>Ngo\u00e0i ra, Ch\u00fang t\u00f4i c\u00f2n cung c\u1ea5p r\u1ea5t nhi\u1ec1u c\u00e1c s\u1ea3n ph\u1ea9m c\u00f4ng nghi\u1ec7p kh\u00e1c nh\u01b0: Thi\u1ebft b\u1ecb ch\u1ed1ng t\u0129nh \u0111i\u1ec7n, thi\u1ebft b\u1ecb ph\u00f2ng s\u1ea1ch, T\u00f4 v\u00edt \u0111i\u1ec7n Kilews, Keo d\u00e1n Loctite&#8230; T\u1ea5t c\u1ea3 c\u00e1c s\u1ea3n ph\u1ea9m \u0111\u1ec1u \u0111\u01b0\u1ee3c nh\u1eadp kh\u1ea9u tr\u1ef1c ti\u1ebfp v\u00e0 ph\u00e2n ph\u1ed1i tr\u00ean to\u00e0n qu\u1ed1c.","protected":false},"excerpt":{"rendered":"<p>\u0110\u1ed9 b\u1ec1n cao, d\u1ebbo dai, ch\u1ecbu l\u1ef1c t\u1ed1t.<br \/>\n\u0110\u01b0\u1ee3c ch\u1ebf t\u1ea1o t\u1eeb nh\u1eefng v\u1eadt li\u1ec7u kh\u00f4ng \u0111\u1ed9c h\u1ea1i n\u00ean an to\u00e0n khi s\u1eed d\u1ee5ng.<br \/>\nH\u00ecnh d\u00e1ng nh\u1ecf g\u1ecdn, d\u1ec5 s\u1eed d\u1ee5ng.<br \/>\nTh\u00edch h\u1ee3p v\u1edbi nhi\u1ec1u lo\u1ea1i h\u00e0ng.<br \/>\n\u0110\u1ed9 d\u00e0y ti\u00eau chu\u1ea9n: 3.1mil (~0.07936 mm)<br \/>\nM\u00e0u s\u1eafc: b\u00e1n trong su\u1ed1t.<\/p>\n","protected":false},"featured_media":2172,"comment_status":"open","ping_status":"closed","template":"","meta":[],"product_brand":[],"product_cat":[104],"product_tag":[307,343,325,303,353,217,352],"class_list":{"0":"post-2171","1":"product","2":"type-product","3":"status-publish","4":"has-post-thumbnail","6":"product_cat-thiet-bi-phong-sach","7":"product_tag-dien-tu","8":"product_tag-linh-kien","9":"product_tag-nha-may","10":"product_tag-tinh-dien","11":"product_tag-tui","12":"product_tag-tui-chong-tinh-dien-esd","13":"product_tag-vat-lieu","15":"first","16":"instock","17":"shipping-taxable","18":"product-type-simple"},"yoast_head":"<!-- This site is optimized with the Yoast SEO Premium plugin v25.0 (Yoast SEO v25.2) - https:\/\/yoast.com\/wordpress\/plugins\/seo\/ -->\n<title>T\u00fai ch\u1ed1ng t\u0129nh \u0111i\u1ec7n ESD - IMRO Vietnam<\/title>\n<meta name=\"robots\" content=\"index, follow, max-snippet:-1, max-image-preview:large, max-video-preview:-1\" \/>\n<link rel=\"canonical\" href=\"https:\/\/imrovietnam.com\/en\/product\/tui-chong-tinh-dien-esd\/\" \/>\n<meta property=\"og:locale\" content=\"en_US\" \/>\n<meta property=\"og:type\" content=\"article\" \/>\n<meta property=\"og:title\" content=\"T\u00fai ch\u1ed1ng t\u0129nh \u0111i\u1ec7n ESD\" \/>\n<meta property=\"og:description\" content=\"\u0110\u1ed9 b\u1ec1n cao, d\u1ebbo dai, ch\u1ecbu l\u1ef1c t\u1ed1t. \u0110\u01b0\u1ee3c ch\u1ebf t\u1ea1o t\u1eeb nh\u1eefng v\u1eadt li\u1ec7u kh\u00f4ng \u0111\u1ed9c h\u1ea1i n\u00ean an to\u00e0n khi s\u1eed d\u1ee5ng. H\u00ecnh d\u00e1ng nh\u1ecf g\u1ecdn, d\u1ec5 s\u1eed d\u1ee5ng. Th\u00edch h\u1ee3p v\u1edbi nhi\u1ec1u lo\u1ea1i h\u00e0ng. \u0110\u1ed9 d\u00e0y ti\u00eau chu\u1ea9n: 3.1mil (~0.07936 mm) M\u00e0u s\u1eafc: b\u00e1n trong su\u1ed1t.\" \/>\n<meta property=\"og:url\" content=\"https:\/\/imrovietnam.com\/en\/product\/tui-chong-tinh-dien-esd\/\" \/>\n<meta property=\"og:site_name\" content=\"IMRO Vietnam\" \/>\n<meta property=\"article:modified_time\" content=\"2021-09-07T10:03:55+00:00\" \/>\n<meta property=\"og:image\" content=\"https:\/\/imrovietnam.com\/wp-content\/uploads\/2021\/08\/Tui-ESD.jpg\" \/>\n\t<meta property=\"og:image:width\" content=\"603\" \/>\n\t<meta property=\"og:image:height\" content=\"524\" \/>\n\t<meta property=\"og:image:type\" content=\"image\/jpeg\" \/>\n<meta name=\"twitter:card\" content=\"summary_large_image\" \/>\n<meta name=\"twitter:label1\" content=\"Est. reading time\" \/>\n\t<meta name=\"twitter:data1\" content=\"7 minutes\" \/>\n<script type=\"application\/ld+json\" class=\"yoast-schema-graph\">{\"@context\":\"https:\/\/schema.org\",\"@graph\":[{\"@type\":\"WebPage\",\"@id\":\"https:\/\/imrovietnam.com\/en\/product\/tui-chong-tinh-dien-esd\/\",\"url\":\"https:\/\/imrovietnam.com\/en\/product\/tui-chong-tinh-dien-esd\/\",\"name\":\"T\u00fai ch\u1ed1ng t\u0129nh \u0111i\u1ec7n ESD - IMRO Vietnam\",\"isPartOf\":{\"@id\":\"https:\/\/imrovietnam.com\/#website\"},\"primaryImageOfPage\":{\"@id\":\"https:\/\/imrovietnam.com\/en\/product\/tui-chong-tinh-dien-esd\/#primaryimage\"},\"image\":{\"@id\":\"https:\/\/imrovietnam.com\/en\/product\/tui-chong-tinh-dien-esd\/#primaryimage\"},\"thumbnailUrl\":\"https:\/\/imrovietnam.com\/wp-content\/uploads\/2021\/08\/Tui-ESD.jpg\",\"datePublished\":\"2021-08-21T10:57:29+00:00\",\"dateModified\":\"2021-09-07T10:03:55+00:00\",\"breadcrumb\":{\"@id\":\"https:\/\/imrovietnam.com\/en\/product\/tui-chong-tinh-dien-esd\/#breadcrumb\"},\"inLanguage\":\"en-US\",\"potentialAction\":[{\"@type\":\"ReadAction\",\"target\":[\"https:\/\/imrovietnam.com\/en\/product\/tui-chong-tinh-dien-esd\/\"]}]},{\"@type\":\"ImageObject\",\"inLanguage\":\"en-US\",\"@id\":\"https:\/\/imrovietnam.com\/en\/product\/tui-chong-tinh-dien-esd\/#primaryimage\",\"url\":\"https:\/\/imrovietnam.com\/wp-content\/uploads\/2021\/08\/Tui-ESD.jpg\",\"contentUrl\":\"https:\/\/imrovietnam.com\/wp-content\/uploads\/2021\/08\/Tui-ESD.jpg\",\"width\":603,\"height\":524},{\"@type\":\"BreadcrumbList\",\"@id\":\"https:\/\/imrovietnam.com\/en\/product\/tui-chong-tinh-dien-esd\/#breadcrumb\",\"itemListElement\":[{\"@type\":\"ListItem\",\"position\":1,\"name\":\"Home\",\"item\":\"https:\/\/imrovietnam.com\/\"},{\"@type\":\"ListItem\",\"position\":2,\"name\":\"S\u1ea3n ph\u1ea9m\",\"item\":\"https:\/\/imrovietnam.com\/shop\/\"},{\"@type\":\"ListItem\",\"position\":3,\"name\":\"T\u00fai ch\u1ed1ng t\u0129nh \u0111i\u1ec7n ESD\"}]},{\"@type\":\"WebSite\",\"@id\":\"https:\/\/imrovietnam.com\/#website\",\"url\":\"https:\/\/imrovietnam.com\/\",\"name\":\"IMRO Vietnam\",\"description\":\"Your consumables and spare parts store\",\"potentialAction\":[{\"@type\":\"SearchAction\",\"target\":{\"@type\":\"EntryPoint\",\"urlTemplate\":\"https:\/\/imrovietnam.com\/?s={search_term_string}\"},\"query-input\":{\"@type\":\"PropertyValueSpecification\",\"valueRequired\":true,\"valueName\":\"search_term_string\"}}],\"inLanguage\":\"en-US\"}]}<\/script>\n<!-- \/ Yoast SEO Premium plugin. -->","yoast_head_json":{"title":"T\u00fai ch\u1ed1ng t\u0129nh \u0111i\u1ec7n ESD - IMRO Vietnam","robots":{"index":"index","follow":"follow","max-snippet":"max-snippet:-1","max-image-preview":"max-image-preview:large","max-video-preview":"max-video-preview:-1"},"canonical":"https:\/\/imrovietnam.com\/en\/product\/tui-chong-tinh-dien-esd\/","og_locale":"en_US","og_type":"article","og_title":"T\u00fai ch\u1ed1ng t\u0129nh \u0111i\u1ec7n ESD","og_description":"\u0110\u1ed9 b\u1ec1n cao, d\u1ebbo dai, ch\u1ecbu l\u1ef1c t\u1ed1t. \u0110\u01b0\u1ee3c ch\u1ebf t\u1ea1o t\u1eeb nh\u1eefng v\u1eadt li\u1ec7u kh\u00f4ng \u0111\u1ed9c h\u1ea1i n\u00ean an to\u00e0n khi s\u1eed d\u1ee5ng. H\u00ecnh d\u00e1ng nh\u1ecf g\u1ecdn, d\u1ec5 s\u1eed d\u1ee5ng. Th\u00edch h\u1ee3p v\u1edbi nhi\u1ec1u lo\u1ea1i h\u00e0ng. \u0110\u1ed9 d\u00e0y ti\u00eau chu\u1ea9n: 3.1mil (~0.07936 mm) M\u00e0u s\u1eafc: b\u00e1n trong su\u1ed1t.","og_url":"https:\/\/imrovietnam.com\/en\/product\/tui-chong-tinh-dien-esd\/","og_site_name":"IMRO Vietnam","article_modified_time":"2021-09-07T10:03:55+00:00","og_image":[{"width":603,"height":524,"url":"https:\/\/imrovietnam.com\/wp-content\/uploads\/2021\/08\/Tui-ESD.jpg","type":"image\/jpeg"}],"twitter_card":"summary_large_image","twitter_misc":{"Est. reading time":"7 minutes"},"schema":{"@context":"https:\/\/schema.org","@graph":[{"@type":"WebPage","@id":"https:\/\/imrovietnam.com\/en\/product\/tui-chong-tinh-dien-esd\/","url":"https:\/\/imrovietnam.com\/en\/product\/tui-chong-tinh-dien-esd\/","name":"T\u00fai ch\u1ed1ng t\u0129nh \u0111i\u1ec7n ESD - IMRO Vietnam","isPartOf":{"@id":"https:\/\/imrovietnam.com\/#website"},"primaryImageOfPage":{"@id":"https:\/\/imrovietnam.com\/en\/product\/tui-chong-tinh-dien-esd\/#primaryimage"},"image":{"@id":"https:\/\/imrovietnam.com\/en\/product\/tui-chong-tinh-dien-esd\/#primaryimage"},"thumbnailUrl":"https:\/\/imrovietnam.com\/wp-content\/uploads\/2021\/08\/Tui-ESD.jpg","datePublished":"2021-08-21T10:57:29+00:00","dateModified":"2021-09-07T10:03:55+00:00","breadcrumb":{"@id":"https:\/\/imrovietnam.com\/en\/product\/tui-chong-tinh-dien-esd\/#breadcrumb"},"inLanguage":"en-US","potentialAction":[{"@type":"ReadAction","target":["https:\/\/imrovietnam.com\/en\/product\/tui-chong-tinh-dien-esd\/"]}]},{"@type":"ImageObject","inLanguage":"en-US","@id":"https:\/\/imrovietnam.com\/en\/product\/tui-chong-tinh-dien-esd\/#primaryimage","url":"https:\/\/imrovietnam.com\/wp-content\/uploads\/2021\/08\/Tui-ESD.jpg","contentUrl":"https:\/\/imrovietnam.com\/wp-content\/uploads\/2021\/08\/Tui-ESD.jpg","width":603,"height":524},{"@type":"BreadcrumbList","@id":"https:\/\/imrovietnam.com\/en\/product\/tui-chong-tinh-dien-esd\/#breadcrumb","itemListElement":[{"@type":"ListItem","position":1,"name":"Home","item":"https:\/\/imrovietnam.com\/"},{"@type":"ListItem","position":2,"name":"S\u1ea3n ph\u1ea9m","item":"https:\/\/imrovietnam.com\/shop\/"},{"@type":"ListItem","position":3,"name":"T\u00fai ch\u1ed1ng t\u0129nh \u0111i\u1ec7n ESD"}]},{"@type":"WebSite","@id":"https:\/\/imrovietnam.com\/#website","url":"https:\/\/imrovietnam.com\/","name":"IMRO Vietnam","description":"Your consumables and spare parts store","potentialAction":[{"@type":"SearchAction","target":{"@type":"EntryPoint","urlTemplate":"https:\/\/imrovietnam.com\/?s={search_term_string}"},"query-input":{"@type":"PropertyValueSpecification","valueRequired":true,"valueName":"search_term_string"}}],"inLanguage":"en-US"}]}},"_links":{"self":[{"href":"https:\/\/imrovietnam.com\/en\/wp-json\/wp\/v2\/product\/2171","targetHints":{"allow":["GET"]}}],"collection":[{"href":"https:\/\/imrovietnam.com\/en\/wp-json\/wp\/v2\/product"}],"about":[{"href":"https:\/\/imrovietnam.com\/en\/wp-json\/wp\/v2\/types\/product"}],"replies":[{"embeddable":true,"href":"https:\/\/imrovietnam.com\/en\/wp-json\/wp\/v2\/comments?post=2171"}],"wp:featuredmedia":[{"embeddable":true,"href":"https:\/\/imrovietnam.com\/en\/wp-json\/wp\/v2\/media\/2172"}],"wp:attachment":[{"href":"https:\/\/imrovietnam.com\/en\/wp-json\/wp\/v2\/media?parent=2171"}],"wp:term":[{"taxonomy":"product_brand","embeddable":true,"href":"https:\/\/imrovietnam.com\/en\/wp-json\/wp\/v2\/product_brand?post=2171"},{"taxonomy":"product_cat","embeddable":true,"href":"https:\/\/imrovietnam.com\/en\/wp-json\/wp\/v2\/product_cat?post=2171"},{"taxonomy":"product_tag","embeddable":true,"href":"https:\/\/imrovietnam.com\/en\/wp-json\/wp\/v2\/product_tag?post=2171"}],"curies":[{"name":"wp","href":"https:\/\/api.w.org\/{rel}","templated":true}]}}