{"id":2164,"date":"2021-08-21T17:44:53","date_gmt":"2021-08-21T10:44:53","guid":{"rendered":"https:\/\/imrovietnam.com\/?post_type=product&#038;p=2164"},"modified":"2021-09-07T15:20:44","modified_gmt":"2021-09-07T08:20:44","slug":"day-tiep-dat-chong-tinh-dien-1-tron-1-kep","status":"publish","type":"product","link":"https:\/\/imrovietnam.com\/en\/product\/day-tiep-dat-chong-tinh-dien-1-tron-1-kep\/","title":{"rendered":"D\u00e2y ti\u1ebfp \u0111\u1ea5t ch\u1ed1ng t\u0129nh \u0111i\u1ec7n 1 tr\u00f2n 1 k\u1eb9p"},"content":{"rendered":"<p>D\u00e2y ti\u1ebfp \u0111\u1ea5t ch\u1ed1ng t\u0129nh \u0111i\u1ec7n th\u01b0\u1eddng \u0111\u01b0\u1ee3c s\u1eed d\u1ee5ng \u0111\u1ec3 l\u00e0m gi\u1ea3m t\u0129nh \u0111i\u1ec7n c\u1ee7a m\u1eb7t b\u00e0n l\u00e0m vi\u1ec7c xu\u1ed1ng m\u1eb7t \u0111\u1ea5t ho\u1eb7c t\u1eeb c\u00e1c thi\u1ebft b\u1ecb \u0111i\u1ec7n t\u1eed v\u1edbi m\u1eb7t s\u00e0n nh\u1eb1m m\u1ee5c \u0111\u00ednh c\u00e2n b\u1eb1ng \u0111i\u1ec7n t\u00edch gi\u1eefa c\u00e1c b\u1ec1 m\u1eb7t trong m\u00f4i tr\u01b0\u1eddng l\u00e0m vi\u1ec7c<\/p>\n<p>C\u1ea5u t\u1ea1o h\u00ecnh th\u00e0nh n\u00ean d\u00e2y ti\u1ebfp \u0111\u1ea5t ch\u1ed1ng t\u0129nh \u0111i\u1ec7n<br \/>\nD\u00e2y ch\u1ed1ng t\u0129nh \u0111i\u1ec7n c\u00f3 3 ph\u1ea7n l\u00e0 \u0111\u1ea7u n\u1ed1i c\u00f3 d\u1ea1ng tr\u00f2n, \u0111\u1ea7u k\u1eb9p v\u00e0 d\u00e2y cao su \u0111\u00e0n h\u1ed3i \u1edf gi\u1eefa gi\u00fap cho vi\u1ec7c keo d\u00e3n \u0111\u01b0\u1ee3c tr\u1edf n\u00ean d\u1ec5 d\u00e0ng h\u01a1n r\u1ea5t nhi\u1ec1u t\u1ea1o \u0111i\u1ec1u ki\u1ec7n t\u1ed1t khi l\u00e0m vi\u1ec7c<\/p>\n<p><img loading=\"lazy\" decoding=\"async\" class=\"aligncenter wp-image-2165 size-full\" style=\"color: #555555;\" src=\"https:\/\/imrovietnam.com\/wp-content\/uploads\/2021\/08\/day-tiep-dat-1.jpg\" alt=\"D\u00e2y ti\u1ebfp \u0111\u1ea5t ch\u1ed1ng t\u0129nh \u0111i\u1ec7n 1 tr\u00f2n 1 k\u1eb9p\" width=\"481\" height=\"426\" srcset=\"https:\/\/imrovietnam.com\/wp-content\/uploads\/2021\/08\/day-tiep-dat-1.jpg 481w, https:\/\/imrovietnam.com\/wp-content\/uploads\/2021\/08\/day-tiep-dat-1-452x400.jpg 452w\" sizes=\"auto, (max-width: 481px) 100vw, 481px\" \/><\/p>\n<p>&nbsp;<\/p>\n<p>\u01afu \u0111i\u1ec3m c\u1ee7a d\u00e2y n\u1ed1i \u0111\u1ea5t ch\u1ed1ng t\u0129nh \u0111i\u1ec7n<br \/>\nC\u00e2n b\u1eb1ng \u0111i\u1ec7n trong m\u00f4i tr\u01b0\u1eddng l\u00e0m vi\u1ec7c, l\u00e0m gi\u1ea3m kh\u1ea3 n\u0103ng truy\u1ec1n t\u0129nh \u0111i\u1ec7n ph\u00f2ng tr\u00e1nh tr\u01b0\u1eddng h\u1ee3p x\u1ea3y ra s\u1ef1 ph\u00f3ng t\u0129nh \u0111i\u1ec7n \u1edf c\u00e1c thi\u1ebft b\u1ecb \u0111i\u1ec7n t\u1eed<br \/>\nS\u1ea3n ph\u1ea9m \u0111\u1ea1t ti\u00eau chu\u1ea9n s\u1ea3n xu\u1ea5t v\u00e0 m\u1ee5c ti\u00eau c\u1ee7a kh\u00e1ch h\u00e0ng<br \/>\nD\u00e2y ti\u1ebfp \u0111\u1ea5t ch\u1ed1ng t\u0129nh \u0111i\u1ec7n th\u01b0\u1eddng \u0111\u01b0\u1ee3c s\u1eed d\u1ee5ng trong c\u00e1c nh\u00e0 m\u00e1y, nh\u00e0 x\u01b0\u1edfng, c\u00e1c khu c\u00f4ng nghi\u1ec7p s\u1ea3n xu\u1ea5t c\u00f4ng ngh\u1ec7, linh ki\u1ec7n \u0111i\u1ec7n t\u1eed, c\u00e1c khu qu\u00e2n s\u1ef1 v\u00e0 s\u1ea3n xu\u1ea5t h\u00f3a ch\u1ea5t<br \/>\nD\u00e2y c\u00f3 \u0111\u1ed9 d\u00e0i ng\u1eafn kh\u00e1c nhau t\u00f9y thu\u1ed9c v\u00e0o m\u1ee5c \u0111\u00edch s\u1eed d\u1ee5ng trong c\u00f4ng vi\u1ec7c, d\u00e2y c\u00f3 k\u00edch th\u01b0\u1edbc ch\u00ednh l\u00e0 1,8m v\u00e0 2,4m..Ngo\u00e0i ra c\u00f4ng ty ch\u00fang t\u00f4i nh\u1eadn \u0111\u1eb7t k\u00edch th\u01b0\u1edbc d\u00e2y theo y\u00eau c\u1ea7u c\u1ee7a kh\u00e1ch h\u00e0ng<\/p>\n<p>C\u00f4ng ty TNHH IMRO l\u00e0 \u0111\u01a1n v\u1ecb chuy\u00ean cung c\u1ea5p v\u00e0 ph\u00e2n ph\u1ed1i c\u00e1c s\u1ea3n ph\u1ea9m ph\u00f2ng s\u1ea1ch. C\u00e1c s\u1ea3n ph\u1ea9m ch\u00fang t\u00f4i b\u00e1n ra tr\u00ean th\u1ecb tr\u01b0\u1eddng xin cam k\u1ebft v\u1edbi ti\u00eau chu\u1ea9n tuy\u1ebft \u0111\u1ed1i v\u1edbi r\u1ea5t nhi\u1ec1u c\u00e1c s\u1ea3n ph\u1ea9m \u0111a d\u1ea1ng, gi\u00e1 th\u00e0nh r\u1ebb..Xin cam k\u1ebft ch\u1ec9 b\u00e1n h\u00e0ng ch\u1ea5t l\u01b0\u1ee3ng, m\u1ecdi s\u1ea3n ph\u1ea9m xu\u1ea5t kho \u0111i \u0111\u1ec1u \u0111\u01b0\u1ee3c ki\u1ec3m tra k\u0129 c\u00e0ng tr\u01b0\u1edbc khi giao \u0111\u1ebfn cho kh\u00e1ch h\u00e0ng.<\/p>\n","protected":false},"excerpt":{"rendered":"<p>&#8211; Lo\u1ea1i: 1 \u0111\u1ea7u tr\u00f2n \/ 1 \u0111\u1ea7u k\u1eb9p<br \/>\n&#8211; K\u00edch th\u01b0\u1edbc: 2,4m<br \/>\n&#8211; \u0110\u01b0\u1eddng k\u00ednh d\u00e2y: 2.4mm<br \/>\n&#8211; Tinh n\u0103ng: D\u00e2y n\u1ed1i ch\u1ed1ng t\u0129nh \u0111i\u1ec7n<\/p>\n","protected":false},"featured_media":2165,"comment_status":"open","ping_status":"closed","template":"","meta":[],"product_brand":[],"product_cat":[104],"product_tag":[339,216,307,305,325,303,340],"class_list":{"0":"post-2164","1":"product","2":"type-product","3":"status-publish","4":"has-post-thumbnail","6":"product_cat-thiet-bi-phong-sach","7":"product_tag-day-kep","8":"product_tag-day-tiep-dat-chong-tinh-dien-1-tron-1-kep","9":"product_tag-dien-tu","10":"product_tag-esd","11":"product_tag-nha-may","12":"product_tag-tinh-dien","13":"product_tag-wrist-band","15":"first","16":"instock","17":"shipping-taxable","18":"product-type-simple"},"yoast_head":"<!-- This site is optimized with the Yoast SEO Premium plugin v25.0 (Yoast SEO v25.2) - https:\/\/yoast.com\/wordpress\/plugins\/seo\/ -->\n<title>D\u00e2y ti\u1ebfp \u0111\u1ea5t ch\u1ed1ng t\u0129nh \u0111i\u1ec7n 1 tr\u00f2n 1 k\u1eb9p - IMRO Vietnam<\/title>\n<meta name=\"robots\" content=\"index, follow, max-snippet:-1, max-image-preview:large, max-video-preview:-1\" \/>\n<link rel=\"canonical\" href=\"https:\/\/imrovietnam.com\/en\/product\/day-tiep-dat-chong-tinh-dien-1-tron-1-kep\/\" \/>\n<meta property=\"og:locale\" content=\"en_US\" \/>\n<meta property=\"og:type\" content=\"article\" \/>\n<meta property=\"og:title\" content=\"D\u00e2y ti\u1ebfp \u0111\u1ea5t ch\u1ed1ng t\u0129nh \u0111i\u1ec7n 1 tr\u00f2n 1 k\u1eb9p\" \/>\n<meta property=\"og:description\" content=\"- Lo\u1ea1i: 1 \u0111\u1ea7u tr\u00f2n \/ 1 \u0111\u1ea7u k\u1eb9p - K\u00edch th\u01b0\u1edbc: 2,4m - \u0110\u01b0\u1eddng k\u00ednh d\u00e2y: 2.4mm - Tinh n\u0103ng: D\u00e2y n\u1ed1i ch\u1ed1ng t\u0129nh \u0111i\u1ec7n\" \/>\n<meta property=\"og:url\" content=\"https:\/\/imrovietnam.com\/en\/product\/day-tiep-dat-chong-tinh-dien-1-tron-1-kep\/\" \/>\n<meta property=\"og:site_name\" content=\"IMRO Vietnam\" \/>\n<meta property=\"article:modified_time\" content=\"2021-09-07T08:20:44+00:00\" \/>\n<meta property=\"og:image\" content=\"https:\/\/imrovietnam.com\/wp-content\/uploads\/2021\/08\/day-tiep-dat-1.jpg\" \/>\n\t<meta property=\"og:image:width\" content=\"481\" \/>\n\t<meta property=\"og:image:height\" content=\"426\" \/>\n\t<meta property=\"og:image:type\" content=\"image\/jpeg\" \/>\n<meta name=\"twitter:card\" content=\"summary_large_image\" \/>\n<meta name=\"twitter:label1\" content=\"Est. reading time\" \/>\n\t<meta name=\"twitter:data1\" content=\"3 minutes\" \/>\n<script type=\"application\/ld+json\" class=\"yoast-schema-graph\">{\"@context\":\"https:\/\/schema.org\",\"@graph\":[{\"@type\":\"WebPage\",\"@id\":\"https:\/\/imrovietnam.com\/en\/product\/day-tiep-dat-chong-tinh-dien-1-tron-1-kep\/\",\"url\":\"https:\/\/imrovietnam.com\/en\/product\/day-tiep-dat-chong-tinh-dien-1-tron-1-kep\/\",\"name\":\"D\u00e2y ti\u1ebfp \u0111\u1ea5t ch\u1ed1ng t\u0129nh \u0111i\u1ec7n 1 tr\u00f2n 1 k\u1eb9p - IMRO Vietnam\",\"isPartOf\":{\"@id\":\"https:\/\/imrovietnam.com\/#website\"},\"primaryImageOfPage\":{\"@id\":\"https:\/\/imrovietnam.com\/en\/product\/day-tiep-dat-chong-tinh-dien-1-tron-1-kep\/#primaryimage\"},\"image\":{\"@id\":\"https:\/\/imrovietnam.com\/en\/product\/day-tiep-dat-chong-tinh-dien-1-tron-1-kep\/#primaryimage\"},\"thumbnailUrl\":\"https:\/\/imrovietnam.com\/wp-content\/uploads\/2021\/08\/day-tiep-dat-1.jpg\",\"datePublished\":\"2021-08-21T10:44:53+00:00\",\"dateModified\":\"2021-09-07T08:20:44+00:00\",\"breadcrumb\":{\"@id\":\"https:\/\/imrovietnam.com\/en\/product\/day-tiep-dat-chong-tinh-dien-1-tron-1-kep\/#breadcrumb\"},\"inLanguage\":\"en-US\",\"potentialAction\":[{\"@type\":\"ReadAction\",\"target\":[\"https:\/\/imrovietnam.com\/en\/product\/day-tiep-dat-chong-tinh-dien-1-tron-1-kep\/\"]}]},{\"@type\":\"ImageObject\",\"inLanguage\":\"en-US\",\"@id\":\"https:\/\/imrovietnam.com\/en\/product\/day-tiep-dat-chong-tinh-dien-1-tron-1-kep\/#primaryimage\",\"url\":\"https:\/\/imrovietnam.com\/wp-content\/uploads\/2021\/08\/day-tiep-dat-1.jpg\",\"contentUrl\":\"https:\/\/imrovietnam.com\/wp-content\/uploads\/2021\/08\/day-tiep-dat-1.jpg\",\"width\":481,\"height\":426},{\"@type\":\"BreadcrumbList\",\"@id\":\"https:\/\/imrovietnam.com\/en\/product\/day-tiep-dat-chong-tinh-dien-1-tron-1-kep\/#breadcrumb\",\"itemListElement\":[{\"@type\":\"ListItem\",\"position\":1,\"name\":\"Home\",\"item\":\"https:\/\/imrovietnam.com\/\"},{\"@type\":\"ListItem\",\"position\":2,\"name\":\"S\u1ea3n ph\u1ea9m\",\"item\":\"https:\/\/imrovietnam.com\/shop\/\"},{\"@type\":\"ListItem\",\"position\":3,\"name\":\"D\u00e2y ti\u1ebfp \u0111\u1ea5t ch\u1ed1ng t\u0129nh \u0111i\u1ec7n 1 tr\u00f2n 1 k\u1eb9p\"}]},{\"@type\":\"WebSite\",\"@id\":\"https:\/\/imrovietnam.com\/#website\",\"url\":\"https:\/\/imrovietnam.com\/\",\"name\":\"IMRO Vietnam\",\"description\":\"Your consumables and spare parts store\",\"potentialAction\":[{\"@type\":\"SearchAction\",\"target\":{\"@type\":\"EntryPoint\",\"urlTemplate\":\"https:\/\/imrovietnam.com\/?s={search_term_string}\"},\"query-input\":{\"@type\":\"PropertyValueSpecification\",\"valueRequired\":true,\"valueName\":\"search_term_string\"}}],\"inLanguage\":\"en-US\"}]}<\/script>\n<!-- \/ Yoast SEO Premium plugin. -->","yoast_head_json":{"title":"D\u00e2y ti\u1ebfp \u0111\u1ea5t ch\u1ed1ng t\u0129nh \u0111i\u1ec7n 1 tr\u00f2n 1 k\u1eb9p - IMRO Vietnam","robots":{"index":"index","follow":"follow","max-snippet":"max-snippet:-1","max-image-preview":"max-image-preview:large","max-video-preview":"max-video-preview:-1"},"canonical":"https:\/\/imrovietnam.com\/en\/product\/day-tiep-dat-chong-tinh-dien-1-tron-1-kep\/","og_locale":"en_US","og_type":"article","og_title":"D\u00e2y ti\u1ebfp \u0111\u1ea5t ch\u1ed1ng t\u0129nh \u0111i\u1ec7n 1 tr\u00f2n 1 k\u1eb9p","og_description":"- Lo\u1ea1i: 1 \u0111\u1ea7u tr\u00f2n \/ 1 \u0111\u1ea7u k\u1eb9p - K\u00edch th\u01b0\u1edbc: 2,4m - \u0110\u01b0\u1eddng k\u00ednh d\u00e2y: 2.4mm - Tinh n\u0103ng: D\u00e2y n\u1ed1i ch\u1ed1ng t\u0129nh \u0111i\u1ec7n","og_url":"https:\/\/imrovietnam.com\/en\/product\/day-tiep-dat-chong-tinh-dien-1-tron-1-kep\/","og_site_name":"IMRO Vietnam","article_modified_time":"2021-09-07T08:20:44+00:00","og_image":[{"width":481,"height":426,"url":"https:\/\/imrovietnam.com\/wp-content\/uploads\/2021\/08\/day-tiep-dat-1.jpg","type":"image\/jpeg"}],"twitter_card":"summary_large_image","twitter_misc":{"Est. reading time":"3 minutes"},"schema":{"@context":"https:\/\/schema.org","@graph":[{"@type":"WebPage","@id":"https:\/\/imrovietnam.com\/en\/product\/day-tiep-dat-chong-tinh-dien-1-tron-1-kep\/","url":"https:\/\/imrovietnam.com\/en\/product\/day-tiep-dat-chong-tinh-dien-1-tron-1-kep\/","name":"D\u00e2y ti\u1ebfp \u0111\u1ea5t ch\u1ed1ng t\u0129nh \u0111i\u1ec7n 1 tr\u00f2n 1 k\u1eb9p - IMRO Vietnam","isPartOf":{"@id":"https:\/\/imrovietnam.com\/#website"},"primaryImageOfPage":{"@id":"https:\/\/imrovietnam.com\/en\/product\/day-tiep-dat-chong-tinh-dien-1-tron-1-kep\/#primaryimage"},"image":{"@id":"https:\/\/imrovietnam.com\/en\/product\/day-tiep-dat-chong-tinh-dien-1-tron-1-kep\/#primaryimage"},"thumbnailUrl":"https:\/\/imrovietnam.com\/wp-content\/uploads\/2021\/08\/day-tiep-dat-1.jpg","datePublished":"2021-08-21T10:44:53+00:00","dateModified":"2021-09-07T08:20:44+00:00","breadcrumb":{"@id":"https:\/\/imrovietnam.com\/en\/product\/day-tiep-dat-chong-tinh-dien-1-tron-1-kep\/#breadcrumb"},"inLanguage":"en-US","potentialAction":[{"@type":"ReadAction","target":["https:\/\/imrovietnam.com\/en\/product\/day-tiep-dat-chong-tinh-dien-1-tron-1-kep\/"]}]},{"@type":"ImageObject","inLanguage":"en-US","@id":"https:\/\/imrovietnam.com\/en\/product\/day-tiep-dat-chong-tinh-dien-1-tron-1-kep\/#primaryimage","url":"https:\/\/imrovietnam.com\/wp-content\/uploads\/2021\/08\/day-tiep-dat-1.jpg","contentUrl":"https:\/\/imrovietnam.com\/wp-content\/uploads\/2021\/08\/day-tiep-dat-1.jpg","width":481,"height":426},{"@type":"BreadcrumbList","@id":"https:\/\/imrovietnam.com\/en\/product\/day-tiep-dat-chong-tinh-dien-1-tron-1-kep\/#breadcrumb","itemListElement":[{"@type":"ListItem","position":1,"name":"Home","item":"https:\/\/imrovietnam.com\/"},{"@type":"ListItem","position":2,"name":"S\u1ea3n ph\u1ea9m","item":"https:\/\/imrovietnam.com\/shop\/"},{"@type":"ListItem","position":3,"name":"D\u00e2y ti\u1ebfp \u0111\u1ea5t ch\u1ed1ng t\u0129nh \u0111i\u1ec7n 1 tr\u00f2n 1 k\u1eb9p"}]},{"@type":"WebSite","@id":"https:\/\/imrovietnam.com\/#website","url":"https:\/\/imrovietnam.com\/","name":"IMRO Vietnam","description":"Your consumables and spare parts store","potentialAction":[{"@type":"SearchAction","target":{"@type":"EntryPoint","urlTemplate":"https:\/\/imrovietnam.com\/?s={search_term_string}"},"query-input":{"@type":"PropertyValueSpecification","valueRequired":true,"valueName":"search_term_string"}}],"inLanguage":"en-US"}]}},"_links":{"self":[{"href":"https:\/\/imrovietnam.com\/en\/wp-json\/wp\/v2\/product\/2164","targetHints":{"allow":["GET"]}}],"collection":[{"href":"https:\/\/imrovietnam.com\/en\/wp-json\/wp\/v2\/product"}],"about":[{"href":"https:\/\/imrovietnam.com\/en\/wp-json\/wp\/v2\/types\/product"}],"replies":[{"embeddable":true,"href":"https:\/\/imrovietnam.com\/en\/wp-json\/wp\/v2\/comments?post=2164"}],"wp:featuredmedia":[{"embeddable":true,"href":"https:\/\/imrovietnam.com\/en\/wp-json\/wp\/v2\/media\/2165"}],"wp:attachment":[{"href":"https:\/\/imrovietnam.com\/en\/wp-json\/wp\/v2\/media?parent=2164"}],"wp:term":[{"taxonomy":"product_brand","embeddable":true,"href":"https:\/\/imrovietnam.com\/en\/wp-json\/wp\/v2\/product_brand?post=2164"},{"taxonomy":"product_cat","embeddable":true,"href":"https:\/\/imrovietnam.com\/en\/wp-json\/wp\/v2\/product_cat?post=2164"},{"taxonomy":"product_tag","embeddable":true,"href":"https:\/\/imrovietnam.com\/en\/wp-json\/wp\/v2\/product_tag?post=2164"}],"curies":[{"name":"wp","href":"https:\/\/api.w.org\/{rel}","templated":true}]}}