{"id":2161,"date":"2021-08-21T17:42:48","date_gmt":"2021-08-21T10:42:48","guid":{"rendered":"https:\/\/imrovietnam.com\/?post_type=product&#038;p=2161"},"modified":"2021-09-07T15:23:34","modified_gmt":"2021-09-07T08:23:34","slug":"day-tiep-dat-chong-tinh-dien-2-dau-tron","status":"publish","type":"product","link":"https:\/\/imrovietnam.com\/en\/product\/day-tiep-dat-chong-tinh-dien-2-dau-tron\/","title":{"rendered":"D\u00e2y ti\u1ebfp \u0111\u1ea5t ch\u1ed1ng t\u0129nh \u0111i\u1ec7n 2 \u0111\u1ea7u tr\u00f2n"},"content":{"rendered":"<p>D\u00e2y ti\u1ebfp \u0111\u1ea5t ch\u1ed1ng t\u0129nh \u0111i\u1ec7n 2 \u0111\u1ea7u tr\u00f2n<\/p>\n<p>D\u00e2y ti\u1ebfp \u0111\u1ea5t cho th\u1ea3m cao su<\/p>\n<p>S\u1ea3n ph\u1ea9m d\u00e2y ti\u1ebfp \u0111\u1ea5t cho th\u1ea3m cao su \u0111\u01b0\u1ee3c s\u1eed d\u1ee5ng trong m\u00f4i tr\u01b0\u1eddng c\u00f4ng nghi\u1ec7p, n\u1ed1i gi\u1eefa m\u1eb7t th\u1ea3m cao su v\u00e0 m\u1eb7t s\u00e0n ti\u1ebfp \u0111\u1ea5t, ho\u1eb7c trong qu\u00e1 tr\u00ecnh l\u00e0m vi\u1ec7c t\u1ea1i v\u1ecb tr\u00ed n\u1ed1i t\u1eeb b\u00e0n thao t\u00e1c v\u1edbi s\u00e0n nh\u00e0 nh\u1eb1m gi\u1ea3m \u0111\u1ed9 ch\u1ed1ng t\u0129nh \u0111i\u1ec7n cho b\u1ec1 m\u1eb7t thao t\u00e1c theo \u0111\u00fang ti\u00eau chu\u1ea9n c\u1ee7a ch\u1ed1ng t\u0129nh \u0111i\u1ec7n c\u00f4ng nghi\u1ec7p hi\u1ec7n nay, y\u00eau c\u1ea7u k\u1ef9 thu\u1eadt c\u1ee7a kh\u00e1ch h\u00e0ng th\u01b0\u1eddng s\u1eed d\u1ee5ng:<\/p>\n<p>D\u01b0\u1edbi \u0111\u00e2y l\u00e0 th\u00f4ng tin c\u1ee7a s\u1ea3n ph\u1ea9m d\u00e2y ti\u1ebfp \u0111\u1ea5t ch\u1ed1ng t\u0129nh \u0111i\u1ec7n, thi\u1ebft b\u1ecb ph\u1ee5 ki\u1ec7n ch\u1ed1ng t\u0129nh \u0111i\u1ec7n trong c\u00e1c nh\u00e0 m\u00e1y \u0111i\u1ec7n t\u1eed hi\u1ec7n nay.<\/p>\n<p><img loading=\"lazy\" decoding=\"async\" class=\"aligncenter wp-image-2169 size-full\" style=\"color: #555555;\" src=\"https:\/\/imrovietnam.com\/wp-content\/uploads\/2021\/08\/vong-deo-tay-chong-td1.jpg\" alt=\"D\u00e2y ti\u1ebfp \u0111\u1ea5t ch\u1ed1ng t\u0129nh \u0111i\u1ec7n 2 \u0111\u1ea7u tr\u00f2n\" width=\"369\" height=\"353\" \/><\/p>\n<p>&nbsp;<\/p>\n<p>Th\u00f4ng tin s\u1ea3n ph\u1ea9m:<br \/>\n&#8211; D\u00e2y ti\u1ebfp \u0111\u1ea5t cho th\u1ea3m cao su c\u00f3 2 \u0111\u1ea7u n\u1ed1i gi\u1ed1ng nhau<\/p>\n<p>&#8211; D\u00e2y ti\u1ebfp \u0111\u1ea5t m\u1ed9t \u0111\u1ea7u k\u1eb9p m\u1ed9t \u0111\u1ea7u cho th\u1ea3m s\u00e0n<\/p>\n<p>&#8211; \u0110\u01b0\u1eddng k\u00ednh \u0111\u1ea7u n\u1ed1i: 10mm<\/p>\n<p>&#8211; Chi\u1ec1u d\u00e0i: 1,8 m<\/p>\n<p>C\u00f4ng ty TNHH IMRO lu\u00f4n \u0111\u1ed3ng h\u00e0nh c\u00f9ng doanh nghi\u1ec7p tr\u00ean nh\u1eefng ch\u1eb7ng \u0111\u01b0\u1eddng ph\u00e1t tri\u1ec3n, v\u00e0 s\u1ebd mang \u0111i\u1ec1u an t\u00e2m \u0111\u1ebfn cho b\u1ea1n, khi b\u1ea1n ch\u1ecdn mua s\u1ea3n ph\u1ea9m d\u00e2y ti\u1ebfp \u0111\u1ea5t cho th\u1ea3m cao su c\u1ee7a ch\u00fang t\u00f4i, l\u00e0 s\u1ea3n ph\u1ea9m ch\u1ea5t l\u01b0\u1ee3ng t\u1ed1t, \u0111\u1ea1t ti\u00eau chu\u1ea9n \u0111\u1ed9 b\u1ec1n v\u00e0 ch\u1ed1ng t\u0129nh \u0111i\u1ec7n cao. IMRO VN s\u1ebd b\u00e1n ra cho c\u00e1c b\u1ea1n v\u1edbi m\u1ee9c gi\u00e1 th\u1ea5p h\u01a1n tr\u00ean th\u1ecb tr\u01b0\u1eddng \u0111\u1ec3 ch\u00fang ta l\u00e0m \u0103n l\u00e2u d\u00e0i. Ngo\u00e0i ra, kh\u00e1ch h\u00e0ng c\u00f3 th\u1ec3 \u0111\u1eb7t m\u1eabu ri\u00eang cho c\u00e1c s\u1ea3n ph\u1ea9m ph\u00f2ng s\u1ea1ch, ch\u1ed1ng t\u0129nh \u0111i\u1ec7n, b\u1ea3o h\u1ed9 lao \u0111\u1ed9ng c\u1ee7a ch\u00fang t\u00f4i.<\/p>\n<p>H\u00e3y g\u1ecdi cho ch\u00fang t\u00f4i ngay khi b\u1ea1n c\u1ea7n v\u1edbi gi\u00e1 t\u1ed1t nh\u1ea5t<\/p>\n","protected":false},"excerpt":{"rendered":"<p>Ch\u1ea5t li\u1ec7u:<br \/>\nM\u00e0u s\u1eafc: \u0110en<br \/>\nK\u00edch th\u01b0\u1edbc: 1,8m<br \/>\nT\u00ednh n\u0103ng: Ch\u1ed1ng t\u0129nh \u0111i\u1ec7n<br \/>\n\u0110\u00f3ng g\u00f3i: Theo y\u00eau c\u1ea7u<br \/>\nTh\u1eddi gian: T\u00f9y theo \u0111\u01a1n \u0111\u1eb7t h\u00e0ng<\/p>\n","protected":false},"featured_media":2169,"comment_status":"open","ping_status":"closed","template":"","meta":[],"product_brand":[],"product_cat":[104],"product_tag":[341,215,307,305,325,303],"class_list":{"0":"post-2161","1":"product","2":"type-product","3":"status-publish","4":"has-post-thumbnail","6":"product_cat-thiet-bi-phong-sach","7":"product_tag-day-noi-dat","8":"product_tag-day-tiep-dat-chong-tinh-dien-2-dau-tron","9":"product_tag-dien-tu","10":"product_tag-esd","11":"product_tag-nha-may","12":"product_tag-tinh-dien","14":"first","15":"instock","16":"shipping-taxable","17":"product-type-simple"},"yoast_head":"<!-- This site is optimized with the Yoast SEO Premium plugin v25.0 (Yoast SEO v25.2) - https:\/\/yoast.com\/wordpress\/plugins\/seo\/ -->\n<title>D\u00e2y ti\u1ebfp \u0111\u1ea5t ch\u1ed1ng t\u0129nh \u0111i\u1ec7n 2 \u0111\u1ea7u tr\u00f2n - IMRO Vietnam<\/title>\n<meta name=\"robots\" content=\"index, follow, max-snippet:-1, max-image-preview:large, max-video-preview:-1\" \/>\n<link rel=\"canonical\" href=\"https:\/\/imrovietnam.com\/en\/product\/day-tiep-dat-chong-tinh-dien-2-dau-tron\/\" \/>\n<meta property=\"og:locale\" content=\"en_US\" \/>\n<meta property=\"og:type\" content=\"article\" \/>\n<meta property=\"og:title\" content=\"D\u00e2y ti\u1ebfp \u0111\u1ea5t ch\u1ed1ng t\u0129nh \u0111i\u1ec7n 2 \u0111\u1ea7u tr\u00f2n\" \/>\n<meta property=\"og:description\" content=\"Ch\u1ea5t li\u1ec7u: M\u00e0u s\u1eafc: \u0110en K\u00edch th\u01b0\u1edbc: 1,8m T\u00ednh n\u0103ng: Ch\u1ed1ng t\u0129nh \u0111i\u1ec7n \u0110\u00f3ng g\u00f3i: Theo y\u00eau c\u1ea7u Th\u1eddi gian: T\u00f9y theo \u0111\u01a1n \u0111\u1eb7t h\u00e0ng\" \/>\n<meta property=\"og:url\" content=\"https:\/\/imrovietnam.com\/en\/product\/day-tiep-dat-chong-tinh-dien-2-dau-tron\/\" \/>\n<meta property=\"og:site_name\" content=\"IMRO Vietnam\" \/>\n<meta property=\"article:modified_time\" content=\"2021-09-07T08:23:34+00:00\" \/>\n<meta property=\"og:image\" content=\"https:\/\/imrovietnam.com\/wp-content\/uploads\/2021\/08\/vong-deo-tay-chong-td1.jpg\" \/>\n\t<meta property=\"og:image:width\" content=\"369\" \/>\n\t<meta property=\"og:image:height\" content=\"353\" \/>\n\t<meta property=\"og:image:type\" content=\"image\/jpeg\" \/>\n<meta name=\"twitter:card\" content=\"summary_large_image\" \/>\n<meta name=\"twitter:label1\" content=\"Est. reading time\" \/>\n\t<meta name=\"twitter:data1\" content=\"2 minutes\" \/>\n<script type=\"application\/ld+json\" class=\"yoast-schema-graph\">{\"@context\":\"https:\/\/schema.org\",\"@graph\":[{\"@type\":\"WebPage\",\"@id\":\"https:\/\/imrovietnam.com\/en\/product\/day-tiep-dat-chong-tinh-dien-2-dau-tron\/\",\"url\":\"https:\/\/imrovietnam.com\/en\/product\/day-tiep-dat-chong-tinh-dien-2-dau-tron\/\",\"name\":\"D\u00e2y ti\u1ebfp \u0111\u1ea5t ch\u1ed1ng t\u0129nh \u0111i\u1ec7n 2 \u0111\u1ea7u tr\u00f2n - IMRO Vietnam\",\"isPartOf\":{\"@id\":\"https:\/\/imrovietnam.com\/#website\"},\"primaryImageOfPage\":{\"@id\":\"https:\/\/imrovietnam.com\/en\/product\/day-tiep-dat-chong-tinh-dien-2-dau-tron\/#primaryimage\"},\"image\":{\"@id\":\"https:\/\/imrovietnam.com\/en\/product\/day-tiep-dat-chong-tinh-dien-2-dau-tron\/#primaryimage\"},\"thumbnailUrl\":\"https:\/\/imrovietnam.com\/wp-content\/uploads\/2021\/08\/vong-deo-tay-chong-td1.jpg\",\"datePublished\":\"2021-08-21T10:42:48+00:00\",\"dateModified\":\"2021-09-07T08:23:34+00:00\",\"breadcrumb\":{\"@id\":\"https:\/\/imrovietnam.com\/en\/product\/day-tiep-dat-chong-tinh-dien-2-dau-tron\/#breadcrumb\"},\"inLanguage\":\"en-US\",\"potentialAction\":[{\"@type\":\"ReadAction\",\"target\":[\"https:\/\/imrovietnam.com\/en\/product\/day-tiep-dat-chong-tinh-dien-2-dau-tron\/\"]}]},{\"@type\":\"ImageObject\",\"inLanguage\":\"en-US\",\"@id\":\"https:\/\/imrovietnam.com\/en\/product\/day-tiep-dat-chong-tinh-dien-2-dau-tron\/#primaryimage\",\"url\":\"https:\/\/imrovietnam.com\/wp-content\/uploads\/2021\/08\/vong-deo-tay-chong-td1.jpg\",\"contentUrl\":\"https:\/\/imrovietnam.com\/wp-content\/uploads\/2021\/08\/vong-deo-tay-chong-td1.jpg\",\"width\":369,\"height\":353},{\"@type\":\"BreadcrumbList\",\"@id\":\"https:\/\/imrovietnam.com\/en\/product\/day-tiep-dat-chong-tinh-dien-2-dau-tron\/#breadcrumb\",\"itemListElement\":[{\"@type\":\"ListItem\",\"position\":1,\"name\":\"Home\",\"item\":\"https:\/\/imrovietnam.com\/\"},{\"@type\":\"ListItem\",\"position\":2,\"name\":\"S\u1ea3n ph\u1ea9m\",\"item\":\"https:\/\/imrovietnam.com\/shop\/\"},{\"@type\":\"ListItem\",\"position\":3,\"name\":\"D\u00e2y ti\u1ebfp \u0111\u1ea5t ch\u1ed1ng t\u0129nh \u0111i\u1ec7n 2 \u0111\u1ea7u tr\u00f2n\"}]},{\"@type\":\"WebSite\",\"@id\":\"https:\/\/imrovietnam.com\/#website\",\"url\":\"https:\/\/imrovietnam.com\/\",\"name\":\"IMRO Vietnam\",\"description\":\"Your consumables and spare parts store\",\"potentialAction\":[{\"@type\":\"SearchAction\",\"target\":{\"@type\":\"EntryPoint\",\"urlTemplate\":\"https:\/\/imrovietnam.com\/?s={search_term_string}\"},\"query-input\":{\"@type\":\"PropertyValueSpecification\",\"valueRequired\":true,\"valueName\":\"search_term_string\"}}],\"inLanguage\":\"en-US\"}]}<\/script>\n<!-- \/ Yoast SEO Premium plugin. -->","yoast_head_json":{"title":"D\u00e2y ti\u1ebfp \u0111\u1ea5t ch\u1ed1ng t\u0129nh \u0111i\u1ec7n 2 \u0111\u1ea7u tr\u00f2n - IMRO Vietnam","robots":{"index":"index","follow":"follow","max-snippet":"max-snippet:-1","max-image-preview":"max-image-preview:large","max-video-preview":"max-video-preview:-1"},"canonical":"https:\/\/imrovietnam.com\/en\/product\/day-tiep-dat-chong-tinh-dien-2-dau-tron\/","og_locale":"en_US","og_type":"article","og_title":"D\u00e2y ti\u1ebfp \u0111\u1ea5t ch\u1ed1ng t\u0129nh \u0111i\u1ec7n 2 \u0111\u1ea7u tr\u00f2n","og_description":"Ch\u1ea5t li\u1ec7u: M\u00e0u s\u1eafc: \u0110en K\u00edch th\u01b0\u1edbc: 1,8m T\u00ednh n\u0103ng: Ch\u1ed1ng t\u0129nh \u0111i\u1ec7n \u0110\u00f3ng g\u00f3i: Theo y\u00eau c\u1ea7u Th\u1eddi gian: T\u00f9y theo \u0111\u01a1n \u0111\u1eb7t h\u00e0ng","og_url":"https:\/\/imrovietnam.com\/en\/product\/day-tiep-dat-chong-tinh-dien-2-dau-tron\/","og_site_name":"IMRO Vietnam","article_modified_time":"2021-09-07T08:23:34+00:00","og_image":[{"width":369,"height":353,"url":"https:\/\/imrovietnam.com\/wp-content\/uploads\/2021\/08\/vong-deo-tay-chong-td1.jpg","type":"image\/jpeg"}],"twitter_card":"summary_large_image","twitter_misc":{"Est. reading time":"2 minutes"},"schema":{"@context":"https:\/\/schema.org","@graph":[{"@type":"WebPage","@id":"https:\/\/imrovietnam.com\/en\/product\/day-tiep-dat-chong-tinh-dien-2-dau-tron\/","url":"https:\/\/imrovietnam.com\/en\/product\/day-tiep-dat-chong-tinh-dien-2-dau-tron\/","name":"D\u00e2y ti\u1ebfp \u0111\u1ea5t ch\u1ed1ng t\u0129nh \u0111i\u1ec7n 2 \u0111\u1ea7u tr\u00f2n - IMRO Vietnam","isPartOf":{"@id":"https:\/\/imrovietnam.com\/#website"},"primaryImageOfPage":{"@id":"https:\/\/imrovietnam.com\/en\/product\/day-tiep-dat-chong-tinh-dien-2-dau-tron\/#primaryimage"},"image":{"@id":"https:\/\/imrovietnam.com\/en\/product\/day-tiep-dat-chong-tinh-dien-2-dau-tron\/#primaryimage"},"thumbnailUrl":"https:\/\/imrovietnam.com\/wp-content\/uploads\/2021\/08\/vong-deo-tay-chong-td1.jpg","datePublished":"2021-08-21T10:42:48+00:00","dateModified":"2021-09-07T08:23:34+00:00","breadcrumb":{"@id":"https:\/\/imrovietnam.com\/en\/product\/day-tiep-dat-chong-tinh-dien-2-dau-tron\/#breadcrumb"},"inLanguage":"en-US","potentialAction":[{"@type":"ReadAction","target":["https:\/\/imrovietnam.com\/en\/product\/day-tiep-dat-chong-tinh-dien-2-dau-tron\/"]}]},{"@type":"ImageObject","inLanguage":"en-US","@id":"https:\/\/imrovietnam.com\/en\/product\/day-tiep-dat-chong-tinh-dien-2-dau-tron\/#primaryimage","url":"https:\/\/imrovietnam.com\/wp-content\/uploads\/2021\/08\/vong-deo-tay-chong-td1.jpg","contentUrl":"https:\/\/imrovietnam.com\/wp-content\/uploads\/2021\/08\/vong-deo-tay-chong-td1.jpg","width":369,"height":353},{"@type":"BreadcrumbList","@id":"https:\/\/imrovietnam.com\/en\/product\/day-tiep-dat-chong-tinh-dien-2-dau-tron\/#breadcrumb","itemListElement":[{"@type":"ListItem","position":1,"name":"Home","item":"https:\/\/imrovietnam.com\/"},{"@type":"ListItem","position":2,"name":"S\u1ea3n ph\u1ea9m","item":"https:\/\/imrovietnam.com\/shop\/"},{"@type":"ListItem","position":3,"name":"D\u00e2y ti\u1ebfp \u0111\u1ea5t ch\u1ed1ng t\u0129nh \u0111i\u1ec7n 2 \u0111\u1ea7u tr\u00f2n"}]},{"@type":"WebSite","@id":"https:\/\/imrovietnam.com\/#website","url":"https:\/\/imrovietnam.com\/","name":"IMRO Vietnam","description":"Your consumables and spare parts store","potentialAction":[{"@type":"SearchAction","target":{"@type":"EntryPoint","urlTemplate":"https:\/\/imrovietnam.com\/?s={search_term_string}"},"query-input":{"@type":"PropertyValueSpecification","valueRequired":true,"valueName":"search_term_string"}}],"inLanguage":"en-US"}]}},"_links":{"self":[{"href":"https:\/\/imrovietnam.com\/en\/wp-json\/wp\/v2\/product\/2161","targetHints":{"allow":["GET"]}}],"collection":[{"href":"https:\/\/imrovietnam.com\/en\/wp-json\/wp\/v2\/product"}],"about":[{"href":"https:\/\/imrovietnam.com\/en\/wp-json\/wp\/v2\/types\/product"}],"replies":[{"embeddable":true,"href":"https:\/\/imrovietnam.com\/en\/wp-json\/wp\/v2\/comments?post=2161"}],"wp:featuredmedia":[{"embeddable":true,"href":"https:\/\/imrovietnam.com\/en\/wp-json\/wp\/v2\/media\/2169"}],"wp:attachment":[{"href":"https:\/\/imrovietnam.com\/en\/wp-json\/wp\/v2\/media?parent=2161"}],"wp:term":[{"taxonomy":"product_brand","embeddable":true,"href":"https:\/\/imrovietnam.com\/en\/wp-json\/wp\/v2\/product_brand?post=2161"},{"taxonomy":"product_cat","embeddable":true,"href":"https:\/\/imrovietnam.com\/en\/wp-json\/wp\/v2\/product_cat?post=2161"},{"taxonomy":"product_tag","embeddable":true,"href":"https:\/\/imrovietnam.com\/en\/wp-json\/wp\/v2\/product_tag?post=2161"}],"curies":[{"name":"wp","href":"https:\/\/api.w.org\/{rel}","templated":true}]}}