{"id":2156,"date":"2021-08-21T17:39:42","date_gmt":"2021-08-21T10:39:42","guid":{"rendered":"https:\/\/imrovietnam.com\/?post_type=product&#038;p=2156"},"modified":"2021-09-07T16:44:10","modified_gmt":"2021-09-07T09:44:10","slug":"o-cam-socket-chong-tinh-dien-2-lo","status":"publish","type":"product","link":"https:\/\/imrovietnam.com\/en\/product\/o-cam-socket-chong-tinh-dien-2-lo\/","title":{"rendered":"\u1ed4 c\u1eafm (socket) ch\u1ed1ng t\u0129nh \u0111i\u1ec7n 2 l\u1ed7"},"content":{"rendered":"<p>\u1ed4 c\u1eafm ch\u1ed1ng t\u0129nh \u0111i\u1ec7n 2 l\u1ed7<br \/>\nV\u00ec c\u00e1c linh ki\u1ec7n \u0111i\u1ec7n t\u1eedn\u00e0y r\u1ea5t nh\u1ea1y c\u1ea3m v\u1edbi d\u00f2ng \u0111i\u1ec7n v\u00e0 \u0111i\u1ec7n th\u1ebf n\u00ean trong m\u00f4i tr\u01b0\u1eddng s\u1ea3n xu\u1ea5t c\u00e1c thi\u1ebft b\u1ecb \u0111i\u1ec7n t\u1eed, ch\u1ea5t b\u00e1n d\u1eabn,&#8230; c\u00e1c linh ki\u1ec7n n\u00e0y d\u1ec5 b\u1ecb nhi\u1ec5m \u0111i\u1ec7n g\u00e2y ra c\u00e1c \u1ea3nh h\u01b0\u1edfng kh\u00f4ng mong mu\u1ed1n trong c\u00e1c qu\u00e1 tr\u00ecnh s\u1ea3n xu\u1ea5t. Kh\u00f4ng ch\u1ec9 l\u00e0 c\u00e1c s\u1ea3n ph\u1ea9m t\u1ea1o ra b\u1ecb \u1ea3nh h\u01b0\u1edfng x\u1ea5u, m\u00e0 c\u00f2n s\u1ee9c kh\u1ecfe ng\u01b0\u1eddi lao \u0111\u1ed9ng c\u0169ng b\u1ecb \u1ea3nh h\u01b0\u1edfng kh\u00f4ng \u00edt n\u00ean c\u00e1c k\u1ef9 s\u01b0 c\u1ee7a c\u00e1c nh\u00e0 s\u1ea3n xu\u1ea5t \u0111\u00e3 ngh\u0129 ra nhi\u1ec1u gi\u1ea3i ph\u00e1p \u0111\u1ec3 c\u00f3 th\u1ec3 kh\u1eafc ph\u1ee5c c\u00e1c \u1ea3nh h\u01b0\u1edfng x\u1ea5u n\u00e0y. V\u00e0 m\u1ed9t trong nh\u1eefng gi\u1ea3i ph\u00e1p h\u1eefu hi\u1ec7u cho c\u00e1c nh\u00e0 s\u1ea3n xu\u1ea5t, \u0111\u00f3 ch\u00ednh l\u00e0 \u1ed5c\u1eafm (socket) ch\u1ed1ng t\u0129nh \u0111i\u1ec7n 2 l\u1ed7.<br \/>\n<img loading=\"lazy\" decoding=\"async\" class=\"aligncenter wp-image-2167\" src=\"https:\/\/imrovietnam.com\/wp-content\/uploads\/2021\/08\/Vong-deo-tay-chong-tinh-dien-Leko-1.8m-1.jpg\" alt=\"\u1ed4 c\u1eafm (socket) ch\u1ed1ng t\u0129nh \u0111i\u1ec7n 2 l\u1ed7\" width=\"386\" height=\"327\" \/><\/p>\n<p>&nbsp;<\/p>\n<p>&nbsp;<\/p>\n<p>\u1ed4 c\u1eafm (socket) ch\u1ed1ng t\u0129nh \u0111i\u1ec7n 2 l\u1ed7 l\u00e0 s\u1ea3n ph\u1ea9m thu\u1ed9c d\u00f2ng s\u1ea3n ph\u1ea9m d\u00e2y &#8211; v\u00f2ng ch\u1ed1ng t\u0129nh \u0111i\u1ec7n trong s\u1ed1 nh\u1eefng thi\u1ebft b\u1ecb ph\u00f2ng s\u1ea1ch. \u1ed4c\u1eafm (Socket) ch\u1ed1ng t\u0129nh \u0111i\u1ec7n 2 l\u1ed7 l\u00e0 s\u1ea3n ph\u1ea9m \u0111\u01b0\u1ee3c s\u1eedd\u1ee5ng trong c\u00e1c nh\u00e0 m\u00e1y, x\u01b0\u1edfng s\u1ea3n xu\u1ea5t c\u00e1c linh ki\u1ec7n \u0111i\u1ec7n t\u1eed.<br \/>\n\u1ed4 c\u1eafm ch\u1ed1ng t\u0129nh \u0111i\u1ec7n (socket) 2 l\u1ed7 c\u00f3 c\u00e1c \u0111\u1eb7c \u0111i\u1ec3m v\u1edbi c\u00e1c th\u00f4ng s\u1ed1 sau:<br \/>\n&#8211; \u1ed4 c\u1eafm esd (socket) 2 l\u1ed7 c\u00f3 m\u00e0u \u0111en<br \/>\n&#8211; \u0110\u01b0\u1eddng k\u00ednh d\u00e2y n\u1ed1i: 10mm<br \/>\n&#8211; Chi\u1ec1u d\u00e0i d\u00e2y n\u1ed1i: 1,8 m<br \/>\n&#8211; \u1ed4 c\u1eafm ch\u1ed1ng t\u0129nh \u0111i\u1ec7n 2 l\u1ed7 c\u00f2n \u0111\u01b0\u1ee3c g\u1ecdi l\u00e0 c\u1ee5c ngu\u1ed3n n\u1ed1i \u0111\u1ea5t \u0111\u01b0\u1ee3c ch\u1ebf t\u1ea1o t\u1eeb v\u1eadt li\u1ec7u th\u00e9p kh\u00f4ng g\u1ec9, \u0111\u01b0\u1ee3c ph\u1ee7 m\u1ed9t l\u1edbp s\u01a1n ch\u1ed1ng t\u0129nh \u0111i\u1ec7n b\u00ean ngo\u00e0i. D\u00e2y n\u1ed1i d\u00e0i 1,5m gi\u00fap ng\u01b0\u1eddi d\u00f9ng tho\u1ea3i m\u00e1i khi s\u1eed d\u1ee5ng s\u1ea3n ph\u1ea9m.<\/p>\n<p><img loading=\"lazy\" decoding=\"async\" class=\"aligncenter wp-image-2159\" src=\"https:\/\/imrovietnam.com\/wp-content\/uploads\/2021\/08\/mo-hinh-o-cam.jpg\" alt=\"S\u01a1 \u0111\u1ed3 n\u1ed1i d\u00e2y \u00f4 c\u1eafm (socket) ch\u1ed1ng t\u0129nh \u0111i\u1ec7n 2 l\u1ed7\" width=\"615\" height=\"425\" srcset=\"https:\/\/imrovietnam.com\/wp-content\/uploads\/2021\/08\/mo-hinh-o-cam.jpg 698w, https:\/\/imrovietnam.com\/wp-content\/uploads\/2021\/08\/mo-hinh-o-cam-579x400.jpg 579w, https:\/\/imrovietnam.com\/wp-content\/uploads\/2021\/08\/mo-hinh-o-cam-510x352.jpg 510w\" sizes=\"auto, (max-width: 615px) 100vw, 615px\" \/><\/p>\n<p>&nbsp;<\/p>\n<p>&#8211; \u1ed4 c\u1eafm ch\u1ed1ng t\u0129nh \u0111i\u1ec7n 2 l\u1ed7c\u00f3 kh\u1ea3 n\u0103ng ch\u1ed1ng \u0111i\u1ec7n t\u00edch kho\u1ea3ng 10^6 \u0111\u1ebfn 10^9 Ohm.<br \/>\n&#8211; \u1ed4 c\u1eafm (socket) ch\u1ed1ng t\u0129nh \u0111i\u1ec7n 2 l\u1ed7 d\u00f9ng \u0111\u1ec3 ti\u1ebfp \u0111\u1ea5t v\u1edbi th\u1ea3m cao su\/ \u1ed5 c\u1eafm\/ c\u1ee5c ngu\u1ed3n ti\u1ebfp \u0111\u1ea5t, c\u00f3 nhi\u1ec1u m\u1eabu m\u00e3\/ ch\u1ee7ng lo\u1ea1i kh\u00e1c nhau: \u1ed5 2 l\u1ed7, \u1ed5 3 l\u1ed7, \u1ed5 4 l\u1ed7,&#8230;<\/p>\n","protected":false},"excerpt":{"rendered":"<p>Ch\u1ea5t li\u1ec7u: Th\u00e9p kh\u00f4ng g\u1ec9<br \/>\nChi\u1ec1u d\u00e0i d\u00e2y n\u1ed1i: 1,8 m<br \/>\nL\u1ed7 c\u1eafm : 1,2,3,4,5,6<br \/>\nCh\u1ed1ng t\u0129nh \u0111i\u1ec7n: 0^6 \u0111\u1ebfn 10^9 Ohm.<br \/>\n\u0110\u01b0\u1eddng k\u00ednh d\u00e2y n\u1ed1i: 10mm<\/p>\n","protected":false},"featured_media":2157,"comment_status":"open","ping_status":"closed","template":"","meta":[],"product_brand":[],"product_cat":[104],"product_tag":[321,307,325,214,346,303],"class_list":{"0":"post-2156","1":"product","2":"type-product","3":"status-publish","4":"has-post-thumbnail","6":"product_cat-thiet-bi-phong-sach","7":"product_tag-day-chuyen","8":"product_tag-dien-tu","9":"product_tag-nha-may","10":"product_tag-o-cam-socket-chong-tinh-dien-2-lo","11":"product_tag-san-xuat","12":"product_tag-tinh-dien","14":"first","15":"instock","16":"shipping-taxable","17":"product-type-simple"},"yoast_head":"<!-- This site is optimized with the Yoast SEO Premium plugin v25.0 (Yoast SEO v25.2) - https:\/\/yoast.com\/wordpress\/plugins\/seo\/ -->\n<title>\u1ed4 c\u1eafm (socket) ch\u1ed1ng t\u0129nh \u0111i\u1ec7n 2 l\u1ed7 - IMRO Vietnam<\/title>\n<meta name=\"robots\" content=\"index, follow, max-snippet:-1, max-image-preview:large, max-video-preview:-1\" \/>\n<link rel=\"canonical\" href=\"https:\/\/imrovietnam.com\/en\/product\/o-cam-socket-chong-tinh-dien-2-lo\/\" \/>\n<meta property=\"og:locale\" content=\"en_US\" \/>\n<meta property=\"og:type\" content=\"article\" \/>\n<meta property=\"og:title\" content=\"\u1ed4 c\u1eafm (socket) ch\u1ed1ng t\u0129nh \u0111i\u1ec7n 2 l\u1ed7\" \/>\n<meta property=\"og:description\" content=\"Ch\u1ea5t li\u1ec7u: Th\u00e9p kh\u00f4ng g\u1ec9 Chi\u1ec1u d\u00e0i d\u00e2y n\u1ed1i: 1,8 m L\u1ed7 c\u1eafm : 1,2,3,4,5,6 Ch\u1ed1ng t\u0129nh \u0111i\u1ec7n: 0^6 \u0111\u1ebfn 10^9 Ohm. \u0110\u01b0\u1eddng k\u00ednh d\u00e2y n\u1ed1i: 10mm\" \/>\n<meta property=\"og:url\" content=\"https:\/\/imrovietnam.com\/en\/product\/o-cam-socket-chong-tinh-dien-2-lo\/\" \/>\n<meta property=\"og:site_name\" content=\"IMRO Vietnam\" \/>\n<meta property=\"article:modified_time\" content=\"2021-09-07T09:44:10+00:00\" \/>\n<meta property=\"og:image\" content=\"https:\/\/imrovietnam.com\/wp-content\/uploads\/2021\/08\/O-cam-socket-chong-tinh-dien-2-lo.jpg\" \/>\n\t<meta property=\"og:image:width\" content=\"484\" \/>\n\t<meta property=\"og:image:height\" content=\"426\" \/>\n\t<meta property=\"og:image:type\" content=\"image\/jpeg\" \/>\n<meta name=\"twitter:card\" content=\"summary_large_image\" \/>\n<meta name=\"twitter:label1\" content=\"Est. reading time\" \/>\n\t<meta name=\"twitter:data1\" content=\"3 minutes\" \/>\n<script type=\"application\/ld+json\" class=\"yoast-schema-graph\">{\"@context\":\"https:\/\/schema.org\",\"@graph\":[{\"@type\":\"WebPage\",\"@id\":\"https:\/\/imrovietnam.com\/en\/product\/o-cam-socket-chong-tinh-dien-2-lo\/\",\"url\":\"https:\/\/imrovietnam.com\/en\/product\/o-cam-socket-chong-tinh-dien-2-lo\/\",\"name\":\"\u1ed4 c\u1eafm (socket) ch\u1ed1ng t\u0129nh \u0111i\u1ec7n 2 l\u1ed7 - IMRO Vietnam\",\"isPartOf\":{\"@id\":\"https:\/\/imrovietnam.com\/#website\"},\"primaryImageOfPage\":{\"@id\":\"https:\/\/imrovietnam.com\/en\/product\/o-cam-socket-chong-tinh-dien-2-lo\/#primaryimage\"},\"image\":{\"@id\":\"https:\/\/imrovietnam.com\/en\/product\/o-cam-socket-chong-tinh-dien-2-lo\/#primaryimage\"},\"thumbnailUrl\":\"https:\/\/imrovietnam.com\/wp-content\/uploads\/2021\/08\/O-cam-socket-chong-tinh-dien-2-lo.jpg\",\"datePublished\":\"2021-08-21T10:39:42+00:00\",\"dateModified\":\"2021-09-07T09:44:10+00:00\",\"breadcrumb\":{\"@id\":\"https:\/\/imrovietnam.com\/en\/product\/o-cam-socket-chong-tinh-dien-2-lo\/#breadcrumb\"},\"inLanguage\":\"en-US\",\"potentialAction\":[{\"@type\":\"ReadAction\",\"target\":[\"https:\/\/imrovietnam.com\/en\/product\/o-cam-socket-chong-tinh-dien-2-lo\/\"]}]},{\"@type\":\"ImageObject\",\"inLanguage\":\"en-US\",\"@id\":\"https:\/\/imrovietnam.com\/en\/product\/o-cam-socket-chong-tinh-dien-2-lo\/#primaryimage\",\"url\":\"https:\/\/imrovietnam.com\/wp-content\/uploads\/2021\/08\/O-cam-socket-chong-tinh-dien-2-lo.jpg\",\"contentUrl\":\"https:\/\/imrovietnam.com\/wp-content\/uploads\/2021\/08\/O-cam-socket-chong-tinh-dien-2-lo.jpg\",\"width\":484,\"height\":426},{\"@type\":\"BreadcrumbList\",\"@id\":\"https:\/\/imrovietnam.com\/en\/product\/o-cam-socket-chong-tinh-dien-2-lo\/#breadcrumb\",\"itemListElement\":[{\"@type\":\"ListItem\",\"position\":1,\"name\":\"Home\",\"item\":\"https:\/\/imrovietnam.com\/\"},{\"@type\":\"ListItem\",\"position\":2,\"name\":\"S\u1ea3n ph\u1ea9m\",\"item\":\"https:\/\/imrovietnam.com\/shop\/\"},{\"@type\":\"ListItem\",\"position\":3,\"name\":\"\u1ed4 c\u1eafm (socket) ch\u1ed1ng t\u0129nh \u0111i\u1ec7n 2 l\u1ed7\"}]},{\"@type\":\"WebSite\",\"@id\":\"https:\/\/imrovietnam.com\/#website\",\"url\":\"https:\/\/imrovietnam.com\/\",\"name\":\"IMRO Vietnam\",\"description\":\"Your consumables and spare parts store\",\"potentialAction\":[{\"@type\":\"SearchAction\",\"target\":{\"@type\":\"EntryPoint\",\"urlTemplate\":\"https:\/\/imrovietnam.com\/?s={search_term_string}\"},\"query-input\":{\"@type\":\"PropertyValueSpecification\",\"valueRequired\":true,\"valueName\":\"search_term_string\"}}],\"inLanguage\":\"en-US\"}]}<\/script>\n<!-- \/ Yoast SEO Premium plugin. -->","yoast_head_json":{"title":"\u1ed4 c\u1eafm (socket) ch\u1ed1ng t\u0129nh \u0111i\u1ec7n 2 l\u1ed7 - IMRO Vietnam","robots":{"index":"index","follow":"follow","max-snippet":"max-snippet:-1","max-image-preview":"max-image-preview:large","max-video-preview":"max-video-preview:-1"},"canonical":"https:\/\/imrovietnam.com\/en\/product\/o-cam-socket-chong-tinh-dien-2-lo\/","og_locale":"en_US","og_type":"article","og_title":"\u1ed4 c\u1eafm (socket) ch\u1ed1ng t\u0129nh \u0111i\u1ec7n 2 l\u1ed7","og_description":"Ch\u1ea5t li\u1ec7u: Th\u00e9p kh\u00f4ng g\u1ec9 Chi\u1ec1u d\u00e0i d\u00e2y n\u1ed1i: 1,8 m L\u1ed7 c\u1eafm : 1,2,3,4,5,6 Ch\u1ed1ng t\u0129nh \u0111i\u1ec7n: 0^6 \u0111\u1ebfn 10^9 Ohm. \u0110\u01b0\u1eddng k\u00ednh d\u00e2y n\u1ed1i: 10mm","og_url":"https:\/\/imrovietnam.com\/en\/product\/o-cam-socket-chong-tinh-dien-2-lo\/","og_site_name":"IMRO Vietnam","article_modified_time":"2021-09-07T09:44:10+00:00","og_image":[{"width":484,"height":426,"url":"https:\/\/imrovietnam.com\/wp-content\/uploads\/2021\/08\/O-cam-socket-chong-tinh-dien-2-lo.jpg","type":"image\/jpeg"}],"twitter_card":"summary_large_image","twitter_misc":{"Est. reading time":"3 minutes"},"schema":{"@context":"https:\/\/schema.org","@graph":[{"@type":"WebPage","@id":"https:\/\/imrovietnam.com\/en\/product\/o-cam-socket-chong-tinh-dien-2-lo\/","url":"https:\/\/imrovietnam.com\/en\/product\/o-cam-socket-chong-tinh-dien-2-lo\/","name":"\u1ed4 c\u1eafm (socket) ch\u1ed1ng t\u0129nh \u0111i\u1ec7n 2 l\u1ed7 - IMRO Vietnam","isPartOf":{"@id":"https:\/\/imrovietnam.com\/#website"},"primaryImageOfPage":{"@id":"https:\/\/imrovietnam.com\/en\/product\/o-cam-socket-chong-tinh-dien-2-lo\/#primaryimage"},"image":{"@id":"https:\/\/imrovietnam.com\/en\/product\/o-cam-socket-chong-tinh-dien-2-lo\/#primaryimage"},"thumbnailUrl":"https:\/\/imrovietnam.com\/wp-content\/uploads\/2021\/08\/O-cam-socket-chong-tinh-dien-2-lo.jpg","datePublished":"2021-08-21T10:39:42+00:00","dateModified":"2021-09-07T09:44:10+00:00","breadcrumb":{"@id":"https:\/\/imrovietnam.com\/en\/product\/o-cam-socket-chong-tinh-dien-2-lo\/#breadcrumb"},"inLanguage":"en-US","potentialAction":[{"@type":"ReadAction","target":["https:\/\/imrovietnam.com\/en\/product\/o-cam-socket-chong-tinh-dien-2-lo\/"]}]},{"@type":"ImageObject","inLanguage":"en-US","@id":"https:\/\/imrovietnam.com\/en\/product\/o-cam-socket-chong-tinh-dien-2-lo\/#primaryimage","url":"https:\/\/imrovietnam.com\/wp-content\/uploads\/2021\/08\/O-cam-socket-chong-tinh-dien-2-lo.jpg","contentUrl":"https:\/\/imrovietnam.com\/wp-content\/uploads\/2021\/08\/O-cam-socket-chong-tinh-dien-2-lo.jpg","width":484,"height":426},{"@type":"BreadcrumbList","@id":"https:\/\/imrovietnam.com\/en\/product\/o-cam-socket-chong-tinh-dien-2-lo\/#breadcrumb","itemListElement":[{"@type":"ListItem","position":1,"name":"Home","item":"https:\/\/imrovietnam.com\/"},{"@type":"ListItem","position":2,"name":"S\u1ea3n ph\u1ea9m","item":"https:\/\/imrovietnam.com\/shop\/"},{"@type":"ListItem","position":3,"name":"\u1ed4 c\u1eafm (socket) ch\u1ed1ng t\u0129nh \u0111i\u1ec7n 2 l\u1ed7"}]},{"@type":"WebSite","@id":"https:\/\/imrovietnam.com\/#website","url":"https:\/\/imrovietnam.com\/","name":"IMRO Vietnam","description":"Your consumables and spare parts store","potentialAction":[{"@type":"SearchAction","target":{"@type":"EntryPoint","urlTemplate":"https:\/\/imrovietnam.com\/?s={search_term_string}"},"query-input":{"@type":"PropertyValueSpecification","valueRequired":true,"valueName":"search_term_string"}}],"inLanguage":"en-US"}]}},"_links":{"self":[{"href":"https:\/\/imrovietnam.com\/en\/wp-json\/wp\/v2\/product\/2156","targetHints":{"allow":["GET"]}}],"collection":[{"href":"https:\/\/imrovietnam.com\/en\/wp-json\/wp\/v2\/product"}],"about":[{"href":"https:\/\/imrovietnam.com\/en\/wp-json\/wp\/v2\/types\/product"}],"replies":[{"embeddable":true,"href":"https:\/\/imrovietnam.com\/en\/wp-json\/wp\/v2\/comments?post=2156"}],"wp:featuredmedia":[{"embeddable":true,"href":"https:\/\/imrovietnam.com\/en\/wp-json\/wp\/v2\/media\/2157"}],"wp:attachment":[{"href":"https:\/\/imrovietnam.com\/en\/wp-json\/wp\/v2\/media?parent=2156"}],"wp:term":[{"taxonomy":"product_brand","embeddable":true,"href":"https:\/\/imrovietnam.com\/en\/wp-json\/wp\/v2\/product_brand?post=2156"},{"taxonomy":"product_cat","embeddable":true,"href":"https:\/\/imrovietnam.com\/en\/wp-json\/wp\/v2\/product_cat?post=2156"},{"taxonomy":"product_tag","embeddable":true,"href":"https:\/\/imrovietnam.com\/en\/wp-json\/wp\/v2\/product_tag?post=2156"}],"curies":[{"name":"wp","href":"https:\/\/api.w.org\/{rel}","templated":true}]}}