{"id":2153,"date":"2021-08-21T17:35:41","date_gmt":"2021-08-21T10:35:41","guid":{"rendered":"https:\/\/imrovietnam.com\/?post_type=product&#038;p=2153"},"modified":"2021-09-07T17:07:15","modified_gmt":"2021-09-07T10:07:15","slug":"vong-deo-tay-chong-tinh-dien-khong-day-leko","status":"publish","type":"product","link":"https:\/\/imrovietnam.com\/en\/product\/vong-deo-tay-chong-tinh-dien-khong-day-leko\/","title":{"rendered":"V\u00f2ng \u0111eo tay ch\u1ed1ng t\u0129nh \u0111i\u1ec7n kh\u00f4ng \u0111\u00e2y Leko"},"content":{"rendered":"<p>V\u00f2ng \u0111eo tay ch\u1ed1ng t\u0129nh \u0111i\u1ec7n kh\u00f4ng d\u00e2y<br \/>\nK\u1ef9 thu\u1eadt v\u00f2ng \u0111eo tay ch\u1ed1ng t\u0129nh \u0111i\u1ec7n kh\u00f4ng d\u00e2y<br \/>\n\u2013 to\u00e0n b\u1ed9 nh\u1eefng linh ki\u1ec7n \u0111i\u1ec7n t\u1eed t\u1ea1i nh\u00e0 trong \u0111\u00f3 c\u00f3 m\u00e1y vi t\u00ednh c\u00f3 l\u00e0 nh\u1eefng b\u1ed9 ph\u1eadn nh\u1ea1y c\u1ea3m nh\u01b0 CPU d\u1ec5 RAM th\u01b0\u1eddng v\u00f4 c\u00f9ng d\u1ec5 b\u1ecb h\u1ecfng do m\u1ee9c \u0111\u1ed9 t\u0129nh \u0111i\u1ec7n (hay c\u00f2n g\u1ecdi l\u00e0 \u0111i\u1ec7n th\u1ebf l\u01b0\u1edbi). Do v\u1eady 1 s\u1ed1 chuy\u00ean gia khuy\u00ean kh\u00e1ch h\u00e0ng n\u00ean d\u00f9ng v\u00f2ng tay kh\u1eed t\u0129nh \u0111i\u1ec7n v\u00e0 c\u1eb7p \u0111\u1ea7u d\u00e2y c\u1ee7a n\u00f3 v\u00e0 m\u1ed9t v\u1eadt kim lo\u1ea1i \u0111\u00e3 n\u1ed1i \u0111\u1ea5t. ph\u01b0\u01a1ng ph\u00e1p l\u00e0m n\u00e0y r\u1ea5t h\u1eefu hi\u1ec7u trong vi\u1ec7c ph\u00f2ng ch\u1ed1ng h\u1ecfng c\u1ee7a v\u1eadt d\u1ee5ng do t\u0129nh \u0111i\u1ec7n.<\/p>\n<p>\u2013 Kh\u00e1ch h\u00e0ng c\u00f2n c\u00f3 th\u1ec3 s\u1eed d\u1ee5ng nh\u1eefng chi\u1ebfc v\u00f2ng kh\u1eed t\u0129nh \u0111i\u1ec7n kh\u00f4ng d\u00e2y (Cordless Wrist Strap) trong c\u00e1c nh\u00e0 m\u00e1y c\u1ee7a m\u00ecnh. (Cordless Wrist Strap) hay c\u00f2n g\u1ecdi v\u00f2ng \u0111eo tay kh\u00f4ng d\u00e2y c\u00f3 \u00e1p d\u1ee5ng tri\u1ebft l\u00fd gi\u1ea3i ph\u00f3ng t\u0129nh \u0111i\u1ec7n t\u00edch l\u0169y tr\u00ean c\u01a1 th\u1ec3 c\u00e1c c\u00f4ng nh\u00e2n tr\u01b0\u1edbc khi ch\u00fang c\u00f3 th\u1ec3 g\u00e2y h\u1ea1i cho ch\u00ednh c\u00f4ng nh\u00e2n v\u00e0 c\u00e1c v\u1eadt d\u1ee5ng \u0111i\u1ec7n t\u1eed ho\u1eb7c l\u00e0m h\u1ecfng d\u1eef li\u1ec7u tr\u00ean n\u00e0y.<\/p>\n<p><img loading=\"lazy\" decoding=\"async\" class=\"aligncenter wp-image-2154 size-full\" style=\"color: #555555;\" src=\"https:\/\/imrovietnam.com\/wp-content\/uploads\/2021\/08\/vong-deo-tay-chong-td.jpg\" alt=\"V\u00f2ng \u0111eo tay ch\u1ed1ng t\u0129nh \u0111i\u1ec7n kh\u00f4ng \u0111\u00e2y Leko\" width=\"479\" height=\"420\" srcset=\"https:\/\/imrovietnam.com\/wp-content\/uploads\/2021\/08\/vong-deo-tay-chong-td.jpg 479w, https:\/\/imrovietnam.com\/wp-content\/uploads\/2021\/08\/vong-deo-tay-chong-td-456x400.jpg 456w\" sizes=\"auto, (max-width: 479px) 100vw, 479px\" \/><\/p>\n<p>&nbsp;<\/p>\n<p>Ph\u01b0\u01a1ng ph\u00e1p s\u1eed d\u1ee5ng v\u00f2ng \u0111eo tay ch\u1ed1ng t\u0129nh \u0111i\u1ec7n kh\u00f4ng d\u00e2y<br \/>\nS\u1eed d\u1ee5ng v\u00f2ng \u0111eo tay kh\u00f4ng d\u00e2y r\u1ea5t \u0111\u01a1n gi\u1ea3n, ch\u1ec9 c\u1ea7n \u0111eo chi\u1ebfc v\u00f2ng m\u00e0u xanh l\u01a1 nh\u01b0 th\u1ebf v\u00e0o tay \u00edt nh\u1ea5t 15 ph\u00fat tr\u01b0\u1edbc khi ch\u1ea1m v\u00e0o c\u00e1c linh ki\u1ec7n vi t\u00ednh \u0111\u1ec3 s\u1eeda ch\u1eefa c\u0169ng nh\u01b0 ch\u1ebf t\u1ea1o ra ch\u00fang, C\u00f4ng nh\u00e2n c\u00f3 th\u1ec3 y\u00ean t\u00e2m h\u01a1n v\u1ec1 vi\u1ec7c kh\u00f4ng l\u00e0m h\u1ecfng v\u1eadt d\u1ee5ng b\u1eb1ng t\u0129nh \u0111i\u1ec7n v\u00e0 \u1ea3nh h\u01b0\u1edfng \u0111\u1ebfn c\u01a1 th\u1ec3 c\u1ee7a ch\u00ednh m\u00ecnh. Khi \u0111eo, \u0111i\u1ec1u \u0111\u1eb7c bi\u1ec7t c\u1ee7a chi\u1ebfc v\u00f2ng leko kh\u00f4ng d\u00e2y ch\u1ed1ng t\u0129nh \u0111i\u1ec7n n\u00e0y l\u00e0 \u0111\u1ec3 cho mi\u1ebfng th\u00e9p kh\u00f4ng r\u1ec9 trong chi\u1ebfc v\u00f2ng ch\u1ea1m v\u00e0o da tay c\u1ee7a c\u00f4ng nh\u00e2n. Ch\u1ea5t li\u1ec7u d\u00e2y b\u1eb1ng v\u1ea3i \u0111\u00e0n h\u1ed3i t\u1ed1t gi\u00fap chi\u1ebfc v\u00f2ng \u0111eo tay ch\u1ed1ng t\u0129nh \u0111i\u1ec7n kh\u00f4ng d\u00e2y lu\u00f4n \u00f4m v\u1eeba c\u1ed5 tay s\u1ebd kh\u00f4ng l\u00e0m cho ng\u01b0\u1eddi d\u00f9ng kh\u00f3 ch\u1ecbu d\u00f9 ph\u1ea3i \u0111eo su\u1ed1t c\u1ea3 ng\u00e0y l\u00e0m vi\u1ec7c.<\/p>\n","protected":false},"excerpt":{"rendered":"<p>&#8211; Ch\u1ea5t li\u1ec7u: Nh\u1ef1a PVC, Th\u00e9p kh\u00f4ng r\u1ec9<br \/>\n&#8211; M\u00e0u s\u1eafc: Xanh l\u01a1<br \/>\n&#8211; \u1ee8ng d\u1ee5ng: d\u00f9ng trong ng\u00e0nh b\u1ea3o h\u1ed9<br \/>\n&#8211; C\u00e1ch d\u00f9ng : \u0110eo v\u00e0o tay 15&#8242; tr\u01b0\u1edbc khi l\u00e0m<br \/>\n&#8211; \u0110\u00f3ng g\u00f3i: 1 c\u00e1i \/ 1 h\u1ed9p<br \/>\n&#8211; Th\u1eddi gian: T\u00f9y \u0111\u01a1n h\u00e0ng<\/p>\n","protected":false},"featured_media":2154,"comment_status":"open","ping_status":"closed","template":"","meta":[],"product_brand":[],"product_cat":[104],"product_tag":[321,307,305,325,303,213,340],"class_list":{"0":"post-2153","1":"product","2":"type-product","3":"status-publish","4":"has-post-thumbnail","6":"product_cat-thiet-bi-phong-sach","7":"product_tag-day-chuyen","8":"product_tag-dien-tu","9":"product_tag-esd","10":"product_tag-nha-may","11":"product_tag-tinh-dien","12":"product_tag-vong-deo-tay-chong-tinh-dien-khong-day-leko","13":"product_tag-wrist-band","15":"first","16":"instock","17":"shipping-taxable","18":"product-type-simple"},"yoast_head":"<!-- This site is optimized with the Yoast SEO Premium plugin v25.0 (Yoast SEO v25.2) - https:\/\/yoast.com\/wordpress\/plugins\/seo\/ -->\n<title>V\u00f2ng \u0111eo tay ch\u1ed1ng t\u0129nh \u0111i\u1ec7n kh\u00f4ng \u0111\u00e2y Leko - IMRO Vietnam<\/title>\n<meta name=\"robots\" content=\"index, follow, max-snippet:-1, max-image-preview:large, max-video-preview:-1\" \/>\n<link rel=\"canonical\" href=\"https:\/\/imrovietnam.com\/en\/product\/vong-deo-tay-chong-tinh-dien-khong-day-leko\/\" \/>\n<meta property=\"og:locale\" content=\"en_US\" \/>\n<meta property=\"og:type\" content=\"article\" \/>\n<meta property=\"og:title\" content=\"V\u00f2ng \u0111eo tay ch\u1ed1ng t\u0129nh \u0111i\u1ec7n kh\u00f4ng \u0111\u00e2y Leko\" \/>\n<meta property=\"og:description\" content=\"- Ch\u1ea5t li\u1ec7u: Nh\u1ef1a PVC, Th\u00e9p kh\u00f4ng r\u1ec9 - M\u00e0u s\u1eafc: Xanh l\u01a1 - \u1ee8ng d\u1ee5ng: d\u00f9ng trong ng\u00e0nh b\u1ea3o h\u1ed9 - C\u00e1ch d\u00f9ng : \u0110eo v\u00e0o tay 15&#039; tr\u01b0\u1edbc khi l\u00e0m - \u0110\u00f3ng g\u00f3i: 1 c\u00e1i \/ 1 h\u1ed9p - Th\u1eddi gian: T\u00f9y \u0111\u01a1n h\u00e0ng\" \/>\n<meta property=\"og:url\" content=\"https:\/\/imrovietnam.com\/en\/product\/vong-deo-tay-chong-tinh-dien-khong-day-leko\/\" \/>\n<meta property=\"og:site_name\" content=\"IMRO Vietnam\" \/>\n<meta property=\"article:modified_time\" content=\"2021-09-07T10:07:15+00:00\" \/>\n<meta property=\"og:image\" content=\"https:\/\/imrovietnam.com\/wp-content\/uploads\/2021\/08\/vong-deo-tay-chong-td.jpg\" \/>\n\t<meta property=\"og:image:width\" content=\"479\" \/>\n\t<meta property=\"og:image:height\" content=\"420\" \/>\n\t<meta property=\"og:image:type\" content=\"image\/jpeg\" \/>\n<meta name=\"twitter:card\" content=\"summary_large_image\" \/>\n<meta name=\"twitter:label1\" content=\"Est. reading time\" \/>\n\t<meta name=\"twitter:data1\" content=\"3 minutes\" \/>\n<script type=\"application\/ld+json\" class=\"yoast-schema-graph\">{\"@context\":\"https:\/\/schema.org\",\"@graph\":[{\"@type\":\"WebPage\",\"@id\":\"https:\/\/imrovietnam.com\/en\/product\/vong-deo-tay-chong-tinh-dien-khong-day-leko\/\",\"url\":\"https:\/\/imrovietnam.com\/en\/product\/vong-deo-tay-chong-tinh-dien-khong-day-leko\/\",\"name\":\"V\u00f2ng \u0111eo tay ch\u1ed1ng t\u0129nh \u0111i\u1ec7n kh\u00f4ng \u0111\u00e2y Leko - IMRO Vietnam\",\"isPartOf\":{\"@id\":\"https:\/\/imrovietnam.com\/#website\"},\"primaryImageOfPage\":{\"@id\":\"https:\/\/imrovietnam.com\/en\/product\/vong-deo-tay-chong-tinh-dien-khong-day-leko\/#primaryimage\"},\"image\":{\"@id\":\"https:\/\/imrovietnam.com\/en\/product\/vong-deo-tay-chong-tinh-dien-khong-day-leko\/#primaryimage\"},\"thumbnailUrl\":\"https:\/\/imrovietnam.com\/wp-content\/uploads\/2021\/08\/vong-deo-tay-chong-td.jpg\",\"datePublished\":\"2021-08-21T10:35:41+00:00\",\"dateModified\":\"2021-09-07T10:07:15+00:00\",\"breadcrumb\":{\"@id\":\"https:\/\/imrovietnam.com\/en\/product\/vong-deo-tay-chong-tinh-dien-khong-day-leko\/#breadcrumb\"},\"inLanguage\":\"en-US\",\"potentialAction\":[{\"@type\":\"ReadAction\",\"target\":[\"https:\/\/imrovietnam.com\/en\/product\/vong-deo-tay-chong-tinh-dien-khong-day-leko\/\"]}]},{\"@type\":\"ImageObject\",\"inLanguage\":\"en-US\",\"@id\":\"https:\/\/imrovietnam.com\/en\/product\/vong-deo-tay-chong-tinh-dien-khong-day-leko\/#primaryimage\",\"url\":\"https:\/\/imrovietnam.com\/wp-content\/uploads\/2021\/08\/vong-deo-tay-chong-td.jpg\",\"contentUrl\":\"https:\/\/imrovietnam.com\/wp-content\/uploads\/2021\/08\/vong-deo-tay-chong-td.jpg\",\"width\":479,\"height\":420},{\"@type\":\"BreadcrumbList\",\"@id\":\"https:\/\/imrovietnam.com\/en\/product\/vong-deo-tay-chong-tinh-dien-khong-day-leko\/#breadcrumb\",\"itemListElement\":[{\"@type\":\"ListItem\",\"position\":1,\"name\":\"Home\",\"item\":\"https:\/\/imrovietnam.com\/\"},{\"@type\":\"ListItem\",\"position\":2,\"name\":\"S\u1ea3n ph\u1ea9m\",\"item\":\"https:\/\/imrovietnam.com\/shop\/\"},{\"@type\":\"ListItem\",\"position\":3,\"name\":\"V\u00f2ng \u0111eo tay ch\u1ed1ng t\u0129nh \u0111i\u1ec7n kh\u00f4ng \u0111\u00e2y Leko\"}]},{\"@type\":\"WebSite\",\"@id\":\"https:\/\/imrovietnam.com\/#website\",\"url\":\"https:\/\/imrovietnam.com\/\",\"name\":\"IMRO Vietnam\",\"description\":\"Your consumables and spare parts store\",\"potentialAction\":[{\"@type\":\"SearchAction\",\"target\":{\"@type\":\"EntryPoint\",\"urlTemplate\":\"https:\/\/imrovietnam.com\/?s={search_term_string}\"},\"query-input\":{\"@type\":\"PropertyValueSpecification\",\"valueRequired\":true,\"valueName\":\"search_term_string\"}}],\"inLanguage\":\"en-US\"}]}<\/script>\n<!-- \/ Yoast SEO Premium plugin. -->","yoast_head_json":{"title":"V\u00f2ng \u0111eo tay ch\u1ed1ng t\u0129nh \u0111i\u1ec7n kh\u00f4ng \u0111\u00e2y Leko - IMRO Vietnam","robots":{"index":"index","follow":"follow","max-snippet":"max-snippet:-1","max-image-preview":"max-image-preview:large","max-video-preview":"max-video-preview:-1"},"canonical":"https:\/\/imrovietnam.com\/en\/product\/vong-deo-tay-chong-tinh-dien-khong-day-leko\/","og_locale":"en_US","og_type":"article","og_title":"V\u00f2ng \u0111eo tay ch\u1ed1ng t\u0129nh \u0111i\u1ec7n kh\u00f4ng \u0111\u00e2y Leko","og_description":"- Ch\u1ea5t li\u1ec7u: Nh\u1ef1a PVC, Th\u00e9p kh\u00f4ng r\u1ec9 - M\u00e0u s\u1eafc: Xanh l\u01a1 - \u1ee8ng d\u1ee5ng: d\u00f9ng trong ng\u00e0nh b\u1ea3o h\u1ed9 - C\u00e1ch d\u00f9ng : \u0110eo v\u00e0o tay 15' tr\u01b0\u1edbc khi l\u00e0m - \u0110\u00f3ng g\u00f3i: 1 c\u00e1i \/ 1 h\u1ed9p - Th\u1eddi gian: T\u00f9y \u0111\u01a1n h\u00e0ng","og_url":"https:\/\/imrovietnam.com\/en\/product\/vong-deo-tay-chong-tinh-dien-khong-day-leko\/","og_site_name":"IMRO Vietnam","article_modified_time":"2021-09-07T10:07:15+00:00","og_image":[{"width":479,"height":420,"url":"https:\/\/imrovietnam.com\/wp-content\/uploads\/2021\/08\/vong-deo-tay-chong-td.jpg","type":"image\/jpeg"}],"twitter_card":"summary_large_image","twitter_misc":{"Est. reading time":"3 minutes"},"schema":{"@context":"https:\/\/schema.org","@graph":[{"@type":"WebPage","@id":"https:\/\/imrovietnam.com\/en\/product\/vong-deo-tay-chong-tinh-dien-khong-day-leko\/","url":"https:\/\/imrovietnam.com\/en\/product\/vong-deo-tay-chong-tinh-dien-khong-day-leko\/","name":"V\u00f2ng \u0111eo tay ch\u1ed1ng t\u0129nh \u0111i\u1ec7n kh\u00f4ng \u0111\u00e2y Leko - IMRO Vietnam","isPartOf":{"@id":"https:\/\/imrovietnam.com\/#website"},"primaryImageOfPage":{"@id":"https:\/\/imrovietnam.com\/en\/product\/vong-deo-tay-chong-tinh-dien-khong-day-leko\/#primaryimage"},"image":{"@id":"https:\/\/imrovietnam.com\/en\/product\/vong-deo-tay-chong-tinh-dien-khong-day-leko\/#primaryimage"},"thumbnailUrl":"https:\/\/imrovietnam.com\/wp-content\/uploads\/2021\/08\/vong-deo-tay-chong-td.jpg","datePublished":"2021-08-21T10:35:41+00:00","dateModified":"2021-09-07T10:07:15+00:00","breadcrumb":{"@id":"https:\/\/imrovietnam.com\/en\/product\/vong-deo-tay-chong-tinh-dien-khong-day-leko\/#breadcrumb"},"inLanguage":"en-US","potentialAction":[{"@type":"ReadAction","target":["https:\/\/imrovietnam.com\/en\/product\/vong-deo-tay-chong-tinh-dien-khong-day-leko\/"]}]},{"@type":"ImageObject","inLanguage":"en-US","@id":"https:\/\/imrovietnam.com\/en\/product\/vong-deo-tay-chong-tinh-dien-khong-day-leko\/#primaryimage","url":"https:\/\/imrovietnam.com\/wp-content\/uploads\/2021\/08\/vong-deo-tay-chong-td.jpg","contentUrl":"https:\/\/imrovietnam.com\/wp-content\/uploads\/2021\/08\/vong-deo-tay-chong-td.jpg","width":479,"height":420},{"@type":"BreadcrumbList","@id":"https:\/\/imrovietnam.com\/en\/product\/vong-deo-tay-chong-tinh-dien-khong-day-leko\/#breadcrumb","itemListElement":[{"@type":"ListItem","position":1,"name":"Home","item":"https:\/\/imrovietnam.com\/"},{"@type":"ListItem","position":2,"name":"S\u1ea3n ph\u1ea9m","item":"https:\/\/imrovietnam.com\/shop\/"},{"@type":"ListItem","position":3,"name":"V\u00f2ng \u0111eo tay ch\u1ed1ng t\u0129nh \u0111i\u1ec7n kh\u00f4ng \u0111\u00e2y Leko"}]},{"@type":"WebSite","@id":"https:\/\/imrovietnam.com\/#website","url":"https:\/\/imrovietnam.com\/","name":"IMRO Vietnam","description":"Your consumables and spare parts store","potentialAction":[{"@type":"SearchAction","target":{"@type":"EntryPoint","urlTemplate":"https:\/\/imrovietnam.com\/?s={search_term_string}"},"query-input":{"@type":"PropertyValueSpecification","valueRequired":true,"valueName":"search_term_string"}}],"inLanguage":"en-US"}]}},"_links":{"self":[{"href":"https:\/\/imrovietnam.com\/en\/wp-json\/wp\/v2\/product\/2153","targetHints":{"allow":["GET"]}}],"collection":[{"href":"https:\/\/imrovietnam.com\/en\/wp-json\/wp\/v2\/product"}],"about":[{"href":"https:\/\/imrovietnam.com\/en\/wp-json\/wp\/v2\/types\/product"}],"replies":[{"embeddable":true,"href":"https:\/\/imrovietnam.com\/en\/wp-json\/wp\/v2\/comments?post=2153"}],"wp:featuredmedia":[{"embeddable":true,"href":"https:\/\/imrovietnam.com\/en\/wp-json\/wp\/v2\/media\/2154"}],"wp:attachment":[{"href":"https:\/\/imrovietnam.com\/en\/wp-json\/wp\/v2\/media?parent=2153"}],"wp:term":[{"taxonomy":"product_brand","embeddable":true,"href":"https:\/\/imrovietnam.com\/en\/wp-json\/wp\/v2\/product_brand?post=2153"},{"taxonomy":"product_cat","embeddable":true,"href":"https:\/\/imrovietnam.com\/en\/wp-json\/wp\/v2\/product_cat?post=2153"},{"taxonomy":"product_tag","embeddable":true,"href":"https:\/\/imrovietnam.com\/en\/wp-json\/wp\/v2\/product_tag?post=2153"}],"curies":[{"name":"wp","href":"https:\/\/api.w.org\/{rel}","templated":true}]}}