{"id":2150,"date":"2021-08-21T17:32:28","date_gmt":"2021-08-21T10:32:28","guid":{"rendered":"https:\/\/imrovietnam.com\/?post_type=product&#038;p=2150"},"modified":"2021-09-01T10:17:09","modified_gmt":"2021-09-01T03:17:09","slug":"vong-deo-tay-chong-tinh-dien-leko-1-8m","status":"publish","type":"product","link":"https:\/\/imrovietnam.com\/en\/product\/vong-deo-tay-chong-tinh-dien-leko-1-8m\/","title":{"rendered":"V\u00f2ng \u0111eo tay ch\u1ed1ng t\u0129nh \u0111i\u1ec7n Leko 1.8m"},"content":{"rendered":"<p>Ch\u1ea5t li\u1ec7u: PVC, Metal, PU<br \/>\nM\u00e0u s\u1eafc: Xanh<br \/>\nK\u00edch th\u01b0\u1edbc: 1,8 M<br \/>\nT\u00ednh n\u0103ng: Ch\u1ed1ng t\u0129nh \u0111i\u1ec7n<br \/>\nH\u00e3ng : Leko<br \/>\nTh\u1eddi gian: T\u00f9y theo \u0111\u01a1n \u0111\u1eb7t h\u00e0ng<br \/>\n<img loading=\"lazy\" decoding=\"async\" class=\"alignnone size-full wp-image-2151\" src=\"https:\/\/imrovietnam.com\/wp-content\/uploads\/2021\/08\/Vong-deo-tay-chong-tinh-dien-Leko-1.8m.jpg\" alt=\"\" width=\"483\" height=\"424\" srcset=\"https:\/\/imrovietnam.com\/wp-content\/uploads\/2021\/08\/Vong-deo-tay-chong-tinh-dien-Leko-1.8m.jpg 483w, https:\/\/imrovietnam.com\/wp-content\/uploads\/2021\/08\/Vong-deo-tay-chong-tinh-dien-Leko-1.8m-456x400.jpg 456w\" sizes=\"auto, (max-width: 483px) 100vw, 483px\" \/><br \/>\nV\u00f2ng \u0111eo tay ch\u1ed1ng t\u0129nh \u0111i\u1ec7n leko 1m8<br \/>\nS\u1ea3n ph\u1ea9m v\u00f2ng \u0111eo tay ch\u1ed1ng t\u0129nh \u0111i\u1ec7n mang th\u01b0\u01a1ng hi\u1ec7u leko, hay c\u00f2n g\u1ecdi l\u00e0 ESD wrist trap \u0111\u01b0\u1ee3c s\u1eed d\u1ee5ng \u0111\u1ec3 ng\u0103n ch\u1eb7n ph\u00f3ng \u0111i\u1ec7n t\u00edch t\u1eeb c\u00f4ng nh\u00e2n v\u00e0o c\u00e1c thi\u1ebft b\u1ecb \u0111i\u1ec7n t\u1eed ho\u1eb7c c\u00e1c c\u01a1 s\u1edf l\u1eafp r\u00e1p \u0111i\u1ec7n t\u1eed m\u1ed9t c\u00e1ch an to\u00e0n.<\/p>\n<p>Chi ti\u1ebft v\u00f2ng \u0111eo tay ch\u1ed1ng t\u0129nh \u0111i\u1ec7n<\/p>\n<p>Ch\u1ea5t li\u1ec7u: metal, PVC, PU<\/p>\n<p>chi\u1ec1u d\u00e0i ph\u1ed5 bi\u1ebfn: 1,8M; 2,4M v\u00e0 3M<\/p>\n<p>Xu\u1ea5t x\u1ee9: Trung Qu\u1ed1c<\/p>\n<p>M\u00e0u: xanh, \u0111en, tr\u1eafng<\/p>\n<p>V\u00f2ng ch\u1ed1ng t\u0129nh \u0111i\u1ec7n lo\u1ea1i c\u00f3 d\u00e2y<\/p>\n<p>Ch\u1ea5t li\u1ec7u ho\u00e0n to\u00e0n \u0111\u01b0\u1ee3c s\u1eed d\u1ee5ng b\u1eb1ng nh\u1ef1a PVC<\/p>\n<p>V\u00f2ng \u0111eo tay ch\u1ed1ng t\u0129nh \u0111i\u1ec7n Leko<\/p>\n<p>v\u00f2ng \u0111eo tay ch\u1ed1ng t\u0129nh \u0111i\u1ec7n<\/p>\n<p>v\u00f2ng \u0111eo tay ch\u1ed1ng t\u0129nh \u0111i\u1ec7n kh\u00f4ng d\u00e2y<\/p>\n<p>Megaline l\u00e0 \u0111\u01a1n v\u1ecb chuy\u00ean cung c\u1ea5p c\u00e1c thi\u1ebft b\u1ecb ph\u00f2ng s\u1ea1ch cho khu c\u00f4ng nghi\u1ec7p, \u0111\u1eb7c bi\u1ec7t l\u00e0 d\u00e2y ti\u1ebfp \u0111\u1ea5t cho th\u1ea3m cao su v\u00e0 v\u00f2ng tay ch\u1ed1ng t\u0129nh \u0111i\u1ec7n<\/p>\n<p>Trong m\u00f4i tr\u01b0\u1eddng c\u00f4ng nghi\u1ec7p ng\u00e0y nay an to\u00e0n lao \u0111\u1ed9ng kh\u00f4ng ch\u1ec9 c\u00f2n l\u00e0 v\u1ea5n \u0111\u1ec1 cho con ng\u01b0\u1eddi trong s\u1ea3n xu\u1ea5t, h\u01a1n n\u1eefa nh\u1eefng s\u1ea3n ph\u1ea9m thi\u1ebft b\u1ecb \u0111i\u1ec7n t\u1eed kh\u00f4ng \u0111\u01b0\u1ee3c kh\u1eed t\u0129nh \u0111i\u1ec7n th\u00ec s\u1ebd \u0111\u1ec3 l\u1ea1i h\u1eadu qu\u1ea3 kh\u00f4ng l\u01b0\u1eddng tr\u01b0\u1edbc \u0111\u01b0\u1ee3c. Ch\u00fang t\u00f4i lu\u00f4n mang \u0111\u1ebfn v\u00f2ng \u0111eo tay ch\u1ed1ng t\u0129nh \u0111i\u1ec7n cho c\u00e1c b\u1ea1n, nh\u00e0 x\u01b0\u1edfng c\u1ee7a c\u00e1c b\u1ea1n an to\u00e0n c\u1ea3 v\u1ec1 ng\u01b0\u1eddi v\u00e0 v\u1eadt ch\u1ea5t cho doanh nghi\u1ec7p.<\/p>\n<p>\u0110\u1ec3 \u0111\u1ea3m b\u1ea3o h\u00e0ng t\u1ed1t nh\u1ea5t, gi\u00e1 th\u00e0nh r\u1ebb nh\u1ea5t.<\/p>\n<p>H\u00e3y li\u00ean h\u1ec7 v\u1edbi ch\u00fang t\u00f4i khi b\u1ea1n c\u1ea7n<\/p>\n","protected":false},"excerpt":{"rendered":"<p class=\"qtranxs-available-languages-message qtranxs-available-languages-message-en\">Sorry, this entry is only available in <a href=\"https:\/\/imrovietnam.com\/vi\/wp-json\/wp\/v2\/product\/2150\" class=\"qtranxs-available-language-link qtranxs-available-language-link-vi\" title=\"Ti\u1ebfng Vi\u1ec7t\">Ti\u1ebfng Vi\u1ec7t<\/a>.<\/p>\n","protected":false},"featured_media":2151,"comment_status":"open","ping_status":"closed","template":"","meta":[],"product_brand":[],"product_cat":[104],"product_tag":[212],"class_list":{"0":"post-2150","1":"product","2":"type-product","3":"status-publish","4":"has-post-thumbnail","6":"product_cat-thiet-bi-phong-sach","7":"product_tag-vong-deo-tay-chong-tinh-dien-leko-1-8m","9":"first","10":"instock","11":"shipping-taxable","12":"product-type-simple"},"yoast_head":"<!-- This site is optimized with the Yoast SEO Premium plugin v25.0 (Yoast SEO v25.2) - https:\/\/yoast.com\/wordpress\/plugins\/seo\/ -->\n<title>V\u00f2ng \u0111eo tay ch\u1ed1ng t\u0129nh \u0111i\u1ec7n Leko 1.8m - IMRO Vietnam<\/title>\n<meta name=\"robots\" content=\"index, follow, max-snippet:-1, max-image-preview:large, max-video-preview:-1\" \/>\n<link rel=\"canonical\" href=\"https:\/\/imrovietnam.com\/en\/product\/vong-deo-tay-chong-tinh-dien-leko-1-8m\/\" \/>\n<meta property=\"og:locale\" content=\"en_US\" \/>\n<meta property=\"og:type\" content=\"article\" \/>\n<meta property=\"og:title\" content=\"V\u00f2ng \u0111eo tay ch\u1ed1ng t\u0129nh \u0111i\u1ec7n Leko 1.8m\" \/>\n<meta property=\"og:description\" content=\"[:vi]V\u00f2ng \u0111eo tay ch\u1ed1ng t\u0129nh \u0111i\u1ec7n Leko 1.8m[:]\" \/>\n<meta property=\"og:url\" content=\"https:\/\/imrovietnam.com\/en\/product\/vong-deo-tay-chong-tinh-dien-leko-1-8m\/\" \/>\n<meta property=\"og:site_name\" content=\"IMRO Vietnam\" \/>\n<meta property=\"article:modified_time\" content=\"2021-09-01T03:17:09+00:00\" \/>\n<meta property=\"og:image\" content=\"https:\/\/imrovietnam.com\/wp-content\/uploads\/2021\/08\/Vong-deo-tay-chong-tinh-dien-Leko-1.8m.jpg\" \/>\n\t<meta property=\"og:image:width\" content=\"483\" \/>\n\t<meta property=\"og:image:height\" content=\"424\" \/>\n\t<meta property=\"og:image:type\" content=\"image\/jpeg\" \/>\n<meta name=\"twitter:card\" content=\"summary_large_image\" \/>\n<meta name=\"twitter:label1\" content=\"Est. reading time\" \/>\n\t<meta name=\"twitter:data1\" content=\"2 minutes\" \/>\n<script type=\"application\/ld+json\" class=\"yoast-schema-graph\">{\"@context\":\"https:\/\/schema.org\",\"@graph\":[{\"@type\":\"WebPage\",\"@id\":\"https:\/\/imrovietnam.com\/en\/product\/vong-deo-tay-chong-tinh-dien-leko-1-8m\/\",\"url\":\"https:\/\/imrovietnam.com\/en\/product\/vong-deo-tay-chong-tinh-dien-leko-1-8m\/\",\"name\":\"V\u00f2ng \u0111eo tay ch\u1ed1ng t\u0129nh \u0111i\u1ec7n Leko 1.8m - IMRO Vietnam\",\"isPartOf\":{\"@id\":\"https:\/\/imrovietnam.com\/#website\"},\"primaryImageOfPage\":{\"@id\":\"https:\/\/imrovietnam.com\/en\/product\/vong-deo-tay-chong-tinh-dien-leko-1-8m\/#primaryimage\"},\"image\":{\"@id\":\"https:\/\/imrovietnam.com\/en\/product\/vong-deo-tay-chong-tinh-dien-leko-1-8m\/#primaryimage\"},\"thumbnailUrl\":\"https:\/\/imrovietnam.com\/wp-content\/uploads\/2021\/08\/Vong-deo-tay-chong-tinh-dien-Leko-1.8m.jpg\",\"datePublished\":\"2021-08-21T10:32:28+00:00\",\"dateModified\":\"2021-09-01T03:17:09+00:00\",\"breadcrumb\":{\"@id\":\"https:\/\/imrovietnam.com\/en\/product\/vong-deo-tay-chong-tinh-dien-leko-1-8m\/#breadcrumb\"},\"inLanguage\":\"en-US\",\"potentialAction\":[{\"@type\":\"ReadAction\",\"target\":[\"https:\/\/imrovietnam.com\/en\/product\/vong-deo-tay-chong-tinh-dien-leko-1-8m\/\"]}]},{\"@type\":\"ImageObject\",\"inLanguage\":\"en-US\",\"@id\":\"https:\/\/imrovietnam.com\/en\/product\/vong-deo-tay-chong-tinh-dien-leko-1-8m\/#primaryimage\",\"url\":\"https:\/\/imrovietnam.com\/wp-content\/uploads\/2021\/08\/Vong-deo-tay-chong-tinh-dien-Leko-1.8m.jpg\",\"contentUrl\":\"https:\/\/imrovietnam.com\/wp-content\/uploads\/2021\/08\/Vong-deo-tay-chong-tinh-dien-Leko-1.8m.jpg\",\"width\":483,\"height\":424},{\"@type\":\"BreadcrumbList\",\"@id\":\"https:\/\/imrovietnam.com\/en\/product\/vong-deo-tay-chong-tinh-dien-leko-1-8m\/#breadcrumb\",\"itemListElement\":[{\"@type\":\"ListItem\",\"position\":1,\"name\":\"Home\",\"item\":\"https:\/\/imrovietnam.com\/\"},{\"@type\":\"ListItem\",\"position\":2,\"name\":\"S\u1ea3n ph\u1ea9m\",\"item\":\"https:\/\/imrovietnam.com\/shop\/\"},{\"@type\":\"ListItem\",\"position\":3,\"name\":\"V\u00f2ng \u0111eo tay ch\u1ed1ng t\u0129nh \u0111i\u1ec7n Leko 1.8m\"}]},{\"@type\":\"WebSite\",\"@id\":\"https:\/\/imrovietnam.com\/#website\",\"url\":\"https:\/\/imrovietnam.com\/\",\"name\":\"IMRO Vietnam\",\"description\":\"Your consumables and spare parts store\",\"potentialAction\":[{\"@type\":\"SearchAction\",\"target\":{\"@type\":\"EntryPoint\",\"urlTemplate\":\"https:\/\/imrovietnam.com\/?s={search_term_string}\"},\"query-input\":{\"@type\":\"PropertyValueSpecification\",\"valueRequired\":true,\"valueName\":\"search_term_string\"}}],\"inLanguage\":\"en-US\"}]}<\/script>\n<!-- \/ Yoast SEO Premium plugin. -->","yoast_head_json":{"title":"V\u00f2ng \u0111eo tay ch\u1ed1ng t\u0129nh \u0111i\u1ec7n Leko 1.8m - IMRO Vietnam","robots":{"index":"index","follow":"follow","max-snippet":"max-snippet:-1","max-image-preview":"max-image-preview:large","max-video-preview":"max-video-preview:-1"},"canonical":"https:\/\/imrovietnam.com\/en\/product\/vong-deo-tay-chong-tinh-dien-leko-1-8m\/","og_locale":"en_US","og_type":"article","og_title":"V\u00f2ng \u0111eo tay ch\u1ed1ng t\u0129nh \u0111i\u1ec7n Leko 1.8m","og_description":"[:vi]V\u00f2ng \u0111eo tay ch\u1ed1ng t\u0129nh \u0111i\u1ec7n Leko 1.8m[:]","og_url":"https:\/\/imrovietnam.com\/en\/product\/vong-deo-tay-chong-tinh-dien-leko-1-8m\/","og_site_name":"IMRO Vietnam","article_modified_time":"2021-09-01T03:17:09+00:00","og_image":[{"width":483,"height":424,"url":"https:\/\/imrovietnam.com\/wp-content\/uploads\/2021\/08\/Vong-deo-tay-chong-tinh-dien-Leko-1.8m.jpg","type":"image\/jpeg"}],"twitter_card":"summary_large_image","twitter_misc":{"Est. reading time":"2 minutes"},"schema":{"@context":"https:\/\/schema.org","@graph":[{"@type":"WebPage","@id":"https:\/\/imrovietnam.com\/en\/product\/vong-deo-tay-chong-tinh-dien-leko-1-8m\/","url":"https:\/\/imrovietnam.com\/en\/product\/vong-deo-tay-chong-tinh-dien-leko-1-8m\/","name":"V\u00f2ng \u0111eo tay ch\u1ed1ng t\u0129nh \u0111i\u1ec7n Leko 1.8m - IMRO Vietnam","isPartOf":{"@id":"https:\/\/imrovietnam.com\/#website"},"primaryImageOfPage":{"@id":"https:\/\/imrovietnam.com\/en\/product\/vong-deo-tay-chong-tinh-dien-leko-1-8m\/#primaryimage"},"image":{"@id":"https:\/\/imrovietnam.com\/en\/product\/vong-deo-tay-chong-tinh-dien-leko-1-8m\/#primaryimage"},"thumbnailUrl":"https:\/\/imrovietnam.com\/wp-content\/uploads\/2021\/08\/Vong-deo-tay-chong-tinh-dien-Leko-1.8m.jpg","datePublished":"2021-08-21T10:32:28+00:00","dateModified":"2021-09-01T03:17:09+00:00","breadcrumb":{"@id":"https:\/\/imrovietnam.com\/en\/product\/vong-deo-tay-chong-tinh-dien-leko-1-8m\/#breadcrumb"},"inLanguage":"en-US","potentialAction":[{"@type":"ReadAction","target":["https:\/\/imrovietnam.com\/en\/product\/vong-deo-tay-chong-tinh-dien-leko-1-8m\/"]}]},{"@type":"ImageObject","inLanguage":"en-US","@id":"https:\/\/imrovietnam.com\/en\/product\/vong-deo-tay-chong-tinh-dien-leko-1-8m\/#primaryimage","url":"https:\/\/imrovietnam.com\/wp-content\/uploads\/2021\/08\/Vong-deo-tay-chong-tinh-dien-Leko-1.8m.jpg","contentUrl":"https:\/\/imrovietnam.com\/wp-content\/uploads\/2021\/08\/Vong-deo-tay-chong-tinh-dien-Leko-1.8m.jpg","width":483,"height":424},{"@type":"BreadcrumbList","@id":"https:\/\/imrovietnam.com\/en\/product\/vong-deo-tay-chong-tinh-dien-leko-1-8m\/#breadcrumb","itemListElement":[{"@type":"ListItem","position":1,"name":"Home","item":"https:\/\/imrovietnam.com\/"},{"@type":"ListItem","position":2,"name":"S\u1ea3n ph\u1ea9m","item":"https:\/\/imrovietnam.com\/shop\/"},{"@type":"ListItem","position":3,"name":"V\u00f2ng \u0111eo tay ch\u1ed1ng t\u0129nh \u0111i\u1ec7n Leko 1.8m"}]},{"@type":"WebSite","@id":"https:\/\/imrovietnam.com\/#website","url":"https:\/\/imrovietnam.com\/","name":"IMRO Vietnam","description":"Your consumables and spare parts store","potentialAction":[{"@type":"SearchAction","target":{"@type":"EntryPoint","urlTemplate":"https:\/\/imrovietnam.com\/?s={search_term_string}"},"query-input":{"@type":"PropertyValueSpecification","valueRequired":true,"valueName":"search_term_string"}}],"inLanguage":"en-US"}]}},"_links":{"self":[{"href":"https:\/\/imrovietnam.com\/en\/wp-json\/wp\/v2\/product\/2150","targetHints":{"allow":["GET"]}}],"collection":[{"href":"https:\/\/imrovietnam.com\/en\/wp-json\/wp\/v2\/product"}],"about":[{"href":"https:\/\/imrovietnam.com\/en\/wp-json\/wp\/v2\/types\/product"}],"replies":[{"embeddable":true,"href":"https:\/\/imrovietnam.com\/en\/wp-json\/wp\/v2\/comments?post=2150"}],"wp:featuredmedia":[{"embeddable":true,"href":"https:\/\/imrovietnam.com\/en\/wp-json\/wp\/v2\/media\/2151"}],"wp:attachment":[{"href":"https:\/\/imrovietnam.com\/en\/wp-json\/wp\/v2\/media?parent=2150"}],"wp:term":[{"taxonomy":"product_brand","embeddable":true,"href":"https:\/\/imrovietnam.com\/en\/wp-json\/wp\/v2\/product_brand?post=2150"},{"taxonomy":"product_cat","embeddable":true,"href":"https:\/\/imrovietnam.com\/en\/wp-json\/wp\/v2\/product_cat?post=2150"},{"taxonomy":"product_tag","embeddable":true,"href":"https:\/\/imrovietnam.com\/en\/wp-json\/wp\/v2\/product_tag?post=2150"}],"curies":[{"name":"wp","href":"https:\/\/api.w.org\/{rel}","templated":true}]}}