{"id":2147,"date":"2021-08-21T17:30:11","date_gmt":"2021-08-21T10:30:11","guid":{"rendered":"https:\/\/imrovietnam.com\/?post_type=product&#038;p=2147"},"modified":"2021-09-07T15:17:50","modified_gmt":"2021-09-07T08:17:50","slug":"day-tiep-dat-chong-tinh-dien-1-sao-1-kep","status":"publish","type":"product","link":"https:\/\/imrovietnam.com\/en\/product\/day-tiep-dat-chong-tinh-dien-1-sao-1-kep\/","title":{"rendered":"D\u00e2y ti\u1ebfp \u0111\u1ea5t ch\u1ed1ng t\u0129nh \u0111i\u1ec7n 1 sao 1 k\u1eb9p"},"content":{"rendered":"<p>\u0110i\u1ec1u \u0111\u1ea7u ti\u00ean ta n\u00ean bi\u1ebft d\u00e2y ti\u1ebfp \u0111\u1ecba l\u00e0 g\u00ec<\/p>\n<p>D\u00e2y ti\u1ebfp \u0111\u1ecba l\u00e0 1 kh\u00e1i ni\u00eam kh\u00e1 xa l\u1ea1 v\u1edbi m\u1ecdi ng\u01b0\u1eddi nh\u01b0ng n\u00f3 r\u1ea5t ph\u1ed5 th\u00f4ng trong v\u00e0 ch\u1eb3ng c\u00f3 g\u00ec l\u1ea1 l\u1eabm \u0111\u1ed1i v\u1edbi ng\u00e0nh c\u00f4ng nghi\u1ec7p s\u1ea3n xu\u1ea5t v\u00e0 m\u00f4i tr\u01b0\u1eddng ph\u00f2ng s\u1ea1ch.<\/p>\n<p>C\u00e1ch th\u1ee9c nh\u1eadn bi\u1ebft c\u1ee7a d\u00e2y ti\u1ebfp \u0111\u1ea5t ch\u1ed1ng t\u0129nh \u0111i\u1ec7n<br \/>\nD\u00e2y ti\u1ebfp \u0111\u1ea5t ch\u1ed1ng t\u0129nh \u0111i\u1ec7n c\u1ea5u t\u1ea1o g\u1ed3m 3 ph\u1ea7n: d\u00e2y lo xo \u0111\u00e0n h\u1ed3i, \u0111\u1ea7u k\u1eb9p, m\u00f3c b\u00e1m sao<br \/>\nTr\u00ean m\u00f3c b\u00e1m sao \u0111\u01b0\u1ee3c trang b\u1ecb c\u00e1c t\u1ea5m gi\u1ea3m t\u0129nh \u0111i\u1ec7n<br \/>\nD\u00e2y l\u00f2 xo \u0111\u00e0n h\u1ed3i gi\u00fap cho vi\u1ec7c co d\u00e3n \u0111\u01b0\u1ee3c t\u1ed1t h\u01a1n, c\u00f3 th\u1ec3 d\u1ec5 d\u00e0ng \u0111i\u1ec1u ch\u1ec9nh \u0111\u1ed9 d\u00e0i c\u1ee7a d\u00e2y theo nhu c\u1ea7u c\u1ee7a kh\u00e1ch h\u00e0ng, chi\u1ec1u d\u00e0i c\u1ee7a d\u00e2y ph\u1ed5 th\u00f4ng 1m8, 2m4&#8230; Kh\u00e1ch h\u00e0ng c\u00f3 th\u1ec3 t\u1ef1 \u0111\u01b0a ra y\u00eau c\u1ea7u thi\u1ebft k\u1ebf \u0111\u1ed9 d\u00e0i cho d\u00e2y sao cho ph\u00f9 h\u1ee3p vs nhu c\u1ea7u c\u1ee7a m\u00ecnh nh\u1ea5t.<br \/>\nD\u00e2y ti\u1ebfp \u0111\u1ea5t cho th\u1ea3m cao su \u0111\u01b0\u1ee3c l\u00e0m b\u1eb1ng ch\u1ea5t li\u1ec7u nh\u01b0 nh\u00f4m, PVC c\u00f3 \u0111\u1ed9 co gi\u00e3n \u0111\u00e0n h\u1ed3i c\u1ef1c t\u1ed1t, th\u00eam v\u00e0o \u0111\u00f3 l\u00e0 c\u00f3 1 \u0111\u1ea7u k\u1eb9p thu\u1eadn ti\u1ec7n cho vi\u1ec7c l\u1eafp \u0111\u1eb7t tr\u1ef1c ti\u1ebfp tr\u00ean t\u1ea5m th\u1ea3m<br \/>\nM\u00e0u s\u1eafc ph\u1ed5 bi\u1ec3n c\u1ee7a d\u00e2y l\u00e0 2 m\u00e0u \u0111en ho\u1eb7c xanh, qu\u00fd kh\u00e1ch c\u00f3 th\u1ec3 t\u1ef1 \u0111\u01b0a ra y\u00eau c\u1ea7u v\u1ec1 m\u00e0u s\u1eafc cho d\u00e2y<br \/>\nD\u00e2y ti\u1ebfp \u0111\u1ea5t c\u00f2n c\u00f3 c\u00e1c t\u00ean g\u1ecdi kh\u00e1c nh\u01b0 d\u00e2y ti\u1ebfp \u0111\u1ecba, d\u00e2y t\u0129nh \u0111i\u1ec7n,<br \/>\nd\u00e2y ti\u1ebfp \u0111\u1ea5t ch\u1ed1ng t\u0129nh \u0111i\u1ec7n<\/p>\n<p><img loading=\"lazy\" decoding=\"async\" class=\"aligncenter wp-image-2148 size-full\" style=\"color: #555555;\" src=\"https:\/\/imrovietnam.com\/wp-content\/uploads\/2021\/08\/Kep-tiep-dat.jpg\" alt=\"D\u00e2y ti\u1ebfp \u0111\u1ea5t ch\u1ed1ng t\u0129nh \u0111i\u1ec7n 1 sao 1 k\u1eb9p\" width=\"482\" height=\"418\" srcset=\"https:\/\/imrovietnam.com\/wp-content\/uploads\/2021\/08\/Kep-tiep-dat.jpg 482w, https:\/\/imrovietnam.com\/wp-content\/uploads\/2021\/08\/Kep-tiep-dat-461x400.jpg 461w\" sizes=\"auto, (max-width: 482px) 100vw, 482px\" \/><\/p>\n<p>&nbsp;<\/p>\n<p>T\u00e1c d\u1ee5ng c\u1ee7a d\u00e2y ti\u1ebfp \u0111\u1ecba v\u1edbi \u0111\u1eddi s\u1ed1ng th\u1ef1c t\u1ebf<br \/>\nD\u00e2y ti\u1ebfp \u0111\u1ea5t ch\u1ed1ng t\u0129nh \u0111i\u1ec7n \u0111\u01b0\u1ee3c s\u1eed d\u1ee5ng trong m\u00f4i tr\u01b0\u1eddng l\u00e0m vi\u1ec7c \u1edf c\u00e1c khu c\u00f4ng nghi\u1ec7p c\u00f3 t\u00e1c d\u1ee5ng l\u00e0m gi\u1ea3m v\u00e0 ch\u1ed1ng t\u0129nh \u0111i\u1ec7n tr\u00ean c\u00e1c b\u1ec1 m\u1eb7t \u0111\u1ec3 \u0111\u1ea3m b\u1ea3o an to\u00e0n trong khi l\u00e0m vi\u1ec7c<br \/>\nD\u00e2y ch\u1ed1ng t\u0129nh \u0111i\u1ec7n<br \/>\nth\u01b0\u1eddng \u0111\u01b0\u1ee3c s\u1eed d\u1ee5ng trong vi\u1ec7c l\u00e0m li\u00ean quan \u0111\u1ebfn ng\u00e0y s\u1ea3n xu\u1ea5t linh ki\u1ec7n \u0111i\u1ec7n t\u1eed, c\u00e1c b\u1ea3ng m\u1ea1ch m\u00e1y t\u00ednh, m\u00e1y \u0111i\u1ec7n tho\u1ea1i, s\u1ea3n xu\u1ea5t h\u00f3a ch\u1ea5t v\u00e0 ng\u00e0nh th\u00f4ng tin qu\u00e2n s\u1ef1<br \/>\nNguy\u00ean l\u00ed ho\u1ea1t \u0111\u1ed9ng v\u00e0 c\u00e1ch s\u1eed d\u1ee5ng c\u1ee7a d\u00e2y ti\u1ebfp \u0111\u1ea5t ch\u1ed1ng t\u00ednh \u0111i\u1ec7n<br \/>\nNg\u01b0\u1eddi s\u1eed d\u1ee5ng n\u00ean \u0111eo d\u00e2y v\u00e0o tay ho\u1eb7c ch\u00e2n tr\u01b0\u1edbc khi l\u00e0m vi\u1ec7c, ti\u1ebfp x\u00fac v\u1edbi c\u00e1c thi\u1ebft b\u1ecb \u0111i\u1ec7n \u0111\u1ec3 l\u00e0m gi\u1ea3m l\u01b0\u1ee3ng t\u00edch \u0111i\u1ec7n tr\u00ean c\u01a1 th\u1ec3 tr\u00e1nh vi\u1ec7c g\u00e2y ra h\u01b0 h\u1ea1i cho c\u00e1c thi\u1ebft b\u1ecb l\u00e0m vi\u1ec7c xung quanh<\/p>\n<p>Qu\u00fd kh\u00e1ch h\u00e0ng \u0111ang ph\u00e2n v\u00e2n kh\u00f4ng bi\u1ebft l\u1ef1a ch\u1ecdn s\u1ea3n ph\u1ea9m c\u1ee7a c\u00f4ng ty n\u00e0o cho uy t\u00edn, \u0111\u1eebng lo h\u00e3y \u0111\u1ebfn ngay v\u1edbi ch\u00fang t\u00f4i, c\u00f4ng ty TNHH IMRO chuy\u00ean cung c\u1ea5p v\u00e0 ph\u00e2n ph\u1ed1i t\u1ea5t c\u1ea3 c\u00e1c thi\u1ebft b\u1ecb li\u00ean quan \u0111\u1ebfn ph\u00f2ng s\u1ea1ch v\u1edbi gi\u00e1 c\u1ea3 c\u1ea1nh tranh nh\u1ea5t th\u1ecb tr\u01b0\u1eddng&#8230;<\/p>\n","protected":false},"excerpt":{"rendered":"<p>&#8211; Lo\u1ea1i: 1 \u0111\u1ea7u sao \/ 1 \u0111\u1ea7u k\u1eb9p<br \/>\n&#8211; K\u00edch th\u01b0\u1edbc: 2,4m<br \/>\n&#8211; \u0110\u01b0\u1eddng k\u00ednh d\u00e2y: 2.4mm<br \/>\n&#8211; Tinh n\u0103ng: D\u00e2y n\u1ed1i ch\u1ed1ng t\u0129nh \u0111i\u1ec7n<\/p>\n","protected":false},"featured_media":2148,"comment_status":"open","ping_status":"closed","template":"","meta":[],"product_brand":[],"product_cat":[104],"product_tag":[337,338,211,307,305,325,303,336],"class_list":{"0":"post-2147","1":"product","2":"type-product","3":"status-publish","4":"has-post-thumbnail","6":"product_cat-thiet-bi-phong-sach","7":"product_tag-co-tay","8":"product_tag-day-noi","9":"product_tag-day-tiep-dat-chong-tinh-dien-1-sao-1-kep","10":"product_tag-dien-tu","11":"product_tag-esd","12":"product_tag-nha-may","13":"product_tag-tinh-dien","14":"product_tag-wrist","16":"first","17":"instock","18":"shipping-taxable","19":"product-type-simple"},"yoast_head":"<!-- This site is optimized with the Yoast SEO Premium plugin v25.0 (Yoast SEO v25.2) - https:\/\/yoast.com\/wordpress\/plugins\/seo\/ -->\n<title>D\u00e2y ti\u1ebfp \u0111\u1ea5t ch\u1ed1ng t\u0129nh \u0111i\u1ec7n 1 sao 1 k\u1eb9p - IMRO Vietnam<\/title>\n<meta name=\"robots\" content=\"index, follow, max-snippet:-1, max-image-preview:large, max-video-preview:-1\" \/>\n<link rel=\"canonical\" href=\"https:\/\/imrovietnam.com\/en\/product\/day-tiep-dat-chong-tinh-dien-1-sao-1-kep\/\" \/>\n<meta property=\"og:locale\" content=\"en_US\" \/>\n<meta property=\"og:type\" content=\"article\" \/>\n<meta property=\"og:title\" content=\"D\u00e2y ti\u1ebfp \u0111\u1ea5t ch\u1ed1ng t\u0129nh \u0111i\u1ec7n 1 sao 1 k\u1eb9p\" \/>\n<meta property=\"og:description\" content=\"- Lo\u1ea1i: 1 \u0111\u1ea7u sao \/ 1 \u0111\u1ea7u k\u1eb9p - K\u00edch th\u01b0\u1edbc: 2,4m - \u0110\u01b0\u1eddng k\u00ednh d\u00e2y: 2.4mm - Tinh n\u0103ng: D\u00e2y n\u1ed1i ch\u1ed1ng t\u0129nh \u0111i\u1ec7n\" \/>\n<meta property=\"og:url\" content=\"https:\/\/imrovietnam.com\/en\/product\/day-tiep-dat-chong-tinh-dien-1-sao-1-kep\/\" \/>\n<meta property=\"og:site_name\" content=\"IMRO Vietnam\" \/>\n<meta property=\"article:modified_time\" content=\"2021-09-07T08:17:50+00:00\" \/>\n<meta property=\"og:image\" content=\"https:\/\/imrovietnam.com\/wp-content\/uploads\/2021\/08\/Kep-tiep-dat.jpg\" \/>\n\t<meta property=\"og:image:width\" content=\"482\" \/>\n\t<meta property=\"og:image:height\" content=\"418\" \/>\n\t<meta property=\"og:image:type\" content=\"image\/jpeg\" \/>\n<meta name=\"twitter:card\" content=\"summary_large_image\" \/>\n<meta name=\"twitter:label1\" content=\"Est. reading time\" \/>\n\t<meta name=\"twitter:data1\" content=\"4 minutes\" \/>\n<script type=\"application\/ld+json\" class=\"yoast-schema-graph\">{\"@context\":\"https:\/\/schema.org\",\"@graph\":[{\"@type\":\"WebPage\",\"@id\":\"https:\/\/imrovietnam.com\/en\/product\/day-tiep-dat-chong-tinh-dien-1-sao-1-kep\/\",\"url\":\"https:\/\/imrovietnam.com\/en\/product\/day-tiep-dat-chong-tinh-dien-1-sao-1-kep\/\",\"name\":\"D\u00e2y ti\u1ebfp \u0111\u1ea5t ch\u1ed1ng t\u0129nh \u0111i\u1ec7n 1 sao 1 k\u1eb9p - IMRO Vietnam\",\"isPartOf\":{\"@id\":\"https:\/\/imrovietnam.com\/#website\"},\"primaryImageOfPage\":{\"@id\":\"https:\/\/imrovietnam.com\/en\/product\/day-tiep-dat-chong-tinh-dien-1-sao-1-kep\/#primaryimage\"},\"image\":{\"@id\":\"https:\/\/imrovietnam.com\/en\/product\/day-tiep-dat-chong-tinh-dien-1-sao-1-kep\/#primaryimage\"},\"thumbnailUrl\":\"https:\/\/imrovietnam.com\/wp-content\/uploads\/2021\/08\/Kep-tiep-dat.jpg\",\"datePublished\":\"2021-08-21T10:30:11+00:00\",\"dateModified\":\"2021-09-07T08:17:50+00:00\",\"breadcrumb\":{\"@id\":\"https:\/\/imrovietnam.com\/en\/product\/day-tiep-dat-chong-tinh-dien-1-sao-1-kep\/#breadcrumb\"},\"inLanguage\":\"en-US\",\"potentialAction\":[{\"@type\":\"ReadAction\",\"target\":[\"https:\/\/imrovietnam.com\/en\/product\/day-tiep-dat-chong-tinh-dien-1-sao-1-kep\/\"]}]},{\"@type\":\"ImageObject\",\"inLanguage\":\"en-US\",\"@id\":\"https:\/\/imrovietnam.com\/en\/product\/day-tiep-dat-chong-tinh-dien-1-sao-1-kep\/#primaryimage\",\"url\":\"https:\/\/imrovietnam.com\/wp-content\/uploads\/2021\/08\/Kep-tiep-dat.jpg\",\"contentUrl\":\"https:\/\/imrovietnam.com\/wp-content\/uploads\/2021\/08\/Kep-tiep-dat.jpg\",\"width\":482,\"height\":418},{\"@type\":\"BreadcrumbList\",\"@id\":\"https:\/\/imrovietnam.com\/en\/product\/day-tiep-dat-chong-tinh-dien-1-sao-1-kep\/#breadcrumb\",\"itemListElement\":[{\"@type\":\"ListItem\",\"position\":1,\"name\":\"Home\",\"item\":\"https:\/\/imrovietnam.com\/\"},{\"@type\":\"ListItem\",\"position\":2,\"name\":\"S\u1ea3n ph\u1ea9m\",\"item\":\"https:\/\/imrovietnam.com\/shop\/\"},{\"@type\":\"ListItem\",\"position\":3,\"name\":\"D\u00e2y ti\u1ebfp \u0111\u1ea5t ch\u1ed1ng t\u0129nh \u0111i\u1ec7n 1 sao 1 k\u1eb9p\"}]},{\"@type\":\"WebSite\",\"@id\":\"https:\/\/imrovietnam.com\/#website\",\"url\":\"https:\/\/imrovietnam.com\/\",\"name\":\"IMRO Vietnam\",\"description\":\"Your consumables and spare parts store\",\"potentialAction\":[{\"@type\":\"SearchAction\",\"target\":{\"@type\":\"EntryPoint\",\"urlTemplate\":\"https:\/\/imrovietnam.com\/?s={search_term_string}\"},\"query-input\":{\"@type\":\"PropertyValueSpecification\",\"valueRequired\":true,\"valueName\":\"search_term_string\"}}],\"inLanguage\":\"en-US\"}]}<\/script>\n<!-- \/ Yoast SEO Premium plugin. -->","yoast_head_json":{"title":"D\u00e2y ti\u1ebfp \u0111\u1ea5t ch\u1ed1ng t\u0129nh \u0111i\u1ec7n 1 sao 1 k\u1eb9p - IMRO Vietnam","robots":{"index":"index","follow":"follow","max-snippet":"max-snippet:-1","max-image-preview":"max-image-preview:large","max-video-preview":"max-video-preview:-1"},"canonical":"https:\/\/imrovietnam.com\/en\/product\/day-tiep-dat-chong-tinh-dien-1-sao-1-kep\/","og_locale":"en_US","og_type":"article","og_title":"D\u00e2y ti\u1ebfp \u0111\u1ea5t ch\u1ed1ng t\u0129nh \u0111i\u1ec7n 1 sao 1 k\u1eb9p","og_description":"- Lo\u1ea1i: 1 \u0111\u1ea7u sao \/ 1 \u0111\u1ea7u k\u1eb9p - K\u00edch th\u01b0\u1edbc: 2,4m - \u0110\u01b0\u1eddng k\u00ednh d\u00e2y: 2.4mm - Tinh n\u0103ng: D\u00e2y n\u1ed1i ch\u1ed1ng t\u0129nh \u0111i\u1ec7n","og_url":"https:\/\/imrovietnam.com\/en\/product\/day-tiep-dat-chong-tinh-dien-1-sao-1-kep\/","og_site_name":"IMRO Vietnam","article_modified_time":"2021-09-07T08:17:50+00:00","og_image":[{"width":482,"height":418,"url":"https:\/\/imrovietnam.com\/wp-content\/uploads\/2021\/08\/Kep-tiep-dat.jpg","type":"image\/jpeg"}],"twitter_card":"summary_large_image","twitter_misc":{"Est. reading time":"4 minutes"},"schema":{"@context":"https:\/\/schema.org","@graph":[{"@type":"WebPage","@id":"https:\/\/imrovietnam.com\/en\/product\/day-tiep-dat-chong-tinh-dien-1-sao-1-kep\/","url":"https:\/\/imrovietnam.com\/en\/product\/day-tiep-dat-chong-tinh-dien-1-sao-1-kep\/","name":"D\u00e2y ti\u1ebfp \u0111\u1ea5t ch\u1ed1ng t\u0129nh \u0111i\u1ec7n 1 sao 1 k\u1eb9p - IMRO Vietnam","isPartOf":{"@id":"https:\/\/imrovietnam.com\/#website"},"primaryImageOfPage":{"@id":"https:\/\/imrovietnam.com\/en\/product\/day-tiep-dat-chong-tinh-dien-1-sao-1-kep\/#primaryimage"},"image":{"@id":"https:\/\/imrovietnam.com\/en\/product\/day-tiep-dat-chong-tinh-dien-1-sao-1-kep\/#primaryimage"},"thumbnailUrl":"https:\/\/imrovietnam.com\/wp-content\/uploads\/2021\/08\/Kep-tiep-dat.jpg","datePublished":"2021-08-21T10:30:11+00:00","dateModified":"2021-09-07T08:17:50+00:00","breadcrumb":{"@id":"https:\/\/imrovietnam.com\/en\/product\/day-tiep-dat-chong-tinh-dien-1-sao-1-kep\/#breadcrumb"},"inLanguage":"en-US","potentialAction":[{"@type":"ReadAction","target":["https:\/\/imrovietnam.com\/en\/product\/day-tiep-dat-chong-tinh-dien-1-sao-1-kep\/"]}]},{"@type":"ImageObject","inLanguage":"en-US","@id":"https:\/\/imrovietnam.com\/en\/product\/day-tiep-dat-chong-tinh-dien-1-sao-1-kep\/#primaryimage","url":"https:\/\/imrovietnam.com\/wp-content\/uploads\/2021\/08\/Kep-tiep-dat.jpg","contentUrl":"https:\/\/imrovietnam.com\/wp-content\/uploads\/2021\/08\/Kep-tiep-dat.jpg","width":482,"height":418},{"@type":"BreadcrumbList","@id":"https:\/\/imrovietnam.com\/en\/product\/day-tiep-dat-chong-tinh-dien-1-sao-1-kep\/#breadcrumb","itemListElement":[{"@type":"ListItem","position":1,"name":"Home","item":"https:\/\/imrovietnam.com\/"},{"@type":"ListItem","position":2,"name":"S\u1ea3n ph\u1ea9m","item":"https:\/\/imrovietnam.com\/shop\/"},{"@type":"ListItem","position":3,"name":"D\u00e2y ti\u1ebfp \u0111\u1ea5t ch\u1ed1ng t\u0129nh \u0111i\u1ec7n 1 sao 1 k\u1eb9p"}]},{"@type":"WebSite","@id":"https:\/\/imrovietnam.com\/#website","url":"https:\/\/imrovietnam.com\/","name":"IMRO Vietnam","description":"Your consumables and spare parts store","potentialAction":[{"@type":"SearchAction","target":{"@type":"EntryPoint","urlTemplate":"https:\/\/imrovietnam.com\/?s={search_term_string}"},"query-input":{"@type":"PropertyValueSpecification","valueRequired":true,"valueName":"search_term_string"}}],"inLanguage":"en-US"}]}},"_links":{"self":[{"href":"https:\/\/imrovietnam.com\/en\/wp-json\/wp\/v2\/product\/2147","targetHints":{"allow":["GET"]}}],"collection":[{"href":"https:\/\/imrovietnam.com\/en\/wp-json\/wp\/v2\/product"}],"about":[{"href":"https:\/\/imrovietnam.com\/en\/wp-json\/wp\/v2\/types\/product"}],"replies":[{"embeddable":true,"href":"https:\/\/imrovietnam.com\/en\/wp-json\/wp\/v2\/comments?post=2147"}],"wp:featuredmedia":[{"embeddable":true,"href":"https:\/\/imrovietnam.com\/en\/wp-json\/wp\/v2\/media\/2148"}],"wp:attachment":[{"href":"https:\/\/imrovietnam.com\/en\/wp-json\/wp\/v2\/media?parent=2147"}],"wp:term":[{"taxonomy":"product_brand","embeddable":true,"href":"https:\/\/imrovietnam.com\/en\/wp-json\/wp\/v2\/product_brand?post=2147"},{"taxonomy":"product_cat","embeddable":true,"href":"https:\/\/imrovietnam.com\/en\/wp-json\/wp\/v2\/product_cat?post=2147"},{"taxonomy":"product_tag","embeddable":true,"href":"https:\/\/imrovietnam.com\/en\/wp-json\/wp\/v2\/product_tag?post=2147"}],"curies":[{"name":"wp","href":"https:\/\/api.w.org\/{rel}","templated":true}]}}