{"id":2141,"date":"2021-08-21T17:23:56","date_gmt":"2021-08-21T10:23:56","guid":{"rendered":"https:\/\/imrovietnam.com\/?post_type=product&#038;p=2141"},"modified":"2021-09-07T16:48:56","modified_gmt":"2021-09-07T09:48:56","slug":"rem-pvc-chong-tinh-dien-200x2mmx50m-xanh-ngoc-xanh-blue","status":"publish","type":"product","link":"https:\/\/imrovietnam.com\/en\/product\/rem-pvc-chong-tinh-dien-200x2mmx50m-xanh-ngoc-xanh-blue\/","title":{"rendered":"R\u00e8m PVC ch\u1ed1ng t\u0129nh \u0111i\u1ec7n 200x2mmx50m Xanh ng\u1ecdc, Xanh blue"},"content":{"rendered":"<p>R\u00e8m, m\u00e0ng, m\u00e0nh nh\u1ef1a PVC ph\u00f2ng s\u1ea1ch ch\u1ed1ng t\u0129nh \u0111i\u1ec7n<br \/>\nM\u00e0n nh\u1ef1a PVC c\u00f3 t\u00edch h\u1ee3p kh\u1ea3 n\u0103ng ch\u1ed1ng t\u0129nh \u0111i\u1ec7n v\u00f4 c\u00f9ng t\u1ed1t l\u00e0 n\u00f3 truy\u1ec1n d\u1eabn c\u00e1c m\u1ea1ch \u0111i\u1ec7n t\u1eeb tr\u00ean link ki\u1ec7n \u0111i\u1ec7n t\u1eed \u0111\u1ec3 ng\u0103n kh\u00f4ng cho hi\u1ec7n t\u01b0\u1ee3ng sung m\u1ea1ch x\u1ea3y ra. S\u1ea3n ph\u1ea9m n\u00e0y ph\u00f9 h\u1ee3p s\u1eed d\u1ee5ng trong c\u00e1c trung t\u00e2m nh\u00e0 m\u00e1y nghi\u00ean c\u1ee9u v\u00e0 s\u1ea3n xu\u1ea5t linh ki\u1ec7n \u0111i\u1ec7n t\u1eed, c\u00e1c nh\u00e0 m\u00e1y, x\u00ed nghi\u1ec7p s\u1ea3n xu\u1ea5t c\u00f4ng ngh\u1ec7, nh\u1eefng n\u01a1i \u0111\u00f2i h\u1ecfi ti\u00eau chu\u1ea9n cao v\u1ec1 an to\u00e0n ph\u00f2ng s\u1ea1ch<\/p>\n<p><img loading=\"lazy\" decoding=\"async\" class=\"aligncenter wp-image-2142 size-full\" style=\"color: #555555;\" src=\"https:\/\/imrovietnam.com\/wp-content\/uploads\/2021\/08\/Rem-PVC-chong-tinh-dien-200x2mmx50m-Xanh-ngoc-Xanh-blue.jpg\" alt=\"R\u00e8m PVC ch\u1ed1ng t\u0129nh \u0111i\u1ec7n 200x2mmx50m Xanh ng\u1ecdc, Xanh blue\" width=\"486\" height=\"427\" srcset=\"https:\/\/imrovietnam.com\/wp-content\/uploads\/2021\/08\/Rem-PVC-chong-tinh-dien-200x2mmx50m-Xanh-ngoc-Xanh-blue.jpg 486w, https:\/\/imrovietnam.com\/wp-content\/uploads\/2021\/08\/Rem-PVC-chong-tinh-dien-200x2mmx50m-Xanh-ngoc-Xanh-blue-455x400.jpg 455w\" sizes=\"auto, (max-width: 486px) 100vw, 486px\" \/><\/p>\n<p>&nbsp;<\/p>\n<p>\u01afu \u0111i\u1ec3m c\u1ee7a r\u00e8m PVC ch\u1ed1ng t\u0129nh \u0111i\u1ec7n<br \/>\n&#8211; H\u1ea1n ch\u1ebf v\u00e0 ng\u0103n b\u00e1m b\u1ee5i t\u0129nh \u0111i\u1ec7n, ph\u00f2ng s\u1ea1ch<\/p>\n<p>&#8211; Ng\u1eb7n l\u1ea1nh, ng\u0103n b\u1ee5i trong \u0111i\u1ec1u ki\u1ec7n nhi\u1ec7t \u0111\u1ed9 d\u01b0\u1edbi 50 \u0111\u1ed9 C<\/p>\n<p>&#8211; M\u00e0u s\u1eafc ch\u1ee7 \u0111\u1ea1o v\u1edbi 2 m\u00e0u l\u00e0 xanh d\u01b0\u01a1ng v\u00e0 tr\u1eafng trong t\u1ea1o c\u1ea3m gi\u00e1c s\u1ea1ch s\u1ebd kh\u00f4ng g\u00e2y \u1ee9c ch\u1ebf cho m\u1eaft<\/p>\n<p>&#8211; R\u00e8m PVC ch\u1ed1ng t\u0129nh \u0111i\u1ec7n \u0111\u01b0\u1ee3c thi\u1ebft k\u1ebf r\u1ea5t m\u1ec1m, m\u1ecbn d\u1ec5 d\u00e0ng \u0111i qua l\u1ea1i kh\u00f4ng g\u00e2y kh\u00f3 kh\u0103n cho ng\u01b0\u1eddi s\u1eed d\u1ee5ng<\/p>\n<p>&#8211; \u0110\u1ed9 d\u00e0y t\u1eeb 1,5mm \u0111\u1ebfn 3mm \u0111\u1ee7 ti\u00eau chu\u1ea9n \u0111\u1ec3 l\u00e0m k\u00edn nh\u01b0ng n\u01a1i c\u1ea7n s\u1eed d\u1ee5ng.<\/p>\n<p>Th\u00f4ng s\u1ed1 k\u00edch th\u01b0\u1edbc ti\u00eau chu\u1ea9n (b\u1ea3n r\u1ed9ng x \u0111\u1ed9 d\u1ea7y x chi\u1ec1u d\u00e0i cu\u1ed9n):<\/p>\n<p>&#8211; 200 mm (w) x 2.0 mm (T) x 50 m<\/p>\n<p>\u1ee8ng d\u1ee5ng r\u00e8m nh\u1ef1a PVC ch\u1ed1ng t\u0129nh \u0111i\u1ec7n<br \/>\n\u0110\u1ec3 h\u1ea1n ch\u1ebf nh\u1eefng v\u1eabn \u0111\u1ebf tr\u00ean th\u00ec m\u00e0n nh\u1ef1a PVC c\u00f3 t\u00edch h\u1ee3p kh\u1ea3 n\u0103ng ch\u1ed1ng t\u0129nh \u0111i\u1ec7n, b\u00e1m b\u1ee5i t\u0129nh \u0111i\u1ec7n c\u00f3 th\u1ec3 \u0111\u00e1p \u1ee9ng \u0111\u00fang y\u00eau c\u1ea7u v\u1ec1 k\u1ef9 thu\u1eadt c\u0169ng nh\u01b0 \u0111\u00f2i h\u1ecfi c\u1ee7a m\u00f4i tr\u01b0\u1eddng l\u00e0m vi\u1ec7c y\u00eau c\u1ea7u. Ng\u00e0y nay r\u00e8m, m\u00e0n, m\u1ea1nh nh\u1ef1a PVC r\u1ea5t ph\u1ed5 bi\u1ebfn, ch\u00fang th\u01b0\u1eddng \u0111\u01b0\u1ee3c s\u1eed d\u1ee5ng \u1edf nh\u01b0ng n\u01a1i c\u00f3 ti\u00eau chu\u1ea9n cao v\u1ec1 ph\u00f2ng s\u1ea1ch, an to\u00e0n ch\u1ed1ng b\u1ee5i b\u1ea9n nh\u01b0 c\u00e1c nh\u00e0 m\u00e1y x\u00ed nghi\u1ec7p, x\u01b0\u1edfng \u0111\u00f3ng g\u00f3i d\u01b0\u1ee3c ph\u1ea9m, c\u00e1c qu\u00e1n \u0103n, c\u00e1c trung t\u00e2m nghi\u00ean c\u1ee9u v\u1ec1 nhi\u1ec1u l\u0129nh v\u1ef1ng&#8230;<\/p>\n<p>C\u00f4ng ty IMRO ch\u00fang t\u00f4i chuy\u00ean cung c\u1ea5p s\u1ea3n ph\u1ea9m d\u00e0nh cho ph\u00f2ng s\u1ea1ch v\u1edbi gi\u00e1 c\u1ea3 c\u1ea1nh tranh nh\u1ea5t th\u1ecb tr\u01b0\u1eddng. H\u00e3y \u0111\u1ebfn v\u1edbi ch\u00fang t\u00f4i \u0111\u1ec3 \u0111\u01b0\u1ee3c tr\u1ea3i nghi\u1ec7p t\u1ed1t nh\u1ea5t v\u1ec1 s\u1ea3n ph\u1ea9m c\u1ee7a ph\u00f2ng s\u1ea1ch<\/p>\n","protected":false},"excerpt":{"rendered":"<p>&#8211; Ch\u1ea5t li\u1ec7u: PVC<br \/>\n&#8211; M\u00e0u s\u1eafc: Xanh Ng\u1ecdc, Xanh Blue<br \/>\n&#8211; Tinh n\u0103ng: Ch\u1ed1ng b\u1ee5i, ch\u1ed1ng tho\u00e1t nhi\u1ec7t, ng\u0103n c\u00f4n tr\u00f9ng<br \/>\n&#8211; K\u00edch th\u01b0\u1edbc: 200mm x 2 mm x 50 m<br \/>\n&#8211; \u1ee8ng d\u1ee5ng: C\u00f4ng nghi\u1ec7p, c\u01a1 kh\u00ed, trang h\u00f3a ch\u1ea5t, ph\u00f2ng th\u00ed nghi\u1ec7m,\u2026<\/p>\n","protected":false},"featured_media":2142,"comment_status":"open","ping_status":"closed","template":"","meta":[],"product_brand":[],"product_cat":[104],"product_tag":[335,307,305,60,328,325,306,329,209,303,210],"class_list":{"0":"post-2141","1":"product","2":"type-product","3":"status-publish","4":"has-post-thumbnail","6":"product_cat-thiet-bi-phong-sach","7":"product_tag-clean-room","8":"product_tag-dien-tu","9":"product_tag-esd","10":"product_tag-man","11":"product_tag-mang","12":"product_tag-nha-may","13":"product_tag-phong-sach","14":"product_tag-rem","15":"product_tag-rem-pvc-chong-tinh-dien-200x2mmx50m-xanh-ngoc","16":"product_tag-tinh-dien","17":"product_tag-xanh-blue","19":"first","20":"instock","21":"shipping-taxable","22":"product-type-simple"},"yoast_head":"<!-- This site is optimized with the Yoast SEO Premium plugin v25.0 (Yoast SEO v25.2) - https:\/\/yoast.com\/wordpress\/plugins\/seo\/ -->\n<title>R\u00e8m PVC ch\u1ed1ng t\u0129nh \u0111i\u1ec7n 200x2mmx50m Xanh ng\u1ecdc, Xanh blue - IMRO Vietnam<\/title>\n<meta name=\"robots\" content=\"index, follow, max-snippet:-1, max-image-preview:large, max-video-preview:-1\" \/>\n<link rel=\"canonical\" href=\"https:\/\/imrovietnam.com\/product\/rem-pvc-chong-tinh-dien-200x2mmx50m-xanh-ngoc-xanh-blue\/\" \/>\n<meta property=\"og:locale\" content=\"en_US\" \/>\n<meta property=\"og:type\" content=\"article\" \/>\n<meta property=\"og:title\" content=\"R\u00e8m PVC ch\u1ed1ng t\u0129nh \u0111i\u1ec7n 200x2mmx50m Xanh ng\u1ecdc, Xanh blue\" \/>\n<meta property=\"og:description\" content=\"- Ch\u1ea5t li\u1ec7u: PVC - M\u00e0u s\u1eafc: Xanh Ng\u1ecdc, Xanh Blue - Tinh n\u0103ng: Ch\u1ed1ng b\u1ee5i, ch\u1ed1ng tho\u00e1t nhi\u1ec7t, ng\u0103n c\u00f4n tr\u00f9ng - K\u00edch th\u01b0\u1edbc: 200mm x 2 mm x 50 m - \u1ee8ng d\u1ee5ng: C\u00f4ng nghi\u1ec7p, c\u01a1 kh\u00ed, trang h\u00f3a ch\u1ea5t, ph\u00f2ng th\u00ed nghi\u1ec7m,\u2026\" \/>\n<meta property=\"og:url\" content=\"https:\/\/imrovietnam.com\/product\/rem-pvc-chong-tinh-dien-200x2mmx50m-xanh-ngoc-xanh-blue\/\" \/>\n<meta property=\"og:site_name\" content=\"IMRO Vietnam\" \/>\n<meta property=\"article:modified_time\" content=\"2021-09-07T09:48:56+00:00\" \/>\n<meta property=\"og:image\" content=\"https:\/\/imrovietnam.com\/wp-content\/uploads\/2021\/08\/Rem-PVC-chong-tinh-dien-200x2mmx50m-Xanh-ngoc-Xanh-blue.jpg\" \/>\n\t<meta property=\"og:image:width\" content=\"486\" \/>\n\t<meta property=\"og:image:height\" content=\"427\" \/>\n\t<meta property=\"og:image:type\" content=\"image\/jpeg\" \/>\n<meta name=\"twitter:card\" content=\"summary_large_image\" \/>\n<meta name=\"twitter:label1\" content=\"Est. reading time\" \/>\n\t<meta name=\"twitter:data1\" content=\"3 minutes\" \/>\n<script type=\"application\/ld+json\" class=\"yoast-schema-graph\">{\"@context\":\"https:\/\/schema.org\",\"@graph\":[{\"@type\":\"WebPage\",\"@id\":\"https:\/\/imrovietnam.com\/product\/rem-pvc-chong-tinh-dien-200x2mmx50m-xanh-ngoc-xanh-blue\/\",\"url\":\"https:\/\/imrovietnam.com\/product\/rem-pvc-chong-tinh-dien-200x2mmx50m-xanh-ngoc-xanh-blue\/\",\"name\":\"R\u00e8m PVC ch\u1ed1ng t\u0129nh \u0111i\u1ec7n 200x2mmx50m Xanh ng\u1ecdc, Xanh blue - IMRO Vietnam\",\"isPartOf\":{\"@id\":\"https:\/\/imrovietnam.com\/en\/#website\"},\"primaryImageOfPage\":{\"@id\":\"https:\/\/imrovietnam.com\/product\/rem-pvc-chong-tinh-dien-200x2mmx50m-xanh-ngoc-xanh-blue\/#primaryimage\"},\"image\":{\"@id\":\"https:\/\/imrovietnam.com\/product\/rem-pvc-chong-tinh-dien-200x2mmx50m-xanh-ngoc-xanh-blue\/#primaryimage\"},\"thumbnailUrl\":\"https:\/\/imrovietnam.com\/wp-content\/uploads\/2021\/08\/Rem-PVC-chong-tinh-dien-200x2mmx50m-Xanh-ngoc-Xanh-blue.jpg\",\"datePublished\":\"2021-08-21T10:23:56+00:00\",\"dateModified\":\"2021-09-07T09:48:56+00:00\",\"breadcrumb\":{\"@id\":\"https:\/\/imrovietnam.com\/product\/rem-pvc-chong-tinh-dien-200x2mmx50m-xanh-ngoc-xanh-blue\/#breadcrumb\"},\"inLanguage\":\"en-US\",\"potentialAction\":[{\"@type\":\"ReadAction\",\"target\":[\"https:\/\/imrovietnam.com\/product\/rem-pvc-chong-tinh-dien-200x2mmx50m-xanh-ngoc-xanh-blue\/\"]}]},{\"@type\":\"ImageObject\",\"inLanguage\":\"en-US\",\"@id\":\"https:\/\/imrovietnam.com\/product\/rem-pvc-chong-tinh-dien-200x2mmx50m-xanh-ngoc-xanh-blue\/#primaryimage\",\"url\":\"https:\/\/imrovietnam.com\/wp-content\/uploads\/2021\/08\/Rem-PVC-chong-tinh-dien-200x2mmx50m-Xanh-ngoc-Xanh-blue.jpg\",\"contentUrl\":\"https:\/\/imrovietnam.com\/wp-content\/uploads\/2021\/08\/Rem-PVC-chong-tinh-dien-200x2mmx50m-Xanh-ngoc-Xanh-blue.jpg\",\"width\":486,\"height\":427},{\"@type\":\"BreadcrumbList\",\"@id\":\"https:\/\/imrovietnam.com\/product\/rem-pvc-chong-tinh-dien-200x2mmx50m-xanh-ngoc-xanh-blue\/#breadcrumb\",\"itemListElement\":[{\"@type\":\"ListItem\",\"position\":1,\"name\":\"Home\",\"item\":\"https:\/\/imrovietnam.com\/en\/\"},{\"@type\":\"ListItem\",\"position\":2,\"name\":\"S\u1ea3n ph\u1ea9m\",\"item\":\"https:\/\/imrovietnam.com\/shop\/\"},{\"@type\":\"ListItem\",\"position\":3,\"name\":\"R\u00e8m PVC ch\u1ed1ng t\u0129nh \u0111i\u1ec7n 200x2mmx50m Xanh ng\u1ecdc, Xanh blue\"}]},{\"@type\":\"WebSite\",\"@id\":\"https:\/\/imrovietnam.com\/en\/#website\",\"url\":\"https:\/\/imrovietnam.com\/en\/\",\"name\":\"IMRO Vietnam\",\"description\":\"Your consumables and spare parts store\",\"potentialAction\":[{\"@type\":\"SearchAction\",\"target\":{\"@type\":\"EntryPoint\",\"urlTemplate\":\"https:\/\/imrovietnam.com\/en\/?s={search_term_string}\"},\"query-input\":{\"@type\":\"PropertyValueSpecification\",\"valueRequired\":true,\"valueName\":\"search_term_string\"}}],\"inLanguage\":\"en-US\"}]}<\/script>\n<!-- \/ Yoast SEO Premium plugin. -->","yoast_head_json":{"title":"R\u00e8m PVC ch\u1ed1ng t\u0129nh \u0111i\u1ec7n 200x2mmx50m Xanh ng\u1ecdc, Xanh blue - IMRO Vietnam","robots":{"index":"index","follow":"follow","max-snippet":"max-snippet:-1","max-image-preview":"max-image-preview:large","max-video-preview":"max-video-preview:-1"},"canonical":"https:\/\/imrovietnam.com\/product\/rem-pvc-chong-tinh-dien-200x2mmx50m-xanh-ngoc-xanh-blue\/","og_locale":"en_US","og_type":"article","og_title":"R\u00e8m PVC ch\u1ed1ng t\u0129nh \u0111i\u1ec7n 200x2mmx50m Xanh ng\u1ecdc, Xanh blue","og_description":"- Ch\u1ea5t li\u1ec7u: PVC - M\u00e0u s\u1eafc: Xanh Ng\u1ecdc, Xanh Blue - Tinh n\u0103ng: Ch\u1ed1ng b\u1ee5i, ch\u1ed1ng tho\u00e1t nhi\u1ec7t, ng\u0103n c\u00f4n tr\u00f9ng - K\u00edch th\u01b0\u1edbc: 200mm x 2 mm x 50 m - \u1ee8ng d\u1ee5ng: C\u00f4ng nghi\u1ec7p, c\u01a1 kh\u00ed, trang h\u00f3a ch\u1ea5t, ph\u00f2ng th\u00ed nghi\u1ec7m,\u2026","og_url":"https:\/\/imrovietnam.com\/product\/rem-pvc-chong-tinh-dien-200x2mmx50m-xanh-ngoc-xanh-blue\/","og_site_name":"IMRO Vietnam","article_modified_time":"2021-09-07T09:48:56+00:00","og_image":[{"width":486,"height":427,"url":"https:\/\/imrovietnam.com\/wp-content\/uploads\/2021\/08\/Rem-PVC-chong-tinh-dien-200x2mmx50m-Xanh-ngoc-Xanh-blue.jpg","type":"image\/jpeg"}],"twitter_card":"summary_large_image","twitter_misc":{"Est. reading time":"3 minutes"},"schema":{"@context":"https:\/\/schema.org","@graph":[{"@type":"WebPage","@id":"https:\/\/imrovietnam.com\/product\/rem-pvc-chong-tinh-dien-200x2mmx50m-xanh-ngoc-xanh-blue\/","url":"https:\/\/imrovietnam.com\/product\/rem-pvc-chong-tinh-dien-200x2mmx50m-xanh-ngoc-xanh-blue\/","name":"R\u00e8m PVC ch\u1ed1ng t\u0129nh \u0111i\u1ec7n 200x2mmx50m Xanh ng\u1ecdc, Xanh blue - IMRO Vietnam","isPartOf":{"@id":"https:\/\/imrovietnam.com\/en\/#website"},"primaryImageOfPage":{"@id":"https:\/\/imrovietnam.com\/product\/rem-pvc-chong-tinh-dien-200x2mmx50m-xanh-ngoc-xanh-blue\/#primaryimage"},"image":{"@id":"https:\/\/imrovietnam.com\/product\/rem-pvc-chong-tinh-dien-200x2mmx50m-xanh-ngoc-xanh-blue\/#primaryimage"},"thumbnailUrl":"https:\/\/imrovietnam.com\/wp-content\/uploads\/2021\/08\/Rem-PVC-chong-tinh-dien-200x2mmx50m-Xanh-ngoc-Xanh-blue.jpg","datePublished":"2021-08-21T10:23:56+00:00","dateModified":"2021-09-07T09:48:56+00:00","breadcrumb":{"@id":"https:\/\/imrovietnam.com\/product\/rem-pvc-chong-tinh-dien-200x2mmx50m-xanh-ngoc-xanh-blue\/#breadcrumb"},"inLanguage":"en-US","potentialAction":[{"@type":"ReadAction","target":["https:\/\/imrovietnam.com\/product\/rem-pvc-chong-tinh-dien-200x2mmx50m-xanh-ngoc-xanh-blue\/"]}]},{"@type":"ImageObject","inLanguage":"en-US","@id":"https:\/\/imrovietnam.com\/product\/rem-pvc-chong-tinh-dien-200x2mmx50m-xanh-ngoc-xanh-blue\/#primaryimage","url":"https:\/\/imrovietnam.com\/wp-content\/uploads\/2021\/08\/Rem-PVC-chong-tinh-dien-200x2mmx50m-Xanh-ngoc-Xanh-blue.jpg","contentUrl":"https:\/\/imrovietnam.com\/wp-content\/uploads\/2021\/08\/Rem-PVC-chong-tinh-dien-200x2mmx50m-Xanh-ngoc-Xanh-blue.jpg","width":486,"height":427},{"@type":"BreadcrumbList","@id":"https:\/\/imrovietnam.com\/product\/rem-pvc-chong-tinh-dien-200x2mmx50m-xanh-ngoc-xanh-blue\/#breadcrumb","itemListElement":[{"@type":"ListItem","position":1,"name":"Home","item":"https:\/\/imrovietnam.com\/en\/"},{"@type":"ListItem","position":2,"name":"S\u1ea3n ph\u1ea9m","item":"https:\/\/imrovietnam.com\/shop\/"},{"@type":"ListItem","position":3,"name":"R\u00e8m PVC ch\u1ed1ng t\u0129nh \u0111i\u1ec7n 200x2mmx50m Xanh ng\u1ecdc, Xanh blue"}]},{"@type":"WebSite","@id":"https:\/\/imrovietnam.com\/en\/#website","url":"https:\/\/imrovietnam.com\/en\/","name":"IMRO Vietnam","description":"Your consumables and spare parts store","potentialAction":[{"@type":"SearchAction","target":{"@type":"EntryPoint","urlTemplate":"https:\/\/imrovietnam.com\/en\/?s={search_term_string}"},"query-input":{"@type":"PropertyValueSpecification","valueRequired":true,"valueName":"search_term_string"}}],"inLanguage":"en-US"}]}},"_links":{"self":[{"href":"https:\/\/imrovietnam.com\/en\/wp-json\/wp\/v2\/product\/2141","targetHints":{"allow":["GET"]}}],"collection":[{"href":"https:\/\/imrovietnam.com\/en\/wp-json\/wp\/v2\/product"}],"about":[{"href":"https:\/\/imrovietnam.com\/en\/wp-json\/wp\/v2\/types\/product"}],"replies":[{"embeddable":true,"href":"https:\/\/imrovietnam.com\/en\/wp-json\/wp\/v2\/comments?post=2141"}],"wp:featuredmedia":[{"embeddable":true,"href":"https:\/\/imrovietnam.com\/en\/wp-json\/wp\/v2\/media\/2142"}],"wp:attachment":[{"href":"https:\/\/imrovietnam.com\/en\/wp-json\/wp\/v2\/media?parent=2141"}],"wp:term":[{"taxonomy":"product_brand","embeddable":true,"href":"https:\/\/imrovietnam.com\/en\/wp-json\/wp\/v2\/product_brand?post=2141"},{"taxonomy":"product_cat","embeddable":true,"href":"https:\/\/imrovietnam.com\/en\/wp-json\/wp\/v2\/product_cat?post=2141"},{"taxonomy":"product_tag","embeddable":true,"href":"https:\/\/imrovietnam.com\/en\/wp-json\/wp\/v2\/product_tag?post=2141"}],"curies":[{"name":"wp","href":"https:\/\/api.w.org\/{rel}","templated":true}]}}