{"id":2138,"date":"2021-08-21T17:20:44","date_gmt":"2021-08-21T10:20:44","guid":{"rendered":"https:\/\/imrovietnam.com\/?post_type=product&#038;p=2138"},"modified":"2021-09-07T17:01:45","modified_gmt":"2021-09-07T10:01:45","slug":"tham-dinh-bui-phong-sach-sticky-mat-60x90cm-3-0-micro","status":"publish","type":"product","link":"https:\/\/imrovietnam.com\/en\/product\/tham-dinh-bui-phong-sach-sticky-mat-60x90cm-3-0-micro\/","title":{"rendered":"Th\u1ea3m d\u00ednh b\u1ee5i ph\u00f2ng s\u1ea1ch Sticky mat 60x90cm 3.0 Micro"},"content":{"rendered":"<p>Th\u1ea3m d\u00ednh b\u1ee5i ph\u00f2ng s\u1ea1ch Sticky mat<br \/>\nTh\u1ea3m ph\u00f2ng s\u1ea1ch c\u00f2n c\u00f3 t\u00ean g\u1ecdi l\u00e0 Sticky mat, \u0111\u01b0\u1ee3c l\u00e0m t\u1eeb Polyethylen v\u1edbi \u0111\u1ed9 d\u00e0y v\u00e0 ch\u1ea5t d\u00ednh tr\u00ean n\u1ec1n n\u01b0\u1edbc th\u1ea5p, \u0111\u1ea1t ti\u00eau chu\u1ea9n ph\u00f2ng s\u1ea1ch.<\/p>\n<p>Th\u1ea3m d\u00ednh b\u1ee5i ph\u00f2ng s\u1ea1ch s\u1eed d\u1ee5ng c\u00f4ng ngh\u1ec7 s\u1ea3n xu\u1ea5t ti\u00ean ti\u1ebfn nh\u1ea5t gi\u00fap t\u0103ng kh\u1ea3 n\u0103ng h\u00fat b\u1ee5i v\u00e0 lo\u1ea1i b\u1ecf b\u1ee5i b\u1ea9n b\u00e1m tr\u00ean gi\u00e0y d\u00e9p, b\u00e1nh xe, c\u1eeda ra v\u00e0o nh\u01b0ng n\u01a1i c\u00f3 kh\u00f3i b\u1ee5i, khu v\u1ef1c l\u00e0m vi\u1ec7c y\u00eau c\u1ea7u s\u1ea1ch s\u1ebd, nh\u01b0ng v\u1ecb tr\u00ed s\u1ea3n xu\u1ea5t quan tr\u1ecdng m\u00e0 kh\u00f4ng c\u1ea7n s\u1eed d\u1ee5ng \u0111\u1ebfn n\u01b0\u1edbc, th\u1ea3m c\u00f3 k\u00edch th\u01b0\u1edbc 60&#215;90 cm<\/p>\n<p>Tr\u00ean b\u1ec1 m\u1eb7t c\u1ee7a tham d\u00ednh b\u1ee5i c\u00f3 g\u1eafn s\u1ed1 r\u00f5 r\u00e0ng \u0111\u1ec3 ph\u00e2n bi\u1ec7t, lo\u1ea1i b\u1ecf v\u00e0 thay th\u1ebf c\u00e1c th\u1ea3m \u0111\u00e3 qua s\u1eed d\u1ee5ng<\/p>\n<p><img loading=\"lazy\" decoding=\"async\" class=\"aligncenter wp-image-2139 size-full\" src=\"https:\/\/imrovietnam.com\/wp-content\/uploads\/2021\/08\/Tham-dinh-bui-phong-sach-Sticky-mat-60x90cm-3.0-Micro.jpg\" alt=\"Th\u1ea3m d\u00ednh b\u1ee5i ph\u00f2ng s\u1ea1ch Sticky mat 60x90cm 3.0 Micro\" width=\"488\" height=\"430\" srcset=\"https:\/\/imrovietnam.com\/wp-content\/uploads\/2021\/08\/Tham-dinh-bui-phong-sach-Sticky-mat-60x90cm-3.0-Micro.jpg 488w, https:\/\/imrovietnam.com\/wp-content\/uploads\/2021\/08\/Tham-dinh-bui-phong-sach-Sticky-mat-60x90cm-3.0-Micro-454x400.jpg 454w\" sizes=\"auto, (max-width: 488px) 100vw, 488px\" \/><\/p>\n<p>\u1ee8ng d\u1ee5ng th\u1ea3m d\u00ednh b\u1ee5i ph\u00f2ng s\u1ea1ch Sticky mat<br \/>\n&#8211; S\u1ea3n ph\u1ea9m \u0111\u01b0\u1ee3c \u1ee9ng d\u1ee5ng r\u1ed9ng r\u00e3i trong c\u00f4ng nghi\u1ec7p \u0111i\u1ec7n t\u1eed<\/p>\n<p>&#8211; D\u00f9ng trong c\u00f4ng nghi\u1ec7p b\u00e1n d\u1eabn.<\/p>\n<p>&#8211; D\u00f9ng trong y h\u1ecdc, s\u1ea3n xu\u1ea5t d\u01b0\u1ee3c ph\u1ea9m.<\/p>\n<p>&#8211; S\u1eed d\u1ee5ng trong s\u1ea3n xu\u1ea5t d\u01b0\u1ee3c h\u1ecdc h\u00f3a sinh.<\/p>\n<p>&#8211; S\u1eed d\u1ee5ng cho ph\u00f2ng m\u1ed5 v\u00e0 c\u00f4ng nghi\u1ec7p l\u00e0m s\u1ea1ch.<\/p>\n<p>&#8211; Th\u1ea3m d\u00ednh b\u1ee5i ph\u00f2ng s\u1ea1ch<\/p>\n<p>H\u01b0\u1edbng d\u1eabn s\u1eed d\u1ee5ng th\u1ea3m d\u00ednh b\u1ee5i ph\u00f2ng s\u1ea1ch<br \/>\n\u0110\u1eb7t th\u1ea3m tr\u00ean s\u00e0n b\u1eb1ng ph\u1eb3ng, c\u1ed1 \u0111\u1ecbnh b\u1eb1ng khung th\u1ea3m kho\u1eb7c keo d\u00e1n.<\/p>\n<p>D\u00e1n th\u1ea3m ch\u1eafc ch\u1eafn xu\u1ed1ng \u0111\u1ec3 gi\u1eef ch\u1eb7t th\u1ea3m kh\u00f4ng b\u1ecb x\u00ea d\u1ecbch khi \u0111i l\u1ea1i.<\/p>\n<p>Khi th\u1ea3m h\u1ebft kh\u1ea3 n\u0103ng d\u00ednh b\u1ee5i ta l\u1ed9t t\u1eebng l\u1edbp ra, d\u1ef1a v\u00e0o s\u1ed1 th\u1ee9 t\u1ef1 b\u00ean tr\u00ean th\u1ea3m \u0111\u1ec3 nh\u1eadn \u0111\u1ecbnh th\u1ea3m \u0111\u00e3 \u0111\u01b0\u1ee3c thay hay ch\u01b0a.<\/p>\n<p>Ngo\u00e0i s\u1ea3n ph\u1ea9m th\u1ea3m d\u00ednh b\u1ecbu Sticky mat ra, b\u00ean t\u00f4i c\u00f4ng ty IMRO VIETNAM c\u00f2n r\u1ea5t nhi\u1ec1u s\u1ea3n ph\u1ea9m h\u1eefu \u00edch kh\u00e1c li\u00ean quan \u0111\u1ebfn ph\u00f2ng s\u1ea1ch nh\u01b0: b\u0103ng d\u00ednh, khay t\u00fai ch\u1ed1ng t\u0129nh \u0111i\u1ec7n, qu\u1ea7n \u00e1o, thi\u1ebft b\u1ecb c\u00f4ng nghi\u1ec7p<\/p>\n","protected":false},"excerpt":{"rendered":"<p>&#8211; Ch\u1ea5t li\u1ec7u: Polyester<br \/>\n&#8211; M\u00e0u s\u1eafc: Xanh<br \/>\n&#8211; K\u00edch th\u01b0\u1edbc: 24\u201d x 36\u201d (60 x 90 cm)<br \/>\n&#8211; \u0110\u1ed9 d\u00ednh: 3.0 Micro (+-5 Micro)<br \/>\n&#8211; T\u00ednh n\u0103ng: D\u00ednh b\u1ee5i ph\u00f2ng s\u1ea1ch<br \/>\n&#8211; \u0110\u00f3ng g\u00f3i: 10 t\u1ea5m \/ 1 t\u1eadp<br \/>\n&#8211; Th\u1eddi gian: T\u00f9y theo \u0111\u01a1n \u0111\u1eb7t h\u00e0ng<\/p>\n","protected":false},"featured_media":2139,"comment_status":"open","ping_status":"closed","template":"","meta":[],"product_brand":[],"product_cat":[104],"product_tag":[208],"class_list":{"0":"post-2138","1":"product","2":"type-product","3":"status-publish","4":"has-post-thumbnail","6":"product_cat-thiet-bi-phong-sach","7":"product_tag-tham-dinh-bui-phong-sach-sticky-mat-60x90cm-3-0-micro","9":"first","10":"instock","11":"shipping-taxable","12":"product-type-simple"},"yoast_head":"<!-- This site is optimized with the Yoast SEO Premium plugin v25.0 (Yoast SEO v25.2) - https:\/\/yoast.com\/wordpress\/plugins\/seo\/ -->\n<title>Th\u1ea3m d\u00ednh b\u1ee5i ph\u00f2ng s\u1ea1ch Sticky mat 60x90cm 3.0 Micro - IMRO Vietnam<\/title>\n<meta name=\"robots\" content=\"index, follow, max-snippet:-1, max-image-preview:large, max-video-preview:-1\" \/>\n<link rel=\"canonical\" href=\"https:\/\/imrovietnam.com\/en\/product\/tham-dinh-bui-phong-sach-sticky-mat-60x90cm-3-0-micro\/\" \/>\n<meta property=\"og:locale\" content=\"en_US\" \/>\n<meta property=\"og:type\" content=\"article\" \/>\n<meta property=\"og:title\" content=\"Th\u1ea3m d\u00ednh b\u1ee5i ph\u00f2ng s\u1ea1ch Sticky mat 60x90cm 3.0 Micro\" \/>\n<meta property=\"og:description\" content=\"- Ch\u1ea5t li\u1ec7u: Polyester - M\u00e0u s\u1eafc: Xanh - K\u00edch th\u01b0\u1edbc: 24\u201d x 36\u201d (60 x 90 cm) - \u0110\u1ed9 d\u00ednh: 3.0 Micro (+-5 Micro) - T\u00ednh n\u0103ng: D\u00ednh b\u1ee5i ph\u00f2ng s\u1ea1ch - \u0110\u00f3ng g\u00f3i: 10 t\u1ea5m \/ 1 t\u1eadp - Th\u1eddi gian: T\u00f9y theo \u0111\u01a1n \u0111\u1eb7t h\u00e0ng\" \/>\n<meta property=\"og:url\" content=\"https:\/\/imrovietnam.com\/en\/product\/tham-dinh-bui-phong-sach-sticky-mat-60x90cm-3-0-micro\/\" \/>\n<meta property=\"og:site_name\" content=\"IMRO Vietnam\" \/>\n<meta property=\"article:modified_time\" content=\"2021-09-07T10:01:45+00:00\" \/>\n<meta property=\"og:image\" content=\"https:\/\/imrovietnam.com\/wp-content\/uploads\/2021\/08\/Tham-dinh-bui-phong-sach-Sticky-mat-60x90cm-3.0-Micro.jpg\" \/>\n\t<meta property=\"og:image:width\" content=\"488\" \/>\n\t<meta property=\"og:image:height\" content=\"430\" \/>\n\t<meta property=\"og:image:type\" content=\"image\/jpeg\" \/>\n<meta name=\"twitter:card\" content=\"summary_large_image\" \/>\n<meta name=\"twitter:label1\" content=\"Est. reading time\" \/>\n\t<meta name=\"twitter:data1\" content=\"2 minutes\" \/>\n<script type=\"application\/ld+json\" class=\"yoast-schema-graph\">{\"@context\":\"https:\/\/schema.org\",\"@graph\":[{\"@type\":\"WebPage\",\"@id\":\"https:\/\/imrovietnam.com\/en\/product\/tham-dinh-bui-phong-sach-sticky-mat-60x90cm-3-0-micro\/\",\"url\":\"https:\/\/imrovietnam.com\/en\/product\/tham-dinh-bui-phong-sach-sticky-mat-60x90cm-3-0-micro\/\",\"name\":\"Th\u1ea3m d\u00ednh b\u1ee5i ph\u00f2ng s\u1ea1ch Sticky mat 60x90cm 3.0 Micro - IMRO Vietnam\",\"isPartOf\":{\"@id\":\"https:\/\/imrovietnam.com\/#website\"},\"primaryImageOfPage\":{\"@id\":\"https:\/\/imrovietnam.com\/en\/product\/tham-dinh-bui-phong-sach-sticky-mat-60x90cm-3-0-micro\/#primaryimage\"},\"image\":{\"@id\":\"https:\/\/imrovietnam.com\/en\/product\/tham-dinh-bui-phong-sach-sticky-mat-60x90cm-3-0-micro\/#primaryimage\"},\"thumbnailUrl\":\"https:\/\/imrovietnam.com\/wp-content\/uploads\/2021\/08\/Tham-dinh-bui-phong-sach-Sticky-mat-60x90cm-3.0-Micro.jpg\",\"datePublished\":\"2021-08-21T10:20:44+00:00\",\"dateModified\":\"2021-09-07T10:01:45+00:00\",\"breadcrumb\":{\"@id\":\"https:\/\/imrovietnam.com\/en\/product\/tham-dinh-bui-phong-sach-sticky-mat-60x90cm-3-0-micro\/#breadcrumb\"},\"inLanguage\":\"en-US\",\"potentialAction\":[{\"@type\":\"ReadAction\",\"target\":[\"https:\/\/imrovietnam.com\/en\/product\/tham-dinh-bui-phong-sach-sticky-mat-60x90cm-3-0-micro\/\"]}]},{\"@type\":\"ImageObject\",\"inLanguage\":\"en-US\",\"@id\":\"https:\/\/imrovietnam.com\/en\/product\/tham-dinh-bui-phong-sach-sticky-mat-60x90cm-3-0-micro\/#primaryimage\",\"url\":\"https:\/\/imrovietnam.com\/wp-content\/uploads\/2021\/08\/Tham-dinh-bui-phong-sach-Sticky-mat-60x90cm-3.0-Micro.jpg\",\"contentUrl\":\"https:\/\/imrovietnam.com\/wp-content\/uploads\/2021\/08\/Tham-dinh-bui-phong-sach-Sticky-mat-60x90cm-3.0-Micro.jpg\",\"width\":488,\"height\":430},{\"@type\":\"BreadcrumbList\",\"@id\":\"https:\/\/imrovietnam.com\/en\/product\/tham-dinh-bui-phong-sach-sticky-mat-60x90cm-3-0-micro\/#breadcrumb\",\"itemListElement\":[{\"@type\":\"ListItem\",\"position\":1,\"name\":\"Home\",\"item\":\"https:\/\/imrovietnam.com\/\"},{\"@type\":\"ListItem\",\"position\":2,\"name\":\"S\u1ea3n ph\u1ea9m\",\"item\":\"https:\/\/imrovietnam.com\/shop\/\"},{\"@type\":\"ListItem\",\"position\":3,\"name\":\"Th\u1ea3m d\u00ednh b\u1ee5i ph\u00f2ng s\u1ea1ch Sticky mat 60x90cm 3.0 Micro\"}]},{\"@type\":\"WebSite\",\"@id\":\"https:\/\/imrovietnam.com\/#website\",\"url\":\"https:\/\/imrovietnam.com\/\",\"name\":\"IMRO Vietnam\",\"description\":\"Your consumables and spare parts store\",\"potentialAction\":[{\"@type\":\"SearchAction\",\"target\":{\"@type\":\"EntryPoint\",\"urlTemplate\":\"https:\/\/imrovietnam.com\/?s={search_term_string}\"},\"query-input\":{\"@type\":\"PropertyValueSpecification\",\"valueRequired\":true,\"valueName\":\"search_term_string\"}}],\"inLanguage\":\"en-US\"}]}<\/script>\n<!-- \/ Yoast SEO Premium plugin. -->","yoast_head_json":{"title":"Th\u1ea3m d\u00ednh b\u1ee5i ph\u00f2ng s\u1ea1ch Sticky mat 60x90cm 3.0 Micro - IMRO Vietnam","robots":{"index":"index","follow":"follow","max-snippet":"max-snippet:-1","max-image-preview":"max-image-preview:large","max-video-preview":"max-video-preview:-1"},"canonical":"https:\/\/imrovietnam.com\/en\/product\/tham-dinh-bui-phong-sach-sticky-mat-60x90cm-3-0-micro\/","og_locale":"en_US","og_type":"article","og_title":"Th\u1ea3m d\u00ednh b\u1ee5i ph\u00f2ng s\u1ea1ch Sticky mat 60x90cm 3.0 Micro","og_description":"- Ch\u1ea5t li\u1ec7u: Polyester - M\u00e0u s\u1eafc: Xanh - K\u00edch th\u01b0\u1edbc: 24\u201d x 36\u201d (60 x 90 cm) - \u0110\u1ed9 d\u00ednh: 3.0 Micro (+-5 Micro) - T\u00ednh n\u0103ng: D\u00ednh b\u1ee5i ph\u00f2ng s\u1ea1ch - \u0110\u00f3ng g\u00f3i: 10 t\u1ea5m \/ 1 t\u1eadp - Th\u1eddi gian: T\u00f9y theo \u0111\u01a1n \u0111\u1eb7t h\u00e0ng","og_url":"https:\/\/imrovietnam.com\/en\/product\/tham-dinh-bui-phong-sach-sticky-mat-60x90cm-3-0-micro\/","og_site_name":"IMRO Vietnam","article_modified_time":"2021-09-07T10:01:45+00:00","og_image":[{"width":488,"height":430,"url":"https:\/\/imrovietnam.com\/wp-content\/uploads\/2021\/08\/Tham-dinh-bui-phong-sach-Sticky-mat-60x90cm-3.0-Micro.jpg","type":"image\/jpeg"}],"twitter_card":"summary_large_image","twitter_misc":{"Est. reading time":"2 minutes"},"schema":{"@context":"https:\/\/schema.org","@graph":[{"@type":"WebPage","@id":"https:\/\/imrovietnam.com\/en\/product\/tham-dinh-bui-phong-sach-sticky-mat-60x90cm-3-0-micro\/","url":"https:\/\/imrovietnam.com\/en\/product\/tham-dinh-bui-phong-sach-sticky-mat-60x90cm-3-0-micro\/","name":"Th\u1ea3m d\u00ednh b\u1ee5i ph\u00f2ng s\u1ea1ch Sticky mat 60x90cm 3.0 Micro - IMRO Vietnam","isPartOf":{"@id":"https:\/\/imrovietnam.com\/#website"},"primaryImageOfPage":{"@id":"https:\/\/imrovietnam.com\/en\/product\/tham-dinh-bui-phong-sach-sticky-mat-60x90cm-3-0-micro\/#primaryimage"},"image":{"@id":"https:\/\/imrovietnam.com\/en\/product\/tham-dinh-bui-phong-sach-sticky-mat-60x90cm-3-0-micro\/#primaryimage"},"thumbnailUrl":"https:\/\/imrovietnam.com\/wp-content\/uploads\/2021\/08\/Tham-dinh-bui-phong-sach-Sticky-mat-60x90cm-3.0-Micro.jpg","datePublished":"2021-08-21T10:20:44+00:00","dateModified":"2021-09-07T10:01:45+00:00","breadcrumb":{"@id":"https:\/\/imrovietnam.com\/en\/product\/tham-dinh-bui-phong-sach-sticky-mat-60x90cm-3-0-micro\/#breadcrumb"},"inLanguage":"en-US","potentialAction":[{"@type":"ReadAction","target":["https:\/\/imrovietnam.com\/en\/product\/tham-dinh-bui-phong-sach-sticky-mat-60x90cm-3-0-micro\/"]}]},{"@type":"ImageObject","inLanguage":"en-US","@id":"https:\/\/imrovietnam.com\/en\/product\/tham-dinh-bui-phong-sach-sticky-mat-60x90cm-3-0-micro\/#primaryimage","url":"https:\/\/imrovietnam.com\/wp-content\/uploads\/2021\/08\/Tham-dinh-bui-phong-sach-Sticky-mat-60x90cm-3.0-Micro.jpg","contentUrl":"https:\/\/imrovietnam.com\/wp-content\/uploads\/2021\/08\/Tham-dinh-bui-phong-sach-Sticky-mat-60x90cm-3.0-Micro.jpg","width":488,"height":430},{"@type":"BreadcrumbList","@id":"https:\/\/imrovietnam.com\/en\/product\/tham-dinh-bui-phong-sach-sticky-mat-60x90cm-3-0-micro\/#breadcrumb","itemListElement":[{"@type":"ListItem","position":1,"name":"Home","item":"https:\/\/imrovietnam.com\/"},{"@type":"ListItem","position":2,"name":"S\u1ea3n ph\u1ea9m","item":"https:\/\/imrovietnam.com\/shop\/"},{"@type":"ListItem","position":3,"name":"Th\u1ea3m d\u00ednh b\u1ee5i ph\u00f2ng s\u1ea1ch Sticky mat 60x90cm 3.0 Micro"}]},{"@type":"WebSite","@id":"https:\/\/imrovietnam.com\/#website","url":"https:\/\/imrovietnam.com\/","name":"IMRO Vietnam","description":"Your consumables and spare parts store","potentialAction":[{"@type":"SearchAction","target":{"@type":"EntryPoint","urlTemplate":"https:\/\/imrovietnam.com\/?s={search_term_string}"},"query-input":{"@type":"PropertyValueSpecification","valueRequired":true,"valueName":"search_term_string"}}],"inLanguage":"en-US"}]}},"_links":{"self":[{"href":"https:\/\/imrovietnam.com\/en\/wp-json\/wp\/v2\/product\/2138","targetHints":{"allow":["GET"]}}],"collection":[{"href":"https:\/\/imrovietnam.com\/en\/wp-json\/wp\/v2\/product"}],"about":[{"href":"https:\/\/imrovietnam.com\/en\/wp-json\/wp\/v2\/types\/product"}],"replies":[{"embeddable":true,"href":"https:\/\/imrovietnam.com\/en\/wp-json\/wp\/v2\/comments?post=2138"}],"wp:featuredmedia":[{"embeddable":true,"href":"https:\/\/imrovietnam.com\/en\/wp-json\/wp\/v2\/media\/2139"}],"wp:attachment":[{"href":"https:\/\/imrovietnam.com\/en\/wp-json\/wp\/v2\/media?parent=2138"}],"wp:term":[{"taxonomy":"product_brand","embeddable":true,"href":"https:\/\/imrovietnam.com\/en\/wp-json\/wp\/v2\/product_brand?post=2138"},{"taxonomy":"product_cat","embeddable":true,"href":"https:\/\/imrovietnam.com\/en\/wp-json\/wp\/v2\/product_cat?post=2138"},{"taxonomy":"product_tag","embeddable":true,"href":"https:\/\/imrovietnam.com\/en\/wp-json\/wp\/v2\/product_tag?post=2138"}],"curies":[{"name":"wp","href":"https:\/\/api.w.org\/{rel}","templated":true}]}}