{"id":2135,"date":"2021-08-21T17:18:21","date_gmt":"2021-08-21T10:18:21","guid":{"rendered":"https:\/\/imrovietnam.com\/?post_type=product&#038;p=2135"},"modified":"2021-09-07T16:31:04","modified_gmt":"2021-09-07T09:31:04","slug":"man-nhua-pvc-ngan-con-trung","status":"publish","type":"product","link":"https:\/\/imrovietnam.com\/en\/product\/man-nhua-pvc-ngan-con-trung\/","title":{"rendered":"M\u00e0n nh\u1ef1a PVC ng\u0103n c\u00f4n tr\u00f9ng"},"content":{"rendered":"<p>M\u1ee5c \u0111\u00edch s\u1eed d\u1ee5ng m\u00e0n nh\u1ef1a ng\u0103n c\u00f4n tr\u00f9ng<br \/>\n&#8211; D\u00f9ng m\u00e0n nh\u1ef1a pvc ng\u0103n c\u00f4n tr\u00f9ng: Khi c\u00f4n tr\u00f9ng di chuy\u1ec3n t\u1edbi g\u1ea7n v\u00f9ng c\u00f3 \u00e1nh s\u00e1ng m\u00e0u v\u00e0ng s\u1ebd d\u1eebng l\u1ea1i kh\u00f4ng d\u00e1m \u0111i qua, bi\u1ebft \u0111\u01b0\u1ee3c \u0111\u1eb7c t\u00ednh sinh th\u00e1i \u0111\u00f3 r\u00e8m m\u00e0n nh\u1ef1a PVC v\u1edbi \u00e1nh s\u00e1ng m\u00e0u v\u00e0ng, ng\u0103n \u0111\u01b0\u1ee3c r\u1ea5t nhi\u1ec1u lo\u1ea1i c\u00f4n tr\u00f9ng hi\u1ec7n nay.<br \/>\n&#8211; M\u00e0n nh\u01b0a n\u00e0y c\u0169ng ng\u0103n th\u1ea5t tho\u00e1t nhi\u1ec7t (ng\u0103n l\u1ea1nh ph\u00f2ng s\u1eed d\u1ee5ng \u0111i\u1ec1u h\u00f2a) ho\u1eb7c ng\u0103n x\u00e2m nh\u1eadp h\u01a1i l\u1ea1nh (gi\u1eef \u1ea5m) m\u00f9a \u0111\u00f4ng.<br \/>\n&#8211; Ng\u0103n b\u1ee5i, kh\u00f3i, m\u00f9i &#8230;<br \/>\n&#8211; Ng\u0103n c\u1ea3n ti\u1ebfng \u1ed3n, ng\u0103n b\u1ee9c x\u1ea1 tia c\u1ef1c t\u00edm&#8230;<br \/>\n&#8211; S\u1eed d\u1ee5ng \u0111\u01b0\u1ee3c trong \u0111i\u1ec1u ki\u1ec7n nhi\u1ec7t \u0111\u1ed9 th\u00f4ng th\u01b0\u1eddng t\u1eeb: -10 oC to 50 oC<br \/>\n&#8211; M\u00e0u s\u1eafc: V\u00e0ng trong<br \/>\n&#8211; H\u00ecnh d\u1ea1ng: D\u1ebbo tr\u01a1n m\u1ecbn ho\u1eb7c c\u00f3 g\u00e2n s\u00f3ng \u0111\u00f4i.<br \/>\n&#8211; \u0110\u1ed9 d\u00e0y t\u1eeb 1.5mm \u0111\u1ebfn 3mm<\/p>\n<p><img loading=\"lazy\" decoding=\"async\" class=\"aligncenter wp-image-2136\" style=\"color: #555555;\" src=\"https:\/\/imrovietnam.com\/wp-content\/uploads\/2021\/08\/mang-pvc-ngan-con-trung.jpg\" alt=\"M\u00e0n nh\u1ef1a PVC ng\u0103n c\u00f4n tr\u00f9ng\" width=\"412\" height=\"359\" srcset=\"https:\/\/imrovietnam.com\/wp-content\/uploads\/2021\/08\/mang-pvc-ngan-con-trung.jpg 479w, https:\/\/imrovietnam.com\/wp-content\/uploads\/2021\/08\/mang-pvc-ngan-con-trung-459x400.jpg 459w\" sizes=\"auto, (max-width: 412px) 100vw, 412px\" \/><\/p>\n<p>&nbsp;<\/p>\n<p>M\u00e0n nh\u1ef1a pvc v\u00e0ng tr\u01a1n v\u00e0 m\u00e0n nh\u1ef1a pvc v\u00e0ng g\u00e2n<br \/>\nM\u00e0n nh\u1ef1a pvc v\u00e0ng tr\u01a1n v\u00e0 m\u00e0n nh\u1ef1a pvc v\u00e0ng g\u00e2n<\/p>\n<p>K\u00edch th\u01b0\u1edbc ti\u00eau chu\u1ea9n m\u00e0n nh\u1ef1a pvc (b\u1ea3n r\u1ed9ng x \u0111\u1ed9 d\u1ea7y x chi\u1ec1u d\u00e0i cu\u1ed9n):<br \/>\n200 mm (w) x 1.5 mm (T) x 50 m<br \/>\n200 mm (w) x 2.0 mm (T) x 50 m<br \/>\n200 mm (w) x 3.0 mm (T) x 50 m<br \/>\n300 mm (w) x 2.0 mm (T) x 50 m<br \/>\n300 mm (w) x 3.0 mm (T) x 50 m<br \/>\n\u1ee8ng d\u1ee5ng m\u00e0n nh\u1ef1a PVC ng\u0103n c\u00f4n tr\u00f9ng<br \/>\nM\u00e0n nh\u1ef1a pvc ng\u0103n c\u00f4n tr\u00f9ng \u0111\u01b0\u1ee3c s\u1eed d\u1ee5ng l\u00e0m r\u00e8m (m\u00e0n) c\u1eeda kho x\u01b0\u1edfng nh\u00e0 m\u00e1y s\u1ea3n xu\u1ea5t, kho d\u01b0\u1ee3c ph\u1ea9m, kho h\u00e0ng h\u00f3a, c\u1eeda si\u00eau th\u1ecb, h\u1ea7m ng\u1ea7m l\u1ed1i v\u00e0o ga xe \u0111i\u1ec7n, metro, qu\u1ea7y bar, c\u1eeda b\u1ebfp, khu n\u1ea5u n\u01b0\u1edbng, khu v\u1ef1c l\u00e0m vi\u1ec7c ph\u00e2n v\u00f9ng, porthiles, kho ch\u1ebf bi\u1ebfn n\u00f4ng s\u1ea3n, th\u1ef1c ph\u1ea9m, kho ch\u1ebf bi\u1ebfn th\u1ee7y, h\u1ea3i s\u1ea3n, kho \u0111\u00f4ng l\u1ea1nh&#8230;<\/p>\n","protected":false},"excerpt":{"rendered":"<p>&#8211; Ng\u0103n c\u00f4n tr\u00f9ng, ng\u0103n b\u1ee5i, kh\u00f3i, m\u00f9i &#8230;<br \/>\n&#8211; Ng\u0103n c\u1ea3n ti\u1ebfng \u1ed3n, ng\u0103n b\u1ee9c x\u1ea1 tia c\u1ef1c t\u00edm&#8230;<br \/>\n&#8211; S\u1eed d\u1ee5ng \u0111\u01b0\u1ee3c trong \u0111i\u1ec1u ki\u1ec7n nhi\u1ec7t \u0111\u1ed9 th\u00f4ng th\u01b0\u1eddng t\u1eeb: -10 oC to 50 oC<br \/>\n&#8211; M\u00e0u s\u1eafc: V\u00e0ng trong<br \/>\n&#8211; H\u00ecnh d\u1ea1ng: D\u1ebbo tr\u01a1n m\u1ecbn ho\u1eb7c c\u00f3 g\u00e2n s\u00f3ng \u0111\u00f4i.<br \/>\n&#8211; \u0110\u1ed9 d\u00e0y t\u1eeb 1.5mm \u0111\u1ebfn 3mm<\/p>\n","protected":false},"featured_media":2136,"comment_status":"open","ping_status":"closed","template":"","meta":[],"product_brand":[],"product_cat":[104],"product_tag":[207],"class_list":{"0":"post-2135","1":"product","2":"type-product","3":"status-publish","4":"has-post-thumbnail","6":"product_cat-thiet-bi-phong-sach","7":"product_tag-man-nhua-pvc-ngan-con-trung","9":"first","10":"instock","11":"shipping-taxable","12":"product-type-simple"},"yoast_head":"<!-- This site is optimized with the Yoast SEO Premium plugin v25.0 (Yoast SEO v25.2) - https:\/\/yoast.com\/wordpress\/plugins\/seo\/ -->\n<title>M\u00e0n nh\u1ef1a PVC ng\u0103n c\u00f4n tr\u00f9ng - IMRO Vietnam<\/title>\n<meta name=\"robots\" content=\"index, follow, max-snippet:-1, max-image-preview:large, max-video-preview:-1\" \/>\n<link rel=\"canonical\" href=\"https:\/\/imrovietnam.com\/en\/product\/man-nhua-pvc-ngan-con-trung\/\" \/>\n<meta property=\"og:locale\" content=\"en_US\" \/>\n<meta property=\"og:type\" content=\"article\" \/>\n<meta property=\"og:title\" content=\"M\u00e0n nh\u1ef1a PVC ng\u0103n c\u00f4n tr\u00f9ng\" \/>\n<meta property=\"og:description\" content=\"- Ng\u0103n c\u00f4n tr\u00f9ng, ng\u0103n b\u1ee5i, kh\u00f3i, m\u00f9i ... - Ng\u0103n c\u1ea3n ti\u1ebfng \u1ed3n, ng\u0103n b\u1ee9c x\u1ea1 tia c\u1ef1c t\u00edm... - S\u1eed d\u1ee5ng \u0111\u01b0\u1ee3c trong \u0111i\u1ec1u ki\u1ec7n nhi\u1ec7t \u0111\u1ed9 th\u00f4ng th\u01b0\u1eddng t\u1eeb: -10 oC to 50 oC - M\u00e0u s\u1eafc: V\u00e0ng trong - H\u00ecnh d\u1ea1ng: D\u1ebbo tr\u01a1n m\u1ecbn ho\u1eb7c c\u00f3 g\u00e2n s\u00f3ng \u0111\u00f4i. - \u0110\u1ed9 d\u00e0y t\u1eeb 1.5mm \u0111\u1ebfn 3mm\" \/>\n<meta property=\"og:url\" content=\"https:\/\/imrovietnam.com\/en\/product\/man-nhua-pvc-ngan-con-trung\/\" \/>\n<meta property=\"og:site_name\" content=\"IMRO Vietnam\" \/>\n<meta property=\"article:modified_time\" content=\"2021-09-07T09:31:04+00:00\" \/>\n<meta property=\"og:image\" content=\"https:\/\/imrovietnam.com\/wp-content\/uploads\/2021\/08\/mang-pvc-ngan-con-trung.jpg\" \/>\n\t<meta property=\"og:image:width\" content=\"479\" \/>\n\t<meta property=\"og:image:height\" content=\"417\" \/>\n\t<meta property=\"og:image:type\" content=\"image\/jpeg\" \/>\n<meta name=\"twitter:card\" content=\"summary_large_image\" \/>\n<meta name=\"twitter:label1\" content=\"Est. reading time\" \/>\n\t<meta name=\"twitter:data1\" content=\"2 minutes\" \/>\n<script type=\"application\/ld+json\" class=\"yoast-schema-graph\">{\"@context\":\"https:\/\/schema.org\",\"@graph\":[{\"@type\":\"WebPage\",\"@id\":\"https:\/\/imrovietnam.com\/en\/product\/man-nhua-pvc-ngan-con-trung\/\",\"url\":\"https:\/\/imrovietnam.com\/en\/product\/man-nhua-pvc-ngan-con-trung\/\",\"name\":\"M\u00e0n nh\u1ef1a PVC ng\u0103n c\u00f4n tr\u00f9ng - IMRO Vietnam\",\"isPartOf\":{\"@id\":\"https:\/\/imrovietnam.com\/#website\"},\"primaryImageOfPage\":{\"@id\":\"https:\/\/imrovietnam.com\/en\/product\/man-nhua-pvc-ngan-con-trung\/#primaryimage\"},\"image\":{\"@id\":\"https:\/\/imrovietnam.com\/en\/product\/man-nhua-pvc-ngan-con-trung\/#primaryimage\"},\"thumbnailUrl\":\"https:\/\/imrovietnam.com\/wp-content\/uploads\/2021\/08\/mang-pvc-ngan-con-trung.jpg\",\"datePublished\":\"2021-08-21T10:18:21+00:00\",\"dateModified\":\"2021-09-07T09:31:04+00:00\",\"breadcrumb\":{\"@id\":\"https:\/\/imrovietnam.com\/en\/product\/man-nhua-pvc-ngan-con-trung\/#breadcrumb\"},\"inLanguage\":\"en-US\",\"potentialAction\":[{\"@type\":\"ReadAction\",\"target\":[\"https:\/\/imrovietnam.com\/en\/product\/man-nhua-pvc-ngan-con-trung\/\"]}]},{\"@type\":\"ImageObject\",\"inLanguage\":\"en-US\",\"@id\":\"https:\/\/imrovietnam.com\/en\/product\/man-nhua-pvc-ngan-con-trung\/#primaryimage\",\"url\":\"https:\/\/imrovietnam.com\/wp-content\/uploads\/2021\/08\/mang-pvc-ngan-con-trung.jpg\",\"contentUrl\":\"https:\/\/imrovietnam.com\/wp-content\/uploads\/2021\/08\/mang-pvc-ngan-con-trung.jpg\",\"width\":479,\"height\":417},{\"@type\":\"BreadcrumbList\",\"@id\":\"https:\/\/imrovietnam.com\/en\/product\/man-nhua-pvc-ngan-con-trung\/#breadcrumb\",\"itemListElement\":[{\"@type\":\"ListItem\",\"position\":1,\"name\":\"Home\",\"item\":\"https:\/\/imrovietnam.com\/\"},{\"@type\":\"ListItem\",\"position\":2,\"name\":\"S\u1ea3n ph\u1ea9m\",\"item\":\"https:\/\/imrovietnam.com\/shop\/\"},{\"@type\":\"ListItem\",\"position\":3,\"name\":\"M\u00e0n nh\u1ef1a PVC ng\u0103n c\u00f4n tr\u00f9ng\"}]},{\"@type\":\"WebSite\",\"@id\":\"https:\/\/imrovietnam.com\/#website\",\"url\":\"https:\/\/imrovietnam.com\/\",\"name\":\"IMRO Vietnam\",\"description\":\"Your consumables and spare parts store\",\"potentialAction\":[{\"@type\":\"SearchAction\",\"target\":{\"@type\":\"EntryPoint\",\"urlTemplate\":\"https:\/\/imrovietnam.com\/?s={search_term_string}\"},\"query-input\":{\"@type\":\"PropertyValueSpecification\",\"valueRequired\":true,\"valueName\":\"search_term_string\"}}],\"inLanguage\":\"en-US\"}]}<\/script>\n<!-- \/ Yoast SEO Premium plugin. -->","yoast_head_json":{"title":"M\u00e0n nh\u1ef1a PVC ng\u0103n c\u00f4n tr\u00f9ng - IMRO Vietnam","robots":{"index":"index","follow":"follow","max-snippet":"max-snippet:-1","max-image-preview":"max-image-preview:large","max-video-preview":"max-video-preview:-1"},"canonical":"https:\/\/imrovietnam.com\/en\/product\/man-nhua-pvc-ngan-con-trung\/","og_locale":"en_US","og_type":"article","og_title":"M\u00e0n nh\u1ef1a PVC ng\u0103n c\u00f4n tr\u00f9ng","og_description":"- Ng\u0103n c\u00f4n tr\u00f9ng, ng\u0103n b\u1ee5i, kh\u00f3i, m\u00f9i ... - Ng\u0103n c\u1ea3n ti\u1ebfng \u1ed3n, ng\u0103n b\u1ee9c x\u1ea1 tia c\u1ef1c t\u00edm... - S\u1eed d\u1ee5ng \u0111\u01b0\u1ee3c trong \u0111i\u1ec1u ki\u1ec7n nhi\u1ec7t \u0111\u1ed9 th\u00f4ng th\u01b0\u1eddng t\u1eeb: -10 oC to 50 oC - M\u00e0u s\u1eafc: V\u00e0ng trong - H\u00ecnh d\u1ea1ng: D\u1ebbo tr\u01a1n m\u1ecbn ho\u1eb7c c\u00f3 g\u00e2n s\u00f3ng \u0111\u00f4i. - \u0110\u1ed9 d\u00e0y t\u1eeb 1.5mm \u0111\u1ebfn 3mm","og_url":"https:\/\/imrovietnam.com\/en\/product\/man-nhua-pvc-ngan-con-trung\/","og_site_name":"IMRO Vietnam","article_modified_time":"2021-09-07T09:31:04+00:00","og_image":[{"width":479,"height":417,"url":"https:\/\/imrovietnam.com\/wp-content\/uploads\/2021\/08\/mang-pvc-ngan-con-trung.jpg","type":"image\/jpeg"}],"twitter_card":"summary_large_image","twitter_misc":{"Est. reading time":"2 minutes"},"schema":{"@context":"https:\/\/schema.org","@graph":[{"@type":"WebPage","@id":"https:\/\/imrovietnam.com\/en\/product\/man-nhua-pvc-ngan-con-trung\/","url":"https:\/\/imrovietnam.com\/en\/product\/man-nhua-pvc-ngan-con-trung\/","name":"M\u00e0n nh\u1ef1a PVC ng\u0103n c\u00f4n tr\u00f9ng - IMRO Vietnam","isPartOf":{"@id":"https:\/\/imrovietnam.com\/#website"},"primaryImageOfPage":{"@id":"https:\/\/imrovietnam.com\/en\/product\/man-nhua-pvc-ngan-con-trung\/#primaryimage"},"image":{"@id":"https:\/\/imrovietnam.com\/en\/product\/man-nhua-pvc-ngan-con-trung\/#primaryimage"},"thumbnailUrl":"https:\/\/imrovietnam.com\/wp-content\/uploads\/2021\/08\/mang-pvc-ngan-con-trung.jpg","datePublished":"2021-08-21T10:18:21+00:00","dateModified":"2021-09-07T09:31:04+00:00","breadcrumb":{"@id":"https:\/\/imrovietnam.com\/en\/product\/man-nhua-pvc-ngan-con-trung\/#breadcrumb"},"inLanguage":"en-US","potentialAction":[{"@type":"ReadAction","target":["https:\/\/imrovietnam.com\/en\/product\/man-nhua-pvc-ngan-con-trung\/"]}]},{"@type":"ImageObject","inLanguage":"en-US","@id":"https:\/\/imrovietnam.com\/en\/product\/man-nhua-pvc-ngan-con-trung\/#primaryimage","url":"https:\/\/imrovietnam.com\/wp-content\/uploads\/2021\/08\/mang-pvc-ngan-con-trung.jpg","contentUrl":"https:\/\/imrovietnam.com\/wp-content\/uploads\/2021\/08\/mang-pvc-ngan-con-trung.jpg","width":479,"height":417},{"@type":"BreadcrumbList","@id":"https:\/\/imrovietnam.com\/en\/product\/man-nhua-pvc-ngan-con-trung\/#breadcrumb","itemListElement":[{"@type":"ListItem","position":1,"name":"Home","item":"https:\/\/imrovietnam.com\/"},{"@type":"ListItem","position":2,"name":"S\u1ea3n ph\u1ea9m","item":"https:\/\/imrovietnam.com\/shop\/"},{"@type":"ListItem","position":3,"name":"M\u00e0n nh\u1ef1a PVC ng\u0103n c\u00f4n tr\u00f9ng"}]},{"@type":"WebSite","@id":"https:\/\/imrovietnam.com\/#website","url":"https:\/\/imrovietnam.com\/","name":"IMRO Vietnam","description":"Your consumables and spare parts store","potentialAction":[{"@type":"SearchAction","target":{"@type":"EntryPoint","urlTemplate":"https:\/\/imrovietnam.com\/?s={search_term_string}"},"query-input":{"@type":"PropertyValueSpecification","valueRequired":true,"valueName":"search_term_string"}}],"inLanguage":"en-US"}]}},"_links":{"self":[{"href":"https:\/\/imrovietnam.com\/en\/wp-json\/wp\/v2\/product\/2135","targetHints":{"allow":["GET"]}}],"collection":[{"href":"https:\/\/imrovietnam.com\/en\/wp-json\/wp\/v2\/product"}],"about":[{"href":"https:\/\/imrovietnam.com\/en\/wp-json\/wp\/v2\/types\/product"}],"replies":[{"embeddable":true,"href":"https:\/\/imrovietnam.com\/en\/wp-json\/wp\/v2\/comments?post=2135"}],"wp:featuredmedia":[{"embeddable":true,"href":"https:\/\/imrovietnam.com\/en\/wp-json\/wp\/v2\/media\/2136"}],"wp:attachment":[{"href":"https:\/\/imrovietnam.com\/en\/wp-json\/wp\/v2\/media?parent=2135"}],"wp:term":[{"taxonomy":"product_brand","embeddable":true,"href":"https:\/\/imrovietnam.com\/en\/wp-json\/wp\/v2\/product_brand?post=2135"},{"taxonomy":"product_cat","embeddable":true,"href":"https:\/\/imrovietnam.com\/en\/wp-json\/wp\/v2\/product_cat?post=2135"},{"taxonomy":"product_tag","embeddable":true,"href":"https:\/\/imrovietnam.com\/en\/wp-json\/wp\/v2\/product_tag?post=2135"}],"curies":[{"name":"wp","href":"https:\/\/api.w.org\/{rel}","templated":true}]}}