{"id":2132,"date":"2021-08-21T17:15:16","date_gmt":"2021-08-21T10:15:16","guid":{"rendered":"https:\/\/imrovietnam.com\/?post_type=product&#038;p=2132"},"modified":"2021-09-07T15:11:32","modified_gmt":"2021-09-07T08:11:32","slug":"man-nhua-pvc-ngan-lanh-cach-nhiet","status":"publish","type":"product","link":"https:\/\/imrovietnam.com\/en\/product\/man-nhua-pvc-ngan-lanh-cach-nhiet\/","title":{"rendered":"M\u00e0n nh\u1ef1a PVC ng\u0103n l\u1ea1nh c\u00e1ch nhi\u1ec7t"},"content":{"rendered":"<p>&#8211; Ng\u0103n ng\u1eeba th\u1ea5t tho\u00e1t nhi\u1ec7t (ng\u0103n l\u1ea1nh ph\u00f2ng s\u1eed d\u1ee5ng \u0111i\u1ec1u h\u00f2a) ho\u1eb7c ng\u0103n s\u00e2m nh\u1eadp h\u01a1i l\u1ea1nh (gi\u1eef \u1ea5m) m\u00f9a \u0111\u00f4ng.<br \/>\n&#8211; Ng\u0103n b\u1ee5i, kh\u00f3i, m\u00f9i v\u00e0 nhi\u1ec1u \u1ee9ng d\u1ee5ng kh\u00e1c &#8230;<br \/>\n&#8211; Ng\u0103n c\u1ea3n ti\u1ebfng \u1ed3n, ng\u0103n b\u1ee9c x\u1ea1 tia c\u1ef1c t\u00edm &#8230;<br \/>\n&#8211; S\u1eed d\u1ee5ng \u0111\u01b0\u1ee3c trong \u0111i\u1ec1u ki\u1ec7n nhi\u1ec7t \u0111\u1ed9 th\u00f4ng th\u01b0\u1eddng t\u1eeb: -10 oC to 50 oC<br \/>\n&#8211; M\u00e0u s\u1eafc: Tr\u1eafng trong, xanh da tr\u1eddi.<br \/>\n&#8211; H\u00ecnh d\u1ea1ng: D\u1ebbo tr\u01a1n m\u1ecbn ho\u1eb7c c\u00f3 g\u00e2n s\u00f3ng \u0111\u00f4i.<br \/>\n&#8211; \u0110\u1ed9 d\u00e0y t\u1eeb 1.5mm \u0111\u1ebfn 3mm<br \/>\nR\u00e8m nh\u1ef1a PVC ng\u0103n l\u1ea1nh, c\u00e1ch nhi\u1ec7t<br \/>\nM\u1ee5c \u0111\u00edch s\u1eed d\u1ee5ng m\u00e0n nh\u1ef1a PVC<br \/>\n&#8211; M\u00e0ng nh\u1ef1a PVC Ng\u0103n ng\u1eeba th\u1ea5t tho\u00e1t nhi\u1ec7t (ng\u0103n l\u1ea1nh ph\u00f2ng s\u1eed d\u1ee5ng \u0111i\u1ec1u h\u00f2a) ho\u1eb7c ng\u0103n s\u00e2m nh\u1eadp h\u01a1i l\u1ea1nh (gi\u1eef \u1ea5m) m\u00f9a \u0111\u00f4ng.<br \/>\n&#8211; Ng\u0103n b\u1ee5i, kh\u00f3i, m\u00f9i v\u00e0 nhi\u1ec1u \u1ee9ng d\u1ee5ng kh\u00e1c &#8230;<br \/>\n&#8211; Ng\u0103n c\u1ea3n ti\u1ebfng \u1ed3n, ng\u0103n b\u1ee9c x\u1ea1 tia c\u1ef1c t\u00edm &#8230;<br \/>\n&#8211; S\u1eed d\u1ee5ng \u0111\u01b0\u1ee3c trong \u0111i\u1ec1u ki\u1ec7n nhi\u1ec7t \u0111\u1ed9 th\u00f4ng th\u01b0\u1eddng t\u1eeb: -10 oC to 50 oC<br \/>\n&#8211; M\u00e0u s\u1eafc: Tr\u1eafng trong, xanh da tr\u1eddi.<br \/>\n&#8211; H\u00ecnh d\u1ea1ng: D\u1ebbo tr\u01a1n m\u1ecbn ho\u1eb7c c\u00f3 g\u00e2n s\u00f3ng \u0111\u00f4i.<br \/>\n&#8211; \u0110\u1ed9 d\u00e0y t\u1eeb 1.5mm \u0111\u1ebfn 3mm.<br \/>\n<img loading=\"lazy\" decoding=\"async\" class=\"aligncenter wp-image-2133 size-full\" src=\"https:\/\/imrovietnam.com\/wp-content\/uploads\/2021\/08\/man-chan-ngan-lanh.jpg\" alt=\"r\u00e8m nh\u1ef1a pvc ng\u0103n l\u1ea1nh c\u00e1ch nhi\u1ec7t\" width=\"486\" height=\"425\" srcset=\"https:\/\/imrovietnam.com\/wp-content\/uploads\/2021\/08\/man-chan-ngan-lanh.jpg 486w, https:\/\/imrovietnam.com\/wp-content\/uploads\/2021\/08\/man-chan-ngan-lanh-457x400.jpg 457w\" sizes=\"auto, (max-width: 486px) 100vw, 486px\" \/><\/p>\n<p>\u1ee8ng d\u1ee5ng r\u00e8m nh\u1ef1a pvc ng\u0103n l\u1ea1nh c\u00e1ch nhi\u1ec7t<br \/>\nR\u00e8m m\u00e0n nh\u1ef1a pvc ng\u0103n l\u1ea1nh \u0111\u01b0\u1ee3c s\u1eed d\u1ee5ng nhi\u1ec1u trong c\u00e1c khu c\u00f4ng nghi\u1ec7p \u0111i\u1ec7n t\u1eed, c\u01a1 khi, m\u00e1y m\u1ecdc hi\u1ec7n nay. D\u00f9ng \u1edf c\u00e1c v\u1ecb tr\u00ed c\u1eeda kho x\u01b0\u1edfng nh\u00e0 m\u00e1y s\u1ea3n xu\u1ea5t, kho h\u00e0ng h\u00f3a, c\u1eeda si\u00eau th\u1ecb, h\u1ea7m ng\u1ea7m l\u1ed1i v\u00e0o ga xe \u0111i\u1ec7n, metro, qu\u1ea7y bar, c\u1eeda b\u1ebfp, khu n\u1ea5u n\u01b0\u1edbng, khu v\u1ef1c l\u00e0m vi\u1ec7c ph\u00e2n v\u00f9ng, porthiles, m\u00e0n che c\u1eeda d\u00e2n d\u1ee5ng v\u00e0 c\u00f4ng nghi\u1ec7p, l\u1ec1u, tr\u1ea1i&#8230;<\/p>\n","protected":false},"excerpt":{"rendered":"<p>Th\u00f4ng s\u1ed1 k\u00edch th\u01b0\u1edbc ti\u00eau chu\u1ea9n m\u00e0n nh\u1ef1a PVC (b\u1ea3n r\u1ed9ng x \u0111\u1ed9 d\u1ea7y x chi\u1ec1u d\u00e0i cu\u1ed9n):<br \/>\n200 mm (w) x 1.5 mm (T) x 50 m<\/p>\n<p>200 mm (w) x 2.0 mm (T) x 50 m<\/p>\n<p>200 mm (w) x 3.0 mm (T) x 50 m<\/p>\n<p>300 mm (w) x 2.0 mm (T) x 50 m<\/p>\n<p>300 mm (w) x 3.0 mm (T) x 50 m<\/p>\n<p>Xanh d\u01b0\u01a1ng, m\u1ec1m m\u1ecbn M\u00e0u tr\u1eafng trong C\u00f3 g\u00e2n s\u00f3ng \u0111\u00f4i<\/p>\n","protected":false},"featured_media":2133,"comment_status":"open","ping_status":"closed","template":"","meta":[],"product_brand":[],"product_cat":[104],"product_tag":[316,307,60,206,325,329],"class_list":{"0":"post-2132","1":"product","2":"type-product","3":"status-publish","4":"has-post-thumbnail","6":"product_cat-thiet-bi-phong-sach","7":"product_tag-cach-nhiet","8":"product_tag-dien-tu","9":"product_tag-man","10":"product_tag-man-nhua-pvc-ngan-lanh-cach-nhiet","11":"product_tag-nha-may","12":"product_tag-rem","14":"first","15":"instock","16":"shipping-taxable","17":"product-type-simple"},"yoast_head":"<!-- This site is optimized with the Yoast SEO Premium plugin v25.0 (Yoast SEO v25.2) - https:\/\/yoast.com\/wordpress\/plugins\/seo\/ -->\n<title>M\u00e0n nh\u1ef1a PVC ng\u0103n l\u1ea1nh c\u00e1ch nhi\u1ec7t - IMRO Vietnam<\/title>\n<meta name=\"robots\" content=\"index, follow, max-snippet:-1, max-image-preview:large, max-video-preview:-1\" \/>\n<link rel=\"canonical\" href=\"https:\/\/imrovietnam.com\/en\/product\/man-nhua-pvc-ngan-lanh-cach-nhiet\/\" \/>\n<meta property=\"og:locale\" content=\"en_US\" \/>\n<meta property=\"og:type\" content=\"article\" \/>\n<meta property=\"og:title\" content=\"M\u00e0n nh\u1ef1a PVC ng\u0103n l\u1ea1nh c\u00e1ch nhi\u1ec7t\" \/>\n<meta property=\"og:description\" content=\"Th\u00f4ng s\u1ed1 k\u00edch th\u01b0\u1edbc ti\u00eau chu\u1ea9n m\u00e0n nh\u1ef1a PVC (b\u1ea3n r\u1ed9ng x \u0111\u1ed9 d\u1ea7y x chi\u1ec1u d\u00e0i cu\u1ed9n): 200 mm (w) x 1.5 mm (T) x 50 m  200 mm (w) x 2.0 mm (T) x 50 m  200 mm (w) x 3.0 mm (T) x 50 m  300 mm (w) x 2.0 mm (T) x 50 m  300 mm (w) x 3.0 mm (T) x 50 m  Xanh d\u01b0\u01a1ng, m\u1ec1m m\u1ecbn M\u00e0u tr\u1eafng trong C\u00f3 g\u00e2n s\u00f3ng \u0111\u00f4i\" \/>\n<meta property=\"og:url\" content=\"https:\/\/imrovietnam.com\/en\/product\/man-nhua-pvc-ngan-lanh-cach-nhiet\/\" \/>\n<meta property=\"og:site_name\" content=\"IMRO Vietnam\" \/>\n<meta property=\"article:modified_time\" content=\"2021-09-07T08:11:32+00:00\" \/>\n<meta property=\"og:image\" content=\"https:\/\/imrovietnam.com\/wp-content\/uploads\/2021\/08\/man-chan-ngan-lanh.jpg\" \/>\n\t<meta property=\"og:image:width\" content=\"486\" \/>\n\t<meta property=\"og:image:height\" content=\"425\" \/>\n\t<meta property=\"og:image:type\" content=\"image\/jpeg\" \/>\n<meta name=\"twitter:card\" content=\"summary_large_image\" \/>\n<meta name=\"twitter:label1\" content=\"Est. reading time\" \/>\n\t<meta name=\"twitter:data1\" content=\"2 minutes\" \/>\n<script type=\"application\/ld+json\" class=\"yoast-schema-graph\">{\"@context\":\"https:\/\/schema.org\",\"@graph\":[{\"@type\":\"WebPage\",\"@id\":\"https:\/\/imrovietnam.com\/en\/product\/man-nhua-pvc-ngan-lanh-cach-nhiet\/\",\"url\":\"https:\/\/imrovietnam.com\/en\/product\/man-nhua-pvc-ngan-lanh-cach-nhiet\/\",\"name\":\"M\u00e0n nh\u1ef1a PVC ng\u0103n l\u1ea1nh c\u00e1ch nhi\u1ec7t - IMRO Vietnam\",\"isPartOf\":{\"@id\":\"https:\/\/imrovietnam.com\/#website\"},\"primaryImageOfPage\":{\"@id\":\"https:\/\/imrovietnam.com\/en\/product\/man-nhua-pvc-ngan-lanh-cach-nhiet\/#primaryimage\"},\"image\":{\"@id\":\"https:\/\/imrovietnam.com\/en\/product\/man-nhua-pvc-ngan-lanh-cach-nhiet\/#primaryimage\"},\"thumbnailUrl\":\"https:\/\/imrovietnam.com\/wp-content\/uploads\/2021\/08\/man-chan-ngan-lanh.jpg\",\"datePublished\":\"2021-08-21T10:15:16+00:00\",\"dateModified\":\"2021-09-07T08:11:32+00:00\",\"breadcrumb\":{\"@id\":\"https:\/\/imrovietnam.com\/en\/product\/man-nhua-pvc-ngan-lanh-cach-nhiet\/#breadcrumb\"},\"inLanguage\":\"en-US\",\"potentialAction\":[{\"@type\":\"ReadAction\",\"target\":[\"https:\/\/imrovietnam.com\/en\/product\/man-nhua-pvc-ngan-lanh-cach-nhiet\/\"]}]},{\"@type\":\"ImageObject\",\"inLanguage\":\"en-US\",\"@id\":\"https:\/\/imrovietnam.com\/en\/product\/man-nhua-pvc-ngan-lanh-cach-nhiet\/#primaryimage\",\"url\":\"https:\/\/imrovietnam.com\/wp-content\/uploads\/2021\/08\/man-chan-ngan-lanh.jpg\",\"contentUrl\":\"https:\/\/imrovietnam.com\/wp-content\/uploads\/2021\/08\/man-chan-ngan-lanh.jpg\",\"width\":486,\"height\":425},{\"@type\":\"BreadcrumbList\",\"@id\":\"https:\/\/imrovietnam.com\/en\/product\/man-nhua-pvc-ngan-lanh-cach-nhiet\/#breadcrumb\",\"itemListElement\":[{\"@type\":\"ListItem\",\"position\":1,\"name\":\"Home\",\"item\":\"https:\/\/imrovietnam.com\/\"},{\"@type\":\"ListItem\",\"position\":2,\"name\":\"S\u1ea3n ph\u1ea9m\",\"item\":\"https:\/\/imrovietnam.com\/shop\/\"},{\"@type\":\"ListItem\",\"position\":3,\"name\":\"M\u00e0n nh\u1ef1a PVC ng\u0103n l\u1ea1nh c\u00e1ch nhi\u1ec7t\"}]},{\"@type\":\"WebSite\",\"@id\":\"https:\/\/imrovietnam.com\/#website\",\"url\":\"https:\/\/imrovietnam.com\/\",\"name\":\"IMRO Vietnam\",\"description\":\"Your consumables and spare parts store\",\"potentialAction\":[{\"@type\":\"SearchAction\",\"target\":{\"@type\":\"EntryPoint\",\"urlTemplate\":\"https:\/\/imrovietnam.com\/?s={search_term_string}\"},\"query-input\":{\"@type\":\"PropertyValueSpecification\",\"valueRequired\":true,\"valueName\":\"search_term_string\"}}],\"inLanguage\":\"en-US\"}]}<\/script>\n<!-- \/ Yoast SEO Premium plugin. -->","yoast_head_json":{"title":"M\u00e0n nh\u1ef1a PVC ng\u0103n l\u1ea1nh c\u00e1ch nhi\u1ec7t - IMRO Vietnam","robots":{"index":"index","follow":"follow","max-snippet":"max-snippet:-1","max-image-preview":"max-image-preview:large","max-video-preview":"max-video-preview:-1"},"canonical":"https:\/\/imrovietnam.com\/en\/product\/man-nhua-pvc-ngan-lanh-cach-nhiet\/","og_locale":"en_US","og_type":"article","og_title":"M\u00e0n nh\u1ef1a PVC ng\u0103n l\u1ea1nh c\u00e1ch nhi\u1ec7t","og_description":"Th\u00f4ng s\u1ed1 k\u00edch th\u01b0\u1edbc ti\u00eau chu\u1ea9n m\u00e0n nh\u1ef1a PVC (b\u1ea3n r\u1ed9ng x \u0111\u1ed9 d\u1ea7y x chi\u1ec1u d\u00e0i cu\u1ed9n): 200 mm (w) x 1.5 mm (T) x 50 m  200 mm (w) x 2.0 mm (T) x 50 m  200 mm (w) x 3.0 mm (T) x 50 m  300 mm (w) x 2.0 mm (T) x 50 m  300 mm (w) x 3.0 mm (T) x 50 m  Xanh d\u01b0\u01a1ng, m\u1ec1m m\u1ecbn M\u00e0u tr\u1eafng trong C\u00f3 g\u00e2n s\u00f3ng \u0111\u00f4i","og_url":"https:\/\/imrovietnam.com\/en\/product\/man-nhua-pvc-ngan-lanh-cach-nhiet\/","og_site_name":"IMRO Vietnam","article_modified_time":"2021-09-07T08:11:32+00:00","og_image":[{"width":486,"height":425,"url":"https:\/\/imrovietnam.com\/wp-content\/uploads\/2021\/08\/man-chan-ngan-lanh.jpg","type":"image\/jpeg"}],"twitter_card":"summary_large_image","twitter_misc":{"Est. reading time":"2 minutes"},"schema":{"@context":"https:\/\/schema.org","@graph":[{"@type":"WebPage","@id":"https:\/\/imrovietnam.com\/en\/product\/man-nhua-pvc-ngan-lanh-cach-nhiet\/","url":"https:\/\/imrovietnam.com\/en\/product\/man-nhua-pvc-ngan-lanh-cach-nhiet\/","name":"M\u00e0n nh\u1ef1a PVC ng\u0103n l\u1ea1nh c\u00e1ch nhi\u1ec7t - IMRO Vietnam","isPartOf":{"@id":"https:\/\/imrovietnam.com\/#website"},"primaryImageOfPage":{"@id":"https:\/\/imrovietnam.com\/en\/product\/man-nhua-pvc-ngan-lanh-cach-nhiet\/#primaryimage"},"image":{"@id":"https:\/\/imrovietnam.com\/en\/product\/man-nhua-pvc-ngan-lanh-cach-nhiet\/#primaryimage"},"thumbnailUrl":"https:\/\/imrovietnam.com\/wp-content\/uploads\/2021\/08\/man-chan-ngan-lanh.jpg","datePublished":"2021-08-21T10:15:16+00:00","dateModified":"2021-09-07T08:11:32+00:00","breadcrumb":{"@id":"https:\/\/imrovietnam.com\/en\/product\/man-nhua-pvc-ngan-lanh-cach-nhiet\/#breadcrumb"},"inLanguage":"en-US","potentialAction":[{"@type":"ReadAction","target":["https:\/\/imrovietnam.com\/en\/product\/man-nhua-pvc-ngan-lanh-cach-nhiet\/"]}]},{"@type":"ImageObject","inLanguage":"en-US","@id":"https:\/\/imrovietnam.com\/en\/product\/man-nhua-pvc-ngan-lanh-cach-nhiet\/#primaryimage","url":"https:\/\/imrovietnam.com\/wp-content\/uploads\/2021\/08\/man-chan-ngan-lanh.jpg","contentUrl":"https:\/\/imrovietnam.com\/wp-content\/uploads\/2021\/08\/man-chan-ngan-lanh.jpg","width":486,"height":425},{"@type":"BreadcrumbList","@id":"https:\/\/imrovietnam.com\/en\/product\/man-nhua-pvc-ngan-lanh-cach-nhiet\/#breadcrumb","itemListElement":[{"@type":"ListItem","position":1,"name":"Home","item":"https:\/\/imrovietnam.com\/"},{"@type":"ListItem","position":2,"name":"S\u1ea3n ph\u1ea9m","item":"https:\/\/imrovietnam.com\/shop\/"},{"@type":"ListItem","position":3,"name":"M\u00e0n nh\u1ef1a PVC ng\u0103n l\u1ea1nh c\u00e1ch nhi\u1ec7t"}]},{"@type":"WebSite","@id":"https:\/\/imrovietnam.com\/#website","url":"https:\/\/imrovietnam.com\/","name":"IMRO Vietnam","description":"Your consumables and spare parts store","potentialAction":[{"@type":"SearchAction","target":{"@type":"EntryPoint","urlTemplate":"https:\/\/imrovietnam.com\/?s={search_term_string}"},"query-input":{"@type":"PropertyValueSpecification","valueRequired":true,"valueName":"search_term_string"}}],"inLanguage":"en-US"}]}},"_links":{"self":[{"href":"https:\/\/imrovietnam.com\/en\/wp-json\/wp\/v2\/product\/2132","targetHints":{"allow":["GET"]}}],"collection":[{"href":"https:\/\/imrovietnam.com\/en\/wp-json\/wp\/v2\/product"}],"about":[{"href":"https:\/\/imrovietnam.com\/en\/wp-json\/wp\/v2\/types\/product"}],"replies":[{"embeddable":true,"href":"https:\/\/imrovietnam.com\/en\/wp-json\/wp\/v2\/comments?post=2132"}],"wp:featuredmedia":[{"embeddable":true,"href":"https:\/\/imrovietnam.com\/en\/wp-json\/wp\/v2\/media\/2133"}],"wp:attachment":[{"href":"https:\/\/imrovietnam.com\/en\/wp-json\/wp\/v2\/media?parent=2132"}],"wp:term":[{"taxonomy":"product_brand","embeddable":true,"href":"https:\/\/imrovietnam.com\/en\/wp-json\/wp\/v2\/product_brand?post=2132"},{"taxonomy":"product_cat","embeddable":true,"href":"https:\/\/imrovietnam.com\/en\/wp-json\/wp\/v2\/product_cat?post=2132"},{"taxonomy":"product_tag","embeddable":true,"href":"https:\/\/imrovietnam.com\/en\/wp-json\/wp\/v2\/product_tag?post=2132"}],"curies":[{"name":"wp","href":"https:\/\/api.w.org\/{rel}","templated":true}]}}