{"id":2129,"date":"2021-08-21T17:09:11","date_gmt":"2021-08-21T10:09:11","guid":{"rendered":"https:\/\/imrovietnam.com\/?post_type=product&#038;p=2129"},"modified":"2021-09-07T16:27:06","modified_gmt":"2021-09-07T09:27:06","slug":"man-nhua-pvc-chan-tia-lua-han","status":"publish","type":"product","link":"https:\/\/imrovietnam.com\/en\/product\/man-nhua-pvc-chan-tia-lua-han\/","title":{"rendered":"M\u00e0n nh\u1ef1a PVC ch\u1eafn tia l\u1eeda h\u00e0n"},"content":{"rendered":"<p>M\u00e0n nh\u1ef1a PVC ch\u1eafn tia l\u1eeda h\u00e0n<br \/>\nM\u00e0n nh\u1ef1a PVC v\u1edbi ch\u1ee9c n\u0103ng ng\u0103n tia l\u1eeda h\u00e0n, ng\u0103n h\u1ed3 quang, ph\u00e2n chia khu v\u1ef1c thi\u1ebft b\u1ecb m\u00e1y c\u1eaft, m\u00e1y h\u00e0n x\u00ec&#8230;. V\u00e0 \u1edf c\u00e1c khu v\u1ef1c thi c\u00f4ng, gia c\u00f4ng, ch\u1ebf t\u00e1c, c\u1eaft h\u00e0n&#8230; M\u00e0n nh\u1ef1a PVC c\u00f3 t\u00e1c d\u1ee5ng ng\u0103n tia h\u00e0n b\u1eaft ra khu v\u1ef1c v\u00e0 v\u1ecb tr\u00ed kh\u00e1c, b\u1ea3o v\u1ec7 c\u00f4ng nh\u00e2n, v\u00e0 l\u00e0m gi\u1ea3m ti\u1ebfng \u1ed3n, kh\u00f4ng \u1ea3nh h\u01b0\u1edfng t\u1edbi v\u1eadt t\u01b0, thi\u1ebft b\u1ecb v\u00e0 m\u1ecdi ng\u01b0\u1eddi xung quanh.<\/p>\n<p><img loading=\"lazy\" decoding=\"async\" class=\"aligncenter wp-image-2130 size-full\" style=\"color: #555555;\" src=\"https:\/\/imrovietnam.com\/wp-content\/uploads\/2021\/08\/man-chan-tia-han.jpg\" alt=\"M\u00e0n nh\u1ef1a PVC ch\u1eafn tia l\u1eeda h\u00e0n\" width=\"485\" height=\"429\" srcset=\"https:\/\/imrovietnam.com\/wp-content\/uploads\/2021\/08\/man-chan-tia-han.jpg 485w, https:\/\/imrovietnam.com\/wp-content\/uploads\/2021\/08\/man-chan-tia-han-452x400.jpg 452w\" sizes=\"auto, (max-width: 485px) 100vw, 485px\" \/><\/p>\n<p>&nbsp;<\/p>\n<p>Th\u00f4ng s\u1ed1 k\u1ef9 thu\u1eadt m\u00e0n nh\u1ef1a ng\u0103n tia l\u1eeda h\u00e0n<br \/>\n&#8211; Ng\u0103n tia l\u1eeda h\u00e0n, h\u1ed3 quang \u0111i\u1ec7n, ph\u00e2n chia khu v\u1ef1c c\u1eaft, m\u00e0i kim lo\u1ea1i&#8230;<\/p>\n<p>&#8211; S\u1eed d\u1ee5ng \u0111\u01b0\u1ee3c trong \u0111i\u1ec1u ki\u1ec7n nhi\u1ec7t \u0111\u1ed9 t\u1eeb: 10 \u0111\u1ebfn 50 oC.<br \/>\n&#8211; M\u00e0u s\u1eafc: \u0110\u1ecf, \u0111en, xanh \u0111en&#8230;<br \/>\n&#8211; H\u00ecnh d\u1ea1ng: M\u1ec1m, tr\u01a1n m\u1ecbn<br \/>\n&#8211; \u0110\u1ed9 d\u00e0y: 2.0 mm<br \/>\n&#8211; Th\u00f4ng s\u1ed1 k\u00edch th\u01b0\u1edbc ti\u00eau chu\u1ea9n (b\u1ea3n r\u1ed9ng x \u0111\u1ed9 d\u1ea7y x chi\u1ec1u d\u00e0i cu\u1ed9n):<\/p>\n<p>Kh\u1ed5 ti\u00eau chu\u1ea9n c\u1ee7a m\u00e0n PVC:<\/p>\n<p>200 mm (w) x 2.0 mm (T) x 50 m<\/p>\n<p>Kh\u1ed5 l\u1edbn m\u00e0n PVC:<\/p>\n<p>1200 (w) x 0.5 (0.8) (T) x 50m<br \/>\nM\u00e0n nh\u1ef1a PVC ch\u1ed1ng tia l\u1eeda \u0111i\u1ec7n<\/p>\n<p>Cu\u1ed9n nh\u1ef1a pvc ng\u0103n tia l\u1eeda h\u00e0n<\/p>\n<p>\u1ee8ng d\u1ee5ng m\u00e0n nh\u1ef1a PVC hi\u1ec7n nay<br \/>\nM\u00e0n nh\u1ef1a pvc \u1ee9ng d\u1ee5ng r\u1ed9ng r\u00e3i trong nhi\u1ec1u l\u0129nh v\u1ef1c v\u00e0 \u0111\u1eb7c bi\u1ec7t trong l\u0129nh v\u1ef1c c\u00f4ng nghi\u1ec7p h\u00e0n x\u00ec, gi\u00fap ng\u0103n tia l\u1eeda h\u00e0n, m\u00e0n c\u1eeda ph\u00f2ng h\u00e0n, x\u01b0\u1edfng h\u00e0n, l\u00f2 luy\u1ec7n kim, lo nung n\u00f3ng ch\u1ea3y kim lo\u1ea1i&#8230;Ng\u0103n tia l\u1eeda h\u00e0n, h\u1ed3 quang \u0111i\u1ec7n, c\u00e1c tia kh\u00e1c trong qu\u00e1 tr\u00ecnh h\u00e0n \u1ea3nh h\u01b0\u1edfng t\u1edbi m\u1eaft v\u00e0 s\u1ee9c kh\u1ecfe ng\u01b0\u1eddi lao \u0111\u1ed9ng, m\u00f4i tr\u01b0\u1eddng xung quanh. B\u1ea3o v\u1ec7 doanh nghi\u1ec7p v\u1ec1 nhi\u1ec1u m\u1eb7t, t\u0103ng n\u0103ng xu\u1ea5t lao \u0111\u1ed9ng.<\/p>\n<p>M\u00e0ng nh\u1ef1a PVC ch\u1eafn tia l\u1eeda h\u00e0n trong x\u01b0\u1edfng c\u01a1 kh\u00ed<br \/>\nM\u00e0ng nh\u1ef1a pvc ch\u1eafn trong nh\u00e0 m\u00e1y<\/p>\n<p>R\u00e8m, m\u00e0n nh\u1ef1a PVC che ch\u1eafn trong nh\u00e0 m\u00e1y B\u1eafc Ninh, B\u1eafc Giang<\/p>\n","protected":false},"excerpt":{"rendered":"<p>&#8211; Ng\u0103n tia l\u1eeda h\u00e0n, h\u1ed3 quang \u0111i\u1ec7n, ph\u00e2n chia khu v\u1ef1c c\u1eaft, m\u00e0i kim lo\u1ea1i&#8230;<br \/>\n&#8211; S\u1eed d\u1ee5ng \u0111\u01b0\u1ee3c trong \u0111i\u1ec1u ki\u1ec7n nhi\u1ec7t \u0111\u1ed9 t\u1eeb: 10 \u0111\u1ebfn 50 oC.<br \/>\n&#8211; M\u00e0u s\u1eafc: \u0110\u1ecf, \u0111en, xanh \u0111en&#8230;<br \/>\n&#8211; H\u00ecnh d\u1ea1ng: M\u1ec1m, tr\u01a1n m\u1ecbn<br \/>\n&#8211; \u0110\u1ed9 d\u00e0y: 2.0 mm<br \/>\nTi\u00eau chu\u1ea9n: 200 mm (w) x 2.0 mm (T) x 50 m<br \/>\nKh\u1ed5 l\u1edbn: 1200 (w) x 0.5 (0.8) (T) x 50m<\/p>\n","protected":false},"featured_media":2130,"comment_status":"open","ping_status":"closed","template":"","meta":[],"product_brand":[],"product_cat":[104],"product_tag":[205],"class_list":{"0":"post-2129","1":"product","2":"type-product","3":"status-publish","4":"has-post-thumbnail","6":"product_cat-thiet-bi-phong-sach","7":"product_tag-man-nhua-pvc-chan-tia-lua-han","9":"first","10":"instock","11":"shipping-taxable","12":"product-type-simple"},"yoast_head":"<!-- This site is optimized with the Yoast SEO Premium plugin v25.0 (Yoast SEO v25.2) - https:\/\/yoast.com\/wordpress\/plugins\/seo\/ -->\n<title>M\u00e0n nh\u1ef1a PVC ch\u1eafn tia l\u1eeda h\u00e0n - IMRO Vietnam<\/title>\n<meta name=\"robots\" content=\"index, follow, max-snippet:-1, max-image-preview:large, max-video-preview:-1\" \/>\n<link rel=\"canonical\" href=\"https:\/\/imrovietnam.com\/en\/product\/man-nhua-pvc-chan-tia-lua-han\/\" \/>\n<meta property=\"og:locale\" content=\"en_US\" \/>\n<meta property=\"og:type\" content=\"article\" \/>\n<meta property=\"og:title\" content=\"M\u00e0n nh\u1ef1a PVC ch\u1eafn tia l\u1eeda h\u00e0n\" \/>\n<meta property=\"og:description\" content=\"- Ng\u0103n tia l\u1eeda h\u00e0n, h\u1ed3 quang \u0111i\u1ec7n, ph\u00e2n chia khu v\u1ef1c c\u1eaft, m\u00e0i kim lo\u1ea1i... - S\u1eed d\u1ee5ng \u0111\u01b0\u1ee3c trong \u0111i\u1ec1u ki\u1ec7n nhi\u1ec7t \u0111\u1ed9 t\u1eeb: 10 \u0111\u1ebfn 50 oC. - M\u00e0u s\u1eafc: \u0110\u1ecf, \u0111en, xanh \u0111en... - H\u00ecnh d\u1ea1ng: M\u1ec1m, tr\u01a1n m\u1ecbn - \u0110\u1ed9 d\u00e0y: 2.0 mm Ti\u00eau chu\u1ea9n: 200 mm (w) x 2.0 mm (T) x 50 m Kh\u1ed5 l\u1edbn: 1200 (w) x 0.5 (0.8) (T) x 50m\" \/>\n<meta property=\"og:url\" content=\"https:\/\/imrovietnam.com\/en\/product\/man-nhua-pvc-chan-tia-lua-han\/\" \/>\n<meta property=\"og:site_name\" content=\"IMRO Vietnam\" \/>\n<meta property=\"article:modified_time\" content=\"2021-09-07T09:27:06+00:00\" \/>\n<meta property=\"og:image\" content=\"https:\/\/imrovietnam.com\/wp-content\/uploads\/2021\/08\/man-chan-tia-han.jpg\" \/>\n\t<meta property=\"og:image:width\" content=\"485\" \/>\n\t<meta property=\"og:image:height\" content=\"429\" \/>\n\t<meta property=\"og:image:type\" content=\"image\/jpeg\" \/>\n<meta name=\"twitter:card\" content=\"summary_large_image\" \/>\n<meta name=\"twitter:label1\" content=\"Est. reading time\" \/>\n\t<meta name=\"twitter:data1\" content=\"2 minutes\" \/>\n<script type=\"application\/ld+json\" class=\"yoast-schema-graph\">{\"@context\":\"https:\/\/schema.org\",\"@graph\":[{\"@type\":\"WebPage\",\"@id\":\"https:\/\/imrovietnam.com\/en\/product\/man-nhua-pvc-chan-tia-lua-han\/\",\"url\":\"https:\/\/imrovietnam.com\/en\/product\/man-nhua-pvc-chan-tia-lua-han\/\",\"name\":\"M\u00e0n nh\u1ef1a PVC ch\u1eafn tia l\u1eeda h\u00e0n - IMRO Vietnam\",\"isPartOf\":{\"@id\":\"https:\/\/imrovietnam.com\/#website\"},\"primaryImageOfPage\":{\"@id\":\"https:\/\/imrovietnam.com\/en\/product\/man-nhua-pvc-chan-tia-lua-han\/#primaryimage\"},\"image\":{\"@id\":\"https:\/\/imrovietnam.com\/en\/product\/man-nhua-pvc-chan-tia-lua-han\/#primaryimage\"},\"thumbnailUrl\":\"https:\/\/imrovietnam.com\/wp-content\/uploads\/2021\/08\/man-chan-tia-han.jpg\",\"datePublished\":\"2021-08-21T10:09:11+00:00\",\"dateModified\":\"2021-09-07T09:27:06+00:00\",\"breadcrumb\":{\"@id\":\"https:\/\/imrovietnam.com\/en\/product\/man-nhua-pvc-chan-tia-lua-han\/#breadcrumb\"},\"inLanguage\":\"en-US\",\"potentialAction\":[{\"@type\":\"ReadAction\",\"target\":[\"https:\/\/imrovietnam.com\/en\/product\/man-nhua-pvc-chan-tia-lua-han\/\"]}]},{\"@type\":\"ImageObject\",\"inLanguage\":\"en-US\",\"@id\":\"https:\/\/imrovietnam.com\/en\/product\/man-nhua-pvc-chan-tia-lua-han\/#primaryimage\",\"url\":\"https:\/\/imrovietnam.com\/wp-content\/uploads\/2021\/08\/man-chan-tia-han.jpg\",\"contentUrl\":\"https:\/\/imrovietnam.com\/wp-content\/uploads\/2021\/08\/man-chan-tia-han.jpg\",\"width\":485,\"height\":429},{\"@type\":\"BreadcrumbList\",\"@id\":\"https:\/\/imrovietnam.com\/en\/product\/man-nhua-pvc-chan-tia-lua-han\/#breadcrumb\",\"itemListElement\":[{\"@type\":\"ListItem\",\"position\":1,\"name\":\"Home\",\"item\":\"https:\/\/imrovietnam.com\/\"},{\"@type\":\"ListItem\",\"position\":2,\"name\":\"S\u1ea3n ph\u1ea9m\",\"item\":\"https:\/\/imrovietnam.com\/shop\/\"},{\"@type\":\"ListItem\",\"position\":3,\"name\":\"M\u00e0n nh\u1ef1a PVC ch\u1eafn tia l\u1eeda h\u00e0n\"}]},{\"@type\":\"WebSite\",\"@id\":\"https:\/\/imrovietnam.com\/#website\",\"url\":\"https:\/\/imrovietnam.com\/\",\"name\":\"IMRO Vietnam\",\"description\":\"Your consumables and spare parts store\",\"potentialAction\":[{\"@type\":\"SearchAction\",\"target\":{\"@type\":\"EntryPoint\",\"urlTemplate\":\"https:\/\/imrovietnam.com\/?s={search_term_string}\"},\"query-input\":{\"@type\":\"PropertyValueSpecification\",\"valueRequired\":true,\"valueName\":\"search_term_string\"}}],\"inLanguage\":\"en-US\"}]}<\/script>\n<!-- \/ Yoast SEO Premium plugin. -->","yoast_head_json":{"title":"M\u00e0n nh\u1ef1a PVC ch\u1eafn tia l\u1eeda h\u00e0n - IMRO Vietnam","robots":{"index":"index","follow":"follow","max-snippet":"max-snippet:-1","max-image-preview":"max-image-preview:large","max-video-preview":"max-video-preview:-1"},"canonical":"https:\/\/imrovietnam.com\/en\/product\/man-nhua-pvc-chan-tia-lua-han\/","og_locale":"en_US","og_type":"article","og_title":"M\u00e0n nh\u1ef1a PVC ch\u1eafn tia l\u1eeda h\u00e0n","og_description":"- Ng\u0103n tia l\u1eeda h\u00e0n, h\u1ed3 quang \u0111i\u1ec7n, ph\u00e2n chia khu v\u1ef1c c\u1eaft, m\u00e0i kim lo\u1ea1i... - S\u1eed d\u1ee5ng \u0111\u01b0\u1ee3c trong \u0111i\u1ec1u ki\u1ec7n nhi\u1ec7t \u0111\u1ed9 t\u1eeb: 10 \u0111\u1ebfn 50 oC. - M\u00e0u s\u1eafc: \u0110\u1ecf, \u0111en, xanh \u0111en... - H\u00ecnh d\u1ea1ng: M\u1ec1m, tr\u01a1n m\u1ecbn - \u0110\u1ed9 d\u00e0y: 2.0 mm Ti\u00eau chu\u1ea9n: 200 mm (w) x 2.0 mm (T) x 50 m Kh\u1ed5 l\u1edbn: 1200 (w) x 0.5 (0.8) (T) x 50m","og_url":"https:\/\/imrovietnam.com\/en\/product\/man-nhua-pvc-chan-tia-lua-han\/","og_site_name":"IMRO Vietnam","article_modified_time":"2021-09-07T09:27:06+00:00","og_image":[{"width":485,"height":429,"url":"https:\/\/imrovietnam.com\/wp-content\/uploads\/2021\/08\/man-chan-tia-han.jpg","type":"image\/jpeg"}],"twitter_card":"summary_large_image","twitter_misc":{"Est. reading time":"2 minutes"},"schema":{"@context":"https:\/\/schema.org","@graph":[{"@type":"WebPage","@id":"https:\/\/imrovietnam.com\/en\/product\/man-nhua-pvc-chan-tia-lua-han\/","url":"https:\/\/imrovietnam.com\/en\/product\/man-nhua-pvc-chan-tia-lua-han\/","name":"M\u00e0n nh\u1ef1a PVC ch\u1eafn tia l\u1eeda h\u00e0n - IMRO Vietnam","isPartOf":{"@id":"https:\/\/imrovietnam.com\/#website"},"primaryImageOfPage":{"@id":"https:\/\/imrovietnam.com\/en\/product\/man-nhua-pvc-chan-tia-lua-han\/#primaryimage"},"image":{"@id":"https:\/\/imrovietnam.com\/en\/product\/man-nhua-pvc-chan-tia-lua-han\/#primaryimage"},"thumbnailUrl":"https:\/\/imrovietnam.com\/wp-content\/uploads\/2021\/08\/man-chan-tia-han.jpg","datePublished":"2021-08-21T10:09:11+00:00","dateModified":"2021-09-07T09:27:06+00:00","breadcrumb":{"@id":"https:\/\/imrovietnam.com\/en\/product\/man-nhua-pvc-chan-tia-lua-han\/#breadcrumb"},"inLanguage":"en-US","potentialAction":[{"@type":"ReadAction","target":["https:\/\/imrovietnam.com\/en\/product\/man-nhua-pvc-chan-tia-lua-han\/"]}]},{"@type":"ImageObject","inLanguage":"en-US","@id":"https:\/\/imrovietnam.com\/en\/product\/man-nhua-pvc-chan-tia-lua-han\/#primaryimage","url":"https:\/\/imrovietnam.com\/wp-content\/uploads\/2021\/08\/man-chan-tia-han.jpg","contentUrl":"https:\/\/imrovietnam.com\/wp-content\/uploads\/2021\/08\/man-chan-tia-han.jpg","width":485,"height":429},{"@type":"BreadcrumbList","@id":"https:\/\/imrovietnam.com\/en\/product\/man-nhua-pvc-chan-tia-lua-han\/#breadcrumb","itemListElement":[{"@type":"ListItem","position":1,"name":"Home","item":"https:\/\/imrovietnam.com\/"},{"@type":"ListItem","position":2,"name":"S\u1ea3n ph\u1ea9m","item":"https:\/\/imrovietnam.com\/shop\/"},{"@type":"ListItem","position":3,"name":"M\u00e0n nh\u1ef1a PVC ch\u1eafn tia l\u1eeda h\u00e0n"}]},{"@type":"WebSite","@id":"https:\/\/imrovietnam.com\/#website","url":"https:\/\/imrovietnam.com\/","name":"IMRO Vietnam","description":"Your consumables and spare parts store","potentialAction":[{"@type":"SearchAction","target":{"@type":"EntryPoint","urlTemplate":"https:\/\/imrovietnam.com\/?s={search_term_string}"},"query-input":{"@type":"PropertyValueSpecification","valueRequired":true,"valueName":"search_term_string"}}],"inLanguage":"en-US"}]}},"_links":{"self":[{"href":"https:\/\/imrovietnam.com\/en\/wp-json\/wp\/v2\/product\/2129","targetHints":{"allow":["GET"]}}],"collection":[{"href":"https:\/\/imrovietnam.com\/en\/wp-json\/wp\/v2\/product"}],"about":[{"href":"https:\/\/imrovietnam.com\/en\/wp-json\/wp\/v2\/types\/product"}],"replies":[{"embeddable":true,"href":"https:\/\/imrovietnam.com\/en\/wp-json\/wp\/v2\/comments?post=2129"}],"wp:featuredmedia":[{"embeddable":true,"href":"https:\/\/imrovietnam.com\/en\/wp-json\/wp\/v2\/media\/2130"}],"wp:attachment":[{"href":"https:\/\/imrovietnam.com\/en\/wp-json\/wp\/v2\/media?parent=2129"}],"wp:term":[{"taxonomy":"product_brand","embeddable":true,"href":"https:\/\/imrovietnam.com\/en\/wp-json\/wp\/v2\/product_brand?post=2129"},{"taxonomy":"product_cat","embeddable":true,"href":"https:\/\/imrovietnam.com\/en\/wp-json\/wp\/v2\/product_cat?post=2129"},{"taxonomy":"product_tag","embeddable":true,"href":"https:\/\/imrovietnam.com\/en\/wp-json\/wp\/v2\/product_tag?post=2129"}],"curies":[{"name":"wp","href":"https:\/\/api.w.org\/{rel}","templated":true}]}}