{"id":2125,"date":"2021-08-21T17:06:18","date_gmt":"2021-08-21T10:06:18","guid":{"rendered":"https:\/\/imrovietnam.com\/?post_type=product&#038;p=2125"},"modified":"2021-09-07T14:39:08","modified_gmt":"2021-09-07T07:39:08","slug":"tham-cao-su-chong-tinh-dien-mau-den","status":"publish","type":"product","link":"https:\/\/imrovietnam.com\/en\/product\/tham-cao-su-chong-tinh-dien-mau-den\/","title":{"rendered":"Th\u1ea3m cao su ch\u1ed1ng t\u0129nh \u0111i\u1ec7n m\u00e0u \u0111en"},"content":{"rendered":"<p>Ba\u0323n \u0111ang mu\u00f4\u0301n ti\u0300m ki\u00ea\u0301m cho mi\u0300nh nh\u01b0ng \u0111i\u0323a chi\u0309 chuy\u00ean cung c\u00e2\u0301p nh\u01b0\u0303ng sa\u0309n ph\u00e2\u0309m tha\u0309m ch\u00f4\u0301ng ti\u0303nh \u0111i\u00ea\u0323n uy ti\u0301n ch\u00e2\u0301t l\u01b0\u01a1\u0323ng co\u0301 nguo\u0300n ha\u0300ng t\u00f4\u0301t. Nh\u01b0ng tr\u00ean thi\u0323 tr\u01b0\u01a1\u0300ng hi\u00ea\u0323n nay co\u0301 kha\u0301 nhi\u00ea\u0300u \u0111i\u0323a chi\u0309 bu\u00f4n ba\u0301n nh\u01b0\u0303ng sa\u0309n ph\u00e2\u0309m kh\u00f4ng ro\u0303 ngu\u00f4\u0300n go\u0301c va\u0300 co\u0301 nhi\u00ea\u0300u ch\u00e2\u0301t l\u01b0\u01a1\u0323ng sa\u0309n ph\u00e2\u0309m kha\u0301c nhau. Ha\u0303y cu\u0300ng chu\u0301ng t\u00f4i ti\u0300m ki\u00ea\u0301m cho mi\u0300nh nh\u01b0\u0303ng \u0111i\u0323a chi\u0309 t\u00f4\u0301t nh\u00e2\u0301t.<\/p>\n<p>Chu\u0301ng t\u00f4i v\u01a1\u0301i nhi\u00ea\u0300u n\u0103m kinh nhi\u00ea\u0323m cu\u0300ng \u0111\u00f4\u0323i ngu\u0303 nh\u00e2n vi\u00ean gia\u0300u kinh nhi\u00ea\u0323m lu\u00f4n s\u0103\u0303n sa\u0300ng t\u01b0 v\u00e2\u0301n va\u0300 mang \u0111\u00ea\u0301n ba\u0323n nh\u01b0\u0303ng sa\u0309n ph\u00e2\u0309m ch\u00e2\u0301t l\u01b0\u01a1\u0323ng nh\u00e2\u0301t va\u0300 phu\u0300 h\u01a1\u0323p v\u01a1\u0301i nhu c\u00e2\u0300u s\u01b0\u0309 du\u0323ng cu\u0309a ba\u0323n<\/p>\n<p>&nbsp;<\/p>\n<p>Tha\u0309m cao su ch\u00f4\u0301ng ti\u0303nh \u0111i\u00ea\u0323n ma\u0300u \u0111en<\/p>\n<p><img loading=\"lazy\" decoding=\"async\" class=\"aligncenter wp-image-2127 size-full\" src=\"https:\/\/imrovietnam.com\/wp-content\/uploads\/2021\/08\/tham-cao-su.jpg\" alt=\"Tha\u0309m cao su ch\u00f4\u0301ng ti\u0303nh \u0111i\u00ea\u0323n ma\u0300u \u0111en\" width=\"477\" height=\"421\" srcset=\"https:\/\/imrovietnam.com\/wp-content\/uploads\/2021\/08\/tham-cao-su.jpg 477w, https:\/\/imrovietnam.com\/wp-content\/uploads\/2021\/08\/tham-cao-su-453x400.jpg 453w\" sizes=\"auto, (max-width: 477px) 100vw, 477px\" \/><\/p>\n<p>Tha\u0309m cao su Ch\u00f4\u0301ng ti\u0303nh \u0111i\u00ea\u0323n ma\u0300u \u0111en<br \/>\n&#8211; Ch\u1ea5t li\u1ec7u : Cao su 2 l\u1edbp ( Th\u1ea3m \u0111\u01b0\u1ee3c c\u1ea5u t\u1ea1o b\u1edfi hai l\u1edbp . L\u1edbp tr\u00ean l\u00e0 l\u1edbp ch\u1ed1ng t\u0129nh \u0111i\u1ec7n c\u00f3 \u0111\u1ed9 d\u00e0y 2 mm. L\u1edbp th\u1ee9 2 l\u00e0 l\u1edbp truy\u1ec1n d\u1eabn \u0111i\u1ec7n c\u00f3 \u0111\u1ed9 d\u00e0y 1.5 mm) ch\u1ea5t li\u1ec7u \u0111\u00e0n h\u1ed3i .<\/p>\n<p>&#8211; M\u00e0u: \u0110en<\/p>\n<p>&#8211; Lo\u1ea1i: B\u00f3ng, M\u1edd<\/p>\n<p>&#8211; K\u00edch th\u01b0\u1edbc: 1,2m x 10m x 2mm<\/p>\n<p>&#8211; Ch\u1ed1ng t\u0129nh \u0111i\u1ec7n : 10^6 &#8211; 10^9<\/p>\n<p>Th\u1ea3m cao su ch\u1ed1ng t\u0129nh \u0111i\u1ec7n \u0111\u01b0\u1ee3c s\u1ea3n xu\u1ea5t kh\u00f4ng g\u00e2y tr\u01b0\u1ee3t, an to\u00e0n cho m\u1ecdi ng\u01b0\u1eddi khi l\u00e0m vi\u1ec7c b\u00ean tr\u00ean.<\/p>\n<p>V\u01a1\u0301i nh\u01b0\u0303ng chia se\u0309 tr\u00ean chu\u0301ng t\u00f4i mong mu\u00f4\u0301n ph\u00e2\u0300n na\u0300o cung c\u00e2\u0301p cho ba\u0323n nh\u01b0\u0303ng ki\u00ea\u0301n th\u01b0\u0301c \u0111\u00ea\u0309 co\u0301 th\u00ea\u0309 giu\u0301p ba\u0323n cho\u0323n mua \u0111\u01b0\u01a1\u0323c nh\u01b0\u0303ng sa\u0309n ph\u00e2\u0309m ch\u00e2\u0301t l\u01b0\u01a1\u0323ng nh\u00e2\u0301t va\u0300 phu\u0300 h\u01a1\u0323p v\u01a1\u0301i nhu c\u00e2\u0301u cu\u0309a ba\u0323n<\/p>\n<p>H\u00e3y \u0111\u1ebfn ng\u00e0y v\u1edbi c\u00f4ng ty TNHH IMRO ch\u00fang t\u00f4i, c\u00f3 r\u1ea5t nhi\u1ec1u n\u0103m kinh nghi\u1ec7m trong ng\u00e0nh ph\u1ea7n ph\u1ed1i v\u00e0 cung c\u1ea5p thi\u1ebft b\u1ecb ph\u00f2ng s\u1ea1ch, kh\u00f4ng qua b\u1ea5t c\u1ee9 m\u1ed9t b\u00ean trung gian n\u00e0o..V\u1eady n\u00ean gi\u00e1 m\u00e0 ch\u00fang t\u00f4i \u0111\u01b0a ra l\u00e0 gi\u00e1 c\u1ea1nh tranh nh\u1ea5t th\u1ecb tr\u01b0\u1eddng nh\u01b0ng v\u1eabn lu\u00f4n \u0111\u1ea3m b\u1ea3o ch\u1ea5t l\u01b0\u1ee3ng tuy\u1ec7t v\u1eddi nh\u1ea5t.<\/p>\n","protected":false},"excerpt":{"rendered":"<p>Ch\u1ea5t li\u1ec7u : Cao su 2 l\u1edbp<br \/>\nM\u00e0u s\u1eafc: \u0110en<br \/>\nLo\u1ea1i th\u1ea3m: B\u00f3ng, M\u1edd<br \/>\nK\u00edch th\u01b0\u1edbc: 1,2m, 1m<\/p>\n","protected":false},"featured_media":2127,"comment_status":"open","ping_status":"closed","template":"","meta":[],"product_brand":[],"product_cat":[104],"product_tag":[307,305,326,325,204,303],"class_list":{"0":"post-2125","1":"product","2":"type-product","3":"status-publish","4":"has-post-thumbnail","6":"product_cat-thiet-bi-phong-sach","7":"product_tag-dien-tu","8":"product_tag-esd","9":"product_tag-nen-nha-xuong","10":"product_tag-nha-may","11":"product_tag-tham-cao-su-chong-tinh-dien-mau-den","12":"product_tag-tinh-dien","14":"first","15":"instock","16":"shipping-taxable","17":"product-type-simple"},"yoast_head":"<!-- This site is optimized with the Yoast SEO Premium plugin v25.0 (Yoast SEO v25.2) - https:\/\/yoast.com\/wordpress\/plugins\/seo\/ -->\n<title>Th\u1ea3m cao su ch\u1ed1ng t\u0129nh \u0111i\u1ec7n m\u00e0u \u0111en - IMRO Vietnam<\/title>\n<meta name=\"robots\" content=\"index, follow, max-snippet:-1, max-image-preview:large, max-video-preview:-1\" \/>\n<link rel=\"canonical\" href=\"https:\/\/imrovietnam.com\/en\/product\/tham-cao-su-chong-tinh-dien-mau-den\/\" \/>\n<meta property=\"og:locale\" content=\"en_US\" \/>\n<meta property=\"og:type\" content=\"article\" \/>\n<meta property=\"og:title\" content=\"[:vi] Th\u1ea3m cao su ch\u1ed1ng t\u0129nh \u0111i\u1ec7n m\u00e0u \u0111en[:en]Th\u1ea3m cao su ch\u1ed1ng t\u0129nh \u0111i\u1ec7n m\u00e0u \u0111en[:]\" \/>\n<meta property=\"og:description\" content=\"Ch\u1ea5t li\u1ec7u : Cao su 2 l\u1edbp M\u00e0u s\u1eafc: \u0110en Lo\u1ea1i th\u1ea3m: B\u00f3ng, M\u1edd K\u00edch th\u01b0\u1edbc: 1,2m, 1m\" \/>\n<meta property=\"og:url\" content=\"https:\/\/imrovietnam.com\/en\/product\/tham-cao-su-chong-tinh-dien-mau-den\/\" \/>\n<meta property=\"og:site_name\" content=\"IMRO Vietnam\" \/>\n<meta property=\"article:modified_time\" content=\"2021-09-07T07:39:08+00:00\" \/>\n<meta property=\"og:image\" content=\"https:\/\/imrovietnam.com\/wp-content\/uploads\/2021\/08\/tham-cao-su.jpg\" \/>\n\t<meta property=\"og:image:width\" content=\"477\" \/>\n\t<meta property=\"og:image:height\" content=\"421\" \/>\n\t<meta property=\"og:image:type\" content=\"image\/jpeg\" \/>\n<meta name=\"twitter:card\" content=\"summary_large_image\" \/>\n<meta name=\"twitter:label1\" content=\"Est. reading time\" \/>\n\t<meta name=\"twitter:data1\" content=\"3 minutes\" \/>\n<script type=\"application\/ld+json\" class=\"yoast-schema-graph\">{\"@context\":\"https:\/\/schema.org\",\"@graph\":[{\"@type\":\"WebPage\",\"@id\":\"https:\/\/imrovietnam.com\/en\/product\/tham-cao-su-chong-tinh-dien-mau-den\/\",\"url\":\"https:\/\/imrovietnam.com\/en\/product\/tham-cao-su-chong-tinh-dien-mau-den\/\",\"name\":\"[:vi] Th\u1ea3m cao su ch\u1ed1ng t\u0129nh \u0111i\u1ec7n m\u00e0u \u0111en[:en]Th\u1ea3m cao su ch\u1ed1ng t\u0129nh \u0111i\u1ec7n m\u00e0u \u0111en[:] - IMRO Vietnam\",\"isPartOf\":{\"@id\":\"https:\/\/imrovietnam.com\/#website\"},\"primaryImageOfPage\":{\"@id\":\"https:\/\/imrovietnam.com\/en\/product\/tham-cao-su-chong-tinh-dien-mau-den\/#primaryimage\"},\"image\":{\"@id\":\"https:\/\/imrovietnam.com\/en\/product\/tham-cao-su-chong-tinh-dien-mau-den\/#primaryimage\"},\"thumbnailUrl\":\"https:\/\/imrovietnam.com\/wp-content\/uploads\/2021\/08\/tham-cao-su.jpg\",\"datePublished\":\"2021-08-21T10:06:18+00:00\",\"dateModified\":\"2021-09-07T07:39:08+00:00\",\"breadcrumb\":{\"@id\":\"https:\/\/imrovietnam.com\/en\/product\/tham-cao-su-chong-tinh-dien-mau-den\/#breadcrumb\"},\"inLanguage\":\"en-US\",\"potentialAction\":[{\"@type\":\"ReadAction\",\"target\":[\"https:\/\/imrovietnam.com\/en\/product\/tham-cao-su-chong-tinh-dien-mau-den\/\"]}]},{\"@type\":\"ImageObject\",\"inLanguage\":\"en-US\",\"@id\":\"https:\/\/imrovietnam.com\/en\/product\/tham-cao-su-chong-tinh-dien-mau-den\/#primaryimage\",\"url\":\"https:\/\/imrovietnam.com\/wp-content\/uploads\/2021\/08\/tham-cao-su.jpg\",\"contentUrl\":\"https:\/\/imrovietnam.com\/wp-content\/uploads\/2021\/08\/tham-cao-su.jpg\",\"width\":477,\"height\":421},{\"@type\":\"BreadcrumbList\",\"@id\":\"https:\/\/imrovietnam.com\/en\/product\/tham-cao-su-chong-tinh-dien-mau-den\/#breadcrumb\",\"itemListElement\":[{\"@type\":\"ListItem\",\"position\":1,\"name\":\"Home\",\"item\":\"https:\/\/imrovietnam.com\/\"},{\"@type\":\"ListItem\",\"position\":2,\"name\":\"S\u1ea3n ph\u1ea9m\",\"item\":\"https:\/\/imrovietnam.com\/shop\/\"},{\"@type\":\"ListItem\",\"position\":3,\"name\":\"Th\u1ea3m cao su ch\u1ed1ng t\u0129nh \u0111i\u1ec7n m\u00e0u \u0111en\"}]},{\"@type\":\"WebSite\",\"@id\":\"https:\/\/imrovietnam.com\/#website\",\"url\":\"https:\/\/imrovietnam.com\/\",\"name\":\"IMRO Vietnam\",\"description\":\"Your consumables and spare parts store\",\"potentialAction\":[{\"@type\":\"SearchAction\",\"target\":{\"@type\":\"EntryPoint\",\"urlTemplate\":\"https:\/\/imrovietnam.com\/?s={search_term_string}\"},\"query-input\":{\"@type\":\"PropertyValueSpecification\",\"valueRequired\":true,\"valueName\":\"search_term_string\"}}],\"inLanguage\":\"en-US\"}]}<\/script>\n<!-- \/ Yoast SEO Premium plugin. -->","yoast_head_json":{"title":"[:vi] Th\u1ea3m cao su ch\u1ed1ng t\u0129nh \u0111i\u1ec7n m\u00e0u \u0111en[:en]Th\u1ea3m cao su ch\u1ed1ng t\u0129nh \u0111i\u1ec7n m\u00e0u \u0111en[:] - IMRO Vietnam","robots":{"index":"index","follow":"follow","max-snippet":"max-snippet:-1","max-image-preview":"max-image-preview:large","max-video-preview":"max-video-preview:-1"},"canonical":"https:\/\/imrovietnam.com\/en\/product\/tham-cao-su-chong-tinh-dien-mau-den\/","og_locale":"en_US","og_type":"article","og_title":"[:vi] Th\u1ea3m cao su ch\u1ed1ng t\u0129nh \u0111i\u1ec7n m\u00e0u \u0111en[:en]Th\u1ea3m cao su ch\u1ed1ng t\u0129nh \u0111i\u1ec7n m\u00e0u \u0111en[:]","og_description":"Ch\u1ea5t li\u1ec7u : Cao su 2 l\u1edbp M\u00e0u s\u1eafc: \u0110en Lo\u1ea1i th\u1ea3m: B\u00f3ng, M\u1edd K\u00edch th\u01b0\u1edbc: 1,2m, 1m","og_url":"https:\/\/imrovietnam.com\/en\/product\/tham-cao-su-chong-tinh-dien-mau-den\/","og_site_name":"IMRO Vietnam","article_modified_time":"2021-09-07T07:39:08+00:00","og_image":[{"width":477,"height":421,"url":"https:\/\/imrovietnam.com\/wp-content\/uploads\/2021\/08\/tham-cao-su.jpg","type":"image\/jpeg"}],"twitter_card":"summary_large_image","twitter_misc":{"Est. reading time":"3 minutes"},"schema":{"@context":"https:\/\/schema.org","@graph":[{"@type":"WebPage","@id":"https:\/\/imrovietnam.com\/en\/product\/tham-cao-su-chong-tinh-dien-mau-den\/","url":"https:\/\/imrovietnam.com\/en\/product\/tham-cao-su-chong-tinh-dien-mau-den\/","name":"[:vi] Th\u1ea3m cao su ch\u1ed1ng t\u0129nh \u0111i\u1ec7n m\u00e0u \u0111en[:en]Th\u1ea3m cao su ch\u1ed1ng t\u0129nh \u0111i\u1ec7n m\u00e0u \u0111en[:] - IMRO Vietnam","isPartOf":{"@id":"https:\/\/imrovietnam.com\/#website"},"primaryImageOfPage":{"@id":"https:\/\/imrovietnam.com\/en\/product\/tham-cao-su-chong-tinh-dien-mau-den\/#primaryimage"},"image":{"@id":"https:\/\/imrovietnam.com\/en\/product\/tham-cao-su-chong-tinh-dien-mau-den\/#primaryimage"},"thumbnailUrl":"https:\/\/imrovietnam.com\/wp-content\/uploads\/2021\/08\/tham-cao-su.jpg","datePublished":"2021-08-21T10:06:18+00:00","dateModified":"2021-09-07T07:39:08+00:00","breadcrumb":{"@id":"https:\/\/imrovietnam.com\/en\/product\/tham-cao-su-chong-tinh-dien-mau-den\/#breadcrumb"},"inLanguage":"en-US","potentialAction":[{"@type":"ReadAction","target":["https:\/\/imrovietnam.com\/en\/product\/tham-cao-su-chong-tinh-dien-mau-den\/"]}]},{"@type":"ImageObject","inLanguage":"en-US","@id":"https:\/\/imrovietnam.com\/en\/product\/tham-cao-su-chong-tinh-dien-mau-den\/#primaryimage","url":"https:\/\/imrovietnam.com\/wp-content\/uploads\/2021\/08\/tham-cao-su.jpg","contentUrl":"https:\/\/imrovietnam.com\/wp-content\/uploads\/2021\/08\/tham-cao-su.jpg","width":477,"height":421},{"@type":"BreadcrumbList","@id":"https:\/\/imrovietnam.com\/en\/product\/tham-cao-su-chong-tinh-dien-mau-den\/#breadcrumb","itemListElement":[{"@type":"ListItem","position":1,"name":"Home","item":"https:\/\/imrovietnam.com\/"},{"@type":"ListItem","position":2,"name":"S\u1ea3n ph\u1ea9m","item":"https:\/\/imrovietnam.com\/shop\/"},{"@type":"ListItem","position":3,"name":"Th\u1ea3m cao su ch\u1ed1ng t\u0129nh \u0111i\u1ec7n m\u00e0u \u0111en"}]},{"@type":"WebSite","@id":"https:\/\/imrovietnam.com\/#website","url":"https:\/\/imrovietnam.com\/","name":"IMRO Vietnam","description":"Your consumables and spare parts store","potentialAction":[{"@type":"SearchAction","target":{"@type":"EntryPoint","urlTemplate":"https:\/\/imrovietnam.com\/?s={search_term_string}"},"query-input":{"@type":"PropertyValueSpecification","valueRequired":true,"valueName":"search_term_string"}}],"inLanguage":"en-US"}]}},"_links":{"self":[{"href":"https:\/\/imrovietnam.com\/en\/wp-json\/wp\/v2\/product\/2125","targetHints":{"allow":["GET"]}}],"collection":[{"href":"https:\/\/imrovietnam.com\/en\/wp-json\/wp\/v2\/product"}],"about":[{"href":"https:\/\/imrovietnam.com\/en\/wp-json\/wp\/v2\/types\/product"}],"replies":[{"embeddable":true,"href":"https:\/\/imrovietnam.com\/en\/wp-json\/wp\/v2\/comments?post=2125"}],"wp:featuredmedia":[{"embeddable":true,"href":"https:\/\/imrovietnam.com\/en\/wp-json\/wp\/v2\/media\/2127"}],"wp:attachment":[{"href":"https:\/\/imrovietnam.com\/en\/wp-json\/wp\/v2\/media?parent=2125"}],"wp:term":[{"taxonomy":"product_brand","embeddable":true,"href":"https:\/\/imrovietnam.com\/en\/wp-json\/wp\/v2\/product_brand?post=2125"},{"taxonomy":"product_cat","embeddable":true,"href":"https:\/\/imrovietnam.com\/en\/wp-json\/wp\/v2\/product_cat?post=2125"},{"taxonomy":"product_tag","embeddable":true,"href":"https:\/\/imrovietnam.com\/en\/wp-json\/wp\/v2\/product_tag?post=2125"}],"curies":[{"name":"wp","href":"https:\/\/api.w.org\/{rel}","templated":true}]}}