{"id":2118,"date":"2021-08-21T16:38:56","date_gmt":"2021-08-21T09:38:56","guid":{"rendered":"https:\/\/imrovietnam.com\/?post_type=product&#038;p=2118"},"modified":"2021-09-07T14:47:33","modified_gmt":"2021-09-07T07:47:33","slug":"mang-nhua-pvc-mat-cao","status":"publish","type":"product","link":"https:\/\/imrovietnam.com\/en\/product\/mang-nhua-pvc-mat-cao\/","title":{"rendered":"M\u00e0ng nh\u1ef1a pvc m\u1eaft c\u00e1o"},"content":{"rendered":"<p>M\u00e0ng nh\u1ef1a PVC ch\u1ed1ng t\u0129nh \u0111i\u1ec7n<br \/>\nNh\u01b0 ch\u00fang ta \u0111\u00e3 bi\u1ebft r\u1eb1ng r\u1ea5t nhi\u1ec1u ng\u00e0nh c\u00f4ng nghi\u1ec7p s\u1ea3n xu\u1ea5t c\u1ea7n \u0111\u1ebfn vi\u1ec7c lo\u1ea1i b\u1ecf t\u00edch \u0111i\u1ec7n.Qu\u00e1 tr\u00ecnh b\u00e1m b\u1ee5i do t\u00edch \u0111i\u1ec7n n\u00e0y s\u1ebd c\u00f3 nh\u01b0ng t\u00e1c \u0111\u1ed9ng kh\u00f4ng t\u1ed1t t\u1edbi ch\u1ea5t l\u01b0\u1ee3ng c\u1ee7a c\u00e1c q\u00faa tr\u00ecnh ho\u1ea1t \u0111\u1ed9ng s\u1ea3n xu\u1ea5t y\u00eau c\u1ea7u v\u1ec7 sinh cao c\u1ee7a b\u1ec1 m\u1eb7t nh\u01b0: In \u1ea5n, c\u00e0i \u0111\u1eb7t m\u00e1y m\u00f3c, s\u1ea3n xu\u1ea5t \u0111\u1ed3 \u0103n, c\u00f4ng nh\u1ec7 ch\u1ebf bi\u1ebfn thu\u1ed1c , tr\u00e1ng ph\u1ee7, s\u01a1n, v\u00e0 c\u00e1c ho\u1ea1t \u0111\u1ed9ng s\u1ea3n xu\u1ea5t nh\u1eefng thi\u1ebft b\u1ecb \u0111i\u1ec7n t\u1eed,&#8230;\u0110\u1eb7c bi\u1ec7t khi t\u00edch \u0111i\u1ec7n cao co th\u1ec3 ph\u00e1t ra tia l\u1eeda d\u1ec5 g\u00e2y ra h\u1ecfa ho\u1ea1n r\u1ea5t nguy hi\u1ec3m.<\/p>\n<p>Do \u0111\u00f3, trong s\u1ea3n xu\u1ea5t ch\u00fang ta th\u01b0\u1eddng g\u1eb7p ph\u1ea3i c\u00e1c v\u1ea5n \u0111\u1ec1 kh\u00f3 ch\u1ecbu<\/p>\n<p>\u0110\u1ec3 h\u1ea1n ch\u1ebf nh\u1eefng v\u1eabn \u0111\u1ebf kh\u00f3 kh\u0103n g\u1eb7p ph\u1ea3i \u1edf tr\u00ean th\u00ec m\u00e0ng nh\u1ef1a pvc m\u1eaft c\u00e1o l\u00e0 gi\u1ea3i ph\u00e1p r\u1ea5t t\u1ed1t cho m\u1ecdi kh\u00e1ch h\u00e0ng.<\/p>\n<p><img loading=\"lazy\" decoding=\"async\" class=\"aligncenter wp-image-2119 size-full\" style=\"color: #555555;\" src=\"https:\/\/imrovietnam.com\/wp-content\/uploads\/2021\/08\/mang-pvc-mat-cao.jpg\" alt=\"M\u00e0ng nh\u1ef1a pvc m\u1eaft c\u00e1o\" width=\"480\" height=\"418\" srcset=\"https:\/\/imrovietnam.com\/wp-content\/uploads\/2021\/08\/mang-pvc-mat-cao.jpg 480w, https:\/\/imrovietnam.com\/wp-content\/uploads\/2021\/08\/mang-pvc-mat-cao-459x400.jpg 459w\" sizes=\"auto, (max-width: 480px) 100vw, 480px\" \/><\/p>\n<p>&nbsp;<\/p>\n<p>C\u1ea5u t\u1ea1o m\u00e0ng l\u01b0\u1edbi m\u1eaft c\u00e1o<br \/>\nC\u1ea5u t\u1ea1o m\u00e0ng PVC ch\u1ed1ng t\u0129nh \u0111i\u1ec7n, line carbon kh\u00f4ng cho t\u00edch \u0111i\u1ec7n \u0111\u01b0\u1ee3c thi\u1ebft k\u1ebf theo h\u00ecnh l\u1ee5c gi\u00e1c \u0111\u1ec1u li\u00ean ti\u1ebfp nhau t\u00edch h\u1ee3p tr\u00ean m\u1ed9t m\u1eb7t c\u1ee7a m\u00e0ng l\u00e0m b\u1eb1ng nh\u1ef1a PVC m\u1eaft c\u00e1o.<\/p>\n<p>Th\u00f4ng s\u1ed1 k\u1ef9 thu\u1eadt m\u00e0ng nh\u1ef1a PVC m\u1eaft c\u00e1o<br \/>\n&#8211; B\u1ec1 m\u1eb7t c\u00f3 \u0111i\u1ec7n tr\u1edf su\u1ea5tc\u1ea3 b\u00ean trong v\u00e0 b\u00ean ngo\u00e0i.<\/p>\n<p>&#8211; B\u1ec1 m\u1eb7t Resisitivity<\/p>\n<p>&#8211; \u0110\u1ed9 d\u00e0y: 0.3mm, 0.5mm, 1.0mm<\/p>\n<p>&#8211; Gi\u00e1 th\u00e0nh h\u1ee3p l\u00fd, ph\u00f9 h\u1ee3p v\u1edbi m\u1ecdi \u0111\u1ed1i t\u01b0\u1ee3ng kh\u00e1ch h\u00e0ng.<\/p>\n<p>&#8211; B\u1ec1 m\u1eb7t: M\u1ec1m, b\u00f3ng m\u1ecbn, thi\u1ebft k\u1ebf \u0111\u1eb9p.<\/p>\n<p>&#8211; M\u00e0u s\u1eafc : M\u00e0u \u0111en<\/p>\n<p>&#8211; \u0110\u01b0\u1ee3c s\u1eed d\u1ee5ng th\u01b0\u1eddng xuy\u00ean trong \u0111i\u1ec1u ki\u1ec7n nhi\u1ec7t \u0111\u1ed9 cao.<\/p>\n<p>\u1ee8ng d\u1ee5ng m\u00e0ng l\u01b0\u1edbi pvc<br \/>\n&#8211; H\u1ea1n ch\u1ebf t\u1ed1i \u0111a b\u00e1m b\u1ee5i do t\u00edch \u0111i\u1ec7n, ng\u0103n b\u1ee5i b\u1ea9n, ng\u0103n l\u1ea1nh \u2026<\/p>\n<p>&#8211; M\u00e0ng PVC ch\u1ed1ng t\u0129nh \u0111i\u1ec7n c\u00f3 kh\u1ea3 n\u0103ng b\u1ea3o v\u1ec7 t\u1ed1t m\u1ed9t khu v\u01b0c k\u00edn. N\u00f3 c\u00f3 th\u1ec3 \u0111\u01b0\u1ee3c s\u1eed d\u1ee5ng nh\u01b0 l\u1edbp che ch\u1eafn ho\u1eb7c c\u00e1c c\u00f4ng c\u1ee5 t\u0129nh \u0111i\u1ec7n n\u00ean \u0111\u01b0\u1ee3c ki\u1ec3m so\u00e1t k\u1ef9 l\u01b0\u1ee1ng.<\/p>\n<p>&#8211; L\u00e0m r\u00e8m, m\u00e0n ng\u0103n t\u1ea1i c\u00e1c c\u00f4ng ty ho\u1ea1t \u0111\u1ed9ng s\u1ea3n xu\u1ea5t linh ki\u1ec7n \u0111i\u1ec7n t\u1eed, vi m\u1ea1ch y\u00eau c\u1ea7u cao \u0111\u1ed1i v\u1edbi ph\u00f2ng l\u00e0m vi\u1ec7c s\u1ea1ch.<\/p>\n<p>&#8211; Khi s\u1eed d\u1ee5ng s\u1ea3n ph\u1ea9m kh\u00e1ch h\u00e0ng c\u00f2n ti\u1ebft ki\u1ec7m \u0111\u01b0\u1ee3c chi ph\u00ed trong qu\u00e1 tr\u00ecnh lao \u0111\u1ed9ng khi v\u1eabn gi\u1eef nhi\u1ec7t \u0111\u1ed9 \u1ed5n \u0111\u1ecbnh \u0111\u1ec3 ph\u00f9 h\u1ee3p v\u1edbi s\u1ea3n xu\u1ea5t th\u1ef1c ph\u1ea9m.<\/p>\n<p>&#8211; \u0110\u1eb7c bi\u1ec7t m\u00e0ng nh\u1ef1a pvc kh\u00f4ng ch\u1ee9a ch\u1ea5t g\u00e2y h\u1ea1i r\u1ea5t an to\u00e0n khi s\u1eed d\u1ee5ng.<\/p>\n","protected":false},"excerpt":{"rendered":"<p>&#8211; Ch\u1ea5t li\u1ec7u: Nh\u1ef1a PVC s\u01a1n t\u0129nh \u0111i\u1ec7n<br \/>\n&#8211; M\u00e0u s\u1eafc: Trong<br \/>\n&#8211; \u1ee8ng d\u1ee5ng: V\u00e1ch ng\u0103n ph\u00e2n v\u00f9ng, ph\u00f2ng s\u1ea1ch, r\u00e8m ho\u1eb7c bao che cho khu v\u1ef1c nh\u1ea1y c\u1ea3m ESD.<br \/>\n&#8211; \u0110\u1ed9 d\u00e0y: 0.3mm v\u00e0 0.5mm<br \/>\n&#8211; Chi\u1ec1u d\u00e0i cu\u1ed9n: 30m<br \/>\n&#8211; Kh\u1ed5 r\u1ed9ng: 1370mm<\/p>\n","protected":false},"featured_media":2119,"comment_status":"open","ping_status":"closed","template":"","meta":[],"product_brand":[],"product_cat":[104],"product_tag":[305,330,328,202,329,327,303],"class_list":{"0":"post-2118","1":"product","2":"type-product","3":"status-publish","4":"has-post-thumbnail","6":"product_cat-thiet-bi-phong-sach","7":"product_tag-esd","8":"product_tag-luoi","9":"product_tag-mang","10":"product_tag-mang-nhua-pvc-mat-cao","11":"product_tag-rem","12":"product_tag-tich-dien","13":"product_tag-tinh-dien","15":"first","16":"instock","17":"shipping-taxable","18":"product-type-simple"},"yoast_head":"<!-- This site is optimized with the Yoast SEO Premium plugin v25.0 (Yoast SEO v25.2) - https:\/\/yoast.com\/wordpress\/plugins\/seo\/ -->\n<title>M\u00e0ng nh\u1ef1a pvc m\u1eaft c\u00e1o - IMRO Vietnam<\/title>\n<meta name=\"robots\" content=\"index, follow, max-snippet:-1, max-image-preview:large, max-video-preview:-1\" \/>\n<link rel=\"canonical\" href=\"https:\/\/imrovietnam.com\/en\/product\/mang-nhua-pvc-mat-cao\/\" \/>\n<meta property=\"og:locale\" content=\"en_US\" \/>\n<meta property=\"og:type\" content=\"article\" \/>\n<meta property=\"og:title\" content=\"M\u00e0ng nh\u1ef1a pvc m\u1eaft c\u00e1o\" \/>\n<meta property=\"og:description\" content=\"- Ch\u1ea5t li\u1ec7u: Nh\u1ef1a PVC s\u01a1n t\u0129nh \u0111i\u1ec7n - M\u00e0u s\u1eafc: Trong - \u1ee8ng d\u1ee5ng: V\u00e1ch ng\u0103n ph\u00e2n v\u00f9ng, ph\u00f2ng s\u1ea1ch, r\u00e8m ho\u1eb7c bao che cho khu v\u1ef1c nh\u1ea1y c\u1ea3m ESD. - \u0110\u1ed9 d\u00e0y: 0.3mm v\u00e0 0.5mm - Chi\u1ec1u d\u00e0i cu\u1ed9n: 30m - Kh\u1ed5 r\u1ed9ng: 1370mm\" \/>\n<meta property=\"og:url\" content=\"https:\/\/imrovietnam.com\/en\/product\/mang-nhua-pvc-mat-cao\/\" \/>\n<meta property=\"og:site_name\" content=\"IMRO Vietnam\" \/>\n<meta property=\"article:modified_time\" content=\"2021-09-07T07:47:33+00:00\" \/>\n<meta property=\"og:image\" content=\"https:\/\/imrovietnam.com\/wp-content\/uploads\/2021\/08\/mang-pvc-mat-cao.jpg\" \/>\n\t<meta property=\"og:image:width\" content=\"480\" \/>\n\t<meta property=\"og:image:height\" content=\"418\" \/>\n\t<meta property=\"og:image:type\" content=\"image\/jpeg\" \/>\n<meta name=\"twitter:card\" content=\"summary_large_image\" \/>\n<meta name=\"twitter:label1\" content=\"Est. reading time\" \/>\n\t<meta name=\"twitter:data1\" content=\"3 minutes\" \/>\n<script type=\"application\/ld+json\" class=\"yoast-schema-graph\">{\"@context\":\"https:\/\/schema.org\",\"@graph\":[{\"@type\":\"WebPage\",\"@id\":\"https:\/\/imrovietnam.com\/en\/product\/mang-nhua-pvc-mat-cao\/\",\"url\":\"https:\/\/imrovietnam.com\/en\/product\/mang-nhua-pvc-mat-cao\/\",\"name\":\"M\u00e0ng nh\u1ef1a pvc m\u1eaft c\u00e1o - IMRO Vietnam\",\"isPartOf\":{\"@id\":\"https:\/\/imrovietnam.com\/#website\"},\"primaryImageOfPage\":{\"@id\":\"https:\/\/imrovietnam.com\/en\/product\/mang-nhua-pvc-mat-cao\/#primaryimage\"},\"image\":{\"@id\":\"https:\/\/imrovietnam.com\/en\/product\/mang-nhua-pvc-mat-cao\/#primaryimage\"},\"thumbnailUrl\":\"https:\/\/imrovietnam.com\/wp-content\/uploads\/2021\/08\/mang-pvc-mat-cao.jpg\",\"datePublished\":\"2021-08-21T09:38:56+00:00\",\"dateModified\":\"2021-09-07T07:47:33+00:00\",\"breadcrumb\":{\"@id\":\"https:\/\/imrovietnam.com\/en\/product\/mang-nhua-pvc-mat-cao\/#breadcrumb\"},\"inLanguage\":\"en-US\",\"potentialAction\":[{\"@type\":\"ReadAction\",\"target\":[\"https:\/\/imrovietnam.com\/en\/product\/mang-nhua-pvc-mat-cao\/\"]}]},{\"@type\":\"ImageObject\",\"inLanguage\":\"en-US\",\"@id\":\"https:\/\/imrovietnam.com\/en\/product\/mang-nhua-pvc-mat-cao\/#primaryimage\",\"url\":\"https:\/\/imrovietnam.com\/wp-content\/uploads\/2021\/08\/mang-pvc-mat-cao.jpg\",\"contentUrl\":\"https:\/\/imrovietnam.com\/wp-content\/uploads\/2021\/08\/mang-pvc-mat-cao.jpg\",\"width\":480,\"height\":418},{\"@type\":\"BreadcrumbList\",\"@id\":\"https:\/\/imrovietnam.com\/en\/product\/mang-nhua-pvc-mat-cao\/#breadcrumb\",\"itemListElement\":[{\"@type\":\"ListItem\",\"position\":1,\"name\":\"Home\",\"item\":\"https:\/\/imrovietnam.com\/\"},{\"@type\":\"ListItem\",\"position\":2,\"name\":\"S\u1ea3n ph\u1ea9m\",\"item\":\"https:\/\/imrovietnam.com\/shop\/\"},{\"@type\":\"ListItem\",\"position\":3,\"name\":\"M\u00e0ng nh\u1ef1a pvc m\u1eaft c\u00e1o\"}]},{\"@type\":\"WebSite\",\"@id\":\"https:\/\/imrovietnam.com\/#website\",\"url\":\"https:\/\/imrovietnam.com\/\",\"name\":\"IMRO Vietnam\",\"description\":\"Your consumables and spare parts store\",\"potentialAction\":[{\"@type\":\"SearchAction\",\"target\":{\"@type\":\"EntryPoint\",\"urlTemplate\":\"https:\/\/imrovietnam.com\/?s={search_term_string}\"},\"query-input\":{\"@type\":\"PropertyValueSpecification\",\"valueRequired\":true,\"valueName\":\"search_term_string\"}}],\"inLanguage\":\"en-US\"}]}<\/script>\n<!-- \/ Yoast SEO Premium plugin. -->","yoast_head_json":{"title":"M\u00e0ng nh\u1ef1a pvc m\u1eaft c\u00e1o - IMRO Vietnam","robots":{"index":"index","follow":"follow","max-snippet":"max-snippet:-1","max-image-preview":"max-image-preview:large","max-video-preview":"max-video-preview:-1"},"canonical":"https:\/\/imrovietnam.com\/en\/product\/mang-nhua-pvc-mat-cao\/","og_locale":"en_US","og_type":"article","og_title":"M\u00e0ng nh\u1ef1a pvc m\u1eaft c\u00e1o","og_description":"- Ch\u1ea5t li\u1ec7u: Nh\u1ef1a PVC s\u01a1n t\u0129nh \u0111i\u1ec7n - M\u00e0u s\u1eafc: Trong - \u1ee8ng d\u1ee5ng: V\u00e1ch ng\u0103n ph\u00e2n v\u00f9ng, ph\u00f2ng s\u1ea1ch, r\u00e8m ho\u1eb7c bao che cho khu v\u1ef1c nh\u1ea1y c\u1ea3m ESD. - \u0110\u1ed9 d\u00e0y: 0.3mm v\u00e0 0.5mm - Chi\u1ec1u d\u00e0i cu\u1ed9n: 30m - Kh\u1ed5 r\u1ed9ng: 1370mm","og_url":"https:\/\/imrovietnam.com\/en\/product\/mang-nhua-pvc-mat-cao\/","og_site_name":"IMRO Vietnam","article_modified_time":"2021-09-07T07:47:33+00:00","og_image":[{"width":480,"height":418,"url":"https:\/\/imrovietnam.com\/wp-content\/uploads\/2021\/08\/mang-pvc-mat-cao.jpg","type":"image\/jpeg"}],"twitter_card":"summary_large_image","twitter_misc":{"Est. reading time":"3 minutes"},"schema":{"@context":"https:\/\/schema.org","@graph":[{"@type":"WebPage","@id":"https:\/\/imrovietnam.com\/en\/product\/mang-nhua-pvc-mat-cao\/","url":"https:\/\/imrovietnam.com\/en\/product\/mang-nhua-pvc-mat-cao\/","name":"M\u00e0ng nh\u1ef1a pvc m\u1eaft c\u00e1o - IMRO Vietnam","isPartOf":{"@id":"https:\/\/imrovietnam.com\/#website"},"primaryImageOfPage":{"@id":"https:\/\/imrovietnam.com\/en\/product\/mang-nhua-pvc-mat-cao\/#primaryimage"},"image":{"@id":"https:\/\/imrovietnam.com\/en\/product\/mang-nhua-pvc-mat-cao\/#primaryimage"},"thumbnailUrl":"https:\/\/imrovietnam.com\/wp-content\/uploads\/2021\/08\/mang-pvc-mat-cao.jpg","datePublished":"2021-08-21T09:38:56+00:00","dateModified":"2021-09-07T07:47:33+00:00","breadcrumb":{"@id":"https:\/\/imrovietnam.com\/en\/product\/mang-nhua-pvc-mat-cao\/#breadcrumb"},"inLanguage":"en-US","potentialAction":[{"@type":"ReadAction","target":["https:\/\/imrovietnam.com\/en\/product\/mang-nhua-pvc-mat-cao\/"]}]},{"@type":"ImageObject","inLanguage":"en-US","@id":"https:\/\/imrovietnam.com\/en\/product\/mang-nhua-pvc-mat-cao\/#primaryimage","url":"https:\/\/imrovietnam.com\/wp-content\/uploads\/2021\/08\/mang-pvc-mat-cao.jpg","contentUrl":"https:\/\/imrovietnam.com\/wp-content\/uploads\/2021\/08\/mang-pvc-mat-cao.jpg","width":480,"height":418},{"@type":"BreadcrumbList","@id":"https:\/\/imrovietnam.com\/en\/product\/mang-nhua-pvc-mat-cao\/#breadcrumb","itemListElement":[{"@type":"ListItem","position":1,"name":"Home","item":"https:\/\/imrovietnam.com\/"},{"@type":"ListItem","position":2,"name":"S\u1ea3n ph\u1ea9m","item":"https:\/\/imrovietnam.com\/shop\/"},{"@type":"ListItem","position":3,"name":"M\u00e0ng nh\u1ef1a pvc m\u1eaft c\u00e1o"}]},{"@type":"WebSite","@id":"https:\/\/imrovietnam.com\/#website","url":"https:\/\/imrovietnam.com\/","name":"IMRO Vietnam","description":"Your consumables and spare parts store","potentialAction":[{"@type":"SearchAction","target":{"@type":"EntryPoint","urlTemplate":"https:\/\/imrovietnam.com\/?s={search_term_string}"},"query-input":{"@type":"PropertyValueSpecification","valueRequired":true,"valueName":"search_term_string"}}],"inLanguage":"en-US"}]}},"_links":{"self":[{"href":"https:\/\/imrovietnam.com\/en\/wp-json\/wp\/v2\/product\/2118","targetHints":{"allow":["GET"]}}],"collection":[{"href":"https:\/\/imrovietnam.com\/en\/wp-json\/wp\/v2\/product"}],"about":[{"href":"https:\/\/imrovietnam.com\/en\/wp-json\/wp\/v2\/types\/product"}],"replies":[{"embeddable":true,"href":"https:\/\/imrovietnam.com\/en\/wp-json\/wp\/v2\/comments?post=2118"}],"wp:featuredmedia":[{"embeddable":true,"href":"https:\/\/imrovietnam.com\/en\/wp-json\/wp\/v2\/media\/2119"}],"wp:attachment":[{"href":"https:\/\/imrovietnam.com\/en\/wp-json\/wp\/v2\/media?parent=2118"}],"wp:term":[{"taxonomy":"product_brand","embeddable":true,"href":"https:\/\/imrovietnam.com\/en\/wp-json\/wp\/v2\/product_brand?post=2118"},{"taxonomy":"product_cat","embeddable":true,"href":"https:\/\/imrovietnam.com\/en\/wp-json\/wp\/v2\/product_cat?post=2118"},{"taxonomy":"product_tag","embeddable":true,"href":"https:\/\/imrovietnam.com\/en\/wp-json\/wp\/v2\/product_tag?post=2118"}],"curies":[{"name":"wp","href":"https:\/\/api.w.org\/{rel}","templated":true}]}}