{"id":2113,"date":"2021-08-21T16:29:21","date_gmt":"2021-08-21T09:29:21","guid":{"rendered":"https:\/\/imrovietnam.com\/?post_type=product&#038;p=2113"},"modified":"2021-09-05T16:41:43","modified_gmt":"2021-09-05T09:41:43","slug":"bang-tai-chong-tinh-dien-mau-xanh","status":"publish","type":"product","link":"https:\/\/imrovietnam.com\/en\/product\/bang-tai-chong-tinh-dien-mau-xanh\/","title":{"rendered":"B\u0103ng t\u1ea3i ch\u1ed1ng t\u0129nh \u0111i\u1ec7n m\u00e0u Xanh"},"content":{"rendered":"D\u00e2y \u0111ai b\u0103ng t\u1ea3i ch\u1ed1ng t\u0129nh \u0111i\u1ec7nl\u00e0 s\u1ea3n ph\u1ea9m thi\u1ebft y\u1ebfu trong c\u00e1c d\u00e2y truy\u1ec1n s\u1ea3n xu\u1ea5t c\u1ee7a c\u00e1c nh\u00e0 m\u00e1y, doanh nghi\u1ec7p. S\u1ea3n ph\u1ea9m d\u00e2y \u0111ai b\u0103ng t\u1ea3i c\u1ee7a IMRO VN l\u00e0 m\u1ed9t s\u1ea3n ph\u1ea9m uy t\u00edn, ch\u1ea5t l\u01b0\u1ee3ng \u0111\u00e3 \u0111\u01b0\u1ee3c cung c\u1ea5p cho nhi\u1ec1u doanh nghi\u1ec7p, x\u00ed nghi\u1ec7p d\u00f9ng trong c\u00e1c d\u00e2y truy\u1ec1n s\u1ea3n xu\u1ea5t. B\u1ea1n ho\u00e0n to\u00e0n c\u00f3 th\u1ec3 y\u00ean t\u00e2m v\u00e0 l\u1ef1a ch\u1ecdn s\u1ea3n ph\u1ea9m d\u00e2y \u0111ai b\u0103ng t\u1ea3i ch\u1ed1ng t\u0129nh \u0111i\u1ec7n c\u1ee7a IMRO VN.<\/p>\n<p>D\u00e2y \u0111ai b\u0103ng t\u1ea3i ch\u1ed1ng t\u0129nh \u0111i\u1ec7n<\/p>\n<p><img loading=\"lazy\" decoding=\"async\" class=\"aligncenter wp-image-2116 size-full\" src=\"https:\/\/imrovietnam.com\/wp-content\/uploads\/2021\/08\/bang-tai-ctd-1.jpg\" alt=\"b\u0103ng t\u1ea3i ch\u1ed1ng t\u0129nh \u0111i\u1ec7n\" width=\"430\" height=\"423\" srcset=\"https:\/\/imrovietnam.com\/wp-content\/uploads\/2021\/08\/bang-tai-ctd-1.jpg 430w, https:\/\/imrovietnam.com\/wp-content\/uploads\/2021\/08\/bang-tai-ctd-1-407x400.jpg 407w\" sizes=\"auto, (max-width: 430px) 100vw, 430px\" \/><\/p>\n<p>&nbsp;<\/p>\n<p>D\u00e2y \u0111ai b\u0103ng t\u1ea3i ch\u1ed1ng t\u0129nh \u0111i\u1ec7n<\/p>\n<p>Th\u00f4ng tin d\u00e2y \u0111ai b\u0103ng t\u1ea3i ch\u1ed1ng t\u0129nh \u0111i\u1ec7n<br \/>\n&#8211; T\u00ean s\u1ea3n ph\u1ea9m :D\u00e2y \u0111ai b\u0103ng t\u1ea3i, b\u0103ng t\u1ea3i ESD \u2026<\/p>\n<p>&#8211; Ch\u1ea5t li\u1ec7u: PVC<\/p>\n<p>&#8211; \u0110\u1ed9 ch\u1ed1ng t\u0129nh \u0111i\u1ec7n :10^6 \u2013 10^9<\/p>\n<p>&#8211; \u1ee8ng d\u1ee5ng :v\u1eadn h\u00e0nh d\u00e2y truy\u1ec1n s\u1ea3n xu\u1ea5t, d\u00e2y truy\u1ec1n trong c\u00e1c nh\u00e0 m\u00e1y\u2026<\/p>\n<p>&#8211; K\u00edch th\u01b0\u1edbc :Nh\u1eadn c\u1eaft k\u00edch th\u01b0\u1edbc theo y\u00eau c\u1ea7u c\u1ee7a kh\u00e1ch h\u00e0ng, d\u00e2y truy\u1ec1n s\u1ea3n xu\u1ea5t s\u1ea3n ph\u1ea9m c\u1ee7a c\u00e1c doanh nghi\u1ec7p, nh\u00e0 m\u00e1y.<\/p>\n<p>\u0110\u1ecba ch\u1ec9 mua s\u1ea3n ph\u1ea9m d\u00e2y \u0111ai b\u0103ng t\u1ea3i ch\u1ed1ng t\u0129nh \u0111i\u1ec7n t\u1ed1t nh\u1ea5t<\/p>\n<p>D\u00e2y \u0111ai b\u0103ng t\u1ea3i ch\u1ed1ng t\u0129nh \u0111i\u1ec7n l\u00e0 lo\u1ea1i s\u1ea3n ph\u1ea9m c\u1ea7n thi\u1ebft trong c\u00e1c nh\u00e0 m\u00e1y. D\u00e2y \u0111ai b\u0103ng t\u1ea3i ch\u1ed1ng t\u0129nh \u0111i\u1ec7n gi\u00fap v\u1eadn h\u00e0nh c\u00e1c d\u00e2y truy\u1ec1n s\u1ea3n xu\u1ea5t trong c\u00e1c nh\u00e0 m\u00e1y. C\u00f4ng ty IMRO VN c\u1ee7a ch\u00fang t\u00f4i chuy\u00ean ph\u00e2n ph\u1ed1i c\u00e1c lo\u1ea1i d\u00e2y \u0111ai b\u0103ng t\u1ea3i ESD v\u1edbi ch\u1ea5t l\u01b0\u1ee3ng t\u1ed1t nh\u1ea5t, c\u00e1c s\u1ea3n ph\u1ea9m d\u00e2y \u0111ai b\u0103ng t\u1ea3i c\u1ee7a ch\u00fang t\u00f4i \u0111\u00e3 \u0111\u01b0\u1ee3c cung c\u1ea5p t\u1edbi r\u1ea5t nhi\u1ec1u c\u00e1c nh\u00e0 m\u00e1y, doanh nhi\u1ec7p l\u1edbn nh\u01b0 Fushan , Samsung \u2026<\/p>\n<p>D\u00e2y \u0111ai b\u0103ng t\u1ea3i ch\u1ed1ng t\u0129nh \u0111i\u1ec7n s\u1ea3n ph\u1ea9m thi\u1ebft y\u1ebfu c\u1ee7a nhi\u1ec1u d\u00e2y truy\u1ec1n s\u1ea3n xu\u1ea5t. T\u00ean k\u0129 thu\u1eadt c\u1ee7a s\u1ea3n ph\u1ea9m: D\u00e2y \u0111ai b\u0103ng t\u1ea3i ch\u1ed1ng t\u0129nh \u0111i\u1ec7n hay b\u0103ng t\u1ea3i ESD \u2026<\/p>\n<p>\u1ee8ng d\u1ee5ng c\u1ee7a d\u00e2y \u0111ai b\u0103ng t\u1ea3i ch\u1ed1ng t\u0129nh \u0111i\u1ec7n:<\/p>\n<p>B\u0103ng t\u1ea3i ch\u1ed1ng t\u0129nh \u0111i\u1ec7n \u0111\u01b0\u1ee3c d\u00f9ng trong c\u00e1c d\u00e2y truy\u1ec1n s\u1ea3n xu\u1ea5t s\u1ea9n ph\u1ea9m trong c\u00e1c nh\u00e0 m\u00e1y, khu c\u00f4ng nghi\u1ec7p.<br \/>\n\u0110\u01b0\u1ee3c s\u1eed d\u1ee5ng nhi\u1ec1u trong c\u00e1c d\u00e2y truy\u1ec1n s\u1ea3n xu\u1ea5t chuy\u00ean nghi\u1ec7p c\u1ee7a c\u00e1c doanh nghi\u1ec7p, h\u1ed7 tr\u1ee3 r\u1ea5t t\u1ed1t h\u01a1n trong vi\u1ec7c s\u1ea3n xu\u1ea5t, n\u00e2ng cao ch\u1ea5t l\u01b0\u1ee3ng s\u1ea3n ph\u1ea9m, hi\u1ec7u qu\u1ea3 s\u1ea3n xu\u1ea5t.<br \/>\nMua d\u00e2y \u0111ai b\u0103ng t\u1ea3i ch\u1ea5t l\u01b0\u1ee3ng t\u1ed1t \u1edf \u0111\u00e2u?<\/p>\n<p>IMRO l\u00e0 \u0111\u01a1n v\u1ecb chuy\u00ean cung c\u1ea5p c\u00e1c s\u1ea3n ph\u1ea9m c\u00f4ng nghi\u1ec7p cho c\u00e1c nh\u00e0 m\u00e1y, khu c\u00f4ng nghi\u1ec7p v\u1edbi ch\u1ea5t l\u01b0\u1ee3ng s\u1ea3n ph\u1ea9m t\u1ed1t nh\u1ea5t v\u00e0 m\u1ee9c gi\u00e1 h\u1ee3p l\u00ed nh\u1ea5t. C\u00f4ng ty c\u1ee7a ch\u00fang t\u00f4i l\u00e0 m\u1ed9t \u0111\u1ed1i t\u00e1c uy t\u00edn, tin c\u1eady c\u1ee7a nhi\u1ec1u doanh nghi\u1ec7p v\u00e0 nh\u00e0 m\u00e1y. C\u00e1c b\u1ea1n ho\u00e0n to\u00e0n c\u00f3 th\u1ec3 y\u00ean t\u00e2m v\u1edbi c\u00e1c s\u1ea3n ph\u1ea9m c\u1ee7a Megaline cung c\u1ea5p.","protected":false},"excerpt":{"rendered":"<p>Ch\u1ea5t li\u1ec7u: PVC<br \/>\nM\u00e0u s\u1eafc: Xanh<br \/>\nT\u00ednh n\u0103ng: V\u1eadn h\u00e0nh \u0111\u01b0a s\u1ea3n ph\u1ea9m theo d\u00e2y truy\u1ec1n<br \/>\nK\u00edch th\u01b0\u1edbc: C\u1eaft theo y\u00eau c\u1ea7u<br \/>\n\u0110\u00f3ng g\u00f3i: Theo y\u00eau c\u1ea7u<br \/>\nTh\u1eddi gian: T\u00f9y theo \u0111\u01a1n \u0111\u1eb7t h\u00e0ng<\/p>\n","protected":false},"featured_media":2116,"comment_status":"open","ping_status":"closed","template":"","meta":[],"product_brand":[],"product_cat":[104],"product_tag":[320,201,321,305,322,323],"class_list":{"0":"post-2113","1":"product","2":"type-product","3":"status-publish","4":"has-post-thumbnail","6":"product_cat-thiet-bi-phong-sach","7":"product_tag-bang-tai","8":"product_tag-bang-tai-chong-tinh-dien","9":"product_tag-day-chuyen","10":"product_tag-esd","11":"product_tag-lap-rap","12":"product_tag-mat-bang","14":"first","15":"instock","16":"shipping-taxable","17":"product-type-simple"},"yoast_head":"<!-- This site is optimized with the Yoast SEO Premium plugin v25.0 (Yoast SEO v25.2) - https:\/\/yoast.com\/wordpress\/plugins\/seo\/ -->\n<title>B\u0103ng t\u1ea3i ch\u1ed1ng t\u0129nh \u0111i\u1ec7n m\u00e0u Xanh - IMRO Vietnam<\/title>\n<meta name=\"robots\" content=\"index, follow, max-snippet:-1, max-image-preview:large, max-video-preview:-1\" \/>\n<link rel=\"canonical\" href=\"https:\/\/imrovietnam.com\/en\/product\/bang-tai-chong-tinh-dien-mau-xanh\/\" \/>\n<meta property=\"og:locale\" content=\"en_US\" \/>\n<meta property=\"og:type\" content=\"article\" \/>\n<meta property=\"og:title\" content=\"B\u0103ng t\u1ea3i ch\u1ed1ng t\u0129nh \u0111i\u1ec7n m\u00e0u Xanh\" \/>\n<meta property=\"og:description\" content=\"Ch\u1ea5t li\u1ec7u: PVC M\u00e0u s\u1eafc: Xanh T\u00ednh n\u0103ng: V\u1eadn h\u00e0nh \u0111\u01b0a s\u1ea3n ph\u1ea9m theo d\u00e2y truy\u1ec1n K\u00edch th\u01b0\u1edbc: C\u1eaft theo y\u00eau c\u1ea7u \u0110\u00f3ng g\u00f3i: Theo y\u00eau c\u1ea7u Th\u1eddi gian: T\u00f9y theo \u0111\u01a1n \u0111\u1eb7t h\u00e0ng\" \/>\n<meta property=\"og:url\" content=\"https:\/\/imrovietnam.com\/en\/product\/bang-tai-chong-tinh-dien-mau-xanh\/\" \/>\n<meta property=\"og:site_name\" content=\"IMRO Vietnam\" \/>\n<meta property=\"article:modified_time\" content=\"2021-09-05T09:41:43+00:00\" \/>\n<meta property=\"og:image\" content=\"https:\/\/imrovietnam.com\/wp-content\/uploads\/2021\/08\/bang-tai-ctd-1.jpg\" \/>\n\t<meta property=\"og:image:width\" content=\"430\" \/>\n\t<meta property=\"og:image:height\" content=\"423\" \/>\n\t<meta property=\"og:image:type\" content=\"image\/jpeg\" \/>\n<meta name=\"twitter:card\" content=\"summary_large_image\" \/>\n<meta name=\"twitter:label1\" content=\"Est. reading time\" \/>\n\t<meta name=\"twitter:data1\" content=\"8 minutes\" \/>\n<script type=\"application\/ld+json\" class=\"yoast-schema-graph\">{\"@context\":\"https:\/\/schema.org\",\"@graph\":[{\"@type\":\"WebPage\",\"@id\":\"https:\/\/imrovietnam.com\/en\/product\/bang-tai-chong-tinh-dien-mau-xanh\/\",\"url\":\"https:\/\/imrovietnam.com\/en\/product\/bang-tai-chong-tinh-dien-mau-xanh\/\",\"name\":\"B\u0103ng t\u1ea3i ch\u1ed1ng t\u0129nh \u0111i\u1ec7n m\u00e0u Xanh - IMRO Vietnam\",\"isPartOf\":{\"@id\":\"https:\/\/imrovietnam.com\/#website\"},\"primaryImageOfPage\":{\"@id\":\"https:\/\/imrovietnam.com\/en\/product\/bang-tai-chong-tinh-dien-mau-xanh\/#primaryimage\"},\"image\":{\"@id\":\"https:\/\/imrovietnam.com\/en\/product\/bang-tai-chong-tinh-dien-mau-xanh\/#primaryimage\"},\"thumbnailUrl\":\"https:\/\/imrovietnam.com\/wp-content\/uploads\/2021\/08\/bang-tai-ctd-1.jpg\",\"datePublished\":\"2021-08-21T09:29:21+00:00\",\"dateModified\":\"2021-09-05T09:41:43+00:00\",\"breadcrumb\":{\"@id\":\"https:\/\/imrovietnam.com\/en\/product\/bang-tai-chong-tinh-dien-mau-xanh\/#breadcrumb\"},\"inLanguage\":\"en-US\",\"potentialAction\":[{\"@type\":\"ReadAction\",\"target\":[\"https:\/\/imrovietnam.com\/en\/product\/bang-tai-chong-tinh-dien-mau-xanh\/\"]}]},{\"@type\":\"ImageObject\",\"inLanguage\":\"en-US\",\"@id\":\"https:\/\/imrovietnam.com\/en\/product\/bang-tai-chong-tinh-dien-mau-xanh\/#primaryimage\",\"url\":\"https:\/\/imrovietnam.com\/wp-content\/uploads\/2021\/08\/bang-tai-ctd-1.jpg\",\"contentUrl\":\"https:\/\/imrovietnam.com\/wp-content\/uploads\/2021\/08\/bang-tai-ctd-1.jpg\",\"width\":430,\"height\":423},{\"@type\":\"BreadcrumbList\",\"@id\":\"https:\/\/imrovietnam.com\/en\/product\/bang-tai-chong-tinh-dien-mau-xanh\/#breadcrumb\",\"itemListElement\":[{\"@type\":\"ListItem\",\"position\":1,\"name\":\"Home\",\"item\":\"https:\/\/imrovietnam.com\/\"},{\"@type\":\"ListItem\",\"position\":2,\"name\":\"S\u1ea3n ph\u1ea9m\",\"item\":\"https:\/\/imrovietnam.com\/shop\/\"},{\"@type\":\"ListItem\",\"position\":3,\"name\":\"B\u0103ng t\u1ea3i ch\u1ed1ng t\u0129nh \u0111i\u1ec7n m\u00e0u Xanh\"}]},{\"@type\":\"WebSite\",\"@id\":\"https:\/\/imrovietnam.com\/#website\",\"url\":\"https:\/\/imrovietnam.com\/\",\"name\":\"IMRO Vietnam\",\"description\":\"Your consumables and spare parts store\",\"potentialAction\":[{\"@type\":\"SearchAction\",\"target\":{\"@type\":\"EntryPoint\",\"urlTemplate\":\"https:\/\/imrovietnam.com\/?s={search_term_string}\"},\"query-input\":{\"@type\":\"PropertyValueSpecification\",\"valueRequired\":true,\"valueName\":\"search_term_string\"}}],\"inLanguage\":\"en-US\"}]}<\/script>\n<!-- \/ Yoast SEO Premium plugin. -->","yoast_head_json":{"title":"B\u0103ng t\u1ea3i ch\u1ed1ng t\u0129nh \u0111i\u1ec7n m\u00e0u Xanh - IMRO Vietnam","robots":{"index":"index","follow":"follow","max-snippet":"max-snippet:-1","max-image-preview":"max-image-preview:large","max-video-preview":"max-video-preview:-1"},"canonical":"https:\/\/imrovietnam.com\/en\/product\/bang-tai-chong-tinh-dien-mau-xanh\/","og_locale":"en_US","og_type":"article","og_title":"B\u0103ng t\u1ea3i ch\u1ed1ng t\u0129nh \u0111i\u1ec7n m\u00e0u Xanh","og_description":"Ch\u1ea5t li\u1ec7u: PVC M\u00e0u s\u1eafc: Xanh T\u00ednh n\u0103ng: V\u1eadn h\u00e0nh \u0111\u01b0a s\u1ea3n ph\u1ea9m theo d\u00e2y truy\u1ec1n K\u00edch th\u01b0\u1edbc: C\u1eaft theo y\u00eau c\u1ea7u \u0110\u00f3ng g\u00f3i: Theo y\u00eau c\u1ea7u Th\u1eddi gian: T\u00f9y theo \u0111\u01a1n \u0111\u1eb7t h\u00e0ng","og_url":"https:\/\/imrovietnam.com\/en\/product\/bang-tai-chong-tinh-dien-mau-xanh\/","og_site_name":"IMRO Vietnam","article_modified_time":"2021-09-05T09:41:43+00:00","og_image":[{"width":430,"height":423,"url":"https:\/\/imrovietnam.com\/wp-content\/uploads\/2021\/08\/bang-tai-ctd-1.jpg","type":"image\/jpeg"}],"twitter_card":"summary_large_image","twitter_misc":{"Est. reading time":"8 minutes"},"schema":{"@context":"https:\/\/schema.org","@graph":[{"@type":"WebPage","@id":"https:\/\/imrovietnam.com\/en\/product\/bang-tai-chong-tinh-dien-mau-xanh\/","url":"https:\/\/imrovietnam.com\/en\/product\/bang-tai-chong-tinh-dien-mau-xanh\/","name":"B\u0103ng t\u1ea3i ch\u1ed1ng t\u0129nh \u0111i\u1ec7n m\u00e0u Xanh - IMRO Vietnam","isPartOf":{"@id":"https:\/\/imrovietnam.com\/#website"},"primaryImageOfPage":{"@id":"https:\/\/imrovietnam.com\/en\/product\/bang-tai-chong-tinh-dien-mau-xanh\/#primaryimage"},"image":{"@id":"https:\/\/imrovietnam.com\/en\/product\/bang-tai-chong-tinh-dien-mau-xanh\/#primaryimage"},"thumbnailUrl":"https:\/\/imrovietnam.com\/wp-content\/uploads\/2021\/08\/bang-tai-ctd-1.jpg","datePublished":"2021-08-21T09:29:21+00:00","dateModified":"2021-09-05T09:41:43+00:00","breadcrumb":{"@id":"https:\/\/imrovietnam.com\/en\/product\/bang-tai-chong-tinh-dien-mau-xanh\/#breadcrumb"},"inLanguage":"en-US","potentialAction":[{"@type":"ReadAction","target":["https:\/\/imrovietnam.com\/en\/product\/bang-tai-chong-tinh-dien-mau-xanh\/"]}]},{"@type":"ImageObject","inLanguage":"en-US","@id":"https:\/\/imrovietnam.com\/en\/product\/bang-tai-chong-tinh-dien-mau-xanh\/#primaryimage","url":"https:\/\/imrovietnam.com\/wp-content\/uploads\/2021\/08\/bang-tai-ctd-1.jpg","contentUrl":"https:\/\/imrovietnam.com\/wp-content\/uploads\/2021\/08\/bang-tai-ctd-1.jpg","width":430,"height":423},{"@type":"BreadcrumbList","@id":"https:\/\/imrovietnam.com\/en\/product\/bang-tai-chong-tinh-dien-mau-xanh\/#breadcrumb","itemListElement":[{"@type":"ListItem","position":1,"name":"Home","item":"https:\/\/imrovietnam.com\/"},{"@type":"ListItem","position":2,"name":"S\u1ea3n ph\u1ea9m","item":"https:\/\/imrovietnam.com\/shop\/"},{"@type":"ListItem","position":3,"name":"B\u0103ng t\u1ea3i ch\u1ed1ng t\u0129nh \u0111i\u1ec7n m\u00e0u Xanh"}]},{"@type":"WebSite","@id":"https:\/\/imrovietnam.com\/#website","url":"https:\/\/imrovietnam.com\/","name":"IMRO Vietnam","description":"Your consumables and spare parts store","potentialAction":[{"@type":"SearchAction","target":{"@type":"EntryPoint","urlTemplate":"https:\/\/imrovietnam.com\/?s={search_term_string}"},"query-input":{"@type":"PropertyValueSpecification","valueRequired":true,"valueName":"search_term_string"}}],"inLanguage":"en-US"}]}},"_links":{"self":[{"href":"https:\/\/imrovietnam.com\/en\/wp-json\/wp\/v2\/product\/2113","targetHints":{"allow":["GET"]}}],"collection":[{"href":"https:\/\/imrovietnam.com\/en\/wp-json\/wp\/v2\/product"}],"about":[{"href":"https:\/\/imrovietnam.com\/en\/wp-json\/wp\/v2\/types\/product"}],"replies":[{"embeddable":true,"href":"https:\/\/imrovietnam.com\/en\/wp-json\/wp\/v2\/comments?post=2113"}],"wp:featuredmedia":[{"embeddable":true,"href":"https:\/\/imrovietnam.com\/en\/wp-json\/wp\/v2\/media\/2116"}],"wp:attachment":[{"href":"https:\/\/imrovietnam.com\/en\/wp-json\/wp\/v2\/media?parent=2113"}],"wp:term":[{"taxonomy":"product_brand","embeddable":true,"href":"https:\/\/imrovietnam.com\/en\/wp-json\/wp\/v2\/product_brand?post=2113"},{"taxonomy":"product_cat","embeddable":true,"href":"https:\/\/imrovietnam.com\/en\/wp-json\/wp\/v2\/product_cat?post=2113"},{"taxonomy":"product_tag","embeddable":true,"href":"https:\/\/imrovietnam.com\/en\/wp-json\/wp\/v2\/product_tag?post=2113"}],"curies":[{"name":"wp","href":"https:\/\/api.w.org\/{rel}","templated":true}]}}