{"id":2109,"date":"2021-08-21T16:25:10","date_gmt":"2021-08-21T09:25:10","guid":{"rendered":"https:\/\/imrovietnam.com\/?post_type=product&#038;p=2109"},"modified":"2021-09-05T15:40:43","modified_gmt":"2021-09-05T08:40:43","slug":"cuon-nilon-mang","status":"publish","type":"product","link":"https:\/\/imrovietnam.com\/en\/product\/cuon-nilon-mang\/","title":{"rendered":"Cu\u1ed9n nilon m\u00e0ng"},"content":{"rendered":"<p>M\u00e0ng co POF \u2013 Shrink wrap<br \/>\ns\u1eed d\u1ee5ng c\u00e1c c\u00f4ng ngh\u1ec7 \u0111\u00f3ng g\u00f3i ti\u00ean ti\u1ebfn hi\u1ec7n nay. H\u00e0ng lo\u1ea1t c\u00e1c s\u1ea3n ph\u1ea9m m\u00e0ng co POF \u0111\u01b0\u1ee3c ph\u00e2n ph\u1ed1i tr\u00ean th\u1ecb tr\u01b0\u1eddng do Megaline cung c\u1ea5p c\u00f3 th\u1ec3 \u0111\u00e1p \u1ee9ng \u0111\u01b0\u1ee3c h\u1ea7u h\u1ebft m\u1ecdi y\u00eau c\u1ea7u cho c\u00e1c h\u1ec7 th\u1ed1ng m\u00e1y \u0111\u00f3ng g\u00f3i ph\u1ed5 bi\u1ebfn hi\u1ec7n nay.<img loading=\"lazy\" decoding=\"async\" class=\"aligncenter wp-image-2110 size-full\" src=\"https:\/\/imrovietnam.com\/wp-content\/uploads\/2021\/08\/cuon-nilon-mang.jpg\" alt=\"m\u00e0ng co pof\" width=\"484\" height=\"423\" srcset=\"https:\/\/imrovietnam.com\/wp-content\/uploads\/2021\/08\/cuon-nilon-mang.jpg 484w, https:\/\/imrovietnam.com\/wp-content\/uploads\/2021\/08\/cuon-nilon-mang-458x400.jpg 458w\" sizes=\"auto, (max-width: 484px) 100vw, 484px\" \/><\/p>\n<p>S\u1ea3n ph\u1ea9m m\u00e0ng co pof<\/p>\n<p>\u0110\u00e1p \u1ee9ng \u0111\u01b0\u1ee3c m\u1ecdi y\u00eau c\u1ea7u kh\u1eaft khe c\u1ee7a kh\u00e1ch h\u00e0ng trong l\u0129nh v\u1ef1c \u0111\u00f3ng g\u00f3i th\u1ef1c ph\u1ea9m, linh ki\u1ec7n v\u00e0 h\u00e0ng h\u00f3a \u0111\u1eb7c bi\u1ec7t trong c\u00e1c nh\u00e0 m\u00e1y,khu c\u00f4ng nghi\u1ec7p.<\/p>\n<p>M\u00e0ng co POF \u2013 Shrink wrap<\/p>\n<p>Th\u00f4ng tin s\u1ea3n ph\u1ea9m m\u00e0ng co pof:<\/p>\n<p>&#8211; \u0110\u1ed9 r\u1ed9ng : 280 mm<\/p>\n<p>&#8211; \u0110\u1ed9 d\u00e0y : 19 um<\/p>\n<p>&#8211; C\u00e2n n\u1eb7ng : 10.38 kg<\/p>\n<p>&#8211; Chi\u1ec1u d\u00e0i : 1067 m<\/p>\n<p>T\u00ednh n\u0103ng s\u1eed d\u1ee5ng pof m\u00e0ng co:<\/p>\n<p>&#8211; M\u00e0ng co POF b\u1ea3o v\u1ec7 m\u00f4i tr\u01b0\u1eddng v\u1edbi ch\u1ea5t l\u01b0\u1ee3ng cao.<\/p>\n<p>&#8211; Khi qu\u1ea5n m\u00e0ng co POF s\u1ebd kh\u00f4ng t\u1ea1o ra kh\u00ed \u0111\u1ed9c khi cho v\u00e0o t\u00e1i ch\u1ebf.<\/p>\n<p>&#8211; V\u1edbi c\u00e1c ti\u00eau chu\u1ea9n cao c\u1ee7a FDA v\u1ec1 bao b\u1ecdc s\u1ea3n ph\u1ea9m.<\/p>\n<p>&#8211; M\u00e0ng c\u00f3 ch\u1ee9c n\u0103ng nh\u1ef1a \u0111\u1ecbnh h\u00ecnh t\u1ed1t.<\/p>\n<p>&#8211; S\u1ea3n ph\u1ea9m v\u1edbi 3 l\u1edbp m\u00e0ng c\u00f3 th\u1ec3 g\u0103ng ng\u1eeba vi khu\u1ea9n trong th\u1ef1c ph\u1ea9m, cho s\u1ea3n ph\u1ea9m t\u01b0\u01a1i l\u00e2u.<\/p>\n<p>&#8211; Tr\u00e1nh hi\u1ec7n t\u01b0\u1ee3ng s\u00e1t, b\u1ea9n v\u00e0 h\u1ecfng thi\u1ebft b\u1ecb.<\/p>\n<p>Li\u00ean h\u1ec7 mua m\u00e0ng co:<\/p>\n<p>Ch\u00fang t\u00f4i \u0111ang cung c\u1ea5p cho c\u00e1c khu c\u00f4ng nghi\u1ec7p m\u00e0ng co POF s\u1ea3n ph\u1ea9m m\u00e0ng co pof c\u1ee7a ch\u00fang t\u00f4i \u0111\u01b0\u1ee3c ki\u1ec3m nghi\u1ec7m k\u1ef9 tr\u01b0\u1edbc khi giao cho kh\u00e1ch h\u00e0ng v\u00e0 k\u00edch th\u01b0\u1edbc kh\u00e1c nhau \u0111em \u0111\u1ebfn s\u1ef1 phong ph\u00fa cho ng\u01b0\u1eddi d\u00f9ng ph\u00f9 h\u1ee3p v\u1edbi nhi\u1ec1u lo\u1ea1i m\u00e1y qu\u1ea5n m\u00e0ng hi\u1ec7n nay, m\u1ee9c gi\u00e1 c\u1ea1nh tranh t\u1ed1t nh\u1ea5t cho ng\u01b0\u1eddi ti\u00eau d\u00f9ng. Ngo\u00e0i ra, ch\u00fang t\u00f4i c\u00f2n nh\u1eadn \u0111\u1eb7t c\u00e1c lo\u1ea1i s\u1ea3n ph\u1ea9m ch\u1ed1ng t\u0129nh \u0111i\u1ec7n, ph\u00f2ng s\u1ea1ch theo y\u00eau c\u1ea7u ri\u00eang c\u1ee7a t\u1eebng kh\u00e1ch h\u00e0ng.<\/p>\n<p>H\u00e3y g\u1ecdi cho ch\u00fang t\u00f4i ngay khi b\u1ea1n c\u1ea7n v\u1edbi gi\u00e1 t\u1ed1t nh\u1ea5t:<\/p>\n","protected":false},"excerpt":{"rendered":"<p>Ch\u1ea5t li\u1ec7u: Ch\u1ebf t\u1ea1o t\u1eeb nh\u1ef1a polyolefin<br \/>\nM\u00e0u s\u1eafc: Trong su\u1ed1t<br \/>\nK\u00edch th\u01b0\u1edbc : 280 mm x 1067 m<br \/>\n\u0110\u1ed9 d\u00e0y &amp; c\u00e2n n\u1eb7ng: 19 um &amp; 10.38 kg<br \/>\nT\u00ednh n\u0103ng: \u0110\u00f3ng g\u00f3i th\u00e0nh ph\u1ea9m<br \/>\nTh\u1eddi gian: T\u00f9y theo \u0111\u01a1n \u0111\u1eb7t h\u00e0ng<\/p>\n","protected":false},"featured_media":2110,"comment_status":"open","ping_status":"closed","template":"","meta":[],"product_brand":[],"product_cat":[104],"product_tag":[309,200,310,19,308,311],"class_list":{"0":"post-2109","1":"product","2":"type-product","3":"status-publish","4":"has-post-thumbnail","6":"product_cat-thiet-bi-phong-sach","7":"product_tag-chit","8":"product_tag-cuon-nilon-mang","9":"product_tag-mang-co","10":"product_tag-mitsubishi","11":"product_tag-pof","12":"product_tag-shrink","14":"first","15":"instock","16":"shipping-taxable","17":"product-type-simple"},"yoast_head":"<!-- This site is optimized with the Yoast SEO Premium plugin v25.0 (Yoast SEO v25.2) - https:\/\/yoast.com\/wordpress\/plugins\/seo\/ -->\n<title>Cu\u1ed9n nilon m\u00e0ng - IMRO Vietnam<\/title>\n<meta name=\"robots\" content=\"index, follow, max-snippet:-1, max-image-preview:large, max-video-preview:-1\" \/>\n<link rel=\"canonical\" href=\"https:\/\/imrovietnam.com\/en\/product\/cuon-nilon-mang\/\" \/>\n<meta property=\"og:locale\" content=\"en_US\" \/>\n<meta property=\"og:type\" content=\"article\" \/>\n<meta property=\"og:title\" content=\"Cu\u1ed9n nilon m\u00e0ng\" \/>\n<meta property=\"og:description\" content=\"Ch\u1ea5t li\u1ec7u: Ch\u1ebf t\u1ea1o t\u1eeb nh\u1ef1a polyolefin M\u00e0u s\u1eafc: Trong su\u1ed1t K\u00edch th\u01b0\u1edbc : 280 mm x 1067 m \u0110\u1ed9 d\u00e0y &amp; c\u00e2n n\u1eb7ng: 19 um &amp; 10.38 kg T\u00ednh n\u0103ng: \u0110\u00f3ng g\u00f3i th\u00e0nh ph\u1ea9m Th\u1eddi gian: T\u00f9y theo \u0111\u01a1n \u0111\u1eb7t h\u00e0ng\" \/>\n<meta property=\"og:url\" content=\"https:\/\/imrovietnam.com\/en\/product\/cuon-nilon-mang\/\" \/>\n<meta property=\"og:site_name\" content=\"IMRO Vietnam\" \/>\n<meta property=\"article:modified_time\" content=\"2021-09-05T08:40:43+00:00\" \/>\n<meta property=\"og:image\" content=\"https:\/\/imrovietnam.com\/wp-content\/uploads\/2021\/08\/cuon-nilon-mang.jpg\" \/>\n\t<meta property=\"og:image:width\" content=\"484\" \/>\n\t<meta property=\"og:image:height\" content=\"423\" \/>\n\t<meta property=\"og:image:type\" content=\"image\/jpeg\" \/>\n<meta name=\"twitter:card\" content=\"summary_large_image\" \/>\n<meta name=\"twitter:label1\" content=\"Est. reading time\" \/>\n\t<meta name=\"twitter:data1\" content=\"2 minutes\" \/>\n<script type=\"application\/ld+json\" class=\"yoast-schema-graph\">{\"@context\":\"https:\/\/schema.org\",\"@graph\":[{\"@type\":\"WebPage\",\"@id\":\"https:\/\/imrovietnam.com\/en\/product\/cuon-nilon-mang\/\",\"url\":\"https:\/\/imrovietnam.com\/en\/product\/cuon-nilon-mang\/\",\"name\":\"Cu\u1ed9n nilon m\u00e0ng - IMRO Vietnam\",\"isPartOf\":{\"@id\":\"https:\/\/imrovietnam.com\/#website\"},\"primaryImageOfPage\":{\"@id\":\"https:\/\/imrovietnam.com\/en\/product\/cuon-nilon-mang\/#primaryimage\"},\"image\":{\"@id\":\"https:\/\/imrovietnam.com\/en\/product\/cuon-nilon-mang\/#primaryimage\"},\"thumbnailUrl\":\"https:\/\/imrovietnam.com\/wp-content\/uploads\/2021\/08\/cuon-nilon-mang.jpg\",\"datePublished\":\"2021-08-21T09:25:10+00:00\",\"dateModified\":\"2021-09-05T08:40:43+00:00\",\"breadcrumb\":{\"@id\":\"https:\/\/imrovietnam.com\/en\/product\/cuon-nilon-mang\/#breadcrumb\"},\"inLanguage\":\"en-US\",\"potentialAction\":[{\"@type\":\"ReadAction\",\"target\":[\"https:\/\/imrovietnam.com\/en\/product\/cuon-nilon-mang\/\"]}]},{\"@type\":\"ImageObject\",\"inLanguage\":\"en-US\",\"@id\":\"https:\/\/imrovietnam.com\/en\/product\/cuon-nilon-mang\/#primaryimage\",\"url\":\"https:\/\/imrovietnam.com\/wp-content\/uploads\/2021\/08\/cuon-nilon-mang.jpg\",\"contentUrl\":\"https:\/\/imrovietnam.com\/wp-content\/uploads\/2021\/08\/cuon-nilon-mang.jpg\",\"width\":484,\"height\":423},{\"@type\":\"BreadcrumbList\",\"@id\":\"https:\/\/imrovietnam.com\/en\/product\/cuon-nilon-mang\/#breadcrumb\",\"itemListElement\":[{\"@type\":\"ListItem\",\"position\":1,\"name\":\"Home\",\"item\":\"https:\/\/imrovietnam.com\/\"},{\"@type\":\"ListItem\",\"position\":2,\"name\":\"S\u1ea3n ph\u1ea9m\",\"item\":\"https:\/\/imrovietnam.com\/shop\/\"},{\"@type\":\"ListItem\",\"position\":3,\"name\":\"Cu\u1ed9n nilon m\u00e0ng\"}]},{\"@type\":\"WebSite\",\"@id\":\"https:\/\/imrovietnam.com\/#website\",\"url\":\"https:\/\/imrovietnam.com\/\",\"name\":\"IMRO Vietnam\",\"description\":\"Your consumables and spare parts store\",\"potentialAction\":[{\"@type\":\"SearchAction\",\"target\":{\"@type\":\"EntryPoint\",\"urlTemplate\":\"https:\/\/imrovietnam.com\/?s={search_term_string}\"},\"query-input\":{\"@type\":\"PropertyValueSpecification\",\"valueRequired\":true,\"valueName\":\"search_term_string\"}}],\"inLanguage\":\"en-US\"}]}<\/script>\n<!-- \/ Yoast SEO Premium plugin. -->","yoast_head_json":{"title":"Cu\u1ed9n nilon m\u00e0ng - IMRO Vietnam","robots":{"index":"index","follow":"follow","max-snippet":"max-snippet:-1","max-image-preview":"max-image-preview:large","max-video-preview":"max-video-preview:-1"},"canonical":"https:\/\/imrovietnam.com\/en\/product\/cuon-nilon-mang\/","og_locale":"en_US","og_type":"article","og_title":"Cu\u1ed9n nilon m\u00e0ng","og_description":"Ch\u1ea5t li\u1ec7u: Ch\u1ebf t\u1ea1o t\u1eeb nh\u1ef1a polyolefin M\u00e0u s\u1eafc: Trong su\u1ed1t K\u00edch th\u01b0\u1edbc : 280 mm x 1067 m \u0110\u1ed9 d\u00e0y &amp; c\u00e2n n\u1eb7ng: 19 um &amp; 10.38 kg T\u00ednh n\u0103ng: \u0110\u00f3ng g\u00f3i th\u00e0nh ph\u1ea9m Th\u1eddi gian: T\u00f9y theo \u0111\u01a1n \u0111\u1eb7t h\u00e0ng","og_url":"https:\/\/imrovietnam.com\/en\/product\/cuon-nilon-mang\/","og_site_name":"IMRO Vietnam","article_modified_time":"2021-09-05T08:40:43+00:00","og_image":[{"width":484,"height":423,"url":"https:\/\/imrovietnam.com\/wp-content\/uploads\/2021\/08\/cuon-nilon-mang.jpg","type":"image\/jpeg"}],"twitter_card":"summary_large_image","twitter_misc":{"Est. reading time":"2 minutes"},"schema":{"@context":"https:\/\/schema.org","@graph":[{"@type":"WebPage","@id":"https:\/\/imrovietnam.com\/en\/product\/cuon-nilon-mang\/","url":"https:\/\/imrovietnam.com\/en\/product\/cuon-nilon-mang\/","name":"Cu\u1ed9n nilon m\u00e0ng - IMRO Vietnam","isPartOf":{"@id":"https:\/\/imrovietnam.com\/#website"},"primaryImageOfPage":{"@id":"https:\/\/imrovietnam.com\/en\/product\/cuon-nilon-mang\/#primaryimage"},"image":{"@id":"https:\/\/imrovietnam.com\/en\/product\/cuon-nilon-mang\/#primaryimage"},"thumbnailUrl":"https:\/\/imrovietnam.com\/wp-content\/uploads\/2021\/08\/cuon-nilon-mang.jpg","datePublished":"2021-08-21T09:25:10+00:00","dateModified":"2021-09-05T08:40:43+00:00","breadcrumb":{"@id":"https:\/\/imrovietnam.com\/en\/product\/cuon-nilon-mang\/#breadcrumb"},"inLanguage":"en-US","potentialAction":[{"@type":"ReadAction","target":["https:\/\/imrovietnam.com\/en\/product\/cuon-nilon-mang\/"]}]},{"@type":"ImageObject","inLanguage":"en-US","@id":"https:\/\/imrovietnam.com\/en\/product\/cuon-nilon-mang\/#primaryimage","url":"https:\/\/imrovietnam.com\/wp-content\/uploads\/2021\/08\/cuon-nilon-mang.jpg","contentUrl":"https:\/\/imrovietnam.com\/wp-content\/uploads\/2021\/08\/cuon-nilon-mang.jpg","width":484,"height":423},{"@type":"BreadcrumbList","@id":"https:\/\/imrovietnam.com\/en\/product\/cuon-nilon-mang\/#breadcrumb","itemListElement":[{"@type":"ListItem","position":1,"name":"Home","item":"https:\/\/imrovietnam.com\/"},{"@type":"ListItem","position":2,"name":"S\u1ea3n ph\u1ea9m","item":"https:\/\/imrovietnam.com\/shop\/"},{"@type":"ListItem","position":3,"name":"Cu\u1ed9n nilon m\u00e0ng"}]},{"@type":"WebSite","@id":"https:\/\/imrovietnam.com\/#website","url":"https:\/\/imrovietnam.com\/","name":"IMRO Vietnam","description":"Your consumables and spare parts store","potentialAction":[{"@type":"SearchAction","target":{"@type":"EntryPoint","urlTemplate":"https:\/\/imrovietnam.com\/?s={search_term_string}"},"query-input":{"@type":"PropertyValueSpecification","valueRequired":true,"valueName":"search_term_string"}}],"inLanguage":"en-US"}]}},"_links":{"self":[{"href":"https:\/\/imrovietnam.com\/en\/wp-json\/wp\/v2\/product\/2109","targetHints":{"allow":["GET"]}}],"collection":[{"href":"https:\/\/imrovietnam.com\/en\/wp-json\/wp\/v2\/product"}],"about":[{"href":"https:\/\/imrovietnam.com\/en\/wp-json\/wp\/v2\/types\/product"}],"replies":[{"embeddable":true,"href":"https:\/\/imrovietnam.com\/en\/wp-json\/wp\/v2\/comments?post=2109"}],"wp:featuredmedia":[{"embeddable":true,"href":"https:\/\/imrovietnam.com\/en\/wp-json\/wp\/v2\/media\/2110"}],"wp:attachment":[{"href":"https:\/\/imrovietnam.com\/en\/wp-json\/wp\/v2\/media?parent=2109"}],"wp:term":[{"taxonomy":"product_brand","embeddable":true,"href":"https:\/\/imrovietnam.com\/en\/wp-json\/wp\/v2\/product_brand?post=2109"},{"taxonomy":"product_cat","embeddable":true,"href":"https:\/\/imrovietnam.com\/en\/wp-json\/wp\/v2\/product_cat?post=2109"},{"taxonomy":"product_tag","embeddable":true,"href":"https:\/\/imrovietnam.com\/en\/wp-json\/wp\/v2\/product_tag?post=2109"}],"curies":[{"name":"wp","href":"https:\/\/api.w.org\/{rel}","templated":true}]}}