{"id":2106,"date":"2021-08-21T16:20:13","date_gmt":"2021-08-21T09:20:13","guid":{"rendered":"https:\/\/imrovietnam.com\/?post_type=product&#038;p=2106"},"modified":"2021-09-07T16:59:26","modified_gmt":"2021-09-07T09:59:26","slug":"tham-dinh-bui-phong-sach-sticky-mat-30-tam","status":"publish","type":"product","link":"https:\/\/imrovietnam.com\/en\/product\/tham-dinh-bui-phong-sach-sticky-mat-30-tam\/","title":{"rendered":"Th\u1ea3m d\u00ednh b\u1ee5i ph\u00f2ng s\u1ea1ch Sticky mat 30 t\u1ea5m"},"content":{"rendered":"<p>Th\u1ea3m d\u00ednh b\u1ee5i ph\u00f2ng s\u1ea1ch Sticky mat<\/p>\n<p>S\u1ea3n ph\u1ea9m Sticky mat \u0111\u01b0\u1ee3c l\u00e0m t\u1eeb polyethylen ch\u1ea5t l\u01b0\u1ee3ng cao v\u1edbi \u0111\u1ed9 d\u00e0y v\u00e0 ch\u1ea5t d\u00ednh tr\u00ean n\u1ec1n n\u01b0\u1edbc th\u1ea5p. Th\u1ea3m d\u00ednh b\u1ee5i ph\u00f2ng s\u1ea1ch \u2013 Sticky mat c\u00f3 th\u1ec3 b\u1eaft b\u1ee5i v\u00e0 lo\u1ea1i b\u1ecf nh\u1eefng v\u1ebft b\u1ea9n c\u1ee7a gi\u00e0y ho\u1eb7c b\u00e1nh xe r\u1ea5t hi\u1ec7u qu\u1ea3 \u1edf l\u1ed1i c\u1eeda v\u00e0o v\u00e0 nh\u1eefng khu v\u1ef1c s\u1ea3n xu\u1ea5t, ho\u1eb7c n\u01a1i quan tr\u1ecdng.<\/p>\n<p>Th\u1ea3m d\u00ednh b\u1ee5i ph\u00f2ng s\u1ea1ch \u2013 Sticky mat<\/p>\n<p>\u0110\u1ec3 d\u1ec5 theo d\u00f5i s\u1ed1 l\u01b0\u1ee3ng c\u1ee7a c\u00e1c t\u1ea5m v\u00e0 lo\u1ea1i b\u1ecf nh\u1eefng t\u1ea5m \u0111\u00e3 d\u00f9ng, Th\u1ea3m d\u00ednh b\u1ee5i ph\u00f2ng s\u1ea1ch \u2013 Sticky mat \u0111\u01b0\u1ee3c \u0111\u00e1nh s\u1ed1 tr\u00ean t\u1eebng t\u1ea5m.<\/p>\n<p><img loading=\"lazy\" decoding=\"async\" class=\"aligncenter wp-image-2107 \" src=\"https:\/\/imrovietnam.com\/wp-content\/uploads\/2021\/08\/tham-chong-bui.jpg\" alt=\"Th\u1ea3m d\u00ednh b\u1ee5i ph\u00f2ng s\u1ea1ch Sticky mat 30 t\u1ea5m\" width=\"464\" height=\"400\" srcset=\"https:\/\/imrovietnam.com\/wp-content\/uploads\/2021\/08\/tham-chong-bui.jpg 488w, https:\/\/imrovietnam.com\/wp-content\/uploads\/2021\/08\/tham-chong-bui-464x400.jpg 464w\" sizes=\"auto, (max-width: 464px) 100vw, 464px\" \/><\/p>\n<p>\u1ee8ng d\u1ee5ng:<br \/>\n&#8211; S\u1ea3n ph\u1ea9m \u0111\u01b0\u1ee3c s\u1eed d\u1ee5ng nhi\u1ec1u trong c\u00f4ng nghi\u1ec7p \u0111i\u1ec7n t\u1eed, c\u00f4ng nghi\u1ec7p b\u00e1n d\u1eabn, y h\u1ecdc, d\u01b0\u1ee3c h\u1ecdc h\u00f3a sinh, ph\u00f2ng m\u1ed5 v\u00e0 c\u00f4ng nghi\u1ec7p l\u00e0m s\u1ea1ch\u2026<\/p>\n<p>&#8211; Quy c\u00e1ch \u0111\u00f3ng g\u00f3i: 30 l\u1edbp\/t\u1ea5m (M\u1ed7i t\u1ea5m \u0111\u01b0\u1ee3c \u0111\u00e1nh s\u1ed1 th\u1ee9 t\u1ef1 t\u1eeb 1-30), v\u00e0 10 t\u1ea5m\/h\u1ed9p.<\/p>\n<p>&#8211; Th\u1ea3m d\u00edch b\u1ee5i ph\u00f2ng s\u1ea1ch \u2013 Sticky mat c\u00f3 k\u00edch th\u01b0\u1edbc: 24\u201d x 36\u201d (60 x 90 cm) ;<\/p>\n<p>&#8211; Th\u1ea3m d\u00ednh b\u1ee5i ph\u00f2ng s\u1ea1ch- Sticky mat c\u00f3 k\u00edch th\u01b0\u1edbc: 24\u201d x 18\u201d ( 60 x 45 cm)<\/p>\n<p>&#8211; M\u00e0u s\u1eafc: M\u00e0u xanh bi\u1ec3n\u2026<\/p>\n<p>C\u00f4ng ty TNHH IMRO l\u00e0 nh\u00e0 ph\u00e2n ph\u1ed1i th\u1ea3m d\u00ednh b\u1ee5i ph\u00f2ng s\u1ea1ch ch\u00ednh th\u1ee9c tr\u00ean th\u1ecb tr\u01b0\u1eddng Vi\u1ec7t Nam, s\u1ea3n ph\u1ea9m ch\u1ea5t l\u01b0\u1ee3ng t\u1ed1t, phong ph\u00fa \u0111a d\u1ea1ng v\u00e0 gi\u00e1 c\u1ea3 ph\u00f9 h\u1ee3p v\u1edbi kh\u00e1ch h\u00e0ng. Ngo\u00e0i ra, c\u00e1c b\u1ea1n c\u00f3 th\u1ec3 \u0111\u1eb7t h\u00e0ng theo m\u1eabu ri\u00eang c\u1ee7a m\u00ecnh v\u1ec1 c\u00e1c s\u1ea3n ph\u1ea9m ch\u1ed1ng t\u0129nh \u0111i\u1ec7n ph\u00f2ng s\u1ea1ch.<\/p>\n<p>H\u00e3y g\u1ecdi cho ch\u00fang t\u00f4i ngay khi b\u1ea1n c\u1ea7n v\u1edbi gi\u00e1 t\u1ed1t nh\u1ea5t:<\/p>\n","protected":false},"excerpt":{"rendered":"<p>Ch\u1ea5t li\u1ec7u: Polyester<br \/>\nM\u00e0u s\u1eafc: Xanh<br \/>\nT\u00ednh n\u0103ng: D\u00ednh b\u1ee5i ph\u00f2ng s\u1ea1ch<br \/>\nK\u00edch th\u01b0\u1edbc: 24\u201d x 36\u201d (60 x 90 cm)<br \/>\n\u0110\u00f3ng g\u00f3i: 10 t\u1ea5m \/ 1 t\u1eadp<br \/>\nTh\u1eddi gian: T\u00f9y theo \u0111\u01a1n \u0111\u1eb7t h\u00e0ng<br \/>\n\u0110\u1ed9 d\u00ednh: 35 Micro (+-5 Micro)<\/p>\n","protected":false},"featured_media":2107,"comment_status":"open","ping_status":"closed","template":"","meta":[],"product_brand":[],"product_cat":[104],"product_tag":[314,350,351,306,349,199],"class_list":{"0":"post-2106","1":"product","2":"type-product","3":"status-publish","4":"has-post-thumbnail","6":"product_cat-thiet-bi-phong-sach","7":"product_tag-ban-dan","8":"product_tag-mat","9":"product_tag-nha-may-dien-tu","10":"product_tag-phong-sach","11":"product_tag-sticky","12":"product_tag-tham-dinh-bui","14":"first","15":"instock","16":"shipping-taxable","17":"product-type-simple"},"yoast_head":"<!-- This site is optimized with the Yoast SEO Premium plugin v25.0 (Yoast SEO v25.2) - https:\/\/yoast.com\/wordpress\/plugins\/seo\/ -->\n<title>Th\u1ea3m d\u00ednh b\u1ee5i ph\u00f2ng s\u1ea1ch Sticky mat 30 t\u1ea5m - IMRO Vietnam<\/title>\n<meta name=\"robots\" content=\"index, follow, max-snippet:-1, max-image-preview:large, max-video-preview:-1\" \/>\n<link rel=\"canonical\" href=\"https:\/\/imrovietnam.com\/en\/product\/tham-dinh-bui-phong-sach-sticky-mat-30-tam\/\" \/>\n<meta property=\"og:locale\" content=\"en_US\" \/>\n<meta property=\"og:type\" content=\"article\" \/>\n<meta property=\"og:title\" content=\"Th\u1ea3m d\u00ednh b\u1ee5i ph\u00f2ng s\u1ea1ch Sticky mat 30 t\u1ea5m\" \/>\n<meta property=\"og:description\" content=\"Ch\u1ea5t li\u1ec7u: Polyester M\u00e0u s\u1eafc: Xanh T\u00ednh n\u0103ng: D\u00ednh b\u1ee5i ph\u00f2ng s\u1ea1ch K\u00edch th\u01b0\u1edbc: 24\u201d x 36\u201d (60 x 90 cm) \u0110\u00f3ng g\u00f3i: 10 t\u1ea5m \/ 1 t\u1eadp Th\u1eddi gian: T\u00f9y theo \u0111\u01a1n \u0111\u1eb7t h\u00e0ng \u0110\u1ed9 d\u00ednh: 35 Micro (+-5 Micro)\" \/>\n<meta property=\"og:url\" content=\"https:\/\/imrovietnam.com\/en\/product\/tham-dinh-bui-phong-sach-sticky-mat-30-tam\/\" \/>\n<meta property=\"og:site_name\" content=\"IMRO Vietnam\" \/>\n<meta property=\"article:modified_time\" content=\"2021-09-07T09:59:26+00:00\" \/>\n<meta property=\"og:image\" content=\"https:\/\/imrovietnam.com\/wp-content\/uploads\/2021\/08\/tham-chong-bui.jpg\" \/>\n\t<meta property=\"og:image:width\" content=\"488\" \/>\n\t<meta property=\"og:image:height\" content=\"421\" \/>\n\t<meta property=\"og:image:type\" content=\"image\/jpeg\" \/>\n<meta name=\"twitter:card\" content=\"summary_large_image\" \/>\n<meta name=\"twitter:label1\" content=\"Est. reading time\" \/>\n\t<meta name=\"twitter:data1\" content=\"2 minutes\" \/>\n<script type=\"application\/ld+json\" class=\"yoast-schema-graph\">{\"@context\":\"https:\/\/schema.org\",\"@graph\":[{\"@type\":\"WebPage\",\"@id\":\"https:\/\/imrovietnam.com\/en\/product\/tham-dinh-bui-phong-sach-sticky-mat-30-tam\/\",\"url\":\"https:\/\/imrovietnam.com\/en\/product\/tham-dinh-bui-phong-sach-sticky-mat-30-tam\/\",\"name\":\"Th\u1ea3m d\u00ednh b\u1ee5i ph\u00f2ng s\u1ea1ch Sticky mat 30 t\u1ea5m - IMRO Vietnam\",\"isPartOf\":{\"@id\":\"https:\/\/imrovietnam.com\/#website\"},\"primaryImageOfPage\":{\"@id\":\"https:\/\/imrovietnam.com\/en\/product\/tham-dinh-bui-phong-sach-sticky-mat-30-tam\/#primaryimage\"},\"image\":{\"@id\":\"https:\/\/imrovietnam.com\/en\/product\/tham-dinh-bui-phong-sach-sticky-mat-30-tam\/#primaryimage\"},\"thumbnailUrl\":\"https:\/\/imrovietnam.com\/wp-content\/uploads\/2021\/08\/tham-chong-bui.jpg\",\"datePublished\":\"2021-08-21T09:20:13+00:00\",\"dateModified\":\"2021-09-07T09:59:26+00:00\",\"breadcrumb\":{\"@id\":\"https:\/\/imrovietnam.com\/en\/product\/tham-dinh-bui-phong-sach-sticky-mat-30-tam\/#breadcrumb\"},\"inLanguage\":\"en-US\",\"potentialAction\":[{\"@type\":\"ReadAction\",\"target\":[\"https:\/\/imrovietnam.com\/en\/product\/tham-dinh-bui-phong-sach-sticky-mat-30-tam\/\"]}]},{\"@type\":\"ImageObject\",\"inLanguage\":\"en-US\",\"@id\":\"https:\/\/imrovietnam.com\/en\/product\/tham-dinh-bui-phong-sach-sticky-mat-30-tam\/#primaryimage\",\"url\":\"https:\/\/imrovietnam.com\/wp-content\/uploads\/2021\/08\/tham-chong-bui.jpg\",\"contentUrl\":\"https:\/\/imrovietnam.com\/wp-content\/uploads\/2021\/08\/tham-chong-bui.jpg\",\"width\":488,\"height\":421},{\"@type\":\"BreadcrumbList\",\"@id\":\"https:\/\/imrovietnam.com\/en\/product\/tham-dinh-bui-phong-sach-sticky-mat-30-tam\/#breadcrumb\",\"itemListElement\":[{\"@type\":\"ListItem\",\"position\":1,\"name\":\"Home\",\"item\":\"https:\/\/imrovietnam.com\/\"},{\"@type\":\"ListItem\",\"position\":2,\"name\":\"S\u1ea3n ph\u1ea9m\",\"item\":\"https:\/\/imrovietnam.com\/shop\/\"},{\"@type\":\"ListItem\",\"position\":3,\"name\":\"Th\u1ea3m d\u00ednh b\u1ee5i ph\u00f2ng s\u1ea1ch Sticky mat 30 t\u1ea5m\"}]},{\"@type\":\"WebSite\",\"@id\":\"https:\/\/imrovietnam.com\/#website\",\"url\":\"https:\/\/imrovietnam.com\/\",\"name\":\"IMRO Vietnam\",\"description\":\"Your consumables and spare parts store\",\"potentialAction\":[{\"@type\":\"SearchAction\",\"target\":{\"@type\":\"EntryPoint\",\"urlTemplate\":\"https:\/\/imrovietnam.com\/?s={search_term_string}\"},\"query-input\":{\"@type\":\"PropertyValueSpecification\",\"valueRequired\":true,\"valueName\":\"search_term_string\"}}],\"inLanguage\":\"en-US\"}]}<\/script>\n<!-- \/ Yoast SEO Premium plugin. -->","yoast_head_json":{"title":"Th\u1ea3m d\u00ednh b\u1ee5i ph\u00f2ng s\u1ea1ch Sticky mat 30 t\u1ea5m - IMRO Vietnam","robots":{"index":"index","follow":"follow","max-snippet":"max-snippet:-1","max-image-preview":"max-image-preview:large","max-video-preview":"max-video-preview:-1"},"canonical":"https:\/\/imrovietnam.com\/en\/product\/tham-dinh-bui-phong-sach-sticky-mat-30-tam\/","og_locale":"en_US","og_type":"article","og_title":"Th\u1ea3m d\u00ednh b\u1ee5i ph\u00f2ng s\u1ea1ch Sticky mat 30 t\u1ea5m","og_description":"Ch\u1ea5t li\u1ec7u: Polyester M\u00e0u s\u1eafc: Xanh T\u00ednh n\u0103ng: D\u00ednh b\u1ee5i ph\u00f2ng s\u1ea1ch K\u00edch th\u01b0\u1edbc: 24\u201d x 36\u201d (60 x 90 cm) \u0110\u00f3ng g\u00f3i: 10 t\u1ea5m \/ 1 t\u1eadp Th\u1eddi gian: T\u00f9y theo \u0111\u01a1n \u0111\u1eb7t h\u00e0ng \u0110\u1ed9 d\u00ednh: 35 Micro (+-5 Micro)","og_url":"https:\/\/imrovietnam.com\/en\/product\/tham-dinh-bui-phong-sach-sticky-mat-30-tam\/","og_site_name":"IMRO Vietnam","article_modified_time":"2021-09-07T09:59:26+00:00","og_image":[{"width":488,"height":421,"url":"https:\/\/imrovietnam.com\/wp-content\/uploads\/2021\/08\/tham-chong-bui.jpg","type":"image\/jpeg"}],"twitter_card":"summary_large_image","twitter_misc":{"Est. reading time":"2 minutes"},"schema":{"@context":"https:\/\/schema.org","@graph":[{"@type":"WebPage","@id":"https:\/\/imrovietnam.com\/en\/product\/tham-dinh-bui-phong-sach-sticky-mat-30-tam\/","url":"https:\/\/imrovietnam.com\/en\/product\/tham-dinh-bui-phong-sach-sticky-mat-30-tam\/","name":"Th\u1ea3m d\u00ednh b\u1ee5i ph\u00f2ng s\u1ea1ch Sticky mat 30 t\u1ea5m - IMRO Vietnam","isPartOf":{"@id":"https:\/\/imrovietnam.com\/#website"},"primaryImageOfPage":{"@id":"https:\/\/imrovietnam.com\/en\/product\/tham-dinh-bui-phong-sach-sticky-mat-30-tam\/#primaryimage"},"image":{"@id":"https:\/\/imrovietnam.com\/en\/product\/tham-dinh-bui-phong-sach-sticky-mat-30-tam\/#primaryimage"},"thumbnailUrl":"https:\/\/imrovietnam.com\/wp-content\/uploads\/2021\/08\/tham-chong-bui.jpg","datePublished":"2021-08-21T09:20:13+00:00","dateModified":"2021-09-07T09:59:26+00:00","breadcrumb":{"@id":"https:\/\/imrovietnam.com\/en\/product\/tham-dinh-bui-phong-sach-sticky-mat-30-tam\/#breadcrumb"},"inLanguage":"en-US","potentialAction":[{"@type":"ReadAction","target":["https:\/\/imrovietnam.com\/en\/product\/tham-dinh-bui-phong-sach-sticky-mat-30-tam\/"]}]},{"@type":"ImageObject","inLanguage":"en-US","@id":"https:\/\/imrovietnam.com\/en\/product\/tham-dinh-bui-phong-sach-sticky-mat-30-tam\/#primaryimage","url":"https:\/\/imrovietnam.com\/wp-content\/uploads\/2021\/08\/tham-chong-bui.jpg","contentUrl":"https:\/\/imrovietnam.com\/wp-content\/uploads\/2021\/08\/tham-chong-bui.jpg","width":488,"height":421},{"@type":"BreadcrumbList","@id":"https:\/\/imrovietnam.com\/en\/product\/tham-dinh-bui-phong-sach-sticky-mat-30-tam\/#breadcrumb","itemListElement":[{"@type":"ListItem","position":1,"name":"Home","item":"https:\/\/imrovietnam.com\/"},{"@type":"ListItem","position":2,"name":"S\u1ea3n ph\u1ea9m","item":"https:\/\/imrovietnam.com\/shop\/"},{"@type":"ListItem","position":3,"name":"Th\u1ea3m d\u00ednh b\u1ee5i ph\u00f2ng s\u1ea1ch Sticky mat 30 t\u1ea5m"}]},{"@type":"WebSite","@id":"https:\/\/imrovietnam.com\/#website","url":"https:\/\/imrovietnam.com\/","name":"IMRO Vietnam","description":"Your consumables and spare parts store","potentialAction":[{"@type":"SearchAction","target":{"@type":"EntryPoint","urlTemplate":"https:\/\/imrovietnam.com\/?s={search_term_string}"},"query-input":{"@type":"PropertyValueSpecification","valueRequired":true,"valueName":"search_term_string"}}],"inLanguage":"en-US"}]}},"_links":{"self":[{"href":"https:\/\/imrovietnam.com\/en\/wp-json\/wp\/v2\/product\/2106","targetHints":{"allow":["GET"]}}],"collection":[{"href":"https:\/\/imrovietnam.com\/en\/wp-json\/wp\/v2\/product"}],"about":[{"href":"https:\/\/imrovietnam.com\/en\/wp-json\/wp\/v2\/types\/product"}],"replies":[{"embeddable":true,"href":"https:\/\/imrovietnam.com\/en\/wp-json\/wp\/v2\/comments?post=2106"}],"wp:featuredmedia":[{"embeddable":true,"href":"https:\/\/imrovietnam.com\/en\/wp-json\/wp\/v2\/media\/2107"}],"wp:attachment":[{"href":"https:\/\/imrovietnam.com\/en\/wp-json\/wp\/v2\/media?parent=2106"}],"wp:term":[{"taxonomy":"product_brand","embeddable":true,"href":"https:\/\/imrovietnam.com\/en\/wp-json\/wp\/v2\/product_brand?post=2106"},{"taxonomy":"product_cat","embeddable":true,"href":"https:\/\/imrovietnam.com\/en\/wp-json\/wp\/v2\/product_cat?post=2106"},{"taxonomy":"product_tag","embeddable":true,"href":"https:\/\/imrovietnam.com\/en\/wp-json\/wp\/v2\/product_tag?post=2106"}],"curies":[{"name":"wp","href":"https:\/\/api.w.org\/{rel}","templated":true}]}}