{"id":2103,"date":"2021-08-21T10:15:54","date_gmt":"2021-08-21T03:15:54","guid":{"rendered":"https:\/\/imrovietnam.com\/?post_type=product&#038;p=2103"},"modified":"2021-09-07T16:56:57","modified_gmt":"2021-09-07T09:56:57","slug":"tham-cao-su-khu-tinh-dien-chong-moi-chan","status":"publish","type":"product","link":"https:\/\/imrovietnam.com\/en\/product\/tham-cao-su-khu-tinh-dien-chong-moi-chan\/","title":{"rendered":"Th\u1ea3m cao su kh\u1eed t\u0129nh \u0111i\u1ec7n ch\u1ed1ng m\u1ecfi ch\u00e2n"},"content":{"rendered":"<p>Th\u1ea3m cao su ch\u1ed1ng m\u1ecfi ch\u00e2n<br \/>\nC\u00f4ng vi\u1ec7c t\u00edch \u0111i\u1ec7n t\u0129nh \u0111i\u1ec7n trong qu\u00e1 tr\u00ecnh lao \u0111\u1ed9ng s\u1ea3n xu\u1ea5t l\u00e0 vi\u1ec7c v\u00f4 c\u00f9ng quan tr\u1ecdng. Vi\u1ec7c b\u1ee5i b\u1ea9n do t\u00edch \u0111i\u1ec7n t\u1ea1o n\u00ean s\u1ebd c\u00f3 nh\u01b0ng \u1ea3nh h\u01b0\u1edfng x\u1ea5u t\u1edbi ch\u1ea5t l\u01b0\u1ee3ng c\u1ee7a c\u00e1c s\u1ea3n ph\u1ea9m trong c\u00e1c ng\u00e0nh c\u00f4ng nghi\u1ec7p y\u00eau c\u1ea5u cao.<\/p>\n<p>Song song v\u1edbi \u0111\u00f3 ng\u01b0\u1eddi lao \u0111\u1ed9ng l\u00e0m vi\u1ec7c trong t\u01b0 th\u1ebf \u0111\u1ee9ng trong th\u1eddi gian d\u00e0i, tr\u00ean c\u00e1c b\u1ec1 m\u1eb7t g\u1ea1ch, b\u00ea t\u00f4ng. \u0110i\u1ec1u \u0111\u00f3 c\u00f3 t\u00e1c \u0111\u1ed9ng kh\u00f4ng t\u1ed1t t\u1edbi ch\u00e2n, n\u0103ng su\u1ea5t lao \u0111\u1ed9ng c\u1ee7a c\u00f4ng nh\u00e2n b\u1ecb gi\u1ea3m. Do \u0111\u00f3 c\u00f4ng ty ch\u00fang t\u00f4i xin gi\u1edbi thi\u1ec7u s\u1ea3n ph\u1ea9m th\u1ea3m cao su kh\u1eed t\u0129nh \u0111i\u1ec7n ch\u1ed1ng m\u1ecfi ch\u00e2n, th\u1ea3m v\u1eeba c\u00f3 t\u00e1c d\u1ee5ng ch\u1ed1ng m\u1ecfi ch\u00e2n nh\u1edd b\u1ec1 m\u1eb7t l\u1edbp cao su d\u00e0y m\u1ec1m, \u0111\u00e0n h\u1ed3i c\u00f3 t\u00e1c d\u1ee5ng nh\u01b0 vi\u1ec7c b\u1ea5m huy\u1ec7t l\u00ean b\u00e0n ch\u00e2n. \u0110\u1ed3ng th\u1eddi c\u00f3 t\u00e1c d\u1ee5ng ch\u1ed1ng t\u0129nh \u0111i\u1ec7n, b\u00e1m b\u1ee5i t\u00edch \u0111i\u1ec7n. IMRO VN l\u00e0 th\u01b0\u01a1ng hi\u1ec7u uy t\u00edn trong cung c\u1ea5p th\u1ea3m cao su kh\u1eed t\u0129nh \u0111i\u1ec7n, ch\u1ed1ng m\u1ecfi ch\u00e2n.<\/p>\n<p><img loading=\"lazy\" decoding=\"async\" class=\"aligncenter wp-image-2104 size-full\" src=\"https:\/\/imrovietnam.com\/wp-content\/uploads\/2021\/08\/Tham-cao-su-chong-tinh-dien-chong-moi-chan.jpg\" alt=\"Th\u1ea3m cao su kh\u1eed t\u0129nh \u0111i\u1ec7n ch\u1ed1ng m\u1ecfi ch\u00e2n\" width=\"477\" height=\"411\" srcset=\"https:\/\/imrovietnam.com\/wp-content\/uploads\/2021\/08\/Tham-cao-su-chong-tinh-dien-chong-moi-chan.jpg 477w, https:\/\/imrovietnam.com\/wp-content\/uploads\/2021\/08\/Tham-cao-su-chong-tinh-dien-chong-moi-chan-464x400.jpg 464w\" sizes=\"auto, (max-width: 477px) 100vw, 477px\" \/><\/p>\n<p>&nbsp;<\/p>\n<p>C\u1ea5u t\u1ea1o th\u1ea3m ch\u1ed1ng m\u1ecfi ch\u00e2n<br \/>\nTh\u1ea3m cao su kh\u1eed t\u0129nh \u0111i\u1ec7n ch\u1ed1ng m\u1ecfi ch\u00e2n \u0111\u01b0\u1ee3c s\u1ea3n xu\u1ea5t d\u1ef1a tr\u00ean ch\u1ea5t li\u1ec7u cao su v\u1edbi c\u00f4ng ngh\u1ec7 l\u01b0u h\u00f3a cao su c\u00f9ng v\u1edbi ch\u1ea5t kh\u1eed t\u0129nh \u0111i\u1ec7n. Do v\u1eady \u0111\u00e3 t\u1ea1o ra \u0111\u1ed9 t\u0129nh \u0111i\u1ec7n \u0111\u1ea1t ti\u00eau chu\u1ea9n \u0111\u1ec3 s\u1eed d\u1ee5ng ph\u1ed5 bi\u1ebfn trong m\u1ecdi kh\u00f4ng gian l\u00e0m vi\u1ec7c y\u00eau c\u1ea7u \u0111\u1ed9 kh\u00f4ng c\u00f3 t\u0129nh \u0111i\u1ec7n cao.<\/p>\n<p>Th\u1ea3m cao su \u0111\u01b0\u1ee3c thi\u1ebft k\u1ebf g\u1ed3m c\u00e1c l\u1edbp cao su m\u1ec1m. L\u1edbp ch\u1ed1ng t\u0129nh \u0111i\u1ec7n l\u00e0 l\u1edbp \u1edf tr\u00ean v\u00e0 l\u1edbp \u1edf d\u01b0\u1edbi l\u00e0 l\u1edbp truy\u1ec1n d\u1eabn \u0111i\u1ec7n .V\u1edbi \u0111\u1ed9 d\u00e0y ph\u00f9 h\u1ee3p t\u1ea1o n\u00ean c\u1ea3m gi\u00e1c \u00eam \u00e1i d\u1ec5 ch\u1ee5i kh\u00f4ng g\u00e2y m\u1ecfi ch\u00e2n.<\/p>\n<p>M\u00e0u s\u1eafc : \u0110en<\/p>\n<p>B\u1ec1 m\u1eb7t th\u1ea3m \u0111\u01b0\u1ee3c thi\u1ebft k\u1ebf ch\u00f4ng tr\u01a1n tr\u01b0\u1ee3t. K\u00edch th\u01b0\u1edbc \u0111\u01b0\u1ee3c thi\u1ebft k\u1ebf ph\u00f9 h\u1ee3p v\u1edbi m\u1ecdi kh\u00f4ng gian,nh\u00e0 x\u01b0\u1edfng .<\/p>\n<p>\u1ee8ng d\u1ee5ng th\u1ea3m ch\u1ed1ng m\u1ecfi ch\u00e2n<br \/>\n-Kh\u00f4ng cho t\u0129nh \u0111i\u1ec7n trong kh\u00f4ng gian l\u00e0m vi\u1ec7c. M\u00e0 khi t\u0129nh \u0111i\u1ec7n l\u00e2u c\u00f3 th\u1ec3 g\u00e2y ra h\u1eadu qu\u1ea3 nguy hi\u1ec3m.<\/p>\n<p>-Th\u1ea3m cao su kh\u1eed t\u00edch \u0111i\u1ec7n gi\u00fap ng\u01b0\u1eddi lao \u0111\u1ed9ng trong c\u00e1c nh\u00e0 m\u00e1y , x\u00ed nghi\u1ec7p ho\u1ea1t \u0111\u1ed9ng trong l\u0129nh v\u1ef1c linh ki\u1ec7n \u0111i\u1ec7n t\u1eed v\u00e0 ch\u1ea5t b\u00e1n d\u1eabn \u0111\u1ee9ng nhi\u1ec1u gi\u1edd li\u1ec1n m\u00e0 kh\u00f4ng b\u1ecb m\u1ecfi ch\u00e2n qua \u0111\u00f3 c\u1ea3i thi\u1ec7n t\u00e2m l\u00fd lao \u0111\u1ed9ng v\u00e0 hi\u1ec7u qu\u1ea3 c\u00f4ng vi\u1ec7c t\u0103ng cao. Ngo\u00e0i ra, c\u00f2n r\u1ea5t nhi\u1ec1u s\u1ea3n ph\u1ea9m c\u00f4ng nghi\u1ec7p kh\u00e1c h\u1ed9 tr\u1ee3 nh\u01b0: Cu\u1ed9n thi\u1ebfc h\u00e0n, g\u0103ng tay nitrile, qu\u1ea7n \u00e1o ch\u1ed1ng t\u0129nh \u0111i\u1ec7n, g\u0103ng tay ph\u00f2ng s\u1ea1ch&#8230;<\/p>\n","protected":false},"excerpt":{"rendered":"<p>&#8211; Ch\u1ea5t li\u1ec7u: Nh\u1ef1a PVC kh\u1eed t\u0129nh \u0111i\u1ec7n<br \/>\n&#8211; M\u00e0u s\u1eafc: \u0110en<br \/>\n&#8211; \u1ee8ng d\u1ee5ng: c\u00f4ng nghi\u1ec7p \u0111i\u1ec7n t\u1eed, b\u00e1n d\u1eabn, y t\u1ebf, &#8230;<br \/>\n&#8211; Th\u1eddi gian: T\u00f9y \u0111\u01a1n h\u00e0ng<\/p>\n","protected":false},"featured_media":2104,"comment_status":"open","ping_status":"closed","template":"","meta":[],"product_brand":[],"product_cat":[104],"product_tag":[318,319,317,303],"class_list":{"0":"post-2103","1":"product","2":"type-product","3":"status-publish","4":"has-post-thumbnail","6":"product_cat-thiet-bi-phong-sach","7":"product_tag-cao-su","8":"product_tag-chong-moi","9":"product_tag-tham","10":"product_tag-tinh-dien","12":"first","13":"instock","14":"shipping-taxable","15":"product-type-simple"},"yoast_head":"<!-- This site is optimized with the Yoast SEO Premium plugin v25.0 (Yoast SEO v25.2) - https:\/\/yoast.com\/wordpress\/plugins\/seo\/ -->\n<title>Th\u1ea3m cao su kh\u1eed t\u0129nh \u0111i\u1ec7n ch\u1ed1ng m\u1ecfi ch\u00e2n - IMRO Vietnam<\/title>\n<meta name=\"robots\" content=\"index, follow, max-snippet:-1, max-image-preview:large, max-video-preview:-1\" \/>\n<link rel=\"canonical\" href=\"https:\/\/imrovietnam.com\/en\/product\/tham-cao-su-khu-tinh-dien-chong-moi-chan\/\" \/>\n<meta property=\"og:locale\" content=\"en_US\" \/>\n<meta property=\"og:type\" content=\"article\" \/>\n<meta property=\"og:title\" content=\"Th\u1ea3m cao su kh\u1eed t\u0129nh \u0111i\u1ec7n ch\u1ed1ng m\u1ecfi ch\u00e2n\" \/>\n<meta property=\"og:description\" content=\"- Ch\u1ea5t li\u1ec7u: Nh\u1ef1a PVC kh\u1eed t\u0129nh \u0111i\u1ec7n - M\u00e0u s\u1eafc: \u0110en - \u1ee8ng d\u1ee5ng: c\u00f4ng nghi\u1ec7p \u0111i\u1ec7n t\u1eed, b\u00e1n d\u1eabn, y t\u1ebf, ... - Th\u1eddi gian: T\u00f9y \u0111\u01a1n h\u00e0ng\" \/>\n<meta property=\"og:url\" content=\"https:\/\/imrovietnam.com\/en\/product\/tham-cao-su-khu-tinh-dien-chong-moi-chan\/\" \/>\n<meta property=\"og:site_name\" content=\"IMRO Vietnam\" \/>\n<meta property=\"article:modified_time\" content=\"2021-09-07T09:56:57+00:00\" \/>\n<meta property=\"og:image\" content=\"https:\/\/imrovietnam.com\/wp-content\/uploads\/2021\/08\/Tham-cao-su-chong-tinh-dien-chong-moi-chan.jpg\" \/>\n\t<meta property=\"og:image:width\" content=\"477\" \/>\n\t<meta property=\"og:image:height\" content=\"411\" \/>\n\t<meta property=\"og:image:type\" content=\"image\/jpeg\" \/>\n<meta name=\"twitter:card\" content=\"summary_large_image\" \/>\n<meta name=\"twitter:label1\" content=\"Est. reading time\" \/>\n\t<meta name=\"twitter:data1\" content=\"3 minutes\" \/>\n<script type=\"application\/ld+json\" class=\"yoast-schema-graph\">{\"@context\":\"https:\/\/schema.org\",\"@graph\":[{\"@type\":\"WebPage\",\"@id\":\"https:\/\/imrovietnam.com\/en\/product\/tham-cao-su-khu-tinh-dien-chong-moi-chan\/\",\"url\":\"https:\/\/imrovietnam.com\/en\/product\/tham-cao-su-khu-tinh-dien-chong-moi-chan\/\",\"name\":\"Th\u1ea3m cao su kh\u1eed t\u0129nh \u0111i\u1ec7n ch\u1ed1ng m\u1ecfi ch\u00e2n - IMRO Vietnam\",\"isPartOf\":{\"@id\":\"https:\/\/imrovietnam.com\/#website\"},\"primaryImageOfPage\":{\"@id\":\"https:\/\/imrovietnam.com\/en\/product\/tham-cao-su-khu-tinh-dien-chong-moi-chan\/#primaryimage\"},\"image\":{\"@id\":\"https:\/\/imrovietnam.com\/en\/product\/tham-cao-su-khu-tinh-dien-chong-moi-chan\/#primaryimage\"},\"thumbnailUrl\":\"https:\/\/imrovietnam.com\/wp-content\/uploads\/2021\/08\/Tham-cao-su-chong-tinh-dien-chong-moi-chan.jpg\",\"datePublished\":\"2021-08-21T03:15:54+00:00\",\"dateModified\":\"2021-09-07T09:56:57+00:00\",\"breadcrumb\":{\"@id\":\"https:\/\/imrovietnam.com\/en\/product\/tham-cao-su-khu-tinh-dien-chong-moi-chan\/#breadcrumb\"},\"inLanguage\":\"en-US\",\"potentialAction\":[{\"@type\":\"ReadAction\",\"target\":[\"https:\/\/imrovietnam.com\/en\/product\/tham-cao-su-khu-tinh-dien-chong-moi-chan\/\"]}]},{\"@type\":\"ImageObject\",\"inLanguage\":\"en-US\",\"@id\":\"https:\/\/imrovietnam.com\/en\/product\/tham-cao-su-khu-tinh-dien-chong-moi-chan\/#primaryimage\",\"url\":\"https:\/\/imrovietnam.com\/wp-content\/uploads\/2021\/08\/Tham-cao-su-chong-tinh-dien-chong-moi-chan.jpg\",\"contentUrl\":\"https:\/\/imrovietnam.com\/wp-content\/uploads\/2021\/08\/Tham-cao-su-chong-tinh-dien-chong-moi-chan.jpg\",\"width\":477,\"height\":411},{\"@type\":\"BreadcrumbList\",\"@id\":\"https:\/\/imrovietnam.com\/en\/product\/tham-cao-su-khu-tinh-dien-chong-moi-chan\/#breadcrumb\",\"itemListElement\":[{\"@type\":\"ListItem\",\"position\":1,\"name\":\"Home\",\"item\":\"https:\/\/imrovietnam.com\/\"},{\"@type\":\"ListItem\",\"position\":2,\"name\":\"S\u1ea3n ph\u1ea9m\",\"item\":\"https:\/\/imrovietnam.com\/shop\/\"},{\"@type\":\"ListItem\",\"position\":3,\"name\":\"Th\u1ea3m cao su kh\u1eed t\u0129nh \u0111i\u1ec7n ch\u1ed1ng m\u1ecfi ch\u00e2n\"}]},{\"@type\":\"WebSite\",\"@id\":\"https:\/\/imrovietnam.com\/#website\",\"url\":\"https:\/\/imrovietnam.com\/\",\"name\":\"IMRO Vietnam\",\"description\":\"Your consumables and spare parts store\",\"potentialAction\":[{\"@type\":\"SearchAction\",\"target\":{\"@type\":\"EntryPoint\",\"urlTemplate\":\"https:\/\/imrovietnam.com\/?s={search_term_string}\"},\"query-input\":{\"@type\":\"PropertyValueSpecification\",\"valueRequired\":true,\"valueName\":\"search_term_string\"}}],\"inLanguage\":\"en-US\"}]}<\/script>\n<!-- \/ Yoast SEO Premium plugin. -->","yoast_head_json":{"title":"Th\u1ea3m cao su kh\u1eed t\u0129nh \u0111i\u1ec7n ch\u1ed1ng m\u1ecfi ch\u00e2n - IMRO Vietnam","robots":{"index":"index","follow":"follow","max-snippet":"max-snippet:-1","max-image-preview":"max-image-preview:large","max-video-preview":"max-video-preview:-1"},"canonical":"https:\/\/imrovietnam.com\/en\/product\/tham-cao-su-khu-tinh-dien-chong-moi-chan\/","og_locale":"en_US","og_type":"article","og_title":"Th\u1ea3m cao su kh\u1eed t\u0129nh \u0111i\u1ec7n ch\u1ed1ng m\u1ecfi ch\u00e2n","og_description":"- Ch\u1ea5t li\u1ec7u: Nh\u1ef1a PVC kh\u1eed t\u0129nh \u0111i\u1ec7n - M\u00e0u s\u1eafc: \u0110en - \u1ee8ng d\u1ee5ng: c\u00f4ng nghi\u1ec7p \u0111i\u1ec7n t\u1eed, b\u00e1n d\u1eabn, y t\u1ebf, ... - Th\u1eddi gian: T\u00f9y \u0111\u01a1n h\u00e0ng","og_url":"https:\/\/imrovietnam.com\/en\/product\/tham-cao-su-khu-tinh-dien-chong-moi-chan\/","og_site_name":"IMRO Vietnam","article_modified_time":"2021-09-07T09:56:57+00:00","og_image":[{"width":477,"height":411,"url":"https:\/\/imrovietnam.com\/wp-content\/uploads\/2021\/08\/Tham-cao-su-chong-tinh-dien-chong-moi-chan.jpg","type":"image\/jpeg"}],"twitter_card":"summary_large_image","twitter_misc":{"Est. reading time":"3 minutes"},"schema":{"@context":"https:\/\/schema.org","@graph":[{"@type":"WebPage","@id":"https:\/\/imrovietnam.com\/en\/product\/tham-cao-su-khu-tinh-dien-chong-moi-chan\/","url":"https:\/\/imrovietnam.com\/en\/product\/tham-cao-su-khu-tinh-dien-chong-moi-chan\/","name":"Th\u1ea3m cao su kh\u1eed t\u0129nh \u0111i\u1ec7n ch\u1ed1ng m\u1ecfi ch\u00e2n - IMRO Vietnam","isPartOf":{"@id":"https:\/\/imrovietnam.com\/#website"},"primaryImageOfPage":{"@id":"https:\/\/imrovietnam.com\/en\/product\/tham-cao-su-khu-tinh-dien-chong-moi-chan\/#primaryimage"},"image":{"@id":"https:\/\/imrovietnam.com\/en\/product\/tham-cao-su-khu-tinh-dien-chong-moi-chan\/#primaryimage"},"thumbnailUrl":"https:\/\/imrovietnam.com\/wp-content\/uploads\/2021\/08\/Tham-cao-su-chong-tinh-dien-chong-moi-chan.jpg","datePublished":"2021-08-21T03:15:54+00:00","dateModified":"2021-09-07T09:56:57+00:00","breadcrumb":{"@id":"https:\/\/imrovietnam.com\/en\/product\/tham-cao-su-khu-tinh-dien-chong-moi-chan\/#breadcrumb"},"inLanguage":"en-US","potentialAction":[{"@type":"ReadAction","target":["https:\/\/imrovietnam.com\/en\/product\/tham-cao-su-khu-tinh-dien-chong-moi-chan\/"]}]},{"@type":"ImageObject","inLanguage":"en-US","@id":"https:\/\/imrovietnam.com\/en\/product\/tham-cao-su-khu-tinh-dien-chong-moi-chan\/#primaryimage","url":"https:\/\/imrovietnam.com\/wp-content\/uploads\/2021\/08\/Tham-cao-su-chong-tinh-dien-chong-moi-chan.jpg","contentUrl":"https:\/\/imrovietnam.com\/wp-content\/uploads\/2021\/08\/Tham-cao-su-chong-tinh-dien-chong-moi-chan.jpg","width":477,"height":411},{"@type":"BreadcrumbList","@id":"https:\/\/imrovietnam.com\/en\/product\/tham-cao-su-khu-tinh-dien-chong-moi-chan\/#breadcrumb","itemListElement":[{"@type":"ListItem","position":1,"name":"Home","item":"https:\/\/imrovietnam.com\/"},{"@type":"ListItem","position":2,"name":"S\u1ea3n ph\u1ea9m","item":"https:\/\/imrovietnam.com\/shop\/"},{"@type":"ListItem","position":3,"name":"Th\u1ea3m cao su kh\u1eed t\u0129nh \u0111i\u1ec7n ch\u1ed1ng m\u1ecfi ch\u00e2n"}]},{"@type":"WebSite","@id":"https:\/\/imrovietnam.com\/#website","url":"https:\/\/imrovietnam.com\/","name":"IMRO Vietnam","description":"Your consumables and spare parts store","potentialAction":[{"@type":"SearchAction","target":{"@type":"EntryPoint","urlTemplate":"https:\/\/imrovietnam.com\/?s={search_term_string}"},"query-input":{"@type":"PropertyValueSpecification","valueRequired":true,"valueName":"search_term_string"}}],"inLanguage":"en-US"}]}},"_links":{"self":[{"href":"https:\/\/imrovietnam.com\/en\/wp-json\/wp\/v2\/product\/2103","targetHints":{"allow":["GET"]}}],"collection":[{"href":"https:\/\/imrovietnam.com\/en\/wp-json\/wp\/v2\/product"}],"about":[{"href":"https:\/\/imrovietnam.com\/en\/wp-json\/wp\/v2\/types\/product"}],"replies":[{"embeddable":true,"href":"https:\/\/imrovietnam.com\/en\/wp-json\/wp\/v2\/comments?post=2103"}],"wp:featuredmedia":[{"embeddable":true,"href":"https:\/\/imrovietnam.com\/en\/wp-json\/wp\/v2\/media\/2104"}],"wp:attachment":[{"href":"https:\/\/imrovietnam.com\/en\/wp-json\/wp\/v2\/media?parent=2103"}],"wp:term":[{"taxonomy":"product_brand","embeddable":true,"href":"https:\/\/imrovietnam.com\/en\/wp-json\/wp\/v2\/product_brand?post=2103"},{"taxonomy":"product_cat","embeddable":true,"href":"https:\/\/imrovietnam.com\/en\/wp-json\/wp\/v2\/product_cat?post=2103"},{"taxonomy":"product_tag","embeddable":true,"href":"https:\/\/imrovietnam.com\/en\/wp-json\/wp\/v2\/product_tag?post=2103"}],"curies":[{"name":"wp","href":"https:\/\/api.w.org\/{rel}","templated":true}]}}