{"id":2100,"date":"2021-08-21T10:11:49","date_gmt":"2021-08-21T03:11:49","guid":{"rendered":"https:\/\/imrovietnam.com\/?post_type=product&#038;p=2100"},"modified":"2021-09-07T16:54:44","modified_gmt":"2021-09-07T09:54:44","slug":"tham-cao-su-chong-tinh-dien-1mx10mx2mm","status":"publish","type":"product","link":"https:\/\/imrovietnam.com\/en\/product\/tham-cao-su-chong-tinh-dien-1mx10mx2mm\/","title":{"rendered":"Th\u1ea3m cao su ch\u1ed1ng t\u0129nh \u0111i\u1ec7n 1mx10mx2mm"},"content":{"rendered":"<p>Th\u1ea3m cao su 1mx10mx2mm<br \/>\nTrong cu\u1ed9c s\u1ed1ng h\u00e0ng ng\u00e0y t\u0129nh \u0111i\u1ec7n c\u00f3 \u1edf kh\u1eafp m\u1ecdi n\u01a1i v\u00e0 ng\u01b0\u1eddi ta kh\u00f4ng \u0111\u1ec3 \u00fd l\u1eafm \u0111\u1ebfn ch\u00fang do t\u00e1c d\u1ee5ng c\u1ee7a n\u00f3 kh\u00f4ng \u1ea3nh h\u01b0\u1edbng l\u1edbn. Nh\u01b0ng trong s\u1ea3n xu\u1ea5t, t\u0129nh \u0111i\u1ec7n l\u1ea1i l\u00e0 b\u00e0i to\u00e1n h\u1ecdc b\u00faa cho nhi\u1ec1u nh\u00e0 s\u1ea3n xu\u1ea5t v\u00ec nh\u1eefng t\u00e1c \u0111\u1ed9ng kh\u00f4ng t\u1ed1t do n\u00f3 t\u1ea1o ra cho n\u00ean ch\u00fang ta lu\u00f4n nghi\u00ean c\u1ee9u t\u00ecm c\u00e1ch kh\u1eed t\u0129nh \u0111i\u1ec7n. Kh\u1eed t\u00edch \u0111i\u1ec7n trong c\u00f4ng nghi\u1ec7p l\u00e0 vi\u1ec7c l\u00e0m \u0111\u00e3 c\u00f3 t\u00f9e l\u00e2u trong c\u00e1c l\u0129nh v\u1ef1c gi\u1ea5y v\u00e0 in \u1ea5n,Tuy v\u1eady vi\u1ec7c kh\u1eed t\u00edch \u0111i\u1ec7n trong ho\u1ea1t \u0111\u1ed9ng s\u1ea3n xu\u1ea5t linh ki\u1ec7n \u0111i\u1ec7n t\u1eed m\u1edbi th\u1ef1c s\u1ef1 l\u00e0 vi\u1ec7c l\u00e0m chi ti\u1ebft \u0111\u1ebfn t\u1eebng v\u1ecb tr\u00ed, t\u1eebng chi ti\u1ebft linh ki\u1ec7n tinh vi b\u1edfi thi\u1ec7t h\u1ea1i th\u1ef1c t\u1ebf tr\u1ef1c ti\u1ebfp \u0111\u00e3 nh\u00ecn th\u1ea5y v\u00e0 thi\u1ec7t h\u1ea1i s\u1ebd x\u1ea3y ra trong t\u01b0\u01a1ng lai s\u1ebd r\u1ea5t kho c\u00f3 th\u1ec3 \u0111o\u00e1n bi\u1ebft tr\u01b0\u1edbc \u0111\u01b0\u1ee3c. V\u00ec \u0111i\u1ec7n \u00e1p cho m\u1ea1ch vi x\u1eed l\u00fd c\u1ee7a ch\u00fang ta ng\u00e0y ng\u00e0y nay \u0111\u00e3 \u1edf m\u1ee9c kh\u00e1 th\u1ea5p ,khi t\u0129nh \u0111i\u1ebfn v\u01b0\u1ee3t ng\u01b0\u1ee1ng n\u00e0y c\u00e1c vi m\u1ea1ch s\u1ebd ng\u1eebng ho\u1ea1t \u0111\u1ed9ng. 1 trong nh\u1eefng gi\u1ea3i ph\u00e1p ch\u1ed1ng t\u0129nh \u0111i\u1ec7n l\u00e0 th\u1ea3m cao su ch\u1ed1ng t\u0129nh \u0111i\u1ec7n. IMRO VN l\u00e0 \u0111\u01a1n v\u1ecb h\u00e0ng \u0111\u1ea7u cung c\u1ea5p th\u1ea3m cao su ch\u1ed1ng t\u0129nh \u0111i\u1ec7n.<\/p>\n<p><img loading=\"lazy\" decoding=\"async\" class=\"aligncenter wp-image-2101 \" src=\"https:\/\/imrovietnam.com\/wp-content\/uploads\/2021\/08\/Tham-cao-su-chong-tinh-dien-280x280.jpg\" alt=\"th\u1ea3m cao su ch\u1ed1ng t\u0129nh \u0111i\u1ec7n\" width=\"354\" height=\"354\" srcset=\"https:\/\/imrovietnam.com\/wp-content\/uploads\/2021\/08\/Tham-cao-su-chong-tinh-dien-280x280.jpg 280w, https:\/\/imrovietnam.com\/wp-content\/uploads\/2021\/08\/Tham-cao-su-chong-tinh-dien-100x100.jpg 100w\" sizes=\"auto, (max-width: 354px) 100vw, 354px\" \/><\/p>\n<p>C\u1ea5u t\u1ea1o th\u1ea3m cao su ch\u1ed1ng t\u0129nh \u0111i\u1ec7n 1m<br \/>\nCh\u1ea5t li\u1ec7u : Cao su 2 l\u1edbp ( Th\u1ea3m \u0111\u01b0\u1ee3c c\u1ea5u t\u1ea1o b\u1edfi hai l\u1edbp . L\u1edbp tr\u00ean l\u00e0 l\u1edbp ch\u1ed1ng t\u0129nh \u0111i\u1ec7n c\u00f3 \u0111\u1ed9 d\u00e0y 2 mm. L\u1edbp th\u1ee9 2 l\u00e0 l\u1edbp truy\u1ec1n d\u1eabn \u0111i\u1ec7n c\u00f3 \u0111\u1ed9 d\u00e0y 1.5 mm) ch\u1ea5t li\u1ec7u \u0111\u00e0n h\u1ed3i .<\/p>\n<p>M\u00e0u: Xanh r\u00eau<\/p>\n<p>Lo\u1ea1i: B\u00f3ng, M\u1edd<\/p>\n<p>K\u00edch th\u01b0\u1edbc: 1m x 10m x 2mm<\/p>\n<p>Ch\u1ed1ng t\u0129nh \u0111i\u1ec7n : 10^6 &#8211; 10^9<\/p>\n<p>Th\u1ea3m \u0111\u01b0\u1ee3c s\u1ea3n xu\u1ea5t kh\u00f4ng g\u00e2y tr\u01b0\u1ee3t. An to\u00e0n cho m\u1ecdi ng\u01b0\u1eddi khi l\u00e0m vi\u1ec7c b\u00ean tr\u00ean.<\/p>\n<p>\u1ee8ng d\u1ee5ng th\u1ea3m ch\u1ed1ng t\u0129nh \u0111i\u1ec7n 1m<br \/>\n\u1ee8ng d\u1ee5ng c\u01a1 b\u1ea3n nh\u1ea5t c\u1ee7a th\u1ea3m cao su ch\u1ed1ng t\u0129nh \u0111i\u1ec7n l\u00e0 kh\u1eed ch\u1ed1ng t\u0129nh \u0111i\u1ec7n .<\/p>\n<p>S\u1eed d\u1ee5ng trong ph\u00f2ng, n\u01a1i l\u00e0m vi\u1ec7c l\u00e0 nh\u1eefng th\u1ea3m b\u00e0n l\u00e0m vi\u1ec7c hay d\u00e2y chuy\u1ec1n ho\u1ea1t \u0111\u1ed9ng. Nh\u1eefng ph\u1ea7n t\u1eed ch\u1ea5t b\u00e1n d\u1eabn, m\u00e1y t\u00ednh \u0111i\u1ec7n t\u1eed, thi\u1ebft b\u1ecb truy\u1ec1n tin, b\u1ea3n vi m\u1ea1ch \u0111i\u1ec7n t\u1eed, ph\u00e2n x\u01b0\u1edfng nh\u00e0 m\u00e1y s\u1ea3n xu\u1ea5t v\u00e0 ph\u00f2ng th\u00ed nghi\u1ec7m.hi\u1ec7n nay vi\u1ec7c \u0111\u1ea3m b\u1ea3o an to\u00e0n trong lao \u0111\u1ed9ng kh\u00f4ng ch\u1ec9 c\u00f2n l\u00e0 v\u1ea5n \u0111\u1ec1 ri\u00eang cho ng\u01b0\u1eddi s\u1ea3n xu\u1ea5t, b\u00ea c\u1ea1nh \u0111\u00f3 nh\u1eefng s\u1ea3n ph\u1ea9m thi\u1ebft b\u1ecb \u0111i\u1ec7n t\u1eed kh\u00f4ng \u0111\u01b0\u1ee3c kh\u1eed t\u0129nh \u0111i\u1ec7n th\u00ec s\u1ebd \u0111\u1ec3 l\u1ea1i h\u1eadu qu\u1ea3 kh\u00f4ng th\u1ec3 n\u00e0o l\u01b0\u1eddng tr\u01b0\u1edbc \u0111\u01b0\u1ee3c.<\/p>\n<p>B\u00ean c\u1ea1nh \u0111\u00f3 c\u00f2n r\u1ea5t nhi\u1ec1u s\u1ea3n ph\u1ea9m c\u00f3 li\u00ean quan t\u1edbi ng\u00e0nh ph\u1ee5 tr\u1ee3 c\u00f4ng nghi\u1ec7p m\u00e0 ch\u00fang t\u00f4i nh\u1eadp kh\u1ea9u v\u00e0 ph\u00e2n ph\u1ed1i nh\u01b0: qu\u1ea7n \u00e1o ch\u1ed1ng t\u0129nh \u0111i\u1ec7n, gh\u1ebf c\u00f4ng nghi\u1ec7p, g\u0103ng tay ph\u00f2ng s\u1ea1ch, gi\u00e0y ph\u00f2ng s\u1ea1ch&#8230;<\/p>\n","protected":false},"excerpt":{"rendered":"<p>&#8211; Ch\u1ea5t li\u1ec7u : Cao su 2 l\u1edbp<br \/>\n&#8211; M\u00e0u: Xanh r\u00eau<br \/>\n&#8211; Lo\u1ea1i: B\u00f3ng, M\u1edd<br \/>\n&#8211; K\u00edch th\u01b0\u1edbc: 1m x 10m x 2mm<br \/>\n&#8211; Ch\u1ed1ng t\u0129nh \u0111i\u1ec7n : 10^6 &#8211; 10^9<br \/>\n&#8211; Th\u1eddi gian: C\u00f3 s\u1eb5n<\/p>\n","protected":false},"featured_media":2101,"comment_status":"open","ping_status":"closed","template":"","meta":[],"product_brand":[],"product_cat":[104],"product_tag":[307,305,317,183,303],"class_list":{"0":"post-2100","1":"product","2":"type-product","3":"status-publish","4":"has-post-thumbnail","6":"product_cat-thiet-bi-phong-sach","7":"product_tag-dien-tu","8":"product_tag-esd","9":"product_tag-tham","10":"product_tag-tham-cao-su-chong-tinh-dien","11":"product_tag-tinh-dien","13":"first","14":"instock","15":"shipping-taxable","16":"product-type-simple"},"yoast_head":"<!-- This site is optimized with the Yoast SEO Premium plugin v25.0 (Yoast SEO v25.2) - https:\/\/yoast.com\/wordpress\/plugins\/seo\/ -->\n<title>Th\u1ea3m cao su ch\u1ed1ng t\u0129nh \u0111i\u1ec7n 1mx10mx2mm - IMRO Vietnam<\/title>\n<meta name=\"robots\" content=\"index, follow, max-snippet:-1, max-image-preview:large, max-video-preview:-1\" \/>\n<link rel=\"canonical\" href=\"https:\/\/imrovietnam.com\/en\/product\/tham-cao-su-chong-tinh-dien-1mx10mx2mm\/\" \/>\n<meta property=\"og:locale\" content=\"en_US\" \/>\n<meta property=\"og:type\" content=\"article\" \/>\n<meta property=\"og:title\" content=\"Th\u1ea3m cao su ch\u1ed1ng t\u0129nh \u0111i\u1ec7n 1mx10mx2mm\" \/>\n<meta property=\"og:description\" content=\"- Ch\u1ea5t li\u1ec7u : Cao su 2 l\u1edbp - M\u00e0u: Xanh r\u00eau - Lo\u1ea1i: B\u00f3ng, M\u1edd - K\u00edch th\u01b0\u1edbc: 1m x 10m x 2mm - Ch\u1ed1ng t\u0129nh \u0111i\u1ec7n : 10^6 - 10^9 - Th\u1eddi gian: C\u00f3 s\u1eb5n\" \/>\n<meta property=\"og:url\" content=\"https:\/\/imrovietnam.com\/en\/product\/tham-cao-su-chong-tinh-dien-1mx10mx2mm\/\" \/>\n<meta property=\"og:site_name\" content=\"IMRO Vietnam\" \/>\n<meta property=\"article:modified_time\" content=\"2021-09-07T09:54:44+00:00\" \/>\n<meta property=\"og:image\" content=\"https:\/\/imrovietnam.com\/wp-content\/uploads\/2021\/08\/Tham-cao-su-chong-tinh-dien.jpg\" \/>\n\t<meta property=\"og:image:width\" content=\"479\" \/>\n\t<meta property=\"og:image:height\" content=\"410\" \/>\n\t<meta property=\"og:image:type\" content=\"image\/jpeg\" \/>\n<meta name=\"twitter:card\" content=\"summary_large_image\" \/>\n<meta name=\"twitter:label1\" content=\"Est. reading time\" \/>\n\t<meta name=\"twitter:data1\" content=\"4 minutes\" \/>\n<script type=\"application\/ld+json\" class=\"yoast-schema-graph\">{\"@context\":\"https:\/\/schema.org\",\"@graph\":[{\"@type\":\"WebPage\",\"@id\":\"https:\/\/imrovietnam.com\/en\/product\/tham-cao-su-chong-tinh-dien-1mx10mx2mm\/\",\"url\":\"https:\/\/imrovietnam.com\/en\/product\/tham-cao-su-chong-tinh-dien-1mx10mx2mm\/\",\"name\":\"Th\u1ea3m cao su ch\u1ed1ng t\u0129nh \u0111i\u1ec7n 1mx10mx2mm - IMRO Vietnam\",\"isPartOf\":{\"@id\":\"https:\/\/imrovietnam.com\/#website\"},\"primaryImageOfPage\":{\"@id\":\"https:\/\/imrovietnam.com\/en\/product\/tham-cao-su-chong-tinh-dien-1mx10mx2mm\/#primaryimage\"},\"image\":{\"@id\":\"https:\/\/imrovietnam.com\/en\/product\/tham-cao-su-chong-tinh-dien-1mx10mx2mm\/#primaryimage\"},\"thumbnailUrl\":\"https:\/\/imrovietnam.com\/wp-content\/uploads\/2021\/08\/Tham-cao-su-chong-tinh-dien.jpg\",\"datePublished\":\"2021-08-21T03:11:49+00:00\",\"dateModified\":\"2021-09-07T09:54:44+00:00\",\"breadcrumb\":{\"@id\":\"https:\/\/imrovietnam.com\/en\/product\/tham-cao-su-chong-tinh-dien-1mx10mx2mm\/#breadcrumb\"},\"inLanguage\":\"en-US\",\"potentialAction\":[{\"@type\":\"ReadAction\",\"target\":[\"https:\/\/imrovietnam.com\/en\/product\/tham-cao-su-chong-tinh-dien-1mx10mx2mm\/\"]}]},{\"@type\":\"ImageObject\",\"inLanguage\":\"en-US\",\"@id\":\"https:\/\/imrovietnam.com\/en\/product\/tham-cao-su-chong-tinh-dien-1mx10mx2mm\/#primaryimage\",\"url\":\"https:\/\/imrovietnam.com\/wp-content\/uploads\/2021\/08\/Tham-cao-su-chong-tinh-dien.jpg\",\"contentUrl\":\"https:\/\/imrovietnam.com\/wp-content\/uploads\/2021\/08\/Tham-cao-su-chong-tinh-dien.jpg\",\"width\":479,\"height\":410},{\"@type\":\"BreadcrumbList\",\"@id\":\"https:\/\/imrovietnam.com\/en\/product\/tham-cao-su-chong-tinh-dien-1mx10mx2mm\/#breadcrumb\",\"itemListElement\":[{\"@type\":\"ListItem\",\"position\":1,\"name\":\"Home\",\"item\":\"https:\/\/imrovietnam.com\/\"},{\"@type\":\"ListItem\",\"position\":2,\"name\":\"S\u1ea3n ph\u1ea9m\",\"item\":\"https:\/\/imrovietnam.com\/shop\/\"},{\"@type\":\"ListItem\",\"position\":3,\"name\":\"Th\u1ea3m cao su ch\u1ed1ng t\u0129nh \u0111i\u1ec7n 1mx10mx2mm\"}]},{\"@type\":\"WebSite\",\"@id\":\"https:\/\/imrovietnam.com\/#website\",\"url\":\"https:\/\/imrovietnam.com\/\",\"name\":\"IMRO Vietnam\",\"description\":\"Your consumables and spare parts store\",\"potentialAction\":[{\"@type\":\"SearchAction\",\"target\":{\"@type\":\"EntryPoint\",\"urlTemplate\":\"https:\/\/imrovietnam.com\/?s={search_term_string}\"},\"query-input\":{\"@type\":\"PropertyValueSpecification\",\"valueRequired\":true,\"valueName\":\"search_term_string\"}}],\"inLanguage\":\"en-US\"}]}<\/script>\n<!-- \/ Yoast SEO Premium plugin. -->","yoast_head_json":{"title":"Th\u1ea3m cao su ch\u1ed1ng t\u0129nh \u0111i\u1ec7n 1mx10mx2mm - IMRO Vietnam","robots":{"index":"index","follow":"follow","max-snippet":"max-snippet:-1","max-image-preview":"max-image-preview:large","max-video-preview":"max-video-preview:-1"},"canonical":"https:\/\/imrovietnam.com\/en\/product\/tham-cao-su-chong-tinh-dien-1mx10mx2mm\/","og_locale":"en_US","og_type":"article","og_title":"Th\u1ea3m cao su ch\u1ed1ng t\u0129nh \u0111i\u1ec7n 1mx10mx2mm","og_description":"- Ch\u1ea5t li\u1ec7u : Cao su 2 l\u1edbp - M\u00e0u: Xanh r\u00eau - Lo\u1ea1i: B\u00f3ng, M\u1edd - K\u00edch th\u01b0\u1edbc: 1m x 10m x 2mm - Ch\u1ed1ng t\u0129nh \u0111i\u1ec7n : 10^6 - 10^9 - Th\u1eddi gian: C\u00f3 s\u1eb5n","og_url":"https:\/\/imrovietnam.com\/en\/product\/tham-cao-su-chong-tinh-dien-1mx10mx2mm\/","og_site_name":"IMRO Vietnam","article_modified_time":"2021-09-07T09:54:44+00:00","og_image":[{"width":479,"height":410,"url":"https:\/\/imrovietnam.com\/wp-content\/uploads\/2021\/08\/Tham-cao-su-chong-tinh-dien.jpg","type":"image\/jpeg"}],"twitter_card":"summary_large_image","twitter_misc":{"Est. reading time":"4 minutes"},"schema":{"@context":"https:\/\/schema.org","@graph":[{"@type":"WebPage","@id":"https:\/\/imrovietnam.com\/en\/product\/tham-cao-su-chong-tinh-dien-1mx10mx2mm\/","url":"https:\/\/imrovietnam.com\/en\/product\/tham-cao-su-chong-tinh-dien-1mx10mx2mm\/","name":"Th\u1ea3m cao su ch\u1ed1ng t\u0129nh \u0111i\u1ec7n 1mx10mx2mm - IMRO Vietnam","isPartOf":{"@id":"https:\/\/imrovietnam.com\/#website"},"primaryImageOfPage":{"@id":"https:\/\/imrovietnam.com\/en\/product\/tham-cao-su-chong-tinh-dien-1mx10mx2mm\/#primaryimage"},"image":{"@id":"https:\/\/imrovietnam.com\/en\/product\/tham-cao-su-chong-tinh-dien-1mx10mx2mm\/#primaryimage"},"thumbnailUrl":"https:\/\/imrovietnam.com\/wp-content\/uploads\/2021\/08\/Tham-cao-su-chong-tinh-dien.jpg","datePublished":"2021-08-21T03:11:49+00:00","dateModified":"2021-09-07T09:54:44+00:00","breadcrumb":{"@id":"https:\/\/imrovietnam.com\/en\/product\/tham-cao-su-chong-tinh-dien-1mx10mx2mm\/#breadcrumb"},"inLanguage":"en-US","potentialAction":[{"@type":"ReadAction","target":["https:\/\/imrovietnam.com\/en\/product\/tham-cao-su-chong-tinh-dien-1mx10mx2mm\/"]}]},{"@type":"ImageObject","inLanguage":"en-US","@id":"https:\/\/imrovietnam.com\/en\/product\/tham-cao-su-chong-tinh-dien-1mx10mx2mm\/#primaryimage","url":"https:\/\/imrovietnam.com\/wp-content\/uploads\/2021\/08\/Tham-cao-su-chong-tinh-dien.jpg","contentUrl":"https:\/\/imrovietnam.com\/wp-content\/uploads\/2021\/08\/Tham-cao-su-chong-tinh-dien.jpg","width":479,"height":410},{"@type":"BreadcrumbList","@id":"https:\/\/imrovietnam.com\/en\/product\/tham-cao-su-chong-tinh-dien-1mx10mx2mm\/#breadcrumb","itemListElement":[{"@type":"ListItem","position":1,"name":"Home","item":"https:\/\/imrovietnam.com\/"},{"@type":"ListItem","position":2,"name":"S\u1ea3n ph\u1ea9m","item":"https:\/\/imrovietnam.com\/shop\/"},{"@type":"ListItem","position":3,"name":"Th\u1ea3m cao su ch\u1ed1ng t\u0129nh \u0111i\u1ec7n 1mx10mx2mm"}]},{"@type":"WebSite","@id":"https:\/\/imrovietnam.com\/#website","url":"https:\/\/imrovietnam.com\/","name":"IMRO Vietnam","description":"Your consumables and spare parts store","potentialAction":[{"@type":"SearchAction","target":{"@type":"EntryPoint","urlTemplate":"https:\/\/imrovietnam.com\/?s={search_term_string}"},"query-input":{"@type":"PropertyValueSpecification","valueRequired":true,"valueName":"search_term_string"}}],"inLanguage":"en-US"}]}},"_links":{"self":[{"href":"https:\/\/imrovietnam.com\/en\/wp-json\/wp\/v2\/product\/2100","targetHints":{"allow":["GET"]}}],"collection":[{"href":"https:\/\/imrovietnam.com\/en\/wp-json\/wp\/v2\/product"}],"about":[{"href":"https:\/\/imrovietnam.com\/en\/wp-json\/wp\/v2\/types\/product"}],"replies":[{"embeddable":true,"href":"https:\/\/imrovietnam.com\/en\/wp-json\/wp\/v2\/comments?post=2100"}],"wp:featuredmedia":[{"embeddable":true,"href":"https:\/\/imrovietnam.com\/en\/wp-json\/wp\/v2\/media\/2101"}],"wp:attachment":[{"href":"https:\/\/imrovietnam.com\/en\/wp-json\/wp\/v2\/media?parent=2100"}],"wp:term":[{"taxonomy":"product_brand","embeddable":true,"href":"https:\/\/imrovietnam.com\/en\/wp-json\/wp\/v2\/product_brand?post=2100"},{"taxonomy":"product_cat","embeddable":true,"href":"https:\/\/imrovietnam.com\/en\/wp-json\/wp\/v2\/product_cat?post=2100"},{"taxonomy":"product_tag","embeddable":true,"href":"https:\/\/imrovietnam.com\/en\/wp-json\/wp\/v2\/product_tag?post=2100"}],"curies":[{"name":"wp","href":"https:\/\/api.w.org\/{rel}","templated":true}]}}