{"id":2097,"date":"2021-08-21T10:06:56","date_gmt":"2021-08-21T03:06:56","guid":{"rendered":"https:\/\/imrovietnam.com\/?post_type=product&#038;p=2097"},"modified":"2021-09-07T16:52:31","modified_gmt":"2021-09-07T09:52:31","slug":"tham-cao-su-chong-tinh-dien-1m2","status":"publish","type":"product","link":"https:\/\/imrovietnam.com\/en\/product\/tham-cao-su-chong-tinh-dien-1m2\/","title":{"rendered":"Th\u1ea3m cao su ch\u1ed1ng t\u0129nh \u0111i\u1ec7n 1m2"},"content":{"rendered":"<p>Th\u1ea3m cao su ch\u1ed1ng t\u0129nh \u0111i\u1ec7n 1,2m<br \/>\nC\u00f4ng vi\u1ec7c t\u00edch \u0111i\u1ec7n t\u0129nh \u0111i\u1ec7n trong qu\u00e1 tr\u00ecnh lao \u0111\u1ed9ng s\u1ea3n xu\u1ea5t l\u00e0 vi\u1ec7c v\u00f4 c\u00f9ng quan tr\u1ecdng. Vi\u1ec7c b\u1ee5i b\u1ea9n do t\u00edch \u0111i\u1ec7n t\u1ea1o n\u00ean s\u1ebd c\u00f3 nh\u01b0ng \u1ea3nh h\u01b0\u1edfng r\u1ea5t x\u1ea5u t\u1edbi ch\u1ea5t l\u01b0\u1ee3ng c\u1ee7a c\u00e1c s\u1ea3n ph\u1ea9m trong c\u00e1c ng\u00e0nh c\u00f4ng nghi\u1ec7p y\u00eau c\u1ea7u cao.<\/p>\n<p>Th\u1ea3m cao su ch\u1ed1ng t\u0129nh \u0111i\u1ec7n 1m2<\/p>\n<p>Song song v\u1edbi \u0111\u00f3 ng\u01b0\u1eddi lao \u0111\u1ed9ng l\u00e0m vi\u1ec7c trong t\u01b0 th\u1ebf \u0111\u1ee9ng trong th\u1eddi gian d\u00e0i, tr\u00ean c\u00e1c b\u1ec1 m\u1eb7t g\u1ea1ch, b\u00ea t\u00f4ng. \u0110i\u1ec1u \u0111\u00f3 c\u00f3 t\u00e1c \u0111\u1ed9ng kh\u00f4ng t\u1ed1t t\u1edbi s\u1ee9c kh\u1ecfe v\u00e0 n\u0103ng su\u1ea5t lao \u0111\u1ed9ng c\u1ee7a c\u00f4ng nh\u00e2n b\u1ecb gi\u1ea3m. B\u00ean c\u1ea1nh c\u00e1c s\u1ea3n ph\u1ea9m l\u00e0 \u0111\u1ed3 b\u1ea3o h\u1ed9 lao \u0111\u1ed9ng th\u00ec c\u00f2n c\u00f3 th\u1ea3m cao su ch\u1ed1ng t\u0129nh \u0111i\u1ec7n l\u00e0 s\u1ea3n ph\u1ea9m ph\u1ee5 tr\u1ee3 \u0111\u1eafc l\u1ef1c cho ng\u00e0nh c\u00f4ng nghi\u1ec7p hi\u1ec7n nay. Do \u0111\u00f3 c\u00f4ng ty ch\u00fang t\u00f4i xin gi\u1edbi thi\u1ec7u s\u1ea3n ph\u1ea9m th\u1ea3m cao su ch\u1ed1ng t\u0129nh \u0111i\u1ec7n. V\u00e0 n\u00f3 c\u00f3 t\u00e1c d\u1ee5ng ch\u1ed1ng t\u0129nh \u0111i\u1ec7n, b\u00e1m b\u1ee5i t\u00edch \u0111i\u1ec7n. IMRO VN l\u00e0 th\u01b0\u01a1ng hi\u1ec7u uy t\u00edn trong cung c\u1ea5p th\u1ea3m cao su ch\u1ed1ng t\u0129nh \u0111i\u1ec7n.<\/p>\n<p>Xem th\u00eam c\u00e1c lo\u1ea1i: Th\u1ea3m cao su<\/p>\n<p><img loading=\"lazy\" decoding=\"async\" class=\"aligncenter wp-image-2098 \" style=\"color: #555555;\" src=\"https:\/\/imrovietnam.com\/wp-content\/uploads\/2021\/08\/Tham-cao-su1.jpg\" alt=\"Th\u1ea3m cao su ch\u1ed1ng t\u0129nh \u0111i\u1ec7n 1m2\" width=\"418\" height=\"366\" srcset=\"https:\/\/imrovietnam.com\/wp-content\/uploads\/2021\/08\/Tham-cao-su1.jpg 478w, https:\/\/imrovietnam.com\/wp-content\/uploads\/2021\/08\/Tham-cao-su1-456x400.jpg 456w\" sizes=\"auto, (max-width: 418px) 100vw, 418px\" \/><\/p>\n<p>C\u1ea5u t\u1ea1o th\u1ea3m cao su ch\u1ed1ng t\u0129nh \u0111i\u1ec7n 1m2<br \/>\n&#8211; Ch\u1ea5t li\u1ec7u : Cao su 2 l\u1edbp ( Th\u1ea3m \u0111\u01b0\u1ee3c c\u1ea5u t\u1ea1o b\u1edfi hai l\u1edbp . L\u1edbp tr\u00ean l\u00e0 l\u1edbp ch\u1ed1ng t\u0129nh \u0111i\u1ec7n c\u00f3 \u0111\u1ed9 d\u00e0y 2 mm. L\u1edbp th\u1ee9 2 l\u00e0 l\u1edbp truy\u1ec1n d\u1eabn \u0111i\u1ec7n c\u00f3 \u0111\u1ed9 d\u00e0y 1.5 mm) ch\u1ea5t li\u1ec7u \u0111\u00e0n h\u1ed3i .<\/p>\n<p>&#8211; M\u00e0u: Xanh r\u00eau<\/p>\n<p>&#8211; Lo\u1ea1i: B\u00f3ng, M\u1edd<\/p>\n<p>&#8211; K\u00edch th\u01b0\u1edbc: 1,2m x 10m x 2mm<\/p>\n<p>&#8211; Ch\u1ed1ng t\u0129nh \u0111i\u1ec7n : 10^6 &#8211; 10^9<\/p>\n<p>Th\u1ea3m cao su ch\u1ed1ng t\u0129nh \u0111i\u1ec7n \u0111\u01b0\u1ee3c s\u1ea3n xu\u1ea5t kh\u00f4ng g\u00e2y tr\u01b0\u1ee3t, an to\u00e0n cho m\u1ecdi ng\u01b0\u1eddi khi l\u00e0m vi\u1ec7c b\u00ean tr\u00ean.<\/p>\n<p>\u1ee8ng d\u1ee5ng th\u1ea3m cao su ch\u1ed1ng t\u0129nh \u0111i\u1ec7n 1m2<\/p>\n<p>Th\u1ea3m cao su ch\u1ed1ng t\u0129nh \u0111i\u1ec7n c\u00f3 r\u1ea5t nhi\u1ec1u \u1ee9ng d\u1ee5ng v\u00e0 \u1ee9ng d\u1ee5ng c\u01a1 b\u1ea3n nh\u1ea5t \u0111\u01b0\u1ee3c nh\u1eafc \u0111\u1ebfn ch\u00ednh l\u00e0 ch\u00f4ng t\u0129nh \u0111i\u1ec7n. Th\u1ea3m cao su ch\u1ed1ng t\u0129nh \u0111i\u1ec7n \u0111\u01b0\u1ee3c s\u1eed d\u1ee5ng trong ph\u00f2ng, n\u01a1i l\u00e0m vi\u1ec7c l\u00e0 nh\u1eefng th\u1ea3m b\u00e0n l\u00e0m vi\u1ec7c hay d\u00e2y chuy\u1ec1n ho\u1ea1t \u0111\u1ed9ng. Nh\u1eefng ph\u1ea7n t\u1eed b\u00e1n d\u1eabn, m\u00e1y t\u00ednh \u0111i\u1ec7n t\u1eed, c\u00e1c linh ki\u1ec7n \u0111i\u1ec7n t\u1eed, thi\u1ebft b\u1ecb truy\u1ec1n tin, b\u1ea3n vi m\u1ea1ch \u0111i\u1ec7n t\u1eed, ph\u00e2n x\u01b0\u1edfng nh\u00e0 m\u00e1y s\u1ea3n xu\u1ea5t hay ph\u00f2ng th\u00ed nghi\u1ec7m.<\/p>\n<p>Hi\u1ec7n nay, vi\u1ec7c \u0111\u1ea3m b\u1ea3o an to\u00e0n v\u1ec1 s\u1ee9c kh\u1ecfe ng\u01b0\u1eddi lao \u0111\u1ed9ng kh\u00f4ng ch\u1ec9 l\u00e0 v\u1ea5n \u0111\u1ec1 ri\u00eang c\u1ee7a t\u1eebng ng\u01b0\u1eddi n\u1eefa m\u00e0 n\u00f3 l\u00e0 v\u1ea5n \u0111\u1ec1 chung c\u1ee7a c\u1ea3 c\u1ed9ng \u0111\u1ed3ng x\u00e3 h\u1ed9i, nh\u1ea5t l\u00e0 nh\u00e0 s\u1ea3n xu\u1ea5t. B\u00ean c\u1ea1nh \u0111\u00f3, nh\u1eefng s\u1ea3n ph\u1ea9m thi\u1ebft b\u1ecb \u0111i\u1ec7n t\u1eed kh\u00f4ng \u0111\u01b0\u1ee3c kh\u1eed t\u0129nh \u0111i\u1ec7n th\u00ec s\u1ebd \u0111\u1ec3 l\u1ea1i h\u1eadu qua kh\u00f4ng th\u1ec3 n\u00e0o t\u01b0\u1edfng t\u01b0\u1ee3ng \u0111\u01b0\u1ee3c.<\/p>\n","protected":false},"excerpt":{"rendered":"<p>Ch\u1ea5t li\u1ec7u : Cao su 2 l\u1edbp<br \/>\nM\u00e0u: Xanh r\u00eau<br \/>\nLo\u1ea1i: B\u00f3ng, M\u1edd<br \/>\nK\u00edch th\u01b0\u1edbc: 1,2m x 10m x 2mm<br \/>\nQuy c\u00e1ch: 1 Cu\u1ed9n \/ h\u1ed9p<\/p>\n","protected":false},"featured_media":2098,"comment_status":"open","ping_status":"closed","template":"","meta":[],"product_brand":[],"product_cat":[104],"product_tag":[182],"class_list":{"0":"post-2097","1":"product","2":"type-product","3":"status-publish","4":"has-post-thumbnail","6":"product_cat-thiet-bi-phong-sach","7":"product_tag-tham-cao-su-tinh-dien","9":"first","10":"instock","11":"shipping-taxable","12":"product-type-simple"},"yoast_head":"<!-- This site is optimized with the Yoast SEO Premium plugin v25.0 (Yoast SEO v25.2) - https:\/\/yoast.com\/wordpress\/plugins\/seo\/ -->\n<title>Th\u1ea3m cao su ch\u1ed1ng t\u0129nh \u0111i\u1ec7n 1m2 - IMRO Vietnam<\/title>\n<meta name=\"robots\" content=\"index, follow, max-snippet:-1, max-image-preview:large, max-video-preview:-1\" \/>\n<link rel=\"canonical\" href=\"https:\/\/imrovietnam.com\/en\/product\/tham-cao-su-chong-tinh-dien-1m2\/\" \/>\n<meta property=\"og:locale\" content=\"en_US\" \/>\n<meta property=\"og:type\" content=\"article\" \/>\n<meta property=\"og:title\" content=\"Th\u1ea3m cao su ch\u1ed1ng t\u0129nh \u0111i\u1ec7n 1m2\" \/>\n<meta property=\"og:description\" content=\"Ch\u1ea5t li\u1ec7u : Cao su 2 l\u1edbp M\u00e0u: Xanh r\u00eau Lo\u1ea1i: B\u00f3ng, M\u1edd K\u00edch th\u01b0\u1edbc: 1,2m x 10m x 2mm Quy c\u00e1ch: 1 Cu\u1ed9n \/ h\u1ed9p\" \/>\n<meta property=\"og:url\" content=\"https:\/\/imrovietnam.com\/en\/product\/tham-cao-su-chong-tinh-dien-1m2\/\" \/>\n<meta property=\"og:site_name\" content=\"IMRO Vietnam\" \/>\n<meta property=\"article:modified_time\" content=\"2021-09-07T09:52:31+00:00\" \/>\n<meta property=\"og:image\" content=\"https:\/\/imrovietnam.com\/wp-content\/uploads\/2021\/08\/Tham-cao-su1.jpg\" \/>\n\t<meta property=\"og:image:width\" content=\"478\" \/>\n\t<meta property=\"og:image:height\" content=\"419\" \/>\n\t<meta property=\"og:image:type\" content=\"image\/jpeg\" \/>\n<meta name=\"twitter:card\" content=\"summary_large_image\" \/>\n<meta name=\"twitter:label1\" content=\"Est. reading time\" \/>\n\t<meta name=\"twitter:data1\" content=\"4 minutes\" \/>\n<script type=\"application\/ld+json\" class=\"yoast-schema-graph\">{\"@context\":\"https:\/\/schema.org\",\"@graph\":[{\"@type\":\"WebPage\",\"@id\":\"https:\/\/imrovietnam.com\/en\/product\/tham-cao-su-chong-tinh-dien-1m2\/\",\"url\":\"https:\/\/imrovietnam.com\/en\/product\/tham-cao-su-chong-tinh-dien-1m2\/\",\"name\":\"Th\u1ea3m cao su ch\u1ed1ng t\u0129nh \u0111i\u1ec7n 1m2 - IMRO Vietnam\",\"isPartOf\":{\"@id\":\"https:\/\/imrovietnam.com\/#website\"},\"primaryImageOfPage\":{\"@id\":\"https:\/\/imrovietnam.com\/en\/product\/tham-cao-su-chong-tinh-dien-1m2\/#primaryimage\"},\"image\":{\"@id\":\"https:\/\/imrovietnam.com\/en\/product\/tham-cao-su-chong-tinh-dien-1m2\/#primaryimage\"},\"thumbnailUrl\":\"https:\/\/imrovietnam.com\/wp-content\/uploads\/2021\/08\/Tham-cao-su1.jpg\",\"datePublished\":\"2021-08-21T03:06:56+00:00\",\"dateModified\":\"2021-09-07T09:52:31+00:00\",\"breadcrumb\":{\"@id\":\"https:\/\/imrovietnam.com\/en\/product\/tham-cao-su-chong-tinh-dien-1m2\/#breadcrumb\"},\"inLanguage\":\"en-US\",\"potentialAction\":[{\"@type\":\"ReadAction\",\"target\":[\"https:\/\/imrovietnam.com\/en\/product\/tham-cao-su-chong-tinh-dien-1m2\/\"]}]},{\"@type\":\"ImageObject\",\"inLanguage\":\"en-US\",\"@id\":\"https:\/\/imrovietnam.com\/en\/product\/tham-cao-su-chong-tinh-dien-1m2\/#primaryimage\",\"url\":\"https:\/\/imrovietnam.com\/wp-content\/uploads\/2021\/08\/Tham-cao-su1.jpg\",\"contentUrl\":\"https:\/\/imrovietnam.com\/wp-content\/uploads\/2021\/08\/Tham-cao-su1.jpg\",\"width\":478,\"height\":419,\"caption\":\"Th\u1ea3m cao su\"},{\"@type\":\"BreadcrumbList\",\"@id\":\"https:\/\/imrovietnam.com\/en\/product\/tham-cao-su-chong-tinh-dien-1m2\/#breadcrumb\",\"itemListElement\":[{\"@type\":\"ListItem\",\"position\":1,\"name\":\"Home\",\"item\":\"https:\/\/imrovietnam.com\/\"},{\"@type\":\"ListItem\",\"position\":2,\"name\":\"S\u1ea3n ph\u1ea9m\",\"item\":\"https:\/\/imrovietnam.com\/shop\/\"},{\"@type\":\"ListItem\",\"position\":3,\"name\":\"Th\u1ea3m cao su ch\u1ed1ng t\u0129nh \u0111i\u1ec7n 1m2\"}]},{\"@type\":\"WebSite\",\"@id\":\"https:\/\/imrovietnam.com\/#website\",\"url\":\"https:\/\/imrovietnam.com\/\",\"name\":\"IMRO Vietnam\",\"description\":\"Your consumables and spare parts store\",\"potentialAction\":[{\"@type\":\"SearchAction\",\"target\":{\"@type\":\"EntryPoint\",\"urlTemplate\":\"https:\/\/imrovietnam.com\/?s={search_term_string}\"},\"query-input\":{\"@type\":\"PropertyValueSpecification\",\"valueRequired\":true,\"valueName\":\"search_term_string\"}}],\"inLanguage\":\"en-US\"}]}<\/script>\n<!-- \/ Yoast SEO Premium plugin. -->","yoast_head_json":{"title":"Th\u1ea3m cao su ch\u1ed1ng t\u0129nh \u0111i\u1ec7n 1m2 - IMRO Vietnam","robots":{"index":"index","follow":"follow","max-snippet":"max-snippet:-1","max-image-preview":"max-image-preview:large","max-video-preview":"max-video-preview:-1"},"canonical":"https:\/\/imrovietnam.com\/en\/product\/tham-cao-su-chong-tinh-dien-1m2\/","og_locale":"en_US","og_type":"article","og_title":"Th\u1ea3m cao su ch\u1ed1ng t\u0129nh \u0111i\u1ec7n 1m2","og_description":"Ch\u1ea5t li\u1ec7u : Cao su 2 l\u1edbp M\u00e0u: Xanh r\u00eau Lo\u1ea1i: B\u00f3ng, M\u1edd K\u00edch th\u01b0\u1edbc: 1,2m x 10m x 2mm Quy c\u00e1ch: 1 Cu\u1ed9n \/ h\u1ed9p","og_url":"https:\/\/imrovietnam.com\/en\/product\/tham-cao-su-chong-tinh-dien-1m2\/","og_site_name":"IMRO Vietnam","article_modified_time":"2021-09-07T09:52:31+00:00","og_image":[{"width":478,"height":419,"url":"https:\/\/imrovietnam.com\/wp-content\/uploads\/2021\/08\/Tham-cao-su1.jpg","type":"image\/jpeg"}],"twitter_card":"summary_large_image","twitter_misc":{"Est. reading time":"4 minutes"},"schema":{"@context":"https:\/\/schema.org","@graph":[{"@type":"WebPage","@id":"https:\/\/imrovietnam.com\/en\/product\/tham-cao-su-chong-tinh-dien-1m2\/","url":"https:\/\/imrovietnam.com\/en\/product\/tham-cao-su-chong-tinh-dien-1m2\/","name":"Th\u1ea3m cao su ch\u1ed1ng t\u0129nh \u0111i\u1ec7n 1m2 - IMRO Vietnam","isPartOf":{"@id":"https:\/\/imrovietnam.com\/#website"},"primaryImageOfPage":{"@id":"https:\/\/imrovietnam.com\/en\/product\/tham-cao-su-chong-tinh-dien-1m2\/#primaryimage"},"image":{"@id":"https:\/\/imrovietnam.com\/en\/product\/tham-cao-su-chong-tinh-dien-1m2\/#primaryimage"},"thumbnailUrl":"https:\/\/imrovietnam.com\/wp-content\/uploads\/2021\/08\/Tham-cao-su1.jpg","datePublished":"2021-08-21T03:06:56+00:00","dateModified":"2021-09-07T09:52:31+00:00","breadcrumb":{"@id":"https:\/\/imrovietnam.com\/en\/product\/tham-cao-su-chong-tinh-dien-1m2\/#breadcrumb"},"inLanguage":"en-US","potentialAction":[{"@type":"ReadAction","target":["https:\/\/imrovietnam.com\/en\/product\/tham-cao-su-chong-tinh-dien-1m2\/"]}]},{"@type":"ImageObject","inLanguage":"en-US","@id":"https:\/\/imrovietnam.com\/en\/product\/tham-cao-su-chong-tinh-dien-1m2\/#primaryimage","url":"https:\/\/imrovietnam.com\/wp-content\/uploads\/2021\/08\/Tham-cao-su1.jpg","contentUrl":"https:\/\/imrovietnam.com\/wp-content\/uploads\/2021\/08\/Tham-cao-su1.jpg","width":478,"height":419,"caption":"Th\u1ea3m cao su"},{"@type":"BreadcrumbList","@id":"https:\/\/imrovietnam.com\/en\/product\/tham-cao-su-chong-tinh-dien-1m2\/#breadcrumb","itemListElement":[{"@type":"ListItem","position":1,"name":"Home","item":"https:\/\/imrovietnam.com\/"},{"@type":"ListItem","position":2,"name":"S\u1ea3n ph\u1ea9m","item":"https:\/\/imrovietnam.com\/shop\/"},{"@type":"ListItem","position":3,"name":"Th\u1ea3m cao su ch\u1ed1ng t\u0129nh \u0111i\u1ec7n 1m2"}]},{"@type":"WebSite","@id":"https:\/\/imrovietnam.com\/#website","url":"https:\/\/imrovietnam.com\/","name":"IMRO Vietnam","description":"Your consumables and spare parts store","potentialAction":[{"@type":"SearchAction","target":{"@type":"EntryPoint","urlTemplate":"https:\/\/imrovietnam.com\/?s={search_term_string}"},"query-input":{"@type":"PropertyValueSpecification","valueRequired":true,"valueName":"search_term_string"}}],"inLanguage":"en-US"}]}},"_links":{"self":[{"href":"https:\/\/imrovietnam.com\/en\/wp-json\/wp\/v2\/product\/2097","targetHints":{"allow":["GET"]}}],"collection":[{"href":"https:\/\/imrovietnam.com\/en\/wp-json\/wp\/v2\/product"}],"about":[{"href":"https:\/\/imrovietnam.com\/en\/wp-json\/wp\/v2\/types\/product"}],"replies":[{"embeddable":true,"href":"https:\/\/imrovietnam.com\/en\/wp-json\/wp\/v2\/comments?post=2097"}],"wp:featuredmedia":[{"embeddable":true,"href":"https:\/\/imrovietnam.com\/en\/wp-json\/wp\/v2\/media\/2098"}],"wp:attachment":[{"href":"https:\/\/imrovietnam.com\/en\/wp-json\/wp\/v2\/media?parent=2097"}],"wp:term":[{"taxonomy":"product_brand","embeddable":true,"href":"https:\/\/imrovietnam.com\/en\/wp-json\/wp\/v2\/product_brand?post=2097"},{"taxonomy":"product_cat","embeddable":true,"href":"https:\/\/imrovietnam.com\/en\/wp-json\/wp\/v2\/product_cat?post=2097"},{"taxonomy":"product_tag","embeddable":true,"href":"https:\/\/imrovietnam.com\/en\/wp-json\/wp\/v2\/product_tag?post=2097"}],"curies":[{"name":"wp","href":"https:\/\/api.w.org\/{rel}","templated":true}]}}