{"id":2077,"date":"2021-08-11T11:45:53","date_gmt":"2021-08-11T04:45:53","guid":{"rendered":"https:\/\/imrovietnam.com\/?post_type=product&#038;p=2077"},"modified":"2021-09-07T14:27:55","modified_gmt":"2021-09-07T07:27:55","slug":"english-ghe-chong-tinh-dien-khong-tua-mat-tron","status":"publish","type":"product","link":"https:\/\/imrovietnam.com\/en\/product\/english-ghe-chong-tinh-dien-khong-tua-mat-tron\/","title":{"rendered":"Gh\u1ebf ch\u1ed1ng t\u0129nh \u0111i\u1ec7n kh\u00f4ng t\u1ef1a m\u1eb7t tr\u00f2n"},"content":{"rendered":"<ul>\n<li>Vi\u1ec7t Nam v\u1edbi c\u00e1c khu c\u00f4ng nghi\u1ec7p ng\u00e0y c\u00e0ng ph\u00e1t tri\u1ec3n, trong \u0111\u00f3 t\u0129nh \u0111i\u1ec7n l\u1ea1i l\u00e0 m\u1ed9t v\u1ea5n \u0111\u1ec1 l\u1edbn trong m\u00f4i tr\u01b0\u1eddng l\u00e0m vi\u1ec7c v\u00e0 s\u1ea3n xu\u1ea5t. Ng\u00e0nh b\u1ea3o h\u1ed9 lao \u0111\u1ed9ng\u00a0v\u1edbi s\u1ef1 ra \u0111\u1eddi c\u1ee7a\u00a0<strong>Gh\u1ebf\u00a0 ch\u1ed1ng t\u0129nh \u0111i\u1ec7n\u00a0<\/strong>c\u00f3 \u1ea3nh h\u01b0\u1edbng kh\u00f4ng h\u1ec1 nh\u1ecf \u0111\u1ebfn ch\u1ed1ng t\u0129nh \u0111i\u1ec7n trong c\u00e1c khu c\u00f4ng nghi\u1ec7p hi\u1ec7n nay.<img loading=\"lazy\" decoding=\"async\" class=\"aligncenter wp-image-2078 size-full\" src=\"https:\/\/imrovietnam.com\/wp-content\/uploads\/2021\/08\/ghe-esd-11.jpg\" alt=\"Gh\u1ebf ch\u1ed1ng t\u0129nh \u0111i\u1ec7n kh\u00f4ng t\u1ef1a m\u1eb7t tr\u00f2n\" width=\"603\" height=\"526\" srcset=\"https:\/\/imrovietnam.com\/wp-content\/uploads\/2021\/08\/ghe-esd-11.jpg 603w, https:\/\/imrovietnam.com\/wp-content\/uploads\/2021\/08\/ghe-esd-11-459x400.jpg 459w, https:\/\/imrovietnam.com\/wp-content\/uploads\/2021\/08\/ghe-esd-11-510x445.jpg 510w\" sizes=\"auto, (max-width: 603px) 100vw, 603px\" \/>\n<p align=\"center\"><em>Gh\u1ebf ch\u1ed1ng t\u0129nh \u0111i\u1ec7n kh\u00f4ng t\u1ef1a m\u1eb7t tr\u00f2n<\/em><\/p>\n<p>&#8211;\u00a0\u00a0\u00a0\u00a0\u00a0\u00a0\u00a0\u00a0 S\u1ea3n ph\u1ea9m \u0111\u01b0\u1ee3c thi\u1ebft k\u1ebf v\u1edbi th\u00e2n v\u00e0 ph\u1ea7n ch\u00e2n khung th\u00e9p m\u1ea1 crom s\u00e1ng b\u00f3ng, b\u1ec1n b\u1ec9 mang c\u1ea3m gi\u00e1c kh\u1ecfe kho\u1eafn. M\u1eb7t gh\u1ebf tr\u00f2n, ch\u1ea5t li\u1ec7u da PU m\u1ec1m m\u1ea1i m\u00e0u \u0111en, b\u1ecdc l\u1edbp m\u00fat b\u00ean trong t\u1ea1o \u0111\u1ed9 \u00eam \u00e1i cho ng\u01b0\u1eddi ng\u1ed3i. Ch\u1ea5t li\u1ec7u da PU b\u1ec1n \u0111\u1eb9p, d\u1ec5 d\u00e0ng v\u1ec7 sinh lau ch\u00f9i.<\/p>\n<p>&#8211;\u00a0\u00a0\u00a0\u00a0\u00a0\u00a0\u00a0\u00a0 M\u1eb7t gh\u1ebf \u00a0PVC ch\u1ea5t li\u1ec7u gi\u1ea3 da ch\u1ed1ng t\u0129nh \u0111i\u1ec7n c\u1ef1c k\u1ef3 t\u1ed1t, b\u00ean c\u1ea1nh \u0111\u00f3 ng\u01b0\u1eddi ng\u1ed3i mang l\u1ea1i c\u1ea3m gi\u00e1c kh\u00f4ng \u00ea m\u1ecfi.<\/p>\n<p>&#8211;\u00a0\u00a0\u00a0\u00a0\u00a0\u00a0\u00a0\u00a0 S\u1ee9c b\u1ec1n b\u1ec1 m\u1eb7t c\u1ee7a\u00a0<em>gh\u1ebf xoay ch\u1ed1ng t\u0129nh \u0111i\u1ec7n<\/em>: 10^6 ~ 10^9 \u03a9<\/p>\n<p>&#8211;\u00a0\u00a0\u00a0\u00a0\u00a0\u00a0\u00a0\u00a0 Ch\u00e2n gh\u1ebf 5 nh\u00e1nh ch\u1ed1ng g\u1ec9 s\u00e9t v\u00e0 b\u00e1m b\u1ee5i.<\/p>\n<p>&#8211;\u00a0\u00a0\u00a0\u00a0\u00a0\u00a0\u00a0\u00a0 S\u1ea3n ph\u1ea9m c\u00f3 2 lo\u1ea1i b\u00e1nh xe ch\u1ed1ng t\u0129nh \u0111i\u1ec7n, ho\u1eb7c lo\u1ea1i ch\u00e2n gh\u1ebf c\u1ed1 \u0111\u1ecbnh.<\/p>\n<p>&#8211;\u00a0\u00a0\u00a0\u00a0\u00a0\u00a0\u00a0\u00a0 C\u1ea5u t\u1ea1o:\u00a0 G\u1ed3m m\u1eb7t gh\u1ebf \u03a6360mm,tr\u1ee5c \u0111i\u1ec1u ch\u1ec9nh \u0111\u1ed9 cao trong kho\u1ea3ng 440mm- 580mm<\/p>\n<p>&#8211;\u00a0\u00a0\u00a0\u00a0\u00a0\u00a0\u00a0\u00a0 S\u1eed d\u1ee5ng l\u1ef1c \u0111\u1ea9y c\u1ee7a kh\u00ed n\u00e9n khi sinh c\u00f4ng kh\u00f4ng g\u00e2y h\u1ea1i cho m\u00f4i tr\u01b0\u1eddng l\u00e0m vi\u1ec7c.<\/p>\n<p>&#8211;\u00a0\u00a0\u00a0\u00a0\u00a0\u00a0\u00a0<strong>Gh\u1ebf xoay ch\u1ed1ng t\u0129nh \u0111i\u1ec7n <\/strong>\u0111\u01b0\u1ee3c s\u1eed d\u1ee5ng trong nhi\u1ec1u m\u00f4i tr\u01b0\u1eddng l\u00e0m vi\u1ec7c kh\u00e1c nhau, \u0111\u1ea1t y\u00eau c\u1ea7u cao v\u1ec1 \u0111\u1ed9 ch\u1ed1ng t\u0129nh \u0111i\u1ec7n.<\/p>\n<p>\u0110\u1ebfn v\u1edbi c\u00f4ng ty TNHH IMRO b\u1ea1n s\u1ebd \u0111\u01b0\u1ee3c l\u1ef1a ch\u1ecdn nhi\u1ec1u s\u1ea3n ph\u1ea9m <strong>gh\u1ebf ch\u1ed1ng t\u0129nh \u0111i\u1ec7n<\/strong>\u00a0v\u1edbi m\u1eabu m\u00e3 kh\u00e1c nhau, gi\u00e1 c\u1ea3 c\u1ea1nh tranh t\u1ed1t nh\u1ea5t cho ng\u01b0\u1eddi ti\u00eau d\u00f9ng. Ngo\u00e0i ra ch\u00fang t\u00f4i c\u00f2n nh\u1eadn \u0111\u1eb7t c\u00e1c lo\u1ea1i\u00a0<em>gh\u1ebf ch\u1ed1ng t\u0129nh \u0111i\u1ec7n<\/em>\u00a0theo y\u00eau c\u1ea7u \u0111\u1eb7c bi\u1ec7t c\u1ee7a qu\u00fd kh\u00e1ch h\u00e0ng.<\/p>\n<p>Tr\u1ee5c gh\u1ebf ch\u1ea5t li\u1ec7u inox b\u1ec1n, b\u00f3ng lo\u00e1ng t\u1ea1o v\u1ebb \u0111\u1eb9p b\u1ec1 ngo\u00e0i cho gh\u1ebf. Ch\u1ea5t li\u1ec7u b\u1eb1ng inox ch\u1ed1ng g\u1ec9,m\u00f2n t\u0103ng tu\u1ed5i th\u1ecd s\u1eed d\u1ee5ng c\u1ee7a chi\u1ebfc gh\u1ebf l\u00ean cao h\u01a1n so v\u1edbi c\u00e1c lo\u1ea1i ch\u1ea5t li\u1ec7u kh\u00e1c. \u0110i\u1ec1u ch\u1ec9nh \u0111\u1ed9 cao 140mm b\u1eb1ng \u0111i\u1ec1u ch\u1ec9nh kh\u00ed n\u00e9n.<\/p>\n<p>Ch\u00e2n gh\u1ebf l\u00e0 lo\u1ea1i c\u00f3 th\u1ebf k\u1ebf g\u1eafn b\u00e1nh xe l\u0103n, gi\u00fap cho ng\u01b0\u1eddi s\u1eed d\u1ee5ng c\u00f3 th\u1ec3 d\u1ec5 d\u00e0ng di chuy\u1ec3n \u0111i c\u00e1c v\u1ecb tr\u00ed kh\u00e1c nhau \u0111\u1ec3 c\u00f3 th\u1ec3 \u0111\u1ea1t \u0111\u01b0\u1ee3c s\u1ef1 tho\u1ea3i m\u00e1i v\u00e0 hi\u1ec7u qu\u1ea3 trong c\u00f4ng vi\u1ec7c.<\/li>\n<\/ul>","protected":false},"excerpt":{"rendered":"<p>&#8211; Ch\u1ea5t li\u1ec7u: Da Pu m\u1ec1m m\u1ea1i<\/p>\n<p><a rel=\"nofollow href=\">&#8211; M\u00e0u s\u1eafc gh\u1ebf: \u0110en<\/a><\/p>\n<p><a rel=\"nofollow href=\">&#8211; K\u00edch th\u01b0\u1edbc: 440mm &#8211; 580mm<\/a><\/p>\n<p><a rel=\"nofollow href=\">&#8211; Ch\u1ed1ng t\u0129nh \u0111i\u1ec7n : 10^6 -10^9 ohm<\/a><\/p>\n<p><a rel=\"nofollow href=\">&#8211; \u0110\u00f3ng g\u00f3i: Theo y\u00eau c\u1ea7u<\/a><\/p>\n<p><a rel=\"nofollow href=\">&#8211; C\u1ea5u t\u1ea1o: Kh\u00f4ng t\u1ef1a, m\u1eb7t tr\u00f2n xoay<\/a><\/p>\n<p><a rel=\"nofollow href=\">&#8211; Th\u1eddi gian: Tu\u1ef3 theo \u0111\u01a1n h\u00e0ng<\/a><\/p>\n","protected":false},"featured_media":2080,"comment_status":"open","ping_status":"closed","template":"","meta":[],"product_brand":[],"product_cat":[104],"product_tag":[307,305,302,181,306,324,304],"class_list":{"0":"post-2077","1":"product","2":"type-product","3":"status-publish","4":"has-post-thumbnail","6":"product_cat-thiet-bi-phong-sach","7":"product_tag-dien-tu","8":"product_tag-esd","9":"product_tag-ghe","10":"product_tag-ghe-chong-tinh-dien","11":"product_tag-phong-sach","12":"product_tag-tron","13":"product_tag-xoay","15":"first","16":"instock","17":"shipping-taxable","18":"product-type-simple"},"yoast_head":"<!-- This site is optimized with the Yoast SEO Premium plugin v25.0 (Yoast SEO v25.2) - https:\/\/yoast.com\/wordpress\/plugins\/seo\/ -->\n<title>Gh\u1ebf ch\u1ed1ng t\u0129nh \u0111i\u1ec7n kh\u00f4ng t\u1ef1a m\u1eb7t tr\u00f2n - IMRO Vietnam<\/title>\n<meta name=\"robots\" content=\"index, follow, max-snippet:-1, max-image-preview:large, max-video-preview:-1\" \/>\n<link rel=\"canonical\" href=\"https:\/\/imrovietnam.com\/en\/product\/english-ghe-chong-tinh-dien-khong-tua-mat-tron\/\" \/>\n<meta property=\"og:locale\" content=\"en_US\" \/>\n<meta property=\"og:type\" content=\"article\" \/>\n<meta property=\"og:title\" content=\"Gh\u1ebf ch\u1ed1ng t\u0129nh \u0111i\u1ec7n kh\u00f4ng t\u1ef1a m\u1eb7t tr\u00f2n\" \/>\n<meta property=\"og:description\" content=\"- Ch\u1ea5t li\u1ec7u: Da Pu m\u1ec1m m\u1ea1i  - M\u00e0u s\u1eafc gh\u1ebf: \u0110en  - K\u00edch th\u01b0\u1edbc: 440mm - 580mm  - Ch\u1ed1ng t\u0129nh \u0111i\u1ec7n : 10^6 -10^9 ohm  - \u0110\u00f3ng g\u00f3i: Theo y\u00eau c\u1ea7u  - C\u1ea5u t\u1ea1o: Kh\u00f4ng t\u1ef1a, m\u1eb7t tr\u00f2n xoay  - Th\u1eddi gian: Tu\u1ef3 theo \u0111\u01a1n h\u00e0ng\" \/>\n<meta property=\"og:url\" content=\"https:\/\/imrovietnam.com\/en\/product\/english-ghe-chong-tinh-dien-khong-tua-mat-tron\/\" \/>\n<meta property=\"og:site_name\" content=\"IMRO Vietnam\" \/>\n<meta property=\"article:modified_time\" content=\"2021-09-07T07:27:55+00:00\" \/>\n<meta property=\"og:image\" content=\"https:\/\/imrovietnam.com\/wp-content\/uploads\/2021\/08\/ghe-esd-11-1.jpg\" \/>\n\t<meta property=\"og:image:width\" content=\"598\" \/>\n\t<meta property=\"og:image:height\" content=\"529\" \/>\n\t<meta property=\"og:image:type\" content=\"image\/jpeg\" \/>\n<meta name=\"twitter:card\" content=\"summary_large_image\" \/>\n<meta name=\"twitter:label1\" content=\"Est. reading time\" \/>\n\t<meta name=\"twitter:data1\" content=\"6 minutes\" \/>\n<script type=\"application\/ld+json\" class=\"yoast-schema-graph\">{\"@context\":\"https:\/\/schema.org\",\"@graph\":[{\"@type\":\"WebPage\",\"@id\":\"https:\/\/imrovietnam.com\/en\/product\/english-ghe-chong-tinh-dien-khong-tua-mat-tron\/\",\"url\":\"https:\/\/imrovietnam.com\/en\/product\/english-ghe-chong-tinh-dien-khong-tua-mat-tron\/\",\"name\":\"Gh\u1ebf ch\u1ed1ng t\u0129nh \u0111i\u1ec7n kh\u00f4ng t\u1ef1a m\u1eb7t tr\u00f2n - IMRO Vietnam\",\"isPartOf\":{\"@id\":\"https:\/\/imrovietnam.com\/#website\"},\"primaryImageOfPage\":{\"@id\":\"https:\/\/imrovietnam.com\/en\/product\/english-ghe-chong-tinh-dien-khong-tua-mat-tron\/#primaryimage\"},\"image\":{\"@id\":\"https:\/\/imrovietnam.com\/en\/product\/english-ghe-chong-tinh-dien-khong-tua-mat-tron\/#primaryimage\"},\"thumbnailUrl\":\"https:\/\/imrovietnam.com\/wp-content\/uploads\/2021\/08\/ghe-esd-11-1.jpg\",\"datePublished\":\"2021-08-11T04:45:53+00:00\",\"dateModified\":\"2021-09-07T07:27:55+00:00\",\"breadcrumb\":{\"@id\":\"https:\/\/imrovietnam.com\/en\/product\/english-ghe-chong-tinh-dien-khong-tua-mat-tron\/#breadcrumb\"},\"inLanguage\":\"en-US\",\"potentialAction\":[{\"@type\":\"ReadAction\",\"target\":[\"https:\/\/imrovietnam.com\/en\/product\/english-ghe-chong-tinh-dien-khong-tua-mat-tron\/\"]}]},{\"@type\":\"ImageObject\",\"inLanguage\":\"en-US\",\"@id\":\"https:\/\/imrovietnam.com\/en\/product\/english-ghe-chong-tinh-dien-khong-tua-mat-tron\/#primaryimage\",\"url\":\"https:\/\/imrovietnam.com\/wp-content\/uploads\/2021\/08\/ghe-esd-11-1.jpg\",\"contentUrl\":\"https:\/\/imrovietnam.com\/wp-content\/uploads\/2021\/08\/ghe-esd-11-1.jpg\",\"width\":598,\"height\":529},{\"@type\":\"BreadcrumbList\",\"@id\":\"https:\/\/imrovietnam.com\/en\/product\/english-ghe-chong-tinh-dien-khong-tua-mat-tron\/#breadcrumb\",\"itemListElement\":[{\"@type\":\"ListItem\",\"position\":1,\"name\":\"Home\",\"item\":\"https:\/\/imrovietnam.com\/\"},{\"@type\":\"ListItem\",\"position\":2,\"name\":\"S\u1ea3n ph\u1ea9m\",\"item\":\"https:\/\/imrovietnam.com\/shop\/\"},{\"@type\":\"ListItem\",\"position\":3,\"name\":\"Gh\u1ebf ch\u1ed1ng t\u0129nh \u0111i\u1ec7n kh\u00f4ng t\u1ef1a m\u1eb7t tr\u00f2n\"}]},{\"@type\":\"WebSite\",\"@id\":\"https:\/\/imrovietnam.com\/#website\",\"url\":\"https:\/\/imrovietnam.com\/\",\"name\":\"IMRO Vietnam\",\"description\":\"Your consumables and spare parts store\",\"potentialAction\":[{\"@type\":\"SearchAction\",\"target\":{\"@type\":\"EntryPoint\",\"urlTemplate\":\"https:\/\/imrovietnam.com\/?s={search_term_string}\"},\"query-input\":{\"@type\":\"PropertyValueSpecification\",\"valueRequired\":true,\"valueName\":\"search_term_string\"}}],\"inLanguage\":\"en-US\"}]}<\/script>\n<!-- \/ Yoast SEO Premium plugin. -->","yoast_head_json":{"title":"Gh\u1ebf ch\u1ed1ng t\u0129nh \u0111i\u1ec7n kh\u00f4ng t\u1ef1a m\u1eb7t tr\u00f2n - IMRO Vietnam","robots":{"index":"index","follow":"follow","max-snippet":"max-snippet:-1","max-image-preview":"max-image-preview:large","max-video-preview":"max-video-preview:-1"},"canonical":"https:\/\/imrovietnam.com\/en\/product\/english-ghe-chong-tinh-dien-khong-tua-mat-tron\/","og_locale":"en_US","og_type":"article","og_title":"Gh\u1ebf ch\u1ed1ng t\u0129nh \u0111i\u1ec7n kh\u00f4ng t\u1ef1a m\u1eb7t tr\u00f2n","og_description":"- Ch\u1ea5t li\u1ec7u: Da Pu m\u1ec1m m\u1ea1i  - M\u00e0u s\u1eafc gh\u1ebf: \u0110en  - K\u00edch th\u01b0\u1edbc: 440mm - 580mm  - Ch\u1ed1ng t\u0129nh \u0111i\u1ec7n : 10^6 -10^9 ohm  - \u0110\u00f3ng g\u00f3i: Theo y\u00eau c\u1ea7u  - C\u1ea5u t\u1ea1o: Kh\u00f4ng t\u1ef1a, m\u1eb7t tr\u00f2n xoay  - Th\u1eddi gian: Tu\u1ef3 theo \u0111\u01a1n h\u00e0ng","og_url":"https:\/\/imrovietnam.com\/en\/product\/english-ghe-chong-tinh-dien-khong-tua-mat-tron\/","og_site_name":"IMRO Vietnam","article_modified_time":"2021-09-07T07:27:55+00:00","og_image":[{"width":598,"height":529,"url":"https:\/\/imrovietnam.com\/wp-content\/uploads\/2021\/08\/ghe-esd-11-1.jpg","type":"image\/jpeg"}],"twitter_card":"summary_large_image","twitter_misc":{"Est. reading time":"6 minutes"},"schema":{"@context":"https:\/\/schema.org","@graph":[{"@type":"WebPage","@id":"https:\/\/imrovietnam.com\/en\/product\/english-ghe-chong-tinh-dien-khong-tua-mat-tron\/","url":"https:\/\/imrovietnam.com\/en\/product\/english-ghe-chong-tinh-dien-khong-tua-mat-tron\/","name":"Gh\u1ebf ch\u1ed1ng t\u0129nh \u0111i\u1ec7n kh\u00f4ng t\u1ef1a m\u1eb7t tr\u00f2n - IMRO Vietnam","isPartOf":{"@id":"https:\/\/imrovietnam.com\/#website"},"primaryImageOfPage":{"@id":"https:\/\/imrovietnam.com\/en\/product\/english-ghe-chong-tinh-dien-khong-tua-mat-tron\/#primaryimage"},"image":{"@id":"https:\/\/imrovietnam.com\/en\/product\/english-ghe-chong-tinh-dien-khong-tua-mat-tron\/#primaryimage"},"thumbnailUrl":"https:\/\/imrovietnam.com\/wp-content\/uploads\/2021\/08\/ghe-esd-11-1.jpg","datePublished":"2021-08-11T04:45:53+00:00","dateModified":"2021-09-07T07:27:55+00:00","breadcrumb":{"@id":"https:\/\/imrovietnam.com\/en\/product\/english-ghe-chong-tinh-dien-khong-tua-mat-tron\/#breadcrumb"},"inLanguage":"en-US","potentialAction":[{"@type":"ReadAction","target":["https:\/\/imrovietnam.com\/en\/product\/english-ghe-chong-tinh-dien-khong-tua-mat-tron\/"]}]},{"@type":"ImageObject","inLanguage":"en-US","@id":"https:\/\/imrovietnam.com\/en\/product\/english-ghe-chong-tinh-dien-khong-tua-mat-tron\/#primaryimage","url":"https:\/\/imrovietnam.com\/wp-content\/uploads\/2021\/08\/ghe-esd-11-1.jpg","contentUrl":"https:\/\/imrovietnam.com\/wp-content\/uploads\/2021\/08\/ghe-esd-11-1.jpg","width":598,"height":529},{"@type":"BreadcrumbList","@id":"https:\/\/imrovietnam.com\/en\/product\/english-ghe-chong-tinh-dien-khong-tua-mat-tron\/#breadcrumb","itemListElement":[{"@type":"ListItem","position":1,"name":"Home","item":"https:\/\/imrovietnam.com\/"},{"@type":"ListItem","position":2,"name":"S\u1ea3n ph\u1ea9m","item":"https:\/\/imrovietnam.com\/shop\/"},{"@type":"ListItem","position":3,"name":"Gh\u1ebf ch\u1ed1ng t\u0129nh \u0111i\u1ec7n kh\u00f4ng t\u1ef1a m\u1eb7t tr\u00f2n"}]},{"@type":"WebSite","@id":"https:\/\/imrovietnam.com\/#website","url":"https:\/\/imrovietnam.com\/","name":"IMRO Vietnam","description":"Your consumables and spare parts store","potentialAction":[{"@type":"SearchAction","target":{"@type":"EntryPoint","urlTemplate":"https:\/\/imrovietnam.com\/?s={search_term_string}"},"query-input":{"@type":"PropertyValueSpecification","valueRequired":true,"valueName":"search_term_string"}}],"inLanguage":"en-US"}]}},"_links":{"self":[{"href":"https:\/\/imrovietnam.com\/en\/wp-json\/wp\/v2\/product\/2077","targetHints":{"allow":["GET"]}}],"collection":[{"href":"https:\/\/imrovietnam.com\/en\/wp-json\/wp\/v2\/product"}],"about":[{"href":"https:\/\/imrovietnam.com\/en\/wp-json\/wp\/v2\/types\/product"}],"replies":[{"embeddable":true,"href":"https:\/\/imrovietnam.com\/en\/wp-json\/wp\/v2\/comments?post=2077"}],"wp:featuredmedia":[{"embeddable":true,"href":"https:\/\/imrovietnam.com\/en\/wp-json\/wp\/v2\/media\/2080"}],"wp:attachment":[{"href":"https:\/\/imrovietnam.com\/en\/wp-json\/wp\/v2\/media?parent=2077"}],"wp:term":[{"taxonomy":"product_brand","embeddable":true,"href":"https:\/\/imrovietnam.com\/en\/wp-json\/wp\/v2\/product_brand?post=2077"},{"taxonomy":"product_cat","embeddable":true,"href":"https:\/\/imrovietnam.com\/en\/wp-json\/wp\/v2\/product_cat?post=2077"},{"taxonomy":"product_tag","embeddable":true,"href":"https:\/\/imrovietnam.com\/en\/wp-json\/wp\/v2\/product_tag?post=2077"}],"curies":[{"name":"wp","href":"https:\/\/api.w.org\/{rel}","templated":true}]}}