{"id":2065,"date":"2021-08-11T11:27:27","date_gmt":"2021-08-11T04:27:27","guid":{"rendered":"https:\/\/imrovietnam.com\/?post_type=product&#038;p=2065"},"modified":"2021-09-07T17:23:27","modified_gmt":"2021-09-07T10:23:27","slug":"english-ghe-chong-tinh-dien-co-tua-mau-den","status":"publish","type":"product","link":"https:\/\/imrovietnam.com\/en\/product\/english-ghe-chong-tinh-dien-co-tua-mau-den\/","title":{"rendered":"Gh\u1ebf ch\u1ed1ng t\u0129nh \u0111i\u1ec7n c\u00f3 t\u1ef1a M\u00e0u \u0110en"},"content":{"rendered":"<strong>Gh\u1ebf ch\u1ed1ng t\u0129nh \u0111i\u1ec7n ph\u1ee7 da PU<\/strong>V\u1ea5n \u0111\u1ec1 t\u0129nh \u0111i\u1ec7n l\u00e0m \u1ea3nh h\u01b0\u1edbng cao \u0111\u1ebfn m\u00f4i tr\u01b0\u1eddng l\u00e0m vi\u1ec7c, qu\u00e1 tr\u00ecnh s\u1ea3n xu\u1ea5t v\u00e0 h\u01a1n th\u1ebf n\u1eefa n\u00f3 c\u00f2n \u1ea3nh h\u01b0\u1edfng tr\u1ef1c ti\u1ebfp \u0111\u1ebfn con ng\u01b0\u1eddi. V\u1edbi s\u1ea3n ph\u1ea9m\u00a0<strong>Gh\u1ebf da PU ch\u1ed1ng t\u0129nh \u0111i\u1ec7n\u00a0<\/strong>l\u00e0 t\u1ed1i c\u1ea7n thi\u1ebft trong m\u00f4i tr\u01b0\u1eddng c\u00f4ng nghi\u1ec7p hi\u1ec7n nay ,l\u00e0m t\u0103ng \u0111\u1ed9 an to\u00e0n trong m\u00f4i tr\u01b0\u1eddng l\u00e0m vi\u1ec7c c\u00f3 l\u01b0\u1ee3ng t\u0129nh \u0111i\u1ec7n cao.<\/p>\n<p><img decoding=\"async\" src=\"https:\/\/megaline.com.vn\/upload\/images\/ghe%20gia%20da%20chong%20tinh%20dien%20-%20Copy.jpg\" alt=\"gh\u1ebf ch\u1ed1ng t\u0129nh \u0111i\u1ec7n da pu\" \/><img loading=\"lazy\" decoding=\"async\" class=\"alignnone wp-image-2066\" style=\"color: #333333;\" src=\"https:\/\/imrovietnam.com\/wp-content\/uploads\/2021\/08\/ghe-esd-10.jpg\" alt=\"\" width=\"407\" height=\"360\" srcset=\"https:\/\/imrovietnam.com\/wp-content\/uploads\/2021\/08\/ghe-esd-10.jpg 469w, https:\/\/imrovietnam.com\/wp-content\/uploads\/2021\/08\/ghe-esd-10-452x400.jpg 452w\" sizes=\"auto, (max-width: 407px) 100vw, 407px\" \/><\/p>\n<p align=\"center\"><em>Gh\u1ebf da PU ch\u1ed1ng t\u0129nh \u0111i\u1ec7n<\/em><\/p>\n<p>&#8211;\u00a0\u00a0\u00a0\u00a0\u00a0 \u00a0 \u00a0\u00a0<strong>Gh\u1ebf ch\u1ed1ng t\u0129nh \u0111i\u1ec7n ph\u1ee7 pu<\/strong>\u00a0\u0111\u01b0\u1ee3c thi\u1ebft k\u1ebf nh\u1eb9 nh\u00e0ng v\u00e0 d\u1ec5 d\u00e0ng di chuy\u1ec3n trong n\u01a1i l\u00e0m vi\u1ec7c.<\/p>\n<p>&#8211;\u00a0\u00a0\u00a0\u00a0\u00a0\u00a0 M\u1eb7t gh\u1ebf \u00a0PVC\/PVC v\u1edbi ch\u1ea5t li\u1ec7u gi\u1ea3 da ch\u1ed1ng t\u0129nh \u0111i\u1ec7n c\u1ef1c k\u1ef3 t\u1ed1t trong m\u1ecdi m\u00f4i tr\u01b0\u1eddng c\u00f3 l\u01b0\u1ee3ng t\u0129nh \u0111i\u1ec7n cao, PU\/gi\u1ea3 da PU hypo-light xanh ch\u1ed1ng t\u0129nh \u0111i\u1ec7n, PU\/gi\u1ea3 da PU hypo-light \u0111en ch\u1ed1ng t\u0129nh \u0111i\u1ec7n.<\/p>\n<p>&#8211;\u00a0\u00a0\u00a0\u00a0\u00a0\u00a0\u00a0\u00a0 S\u1ee9c b\u1ec1n\u00a0<em>Gh\u1ebf da PU ch\u1ed1ng t\u0129nh \u0111i\u1ec7n\u00a0<\/em>tr\u00eanb\u1ec1 m\u1eb7t \u1edf m\u1ee9c : 10^6 ~ 10^9 \u03a9<\/p>\n<p>&#8211;\u00a0\u00a0\u00a0\u00a0\u00a0\u00a0\u00a0\u00a0 S\u1ea3n ph\u1ea9m \u0111\u01b0\u1ee3c thi\u1ebft k\u1ebf v\u1edbi khung th\u00e9p, ch\u00e2n gh\u1ebf 5 nh\u00e1nh m\u1ea1 chrome s\u00e1ng b\u00f3ng, ch\u1ed1ng l\u1ea1i c\u00e1c hi\u1ec7n t\u01b0\u1ee3ng g\u1ec9 s\u00e9t v\u00e0 b\u00e1m b\u1ee5i.<\/p>\n<p>&#8211;\u00a0\u00a0\u00a0\u00a0\u00a0\u00a0\u00a0\u00a0<strong>Gh\u1ebf da PU\u00a0<\/strong>c\u00f3 2 lo\u1ea1i ch\u00e2n \u0111\u1ec3 ph\u00f9 h\u1ee3p h\u01a1n v\u1edbi n\u01a1i l\u00e0m vi\u1ec7c v\u00e0 c\u0169ng \u0111a d\u1ea1ng cho kh\u00e1ch h\u00e0ng l\u1ef1a ch\u1ecdn, v\u1edbi b\u00e1nh xe ch\u1ed1ng t\u0129nh \u0111i\u1ec7n, ho\u1eb7c lo\u1ea1i ch\u00e2n gh\u1ebf c\u1ed1 \u0111\u1ecbnh<\/p>\n<p>&#8211;\u00a0\u00a0\u00a0\u00a0\u00a0\u00a0\u00a0\u00a0 Chi\u1ec1u cao Gh\u1ebf da PU \u1edf m\u1ee9c t\u1ed1i \u0111a: 408 ~ 650mm<\/p>\n<p>&#8211;\u00a0\u00a0\u00a0\u00a0\u00a0\u00a0\u00a0\u00a0 S\u1eed d\u1ee5ng l\u1ef1c \u0111\u1ea9y c\u1ee7a kh\u00ed n\u00e9n khi s\u1eed d\u1ee5ng kh\u00f4ng g\u00e2y \u1ea3nh h\u01b0\u1edfng t\u1edbi con ng\u01b0\u1eddi v\u00e0 m\u00f4i tr\u01b0\u1eddng l\u00e0m vi\u1ec7c.<\/p>\n<p>C\u00f4ng ty TNHH IMRO lu\u00f4n cung c\u1ea5p gh\u1ebf ESD ch\u1ed1ng t\u0129nh \u0111i\u1ec7n ra th\u1ecb tr\u01b0\u1eddng v\u00e0 c\u00e1c khu c\u00f4ng nghi\u1ec7p v\u1edbi nhi\u1ec1u s\u1ea3n ph\u1ea9m v\u00e0 m\u1eabu m\u00e3 kh\u00e1c nhau, m\u1ee9c gi\u00e1 c\u1ea1nh tranh t\u1ed1t nh\u1ea5t cho kh\u00e1ch h\u00e0ng. Ngo\u00e0i ra IMRO VN c\u00f2n nh\u1eadn \u0111\u1eb7t c\u00e1c lo\u1ea1i <strong>gh\u1ebf ch\u1ed1ng t\u0129nh \u0111i\u1ec7n<\/strong>\u00a0theo y\u00eau c\u1ea7u ri\u00eang c\u1ee7a t\u1eebng kh\u00e1ch h\u00e0ng.<\/p>\n<p><em><strong>\u00a0\u00a0\u00a0\u00a0\u00a0\u00a0\u00a0\u00a0\u00a0\u00a0\u00a0 H\u00e3y g\u1ecdi cho ch\u00fang t\u00f4i ngay khi b\u1ea1n c\u1ea7n v\u1edbi gi\u00e1 t\u1ed1t nh\u1ea5t<\/strong><\/em>","protected":false},"excerpt":{"rendered":"<ul>\n<li>Ch\u1ea5t li\u1ec7u: Ch\u00e2n th\u00e9p, t\u1ef1a v\u00e0 m\u1eb7t ph\u1ee7 da PU<\/li>\n<li><a rel=\"nofollow href=\">M\u00e0u s\u1eafc: \u0110en, Xanh<\/a><\/li>\n<li><a rel=\"nofollow href=\">K\u00edch th\u01b0\u1edbc: 408 x 650 mm<\/a><\/li>\n<li><a rel=\"nofollow href=\">T\u00ednh n\u0103ng: Ch\u1ed1ng t\u0129nh \u0111i\u1ec7n<\/a><\/li>\n<\/ul>\n","protected":false},"featured_media":2066,"comment_status":"open","ping_status":"closed","template":"","meta":[],"product_brand":[],"product_cat":[104],"product_tag":[307,305,302,181,306,324],"class_list":{"0":"post-2065","1":"product","2":"type-product","3":"status-publish","4":"has-post-thumbnail","6":"product_cat-thiet-bi-phong-sach","7":"product_tag-dien-tu","8":"product_tag-esd","9":"product_tag-ghe","10":"product_tag-ghe-chong-tinh-dien","11":"product_tag-phong-sach","12":"product_tag-tron","14":"first","15":"instock","16":"shipping-taxable","17":"product-type-simple"},"yoast_head":"<!-- This site is optimized with the Yoast SEO Premium plugin v25.0 (Yoast SEO v25.2) - https:\/\/yoast.com\/wordpress\/plugins\/seo\/ -->\n<title>Gh\u1ebf ch\u1ed1ng t\u0129nh \u0111i\u1ec7n c\u00f3 t\u1ef1a M\u00e0u \u0110en - IMRO Vietnam<\/title>\n<meta name=\"robots\" content=\"index, follow, max-snippet:-1, max-image-preview:large, max-video-preview:-1\" \/>\n<link rel=\"canonical\" href=\"https:\/\/imrovietnam.com\/en\/product\/english-ghe-chong-tinh-dien-co-tua-mau-den\/\" \/>\n<meta property=\"og:locale\" content=\"en_US\" \/>\n<meta property=\"og:type\" content=\"article\" \/>\n<meta property=\"og:title\" content=\"Gh\u1ebf ch\u1ed1ng t\u0129nh \u0111i\u1ec7n c\u00f3 t\u1ef1a M\u00e0u \u0110en\" \/>\n<meta property=\"og:description\" content=\"Ch\u1ea5t li\u1ec7u: Ch\u00e2n th\u00e9p, t\u1ef1a v\u00e0 m\u1eb7t ph\u1ee7 da PU  M\u00e0u s\u1eafc: \u0110en, Xanh  K\u00edch th\u01b0\u1edbc: 408 x 650 mm  T\u00ednh n\u0103ng: Ch\u1ed1ng t\u0129nh \u0111i\u1ec7n\" \/>\n<meta property=\"og:url\" content=\"https:\/\/imrovietnam.com\/en\/product\/english-ghe-chong-tinh-dien-co-tua-mau-den\/\" \/>\n<meta property=\"og:site_name\" content=\"IMRO Vietnam\" \/>\n<meta property=\"article:modified_time\" content=\"2021-09-07T10:23:27+00:00\" \/>\n<meta property=\"og:image\" content=\"https:\/\/imrovietnam.com\/wp-content\/uploads\/2021\/08\/ghe-esd-10.jpg\" \/>\n\t<meta property=\"og:image:width\" content=\"469\" \/>\n\t<meta property=\"og:image:height\" content=\"415\" \/>\n\t<meta property=\"og:image:type\" content=\"image\/jpeg\" \/>\n<meta name=\"twitter:card\" content=\"summary_large_image\" \/>\n<meta name=\"twitter:label1\" content=\"Est. reading time\" \/>\n\t<meta name=\"twitter:data1\" content=\"5 minutes\" \/>\n<script type=\"application\/ld+json\" class=\"yoast-schema-graph\">{\"@context\":\"https:\/\/schema.org\",\"@graph\":[{\"@type\":\"WebPage\",\"@id\":\"https:\/\/imrovietnam.com\/en\/product\/english-ghe-chong-tinh-dien-co-tua-mau-den\/\",\"url\":\"https:\/\/imrovietnam.com\/en\/product\/english-ghe-chong-tinh-dien-co-tua-mau-den\/\",\"name\":\"Gh\u1ebf ch\u1ed1ng t\u0129nh \u0111i\u1ec7n c\u00f3 t\u1ef1a M\u00e0u \u0110en - IMRO Vietnam\",\"isPartOf\":{\"@id\":\"https:\/\/imrovietnam.com\/#website\"},\"primaryImageOfPage\":{\"@id\":\"https:\/\/imrovietnam.com\/en\/product\/english-ghe-chong-tinh-dien-co-tua-mau-den\/#primaryimage\"},\"image\":{\"@id\":\"https:\/\/imrovietnam.com\/en\/product\/english-ghe-chong-tinh-dien-co-tua-mau-den\/#primaryimage\"},\"thumbnailUrl\":\"https:\/\/imrovietnam.com\/wp-content\/uploads\/2021\/08\/ghe-esd-10.jpg\",\"datePublished\":\"2021-08-11T04:27:27+00:00\",\"dateModified\":\"2021-09-07T10:23:27+00:00\",\"breadcrumb\":{\"@id\":\"https:\/\/imrovietnam.com\/en\/product\/english-ghe-chong-tinh-dien-co-tua-mau-den\/#breadcrumb\"},\"inLanguage\":\"en-US\",\"potentialAction\":[{\"@type\":\"ReadAction\",\"target\":[\"https:\/\/imrovietnam.com\/en\/product\/english-ghe-chong-tinh-dien-co-tua-mau-den\/\"]}]},{\"@type\":\"ImageObject\",\"inLanguage\":\"en-US\",\"@id\":\"https:\/\/imrovietnam.com\/en\/product\/english-ghe-chong-tinh-dien-co-tua-mau-den\/#primaryimage\",\"url\":\"https:\/\/imrovietnam.com\/wp-content\/uploads\/2021\/08\/ghe-esd-10.jpg\",\"contentUrl\":\"https:\/\/imrovietnam.com\/wp-content\/uploads\/2021\/08\/ghe-esd-10.jpg\",\"width\":469,\"height\":415},{\"@type\":\"BreadcrumbList\",\"@id\":\"https:\/\/imrovietnam.com\/en\/product\/english-ghe-chong-tinh-dien-co-tua-mau-den\/#breadcrumb\",\"itemListElement\":[{\"@type\":\"ListItem\",\"position\":1,\"name\":\"Home\",\"item\":\"https:\/\/imrovietnam.com\/\"},{\"@type\":\"ListItem\",\"position\":2,\"name\":\"S\u1ea3n ph\u1ea9m\",\"item\":\"https:\/\/imrovietnam.com\/shop\/\"},{\"@type\":\"ListItem\",\"position\":3,\"name\":\"Gh\u1ebf ch\u1ed1ng t\u0129nh \u0111i\u1ec7n c\u00f3 t\u1ef1a M\u00e0u \u0110en\"}]},{\"@type\":\"WebSite\",\"@id\":\"https:\/\/imrovietnam.com\/#website\",\"url\":\"https:\/\/imrovietnam.com\/\",\"name\":\"IMRO Vietnam\",\"description\":\"Your consumables and spare parts store\",\"potentialAction\":[{\"@type\":\"SearchAction\",\"target\":{\"@type\":\"EntryPoint\",\"urlTemplate\":\"https:\/\/imrovietnam.com\/?s={search_term_string}\"},\"query-input\":{\"@type\":\"PropertyValueSpecification\",\"valueRequired\":true,\"valueName\":\"search_term_string\"}}],\"inLanguage\":\"en-US\"}]}<\/script>\n<!-- \/ Yoast SEO Premium plugin. -->","yoast_head_json":{"title":"Gh\u1ebf ch\u1ed1ng t\u0129nh \u0111i\u1ec7n c\u00f3 t\u1ef1a M\u00e0u \u0110en - IMRO Vietnam","robots":{"index":"index","follow":"follow","max-snippet":"max-snippet:-1","max-image-preview":"max-image-preview:large","max-video-preview":"max-video-preview:-1"},"canonical":"https:\/\/imrovietnam.com\/en\/product\/english-ghe-chong-tinh-dien-co-tua-mau-den\/","og_locale":"en_US","og_type":"article","og_title":"Gh\u1ebf ch\u1ed1ng t\u0129nh \u0111i\u1ec7n c\u00f3 t\u1ef1a M\u00e0u \u0110en","og_description":"Ch\u1ea5t li\u1ec7u: Ch\u00e2n th\u00e9p, t\u1ef1a v\u00e0 m\u1eb7t ph\u1ee7 da PU  M\u00e0u s\u1eafc: \u0110en, Xanh  K\u00edch th\u01b0\u1edbc: 408 x 650 mm  T\u00ednh n\u0103ng: Ch\u1ed1ng t\u0129nh \u0111i\u1ec7n","og_url":"https:\/\/imrovietnam.com\/en\/product\/english-ghe-chong-tinh-dien-co-tua-mau-den\/","og_site_name":"IMRO Vietnam","article_modified_time":"2021-09-07T10:23:27+00:00","og_image":[{"width":469,"height":415,"url":"https:\/\/imrovietnam.com\/wp-content\/uploads\/2021\/08\/ghe-esd-10.jpg","type":"image\/jpeg"}],"twitter_card":"summary_large_image","twitter_misc":{"Est. reading time":"5 minutes"},"schema":{"@context":"https:\/\/schema.org","@graph":[{"@type":"WebPage","@id":"https:\/\/imrovietnam.com\/en\/product\/english-ghe-chong-tinh-dien-co-tua-mau-den\/","url":"https:\/\/imrovietnam.com\/en\/product\/english-ghe-chong-tinh-dien-co-tua-mau-den\/","name":"Gh\u1ebf ch\u1ed1ng t\u0129nh \u0111i\u1ec7n c\u00f3 t\u1ef1a M\u00e0u \u0110en - IMRO Vietnam","isPartOf":{"@id":"https:\/\/imrovietnam.com\/#website"},"primaryImageOfPage":{"@id":"https:\/\/imrovietnam.com\/en\/product\/english-ghe-chong-tinh-dien-co-tua-mau-den\/#primaryimage"},"image":{"@id":"https:\/\/imrovietnam.com\/en\/product\/english-ghe-chong-tinh-dien-co-tua-mau-den\/#primaryimage"},"thumbnailUrl":"https:\/\/imrovietnam.com\/wp-content\/uploads\/2021\/08\/ghe-esd-10.jpg","datePublished":"2021-08-11T04:27:27+00:00","dateModified":"2021-09-07T10:23:27+00:00","breadcrumb":{"@id":"https:\/\/imrovietnam.com\/en\/product\/english-ghe-chong-tinh-dien-co-tua-mau-den\/#breadcrumb"},"inLanguage":"en-US","potentialAction":[{"@type":"ReadAction","target":["https:\/\/imrovietnam.com\/en\/product\/english-ghe-chong-tinh-dien-co-tua-mau-den\/"]}]},{"@type":"ImageObject","inLanguage":"en-US","@id":"https:\/\/imrovietnam.com\/en\/product\/english-ghe-chong-tinh-dien-co-tua-mau-den\/#primaryimage","url":"https:\/\/imrovietnam.com\/wp-content\/uploads\/2021\/08\/ghe-esd-10.jpg","contentUrl":"https:\/\/imrovietnam.com\/wp-content\/uploads\/2021\/08\/ghe-esd-10.jpg","width":469,"height":415},{"@type":"BreadcrumbList","@id":"https:\/\/imrovietnam.com\/en\/product\/english-ghe-chong-tinh-dien-co-tua-mau-den\/#breadcrumb","itemListElement":[{"@type":"ListItem","position":1,"name":"Home","item":"https:\/\/imrovietnam.com\/"},{"@type":"ListItem","position":2,"name":"S\u1ea3n ph\u1ea9m","item":"https:\/\/imrovietnam.com\/shop\/"},{"@type":"ListItem","position":3,"name":"Gh\u1ebf ch\u1ed1ng t\u0129nh \u0111i\u1ec7n c\u00f3 t\u1ef1a M\u00e0u \u0110en"}]},{"@type":"WebSite","@id":"https:\/\/imrovietnam.com\/#website","url":"https:\/\/imrovietnam.com\/","name":"IMRO Vietnam","description":"Your consumables and spare parts store","potentialAction":[{"@type":"SearchAction","target":{"@type":"EntryPoint","urlTemplate":"https:\/\/imrovietnam.com\/?s={search_term_string}"},"query-input":{"@type":"PropertyValueSpecification","valueRequired":true,"valueName":"search_term_string"}}],"inLanguage":"en-US"}]}},"_links":{"self":[{"href":"https:\/\/imrovietnam.com\/en\/wp-json\/wp\/v2\/product\/2065","targetHints":{"allow":["GET"]}}],"collection":[{"href":"https:\/\/imrovietnam.com\/en\/wp-json\/wp\/v2\/product"}],"about":[{"href":"https:\/\/imrovietnam.com\/en\/wp-json\/wp\/v2\/types\/product"}],"replies":[{"embeddable":true,"href":"https:\/\/imrovietnam.com\/en\/wp-json\/wp\/v2\/comments?post=2065"}],"wp:featuredmedia":[{"embeddable":true,"href":"https:\/\/imrovietnam.com\/en\/wp-json\/wp\/v2\/media\/2066"}],"wp:attachment":[{"href":"https:\/\/imrovietnam.com\/en\/wp-json\/wp\/v2\/media?parent=2065"}],"wp:term":[{"taxonomy":"product_brand","embeddable":true,"href":"https:\/\/imrovietnam.com\/en\/wp-json\/wp\/v2\/product_brand?post=2065"},{"taxonomy":"product_cat","embeddable":true,"href":"https:\/\/imrovietnam.com\/en\/wp-json\/wp\/v2\/product_cat?post=2065"},{"taxonomy":"product_tag","embeddable":true,"href":"https:\/\/imrovietnam.com\/en\/wp-json\/wp\/v2\/product_tag?post=2065"}],"curies":[{"name":"wp","href":"https:\/\/api.w.org\/{rel}","templated":true}]}}