{"id":2061,"date":"2021-08-11T11:22:54","date_gmt":"2021-08-11T04:22:54","guid":{"rendered":"https:\/\/imrovietnam.com\/?post_type=product&#038;p=2061"},"modified":"2021-09-07T15:38:13","modified_gmt":"2021-09-07T08:38:13","slug":"english-chia-se-ghe-chong-tinh-dien-nhua-pvc","status":"publish","type":"product","link":"https:\/\/imrovietnam.com\/en\/product\/english-chia-se-ghe-chong-tinh-dien-nhua-pvc\/","title":{"rendered":"Gh\u1ebf ch\u1ed1ng t\u0129nh \u0111i\u1ec7n nh\u1ef1a PVC"},"content":{"rendered":"<strong>Gh\u1ebf ch\u1ed1ng t\u0129nh \u0111i\u1ec7n\u00a0<\/strong>l\u00e0 m\u1ed9t trong nh\u1eefng s\u1ea3n ph\u1ea9m \u0111\u01b0\u1ee3c nhi\u1ec1u chuy\u00ean gia quan t\u00e2m \u0111\u1ebfn trong m\u00f4i tr\u01b0\u1eddng l\u00e0m vi\u1ec7c v\u00e0 s\u1ea3n xu\u1ea5t, \u0111\u01b0\u1ee3c s\u1eed d\u1ee5ng \u1edf nh\u1eefng khu c\u00f4ng nghi\u1ec7p v\u1edbi y\u00eau c\u1ea7u cao v\u1ec1 \u0111\u1ed9 ch\u1ed1ng t\u0129nh \u0111i\u1ec7n.<\/p>\n<p><img loading=\"lazy\" decoding=\"async\" class=\"wp-image-2062 aligncenter\" style=\"color: #333333;\" src=\"https:\/\/imrovietnam.com\/wp-content\/uploads\/2021\/08\/ghe-esd-9.jpg\" alt=\"\" width=\"329\" height=\"291\" srcset=\"https:\/\/imrovietnam.com\/wp-content\/uploads\/2021\/08\/ghe-esd-9.jpg 470w, https:\/\/imrovietnam.com\/wp-content\/uploads\/2021\/08\/ghe-esd-9-452x400.jpg 452w\" sizes=\"auto, (max-width: 329px) 100vw, 329px\" \/><\/p>\n<p align=\"center\"><em>Gh\u1ebf d\u1ef1a ch\u1ed1ng t\u0129nh \u0111i\u1ec7n b\u00e1nh xoay<\/em><\/p>\n<p>&#8211;\u00a0\u00a0\u00a0\u00a0\u00a0\u00a0 \u00a0\u00a0 S\u1ea3n ph\u1ea9m\u00a0<em><strong>gh\u1ebf ch\u1ed1ng t\u0129nh \u0111i\u1ec7n pvc<\/strong><\/em>\u00a0nh\u01b0 gh\u1ebf d\u1ef1a ch\u1ed1ng t\u0129nh \u0111i\u1ec7n b\u00e1nh xoay, \u0111\u01b0\u1ee3c thi\u1ebft k\u1ebf v\u1eefng tr\u00e3i v\u00e0 kh\u1ecfe kho\u1eafn gi\u00fap cho ng\u01b0\u1eddi l\u00e0m vi\u1ec7c ch\u1ed1ng l\u1ea1i s\u1ef1 \u00ea m\u1ecfi c\u1ee7a l\u01b0ng v\u00e0 h\u00f4ng.<\/p>\n<p>&#8211;\u00a0\u00a0\u00a0\u00a0\u00a0\u00a0\u00a0\u00a0 M\u1eb7t gh\u1ebf \u00a0PVC\/PVC v\u1edbi ch\u1ea5t li\u1ec7u gi\u1ea3 da ch\u1ed1ng t\u0129nh \u0111i\u1ec7n cao,\u00a0<em>Gh\u1ebf d\u1ef1a ch\u1ed1ng t\u0129nh \u0111i\u1ec7n b\u00e1nh xoay\u00a0<\/em>da ESDhypo-light xanh ch\u1ed1ng t\u0129nh \u0111i\u1ec7n,\u00a0<em>Gh\u1ebf d\u1ef1a ch\u1ed1ng t\u0129nh \u0111i\u1ec7n b\u00e1nh xoay\u00a0<\/em>da ESD hypo-light \u0111en ch\u1ed1ng t\u0129nh \u0111i\u1ec7n.<\/p>\n<p>&#8211;\u00a0\u00a0\u00a0\u00a0\u00a0\u00a0\u00a0\u00a0 Ngo\u00e0i ra<em>gh\u1ebf d\u1ef1a ch\u1ed1ng t\u0129nh \u0111i\u1ec7n b\u00e1nh xoay\u00a0<\/em>v\u1edbi s\u1ee9c b\u1ec1n b\u1ec1 m\u1eb7t kh\u00e1 l\u1edbn : 10^6 ~ 10^9 \u03a9<\/p>\n<p>&#8211;\u00a0\u00a0\u00a0\u00a0\u00a0\u00a0\u00a0\u00a0 V\u1edbi thi\u1ebft k\u1ebf khung th\u00e9p v\u00e0 ch\u00e2n gh\u1ebf 5 nh\u00e1nh to\u00e0n b\u1ed9 \u0111\u01b0\u1ee3c m\u1ea1 chrome s\u00e1ng b\u00f3ng kh\u00f4ng g\u1ec9 s\u00e9t v\u00e0 ch\u1ed1ng l\u1ea1i s\u1ef1 b\u00e1m b\u1ee5i c\u1ee7a m\u00f4i tr\u01b0\u1eddng.<\/p>\n<p>&#8211;\u00a0\u00a0\u00a0\u00a0\u00a0\u00a0\u00a0\u00a0 Thi\u1ebft k\u1ebf b\u00e1nh xe ch\u1ed1ng t\u0129nh \u0111i\u1ec7n t\u1ed1t, nh\u1eb9 nh\u00e0ng khi di chuy\u1ec3n xung quanh n\u01a1i l\u00e0m vi\u1ec7c.<\/p>\n<p>&#8211;\u00a0\u00a0\u00a0\u00a0\u00a0\u00a0\u00a0\u00a0 Gh\u1ebf ng\u1ed3i 430X400mm, Gh\u1ebf l\u1ea1i 400X300mm<\/p>\n<p>&#8211;\u00a0\u00a0\u00a0\u00a0\u00a0\u00a0\u00a0\u00a0 \u0110i\u1ec1u ch\u1ec9nh chi\u1ec1u cao: 480mm-620mm<\/p>\n<p>&#8211;\u00a0\u00a0\u00a0\u00a0\u00a0\u00a0\u00a0\u00a0 S\u1eed d\u1ee5ng l\u1ef1c \u0111\u1ea9y c\u1ee7a kh\u00ed n\u00e9n cho gh\u1ebf d\u1ef1a ch\u1ed1ng t\u0129nh \u0111i\u1ec7n b\u00e1nh xoay an to\u00e0n h\u01a1n, di chuy\u1ec3n \u00eam \u00e1i h\u01a1n trong m\u00f4i tr\u01b0\u1eddng c\u00f4ng nghi\u1ec7p.<\/p>\n<p>C\u00f4ng ty TNHH IMRO lu\u00f4n \u0111em \u0111\u1ebfn s\u1ef1 h\u00e0i l\u00f2ng cho kh\u00e1ch h\u00e0ng v\u1ec1 ch\u1ea5t l\u01b0\u1ee3ng s\u1ea3n ph\u1ea9m gh\u1ebf ch\u1ed1ng t\u0129nh \u0111i\u1ec7n ph\u00f2ng s\u1ea1ch v\u1edbi nhi\u1ec1u s\u1ea3n ph\u1ea9m m\u1edbi v\u00e0 m\u1eabu m\u00e3 kh\u00e1c nhau, m\u1ee9c gi\u00e1 c\u1ea1nh tranh t\u1ed1t nh\u1ea5t cho ng\u01b0\u1eddi ti\u00eau d\u00f9ng. Ngo\u00e0i ra, c\u00f4ng ty c\u00f2n nh\u1eadn \u0111\u1eb7t c\u00e1c lo\u1ea1i gh\u1ebf ch\u1ed1ng t\u0129nh \u0111i\u1ec7n theo y\u00eau c\u1ea7u ri\u00eang c\u1ee7a t\u1eebng kh\u00e1ch h\u00e0ng.<\/p>\n<p><em><strong>\u00a0\u00a0\u00a0\u00a0\u00a0\u00a0\u00a0\u00a0\u00a0\u00a0 H\u00e3y g\u1ecdi cho ch\u00fang t\u00f4i ngay khi b\u1ea1n c\u1ea7n v\u1edbi gi\u00e1 t\u1ed1t nh\u1ea5t<\/strong><\/em>","protected":false},"excerpt":{"rendered":"<ul>\n<li>Ch\u1ea5t li\u1ec7u: Gh\u1ebf PVC, Ch\u00e2n th\u00e9p<\/li>\n<li><a rel=\"nofollow href=\">M\u00e0u s\u1eafc: \u0110en, Xanh<\/a><\/li>\n<li><a rel=\"nofollow href=\">K\u00edch th\u01b0\u1edbc: 430 x 400 mm<\/a><\/li>\n<li><a rel=\"nofollow href=\">T\u00ednh n\u0103ng: Ch\u1ed1ng t\u0129nh \u0111i\u1ec7n<\/a><\/li>\n<\/ul>\n","protected":false},"featured_media":2062,"comment_status":"open","ping_status":"closed","template":"","meta":[],"product_brand":[],"product_cat":[104],"product_tag":[307,302,181,184,325,303,304],"class_list":{"0":"post-2061","1":"product","2":"type-product","3":"status-publish","4":"has-post-thumbnail","6":"product_cat-thiet-bi-phong-sach","7":"product_tag-dien-tu","8":"product_tag-ghe","9":"product_tag-ghe-chong-tinh-dien","10":"product_tag-ghe-chong-tinh-dien-nhua-pv","11":"product_tag-nha-may","12":"product_tag-tinh-dien","13":"product_tag-xoay","15":"first","16":"instock","17":"shipping-taxable","18":"product-type-simple"},"yoast_head":"<!-- This site is optimized with the Yoast SEO Premium plugin v25.0 (Yoast SEO v25.2) - https:\/\/yoast.com\/wordpress\/plugins\/seo\/ -->\n<title>Gh\u1ebf ch\u1ed1ng t\u0129nh \u0111i\u1ec7n nh\u1ef1a PVC - IMRO Vietnam<\/title>\n<meta name=\"robots\" content=\"index, follow, max-snippet:-1, max-image-preview:large, max-video-preview:-1\" \/>\n<link rel=\"canonical\" href=\"https:\/\/imrovietnam.com\/product\/english-chia-se-ghe-chong-tinh-dien-nhua-pvc\/\" \/>\n<meta property=\"og:locale\" content=\"en_US\" \/>\n<meta property=\"og:type\" content=\"article\" \/>\n<meta property=\"og:title\" content=\"Gh\u1ebf ch\u1ed1ng t\u0129nh \u0111i\u1ec7n nh\u1ef1a PVC\" \/>\n<meta property=\"og:description\" content=\"Ch\u1ea5t li\u1ec7u: Gh\u1ebf PVC, Ch\u00e2n th\u00e9p  M\u00e0u s\u1eafc: \u0110en, Xanh  K\u00edch th\u01b0\u1edbc: 430 x 400 mm  T\u00ednh n\u0103ng: Ch\u1ed1ng t\u0129nh \u0111i\u1ec7n\" \/>\n<meta property=\"og:url\" content=\"https:\/\/imrovietnam.com\/product\/english-chia-se-ghe-chong-tinh-dien-nhua-pvc\/\" \/>\n<meta property=\"og:site_name\" content=\"IMRO Vietnam\" \/>\n<meta property=\"article:modified_time\" content=\"2021-09-07T08:38:13+00:00\" \/>\n<meta property=\"og:image\" content=\"https:\/\/imrovietnam.com\/wp-content\/uploads\/2021\/08\/ghe-esd-9.jpg\" \/>\n\t<meta property=\"og:image:width\" content=\"470\" \/>\n\t<meta property=\"og:image:height\" content=\"416\" \/>\n\t<meta property=\"og:image:type\" content=\"image\/jpeg\" \/>\n<meta name=\"twitter:card\" content=\"summary_large_image\" \/>\n<meta name=\"twitter:label1\" content=\"Est. reading time\" \/>\n\t<meta name=\"twitter:data1\" content=\"5 minutes\" \/>\n<script type=\"application\/ld+json\" class=\"yoast-schema-graph\">{\"@context\":\"https:\/\/schema.org\",\"@graph\":[{\"@type\":\"WebPage\",\"@id\":\"https:\/\/imrovietnam.com\/product\/english-chia-se-ghe-chong-tinh-dien-nhua-pvc\/\",\"url\":\"https:\/\/imrovietnam.com\/product\/english-chia-se-ghe-chong-tinh-dien-nhua-pvc\/\",\"name\":\"Gh\u1ebf ch\u1ed1ng t\u0129nh \u0111i\u1ec7n nh\u1ef1a PVC - IMRO Vietnam\",\"isPartOf\":{\"@id\":\"https:\/\/imrovietnam.com\/en\/#website\"},\"primaryImageOfPage\":{\"@id\":\"https:\/\/imrovietnam.com\/product\/english-chia-se-ghe-chong-tinh-dien-nhua-pvc\/#primaryimage\"},\"image\":{\"@id\":\"https:\/\/imrovietnam.com\/product\/english-chia-se-ghe-chong-tinh-dien-nhua-pvc\/#primaryimage\"},\"thumbnailUrl\":\"https:\/\/imrovietnam.com\/wp-content\/uploads\/2021\/08\/ghe-esd-9.jpg\",\"datePublished\":\"2021-08-11T04:22:54+00:00\",\"dateModified\":\"2021-09-07T08:38:13+00:00\",\"breadcrumb\":{\"@id\":\"https:\/\/imrovietnam.com\/product\/english-chia-se-ghe-chong-tinh-dien-nhua-pvc\/#breadcrumb\"},\"inLanguage\":\"en-US\",\"potentialAction\":[{\"@type\":\"ReadAction\",\"target\":[\"https:\/\/imrovietnam.com\/product\/english-chia-se-ghe-chong-tinh-dien-nhua-pvc\/\"]}]},{\"@type\":\"ImageObject\",\"inLanguage\":\"en-US\",\"@id\":\"https:\/\/imrovietnam.com\/product\/english-chia-se-ghe-chong-tinh-dien-nhua-pvc\/#primaryimage\",\"url\":\"https:\/\/imrovietnam.com\/wp-content\/uploads\/2021\/08\/ghe-esd-9.jpg\",\"contentUrl\":\"https:\/\/imrovietnam.com\/wp-content\/uploads\/2021\/08\/ghe-esd-9.jpg\",\"width\":470,\"height\":416},{\"@type\":\"BreadcrumbList\",\"@id\":\"https:\/\/imrovietnam.com\/product\/english-chia-se-ghe-chong-tinh-dien-nhua-pvc\/#breadcrumb\",\"itemListElement\":[{\"@type\":\"ListItem\",\"position\":1,\"name\":\"Home\",\"item\":\"https:\/\/imrovietnam.com\/en\/\"},{\"@type\":\"ListItem\",\"position\":2,\"name\":\"S\u1ea3n ph\u1ea9m\",\"item\":\"https:\/\/imrovietnam.com\/shop\/\"},{\"@type\":\"ListItem\",\"position\":3,\"name\":\"Gh\u1ebf ch\u1ed1ng t\u0129nh \u0111i\u1ec7n nh\u1ef1a PVC\"}]},{\"@type\":\"WebSite\",\"@id\":\"https:\/\/imrovietnam.com\/en\/#website\",\"url\":\"https:\/\/imrovietnam.com\/en\/\",\"name\":\"IMRO Vietnam\",\"description\":\"Your consumables and spare parts store\",\"potentialAction\":[{\"@type\":\"SearchAction\",\"target\":{\"@type\":\"EntryPoint\",\"urlTemplate\":\"https:\/\/imrovietnam.com\/en\/?s={search_term_string}\"},\"query-input\":{\"@type\":\"PropertyValueSpecification\",\"valueRequired\":true,\"valueName\":\"search_term_string\"}}],\"inLanguage\":\"en-US\"}]}<\/script>\n<!-- \/ Yoast SEO Premium plugin. -->","yoast_head_json":{"title":"Gh\u1ebf ch\u1ed1ng t\u0129nh \u0111i\u1ec7n nh\u1ef1a PVC - IMRO Vietnam","robots":{"index":"index","follow":"follow","max-snippet":"max-snippet:-1","max-image-preview":"max-image-preview:large","max-video-preview":"max-video-preview:-1"},"canonical":"https:\/\/imrovietnam.com\/product\/english-chia-se-ghe-chong-tinh-dien-nhua-pvc\/","og_locale":"en_US","og_type":"article","og_title":"Gh\u1ebf ch\u1ed1ng t\u0129nh \u0111i\u1ec7n nh\u1ef1a PVC","og_description":"Ch\u1ea5t li\u1ec7u: Gh\u1ebf PVC, Ch\u00e2n th\u00e9p  M\u00e0u s\u1eafc: \u0110en, Xanh  K\u00edch th\u01b0\u1edbc: 430 x 400 mm  T\u00ednh n\u0103ng: Ch\u1ed1ng t\u0129nh \u0111i\u1ec7n","og_url":"https:\/\/imrovietnam.com\/product\/english-chia-se-ghe-chong-tinh-dien-nhua-pvc\/","og_site_name":"IMRO Vietnam","article_modified_time":"2021-09-07T08:38:13+00:00","og_image":[{"width":470,"height":416,"url":"https:\/\/imrovietnam.com\/wp-content\/uploads\/2021\/08\/ghe-esd-9.jpg","type":"image\/jpeg"}],"twitter_card":"summary_large_image","twitter_misc":{"Est. reading time":"5 minutes"},"schema":{"@context":"https:\/\/schema.org","@graph":[{"@type":"WebPage","@id":"https:\/\/imrovietnam.com\/product\/english-chia-se-ghe-chong-tinh-dien-nhua-pvc\/","url":"https:\/\/imrovietnam.com\/product\/english-chia-se-ghe-chong-tinh-dien-nhua-pvc\/","name":"Gh\u1ebf ch\u1ed1ng t\u0129nh \u0111i\u1ec7n nh\u1ef1a PVC - IMRO Vietnam","isPartOf":{"@id":"https:\/\/imrovietnam.com\/en\/#website"},"primaryImageOfPage":{"@id":"https:\/\/imrovietnam.com\/product\/english-chia-se-ghe-chong-tinh-dien-nhua-pvc\/#primaryimage"},"image":{"@id":"https:\/\/imrovietnam.com\/product\/english-chia-se-ghe-chong-tinh-dien-nhua-pvc\/#primaryimage"},"thumbnailUrl":"https:\/\/imrovietnam.com\/wp-content\/uploads\/2021\/08\/ghe-esd-9.jpg","datePublished":"2021-08-11T04:22:54+00:00","dateModified":"2021-09-07T08:38:13+00:00","breadcrumb":{"@id":"https:\/\/imrovietnam.com\/product\/english-chia-se-ghe-chong-tinh-dien-nhua-pvc\/#breadcrumb"},"inLanguage":"en-US","potentialAction":[{"@type":"ReadAction","target":["https:\/\/imrovietnam.com\/product\/english-chia-se-ghe-chong-tinh-dien-nhua-pvc\/"]}]},{"@type":"ImageObject","inLanguage":"en-US","@id":"https:\/\/imrovietnam.com\/product\/english-chia-se-ghe-chong-tinh-dien-nhua-pvc\/#primaryimage","url":"https:\/\/imrovietnam.com\/wp-content\/uploads\/2021\/08\/ghe-esd-9.jpg","contentUrl":"https:\/\/imrovietnam.com\/wp-content\/uploads\/2021\/08\/ghe-esd-9.jpg","width":470,"height":416},{"@type":"BreadcrumbList","@id":"https:\/\/imrovietnam.com\/product\/english-chia-se-ghe-chong-tinh-dien-nhua-pvc\/#breadcrumb","itemListElement":[{"@type":"ListItem","position":1,"name":"Home","item":"https:\/\/imrovietnam.com\/en\/"},{"@type":"ListItem","position":2,"name":"S\u1ea3n ph\u1ea9m","item":"https:\/\/imrovietnam.com\/shop\/"},{"@type":"ListItem","position":3,"name":"Gh\u1ebf ch\u1ed1ng t\u0129nh \u0111i\u1ec7n nh\u1ef1a PVC"}]},{"@type":"WebSite","@id":"https:\/\/imrovietnam.com\/en\/#website","url":"https:\/\/imrovietnam.com\/en\/","name":"IMRO Vietnam","description":"Your consumables and spare parts store","potentialAction":[{"@type":"SearchAction","target":{"@type":"EntryPoint","urlTemplate":"https:\/\/imrovietnam.com\/en\/?s={search_term_string}"},"query-input":{"@type":"PropertyValueSpecification","valueRequired":true,"valueName":"search_term_string"}}],"inLanguage":"en-US"}]}},"_links":{"self":[{"href":"https:\/\/imrovietnam.com\/en\/wp-json\/wp\/v2\/product\/2061","targetHints":{"allow":["GET"]}}],"collection":[{"href":"https:\/\/imrovietnam.com\/en\/wp-json\/wp\/v2\/product"}],"about":[{"href":"https:\/\/imrovietnam.com\/en\/wp-json\/wp\/v2\/types\/product"}],"replies":[{"embeddable":true,"href":"https:\/\/imrovietnam.com\/en\/wp-json\/wp\/v2\/comments?post=2061"}],"wp:featuredmedia":[{"embeddable":true,"href":"https:\/\/imrovietnam.com\/en\/wp-json\/wp\/v2\/media\/2062"}],"wp:attachment":[{"href":"https:\/\/imrovietnam.com\/en\/wp-json\/wp\/v2\/media?parent=2061"}],"wp:term":[{"taxonomy":"product_brand","embeddable":true,"href":"https:\/\/imrovietnam.com\/en\/wp-json\/wp\/v2\/product_brand?post=2061"},{"taxonomy":"product_cat","embeddable":true,"href":"https:\/\/imrovietnam.com\/en\/wp-json\/wp\/v2\/product_cat?post=2061"},{"taxonomy":"product_tag","embeddable":true,"href":"https:\/\/imrovietnam.com\/en\/wp-json\/wp\/v2\/product_tag?post=2061"}],"curies":[{"name":"wp","href":"https:\/\/api.w.org\/{rel}","templated":true}]}}