{"id":2058,"date":"2021-08-11T11:19:33","date_gmt":"2021-08-11T04:19:33","guid":{"rendered":"https:\/\/imrovietnam.com\/?post_type=product&#038;p=2058"},"modified":"2021-09-05T15:36:16","modified_gmt":"2021-09-05T08:36:16","slug":"english-chia-se-ghe-chong-tinh-dien-chan-thep-mau-dong-den","status":"publish","type":"product","link":"https:\/\/imrovietnam.com\/en\/product\/english-chia-se-ghe-chong-tinh-dien-chan-thep-mau-dong-den\/","title":{"rendered":"Gh\u1ebf ch\u1ed1ng t\u0129nh \u0111i\u1ec7n ch\u00e2n th\u00e9p m\u00e0u \u0111\u1ed3ng, m\u00e0u \u0111en"},"content":{"rendered":"<ul>\n<li>\n<table border=\"0\" width=\"100%\" cellspacing=\"0\" cellpadding=\"0\">\n<tbody>\n<tr>\n<td><strong>Gh\u1ebf d\u1ef1a ch\u1ed1ng t\u0129nh \u0111i\u1ec7n ch\u00e2n th\u00e9p<\/strong><\/td>\n<\/tr>\n<\/tbody>\n<\/table>\n<p>V\u1edbi n\u1ec1n c\u00f4ng nghi\u1ec7p ph\u00e1t tri\u1ec3n nh\u01b0 v\u0169 b\u00e3o hi\u1ec7n nay, b\u00ean c\u1ea1nh d\u00f3 n\u00f3 l\u1ea1i lu\u00f4n \u0111\u01b0\u01a1ng \u0111\u1ea7u v\u1edbi nhi\u1ec1u r\u1ee7i ro v\u1ec1 t\u0129nh \u0111i\u1ec7n cho con ng\u01b0\u1eddi \u1edf trong kh\u00e2u s\u1ea3n xu\u1ea5t v\u00e0 n\u01a1i l\u00e0m vi\u1ec7c.\u00a0<strong>Gh\u1ebf ch\u1ed1ng t\u0129nh \u0111i\u1ec7n\u00a0<\/strong>ph\u00f2ng ch\u1ed1ng t\u0129nh \u0111i\u1ec7n, \u0111\u1ea3m b\u1ea3o \u0111\u1ed9 an to\u00e0n cao cho ng\u01b0\u1eddi s\u1ea3n xu\u1ea5t v\u00e0 m\u00f4i tr\u01b0\u1eddng l\u00e0m vi\u1ec7c.<\/p>\n<p align=\"center\"><img decoding=\"async\" src=\"https:\/\/megaline.com.vn\/upload\/images\/ghe-chong-tinh-dien-chan-thep.jpg\" alt=\"ghe chong tinh dien chan thep\" \/><\/p>\n<p align=\"center\"><em>Gh\u1ebf d\u1ef1a ch\u1ed1ng t\u0129nh \u0111i\u1ec7n ch\u00e2n th\u00e9p<\/em><\/p>\n<p>\u00a0&#8211;\u00a0\u00a0\u00a0\u00a0\u00a0\u00a0\u00a0\u00a0 Ch\u1ea5t li\u1ec7u v\u00e0 ki\u1ec3u d\u00e1ng lu\u00f4n \u0111\u01b0\u1ee3c nh\u00e0 s\u1ea3n xu\u1ea5t h\u01b0\u1edbng t\u1edbi ng\u01b0\u1eddi d\u00f9ng, l\u00e0m gi\u1ea3m thi\u1ec3u s\u1ef1 m\u1ec7t m\u1ecfi cho l\u01b0ng v\u00e0 h\u00f4ng.<\/p>\n<p>&#8211;\u00a0\u00a0\u00a0\u00a0\u00a0\u00a0\u00a0\u00a0 M\u1eb7t gh\u1ebf \u00a0PVC\/PVC v\u1edbi thi\u1ebft k\u1ebf gi\u1ea3 da ch\u1ed1ng t\u0129nh \u0111i\u1ec7n cao, nhi\u1ec1u m\u00e0u s\u1eafc kh\u00e1c nhau cho b\u1ea1n l\u1ef1a ch\u1ecdn.<\/p>\n<p>&#8211;\u00a0\u00a0\u00a0\u00a0\u00a0\u00a0\u00a0\u00a0 S\u1ee9c b\u1ec1n b\u1ec1 m\u1eb7t\u00a0<em>Gh\u1ebf d\u1ef1a ch\u1ed1ng t\u0129nh \u0111i\u1ec7n ch\u00e2n th\u00e9p<\/em>: 10^6 ~ 19^9 \u03a9<\/p>\n<p>&#8211;\u00a0\u00a0\u00a0\u00a0\u00a0\u00a0\u00a0\u00a0 S\u1ea3n ph\u1ea9m \u0111\u01b0\u1ee3c thi\u1ebft k\u1ebf v\u1edbi 4 ch\u00e2n gh\u1ebf m\u1ea1 crom c\u1ed1 \u0111\u1ecbnh kh\u00f4ng g\u1ec9 s\u00e9t v\u00e0 ch\u1ed1ng b\u00e1m b\u1ee5i trong m\u1ecdi m\u00f4i tr\u01b0\u1eddng l\u00e0m vi\u1ec7c.<\/p>\n<p>&#8211;\u00a0\u00a0\u00a0\u00a0\u00a0\u00a0\u00a0\u00a0 Gh\u1ebf ng\u1ed3i 430X400mm<\/p>\n<p>&#8211;\u00a0\u00a0\u00a0\u00a0\u00a0\u00a0\u00a0\u00a0 Chi\u1ec1u cao t\u1ed1i \u0111a 480mm-620mm h\u1ee3p l\u00fd v\u1edbi nhi\u1ec1u lo\u1ea1i b\u00e0n l\u00e0m vi\u1ec7c.<\/p>\n<p>C\u00f4ng ty TNHH IMRO lu\u00f4n h\u01b0\u1edbng t\u1edbi kh\u00e1ch h\u00e0ng, t\u1eeb m\u1eabu m\u00e3 s\u1ea3n ph\u1ea9m v\u00e0 gi\u00e1 c\u1ea3. V\u1edbi s\u1ea3n ph\u1ea9m gh\u1ebf ch\u1ed1ng t\u0129nh \u0111i\u1ec7n cung c\u1ea5p ra th\u1ecb tr\u01b0\u1eddng v\u00e0 c\u00e1c khu c\u00f4ng nghi\u1ec7p v\u1edbi nhi\u1ec1u s\u1ea3n ph\u1ea9m v\u00e0 m\u1eabu m\u00e3 kh\u00e1c nhau, m\u1ee9c gi\u00e1 c\u1ea1nh tranh t\u1ed1t nh\u1ea5t. Ngo\u00e0i ra, IMRO c\u00f2n nh\u1eadn \u0111\u1eb7t c\u00e1c lo\u1ea1i <em><strong>gh\u1ebf ch\u1ed1ng t\u0129nh \u0111i\u1ec7n\u00a0<\/strong><\/em>theo y\u00eau c\u1ea7u ri\u00eang c\u1ee7a t\u1eebng kh\u00e1ch h\u00e0ng.<\/p>\n<p><em><strong>\u00a0\u00a0\u00a0\u00a0\u00a0\u00a0\u00a0\u00a0\u00a0\u00a0\u00a0\u00a0 H\u00e3y g\u1ecdi cho ch\u00fang t\u00f4i ngay khi b\u1ea1n c\u1ea7n v\u1edbi gi\u00e1 t\u1ed1t nh\u1ea5t:<\/strong><\/em><\/li>\n<\/ul>","protected":false},"excerpt":{"rendered":"<ul>\n<li>Ch\u1ea5t li\u1ec7u: Th\u00e9p, da PU<\/li>\n<li><a rel=\"nofollow href=\">M\u00e0u s\u1eafc: \u0110\u1ed3ng<\/a><\/li>\n<li><a rel=\"nofollow href=\">K\u00edch th\u01b0\u1edbc:<\/a><\/li>\n<li><a rel=\"nofollow href=\">T\u00ednh n\u0103ng: Ch\u1ed1ng t\u0129nh \u0111i\u1ec7n<\/a><\/li>\n<\/ul>\n","protected":false},"featured_media":2059,"comment_status":"open","ping_status":"closed","template":"","meta":[],"product_brand":[],"product_cat":[104],"product_tag":[186,305,181,185],"class_list":{"0":"post-2058","1":"product","2":"type-product","3":"status-publish","4":"has-post-thumbnail","6":"product_cat-thiet-bi-phong-sach","7":"product_tag-den","8":"product_tag-esd","9":"product_tag-ghe-chong-tinh-dien","10":"product_tag-ghe-chong-tinh-dien-chan-thep-mau-dong","12":"first","13":"instock","14":"shipping-taxable","15":"product-type-simple"},"yoast_head":"<!-- This site is optimized with the Yoast SEO Premium plugin v25.0 (Yoast SEO v25.2) - https:\/\/yoast.com\/wordpress\/plugins\/seo\/ -->\n<title>Gh\u1ebf ch\u1ed1ng t\u0129nh \u0111i\u1ec7n ch\u00e2n th\u00e9p m\u00e0u \u0111\u1ed3ng, m\u00e0u \u0111en - IMRO Vietnam<\/title>\n<meta name=\"robots\" content=\"index, follow, max-snippet:-1, max-image-preview:large, max-video-preview:-1\" \/>\n<link rel=\"canonical\" href=\"https:\/\/imrovietnam.com\/en\/product\/english-chia-se-ghe-chong-tinh-dien-chan-thep-mau-dong-den\/\" \/>\n<meta property=\"og:locale\" content=\"en_US\" \/>\n<meta property=\"og:type\" content=\"article\" \/>\n<meta property=\"og:title\" content=\"Gh\u1ebf ch\u1ed1ng t\u0129nh \u0111i\u1ec7n ch\u00e2n th\u00e9p m\u00e0u \u0111\u1ed3ng, m\u00e0u \u0111en\" \/>\n<meta property=\"og:description\" content=\"Ch\u1ea5t li\u1ec7u: Th\u00e9p, da PU  M\u00e0u s\u1eafc: \u0110\u1ed3ng  K\u00edch th\u01b0\u1edbc:  T\u00ednh n\u0103ng: Ch\u1ed1ng t\u0129nh \u0111i\u1ec7n\" \/>\n<meta property=\"og:url\" content=\"https:\/\/imrovietnam.com\/en\/product\/english-chia-se-ghe-chong-tinh-dien-chan-thep-mau-dong-den\/\" \/>\n<meta property=\"og:site_name\" content=\"IMRO Vietnam\" \/>\n<meta property=\"article:modified_time\" content=\"2021-09-05T08:36:16+00:00\" \/>\n<meta property=\"og:image\" content=\"https:\/\/imrovietnam.com\/wp-content\/uploads\/2021\/08\/ghe-esd-8.jpg\" \/>\n\t<meta property=\"og:image:width\" content=\"463\" \/>\n\t<meta property=\"og:image:height\" content=\"413\" \/>\n\t<meta property=\"og:image:type\" content=\"image\/jpeg\" \/>\n<meta name=\"twitter:card\" content=\"summary_large_image\" \/>\n<meta name=\"twitter:label1\" content=\"Est. reading time\" \/>\n\t<meta name=\"twitter:data1\" content=\"4 minutes\" \/>\n<script type=\"application\/ld+json\" class=\"yoast-schema-graph\">{\"@context\":\"https:\/\/schema.org\",\"@graph\":[{\"@type\":\"WebPage\",\"@id\":\"https:\/\/imrovietnam.com\/en\/product\/english-chia-se-ghe-chong-tinh-dien-chan-thep-mau-dong-den\/\",\"url\":\"https:\/\/imrovietnam.com\/en\/product\/english-chia-se-ghe-chong-tinh-dien-chan-thep-mau-dong-den\/\",\"name\":\"Gh\u1ebf ch\u1ed1ng t\u0129nh \u0111i\u1ec7n ch\u00e2n th\u00e9p m\u00e0u \u0111\u1ed3ng, m\u00e0u \u0111en - IMRO Vietnam\",\"isPartOf\":{\"@id\":\"https:\/\/imrovietnam.com\/en\/#website\"},\"primaryImageOfPage\":{\"@id\":\"https:\/\/imrovietnam.com\/en\/product\/english-chia-se-ghe-chong-tinh-dien-chan-thep-mau-dong-den\/#primaryimage\"},\"image\":{\"@id\":\"https:\/\/imrovietnam.com\/en\/product\/english-chia-se-ghe-chong-tinh-dien-chan-thep-mau-dong-den\/#primaryimage\"},\"thumbnailUrl\":\"https:\/\/imrovietnam.com\/wp-content\/uploads\/2021\/08\/ghe-esd-8.jpg\",\"datePublished\":\"2021-08-11T04:19:33+00:00\",\"dateModified\":\"2021-09-05T08:36:16+00:00\",\"breadcrumb\":{\"@id\":\"https:\/\/imrovietnam.com\/en\/product\/english-chia-se-ghe-chong-tinh-dien-chan-thep-mau-dong-den\/#breadcrumb\"},\"inLanguage\":\"en-US\",\"potentialAction\":[{\"@type\":\"ReadAction\",\"target\":[\"https:\/\/imrovietnam.com\/en\/product\/english-chia-se-ghe-chong-tinh-dien-chan-thep-mau-dong-den\/\"]}]},{\"@type\":\"ImageObject\",\"inLanguage\":\"en-US\",\"@id\":\"https:\/\/imrovietnam.com\/en\/product\/english-chia-se-ghe-chong-tinh-dien-chan-thep-mau-dong-den\/#primaryimage\",\"url\":\"https:\/\/imrovietnam.com\/wp-content\/uploads\/2021\/08\/ghe-esd-8.jpg\",\"contentUrl\":\"https:\/\/imrovietnam.com\/wp-content\/uploads\/2021\/08\/ghe-esd-8.jpg\",\"width\":463,\"height\":413},{\"@type\":\"BreadcrumbList\",\"@id\":\"https:\/\/imrovietnam.com\/en\/product\/english-chia-se-ghe-chong-tinh-dien-chan-thep-mau-dong-den\/#breadcrumb\",\"itemListElement\":[{\"@type\":\"ListItem\",\"position\":1,\"name\":\"Home\",\"item\":\"https:\/\/imrovietnam.com\/en\/\"},{\"@type\":\"ListItem\",\"position\":2,\"name\":\"S\u1ea3n ph\u1ea9m\",\"item\":\"https:\/\/imrovietnam.com\/shop\/\"},{\"@type\":\"ListItem\",\"position\":3,\"name\":\"Gh\u1ebf ch\u1ed1ng t\u0129nh \u0111i\u1ec7n ch\u00e2n th\u00e9p m\u00e0u \u0111\u1ed3ng, m\u00e0u \u0111en\"}]},{\"@type\":\"WebSite\",\"@id\":\"https:\/\/imrovietnam.com\/en\/#website\",\"url\":\"https:\/\/imrovietnam.com\/en\/\",\"name\":\"IMRO Vietnam\",\"description\":\"Your consumables and spare parts store\",\"potentialAction\":[{\"@type\":\"SearchAction\",\"target\":{\"@type\":\"EntryPoint\",\"urlTemplate\":\"https:\/\/imrovietnam.com\/en\/?s={search_term_string}\"},\"query-input\":{\"@type\":\"PropertyValueSpecification\",\"valueRequired\":true,\"valueName\":\"search_term_string\"}}],\"inLanguage\":\"en-US\"}]}<\/script>\n<!-- \/ Yoast SEO Premium plugin. -->","yoast_head_json":{"title":"Gh\u1ebf ch\u1ed1ng t\u0129nh \u0111i\u1ec7n ch\u00e2n th\u00e9p m\u00e0u \u0111\u1ed3ng, m\u00e0u \u0111en - IMRO Vietnam","robots":{"index":"index","follow":"follow","max-snippet":"max-snippet:-1","max-image-preview":"max-image-preview:large","max-video-preview":"max-video-preview:-1"},"canonical":"https:\/\/imrovietnam.com\/en\/product\/english-chia-se-ghe-chong-tinh-dien-chan-thep-mau-dong-den\/","og_locale":"en_US","og_type":"article","og_title":"Gh\u1ebf ch\u1ed1ng t\u0129nh \u0111i\u1ec7n ch\u00e2n th\u00e9p m\u00e0u \u0111\u1ed3ng, m\u00e0u \u0111en","og_description":"Ch\u1ea5t li\u1ec7u: Th\u00e9p, da PU  M\u00e0u s\u1eafc: \u0110\u1ed3ng  K\u00edch th\u01b0\u1edbc:  T\u00ednh n\u0103ng: Ch\u1ed1ng t\u0129nh \u0111i\u1ec7n","og_url":"https:\/\/imrovietnam.com\/en\/product\/english-chia-se-ghe-chong-tinh-dien-chan-thep-mau-dong-den\/","og_site_name":"IMRO Vietnam","article_modified_time":"2021-09-05T08:36:16+00:00","og_image":[{"width":463,"height":413,"url":"https:\/\/imrovietnam.com\/wp-content\/uploads\/2021\/08\/ghe-esd-8.jpg","type":"image\/jpeg"}],"twitter_card":"summary_large_image","twitter_misc":{"Est. reading time":"4 minutes"},"schema":{"@context":"https:\/\/schema.org","@graph":[{"@type":"WebPage","@id":"https:\/\/imrovietnam.com\/en\/product\/english-chia-se-ghe-chong-tinh-dien-chan-thep-mau-dong-den\/","url":"https:\/\/imrovietnam.com\/en\/product\/english-chia-se-ghe-chong-tinh-dien-chan-thep-mau-dong-den\/","name":"Gh\u1ebf ch\u1ed1ng t\u0129nh \u0111i\u1ec7n ch\u00e2n th\u00e9p m\u00e0u \u0111\u1ed3ng, m\u00e0u \u0111en - IMRO Vietnam","isPartOf":{"@id":"https:\/\/imrovietnam.com\/en\/#website"},"primaryImageOfPage":{"@id":"https:\/\/imrovietnam.com\/en\/product\/english-chia-se-ghe-chong-tinh-dien-chan-thep-mau-dong-den\/#primaryimage"},"image":{"@id":"https:\/\/imrovietnam.com\/en\/product\/english-chia-se-ghe-chong-tinh-dien-chan-thep-mau-dong-den\/#primaryimage"},"thumbnailUrl":"https:\/\/imrovietnam.com\/wp-content\/uploads\/2021\/08\/ghe-esd-8.jpg","datePublished":"2021-08-11T04:19:33+00:00","dateModified":"2021-09-05T08:36:16+00:00","breadcrumb":{"@id":"https:\/\/imrovietnam.com\/en\/product\/english-chia-se-ghe-chong-tinh-dien-chan-thep-mau-dong-den\/#breadcrumb"},"inLanguage":"en-US","potentialAction":[{"@type":"ReadAction","target":["https:\/\/imrovietnam.com\/en\/product\/english-chia-se-ghe-chong-tinh-dien-chan-thep-mau-dong-den\/"]}]},{"@type":"ImageObject","inLanguage":"en-US","@id":"https:\/\/imrovietnam.com\/en\/product\/english-chia-se-ghe-chong-tinh-dien-chan-thep-mau-dong-den\/#primaryimage","url":"https:\/\/imrovietnam.com\/wp-content\/uploads\/2021\/08\/ghe-esd-8.jpg","contentUrl":"https:\/\/imrovietnam.com\/wp-content\/uploads\/2021\/08\/ghe-esd-8.jpg","width":463,"height":413},{"@type":"BreadcrumbList","@id":"https:\/\/imrovietnam.com\/en\/product\/english-chia-se-ghe-chong-tinh-dien-chan-thep-mau-dong-den\/#breadcrumb","itemListElement":[{"@type":"ListItem","position":1,"name":"Home","item":"https:\/\/imrovietnam.com\/en\/"},{"@type":"ListItem","position":2,"name":"S\u1ea3n ph\u1ea9m","item":"https:\/\/imrovietnam.com\/shop\/"},{"@type":"ListItem","position":3,"name":"Gh\u1ebf ch\u1ed1ng t\u0129nh \u0111i\u1ec7n ch\u00e2n th\u00e9p m\u00e0u \u0111\u1ed3ng, m\u00e0u \u0111en"}]},{"@type":"WebSite","@id":"https:\/\/imrovietnam.com\/en\/#website","url":"https:\/\/imrovietnam.com\/en\/","name":"IMRO Vietnam","description":"Your consumables and spare parts store","potentialAction":[{"@type":"SearchAction","target":{"@type":"EntryPoint","urlTemplate":"https:\/\/imrovietnam.com\/en\/?s={search_term_string}"},"query-input":{"@type":"PropertyValueSpecification","valueRequired":true,"valueName":"search_term_string"}}],"inLanguage":"en-US"}]}},"_links":{"self":[{"href":"https:\/\/imrovietnam.com\/en\/wp-json\/wp\/v2\/product\/2058","targetHints":{"allow":["GET"]}}],"collection":[{"href":"https:\/\/imrovietnam.com\/en\/wp-json\/wp\/v2\/product"}],"about":[{"href":"https:\/\/imrovietnam.com\/en\/wp-json\/wp\/v2\/types\/product"}],"replies":[{"embeddable":true,"href":"https:\/\/imrovietnam.com\/en\/wp-json\/wp\/v2\/comments?post=2058"}],"wp:featuredmedia":[{"embeddable":true,"href":"https:\/\/imrovietnam.com\/en\/wp-json\/wp\/v2\/media\/2059"}],"wp:attachment":[{"href":"https:\/\/imrovietnam.com\/en\/wp-json\/wp\/v2\/media?parent=2058"}],"wp:term":[{"taxonomy":"product_brand","embeddable":true,"href":"https:\/\/imrovietnam.com\/en\/wp-json\/wp\/v2\/product_brand?post=2058"},{"taxonomy":"product_cat","embeddable":true,"href":"https:\/\/imrovietnam.com\/en\/wp-json\/wp\/v2\/product_cat?post=2058"},{"taxonomy":"product_tag","embeddable":true,"href":"https:\/\/imrovietnam.com\/en\/wp-json\/wp\/v2\/product_tag?post=2058"}],"curies":[{"name":"wp","href":"https:\/\/api.w.org\/{rel}","templated":true}]}}