{"id":2046,"date":"2021-08-11T10:55:29","date_gmt":"2021-08-11T03:55:29","guid":{"rendered":"https:\/\/imrovietnam.com\/?post_type=product&#038;p=2046"},"modified":"2021-09-07T15:40:40","modified_gmt":"2021-09-07T08:40:40","slug":"english-ghe-co-tua-mau-xanh-han-quoc-chong-tinh-dien","status":"publish","type":"product","link":"https:\/\/imrovietnam.com\/en\/product\/english-ghe-co-tua-mau-xanh-han-quoc-chong-tinh-dien\/","title":{"rendered":"Gh\u1ebf c\u00f3 t\u1ef1a m\u00e0u xanh H\u00e0n Qu\u1ed1c ch\u1ed1ng t\u0129nh \u0111i\u1ec7n"},"content":{"rendered":"<p><strong>Gh\u1ebf ch\u1ed1ng t\u0129nh \u0111i\u1ec7n c\u00f3 t\u1ef1a m\u00e0u xanh H\u00e0n Qu\u1ed1c<\/strong><\/p>\n<p>Trong qua\u0301 tri\u0300nh hoat \u0111\u00f4\u0323ng va\u0300 sa\u0309n xu\u00e2\u0301t cu\u0309a con ng\u01b0\u01a1\u0300i chu\u0301ng ta th\u01b0\u01a1ng xuy\u00ean\u00a0 se\u0303 xa\u0309y ra hi\u00ea\u0323n t\u01b0\u01a1\u0323ng sinh ra \u0111i\u00ea\u0323n t\u01b0\u0300 tr\u01b0\u01a1\u0300ng. Nh\u01b0\u0303ng \u0111i\u00ea\u0323n a\u0301p th\u00e2\u0301p ma\u0300 con ng\u01b0\u01a1\u0300i chu\u0301ng ta kh\u00f4ng th\u00ea\u0309 nh\u00e2\u0323n ra \u0111\u01b0\u01a1\u0323c, nh\u01b0ng khi chu\u0301ng ta trong m\u00f4i tr\u01b0\u01a1\u0300ng nha\u0323y ca\u0309m v\u00ea\u0300 ca\u0301c ngu\u00f4\u0300n \u0111i\u00ea\u0323n nh\u01b0 d\u00e2y chuy\u00ea\u0300n sa\u0309n xu\u00e2\u0301t ca\u0301c con ma\u0323ch vi \u0111i\u00ea\u0323n t\u01b0\u0309 thi\u0300 \u0111\u00e2y qua\u0309 la\u0300 m\u00f4\u0323t v\u00e2\u0301n \u0111\u00ea\u0300 nghi\u00ea\u0323m tro\u0323ng vi\u0300 no\u0301 co\u0301 th\u00ea\u0309 la\u0300m cho nh\u01b0\u0303ng v\u00e2\u0323t du\u0323ng ma\u0300 chu\u0301ng ta \u0111ang s\u01b0\u0309 du\u0323ng co\u0301 th\u00ea\u0309 bi\u0323 ho\u0309ng va\u0300 kh\u00f4ng co\u0300n \u0111\u01b0\u01a1\u0323c s\u01b0\u0309 du\u0323ng nh\u01b0 mong mu\u00f4\u0301n trong qua\u0301 tri\u0300nh ma\u0300 chu\u0301ng ta sa\u0309n xu\u00e2\u0301t.<\/p>\n<p>V\u00e2\u0323y ba\u0323n ha\u0303y ti\u0300m cho mi\u0300nh nh\u01b0\u0303ng ca\u0301ch \u0111\u00ea\u0309 co\u0301 th\u00ea\u0309 ba\u0309o v\u00ea\u0323 con ng\u01b0\u01a1\u0300i va\u0300 nh\u01b0\u0303ng sa\u0309n ph\u00e2\u0309m ma\u0300 chu\u0301ng ta \u0111ang s\u01b0\u0309 du\u0323ng. Chu\u0301ng t\u00f4i xin gi\u01a1\u0301i thi\u00ea\u0323u \u0111\u00ea\u0301n ba\u0323n nh\u01b0\u0303ng chi\u00ea\u0301c gh\u00ea\u0301 ch\u00f4\u0301ng ti\u0303nh \u0111i\u00ea\u0323n hi\u00ea\u0309u qua\u0309 nh\u00e2\u0301t va\u0300 ch\u00e2\u0301t l\u01b0\u01a1\u0323ng nh\u00e2\u0301t.<\/p>\n<p>Trong m\u00f4i tr\u01b0\u01a1\u0300ng sa\u0309n xu\u00e2\u0301t pho\u0300ng sa\u0323ch va\u0300 ch\u00f4\u0301ng ti\u0303nh \u0111i\u00ea\u0323n ba\u0323n kh\u00f4ng th\u00ea\u0309 s\u01b0\u0309 du\u0323ng nh\u01b0\u0303ng chi\u00ea\u0301c gh\u00ea\u0301 th\u00f4ng th\u01b0\u01a1\u0300ng kh\u00f4ng co\u0301 ch\u00f4\u0303ng ti\u0303nh \u0111i\u00ea\u0323n. Nh\u01b0\u0303ng chi\u00ea\u0301c gh\u00ea\u0301 ch\u00e2\u0301t l\u01b0\u01a1\u0323ng cu\u0309a chu\u0301ng t\u00f4i ngoa\u0300i vi\u00ea\u0323c \u0111a\u0323t \u0111\u00f4\u0323 chu\u00e2\u0309n pho\u0300ng sa\u0323ch t\u00f4\u0301t nh\u00e2\u0301t ma\u0300 co\u0300n co\u0301 \u0111\u00f4\u0323 ch\u00f4\u0303ng ti\u0303nh \u0111i\u00ea\u0323n r\u00e2\u0301t t\u00f4\u0301t va\u0300 \u0111a\u0309m ba\u0309o \u0111\u01b0\u01a1\u0323c y\u00eau c\u00e2\u0300u cu\u0309a pho\u0300ng ch\u00f4\u0301ng ti\u0303nh \u0111i\u00ea\u0323n.<\/p>\n<p><img loading=\"lazy\" decoding=\"async\" class=\"wp-image-2047  aligncenter\" style=\"color: #555555;\" src=\"https:\/\/imrovietnam.com\/wp-content\/uploads\/2021\/08\/ghe-esd-5.jpg\" alt=\"Gh\u1ebf c\u00f3 t\u1ef1a m\u00e0u xanh H\u00e0n Qu\u1ed1c ch\u1ed1ng t\u0129nh \u0111i\u1ec7n\" width=\"290\" height=\"407\" srcset=\"https:\/\/imrovietnam.com\/wp-content\/uploads\/2021\/08\/ghe-esd-5.jpg 515w, https:\/\/imrovietnam.com\/wp-content\/uploads\/2021\/08\/ghe-esd-5-285x400.jpg 285w, https:\/\/imrovietnam.com\/wp-content\/uploads\/2021\/08\/ghe-esd-5-510x715.jpg 510w\" sizes=\"auto, (max-width: 290px) 100vw, 290px\" \/><\/p>\n<p>M\u0103\u0323t gh\u00ea\u0301 va\u0300 t\u01b0\u0323a \u0111\u00ea\u0309 l\u01b0ng \u0111\u01b0\u01a1\u0323c bo\u0323c b\u0103\u0300ng m\u00f4\u0323t l\u01a1\u0301p da sa\u0301ng bo\u0301ng b\u00ea\u0300n \u0111e\u0323p kh\u00f4ng bi\u0323 ma\u0300i mo\u0300n va\u0300 tro\u0301c v\u00e2\u0309y trong qua\u0301 tri\u0300nh s\u01b0\u0309 du\u0323ng l\u00e2u da\u0300i. L\u01a1\u0301p da na\u0300y \u0111\u01b0\u01a1\u0323c phu\u0309 m\u00f4\u0323t l\u01a1\u0301p PU ch\u00f4\u0301ng ti\u0303nh \u0111i\u00ea\u0323n hoang toa\u0300n va\u0300 b\u00ea\u0300n \u0111e\u0323p qua qua\u0301 tri\u0300nh s\u01b0\u0309 du\u0323ng.<\/p>\n<p>Ngoa\u0300i ra gh\u00ea\u0301 co\u0300n co\u0301 vo\u0300ng ch\u00e2\u0323n ti\u00ea\u0323n du\u0323ng v\u01b0\u0300a la\u0300m cho chi\u00ea\u0301c gh\u00ea\u0301 th\u00eam co\u0301 \u0111i\u00ea\u0309m nh\u00e2\u0301n ti\u00ea\u0323n du\u0323ng, va\u0300 \u0111\u00e2y cu\u0303ng la\u0300 m\u00f4\u0323t chi ti\u00ea\u0301t cho chu\u0301ng ta \u0111\u00ea\u0309 ch\u00e2n l\u00ean cha\u0301nh vi\u00ea\u0323 du\u00f4\u0303i th\u0103\u0309ng ch\u00e2n chong th\u01a1\u0300i gian gian da\u0300i g\u00e2y mo\u0309i m\u00ea\u0323t cho c\u00f4ng nh\u00e2n<\/p>\n<p>V\u01a1\u0301i nh\u01b0\u0303ng chia se\u0309 tr\u00ean chu\u0301ng t\u00f4i mong mu\u00f4\u0301n ph\u00e2\u0300n na\u0300o cung c\u00e2\u0301p cho ba\u0323n nh\u01b0\u0303ng ki\u00ea\u0301n th\u01b0\u0301c. \u0110\u00ea\u0309 co\u0301 th\u00ea\u0309 giu\u0301p ba\u0323n cho\u0323n mua \u0111\u01b0\u01a1\u0323c nh\u01b0\u0303ng sa\u0309n ph\u00e2\u0309m t\u00f4\u0301t nh\u00e2\u0301t v\u01a1\u0301i ch\u00e2\u0301t l\u01b0\u01a1\u0323ng cu\u0303ng nh\u01b0 gia\u0301 ca\u0309 pha\u0309i ch\u0103ng phu\u0300 h\u01a1\u0323p v\u01a1\u0301i nhu c\u00e2\u0300u s\u01b0\u0309 du\u0323ng cu\u0309a ba\u0323n<\/p>\n<p>Mo\u0323i th\u0103\u0301c m\u0103\u0301c hay mua ha\u0300ng ba\u0323n vui lo\u0300ng li\u00ean h\u00ea\u0323 v\u01a1\u0301i chu\u0301ng t\u00f4i \u0111\u00ea\u0309 \u0111\u01b0\u01a1\u0323c t\u01b0 v\u00e2\u0301n va\u0300 cng c\u00e2\u0301p \u0111\u00ea\u0301n ba\u0323n nh\u01b0ng sa\u0309n ph\u00e2\u0309m ch\u00e2\u0301t l\u01b0\u01a1\u0323ng phu\u0300 h\u01a1\u0323p nh\u00e2\u0301t v\u01a1\u0301i sa\u0309n ph\u00e2\u0309m ma\u0300 ba\u0323n \u0111ang ti\u0300m ki\u00ea\u0301m<\/p>\n","protected":false},"excerpt":{"rendered":"<p>Gh\u1ebf ch\u1ed1ng t\u0129nh \u0111i\u1ec7n c\u00f3 t\u1ef1a m\u00e0u xanh H\u00e0n Qu\u1ed1c Trong qua\u0301 tri\u0300nh hoat \u0111\u00f4\u0323ng va\u0300 sa\u0309n xu\u00e2\u0301t cu\u0309a con ng\u01b0\u01a1\u0300i chu\u0301ng ta th\u01b0\u01a1ng xuy\u00ean\u00a0 se\u0303 xa\u0309y ra hi\u00ea\u0323n t\u01b0\u01a1\u0323ng sinh ra \u0111i\u00ea\u0323n t\u01b0\u0300 tr\u01b0\u01a1\u0300ng. Nh\u01b0\u0303ng \u0111i\u00ea\u0323n a\u0301p th\u00e2\u0301p ma\u0300 con ng\u01b0\u01a1\u0300i chu\u0301ng ta kh\u00f4ng th\u00ea\u0309 nh\u00e2\u0323n ra \u0111\u01b0\u01a1\u0323c, nh\u01b0ng khi chu\u0301ng ta trong m\u00f4i [&#8230;]\n","protected":false},"featured_media":2051,"comment_status":"open","ping_status":"closed","template":"","meta":[],"product_brand":[],"product_cat":[104],"product_tag":[307,302,181,189,325,303,304],"class_list":{"0":"post-2046","1":"product","2":"type-product","3":"status-publish","4":"has-post-thumbnail","6":"product_cat-thiet-bi-phong-sach","7":"product_tag-dien-tu","8":"product_tag-ghe","9":"product_tag-ghe-chong-tinh-dien","10":"product_tag-ghe-co-tua-mau-xanh-han-quoc-chong-tinh-dien","11":"product_tag-nha-may","12":"product_tag-tinh-dien","13":"product_tag-xoay","15":"first","16":"instock","17":"shipping-taxable","18":"product-type-simple"},"yoast_head":"<!-- This site is optimized with the Yoast SEO Premium plugin v25.0 (Yoast SEO v25.2) - https:\/\/yoast.com\/wordpress\/plugins\/seo\/ -->\n<title>Gh\u1ebf c\u00f3 t\u1ef1a m\u00e0u xanh H\u00e0n Qu\u1ed1c ch\u1ed1ng t\u0129nh \u0111i\u1ec7n - IMRO Vietnam<\/title>\n<meta name=\"robots\" content=\"index, follow, max-snippet:-1, max-image-preview:large, max-video-preview:-1\" \/>\n<link rel=\"canonical\" href=\"https:\/\/imrovietnam.com\/product\/english-ghe-co-tua-mau-xanh-han-quoc-chong-tinh-dien\/\" \/>\n<meta property=\"og:locale\" content=\"en_US\" \/>\n<meta property=\"og:type\" content=\"article\" \/>\n<meta property=\"og:title\" content=\"Gh\u1ebf c\u00f3 t\u1ef1a m\u00e0u xanh H\u00e0n Qu\u1ed1c ch\u1ed1ng t\u0129nh \u0111i\u1ec7n\" \/>\n<meta property=\"og:description\" content=\"Gh\u1ebf ch\u1ed1ng t\u0129nh \u0111i\u1ec7n c\u00f3 t\u1ef1a m\u00e0u xanh H\u00e0n Qu\u1ed1c Trong qua\u0301 tri\u0300nh hoat \u0111\u00f4\u0323ng va\u0300 sa\u0309n xu\u00e2\u0301t cu\u0309a con ng\u01b0\u01a1\u0300i chu\u0301ng ta th\u01b0\u01a1ng xuy\u00ean\u00a0 se\u0303 xa\u0309y ra hi\u00ea\u0323n t\u01b0\u01a1\u0323ng sinh ra \u0111i\u00ea\u0323n t\u01b0\u0300 tr\u01b0\u01a1\u0300ng. Nh\u01b0\u0303ng \u0111i\u00ea\u0323n a\u0301p th\u00e2\u0301p ma\u0300 con ng\u01b0\u01a1\u0300i chu\u0301ng ta kh\u00f4ng th\u00ea\u0309 nh\u00e2\u0323n ra \u0111\u01b0\u01a1\u0323c, nh\u01b0ng khi chu\u0301ng ta trong m\u00f4i [...]\" \/>\n<meta property=\"og:url\" content=\"https:\/\/imrovietnam.com\/product\/english-ghe-co-tua-mau-xanh-han-quoc-chong-tinh-dien\/\" \/>\n<meta property=\"og:site_name\" content=\"IMRO Vietnam\" \/>\n<meta property=\"article:modified_time\" content=\"2021-09-07T08:40:40+00:00\" \/>\n<meta property=\"og:image\" content=\"https:\/\/imrovietnam.com\/wp-content\/uploads\/2021\/08\/ghe-esd-5-2.jpg\" \/>\n\t<meta property=\"og:image:width\" content=\"537\" \/>\n\t<meta property=\"og:image:height\" content=\"588\" \/>\n\t<meta property=\"og:image:type\" content=\"image\/jpeg\" \/>\n<meta name=\"twitter:card\" content=\"summary_large_image\" \/>\n<meta name=\"twitter:label1\" content=\"Est. reading time\" \/>\n\t<meta name=\"twitter:data1\" content=\"3 minutes\" \/>\n<script type=\"application\/ld+json\" class=\"yoast-schema-graph\">{\"@context\":\"https:\/\/schema.org\",\"@graph\":[{\"@type\":\"WebPage\",\"@id\":\"https:\/\/imrovietnam.com\/product\/english-ghe-co-tua-mau-xanh-han-quoc-chong-tinh-dien\/\",\"url\":\"https:\/\/imrovietnam.com\/product\/english-ghe-co-tua-mau-xanh-han-quoc-chong-tinh-dien\/\",\"name\":\"Gh\u1ebf c\u00f3 t\u1ef1a m\u00e0u xanh H\u00e0n Qu\u1ed1c ch\u1ed1ng t\u0129nh \u0111i\u1ec7n - IMRO Vietnam\",\"isPartOf\":{\"@id\":\"https:\/\/imrovietnam.com\/en\/#website\"},\"primaryImageOfPage\":{\"@id\":\"https:\/\/imrovietnam.com\/product\/english-ghe-co-tua-mau-xanh-han-quoc-chong-tinh-dien\/#primaryimage\"},\"image\":{\"@id\":\"https:\/\/imrovietnam.com\/product\/english-ghe-co-tua-mau-xanh-han-quoc-chong-tinh-dien\/#primaryimage\"},\"thumbnailUrl\":\"https:\/\/imrovietnam.com\/wp-content\/uploads\/2021\/08\/ghe-esd-5-2.jpg\",\"datePublished\":\"2021-08-11T03:55:29+00:00\",\"dateModified\":\"2021-09-07T08:40:40+00:00\",\"breadcrumb\":{\"@id\":\"https:\/\/imrovietnam.com\/product\/english-ghe-co-tua-mau-xanh-han-quoc-chong-tinh-dien\/#breadcrumb\"},\"inLanguage\":\"en-US\",\"potentialAction\":[{\"@type\":\"ReadAction\",\"target\":[\"https:\/\/imrovietnam.com\/product\/english-ghe-co-tua-mau-xanh-han-quoc-chong-tinh-dien\/\"]}]},{\"@type\":\"ImageObject\",\"inLanguage\":\"en-US\",\"@id\":\"https:\/\/imrovietnam.com\/product\/english-ghe-co-tua-mau-xanh-han-quoc-chong-tinh-dien\/#primaryimage\",\"url\":\"https:\/\/imrovietnam.com\/wp-content\/uploads\/2021\/08\/ghe-esd-5-2.jpg\",\"contentUrl\":\"https:\/\/imrovietnam.com\/wp-content\/uploads\/2021\/08\/ghe-esd-5-2.jpg\",\"width\":537,\"height\":588},{\"@type\":\"BreadcrumbList\",\"@id\":\"https:\/\/imrovietnam.com\/product\/english-ghe-co-tua-mau-xanh-han-quoc-chong-tinh-dien\/#breadcrumb\",\"itemListElement\":[{\"@type\":\"ListItem\",\"position\":1,\"name\":\"Home\",\"item\":\"https:\/\/imrovietnam.com\/en\/\"},{\"@type\":\"ListItem\",\"position\":2,\"name\":\"S\u1ea3n ph\u1ea9m\",\"item\":\"https:\/\/imrovietnam.com\/shop\/\"},{\"@type\":\"ListItem\",\"position\":3,\"name\":\"Gh\u1ebf c\u00f3 t\u1ef1a m\u00e0u xanh H\u00e0n Qu\u1ed1c ch\u1ed1ng t\u0129nh \u0111i\u1ec7n\"}]},{\"@type\":\"WebSite\",\"@id\":\"https:\/\/imrovietnam.com\/en\/#website\",\"url\":\"https:\/\/imrovietnam.com\/en\/\",\"name\":\"IMRO Vietnam\",\"description\":\"Your consumables and spare parts store\",\"potentialAction\":[{\"@type\":\"SearchAction\",\"target\":{\"@type\":\"EntryPoint\",\"urlTemplate\":\"https:\/\/imrovietnam.com\/en\/?s={search_term_string}\"},\"query-input\":{\"@type\":\"PropertyValueSpecification\",\"valueRequired\":true,\"valueName\":\"search_term_string\"}}],\"inLanguage\":\"en-US\"}]}<\/script>\n<!-- \/ Yoast SEO Premium plugin. -->","yoast_head_json":{"title":"Gh\u1ebf c\u00f3 t\u1ef1a m\u00e0u xanh H\u00e0n Qu\u1ed1c ch\u1ed1ng t\u0129nh \u0111i\u1ec7n - IMRO Vietnam","robots":{"index":"index","follow":"follow","max-snippet":"max-snippet:-1","max-image-preview":"max-image-preview:large","max-video-preview":"max-video-preview:-1"},"canonical":"https:\/\/imrovietnam.com\/product\/english-ghe-co-tua-mau-xanh-han-quoc-chong-tinh-dien\/","og_locale":"en_US","og_type":"article","og_title":"Gh\u1ebf c\u00f3 t\u1ef1a m\u00e0u xanh H\u00e0n Qu\u1ed1c ch\u1ed1ng t\u0129nh \u0111i\u1ec7n","og_description":"Gh\u1ebf ch\u1ed1ng t\u0129nh \u0111i\u1ec7n c\u00f3 t\u1ef1a m\u00e0u xanh H\u00e0n Qu\u1ed1c Trong qua\u0301 tri\u0300nh hoat \u0111\u00f4\u0323ng va\u0300 sa\u0309n xu\u00e2\u0301t cu\u0309a con ng\u01b0\u01a1\u0300i chu\u0301ng ta th\u01b0\u01a1ng xuy\u00ean\u00a0 se\u0303 xa\u0309y ra hi\u00ea\u0323n t\u01b0\u01a1\u0323ng sinh ra \u0111i\u00ea\u0323n t\u01b0\u0300 tr\u01b0\u01a1\u0300ng. Nh\u01b0\u0303ng \u0111i\u00ea\u0323n a\u0301p th\u00e2\u0301p ma\u0300 con ng\u01b0\u01a1\u0300i chu\u0301ng ta kh\u00f4ng th\u00ea\u0309 nh\u00e2\u0323n ra \u0111\u01b0\u01a1\u0323c, nh\u01b0ng khi chu\u0301ng ta trong m\u00f4i [...]","og_url":"https:\/\/imrovietnam.com\/product\/english-ghe-co-tua-mau-xanh-han-quoc-chong-tinh-dien\/","og_site_name":"IMRO Vietnam","article_modified_time":"2021-09-07T08:40:40+00:00","og_image":[{"width":537,"height":588,"url":"https:\/\/imrovietnam.com\/wp-content\/uploads\/2021\/08\/ghe-esd-5-2.jpg","type":"image\/jpeg"}],"twitter_card":"summary_large_image","twitter_misc":{"Est. reading time":"3 minutes"},"schema":{"@context":"https:\/\/schema.org","@graph":[{"@type":"WebPage","@id":"https:\/\/imrovietnam.com\/product\/english-ghe-co-tua-mau-xanh-han-quoc-chong-tinh-dien\/","url":"https:\/\/imrovietnam.com\/product\/english-ghe-co-tua-mau-xanh-han-quoc-chong-tinh-dien\/","name":"Gh\u1ebf c\u00f3 t\u1ef1a m\u00e0u xanh H\u00e0n Qu\u1ed1c ch\u1ed1ng t\u0129nh \u0111i\u1ec7n - IMRO Vietnam","isPartOf":{"@id":"https:\/\/imrovietnam.com\/en\/#website"},"primaryImageOfPage":{"@id":"https:\/\/imrovietnam.com\/product\/english-ghe-co-tua-mau-xanh-han-quoc-chong-tinh-dien\/#primaryimage"},"image":{"@id":"https:\/\/imrovietnam.com\/product\/english-ghe-co-tua-mau-xanh-han-quoc-chong-tinh-dien\/#primaryimage"},"thumbnailUrl":"https:\/\/imrovietnam.com\/wp-content\/uploads\/2021\/08\/ghe-esd-5-2.jpg","datePublished":"2021-08-11T03:55:29+00:00","dateModified":"2021-09-07T08:40:40+00:00","breadcrumb":{"@id":"https:\/\/imrovietnam.com\/product\/english-ghe-co-tua-mau-xanh-han-quoc-chong-tinh-dien\/#breadcrumb"},"inLanguage":"en-US","potentialAction":[{"@type":"ReadAction","target":["https:\/\/imrovietnam.com\/product\/english-ghe-co-tua-mau-xanh-han-quoc-chong-tinh-dien\/"]}]},{"@type":"ImageObject","inLanguage":"en-US","@id":"https:\/\/imrovietnam.com\/product\/english-ghe-co-tua-mau-xanh-han-quoc-chong-tinh-dien\/#primaryimage","url":"https:\/\/imrovietnam.com\/wp-content\/uploads\/2021\/08\/ghe-esd-5-2.jpg","contentUrl":"https:\/\/imrovietnam.com\/wp-content\/uploads\/2021\/08\/ghe-esd-5-2.jpg","width":537,"height":588},{"@type":"BreadcrumbList","@id":"https:\/\/imrovietnam.com\/product\/english-ghe-co-tua-mau-xanh-han-quoc-chong-tinh-dien\/#breadcrumb","itemListElement":[{"@type":"ListItem","position":1,"name":"Home","item":"https:\/\/imrovietnam.com\/en\/"},{"@type":"ListItem","position":2,"name":"S\u1ea3n ph\u1ea9m","item":"https:\/\/imrovietnam.com\/shop\/"},{"@type":"ListItem","position":3,"name":"Gh\u1ebf c\u00f3 t\u1ef1a m\u00e0u xanh H\u00e0n Qu\u1ed1c ch\u1ed1ng t\u0129nh \u0111i\u1ec7n"}]},{"@type":"WebSite","@id":"https:\/\/imrovietnam.com\/en\/#website","url":"https:\/\/imrovietnam.com\/en\/","name":"IMRO Vietnam","description":"Your consumables and spare parts store","potentialAction":[{"@type":"SearchAction","target":{"@type":"EntryPoint","urlTemplate":"https:\/\/imrovietnam.com\/en\/?s={search_term_string}"},"query-input":{"@type":"PropertyValueSpecification","valueRequired":true,"valueName":"search_term_string"}}],"inLanguage":"en-US"}]}},"_links":{"self":[{"href":"https:\/\/imrovietnam.com\/en\/wp-json\/wp\/v2\/product\/2046","targetHints":{"allow":["GET"]}}],"collection":[{"href":"https:\/\/imrovietnam.com\/en\/wp-json\/wp\/v2\/product"}],"about":[{"href":"https:\/\/imrovietnam.com\/en\/wp-json\/wp\/v2\/types\/product"}],"replies":[{"embeddable":true,"href":"https:\/\/imrovietnam.com\/en\/wp-json\/wp\/v2\/comments?post=2046"}],"wp:featuredmedia":[{"embeddable":true,"href":"https:\/\/imrovietnam.com\/en\/wp-json\/wp\/v2\/media\/2051"}],"wp:attachment":[{"href":"https:\/\/imrovietnam.com\/en\/wp-json\/wp\/v2\/media?parent=2046"}],"wp:term":[{"taxonomy":"product_brand","embeddable":true,"href":"https:\/\/imrovietnam.com\/en\/wp-json\/wp\/v2\/product_brand?post=2046"},{"taxonomy":"product_cat","embeddable":true,"href":"https:\/\/imrovietnam.com\/en\/wp-json\/wp\/v2\/product_cat?post=2046"},{"taxonomy":"product_tag","embeddable":true,"href":"https:\/\/imrovietnam.com\/en\/wp-json\/wp\/v2\/product_tag?post=2046"}],"curies":[{"name":"wp","href":"https:\/\/api.w.org\/{rel}","templated":true}]}}