{"id":2043,"date":"2021-08-11T10:47:33","date_gmt":"2021-08-11T03:47:33","guid":{"rendered":"https:\/\/imrovietnam.com\/?post_type=product&#038;p=2043"},"modified":"2021-09-07T15:08:01","modified_gmt":"2021-09-07T08:08:01","slug":"english-chia-se-ghe-chong-tinh-dien-mat-lo-chan-co-dinh","status":"publish","type":"product","link":"https:\/\/imrovietnam.com\/en\/product\/english-chia-se-ghe-chong-tinh-dien-mat-lo-chan-co-dinh\/","title":{"rendered":"Gh\u1ebf ch\u1ed1ng t\u0129nh \u0111i\u1ec7n m\u1eb7t l\u1ed7 ch\u00e2n c\u1ed1 \u0111\u1ecbnh"},"content":{"rendered":"<h2><strong>Gh\u1ebf ch\u1ed1ng t\u0129nh \u0111i\u1ec7n m\u1eb7t l\u1ed7 ch\u00e2n c\u1ed1 \u0111\u1ecbnh<\/strong><\/h2>\n<p>Ng\u00e0y nay v\u1edbi nh\u1eefng s\u1ea3n ph\u1ea9m\u00a0gh\u1ebf ch\u1ed1ng t\u0129nh \u0111i\u1ec7n\u00a0\u0111\u00e3 kh\u00f4ng c\u00f2n xa l\u1ea1 \u0111\u1ed1i v\u1edbi m\u1ecdi ng\u01b0\u1eddi n\u1eefa, nh\u1ea5t l\u00e0 \u0111\u1ed1i v\u1edbi nh\u01b0ng ng\u01b0\u1eddi l\u00e0m vi\u1ec7c trong m\u00f4i tr\u01b0\u1eddng ph\u00f2ng nghi\u00ean c\u1ee9u, ph\u00f2ng s\u1ea1ch<\/p>\n<h2><strong>S\u1ea3n ph\u1ea9m c\u00f3 nh\u01b0ng \u0111\u1eb7c \u0111i\u1ec3m n\u1ed5i b\u1eadt sau \u0111\u00e2y<\/strong><\/h2>\n<ul>\n<li>M\u1eb7t gh\u1ebf \u0111\u01b0\u1ee3c l\u00e0m b\u1eb1ng da d\u1ea1ng h\u00ecnh tr\u00f2n c\u00f3 l\u1ed7, c\u00f3 kh\u1ea3 n\u0103ng ch\u1ed1ng t\u0129nh \u0111i\u1ec7n c\u1ef1c t\u1ed1t<\/li>\n<li>Tr\u1ee5c gh\u1ebf \u0111\u01b0\u1ee3c l\u00e0m b\u1eb1ng th\u00e9p ch\u1ed1ng g\u1ec9 v\u00e0 \u0111\u01b0\u1ee3c ph\u1ee7 m\u1ed9t l\u1edbp m\u1ea1 crom nh\u00ecn r\u1ea5t s\u1ea1ch s\u1ebd, ph\u00f9 h\u1ee3p trong m\u00f4i tr\u01b0\u1eddng l\u00e0m vi\u1ec7c \u0111\u00f2i h\u1ecfi r\u1ea5t nhi\u1ec1u v\u1ec1 v\u1ec7 sinh an to\u00e0n<\/li>\n<li>Ch\u00e2n gh\u00ea l\u00e0m b\u1eb1ng th\u00e9p \u0111\u01b0\u1ee3c thi\u1ebft k\u1ebf 5 ch\u00e2n c\u1ed1 \u0111\u1ecbnh, t\u1ea1o c\u1ea3m gi\u00e1c v\u00f4 c\u00f9ng ch\u1eafc ch\u1eafn.<\/li>\n<li>Ch\u1ec9 s\u1ed1 ch\u1ed1ng t\u0129nh \u0111i\u1ec7n 10^6 &#8211; 10^9<img loading=\"lazy\" decoding=\"async\" class=\"aligncenter wp-image-2044 size-full\" style=\"color: #555555;\" src=\"https:\/\/imrovietnam.com\/wp-content\/uploads\/2021\/08\/ghe-esd-4.jpg\" alt=\"Gh\u1ebf ch\u1ed1ng t\u0129nh \u0111i\u1ec7n m\u1eb7t l\u1ed7 ch\u00e2n c\u1ed1 \u0111\u1ecbnh\" width=\"470\" height=\"416\" srcset=\"https:\/\/imrovietnam.com\/wp-content\/uploads\/2021\/08\/ghe-esd-4.jpg 470w, https:\/\/imrovietnam.com\/wp-content\/uploads\/2021\/08\/ghe-esd-4-452x400.jpg 452w\" sizes=\"auto, (max-width: 470px) 100vw, 470px\" \/><\/li>\n<\/ul>\n<h2><strong>\u01afu \u0111i\u1ec3m c\u1ee7a gh\u1ebf ch\u1ed1ng t\u0129nh \u0111i\u1ec7n m\u1eb7t l\u1ed7 ch\u00e2n c\u1ed1 \u0111\u1ecbnh<\/strong><\/h2>\n<ul>\n<li>Gh\u1ebf \u0111\u01b0\u1ee3c trang b\u1ecb l\u1ef1c treo khi n\u00e9n gi\u00fap kh\u00e1ch h\u00e0ng ng\u1ed3i m\u1ed9t c\u00e1ch tho\u00e1i m\u00e1i nh\u1ea5t, \u00eam \u00e1i, c\u00f3 th\u1ec3 \u0111i\u1ec1u ch\u1ec9nh \u0111\u1ed9 cao th\u1ea5p theo \u00fd mu\u1ed1n c\u1ee7a m\u1ecdi ng\u01b0\u1eddi<\/li>\n<li>Ch\u00e2n gh\u00ea \u0111\u01b0\u1ee3c thi\u1ebft k\u1ebf \u1edf d\u1ea1ng ch\u00e2n c\u1ed1 \u0111\u1ecbnh \u0111i\u1ec1u n\u00e0y ph\u00f9 h\u1ee3p v\u1edbi nh\u01b0ng ng\u01b0\u1eddi \u0111ang l\u00e0m vi\u1ec7c trong m\u00f4i tr\u01b0\u1eddng \u0111\u00f2i h\u1ecd s\u1ef1 t\u1eadp trung cao \u0111\u1ed9, kh\u00f4ng y\u00eau c\u1ea7u di chuy\u1ec3n nhi\u1ec1u, ch\u00e2n gh\u1ebf ch\u1eafc ch\u1eafc t\u1ea1o c\u1ea3m gi\u00e1c l\u00e0m vi\u1ec7c v\u00f4 c\u00f9ng tuy\u1ec7t v\u1eddi<\/li>\n<\/ul>\n<p>Ngo\u00e0i ra c\u00f4ng ty IMRO ch\u00fang t\u00f4i c\u00f2n cung c\u1ea5p r\u1ea5t nhi\u1ec1u c\u00e1c s\u1ea3n ph\u1ea9m ph\u00f2ng s\u1ea1ch, v\u1edbi ch\u1ea5t l\u01b0\u1ee3ng v\u00e0 uy t\u00edn \u0111\u00e3 \u0111\u01b0\u1ee3c ki\u1ec3m ch\u1ee9ng, Ch\u00fang t\u00f4i xin cam k\u1ebft b\u00e1n h\u00e0ng ch\u1ea5t l\u01b0\u1ee3ng v\u00e0 gi\u00e1 th\u00e0nh c\u1ea1nh tranh nh\u1ea5t th\u1ecb tr\u01b0\u1eddng","protected":false},"excerpt":{"rendered":"<p>&#8211; Ch\u1ea5t li\u1ec7u: Inox, da PU<\/p>\n<p><a rel=\"nofollow href=\">&#8211; \u0110i\u1ec7n tr\u1edf: 106-1010\u03a9<\/a><\/p>\n<p><a rel=\"nofollow href=\">&#8211; Ph\u00e2n lo\u1ea1i: Ch\u00e2n c\u1ed1 \u0111\u1ecbnh<\/a><\/p>\n<p><a rel=\"nofollow href=\">&#8211; M\u1eb7t gh\u1ebf h\u00ecnh tr\u00f2n, \u0111\u01b0\u1ee3c ph\u1ee7 PU nh\u1eb1m ch\u1ed1ng t\u0129nh \u0111i\u1ec7n, m\u1ec1m d\u1ebbo, gi\u00fap c\u00f4ng nh\u00e2n tho\u1ea3i m\u00e1i l\u00e0m vi\u1ec7c<\/a><\/p>\n<p><a rel=\"nofollow href=\">&#8211; Thi\u1ebft k\u1ebf: C\u00f3 c\u1ea7n g\u1ea1t thay \u0111\u1ed5i chi\u1ec1u cao<\/a><\/p>\n","protected":false},"featured_media":2044,"comment_status":"open","ping_status":"closed","template":"","meta":[],"product_brand":[],"product_cat":[104],"product_tag":[307,305,181,188,333,325,303],"class_list":{"0":"post-2043","1":"product","2":"type-product","3":"status-publish","4":"has-post-thumbnail","6":"product_cat-thiet-bi-phong-sach","7":"product_tag-dien-tu","8":"product_tag-esd","9":"product_tag-ghe-chong-tinh-dien","10":"product_tag-ghe-chong-tinh-dien-mat-lo-chan-co-dinh","11":"product_tag-ngoi","12":"product_tag-nha-may","13":"product_tag-tinh-dien","15":"first","16":"instock","17":"shipping-taxable","18":"product-type-simple"},"yoast_head":"<!-- This site is optimized with the Yoast SEO Premium plugin v25.0 (Yoast SEO v25.2) - https:\/\/yoast.com\/wordpress\/plugins\/seo\/ -->\n<title>Gh\u1ebf ch\u1ed1ng t\u0129nh \u0111i\u1ec7n m\u1eb7t l\u1ed7 ch\u00e2n c\u1ed1 \u0111\u1ecbnh - IMRO Vietnam<\/title>\n<meta name=\"robots\" content=\"index, follow, max-snippet:-1, max-image-preview:large, max-video-preview:-1\" \/>\n<link rel=\"canonical\" href=\"https:\/\/imrovietnam.com\/product\/english-chia-se-ghe-chong-tinh-dien-mat-lo-chan-co-dinh\/\" \/>\n<meta property=\"og:locale\" content=\"en_US\" \/>\n<meta property=\"og:type\" content=\"article\" \/>\n<meta property=\"og:title\" content=\"Gh\u1ebf ch\u1ed1ng t\u0129nh \u0111i\u1ec7n m\u1eb7t l\u1ed7 ch\u00e2n c\u1ed1 \u0111\u1ecbnh\" \/>\n<meta property=\"og:description\" content=\"- Ch\u1ea5t li\u1ec7u: Inox, da PU  - \u0110i\u1ec7n tr\u1edf: 106-1010\u03a9  - Ph\u00e2n lo\u1ea1i: Ch\u00e2n c\u1ed1 \u0111\u1ecbnh  - M\u1eb7t gh\u1ebf h\u00ecnh tr\u00f2n, \u0111\u01b0\u1ee3c ph\u1ee7 PU nh\u1eb1m ch\u1ed1ng t\u0129nh \u0111i\u1ec7n, m\u1ec1m d\u1ebbo, gi\u00fap c\u00f4ng nh\u00e2n tho\u1ea3i m\u00e1i l\u00e0m vi\u1ec7c  - Thi\u1ebft k\u1ebf: C\u00f3 c\u1ea7n g\u1ea1t thay \u0111\u1ed5i chi\u1ec1u cao\" \/>\n<meta property=\"og:url\" content=\"https:\/\/imrovietnam.com\/product\/english-chia-se-ghe-chong-tinh-dien-mat-lo-chan-co-dinh\/\" \/>\n<meta property=\"og:site_name\" content=\"IMRO Vietnam\" \/>\n<meta property=\"article:modified_time\" content=\"2021-09-07T08:08:01+00:00\" \/>\n<meta property=\"og:image\" content=\"https:\/\/imrovietnam.com\/wp-content\/uploads\/2021\/08\/ghe-esd-4.jpg\" \/>\n\t<meta property=\"og:image:width\" content=\"470\" \/>\n\t<meta property=\"og:image:height\" content=\"416\" \/>\n\t<meta property=\"og:image:type\" content=\"image\/jpeg\" \/>\n<meta name=\"twitter:card\" content=\"summary_large_image\" \/>\n<meta name=\"twitter:label1\" content=\"Est. reading time\" \/>\n\t<meta name=\"twitter:data1\" content=\"4 minutes\" \/>\n<script type=\"application\/ld+json\" class=\"yoast-schema-graph\">{\"@context\":\"https:\/\/schema.org\",\"@graph\":[{\"@type\":\"WebPage\",\"@id\":\"https:\/\/imrovietnam.com\/product\/english-chia-se-ghe-chong-tinh-dien-mat-lo-chan-co-dinh\/\",\"url\":\"https:\/\/imrovietnam.com\/product\/english-chia-se-ghe-chong-tinh-dien-mat-lo-chan-co-dinh\/\",\"name\":\"Gh\u1ebf ch\u1ed1ng t\u0129nh \u0111i\u1ec7n m\u1eb7t l\u1ed7 ch\u00e2n c\u1ed1 \u0111\u1ecbnh - IMRO Vietnam\",\"isPartOf\":{\"@id\":\"https:\/\/imrovietnam.com\/en\/#website\"},\"primaryImageOfPage\":{\"@id\":\"https:\/\/imrovietnam.com\/product\/english-chia-se-ghe-chong-tinh-dien-mat-lo-chan-co-dinh\/#primaryimage\"},\"image\":{\"@id\":\"https:\/\/imrovietnam.com\/product\/english-chia-se-ghe-chong-tinh-dien-mat-lo-chan-co-dinh\/#primaryimage\"},\"thumbnailUrl\":\"https:\/\/imrovietnam.com\/wp-content\/uploads\/2021\/08\/ghe-esd-4.jpg\",\"datePublished\":\"2021-08-11T03:47:33+00:00\",\"dateModified\":\"2021-09-07T08:08:01+00:00\",\"breadcrumb\":{\"@id\":\"https:\/\/imrovietnam.com\/product\/english-chia-se-ghe-chong-tinh-dien-mat-lo-chan-co-dinh\/#breadcrumb\"},\"inLanguage\":\"en-US\",\"potentialAction\":[{\"@type\":\"ReadAction\",\"target\":[\"https:\/\/imrovietnam.com\/product\/english-chia-se-ghe-chong-tinh-dien-mat-lo-chan-co-dinh\/\"]}]},{\"@type\":\"ImageObject\",\"inLanguage\":\"en-US\",\"@id\":\"https:\/\/imrovietnam.com\/product\/english-chia-se-ghe-chong-tinh-dien-mat-lo-chan-co-dinh\/#primaryimage\",\"url\":\"https:\/\/imrovietnam.com\/wp-content\/uploads\/2021\/08\/ghe-esd-4.jpg\",\"contentUrl\":\"https:\/\/imrovietnam.com\/wp-content\/uploads\/2021\/08\/ghe-esd-4.jpg\",\"width\":470,\"height\":416},{\"@type\":\"BreadcrumbList\",\"@id\":\"https:\/\/imrovietnam.com\/product\/english-chia-se-ghe-chong-tinh-dien-mat-lo-chan-co-dinh\/#breadcrumb\",\"itemListElement\":[{\"@type\":\"ListItem\",\"position\":1,\"name\":\"Home\",\"item\":\"https:\/\/imrovietnam.com\/en\/\"},{\"@type\":\"ListItem\",\"position\":2,\"name\":\"S\u1ea3n ph\u1ea9m\",\"item\":\"https:\/\/imrovietnam.com\/shop\/\"},{\"@type\":\"ListItem\",\"position\":3,\"name\":\"Gh\u1ebf ch\u1ed1ng t\u0129nh \u0111i\u1ec7n m\u1eb7t l\u1ed7 ch\u00e2n c\u1ed1 \u0111\u1ecbnh\"}]},{\"@type\":\"WebSite\",\"@id\":\"https:\/\/imrovietnam.com\/en\/#website\",\"url\":\"https:\/\/imrovietnam.com\/en\/\",\"name\":\"IMRO Vietnam\",\"description\":\"Your consumables and spare parts store\",\"potentialAction\":[{\"@type\":\"SearchAction\",\"target\":{\"@type\":\"EntryPoint\",\"urlTemplate\":\"https:\/\/imrovietnam.com\/en\/?s={search_term_string}\"},\"query-input\":{\"@type\":\"PropertyValueSpecification\",\"valueRequired\":true,\"valueName\":\"search_term_string\"}}],\"inLanguage\":\"en-US\"}]}<\/script>\n<!-- \/ Yoast SEO Premium plugin. -->","yoast_head_json":{"title":"Gh\u1ebf ch\u1ed1ng t\u0129nh \u0111i\u1ec7n m\u1eb7t l\u1ed7 ch\u00e2n c\u1ed1 \u0111\u1ecbnh - IMRO Vietnam","robots":{"index":"index","follow":"follow","max-snippet":"max-snippet:-1","max-image-preview":"max-image-preview:large","max-video-preview":"max-video-preview:-1"},"canonical":"https:\/\/imrovietnam.com\/product\/english-chia-se-ghe-chong-tinh-dien-mat-lo-chan-co-dinh\/","og_locale":"en_US","og_type":"article","og_title":"Gh\u1ebf ch\u1ed1ng t\u0129nh \u0111i\u1ec7n m\u1eb7t l\u1ed7 ch\u00e2n c\u1ed1 \u0111\u1ecbnh","og_description":"- Ch\u1ea5t li\u1ec7u: Inox, da PU  - \u0110i\u1ec7n tr\u1edf: 106-1010\u03a9  - Ph\u00e2n lo\u1ea1i: Ch\u00e2n c\u1ed1 \u0111\u1ecbnh  - M\u1eb7t gh\u1ebf h\u00ecnh tr\u00f2n, \u0111\u01b0\u1ee3c ph\u1ee7 PU nh\u1eb1m ch\u1ed1ng t\u0129nh \u0111i\u1ec7n, m\u1ec1m d\u1ebbo, gi\u00fap c\u00f4ng nh\u00e2n tho\u1ea3i m\u00e1i l\u00e0m vi\u1ec7c  - Thi\u1ebft k\u1ebf: C\u00f3 c\u1ea7n g\u1ea1t thay \u0111\u1ed5i chi\u1ec1u cao","og_url":"https:\/\/imrovietnam.com\/product\/english-chia-se-ghe-chong-tinh-dien-mat-lo-chan-co-dinh\/","og_site_name":"IMRO Vietnam","article_modified_time":"2021-09-07T08:08:01+00:00","og_image":[{"width":470,"height":416,"url":"https:\/\/imrovietnam.com\/wp-content\/uploads\/2021\/08\/ghe-esd-4.jpg","type":"image\/jpeg"}],"twitter_card":"summary_large_image","twitter_misc":{"Est. reading time":"4 minutes"},"schema":{"@context":"https:\/\/schema.org","@graph":[{"@type":"WebPage","@id":"https:\/\/imrovietnam.com\/product\/english-chia-se-ghe-chong-tinh-dien-mat-lo-chan-co-dinh\/","url":"https:\/\/imrovietnam.com\/product\/english-chia-se-ghe-chong-tinh-dien-mat-lo-chan-co-dinh\/","name":"Gh\u1ebf ch\u1ed1ng t\u0129nh \u0111i\u1ec7n m\u1eb7t l\u1ed7 ch\u00e2n c\u1ed1 \u0111\u1ecbnh - IMRO Vietnam","isPartOf":{"@id":"https:\/\/imrovietnam.com\/en\/#website"},"primaryImageOfPage":{"@id":"https:\/\/imrovietnam.com\/product\/english-chia-se-ghe-chong-tinh-dien-mat-lo-chan-co-dinh\/#primaryimage"},"image":{"@id":"https:\/\/imrovietnam.com\/product\/english-chia-se-ghe-chong-tinh-dien-mat-lo-chan-co-dinh\/#primaryimage"},"thumbnailUrl":"https:\/\/imrovietnam.com\/wp-content\/uploads\/2021\/08\/ghe-esd-4.jpg","datePublished":"2021-08-11T03:47:33+00:00","dateModified":"2021-09-07T08:08:01+00:00","breadcrumb":{"@id":"https:\/\/imrovietnam.com\/product\/english-chia-se-ghe-chong-tinh-dien-mat-lo-chan-co-dinh\/#breadcrumb"},"inLanguage":"en-US","potentialAction":[{"@type":"ReadAction","target":["https:\/\/imrovietnam.com\/product\/english-chia-se-ghe-chong-tinh-dien-mat-lo-chan-co-dinh\/"]}]},{"@type":"ImageObject","inLanguage":"en-US","@id":"https:\/\/imrovietnam.com\/product\/english-chia-se-ghe-chong-tinh-dien-mat-lo-chan-co-dinh\/#primaryimage","url":"https:\/\/imrovietnam.com\/wp-content\/uploads\/2021\/08\/ghe-esd-4.jpg","contentUrl":"https:\/\/imrovietnam.com\/wp-content\/uploads\/2021\/08\/ghe-esd-4.jpg","width":470,"height":416},{"@type":"BreadcrumbList","@id":"https:\/\/imrovietnam.com\/product\/english-chia-se-ghe-chong-tinh-dien-mat-lo-chan-co-dinh\/#breadcrumb","itemListElement":[{"@type":"ListItem","position":1,"name":"Home","item":"https:\/\/imrovietnam.com\/en\/"},{"@type":"ListItem","position":2,"name":"S\u1ea3n ph\u1ea9m","item":"https:\/\/imrovietnam.com\/shop\/"},{"@type":"ListItem","position":3,"name":"Gh\u1ebf ch\u1ed1ng t\u0129nh \u0111i\u1ec7n m\u1eb7t l\u1ed7 ch\u00e2n c\u1ed1 \u0111\u1ecbnh"}]},{"@type":"WebSite","@id":"https:\/\/imrovietnam.com\/en\/#website","url":"https:\/\/imrovietnam.com\/en\/","name":"IMRO Vietnam","description":"Your consumables and spare parts store","potentialAction":[{"@type":"SearchAction","target":{"@type":"EntryPoint","urlTemplate":"https:\/\/imrovietnam.com\/en\/?s={search_term_string}"},"query-input":{"@type":"PropertyValueSpecification","valueRequired":true,"valueName":"search_term_string"}}],"inLanguage":"en-US"}]}},"_links":{"self":[{"href":"https:\/\/imrovietnam.com\/en\/wp-json\/wp\/v2\/product\/2043","targetHints":{"allow":["GET"]}}],"collection":[{"href":"https:\/\/imrovietnam.com\/en\/wp-json\/wp\/v2\/product"}],"about":[{"href":"https:\/\/imrovietnam.com\/en\/wp-json\/wp\/v2\/types\/product"}],"replies":[{"embeddable":true,"href":"https:\/\/imrovietnam.com\/en\/wp-json\/wp\/v2\/comments?post=2043"}],"wp:featuredmedia":[{"embeddable":true,"href":"https:\/\/imrovietnam.com\/en\/wp-json\/wp\/v2\/media\/2044"}],"wp:attachment":[{"href":"https:\/\/imrovietnam.com\/en\/wp-json\/wp\/v2\/media?parent=2043"}],"wp:term":[{"taxonomy":"product_brand","embeddable":true,"href":"https:\/\/imrovietnam.com\/en\/wp-json\/wp\/v2\/product_brand?post=2043"},{"taxonomy":"product_cat","embeddable":true,"href":"https:\/\/imrovietnam.com\/en\/wp-json\/wp\/v2\/product_cat?post=2043"},{"taxonomy":"product_tag","embeddable":true,"href":"https:\/\/imrovietnam.com\/en\/wp-json\/wp\/v2\/product_tag?post=2043"}],"curies":[{"name":"wp","href":"https:\/\/api.w.org\/{rel}","templated":true}]}}