{"id":2039,"date":"2021-08-11T10:39:36","date_gmt":"2021-08-11T03:39:36","guid":{"rendered":"https:\/\/imrovietnam.com\/?post_type=product&#038;p=2039"},"modified":"2021-09-07T15:31:01","modified_gmt":"2021-09-07T08:31:01","slug":"english-ghe-chong-tinh-dien-mat-chu-thap-chan-xoay","status":"publish","type":"product","link":"https:\/\/imrovietnam.com\/en\/product\/english-ghe-chong-tinh-dien-mat-chu-thap-chan-xoay\/","title":{"rendered":"Gh\u1ebf ch\u1ed1ng t\u0129nh \u0111i\u1ec7n m\u1eb7t ch\u1eef th\u1eadp ch\u00e2n xoay"},"content":{"rendered":"&nbsp;<\/p>\n<h2>\u0110\u1eb7c \u0111i\u1ec3m n\u1ed5i b\u1eadt c\u1ee7a s\u1ea3n ph\u1ea9m<\/h2>\n<p>&#8211; M\u1eb7t gh\u1ebf c\u00f3 h\u00ecnh ch\u1eef th\u1eadp v\u00e0 l\u00e0m b\u1eb1ng da, \u00a0ch\u1ed1ng t\u0129nh \u0111i\u1ec7n c\u1ef1c t\u1ed1t<\/p>\n<p>&#8211; Thanh kh\u00ed: S\u1eed d\u1ee5ng l\u1ef1c \u0111\u1ea9y c\u1ee7a kh\u00ed n\u00e9n, ch\u1ea5t l\u01b0\u1ee3ng xu\u1ea5t kh\u1ea9u, gi\u00fap cho vi\u1ec7c \u0111i\u1ec1u ch\u1ec9nh \u0111\u1ed9 cao c\u1ee7a gh\u1ebf m\u1ed9t c\u00e1ch d\u1ec5 d\u00e0ng h\u01a1n<\/p>\n<p>&#8211; Ch\u00e2n gh\u00ea \u0111\u01b0\u1ee3c l\u00e0m b\u1eb1ng th\u00e9p ch\u1ed5ng x\u1ec9, \u0111\u01b0\u1ee3c ph\u1ee7 th\u00eam 1 l\u1edbp m\u1ea1 crom nh\u00ecn r\u1ea5t s\u1ea1ch s\u1ebd v\u00e0 hi\u1ec7n \u0111\u1ea1i, t\u1ea1o c\u1ea3m gi\u00e1c an to\u00e0n cho ng\u01b0\u1eddi s\u1eed d\u1ee5ng<\/p>\n<p>&#8211; Ch\u1ec9 s\u1ed1 ch\u1ed1ng t\u0129nh \u0111i\u1ec7n 10^6 &#8211; 10^9<\/p>\n<p>&#8211;\u00a0Gh\u1ebf ch\u1ed1ng t\u0129nh \u0111i\u1ec7n\u00a0\u00a0\u0111\u01b0\u1ee3c trang b\u1ecb 5 b\u00e1nh xe, b\u1ec1n b\u1ec9 kh\u00f4ng\u00a0v\u1ee1 hay nong b\u00e1nh khi va \u0111\u1eadp<\/p>\n<p><img loading=\"lazy\" decoding=\"async\" class=\"aligncenter wp-image-2040\" style=\"color: #333333;\" src=\"https:\/\/imrovietnam.com\/wp-content\/uploads\/2021\/08\/ghe-esd-3.jpg\" alt=\"Gh\u1ebf ch\u1ed1ng t\u0129nh \u0111i\u1ec7n m\u1eb7t ch\u1eef th\u1eadp ch\u00e2n xoay\" width=\"392\" height=\"345\" srcset=\"https:\/\/imrovietnam.com\/wp-content\/uploads\/2021\/08\/ghe-esd-3.jpg 468w, https:\/\/imrovietnam.com\/wp-content\/uploads\/2021\/08\/ghe-esd-3-454x400.jpg 454w\" sizes=\"auto, (max-width: 392px) 100vw, 392px\" \/><\/p>\n<h2>\u1ee8ng d\u1ee5ng c\u1ee7a gh\u1ebf ch\u1ed1ng t\u0129nh \u0111i\u1ec7n v\u00e0o th\u1ef1c t\u1ebf<\/h2>\n<ul>\n<li>Gh\u1ebf ch\u1ed1ng t\u0129nh \u0111i\u1ec7n ch\u00e2n xoay r\u1ea5t thu\u1eadn ti\u1ec7n v\u00e0 \u0111\u00e1p \u1ee9ng nhu c\u1ea7u l\u00e0m vi\u1ec7c c\u1ee7a nh\u1eefng kh\u00e1ch h\u00e0ng l\u00e0m vi\u1ec7c trong m\u00f4i tr\u01b0\u1eddng \u0111\u00f2i h\u1ecfi kh\u1ea3 n\u0103ng c\u00f3 th\u1ec3 l\u00e0m nhi\u1ec1u vi\u1ec7c kh\u00e1c nhau, ch\u00e2n gh\u1ebf \u0111\u01b0\u1ee3c trang b\u1ecb b\u00e1nh xe d\u1ec5 d\u00e0ng di chuy\u1ec3n<\/li>\n<li>Gh\u00ea \u0111\u01b0\u1ee3c trang b\u1ecb l\u1ef1c treo khi n\u00e9n gi\u00fap cho vi\u1ec7c ng\u1ed3i l\u00e0m vi\u1ec7c \u0111\u01b0\u1ee3c tho\u1ea3i m\u00e1i v\u00e0 tr\u00e1nh g\u00e2y c\u1ea3m gi\u00e1c \u00ea m\u1ecfi.<\/li>\n<\/ul>\n<p>Qu\u00fd kh\u00e1ch \u0111ang ph\u00e2n v\u00e2n kh\u00f4ng bi\u1ebft n\u00ean l\u1ef1a ch\u1ecdn s\u1ea3n ph\u1ea9m \u1edf \u0111\u00e2u cho ch\u1ea5t l\u01b0\u1ee3ng, H\u00e3y \u0111\u1ebfn ngay v\u1edbi ch\u00fang t\u00f4i, c\u00f4ng ty TNHH IMRO chuy\u00ean cung c\u1ea5p c\u00e1c trang thi\u1ebft b\u1ecb ph\u00f2ng s\u1ea1ch v\u1edbi gi\u00e1 c\u1ea3 v\u00e0 ch\u1ea5t l\u01b0\u1ee3ng tuy\u1ec7t v\u1eddi","protected":false},"excerpt":{"rendered":"<p>&#8211; Ch\u1ea5t li\u1ec7u: Inox ho\u1eb7c th\u00e9p kh\u00f4ng g\u1ec9 m\u1ea1 crom<\/p>\n<p><a rel=\"nofollow href=\">&#8211; \u0110i\u1ec7n tr\u1edf: 10^6 &#8211; 10^9 \u03a9<\/a><\/p>\n<p><a rel=\"nofollow href=\">&#8211; Ph\u00e2n lo\u1ea1i: ch\u00e2n gh\u1ebf c\u00f3 b\u00e1nh xe, d\u1ec5 d\u00e0ng di chuy\u1ec3n<\/a><\/p>\n<p><a rel=\"nofollow href=\">&#8211; Chi\u1ec1u cao: c\u00f3 th\u1ec3 thay \u0111\u1ed5i.<\/a><\/p>\n<p><a rel=\"nofollow href=\">&#8211; K\u00edch th\u01b0\u1edbc: C\u00f3 c\u1ea7n g\u1ea1t thay \u0111\u1ed5i chi\u1ec1u cao<\/a><\/p>\n","protected":false},"featured_media":2040,"comment_status":"open","ping_status":"closed","template":"","meta":[],"product_brand":[],"product_cat":[104],"product_tag":[307,305,181,325],"class_list":{"0":"post-2039","1":"product","2":"type-product","3":"status-publish","4":"has-post-thumbnail","6":"product_cat-thiet-bi-phong-sach","7":"product_tag-dien-tu","8":"product_tag-esd","9":"product_tag-ghe-chong-tinh-dien","10":"product_tag-nha-may","12":"first","13":"instock","14":"shipping-taxable","15":"product-type-simple"},"yoast_head":"<!-- This site is optimized with the Yoast SEO Premium plugin v25.0 (Yoast SEO v25.2) - https:\/\/yoast.com\/wordpress\/plugins\/seo\/ -->\n<title>Gh\u1ebf ch\u1ed1ng t\u0129nh \u0111i\u1ec7n m\u1eb7t ch\u1eef th\u1eadp ch\u00e2n xoay - IMRO Vietnam<\/title>\n<meta name=\"robots\" content=\"index, follow, max-snippet:-1, max-image-preview:large, max-video-preview:-1\" \/>\n<link rel=\"canonical\" href=\"https:\/\/imrovietnam.com\/product\/english-ghe-chong-tinh-dien-mat-chu-thap-chan-xoay\/\" \/>\n<meta property=\"og:locale\" content=\"en_US\" \/>\n<meta property=\"og:type\" content=\"article\" \/>\n<meta property=\"og:title\" content=\"Gh\u1ebf ch\u1ed1ng t\u0129nh \u0111i\u1ec7n m\u1eb7t ch\u1eef th\u1eadp ch\u00e2n xoay\" \/>\n<meta property=\"og:description\" content=\"- Ch\u1ea5t li\u1ec7u: Inox ho\u1eb7c th\u00e9p kh\u00f4ng g\u1ec9 m\u1ea1 crom  - \u0110i\u1ec7n tr\u1edf: 10^6 - 10^9 \u03a9  - Ph\u00e2n lo\u1ea1i: ch\u00e2n gh\u1ebf c\u00f3 b\u00e1nh xe, d\u1ec5 d\u00e0ng di chuy\u1ec3n  - Chi\u1ec1u cao: c\u00f3 th\u1ec3 thay \u0111\u1ed5i.  - K\u00edch th\u01b0\u1edbc: C\u00f3 c\u1ea7n g\u1ea1t thay \u0111\u1ed5i chi\u1ec1u cao\" \/>\n<meta property=\"og:url\" content=\"https:\/\/imrovietnam.com\/product\/english-ghe-chong-tinh-dien-mat-chu-thap-chan-xoay\/\" \/>\n<meta property=\"og:site_name\" content=\"IMRO Vietnam\" \/>\n<meta property=\"article:modified_time\" content=\"2021-09-07T08:31:01+00:00\" \/>\n<meta property=\"og:image\" content=\"https:\/\/imrovietnam.com\/wp-content\/uploads\/2021\/08\/ghe-esd-3.jpg\" \/>\n\t<meta property=\"og:image:width\" content=\"468\" \/>\n\t<meta property=\"og:image:height\" content=\"412\" \/>\n\t<meta property=\"og:image:type\" content=\"image\/jpeg\" \/>\n<meta name=\"twitter:card\" content=\"summary_large_image\" \/>\n<meta name=\"twitter:label1\" content=\"Est. reading time\" \/>\n\t<meta name=\"twitter:data1\" content=\"4 minutes\" \/>\n<script type=\"application\/ld+json\" class=\"yoast-schema-graph\">{\"@context\":\"https:\/\/schema.org\",\"@graph\":[{\"@type\":\"WebPage\",\"@id\":\"https:\/\/imrovietnam.com\/product\/english-ghe-chong-tinh-dien-mat-chu-thap-chan-xoay\/\",\"url\":\"https:\/\/imrovietnam.com\/product\/english-ghe-chong-tinh-dien-mat-chu-thap-chan-xoay\/\",\"name\":\"Gh\u1ebf ch\u1ed1ng t\u0129nh \u0111i\u1ec7n m\u1eb7t ch\u1eef th\u1eadp ch\u00e2n xoay - IMRO Vietnam\",\"isPartOf\":{\"@id\":\"https:\/\/imrovietnam.com\/en\/#website\"},\"primaryImageOfPage\":{\"@id\":\"https:\/\/imrovietnam.com\/product\/english-ghe-chong-tinh-dien-mat-chu-thap-chan-xoay\/#primaryimage\"},\"image\":{\"@id\":\"https:\/\/imrovietnam.com\/product\/english-ghe-chong-tinh-dien-mat-chu-thap-chan-xoay\/#primaryimage\"},\"thumbnailUrl\":\"https:\/\/imrovietnam.com\/wp-content\/uploads\/2021\/08\/ghe-esd-3.jpg\",\"datePublished\":\"2021-08-11T03:39:36+00:00\",\"dateModified\":\"2021-09-07T08:31:01+00:00\",\"breadcrumb\":{\"@id\":\"https:\/\/imrovietnam.com\/product\/english-ghe-chong-tinh-dien-mat-chu-thap-chan-xoay\/#breadcrumb\"},\"inLanguage\":\"en-US\",\"potentialAction\":[{\"@type\":\"ReadAction\",\"target\":[\"https:\/\/imrovietnam.com\/product\/english-ghe-chong-tinh-dien-mat-chu-thap-chan-xoay\/\"]}]},{\"@type\":\"ImageObject\",\"inLanguage\":\"en-US\",\"@id\":\"https:\/\/imrovietnam.com\/product\/english-ghe-chong-tinh-dien-mat-chu-thap-chan-xoay\/#primaryimage\",\"url\":\"https:\/\/imrovietnam.com\/wp-content\/uploads\/2021\/08\/ghe-esd-3.jpg\",\"contentUrl\":\"https:\/\/imrovietnam.com\/wp-content\/uploads\/2021\/08\/ghe-esd-3.jpg\",\"width\":468,\"height\":412,\"caption\":\"Gh\u1ebf ch\u1ed1ng t\u0129nh \u0111i\u1ec7n m\u1eb7t ch\u1eef th\u1eadp ch\u00e2n xoay\"},{\"@type\":\"BreadcrumbList\",\"@id\":\"https:\/\/imrovietnam.com\/product\/english-ghe-chong-tinh-dien-mat-chu-thap-chan-xoay\/#breadcrumb\",\"itemListElement\":[{\"@type\":\"ListItem\",\"position\":1,\"name\":\"Home\",\"item\":\"https:\/\/imrovietnam.com\/en\/\"},{\"@type\":\"ListItem\",\"position\":2,\"name\":\"S\u1ea3n ph\u1ea9m\",\"item\":\"https:\/\/imrovietnam.com\/shop\/\"},{\"@type\":\"ListItem\",\"position\":3,\"name\":\"Gh\u1ebf ch\u1ed1ng t\u0129nh \u0111i\u1ec7n m\u1eb7t ch\u1eef th\u1eadp ch\u00e2n xoay\"}]},{\"@type\":\"WebSite\",\"@id\":\"https:\/\/imrovietnam.com\/en\/#website\",\"url\":\"https:\/\/imrovietnam.com\/en\/\",\"name\":\"IMRO Vietnam\",\"description\":\"Your consumables and spare parts store\",\"potentialAction\":[{\"@type\":\"SearchAction\",\"target\":{\"@type\":\"EntryPoint\",\"urlTemplate\":\"https:\/\/imrovietnam.com\/en\/?s={search_term_string}\"},\"query-input\":{\"@type\":\"PropertyValueSpecification\",\"valueRequired\":true,\"valueName\":\"search_term_string\"}}],\"inLanguage\":\"en-US\"}]}<\/script>\n<!-- \/ Yoast SEO Premium plugin. -->","yoast_head_json":{"title":"Gh\u1ebf ch\u1ed1ng t\u0129nh \u0111i\u1ec7n m\u1eb7t ch\u1eef th\u1eadp ch\u00e2n xoay - IMRO Vietnam","robots":{"index":"index","follow":"follow","max-snippet":"max-snippet:-1","max-image-preview":"max-image-preview:large","max-video-preview":"max-video-preview:-1"},"canonical":"https:\/\/imrovietnam.com\/product\/english-ghe-chong-tinh-dien-mat-chu-thap-chan-xoay\/","og_locale":"en_US","og_type":"article","og_title":"Gh\u1ebf ch\u1ed1ng t\u0129nh \u0111i\u1ec7n m\u1eb7t ch\u1eef th\u1eadp ch\u00e2n xoay","og_description":"- Ch\u1ea5t li\u1ec7u: Inox ho\u1eb7c th\u00e9p kh\u00f4ng g\u1ec9 m\u1ea1 crom  - \u0110i\u1ec7n tr\u1edf: 10^6 - 10^9 \u03a9  - Ph\u00e2n lo\u1ea1i: ch\u00e2n gh\u1ebf c\u00f3 b\u00e1nh xe, d\u1ec5 d\u00e0ng di chuy\u1ec3n  - Chi\u1ec1u cao: c\u00f3 th\u1ec3 thay \u0111\u1ed5i.  - K\u00edch th\u01b0\u1edbc: C\u00f3 c\u1ea7n g\u1ea1t thay \u0111\u1ed5i chi\u1ec1u cao","og_url":"https:\/\/imrovietnam.com\/product\/english-ghe-chong-tinh-dien-mat-chu-thap-chan-xoay\/","og_site_name":"IMRO Vietnam","article_modified_time":"2021-09-07T08:31:01+00:00","og_image":[{"width":468,"height":412,"url":"https:\/\/imrovietnam.com\/wp-content\/uploads\/2021\/08\/ghe-esd-3.jpg","type":"image\/jpeg"}],"twitter_card":"summary_large_image","twitter_misc":{"Est. reading time":"4 minutes"},"schema":{"@context":"https:\/\/schema.org","@graph":[{"@type":"WebPage","@id":"https:\/\/imrovietnam.com\/product\/english-ghe-chong-tinh-dien-mat-chu-thap-chan-xoay\/","url":"https:\/\/imrovietnam.com\/product\/english-ghe-chong-tinh-dien-mat-chu-thap-chan-xoay\/","name":"Gh\u1ebf ch\u1ed1ng t\u0129nh \u0111i\u1ec7n m\u1eb7t ch\u1eef th\u1eadp ch\u00e2n xoay - IMRO Vietnam","isPartOf":{"@id":"https:\/\/imrovietnam.com\/en\/#website"},"primaryImageOfPage":{"@id":"https:\/\/imrovietnam.com\/product\/english-ghe-chong-tinh-dien-mat-chu-thap-chan-xoay\/#primaryimage"},"image":{"@id":"https:\/\/imrovietnam.com\/product\/english-ghe-chong-tinh-dien-mat-chu-thap-chan-xoay\/#primaryimage"},"thumbnailUrl":"https:\/\/imrovietnam.com\/wp-content\/uploads\/2021\/08\/ghe-esd-3.jpg","datePublished":"2021-08-11T03:39:36+00:00","dateModified":"2021-09-07T08:31:01+00:00","breadcrumb":{"@id":"https:\/\/imrovietnam.com\/product\/english-ghe-chong-tinh-dien-mat-chu-thap-chan-xoay\/#breadcrumb"},"inLanguage":"en-US","potentialAction":[{"@type":"ReadAction","target":["https:\/\/imrovietnam.com\/product\/english-ghe-chong-tinh-dien-mat-chu-thap-chan-xoay\/"]}]},{"@type":"ImageObject","inLanguage":"en-US","@id":"https:\/\/imrovietnam.com\/product\/english-ghe-chong-tinh-dien-mat-chu-thap-chan-xoay\/#primaryimage","url":"https:\/\/imrovietnam.com\/wp-content\/uploads\/2021\/08\/ghe-esd-3.jpg","contentUrl":"https:\/\/imrovietnam.com\/wp-content\/uploads\/2021\/08\/ghe-esd-3.jpg","width":468,"height":412,"caption":"Gh\u1ebf ch\u1ed1ng t\u0129nh \u0111i\u1ec7n m\u1eb7t ch\u1eef th\u1eadp ch\u00e2n xoay"},{"@type":"BreadcrumbList","@id":"https:\/\/imrovietnam.com\/product\/english-ghe-chong-tinh-dien-mat-chu-thap-chan-xoay\/#breadcrumb","itemListElement":[{"@type":"ListItem","position":1,"name":"Home","item":"https:\/\/imrovietnam.com\/en\/"},{"@type":"ListItem","position":2,"name":"S\u1ea3n ph\u1ea9m","item":"https:\/\/imrovietnam.com\/shop\/"},{"@type":"ListItem","position":3,"name":"Gh\u1ebf ch\u1ed1ng t\u0129nh \u0111i\u1ec7n m\u1eb7t ch\u1eef th\u1eadp ch\u00e2n xoay"}]},{"@type":"WebSite","@id":"https:\/\/imrovietnam.com\/en\/#website","url":"https:\/\/imrovietnam.com\/en\/","name":"IMRO Vietnam","description":"Your consumables and spare parts store","potentialAction":[{"@type":"SearchAction","target":{"@type":"EntryPoint","urlTemplate":"https:\/\/imrovietnam.com\/en\/?s={search_term_string}"},"query-input":{"@type":"PropertyValueSpecification","valueRequired":true,"valueName":"search_term_string"}}],"inLanguage":"en-US"}]}},"_links":{"self":[{"href":"https:\/\/imrovietnam.com\/en\/wp-json\/wp\/v2\/product\/2039","targetHints":{"allow":["GET"]}}],"collection":[{"href":"https:\/\/imrovietnam.com\/en\/wp-json\/wp\/v2\/product"}],"about":[{"href":"https:\/\/imrovietnam.com\/en\/wp-json\/wp\/v2\/types\/product"}],"replies":[{"embeddable":true,"href":"https:\/\/imrovietnam.com\/en\/wp-json\/wp\/v2\/comments?post=2039"}],"wp:featuredmedia":[{"embeddable":true,"href":"https:\/\/imrovietnam.com\/en\/wp-json\/wp\/v2\/media\/2040"}],"wp:attachment":[{"href":"https:\/\/imrovietnam.com\/en\/wp-json\/wp\/v2\/media?parent=2039"}],"wp:term":[{"taxonomy":"product_brand","embeddable":true,"href":"https:\/\/imrovietnam.com\/en\/wp-json\/wp\/v2\/product_brand?post=2039"},{"taxonomy":"product_cat","embeddable":true,"href":"https:\/\/imrovietnam.com\/en\/wp-json\/wp\/v2\/product_cat?post=2039"},{"taxonomy":"product_tag","embeddable":true,"href":"https:\/\/imrovietnam.com\/en\/wp-json\/wp\/v2\/product_tag?post=2039"}],"curies":[{"name":"wp","href":"https:\/\/api.w.org\/{rel}","templated":true}]}}