{"id":2035,"date":"2021-08-11T10:35:41","date_gmt":"2021-08-11T03:35:41","guid":{"rendered":"https:\/\/imrovietnam.com\/?post_type=product&#038;p=2035"},"modified":"2021-09-05T15:28:12","modified_gmt":"2021-09-05T08:28:12","slug":"english-ghe-chong-tinh-dien-mat-chu-thap-chan-co-dinh","status":"publish","type":"product","link":"https:\/\/imrovietnam.com\/en\/product\/english-ghe-chong-tinh-dien-mat-chu-thap-chan-co-dinh\/","title":{"rendered":"Gh\u1ebf ch\u1ed1ng t\u0129nh \u0111i\u1ec7n m\u1eb7t ch\u1eef th\u1eadp ch\u00e2n c\u1ed1 \u0111\u1ecbnh"},"content":{"rendered":"<ul>\n<li>\n<h2>Gh\u1ebf ch\u1ed1ng t\u0129nh \u0111i\u1ec7n m\u1eb7t ch\u1eef th\u1eadp ch\u00e2n c\u1ed1 \u0111\u1ecbnh<\/h2>\n<p>&nbsp;<\/p>\n<p><em>Vi\u1ec7t Nam \u0111ang ng\u00e0y m\u1ed9t c\u00f4ng nghi\u1ec7p h\u00f3a, v\u1edbi c\u00e1c khu c\u00f4ng nghi\u1ec7p c\u00e0ng ng\u00e0y c\u00e0ng ph\u00e1t tri\u1ec3n v\u00e0 \u0111\u1ed5i m\u1edbi, do \u0111\u00f3 vi\u1ec7c b\u1ea3o h\u1ed9 an to\u00e0n cho c\u00f4ng nh\u1eadn vi\u00ean l\u00e0 nh\u01b0 c\u1ea7u t\u1ea5t y\u1ebfu, v\u1edbi vi\u1ec7c ra \u0111\u1eddi c\u1ee7a gh\u1ebf ch\u1ed1ng t\u0129nh \u0111i\u1ec7n c\u00f3 \u1ea3nh h\u01b0\u1edfng kh\u00f4ng nh\u1ecf \u0111\u1ebfn vi\u1ec7c ch\u1ed1ng t\u0129nh \u0111i\u1ec7n t\u1ea1i c\u00e1c khu c\u00f4ng nghi\u1ec7p<\/em><\/p>\n<p>S\u1ea3n ph\u1ea9m\u00a0gh\u1ebf ch\u1ed1ng t\u0129nh \u0111i\u1ec7n\u00a0m\u1eb7t ch\u1eef th\u1eadp\u00a0\u00a0\u0111\u01b0\u1ee3c thi\u1ec7t k\u1ebf v\u1edbi m\u1eb7t gh\u1ebf PU c\u00f3 kh\u1ea3 n\u0103ng ch\u1ed1ng t\u0129nh \u0111i\u1ec7n c\u1ef1c k\u1ef3 t\u1ed1t trong m\u1ecdi m\u00f4i tr\u01b0\u1eddng c\u00f3 l\u01b0\u1ee3ng t\u0129nh \u0111i\u1ec7n cao.<\/p>\n<p>&#8211; S\u1ee9c b\u1ec1n Gh\u1ebf da PU ch\u1ed1ng t\u0129nh \u0111i\u1ec7n tr\u00ean b\u1ec1 m\u1eb7t \u1edf m\u1ee9c : 10^6 ~ 10^9 \u03a9<\/p>\n<p>&#8211; S\u1eed d\u1ee5ng l\u1ef1c \u0111\u1ea9y c\u1ee7a kh\u00ed n\u00e9n khi s\u1eed d\u1ee5ng kh\u00f4ng g\u00e2y \u1ea3nh h\u01b0\u1edfng t\u1edbi con ng\u01b0\u1eddi v\u00e0 m\u00f4i tr\u01b0\u1eddng<br \/>\nl\u00e0m vi\u1ec7c. d\u1ee5ng l\u1ef1c \u0111\u1ea9y c\u1ee7a kh\u00ed n\u00e9n d\u1ec5 d\u00e0ng trong vi\u1ec7c n\u00e2ng h\u1ea1 gh\u1ebf<\/p>\n<p>.- S\u1ea3n ph\u1ea9m \u0111\u01b0\u1ee3c thi\u1ebft k\u1ebf v\u1edbi khung inox ch\u1ed5ng g\u1ec9, ch\u00e2n gh\u1ebf 5 nh\u00e1nh m\u1ea1 crome s\u00e1ng b\u00f3ng, ch\u1ed1ng l\u1ea1i c\u00e1c hi\u1ec7n t\u01b0\u1ee3ng g\u1ec9 s\u00e9t v\u00e0 b\u00e1m b\u1ee5i, c\u00f3 v\u00f2ng \u0111\u1ec3 ch\u00e2n tho\u1ea3i m\u00e1i cho ng\u01b0\u1eddi s\u1eed d\u1ee5ng<\/p>\n<p><img loading=\"lazy\" decoding=\"async\" class=\"wp-image-2036 size-full aligncenter\" style=\"color: #333333;\" src=\"https:\/\/imrovietnam.com\/wp-content\/uploads\/2021\/08\/ghe-esd-2.jpg\" alt=\"Gh\u1ebf ch\u1ed1ng t\u0129nh \u0111i\u1ec7n m\u1eb7t ch\u1eef th\u1eadp ch\u00e2n c\u1ed1 \u0111\u1ecbnh\" width=\"469\" height=\"416\" srcset=\"https:\/\/imrovietnam.com\/wp-content\/uploads\/2021\/08\/ghe-esd-2.jpg 469w, https:\/\/imrovietnam.com\/wp-content\/uploads\/2021\/08\/ghe-esd-2-451x400.jpg 451w\" sizes=\"auto, (max-width: 469px) 100vw, 469px\" \/><\/p>\n<h2>\u01afu \u0111i\u1ec3m c\u1ee7a s\u1ea3n ph\u1ea9m gh\u1ebf ch\u1ed1ng t\u0129nh \u0111i\u1ec7n ch\u1eef th\u1eadp mang l\u1ea1i<\/h2>\n<p>&nbsp;<\/p>\n<p>&#8211;\u00a0 Tr\u1ee5c gh\u1ebf ch\u1eafc ch\u1eafn \u0111\u01b0\u1ee3c l\u00e0m b\u1eb1ng inox t\u1ea1o c\u1ea3m gi\u00e1c an to\u00e0n, ch\u1eafc ch\u1eafn cho ng\u01b0\u1eddi s\u1eed d\u1ee5ng, inox ch\u1ed1ng g\u1ec9 m\u1ea1 crom\u00a0l\u00e0m t\u0103ng \u0111\u1ed9 s\u00e1ng b\u00f3ng\u00a0l\u00e0m n\u1ed5i b\u1eadt v\u00e0 t\u0103ng t\u00ednh th\u1ea9m m\u1ef9 cho s\u1ea3n ph\u1ea9m, c\u00f3 th\u1ec3 t\u1ef1 do n\u00e2ng h\u1ea1 chi\u1ec1u cao gh\u1ebf theo \u00fd m\u00ecnh trong kho\u1ea3ng 140mm<\/p>\n<p>&#8211;\u00a0 Ch\u00e2n gh\u00ea \u0111\u01b0\u1ee3c thi\u1ebft k\u1ebf n\u0103m nh\u00e1nh\u00a0c\u1ed1 \u0111\u1ecbnh t\u1ea1o c\u1ea3m gi\u00e1c v\u00f4 c\u00f9ng ch\u1eafc ch\u1eafn v\u00e0 hi\u1ec7n \u0111\u1ea1i<\/p>\n<p><em><strong>Qu\u00fd kh\u00e1ch h\u00e0ng c\u00f2n \u0111ang ph\u00e2n v\u00e2n kh\u00f4ng bi\u1ebft n\u00ean l\u1ef1a ch\u1ecdn s\u1ea3n ph\u1ea9m \u1edf \u0111\u00e2u cho uy t\u00edn<\/strong><\/em><\/p>\n<p>H\u00e3y \u0111\u1ebfn ngay v\u1edbi ch\u00fang t\u00f4i, c\u00f4ng ty TNHH IMRO xin cam k\u1ebft b\u00e1n h\u00e0ng ch\u00ednh h\u00e3ng, gi\u00e1 c\u1ea3 \u01b0u \u0111\u00e3i v\u00e0 c\u1ea1nh tranh nh\u1ea5t th\u1ecb tr\u01b0\u1eddng, c\u00f4ng ty ch\u00fang t\u00f4i lu\u00f4n l\u1ea5y uy t\u00edn l\u00e0m ch\u1ea5t l\u01b0\u1ee3ng. Ngo\u00e0i ra IMRO c\u0169ng nh\u1eadn \u0111\u1eb7t h\u00e0ng l\u00e0m s\u1ea3n ph\u1ea9m theo y\u00eau c\u1ea7u c\u1ee7a kh\u00e1ch h\u00e0ng.<\/li>\n<\/ul>","protected":false},"excerpt":{"rendered":"<p>&#8211; Ch\u1ea5t li\u1ec7u: Inox ho\u1eb7c th\u00e9p kh\u00f4ng g\u1ec9 m\u1ea1 crom<\/p>\n<p><a rel=\"nofollow href=\">&#8211; \u0110i\u1ec7n tr\u1edf: 106 &#8211; 109 \u03a9<\/a><\/p>\n<p><a rel=\"nofollow href=\">&#8211; Ph\u00e2n lo\u1ea1i: ch\u00e2n gh\u1ebf c\u1ed1 \u0111\u1ecbnh<\/a><\/p>\n<p><a rel=\"nofollow href=\">&#8211; Chi\u1ec1u cao: c\u00f3 th\u1ec3 thay \u0111\u1ed5i.<\/a><\/p>\n<p><a rel=\"nofollow href=\">&#8211; K\u00edch th\u01b0\u1edbc: C\u00f3 c\u1ea7n g\u1ea1t thay \u0111\u1ed5i chi\u1ec1u cao<\/a><\/p>\n","protected":false},"featured_media":2036,"comment_status":"open","ping_status":"closed","template":"","meta":[],"product_brand":[],"product_cat":[104],"product_tag":[307,305,302,181,306,303],"class_list":{"0":"post-2035","1":"product","2":"type-product","3":"status-publish","4":"has-post-thumbnail","6":"product_cat-thiet-bi-phong-sach","7":"product_tag-dien-tu","8":"product_tag-esd","9":"product_tag-ghe","10":"product_tag-ghe-chong-tinh-dien","11":"product_tag-phong-sach","12":"product_tag-tinh-dien","14":"first","15":"instock","16":"shipping-taxable","17":"product-type-simple"},"yoast_head":"<!-- This site is optimized with the Yoast SEO Premium plugin v25.0 (Yoast SEO v25.2) - https:\/\/yoast.com\/wordpress\/plugins\/seo\/ -->\n<title>Gh\u1ebf ch\u1ed1ng t\u0129nh \u0111i\u1ec7n m\u1eb7t ch\u1eef th\u1eadp ch\u00e2n c\u1ed1 \u0111\u1ecbnh - IMRO Vietnam<\/title>\n<meta name=\"robots\" content=\"index, follow, max-snippet:-1, max-image-preview:large, max-video-preview:-1\" \/>\n<link rel=\"canonical\" href=\"https:\/\/imrovietnam.com\/product\/english-ghe-chong-tinh-dien-mat-chu-thap-chan-co-dinh\/\" \/>\n<meta property=\"og:locale\" content=\"en_US\" \/>\n<meta property=\"og:type\" content=\"article\" \/>\n<meta property=\"og:title\" content=\"Gh\u1ebf ch\u1ed1ng t\u0129nh \u0111i\u1ec7n m\u1eb7t ch\u1eef th\u1eadp ch\u00e2n c\u1ed1 \u0111\u1ecbnh\" \/>\n<meta property=\"og:description\" content=\"- Ch\u1ea5t li\u1ec7u: Inox ho\u1eb7c th\u00e9p kh\u00f4ng g\u1ec9 m\u1ea1 crom  - \u0110i\u1ec7n tr\u1edf: 106 - 109 \u03a9  - Ph\u00e2n lo\u1ea1i: ch\u00e2n gh\u1ebf c\u1ed1 \u0111\u1ecbnh  - Chi\u1ec1u cao: c\u00f3 th\u1ec3 thay \u0111\u1ed5i.  - K\u00edch th\u01b0\u1edbc: C\u00f3 c\u1ea7n g\u1ea1t thay \u0111\u1ed5i chi\u1ec1u cao\" \/>\n<meta property=\"og:url\" content=\"https:\/\/imrovietnam.com\/product\/english-ghe-chong-tinh-dien-mat-chu-thap-chan-co-dinh\/\" \/>\n<meta property=\"og:site_name\" content=\"IMRO Vietnam\" \/>\n<meta property=\"article:modified_time\" content=\"2021-09-05T08:28:12+00:00\" \/>\n<meta property=\"og:image\" content=\"https:\/\/imrovietnam.com\/wp-content\/uploads\/2021\/08\/ghe-esd-2.jpg\" \/>\n\t<meta property=\"og:image:width\" content=\"469\" \/>\n\t<meta property=\"og:image:height\" content=\"416\" \/>\n\t<meta property=\"og:image:type\" content=\"image\/jpeg\" \/>\n<meta name=\"twitter:card\" content=\"summary_large_image\" \/>\n<meta name=\"twitter:label1\" content=\"Est. reading time\" \/>\n\t<meta name=\"twitter:data1\" content=\"6 minutes\" \/>\n<script type=\"application\/ld+json\" class=\"yoast-schema-graph\">{\"@context\":\"https:\/\/schema.org\",\"@graph\":[{\"@type\":\"WebPage\",\"@id\":\"https:\/\/imrovietnam.com\/product\/english-ghe-chong-tinh-dien-mat-chu-thap-chan-co-dinh\/\",\"url\":\"https:\/\/imrovietnam.com\/product\/english-ghe-chong-tinh-dien-mat-chu-thap-chan-co-dinh\/\",\"name\":\"Gh\u1ebf ch\u1ed1ng t\u0129nh \u0111i\u1ec7n m\u1eb7t ch\u1eef th\u1eadp ch\u00e2n c\u1ed1 \u0111\u1ecbnh - IMRO Vietnam\",\"isPartOf\":{\"@id\":\"https:\/\/imrovietnam.com\/en\/#website\"},\"primaryImageOfPage\":{\"@id\":\"https:\/\/imrovietnam.com\/product\/english-ghe-chong-tinh-dien-mat-chu-thap-chan-co-dinh\/#primaryimage\"},\"image\":{\"@id\":\"https:\/\/imrovietnam.com\/product\/english-ghe-chong-tinh-dien-mat-chu-thap-chan-co-dinh\/#primaryimage\"},\"thumbnailUrl\":\"https:\/\/imrovietnam.com\/wp-content\/uploads\/2021\/08\/ghe-esd-2.jpg\",\"datePublished\":\"2021-08-11T03:35:41+00:00\",\"dateModified\":\"2021-09-05T08:28:12+00:00\",\"breadcrumb\":{\"@id\":\"https:\/\/imrovietnam.com\/product\/english-ghe-chong-tinh-dien-mat-chu-thap-chan-co-dinh\/#breadcrumb\"},\"inLanguage\":\"en-US\",\"potentialAction\":[{\"@type\":\"ReadAction\",\"target\":[\"https:\/\/imrovietnam.com\/product\/english-ghe-chong-tinh-dien-mat-chu-thap-chan-co-dinh\/\"]}]},{\"@type\":\"ImageObject\",\"inLanguage\":\"en-US\",\"@id\":\"https:\/\/imrovietnam.com\/product\/english-ghe-chong-tinh-dien-mat-chu-thap-chan-co-dinh\/#primaryimage\",\"url\":\"https:\/\/imrovietnam.com\/wp-content\/uploads\/2021\/08\/ghe-esd-2.jpg\",\"contentUrl\":\"https:\/\/imrovietnam.com\/wp-content\/uploads\/2021\/08\/ghe-esd-2.jpg\",\"width\":469,\"height\":416},{\"@type\":\"BreadcrumbList\",\"@id\":\"https:\/\/imrovietnam.com\/product\/english-ghe-chong-tinh-dien-mat-chu-thap-chan-co-dinh\/#breadcrumb\",\"itemListElement\":[{\"@type\":\"ListItem\",\"position\":1,\"name\":\"Home\",\"item\":\"https:\/\/imrovietnam.com\/en\/\"},{\"@type\":\"ListItem\",\"position\":2,\"name\":\"S\u1ea3n ph\u1ea9m\",\"item\":\"https:\/\/imrovietnam.com\/shop\/\"},{\"@type\":\"ListItem\",\"position\":3,\"name\":\"Gh\u1ebf ch\u1ed1ng t\u0129nh \u0111i\u1ec7n m\u1eb7t ch\u1eef th\u1eadp ch\u00e2n c\u1ed1 \u0111\u1ecbnh\"}]},{\"@type\":\"WebSite\",\"@id\":\"https:\/\/imrovietnam.com\/en\/#website\",\"url\":\"https:\/\/imrovietnam.com\/en\/\",\"name\":\"IMRO Vietnam\",\"description\":\"Your consumables and spare parts store\",\"potentialAction\":[{\"@type\":\"SearchAction\",\"target\":{\"@type\":\"EntryPoint\",\"urlTemplate\":\"https:\/\/imrovietnam.com\/en\/?s={search_term_string}\"},\"query-input\":{\"@type\":\"PropertyValueSpecification\",\"valueRequired\":true,\"valueName\":\"search_term_string\"}}],\"inLanguage\":\"en-US\"}]}<\/script>\n<!-- \/ Yoast SEO Premium plugin. -->","yoast_head_json":{"title":"Gh\u1ebf ch\u1ed1ng t\u0129nh \u0111i\u1ec7n m\u1eb7t ch\u1eef th\u1eadp ch\u00e2n c\u1ed1 \u0111\u1ecbnh - IMRO Vietnam","robots":{"index":"index","follow":"follow","max-snippet":"max-snippet:-1","max-image-preview":"max-image-preview:large","max-video-preview":"max-video-preview:-1"},"canonical":"https:\/\/imrovietnam.com\/product\/english-ghe-chong-tinh-dien-mat-chu-thap-chan-co-dinh\/","og_locale":"en_US","og_type":"article","og_title":"Gh\u1ebf ch\u1ed1ng t\u0129nh \u0111i\u1ec7n m\u1eb7t ch\u1eef th\u1eadp ch\u00e2n c\u1ed1 \u0111\u1ecbnh","og_description":"- Ch\u1ea5t li\u1ec7u: Inox ho\u1eb7c th\u00e9p kh\u00f4ng g\u1ec9 m\u1ea1 crom  - \u0110i\u1ec7n tr\u1edf: 106 - 109 \u03a9  - Ph\u00e2n lo\u1ea1i: ch\u00e2n gh\u1ebf c\u1ed1 \u0111\u1ecbnh  - Chi\u1ec1u cao: c\u00f3 th\u1ec3 thay \u0111\u1ed5i.  - K\u00edch th\u01b0\u1edbc: C\u00f3 c\u1ea7n g\u1ea1t thay \u0111\u1ed5i chi\u1ec1u cao","og_url":"https:\/\/imrovietnam.com\/product\/english-ghe-chong-tinh-dien-mat-chu-thap-chan-co-dinh\/","og_site_name":"IMRO Vietnam","article_modified_time":"2021-09-05T08:28:12+00:00","og_image":[{"width":469,"height":416,"url":"https:\/\/imrovietnam.com\/wp-content\/uploads\/2021\/08\/ghe-esd-2.jpg","type":"image\/jpeg"}],"twitter_card":"summary_large_image","twitter_misc":{"Est. reading time":"6 minutes"},"schema":{"@context":"https:\/\/schema.org","@graph":[{"@type":"WebPage","@id":"https:\/\/imrovietnam.com\/product\/english-ghe-chong-tinh-dien-mat-chu-thap-chan-co-dinh\/","url":"https:\/\/imrovietnam.com\/product\/english-ghe-chong-tinh-dien-mat-chu-thap-chan-co-dinh\/","name":"Gh\u1ebf ch\u1ed1ng t\u0129nh \u0111i\u1ec7n m\u1eb7t ch\u1eef th\u1eadp ch\u00e2n c\u1ed1 \u0111\u1ecbnh - IMRO Vietnam","isPartOf":{"@id":"https:\/\/imrovietnam.com\/en\/#website"},"primaryImageOfPage":{"@id":"https:\/\/imrovietnam.com\/product\/english-ghe-chong-tinh-dien-mat-chu-thap-chan-co-dinh\/#primaryimage"},"image":{"@id":"https:\/\/imrovietnam.com\/product\/english-ghe-chong-tinh-dien-mat-chu-thap-chan-co-dinh\/#primaryimage"},"thumbnailUrl":"https:\/\/imrovietnam.com\/wp-content\/uploads\/2021\/08\/ghe-esd-2.jpg","datePublished":"2021-08-11T03:35:41+00:00","dateModified":"2021-09-05T08:28:12+00:00","breadcrumb":{"@id":"https:\/\/imrovietnam.com\/product\/english-ghe-chong-tinh-dien-mat-chu-thap-chan-co-dinh\/#breadcrumb"},"inLanguage":"en-US","potentialAction":[{"@type":"ReadAction","target":["https:\/\/imrovietnam.com\/product\/english-ghe-chong-tinh-dien-mat-chu-thap-chan-co-dinh\/"]}]},{"@type":"ImageObject","inLanguage":"en-US","@id":"https:\/\/imrovietnam.com\/product\/english-ghe-chong-tinh-dien-mat-chu-thap-chan-co-dinh\/#primaryimage","url":"https:\/\/imrovietnam.com\/wp-content\/uploads\/2021\/08\/ghe-esd-2.jpg","contentUrl":"https:\/\/imrovietnam.com\/wp-content\/uploads\/2021\/08\/ghe-esd-2.jpg","width":469,"height":416},{"@type":"BreadcrumbList","@id":"https:\/\/imrovietnam.com\/product\/english-ghe-chong-tinh-dien-mat-chu-thap-chan-co-dinh\/#breadcrumb","itemListElement":[{"@type":"ListItem","position":1,"name":"Home","item":"https:\/\/imrovietnam.com\/en\/"},{"@type":"ListItem","position":2,"name":"S\u1ea3n ph\u1ea9m","item":"https:\/\/imrovietnam.com\/shop\/"},{"@type":"ListItem","position":3,"name":"Gh\u1ebf ch\u1ed1ng t\u0129nh \u0111i\u1ec7n m\u1eb7t ch\u1eef th\u1eadp ch\u00e2n c\u1ed1 \u0111\u1ecbnh"}]},{"@type":"WebSite","@id":"https:\/\/imrovietnam.com\/en\/#website","url":"https:\/\/imrovietnam.com\/en\/","name":"IMRO Vietnam","description":"Your consumables and spare parts store","potentialAction":[{"@type":"SearchAction","target":{"@type":"EntryPoint","urlTemplate":"https:\/\/imrovietnam.com\/en\/?s={search_term_string}"},"query-input":{"@type":"PropertyValueSpecification","valueRequired":true,"valueName":"search_term_string"}}],"inLanguage":"en-US"}]}},"_links":{"self":[{"href":"https:\/\/imrovietnam.com\/en\/wp-json\/wp\/v2\/product\/2035","targetHints":{"allow":["GET"]}}],"collection":[{"href":"https:\/\/imrovietnam.com\/en\/wp-json\/wp\/v2\/product"}],"about":[{"href":"https:\/\/imrovietnam.com\/en\/wp-json\/wp\/v2\/types\/product"}],"replies":[{"embeddable":true,"href":"https:\/\/imrovietnam.com\/en\/wp-json\/wp\/v2\/comments?post=2035"}],"wp:featuredmedia":[{"embeddable":true,"href":"https:\/\/imrovietnam.com\/en\/wp-json\/wp\/v2\/media\/2036"}],"wp:attachment":[{"href":"https:\/\/imrovietnam.com\/en\/wp-json\/wp\/v2\/media?parent=2035"}],"wp:term":[{"taxonomy":"product_brand","embeddable":true,"href":"https:\/\/imrovietnam.com\/en\/wp-json\/wp\/v2\/product_brand?post=2035"},{"taxonomy":"product_cat","embeddable":true,"href":"https:\/\/imrovietnam.com\/en\/wp-json\/wp\/v2\/product_cat?post=2035"},{"taxonomy":"product_tag","embeddable":true,"href":"https:\/\/imrovietnam.com\/en\/wp-json\/wp\/v2\/product_tag?post=2035"}],"curies":[{"name":"wp","href":"https:\/\/api.w.org\/{rel}","templated":true}]}}