{"id":2032,"date":"2021-08-11T10:30:43","date_gmt":"2021-08-11T03:30:43","guid":{"rendered":"https:\/\/imrovietnam.com\/?post_type=product&#038;p=2032"},"modified":"2021-09-07T15:34:03","modified_gmt":"2021-09-07T08:34:03","slug":"english-ghe-chong-tinh-dien-mat-lo-chan-banh-xoay","status":"publish","type":"product","link":"https:\/\/imrovietnam.com\/en\/product\/english-ghe-chong-tinh-dien-mat-lo-chan-banh-xoay\/","title":{"rendered":"Gh\u1ebf ch\u1ed1ng t\u0129nh \u0111i\u1ec7n m\u1eb7t l\u1ed7 ch\u00e2n b\u00e1nh xoay"},"content":{"rendered":"<h2><strong>Gh\u1ebf ch\u1ed1ng t\u0129nh \u0111i\u1ec7n m\u1eb7t l\u1ed7 ch\u00e2n b\u00e1nh xoay<\/strong><\/h2>\n<p>Gh\u1ebf ch\u1ed1ng t\u0129nh \u0111i\u1ec7n\u00a0kh\u00f4ng t\u1ef1a\u00a0\u0111\u01b0\u1ee3c t\u1ea1o b\u1edfi th\u00e2n v\u00e0 ph\u1ea7n ch\u00e2n khung th\u00e9p s\u00e1ng b\u00f3ng v\u1edbi l\u1edbp m\u1ea1 crom v\u00f4 c\u00f9ng \u00a0b\u1ec1n b\u1ec9. M\u1eb7t gh\u1ebf tr\u00f2n, c\u00f3 l\u1ed7 tho\u00e1ng kh\u00ed, da m\u00e0u \u0111en v\u1edbi ch\u1ea5t li\u1ec7u PU m\u1ec1m m\u1ea1i, \u0111\u01b0\u1ee3c b\u1ecdc b\u00ean trong b\u1edfi 1 l\u1edbp m\u00fat t\u1ea1o \u0111\u1ed9 \u00eam \u00e1i cho ng\u01b0\u1eddi ng\u1ed3i. Gh\u00ea da d\u1ec5 d\u00e0ng lau chui khi c\u1ea7n thi\u1ebft<\/p>\n<p>&#8211;\u00a0\u00a0\u00a0\u00a0\u00a0\u00a0\u00a0\u00a0 M\u1eb7t\u00a0gh\u1ebf \u00a0PVC\u00a0ch\u1ea5t li\u1ec7u m\u1eb7t da PU\u00a0ch\u1ed1ng t\u0129nh \u0111i\u1ec7n c\u1ef1c k\u1ef3 t\u1ed1t<\/p>\n<p>&#8211;\u00a0\u00a0\u00a0\u00a0\u00a0\u00a0\u00a0\u00a0 L\u1edbp m\u00fat \u00eam \u00e1i t\u1ea1o c\u1ea3m gi\u00e1c ng\u1ed3i kh\u00f4ng \u00ea m\u1ecfi cho ng\u01b0\u1eddi s\u1eed d\u1ee5ng<\/p>\n<p>&#8211;\u00a0\u00a0\u00a0\u00a0\u00a0\u00a0\u00a0\u00a0 S\u1ee9c b\u1ec1n b\u1ec1 m\u1eb7t c\u1ee7a\u00a0gh\u1ebf xoay m\u1eb7t l\u1ed7 ch\u1ed1ng t\u0129nh \u0111i\u1ec7n MGL: 10^6 ~ 10^9 \u03a9<\/p>\n<p>&#8211;\u00a0\u00a0\u00a0\u00a0\u00a0\u00a0\u00a0\u00a0 Ch\u00e2n gh\u1ebf 5 nh\u00e1nh h\u1ee3p kim nh\u00f4m v\u1edbi l\u1edbp m\u1ea1 crom s\u00e1ng b\u00f3ng c\u00f3 b\u00e1n k\u00ednh 240 mm<\/p>\n<p>&#8211;\u00a0\u00a0\u00a0\u00a0\u00a0\u00a0\u00a0\u00a0 C\u1ea5u t\u1ea1o:\u00a0 G\u1ed3m m\u1eb7t gh\u1ebf \u03a6360mm,tr\u1ee5c \u0111i\u1ec1u ch\u1ec9nh \u0111\u1ed9 cao trong kho\u1ea3ng 440mm- 580mm<\/p>\n<p>&#8211;\u00a0\u00a0\u00a0\u00a0\u00a0\u00a0\u00a0\u00a0 S\u1eed d\u1ee5ng l\u1ef1c \u0111\u1ea9y c\u1ee7a kh\u00ed n\u00e9n khi sinh c\u00f4ng kh\u00f4ng g\u00e2y h\u1ea1i cho m\u00f4i tr\u01b0\u1eddng l\u00e0m vi\u1ec7c.<\/p>\n<p>&#8211;\u00a0\u00a0 \u00a0\u00a0\u00a0\u00a0\u00a0\u00a0Ch\u1ed7 ng\u1ed3i ch\u1ed1ng tr\u01a1n tr\u01b0\u1ee3t, c\u00f3 th\u1ec3 ng\u0103n kh\u00f4ng cho qu\u1ea7n \u00e1o di chuy\u1ec3n<\/p>\n<p>&#8211;\u00a0 \u00a0 \u00a0 \u00a0 \u00a0Gh\u1ebf xoay ch\u1ed1ng t\u0129nh \u0111i\u1ec7n\u00a0ph\u00f9 h\u1ee3p s\u1eed d\u1ee5ng trong m\u00f4i tr\u01b0\u1eddng l\u00e0m vi\u1ec7c kh\u00e1c nhau, \u0111\u1ea1t chu\u1ea9n v\u1ec1 y\u00eau c\u1ea7u ch\u1ed1ng t\u0129nh \u0111i\u1ec7n<\/p>\n<p><img loading=\"lazy\" decoding=\"async\" class=\"aligncenter wp-image-2033 size-full\" src=\"https:\/\/imrovietnam.com\/wp-content\/uploads\/2021\/08\/ghe-esd-1.jpg\" alt=\"Gh\u1ebf ch\u1ed1ng t\u0129nh \u0111i\u1ec7n m\u1eb7t l\u1ed7 ch\u00e2n b\u00e1nh xoay\" width=\"471\" height=\"409\" srcset=\"https:\/\/imrovietnam.com\/wp-content\/uploads\/2021\/08\/ghe-esd-1.jpg 471w, https:\/\/imrovietnam.com\/wp-content\/uploads\/2021\/08\/ghe-esd-1-461x400.jpg 461w\" sizes=\"auto, (max-width: 471px) 100vw, 471px\" \/><\/p>\n<h2><strong>\u01afu \u0111i\u1ec3m c\u1ee7a gh\u00ea xoay ch\u1ed1ng t\u0129nh \u0111i\u1ec7n mang l\u1ea1i<\/strong><\/h2>\n<ul>\n<li>Tr\u1ee5c gh\u1ebf l\u00e0m b\u1eb1ng ch\u1ea5t inox gi\u00fap tu\u1ed5i th\u1ecd s\u1eed d\u1ee5ng c\u1ee7a chi\u1ebfc gh\u00ea \u0111\u01b0\u1ee3c \u0111\u1ea3m b\u1ea3o cao h\u01a1n nh\u1eefng chi\u1ebfc gh\u00ea \u0111\u01b0\u1ee3c l\u00e0m b\u1eb1ng ch\u1ea5t li\u1ec7u kh\u00e1c, ch\u1ea5t li\u1ec7u inox s\u00e1ng b\u00f3ng l\u00e0m t\u0103ng t\u00ednh th\u1ea9m m\u1ef9 cho chi\u1ebfc gh\u1ebf, \u0111i\u1ec1u ch\u1ec9nh \u0111\u1ed9 cao 140mm nh\u1edd v\u00e0o kh\u00ed n\u00e9n<\/li>\n<li>Ch\u00e2n gh\u1ebf \u0111\u01b0\u1ee3c thi\u1ebft k\u1ebf b\u1edfi 5 b\u00e1nh xe l\u0103n gi\u00fap ng\u01b0\u1eddi s\u1eed d\u1ee5ng c\u00f3 th\u1ec3 tho\u1ea3i m\u00e1i di chuy\u1ec3n \u0111\u1ebfn m\u1ed9t v\u1ecb tr\u00ed \u0111ang mong mu\u1ed1n \u0111\u1ec3 \u0111\u1ea1t \u0111\u01b0\u1ee3c s\u1ef1 tho\u1ea3i m\u00e1i v\u00e0 hi\u1ec7u qua c\u00f4ng vi\u1ec7c<\/li>\n<\/ul>\n<p>Qu\u00fd kh\u00e1ch h\u00e0ng \u0111ang th\u1eafc m\u1eafc kh\u00f4ng bi\u1ebft n\u00ean mua h\u00e0ng \u1edf \u0111\u00e2u cho uy t\u00edn<\/p>\n<p>H\u00e3y \u0111\u1ebfn ng\u00e0y v\u1edbi c\u00f4ng ty IMRO b\u1ea1n s\u1ebd \u0111\u01b0\u1ee3c tho\u1ea3i m\u00e1i l\u1ef1a ch\u1ecdn cho m\u00ecnh nh\u01b0ng s\u1ea3n ph\u1ea9m gh\u00ea ch\u1ed1ng t\u0129nh \u0111i\u1ec7n v\u1edbi nhi\u1ec1u m\u1eabu m\u00e3 kh\u00e1c nhau v\u1edbi gi\u00e1 c\u1ea3 c\u1ea1nh tranh h\u1ee3p l\u00fd nh\u1ea5t th\u1ecb tr\u01b0\u1eddng. Ngo\u00e0i ra ch\u00fang t\u00f4i c\u00f2n nh\u1eadn \u0111\u1eb7t l\u00e0m c\u00e1c m\u1eabu gh\u1ebf ch\u1ed1ng t\u0129nh \u0111i\u1ec7n theo y\u00eau c\u1ea7u c\u1ee7a qu\u00fd kh\u00e1ch<\/p>\n<p><em>Ngo\u00e0i ra ch\u00fang t\u00f4i c\u00f2n c\u00f3 r\u1ea5t nhi\u1ec1u s\u1ea3n ph\u1ea9m \u0111\u1ec3 qu\u00fd kh\u00e1ch l\u1ef1a ch\u1ecdn nh\u01b0:\u00a0gh\u1ebf ch\u1ed1ng t\u0129nh \u0111i\u00ean ch\u1eef th\u1eadp ch\u00e2n c\u1ed1 \u0111\u1ecbnh,\u00a0gh\u1ebf ch\u1ed1ng t\u0129nh \u0111i\u1ec7n ch\u1eef th\u1eadp ch\u00e2n xoay\u00a0<\/em>","protected":false},"excerpt":{"rendered":"<p>&#8211; Ch\u1ea5t li\u1ec7u: M\u1ea1 Inox, da PU<\/p>\n<p><a rel=\"nofollow href=\">&#8211; \u0110i\u1ec7n tr\u1edf: 10^6-10^10\u03a9<\/a><\/p>\n<p><a rel=\"nofollow href=\">&#8211; Ph\u00e2n lo\u1ea1i: Ch\u00e2n b\u00e1nh xoay, d\u1ec5 d\u00e0ng di chuy\u1ec3n<\/a><\/p>\n<p><a rel=\"nofollow href=\">&#8211; M\u1eb7t gh\u1ebf h\u00ecnh tr\u00f2n c\u00f3 l\u1ed7 kho\u00e9t, \u0111\u01b0\u1ee3c ph\u1ee7 PU ch\u1ed1ng t\u0129nh \u0111i\u1ec7n, m\u1ec1m d\u1ebbo<\/a><\/p>\n<p><a rel=\"nofollow href=\">&#8211; Thi\u1ebft k\u1ebf: C\u00f3 c\u1ea7n g\u1ea1t thay \u0111\u1ed5i chi\u1ec1u cao<\/a><\/p>\n","protected":false},"featured_media":2033,"comment_status":"open","ping_status":"closed","template":"","meta":[],"product_brand":[],"product_cat":[104],"product_tag":[180,190,179],"class_list":{"0":"post-2032","1":"product","2":"type-product","3":"status-publish","4":"has-post-thumbnail","6":"product_cat-thiet-bi-phong-sach","7":"product_tag-ghe-chong-tinh-dien-mat-lo","8":"product_tag-ghe-chong-tinh-dien-mat-lo-chan-banh-xoay","9":"product_tag-ghe-esd","11":"first","12":"instock","13":"shipping-taxable","14":"product-type-simple"},"yoast_head":"<!-- This site is optimized with the Yoast SEO Premium plugin v25.0 (Yoast SEO v25.2) - https:\/\/yoast.com\/wordpress\/plugins\/seo\/ -->\n<title>Gh\u1ebf ch\u1ed1ng t\u0129nh \u0111i\u1ec7n m\u1eb7t l\u1ed7 ch\u00e2n b\u00e1nh xoay - IMRO Vietnam<\/title>\n<meta name=\"robots\" content=\"index, follow, max-snippet:-1, max-image-preview:large, max-video-preview:-1\" \/>\n<link rel=\"canonical\" href=\"https:\/\/imrovietnam.com\/product\/english-ghe-chong-tinh-dien-mat-lo-chan-banh-xoay\/\" \/>\n<meta property=\"og:locale\" content=\"en_US\" \/>\n<meta property=\"og:type\" content=\"article\" \/>\n<meta property=\"og:title\" content=\"Gh\u1ebf ch\u1ed1ng t\u0129nh \u0111i\u1ec7n m\u1eb7t l\u1ed7 ch\u00e2n b\u00e1nh xoay\" \/>\n<meta property=\"og:description\" content=\"- Ch\u1ea5t li\u1ec7u: M\u1ea1 Inox, da PU  - \u0110i\u1ec7n tr\u1edf: 10^6-10^10\u03a9  - Ph\u00e2n lo\u1ea1i: Ch\u00e2n b\u00e1nh xoay, d\u1ec5 d\u00e0ng di chuy\u1ec3n  - M\u1eb7t gh\u1ebf h\u00ecnh tr\u00f2n c\u00f3 l\u1ed7 kho\u00e9t, \u0111\u01b0\u1ee3c ph\u1ee7 PU ch\u1ed1ng t\u0129nh \u0111i\u1ec7n, m\u1ec1m d\u1ebbo  - Thi\u1ebft k\u1ebf: C\u00f3 c\u1ea7n g\u1ea1t thay \u0111\u1ed5i chi\u1ec1u cao\" \/>\n<meta property=\"og:url\" content=\"https:\/\/imrovietnam.com\/product\/english-ghe-chong-tinh-dien-mat-lo-chan-banh-xoay\/\" \/>\n<meta property=\"og:site_name\" content=\"IMRO Vietnam\" \/>\n<meta property=\"article:modified_time\" content=\"2021-09-07T08:34:03+00:00\" \/>\n<meta property=\"og:image\" content=\"https:\/\/imrovietnam.com\/wp-content\/uploads\/2021\/08\/ghe-esd-1.jpg\" \/>\n\t<meta property=\"og:image:width\" content=\"471\" \/>\n\t<meta property=\"og:image:height\" content=\"409\" \/>\n\t<meta property=\"og:image:type\" content=\"image\/jpeg\" \/>\n<meta name=\"twitter:card\" content=\"summary_large_image\" \/>\n<meta name=\"twitter:label1\" content=\"Est. reading time\" \/>\n\t<meta name=\"twitter:data1\" content=\"7 minutes\" \/>\n<script type=\"application\/ld+json\" class=\"yoast-schema-graph\">{\"@context\":\"https:\/\/schema.org\",\"@graph\":[{\"@type\":\"WebPage\",\"@id\":\"https:\/\/imrovietnam.com\/product\/english-ghe-chong-tinh-dien-mat-lo-chan-banh-xoay\/\",\"url\":\"https:\/\/imrovietnam.com\/product\/english-ghe-chong-tinh-dien-mat-lo-chan-banh-xoay\/\",\"name\":\"Gh\u1ebf ch\u1ed1ng t\u0129nh \u0111i\u1ec7n m\u1eb7t l\u1ed7 ch\u00e2n b\u00e1nh xoay - IMRO Vietnam\",\"isPartOf\":{\"@id\":\"https:\/\/imrovietnam.com\/en\/#website\"},\"primaryImageOfPage\":{\"@id\":\"https:\/\/imrovietnam.com\/product\/english-ghe-chong-tinh-dien-mat-lo-chan-banh-xoay\/#primaryimage\"},\"image\":{\"@id\":\"https:\/\/imrovietnam.com\/product\/english-ghe-chong-tinh-dien-mat-lo-chan-banh-xoay\/#primaryimage\"},\"thumbnailUrl\":\"https:\/\/imrovietnam.com\/wp-content\/uploads\/2021\/08\/ghe-esd-1.jpg\",\"datePublished\":\"2021-08-11T03:30:43+00:00\",\"dateModified\":\"2021-09-07T08:34:03+00:00\",\"breadcrumb\":{\"@id\":\"https:\/\/imrovietnam.com\/product\/english-ghe-chong-tinh-dien-mat-lo-chan-banh-xoay\/#breadcrumb\"},\"inLanguage\":\"en-US\",\"potentialAction\":[{\"@type\":\"ReadAction\",\"target\":[\"https:\/\/imrovietnam.com\/product\/english-ghe-chong-tinh-dien-mat-lo-chan-banh-xoay\/\"]}]},{\"@type\":\"ImageObject\",\"inLanguage\":\"en-US\",\"@id\":\"https:\/\/imrovietnam.com\/product\/english-ghe-chong-tinh-dien-mat-lo-chan-banh-xoay\/#primaryimage\",\"url\":\"https:\/\/imrovietnam.com\/wp-content\/uploads\/2021\/08\/ghe-esd-1.jpg\",\"contentUrl\":\"https:\/\/imrovietnam.com\/wp-content\/uploads\/2021\/08\/ghe-esd-1.jpg\",\"width\":471,\"height\":409},{\"@type\":\"BreadcrumbList\",\"@id\":\"https:\/\/imrovietnam.com\/product\/english-ghe-chong-tinh-dien-mat-lo-chan-banh-xoay\/#breadcrumb\",\"itemListElement\":[{\"@type\":\"ListItem\",\"position\":1,\"name\":\"Home\",\"item\":\"https:\/\/imrovietnam.com\/en\/\"},{\"@type\":\"ListItem\",\"position\":2,\"name\":\"S\u1ea3n ph\u1ea9m\",\"item\":\"https:\/\/imrovietnam.com\/shop\/\"},{\"@type\":\"ListItem\",\"position\":3,\"name\":\"Gh\u1ebf ch\u1ed1ng t\u0129nh \u0111i\u1ec7n m\u1eb7t l\u1ed7 ch\u00e2n b\u00e1nh xoay\"}]},{\"@type\":\"WebSite\",\"@id\":\"https:\/\/imrovietnam.com\/en\/#website\",\"url\":\"https:\/\/imrovietnam.com\/en\/\",\"name\":\"IMRO Vietnam\",\"description\":\"Your consumables and spare parts store\",\"potentialAction\":[{\"@type\":\"SearchAction\",\"target\":{\"@type\":\"EntryPoint\",\"urlTemplate\":\"https:\/\/imrovietnam.com\/en\/?s={search_term_string}\"},\"query-input\":{\"@type\":\"PropertyValueSpecification\",\"valueRequired\":true,\"valueName\":\"search_term_string\"}}],\"inLanguage\":\"en-US\"}]}<\/script>\n<!-- \/ Yoast SEO Premium plugin. -->","yoast_head_json":{"title":"Gh\u1ebf ch\u1ed1ng t\u0129nh \u0111i\u1ec7n m\u1eb7t l\u1ed7 ch\u00e2n b\u00e1nh xoay - IMRO Vietnam","robots":{"index":"index","follow":"follow","max-snippet":"max-snippet:-1","max-image-preview":"max-image-preview:large","max-video-preview":"max-video-preview:-1"},"canonical":"https:\/\/imrovietnam.com\/product\/english-ghe-chong-tinh-dien-mat-lo-chan-banh-xoay\/","og_locale":"en_US","og_type":"article","og_title":"Gh\u1ebf ch\u1ed1ng t\u0129nh \u0111i\u1ec7n m\u1eb7t l\u1ed7 ch\u00e2n b\u00e1nh xoay","og_description":"- Ch\u1ea5t li\u1ec7u: M\u1ea1 Inox, da PU  - \u0110i\u1ec7n tr\u1edf: 10^6-10^10\u03a9  - Ph\u00e2n lo\u1ea1i: Ch\u00e2n b\u00e1nh xoay, d\u1ec5 d\u00e0ng di chuy\u1ec3n  - M\u1eb7t gh\u1ebf h\u00ecnh tr\u00f2n c\u00f3 l\u1ed7 kho\u00e9t, \u0111\u01b0\u1ee3c ph\u1ee7 PU ch\u1ed1ng t\u0129nh \u0111i\u1ec7n, m\u1ec1m d\u1ebbo  - Thi\u1ebft k\u1ebf: C\u00f3 c\u1ea7n g\u1ea1t thay \u0111\u1ed5i chi\u1ec1u cao","og_url":"https:\/\/imrovietnam.com\/product\/english-ghe-chong-tinh-dien-mat-lo-chan-banh-xoay\/","og_site_name":"IMRO Vietnam","article_modified_time":"2021-09-07T08:34:03+00:00","og_image":[{"width":471,"height":409,"url":"https:\/\/imrovietnam.com\/wp-content\/uploads\/2021\/08\/ghe-esd-1.jpg","type":"image\/jpeg"}],"twitter_card":"summary_large_image","twitter_misc":{"Est. reading time":"7 minutes"},"schema":{"@context":"https:\/\/schema.org","@graph":[{"@type":"WebPage","@id":"https:\/\/imrovietnam.com\/product\/english-ghe-chong-tinh-dien-mat-lo-chan-banh-xoay\/","url":"https:\/\/imrovietnam.com\/product\/english-ghe-chong-tinh-dien-mat-lo-chan-banh-xoay\/","name":"Gh\u1ebf ch\u1ed1ng t\u0129nh \u0111i\u1ec7n m\u1eb7t l\u1ed7 ch\u00e2n b\u00e1nh xoay - IMRO Vietnam","isPartOf":{"@id":"https:\/\/imrovietnam.com\/en\/#website"},"primaryImageOfPage":{"@id":"https:\/\/imrovietnam.com\/product\/english-ghe-chong-tinh-dien-mat-lo-chan-banh-xoay\/#primaryimage"},"image":{"@id":"https:\/\/imrovietnam.com\/product\/english-ghe-chong-tinh-dien-mat-lo-chan-banh-xoay\/#primaryimage"},"thumbnailUrl":"https:\/\/imrovietnam.com\/wp-content\/uploads\/2021\/08\/ghe-esd-1.jpg","datePublished":"2021-08-11T03:30:43+00:00","dateModified":"2021-09-07T08:34:03+00:00","breadcrumb":{"@id":"https:\/\/imrovietnam.com\/product\/english-ghe-chong-tinh-dien-mat-lo-chan-banh-xoay\/#breadcrumb"},"inLanguage":"en-US","potentialAction":[{"@type":"ReadAction","target":["https:\/\/imrovietnam.com\/product\/english-ghe-chong-tinh-dien-mat-lo-chan-banh-xoay\/"]}]},{"@type":"ImageObject","inLanguage":"en-US","@id":"https:\/\/imrovietnam.com\/product\/english-ghe-chong-tinh-dien-mat-lo-chan-banh-xoay\/#primaryimage","url":"https:\/\/imrovietnam.com\/wp-content\/uploads\/2021\/08\/ghe-esd-1.jpg","contentUrl":"https:\/\/imrovietnam.com\/wp-content\/uploads\/2021\/08\/ghe-esd-1.jpg","width":471,"height":409},{"@type":"BreadcrumbList","@id":"https:\/\/imrovietnam.com\/product\/english-ghe-chong-tinh-dien-mat-lo-chan-banh-xoay\/#breadcrumb","itemListElement":[{"@type":"ListItem","position":1,"name":"Home","item":"https:\/\/imrovietnam.com\/en\/"},{"@type":"ListItem","position":2,"name":"S\u1ea3n ph\u1ea9m","item":"https:\/\/imrovietnam.com\/shop\/"},{"@type":"ListItem","position":3,"name":"Gh\u1ebf ch\u1ed1ng t\u0129nh \u0111i\u1ec7n m\u1eb7t l\u1ed7 ch\u00e2n b\u00e1nh xoay"}]},{"@type":"WebSite","@id":"https:\/\/imrovietnam.com\/en\/#website","url":"https:\/\/imrovietnam.com\/en\/","name":"IMRO Vietnam","description":"Your consumables and spare parts store","potentialAction":[{"@type":"SearchAction","target":{"@type":"EntryPoint","urlTemplate":"https:\/\/imrovietnam.com\/en\/?s={search_term_string}"},"query-input":{"@type":"PropertyValueSpecification","valueRequired":true,"valueName":"search_term_string"}}],"inLanguage":"en-US"}]}},"_links":{"self":[{"href":"https:\/\/imrovietnam.com\/en\/wp-json\/wp\/v2\/product\/2032","targetHints":{"allow":["GET"]}}],"collection":[{"href":"https:\/\/imrovietnam.com\/en\/wp-json\/wp\/v2\/product"}],"about":[{"href":"https:\/\/imrovietnam.com\/en\/wp-json\/wp\/v2\/types\/product"}],"replies":[{"embeddable":true,"href":"https:\/\/imrovietnam.com\/en\/wp-json\/wp\/v2\/comments?post=2032"}],"wp:featuredmedia":[{"embeddable":true,"href":"https:\/\/imrovietnam.com\/en\/wp-json\/wp\/v2\/media\/2033"}],"wp:attachment":[{"href":"https:\/\/imrovietnam.com\/en\/wp-json\/wp\/v2\/media?parent=2032"}],"wp:term":[{"taxonomy":"product_brand","embeddable":true,"href":"https:\/\/imrovietnam.com\/en\/wp-json\/wp\/v2\/product_brand?post=2032"},{"taxonomy":"product_cat","embeddable":true,"href":"https:\/\/imrovietnam.com\/en\/wp-json\/wp\/v2\/product_cat?post=2032"},{"taxonomy":"product_tag","embeddable":true,"href":"https:\/\/imrovietnam.com\/en\/wp-json\/wp\/v2\/product_tag?post=2032"}],"curies":[{"name":"wp","href":"https:\/\/api.w.org\/{rel}","templated":true}]}}